{"id":3606,"date":"2013-10-24T13:39:36","date_gmt":"2013-10-24T11:39:36","guid":{"rendered":"https:\/\/konferenztechnik.de\/?page_id=3606"},"modified":"2023-07-05T15:09:07","modified_gmt":"2023-07-05T13:09:07","slug":"cursos-de-formacao-e-servicos-para-interpretes","status":"publish","type":"page","link":"https:\/\/konferenztechnik.de\/pt\/cursos-de-formacao-e-servicos-para-interpretes\/","title":{"rendered":"Forma\u00e7\u00e3o e servi\u00e7os para int\u00e9rpretes"},"content":{"rendered":"<h1>Forma\u00e7\u00e3o e servi\u00e7os para int\u00e9rpretes<\/h1>\n<p>A PCS oferece forma\u00e7\u00e3o a t\u00e9cnicos, int\u00e9rpretes, oradores, gestores, pessoal de teatro e de hotelaria.<\/p>\n<p>Organizamos sess\u00f5es de forma\u00e7\u00e3o individuais e em grupo nas nossas instala\u00e7\u00f5es e nas suas instala\u00e7\u00f5es. A utiliza\u00e7\u00e3o confiante e segura da tecnologia de confer\u00eancia \u00e9 um fator de sucesso decisivo para a sua apresenta\u00e7\u00e3o.<\/p>\n<p>\u00c9 int\u00e9rprete e est\u00e1 a planear um trabalho t\u00e9cnico ou um evento? Precisa de planos ou tem d\u00favidas sobre o regulamento relativo aos locais de reuni\u00e3o? Entre em contacto com o nosso servi\u00e7o de forma\u00e7\u00e3o, onde encontrar\u00e1 sempre um ouvido compreensivo.<\/p>\n<p><img decoding=\"async\" src=\"https:\/\/konferenztechnik.de\/wp-content\/uploads\/2016\/10\/sprecherkabine-masse.jpg\" alt=\"forma\u00e7\u00e3o-n\" title=\"\"><\/p>\n<p><img decoding=\"async\" src=\"https:\/\/konferenztechnik.de\/wp-content\/uploads\/2016\/10\/dolmetscherschulung-1.jpg\" alt=\"\" title=\"\"><\/p>\n<p>A PCS atribui grande import\u00e2ncia \u00e0 forma\u00e7\u00e3o e ao aperfei\u00e7oamento profissional e desenvolveu uma cultura de forma\u00e7\u00e3o agrad\u00e1vel e eficaz.<\/p>\n<div class=\"boxcontainer\">\n<div class=\"boxcontainer\">\n<div class=\"box1-2\">\n<h1>Pessoa de contacto<\/h1>\n<\/div>\n<div class=\"box1-2-order\">\n<h1>Outras liga\u00e7\u00f5es<\/h1>\n<\/div>\n<div class=\"box1-4\">\n<div class=\"box-head\">D\u00fcsseldorf<\/div>\n<p><img fetchpriority=\"high\" decoding=\"async\" width=\"800\" height=\"533\" class=\"alignleft size-full wp-image-2317\" src=\"https:\/\/konferenztechnik.de\/wp-content\/uploads\/2013\/09\/thorsten_geissler_pcs-gmbh.jpg\" alt=\"Thorsten Gei\u00dfler\" title=\"\" srcset=\"https:\/\/konferenztechnik.de\/wp-content\/uploads\/2013\/09\/thorsten_geissler_pcs-gmbh.jpg 800w, https:\/\/konferenztechnik.de\/wp-content\/uploads\/2013\/09\/thorsten_geissler_pcs-gmbh-300x200.jpg 300w, https:\/\/konferenztechnik.de\/wp-content\/uploads\/2013\/09\/thorsten_geissler_pcs-gmbh-768x512.jpg 768w\" sizes=\"(max-width: 800px) 100vw, 800px\" \/><br \/>\nThorsten Gei\u00dfler<br \/>\nGest\u00e3o<br \/>\nTelefone +49 211 737798 0<br \/>\ncorreio eletr\u00f3nico <a href=\"mailto:geissler@konferenztechnik.de\">escrever<\/a><\/p>\n<p>C\u00f3digo QR <a title=\"C\u00f3digo QR Thorsten Gei\u00dfler\" href=\"https:\/\/konferenztechnik.de\/wp-content\/uploads\/2013\/09\/thorsten_geissler_qrcode.png\">Mostrar \u203a<\/a><\/p>\n<\/div>\n<div class=\"box1-4\">\n<div class=\"box-head\">Berlim<\/div>\n<p><img decoding=\"async\" width=\"800\" height=\"533\" class=\"alignleft size-full wp-image-2301\" src=\"https:\/\/konferenztechnik.de\/wp-content\/uploads\/2013\/09\/gunnar_hermenau_pcs-gmbh.jpg\" alt=\"gunnar_hermenau_pcs-gmbh\" title=\"\" srcset=\"https:\/\/konferenztechnik.de\/wp-content\/uploads\/2013\/09\/gunnar_hermenau_pcs-gmbh.jpg 800w, https:\/\/konferenztechnik.de\/wp-content\/uploads\/2013\/09\/gunnar_hermenau_pcs-gmbh-300x200.jpg 300w, https:\/\/konferenztechnik.de\/wp-content\/uploads\/2013\/09\/gunnar_hermenau_pcs-gmbh-768x512.jpg 768w\" sizes=\"(max-width: 800px) 100vw, 800px\" \/><br \/>\nGunnar Hermenau<br \/>\nGest\u00e3o<br \/>\nTelefone +49 30 6959690 0<br \/>\ncorreio eletr\u00f3nico <a href=\"mailto:hermenau@konferenztechnik.de\">escrever<\/a><\/p>\n<p>C\u00f3digo QR <a title=\"C\u00f3digo QR Gunnar Hermenau\" href=\"https:\/\/konferenztechnik.de\/wp-content\/uploads\/2013\/09\/gunnar_hermenau_qrcode.png\">Mostrar \u203a<\/a><\/p>\n<\/div>\n<div class=\"box2-4-2\" style=\"order: 1;\">\n<div class=\"weiterlinks\"><a title=\"10 boas raz\u00f5es para o PCS\" href=\"\/pt\/sobre-nos\/10-boas-razoes-para-os-pcs\/\">10 boas raz\u00f5es para o PCS<\/a><br \/>\n<a title=\"10 boas raz\u00f5es para o PCS\" href=\"\/pt\/sobre-nos\/\">Sobre n\u00f3s<\/a><br \/>\n<a title=\"Distribui\u00e7\u00e3o por grupo de produtos\" href=\"\/pt\/grupos-de-produtos\/\">Distribui\u00e7\u00e3o por grupo de produtos<\/a><br \/>\n<a title=\"Distribui\u00e7\u00e3o por fabricante\" href=\"\/pt\/fabricante\/\">Distribui\u00e7\u00e3o por fabricante<\/a><br \/>\n<a title=\"Produtos personalizados, manuten\u00e7\u00e3o e repara\u00e7\u00e3o\" href=\"\/pt\/servicos-2\/manutencao-e-reparacao\/\">Produtos personalizados, manuten\u00e7\u00e3o e repara\u00e7\u00e3o<\/a><\/p>\n<p><a title=\"Refer\u00eancias\" href=\"\/pt\/sobre-nos\/lista-de-referencias-instalacao\/\">Refer\u00eancias Instala\u00e7\u00e3o e integra\u00e7\u00e3o<\/a><br \/>\n<a title=\"PCS: Todos os servi\u00e7os em resumo\" href=\"\/pt\/servicos-2\/\">PCS: Todos os servi\u00e7os em resumo<\/a><\/p>\n<\/div>\n<\/div>\n<\/div>\n<\/div>","protected":false},"excerpt":{"rendered":"<p>Schulungen und Service f\u00fcr Dolmetscherinnen und Dolmetscher PCS bietet Schulungen f\u00fcr Techniker, Dolmetscherinnen und Dolmetscher, f\u00fcr Redner, Manager, Personal aus Theatern und Hotellerie. Wir f\u00fchren Gruppen- und Einzeltrainings an unseren Standorten und bei Ihnen vor Ort durch. Der sichere und selbstbewusste Umgang mit Konferenztechnik ist ein entscheidender Erfolgsfaktor f\u00fcr Ihren Auftritt. Planen Sie als Dolmetscherin [&hellip;]<\/p>","protected":false},"author":1,"featured_media":45482,"parent":0,"menu_order":116,"comment_status":"closed","ping_status":"open","template":"","meta":{"_acf_changed":false,"footnotes":""},"class_list":["post-3606","page","type-page","status-publish","has-post-thumbnail","hentry"],"acf":[],"_links":{"self":[{"href":"https:\/\/konferenztechnik.de\/pt\/wp-json\/wp\/v2\/pages\/3606","targetHints":{"allow":["GET"]}}],"collection":[{"href":"https:\/\/konferenztechnik.de\/pt\/wp-json\/wp\/v2\/pages"}],"about":[{"href":"https:\/\/konferenztechnik.de\/pt\/wp-json\/wp\/v2\/types\/page"}],"author":[{"embeddable":true,"href":"https:\/\/konferenztechnik.de\/pt\/wp-json\/wp\/v2\/users\/1"}],"replies":[{"embeddable":true,"href":"https:\/\/konferenztechnik.de\/pt\/wp-json\/wp\/v2\/comments?post=3606"}],"version-history":[{"count":0,"href":"https:\/\/konferenztechnik.de\/pt\/wp-json\/wp\/v2\/pages\/3606\/revisions"}],"wp:featuredmedia":[{"embeddable":true,"href":"https:\/\/konferenztechnik.de\/pt\/wp-json\/wp\/v2\/media\/45482"}],"wp:attachment":[{"href":"https:\/\/konferenztechnik.de\/pt\/wp-json\/wp\/v2\/media?parent=3606"}],"curies":[{"name":"wp","href":"https:\/\/api.w.org\/{rel}","templated":true}]}}