{"id":3611,"date":"2013-10-24T14:19:31","date_gmt":"2013-10-24T12:19:31","guid":{"rendered":"https:\/\/konferenztechnik.de\/?page_id=3611"},"modified":"2023-09-01T14:06:28","modified_gmt":"2023-09-01T12:06:28","slug":"produtos-personalizados-manutencao-e-reparacao","status":"publish","type":"page","link":"https:\/\/konferenztechnik.de\/pt\/produtos-personalizados-manutencao-e-reparacao\/","title":{"rendered":"Produtos personalizados, manuten\u00e7\u00e3o e repara\u00e7\u00e3o"},"content":{"rendered":"<h1>Produtos personalizados, manuten\u00e7\u00e3o e repara\u00e7\u00e3o<\/h1>\n<p>[rev_slider produtos personalizados].<br \/>\n[spacer size=\"20\u2033]<\/p>\n<p>O nosso pessoal qualificado e a nossa oficina bem equipada est\u00e3o \u00e0 sua disposi\u00e7\u00e3o para assist\u00eancia p\u00f3s-venda, manuten\u00e7\u00e3o e repara\u00e7\u00f5es.<\/p>\n<p>Tamb\u00e9m criamos solu\u00e7\u00f5es personalizadas para instala\u00e7\u00f5es e vendas. Oferecemos solu\u00e7\u00f5es multim\u00e9dia personalizadas e de alta qualidade, adaptadas \u00e0s suas ideias, especifica\u00e7\u00f5es visuais e directrizes de design corporativo, planeadas pelos nossos engenheiros e implementadas com per\u00edcia.<\/p>\n<p><img decoding=\"async\" src=\"https:\/\/konferenztechnik.de\/wp-content\/uploads\/2016\/10\/sonderanfertigungen-medientechnik.jpg\" alt=\"tecnologia multim\u00e9dia personalizada\" class=\"alignnone size-full wp-image-8476\" title=\"\"><\/p>\n<p><img decoding=\"async\" src=\"https:\/\/konferenztechnik.de\/wp-content\/uploads\/2016\/10\/medientechnik-sonderanfertigung.jpg\" alt=\"tecnologia multim\u00e9dia personalizada\" class=\"alignnone size-full wp-image-8477\" title=\"\"><\/p>\n<p>[callout add_button=\"no\" button_text=\"Learn More\" button_url=\"#\" button_color=\"#a62055\u2033]<br \/>\nPrecisa de uma anilha para o seu sistema de confer\u00eancia de 1950 ou de um microfone na cor da sua empresa? Fale com o nosso departamento de personaliza\u00e7\u00e3o e repara\u00e7\u00e3o. Mesmo os pedidos mais invulgares s\u00e3o a nossa atividade di\u00e1ria.<br \/>\n<img decoding=\"async\" src=\"\/wp-content\/uploads\/2016\/08\/retro-technik.jpg\" alt=\"retro-tecnologia\" class=\"alignnone size-full wp-image-7183\" title=\"\"><\/p>\n<p>[\/callout].<\/p>\n<div class=\"boxcontainer\">\n<div class=\"box1-2\">\n<h1>Pessoa de contacto<\/h1>\n<\/div>\n<div class=\"box1-2-order\">\n<h1>Outras liga\u00e7\u00f5es<\/h1>\n<\/div>\n<div class=\"box1-4\">\n<div class=\"box-head\">Servi\u00e7o e manuten\u00e7\u00e3o<\/div>\n<p><img decoding=\"async\" src=\"https:\/\/konferenztechnik.de\/wp-content\/uploads\/2018\/02\/rolandbaur.jpg\" alt=\"Roland Bauer - PCS GmbH\" class=\"alignleft size-full wp-image-12900\" title=\"\"><br \/>\nRoland Baur<br \/>\nConsultor de projectos<br \/>\nTelefone +49 211 737798 20<br \/>\n<span class=\"volleansicht\">correio eletr\u00f3nico <a href=\"mailto:vertrieb@konferenztechnik.de\" onclick=\"ga('send', 'event', 'Email-Klick', 'Kontakt Baur');\">escrever<\/a><br \/>\n<\/span><br \/>\n<span class=\"mobileansicht\">correio eletr\u00f3nico <a href=\"mailto:vertrieb@konferenztechnik.de\" onclick=\"ga('send', 'event', 'Email-Klick', 'Kontakt Baur');\">escrever<\/a><br \/>\n<\/span><\/div>\n<div class=\"box2-4-2\" style=\"order:1;\" >\n<div class=\"weiterlinks\">\n<ul>\n[list icon=\"moon-arrow-right-2\u2033 colour=\"#a62055\u2033]<a title=\"Distribui\u00e7\u00e3o por grupo de produtos\" href=\"\/pt\/grupos-de-produtos\/\">Distribui\u00e7\u00e3o por grupo de produtos<\/a>[\/lista]<br \/>\n[list icon=\"moon-arrow-right-2\u2033 colour=\"#a62055\u2033]<a title=\"Distribui\u00e7\u00e3o por fabricante\" href=\"\/pt\/fabricante\/\">Distribui\u00e7\u00e3o por fabricante<\/a>[\/lista]<br \/>\n[list icon=\"moon-arrow-right-2\u2033 colour=\"#a62055\u2033]<a title=\"Produtos personalizados, manuten\u00e7\u00e3o e repara\u00e7\u00e3o\" href=\"\/pt\/servicos-2\/manutencao-e-reparacao\/\">Produtos personalizados, manuten\u00e7\u00e3o e repara\u00e7\u00e3o<\/a>[\/lista]<br \/>\n[list icon=\"moon-arrow-right-2\u2033 colour=\"#a62055\u2033]<a title=\"10 boas raz\u00f5es para o PCS\" href=\"\/pt\/sobre-nos\/10-boas-razoes-para-os-pcs\/\">10 boas raz\u00f5es para o PCS<\/a>[\/lista]<br \/>\n[list icon=\"moon-arrow-right-2\u2033 colour=\"#a62055\u2033]<a title=\"Refer\u00eancias\" href=\"\/pt\/sobre-nos\/lista-de-referencias-instalacao\/\">Refer\u00eancias Instala\u00e7\u00e3o e integra\u00e7\u00e3o<\/a>[\/lista]<br \/>\n[list icon=\"moon-arrow-right-2\u2033 colour=\"#a62055\u2033]<a title=\"PCS: Todos os servi\u00e7os em resumo\" href=\"\/pt\/servicos-2\/\">PCS: Todos os servi\u00e7os em resumo<\/a>[\/lista]<\/ul>\n<\/div>\n<\/div>\n<\/div>\n<\/div>","protected":false},"excerpt":{"rendered":"<p>Produtos personalizados, manuten\u00e7\u00e3o e repara\u00e7\u00f5es [rev_slider sonderanfertigungen] [spacer size=\"20\u2033] O nosso pessoal formado e a nossa oficina bem equipada est\u00e3o \u00e0 sua disposi\u00e7\u00e3o para manuten\u00e7\u00e3o e repara\u00e7\u00f5es no apoio p\u00f3s-venda. \u00c9 tamb\u00e9m aqui que s\u00e3o criadas solu\u00e7\u00f5es personalizadas para instala\u00e7\u00f5es e vendas. Oferecemos solu\u00e7\u00f5es multim\u00e9dia personalizadas e de alta qualidade, adaptadas \u00e0s suas ideias, especifica\u00e7\u00f5es visuais e diretrizes de design empresarial, planeadas pelos nossos engenheiros e implementadas com per\u00edcia. [...]<\/p>","protected":false},"author":1,"featured_media":45482,"parent":0,"menu_order":114,"comment_status":"closed","ping_status":"open","template":"","meta":{"_acf_changed":false,"footnotes":""},"class_list":["post-3611","page","type-page","status-publish","has-post-thumbnail","hentry"],"acf":[],"_links":{"self":[{"href":"https:\/\/konferenztechnik.de\/pt\/wp-json\/wp\/v2\/pages\/3611","targetHints":{"allow":["GET"]}}],"collection":[{"href":"https:\/\/konferenztechnik.de\/pt\/wp-json\/wp\/v2\/pages"}],"about":[{"href":"https:\/\/konferenztechnik.de\/pt\/wp-json\/wp\/v2\/types\/page"}],"author":[{"embeddable":true,"href":"https:\/\/konferenztechnik.de\/pt\/wp-json\/wp\/v2\/users\/1"}],"replies":[{"embeddable":true,"href":"https:\/\/konferenztechnik.de\/pt\/wp-json\/wp\/v2\/comments?post=3611"}],"version-history":[{"count":0,"href":"https:\/\/konferenztechnik.de\/pt\/wp-json\/wp\/v2\/pages\/3611\/revisions"}],"wp:featuredmedia":[{"embeddable":true,"href":"https:\/\/konferenztechnik.de\/pt\/wp-json\/wp\/v2\/media\/45482"}],"wp:attachment":[{"href":"https:\/\/konferenztechnik.de\/pt\/wp-json\/wp\/v2\/media?parent=3611"}],"curies":[{"name":"wp","href":"https:\/\/api.w.org\/{rel}","templated":true}]}}