{"id":3614,"date":"2013-10-24T14:38:24","date_gmt":"2013-10-24T12:38:24","guid":{"rendered":"https:\/\/konferenztechnik.de\/?page_id=3614"},"modified":"2023-09-01T13:24:14","modified_gmt":"2023-09-01T11:24:14","slug":"distribuicao-de-tecnologia-de-conferencia-e-de-meios-de-comunicacao-av","status":"publish","type":"page","link":"https:\/\/konferenztechnik.de\/pt\/distribuicao-de-tecnologia-de-conferencia-e-de-meios-de-comunicacao-av\/","title":{"rendered":"Distribui\u00e7\u00e3o de tecnologia de confer\u00eancia e de meios audiovisuais"},"content":{"rendered":"<h1>Distribui\u00e7\u00e3o de tecnologia de confer\u00eancia e de meios audiovisuais<\/h1>\n<p>[rev_slider sales]<\/p>\n<p>[spacer size=\"30\u2033]<\/p>\n<p>Est\u00e1 \u00e0 procura de sistemas de confer\u00eancia e multim\u00e9dia ou necessita de tecnologia de \u00e1udio ou v\u00eddeo? Somos um parceiro de vendas de fabricantes profissionais de renome nestas \u00e1reas. Pode comprar-nos pequenos e grandes sistemas de tecnologia AV, bem como componentes individuais, pe\u00e7as sobresselentes e acess\u00f3rios.<\/p>\n<p>A PCS vende tecnologia profissional para uso comercial em condi\u00e7\u00f5es actualizadas diariamente, incluindo aconselhamento e servi\u00e7o p\u00f3s-venda. Aconselhamos<\/p>\n<p>[column size=\"1-3\u2033 last=\"1\u2033]<br \/>\n[\/coluna]<\/p>\n<p>[spacer size=\"10\u2033]<\/p>\n<p>[column size=\"1-2\u2033 last=\"0\u2033]<br \/>\n<a href=\"\/pt\/distribuicao-de-tecnologia-de-conferencia-e-de-meios-de-comunicacao-av\/vanerum-i3\/\"><img fetchpriority=\"high\" decoding=\"async\" width=\"288\" height=\"198\" class=\"alignleft size-full wp-image-3748\" src=\"https:\/\/konferenztechnik.de\/wp-content\/uploads\/2013\/11\/01-i3.jpg\" alt=\"Quadro interativo Vanerum i3\" title=\"\"><\/a><br \/>\n<a href=\"\/pt\/distribuicao-de-tecnologia-de-conferencia-e-de-meios-de-comunicacao-av\/vanerum-i3\/\"> Aprendizagem, apresenta\u00e7\u00e3o e colabora\u00e7\u00e3o inteligentes<\/a><br \/>\nQuadros interactivos, ecr\u00e3s interactivos e projectores<\/p>\n<p>[\/coluna]<\/p>\n<p>[column size=\"1-2\u2033 last=\"0\u2033]<br \/>\n<a href=\"\/pt\/distribuicao-de-tecnologia-de-conferencia-e-de-meios-de-comunicacao-av\/barco-clickshare\/\"><img decoding=\"async\" width=\"288\" height=\"198\" class=\"alignnone size-full wp-image-3851\" src=\"https:\/\/konferenztechnik.de\/wp-content\/uploads\/2013\/11\/barco_clickshare_bei-pcs.jpg\" alt=\"barco_clickshare_por-pcs\" title=\"\"><\/a><br \/>\n<a href=\"\/pt\/distribuicao-de-tecnologia-de-conferencia-e-de-meios-de-comunicacao-av\/barco-clickshare\/\"> Apresenta\u00e7\u00e3o sem fios: BarcoClickShare<\/a><br \/>\nUm clique e est\u00e1 no ecr\u00e3. O Barco ClickShare cuida de toda a tecnologia.<br \/>\n[\/coluna]<\/p>\n<p>[column size=\"1-3\u2033 last=\"1\u2033]<br \/>\n<a href=\"\/pt\/distribuicao-de-tecnologia-de-conferencia-e-de-meios-de-comunicacao-av\/controlos-dos-meios-de-comunicacao\/\"><img decoding=\"async\" width=\"288\" height=\"198\" class=\"alignleft size-full wp-image-3750\" src=\"https:\/\/konferenztechnik.de\/wp-content\/uploads\/2013\/11\/03-mediensteuerungen.jpg\" alt=\"Controlos de multim\u00e9dia na PCS - Crestron, AMX, RTI\" title=\"\"><\/a><br \/>\n<a href=\"\/pt\/distribuicao-de-tecnologia-de-conferencia-e-de-meios-de-comunicacao-av\/controlos-dos-meios-de-comunicacao\/\"> Controlos dos meios de comunica\u00e7\u00e3o social<\/a><br \/>\nControlo de salas e edif\u00edcios: controlo de v\u00eddeo, \u00e1udio, ilumina\u00e7\u00e3o e tecnologia de edif\u00edcios<br \/>\n[\/coluna]<\/p>\n<p>[column size=\"1-2\u2033 last=\"0\u2033]<br \/>\n<a href=\"\/pt\/distribuicao-de-tecnologia-de-conferencia-e-de-meios-de-comunicacao-av\/instalacoes-de-debate-3\/\"><img loading=\"lazy\" decoding=\"async\" class=\"alignnone size-full wp-image-1287\" src=\"https:\/\/konferenztechnik.de\/wp-content\/uploads\/2013\/06\/quinta.jpg\" alt=\"quinta\" width=\"288\" height=\"198\" title=\"\"><\/a><br \/>\n<a href=\"\/pt\/distribuicao-de-tecnologia-de-conferencia-e-de-meios-de-comunicacao-av\/instalacoes-de-debate-3\/\"> Instala\u00e7\u00f5es para debate<\/a><br \/>\nComprar sistemas profissionais: com e sem fios e com uma qualidade de \u00e1udio excecional<br \/>\n[\/coluna]<\/p>\n<p>[column size=\"1-2\u2033 last=\"0\u2033]<br \/>\n<a href=\"\/pt\/distribuicao-de-tecnologia-de-conferencia-e-de-meios-de-comunicacao-av\/sistemas-de-orientacao\/\"><img loading=\"lazy\" decoding=\"async\" class=\"alignnone size-full wp-image-3357\" src=\"https:\/\/konferenztechnik.de\/wp-content\/uploads\/2013\/06\/sennheiser.jpg\" alt=\"sennheiser\" width=\"288\" height=\"198\" title=\"\"><\/a><br \/>\n<a href=\"\/pt\/distribuicao-de-tecnologia-de-conferencia-e-de-meios-de-comunicacao-av\/sistemas-de-orientacao\/\"> Sistemas de guia<\/a><br \/>\nRobusto, excelente qualidade de som, novas baterias de i\u00f5es de l\u00edtio com longa dura\u00e7\u00e3o<br \/>\n[\/coluna]<\/p>\n<p>[column size=\"1-3\u2033 last=\"1\u2033]<br \/>\n<a href=\"\/pt\/distribuicao-de-tecnologia-de-conferencia-e-de-meios-de-comunicacao-av\/sistemas-de-interpretacao\/\"><img loading=\"lazy\" decoding=\"async\" class=\"alignnone size-full wp-image-1287\" src=\"https:\/\/konferenztechnik.de\/wp-content\/uploads\/2013\/06\/dolmetscherkabine.jpg\" alt=\"cabina de interpreta\u00e7\u00e3o\" width=\"288\" height=\"198\" title=\"\"><\/a><br \/>\n<a href=\"\/pt\/distribuicao-de-tecnologia-de-conferencia-e-de-meios-de-comunicacao-av\/sistemas-de-interpretacao\/\"> Sistemas de interpreta\u00e7\u00e3o<\/a><br \/>\nCabinas para oradores e int\u00e9rpretes, mesas para int\u00e9rpretes, tecnologia de interpreta\u00e7\u00e3o por infravermelhos, tecnologia de interpreta\u00e7\u00e3o por r\u00e1dio<\/p>\n<p>[\/coluna]<\/p>\n<p>[column size=\"1-2\u2033 last=\"0\u2033]<br \/>\n<a href=\"\/pt\/distribuicao-de-tecnologia-de-conferencia-e-de-meios-de-comunicacao-av\/suportes-para-ecras-e-projectores-2\/\"><img loading=\"lazy\" decoding=\"async\" class=\"alignleft size-full wp-image-3751\" src=\"https:\/\/konferenztechnik.de\/wp-content\/uploads\/2013\/11\/07-projektorenhalterungen.jpg\" alt=\"Suportes para projectores e projectores de luz\" width=\"288\" height=\"198\" title=\"\"><\/a><br \/>\n<a href=\"\/pt\/distribuicao-de-tecnologia-de-conferencia-e-de-meios-de-comunicacao-av\/suportes-para-ecras-e-projectores-2\/\"> Suportes para ecr\u00e3s e projectores<\/a><\/p>\n<p>Suportes para tectos, suportes para ecr\u00e3s, sistemas de instala\u00e7\u00e3o para projectores e ecr\u00e3s, montagem de projectores, isolamento ac\u00fastico e caixas<br \/>\n[\/coluna]<\/p>\n<p>[column size=\"1-2\u2033 last=\"0\u2033]<br \/>\n<a href=\"\/pt\/distribuicao-de-tecnologia-de-conferencia-e-de-meios-de-comunicacao-av\/tecnologia-audio-e-video-2\/\"><img loading=\"lazy\" decoding=\"async\" class=\"alignleft size-full wp-image-3752\" src=\"https:\/\/konferenztechnik.de\/wp-content\/uploads\/2013\/11\/08-funklautsprecher.jpg\" alt=\"Altifalante sem fios Sennheiser LSP 500 PRO\" width=\"288\" height=\"198\" title=\"\"><\/a><br \/>\n<a href=\"\/pt\/distribuicao-de-tecnologia-de-conferencia-e-de-meios-de-comunicacao-av\/tecnologia-audio-e-video-2\/\"> Tecnologia \u00e1udio, tecnologia v\u00eddeo<\/a><br \/>\nSistemas de som para o p\u00fablico, microfones, consolas de mistura, projectores de v\u00eddeo, ecr\u00e3s, visualizadores, ecr\u00e3s de proje\u00e7\u00e3o, sinaliza\u00e7\u00e3o digital<br \/>\n[\/coluna]<\/p>\n<p>[column size=\"1-3\u2033 last=\"1\u2033]<br \/>\n<a href=\"\/pt\/distribuicao-de-tecnologia-de-conferencia-e-de-meios-de-comunicacao-av\/viprinet\/\"><img loading=\"lazy\" decoding=\"async\" class=\"alignleft size-full wp-image-3753\" src=\"https:\/\/konferenztechnik.de\/wp-content\/uploads\/2013\/11\/09-viprinetb.jpg\" alt=\"Router VPN multicanal Viprinet 300\" width=\"288\" height=\"198\" title=\"\"><\/a><br \/>\n<a href=\"\/pt\/distribuicao-de-tecnologia-de-conferencia-e-de-meios-de-comunicacao-av\/viprinet\/\"> Sistemas de videoconfer\u00eancia, interpreta\u00e7\u00e3o remota de v\u00eddeo<\/a><br \/>\nNovidade: Viprinet Multichannel VPN Router 300: liga\u00e7\u00e3o de banda larga e \u00e0 prova de falhas \u00e0 Internet e\/ou a uma VPN empresarial<br \/>\n[\/coluna]<\/p>\n<p>[spacer size=\"10\u2033]<\/p>\n<p>Prestamos aconselhamento independente do fabricante e teremos todo o gosto em criar um sistema adaptado exatamente \u00e0s suas necessidades.<\/p>\n<div class=\"boxcontainer\">\n<div class=\"box1-2\">\n<h1>Pessoa de contacto<\/h1>\n<\/div>\n<div class=\"box1-2-order\">\n<h1>Outras liga\u00e7\u00f5es<\/h1>\n<\/div>\n<div class=\"box1-4\">\n<div class=\"box-head\">Integra\u00e7\u00e3o do sistema<\/div>\n<p><img loading=\"lazy\" decoding=\"async\" width=\"800\" height=\"533\" src=\"https:\/\/konferenztechnik.de\/wp-content\/uploads\/2013\/08\/pcs-gmbh-andreas-bagattini.jpg\" alt=\"PCS GmbH Andreas Bagattini\" class=\"alignleft size-full wp-image-6340\" title=\"\" srcset=\"https:\/\/konferenztechnik.de\/wp-content\/uploads\/2013\/08\/pcs-gmbh-andreas-bagattini.jpg 800w, https:\/\/konferenztechnik.de\/wp-content\/uploads\/2013\/08\/pcs-gmbh-andreas-bagattini-300x200.jpg 300w, https:\/\/konferenztechnik.de\/wp-content\/uploads\/2013\/08\/pcs-gmbh-andreas-bagattini-768x512.jpg 768w\" sizes=\"(max-width: 800px) 100vw, 800px\" \/><br \/>\nAndreas Bagattini<br \/>\nGest\u00e3o de projectos<br \/>\nTelefone +49 211 737798 21<br \/>\ncorreio eletr\u00f3nico <a href=\"mailto:vertrieb@konferenztechnik.de\">escrever<\/a><br \/>\nC\u00f3digo QR <a href=\"https:\/\/konferenztechnik.de\/wp-content\/uploads\/2013\/08\/qrcode-andreas-bagattini.jpeg\">&#x9B; mostrar<\/a><\/div>\n<div class=\"box1-4\">\n<div class=\"box-head\">Consultoria e vendas<\/div>\n<p><img loading=\"lazy\" decoding=\"async\" width=\"800\" height=\"533\" src=\"https:\/\/konferenztechnik.de\/wp-content\/uploads\/2013\/09\/jens_timmermann_pcs-gmbh.jpg\" alt=\"jens_timmermann_pcs-gmbh\" class=\"alignleft size-full wp-image-2307\" title=\"\" srcset=\"https:\/\/konferenztechnik.de\/wp-content\/uploads\/2013\/09\/jens_timmermann_pcs-gmbh.jpg 800w, https:\/\/konferenztechnik.de\/wp-content\/uploads\/2013\/09\/jens_timmermann_pcs-gmbh-300x200.jpg 300w, https:\/\/konferenztechnik.de\/wp-content\/uploads\/2013\/09\/jens_timmermann_pcs-gmbh-768x512.jpg 768w\" sizes=\"(max-width: 800px) 100vw, 800px\" \/><br \/>\nJens Timmermann<br \/>\nConsultor de projectos<br \/>\nTelefone +49 211 737798 20<br \/>\ncorreio eletr\u00f3nico <a href=\"mailto:timmermann@konferenztechnik.de\">escrever<\/a><br \/>\nC\u00f3digo QR <a href=\"https:\/\/konferenztechnik.de\/wp-content\/uploads\/2013\/09\/jens_timmermann_qrcode.png\">&#x9B; mostrar<\/a><\/div>\n<div class=\"box2-4-2\" style=\"order:1;\" >\n<div class=\"weiterlinks\">\n<ul>\n[list icon=\"moon-arrow-right-2\u2033 colour=\"#a62055\u2033]<a title=\"Distribui\u00e7\u00e3o por grupo de produtos\" href=\"\/pt\/grupos-de-produtos\/\">Distribui\u00e7\u00e3o por grupo de produtos<\/a>[\/lista]<br \/>\n[list icon=\"moon-arrow-right-2\u2033 colour=\"#a62055\u2033]<a title=\"Distribui\u00e7\u00e3o por fabricante\" href=\"\/pt\/fabricante\/\">Distribui\u00e7\u00e3o por fabricante<\/a>[\/lista]<br \/>\n[list icon=\"moon-arrow-right-2\u2033 colour=\"#a62055\u2033]<a title=\"Produtos personalizados, manuten\u00e7\u00e3o e repara\u00e7\u00e3o\" href=\"\/pt\/servicos-2\/manutencao-e-reparacao\/\">Produtos personalizados, manuten\u00e7\u00e3o e repara\u00e7\u00e3o<\/a>[\/lista]<br \/>\n[list icon=\"moon-arrow-right-2\u2033 colour=\"#a62055\u2033]<a title=\"10 boas raz\u00f5es para o PCS\" href=\"\/pt\/sobre-nos\/10-boas-razoes-para-os-pcs\/\">10 boas raz\u00f5es para o PCS<\/a>[\/lista]<br \/>\n[list icon=\"moon-arrow-right-2\u2033 colour=\"#a62055\u2033]<a title=\"Refer\u00eancias\" href=\"\/pt\/sobre-nos\/lista-de-referencias-instalacao\/\">Refer\u00eancias Instala\u00e7\u00e3o e integra\u00e7\u00e3o<\/a>[\/lista]<br \/>\n[list icon=\"moon-arrow-right-2\u2033 colour=\"#a62055\u2033]<a title=\"PCS: Todos os servi\u00e7os em resumo\" href=\"\/pt\/servicos-2\/\">PCS: Todos os servi\u00e7os em resumo<\/a>[\/lista]<\/ul>\n<\/div>\n<\/div>\n<\/div>\n<\/div>","protected":false},"excerpt":{"rendered":"<p>Vertrieb von Konferenz- und AV-Medientechnik [rev_slider vertrieb] [spacer size=&#8220;30&#8243;] Sie suchen Konferenz- und Mediensysteme oder ben\u00f6tigen Audio- oder Videotechnik? Wir sind Vertriebspartner der namhaften professionellen Hersteller in diesen Bereichen. Kleine und gro\u00dfe Systeme der AV-Technik k\u00f6nnen Sie bei uns genauso beziehen, wie einzelne Komponenten, Ersatzteile und Zubeh\u00f6r. PCS vertreibt f\u00fcr die gewerbliche Nutzung professionelle Technik [&hellip;]<\/p>","protected":false},"author":1,"featured_media":45482,"parent":0,"menu_order":113,"comment_status":"closed","ping_status":"open","template":"","meta":{"_acf_changed":false,"footnotes":""},"class_list":["post-3614","page","type-page","status-publish","has-post-thumbnail","hentry"],"acf":[],"_links":{"self":[{"href":"https:\/\/konferenztechnik.de\/pt\/wp-json\/wp\/v2\/pages\/3614","targetHints":{"allow":["GET"]}}],"collection":[{"href":"https:\/\/konferenztechnik.de\/pt\/wp-json\/wp\/v2\/pages"}],"about":[{"href":"https:\/\/konferenztechnik.de\/pt\/wp-json\/wp\/v2\/types\/page"}],"author":[{"embeddable":true,"href":"https:\/\/konferenztechnik.de\/pt\/wp-json\/wp\/v2\/users\/1"}],"replies":[{"embeddable":true,"href":"https:\/\/konferenztechnik.de\/pt\/wp-json\/wp\/v2\/comments?post=3614"}],"version-history":[{"count":0,"href":"https:\/\/konferenztechnik.de\/pt\/wp-json\/wp\/v2\/pages\/3614\/revisions"}],"wp:featuredmedia":[{"embeddable":true,"href":"https:\/\/konferenztechnik.de\/pt\/wp-json\/wp\/v2\/media\/45482"}],"wp:attachment":[{"href":"https:\/\/konferenztechnik.de\/pt\/wp-json\/wp\/v2\/media?parent=3614"}],"curies":[{"name":"wp","href":"https:\/\/api.w.org\/{rel}","templated":true}]}}