{"id":3621,"date":"2013-10-24T14:46:29","date_gmt":"2013-10-24T12:46:29","guid":{"rendered":"https:\/\/konferenztechnik.de\/?page_id=3621"},"modified":"2023-07-05T14:16:03","modified_gmt":"2023-07-05T12:16:03","slug":"apoio-a-eventos-multilingues","status":"publish","type":"page","link":"https:\/\/konferenztechnik.de\/pt\/apoio-a-eventos-multilingues\/","title":{"rendered":"Suporte para eventos multilingues"},"content":{"rendered":"<h1>Apoio a eventos<\/h1>\n<p>A PCS come\u00e7ou em 1995 como prestadora de servi\u00e7os t\u00e9cnicos de interpreta\u00e7\u00e3o simult\u00e2nea e, desde ent\u00e3o, j\u00e1 apoiou mais de 30 000 eventos em todo o mundo.<\/p>\n<p>Trabalhamos com os int\u00e9rpretes mais conceituados e utilizamos a nossa vasta e moderna gama de tecnologia de ponta.<\/p>\n<p>Somos r\u00e1pidos e flex\u00edveis gra\u00e7as \u00e0 nossa rede de filiais na Alemanha. Aproveite a nossa experi\u00eancia no planeamento, equipamento e realiza\u00e7\u00e3o t\u00e9cnica do seu evento.<\/p>\n<p>Connosco, todos os eventos s\u00e3o \u00e0 prova de bordo: a visita \u00e0 f\u00e1brica com tr\u00eas participantes, bem como o grande evento internacional.<\/p>\n<p><img decoding=\"async\" src=\"\/wp-content\/uploads\/2016\/08\/event-01.jpg\" alt=\"Suporte para eventos multilingues\" title=\"\"><\/p>\n<p><img decoding=\"async\" src=\"\/wp-content\/uploads\/2016\/08\/event-02.jpg\" alt=\"Suporte para eventos multilingues\" title=\"\"><\/p>\n<p><img decoding=\"async\" src=\"\/wp-content\/uploads\/2016\/08\/event-03.jpg\" alt=\"Suporte para eventos multilingues\" title=\"\"><\/p>\n<p><img decoding=\"async\" src=\"\/wp-content\/uploads\/2016\/08\/event-05.jpg\" alt=\"Suporte para eventos multilingues\" title=\"\"><\/p>\n<p><img decoding=\"async\" src=\"\/wp-content\/uploads\/2016\/08\/event-04.jpg\" alt=\"Suporte para eventos multilingues\" title=\"\"><\/p>\n<div class=\"weiterlinks\" style=\"background-color: #ffffff;\">\n<h1>Outras liga\u00e7\u00f5es<\/h1>\n<p><a title=\"Suporte para eventos multilingues\" href=\"\/pt\/apoio-a-eventos-multilingues\/\">Suporte para eventos multilingues<\/a><br \/>\n<a title=\"Refer\u00eancias\" href=\"\/pt\/sobre-nos\/evento-de-lista-de-referencia\/\">Aluguer de refer\u00eancias, Eventos<\/a><br \/>\n<a title=\"Forma\u00e7\u00e3o e servi\u00e7os para int\u00e9rpretes\" href=\"\/pt\/cursos-de-formacao-e-servicos-para-interpretes\/\">Forma\u00e7\u00e3o e servi\u00e7os para int\u00e9rpretes<\/a><br \/>\n<a title=\"10 boas raz\u00f5es para o PCS\" href=\"\/pt\/sobre-nos\/10-boas-razoes-para-os-pcs\/\">10 boas raz\u00f5es para o PCS<\/a><br \/>\n<a title=\"PCS: Todos os servi\u00e7os em resumo\" href=\"\/pt\/servicos-2\/\">PCS: Todos os servi\u00e7os em resumo<\/a><\/p>\n<\/div>","protected":false},"excerpt":{"rendered":"<p>Apoio a eventos A PCS come\u00e7ou em 1995 como prestadora de servi\u00e7os t\u00e9cnicos de interpreta\u00e7\u00e3o simult\u00e2nea e, desde ent\u00e3o, j\u00e1 apoiou mais de 30 000 eventos em todo o mundo. Trabalhamos com os int\u00e9rpretes mais conceituados e utilizamos a nossa vasta e moderna gama de tecnologia de ponta. Somos r\u00e1pidos e flex\u00edveis gra\u00e7as \u00e0 nossa rede de filiais na Alemanha. Aproveite a nossa experi\u00eancia no sector [...]<\/p>","protected":false},"author":1,"featured_media":45482,"parent":0,"menu_order":109,"comment_status":"closed","ping_status":"open","template":"","meta":{"_acf_changed":false,"footnotes":""},"class_list":["post-3621","page","type-page","status-publish","has-post-thumbnail","hentry"],"acf":[],"_links":{"self":[{"href":"https:\/\/konferenztechnik.de\/pt\/wp-json\/wp\/v2\/pages\/3621","targetHints":{"allow":["GET"]}}],"collection":[{"href":"https:\/\/konferenztechnik.de\/pt\/wp-json\/wp\/v2\/pages"}],"about":[{"href":"https:\/\/konferenztechnik.de\/pt\/wp-json\/wp\/v2\/types\/page"}],"author":[{"embeddable":true,"href":"https:\/\/konferenztechnik.de\/pt\/wp-json\/wp\/v2\/users\/1"}],"replies":[{"embeddable":true,"href":"https:\/\/konferenztechnik.de\/pt\/wp-json\/wp\/v2\/comments?post=3621"}],"version-history":[{"count":0,"href":"https:\/\/konferenztechnik.de\/pt\/wp-json\/wp\/v2\/pages\/3621\/revisions"}],"wp:featuredmedia":[{"embeddable":true,"href":"https:\/\/konferenztechnik.de\/pt\/wp-json\/wp\/v2\/media\/45482"}],"wp:attachment":[{"href":"https:\/\/konferenztechnik.de\/pt\/wp-json\/wp\/v2\/media?parent=3621"}],"curies":[{"name":"wp","href":"https:\/\/api.w.org\/{rel}","templated":true}]}}