{"id":3625,"date":"2013-10-24T14:54:33","date_gmt":"2013-10-24T12:54:33","guid":{"rendered":"https:\/\/konferenztechnik.de\/?page_id=3625"},"modified":"2023-09-01T11:27:41","modified_gmt":"2023-09-01T09:27:41","slug":"instalacao-e-integracao-de-tecnologia-de-conferencia-e-sistemas-multimedia","status":"publish","type":"page","link":"https:\/\/konferenztechnik.de\/pt\/instalacao-e-integracao-de-tecnologia-de-conferencia-e-sistemas-multimedia\/","title":{"rendered":"Instala\u00e7\u00e3o e integra\u00e7\u00e3o de tecnologia de confer\u00eancia e sistemas multim\u00e9dia"},"content":{"rendered":"<h1>Instala\u00e7\u00e3o e integra\u00e7\u00e3o de tecnologia de confer\u00eancia e sistemas multim\u00e9dia<\/h1>\n<p>[instala\u00e7\u00e3o do rev_slider]<\/p>\n<p>[spacer size=\"20\u2033]<\/p>\n<p>A PCS realiza instala\u00e7\u00f5es multim\u00e9dia em salas de reuni\u00f5es, sal\u00f5es comunit\u00e1rios, tribunais e salas de confer\u00eancias, sedes de empresas, showrooms, museus, exposi\u00e7\u00f5es, salas de controlo, salas de confer\u00eancias, escolas, palcos de espect\u00e1culos, teatros, hot\u00e9is, est\u00fadios de videoconfer\u00eancia e casas inteligentes.<\/p>\n<p>[spacer size=\"20\u2033]<\/p>\n<p>[column size=\"1-2\u2033 last=\"0\u2033]<\/p>\n<p>Somos especialistas em transmiss\u00e3o de alta qualidade e funcionalmente fi\u00e1vel, instala\u00e7\u00f5es est\u00e9ticas e individuais, controlos de meios e sistemas inteligentes de poupan\u00e7a de energia.<\/p>\n<p>Oferecemos solu\u00e7\u00f5es com fios, sem fios e \u00e0 prova de toque e apoiamo-lo em todas as fases do seu projeto \u2013, desde o planeamento e constru\u00e7\u00e3o at\u00e9 ao apoio e manuten\u00e7\u00e3o.<\/p>\n<p>Incorporamos tecnologia de edif\u00edcios e barramentos de sistemas e integramos tecnologia orientada para o futuro baseada em EIB, DALI, LON e outros sistemas. O utilizador recebe tecnologia AV, inform\u00e1tica, dom\u00e9stica e de edif\u00edcios com capacidade de liga\u00e7\u00e3o em rede e de comunica\u00e7\u00e3o, que poupa energia e tem uma longa vida \u00fatil.<\/p>\n<p>[bot\u00e3o link=\"#kontakt\" target=\"self\" colour=\"#a62055\u2033 text=\"light\"]Perguntar agora[\/button]<\/p>\n<p>[\/coluna]<\/p>\n<p>[column size=\"1-2\u2033 last=\"1\u2033]<\/p>\n<p><img decoding=\"async\" src=\"https:\/\/konferenztechnik.de\/wp-content\/uploads\/2016\/07\/start.jpg\" alt=\"\" title=\"\"><\/p>\n<p>[\/coluna]<\/p>\n<p>[spacer size=\"30\u2033]<\/p>\n<hr>\n<p>[spacer size=\"20\u2033]<\/p>\n<p>[limpar]<\/p>\n<p>A nossa gama de servi\u00e7os inclui tamb\u00e9m solu\u00e7\u00f5es personalizadas, integra\u00e7\u00e3o de meios de comunica\u00e7\u00e3o de \u00faltima gera\u00e7\u00e3o, sinaliza\u00e7\u00e3o digital e solu\u00e7\u00f5es integradas de videoconfer\u00eancia.<\/p>\n<p>PCS \u00e9 sin\u00f3nimo de integra\u00e7\u00e3o de tecnologia orientada para o futuro e de tecnologia \u00e0 prova de futuro atrav\u00e9s de um planeamento ao mais alto n\u00edvel.<\/p>\n<p><img fetchpriority=\"high\" decoding=\"async\" src=\"https:\/\/konferenztechnik.de\/wp-content\/uploads\/2013\/10\/installation-pcs.jpg\" alt=\"instala\u00e7\u00e3o--pcs\" width=\"1198\" height=\"748\" class=\"alignleft size-full wp-image-7065\" title=\"\" srcset=\"https:\/\/konferenztechnik.de\/wp-content\/uploads\/2013\/10\/installation-pcs.jpg 1198w, https:\/\/konferenztechnik.de\/wp-content\/uploads\/2013\/10\/installation-pcs-300x187.jpg 300w, https:\/\/konferenztechnik.de\/wp-content\/uploads\/2013\/10\/installation-pcs-1024x639.jpg 1024w, https:\/\/konferenztechnik.de\/wp-content\/uploads\/2013\/10\/installation-pcs-768x480.jpg 768w\" sizes=\"(max-width: 1198px) 100vw, 1198px\" \/><\/p>\n<p>[spacer size=\"30\u2033]<\/p>\n<hr>\n<p>[spacer size=\"20\u2033]<\/p>\n<div class=\"box1-2-order\">\n<h1>Actualiza\u00e7\u00f5es de salas de confer\u00eancia PCS e pacotes de salas de confer\u00eancia<\/h1>\n<p>Oferecemos a realiza\u00e7\u00e3o descomplicada de salas de reuni\u00e3o modernas e de alta qualidade, incluindo a incorpora\u00e7\u00e3o de todos os softwares de videoconfer\u00eancia comuns. Tamb\u00e9m realizamos actualiza\u00e7\u00f5es para as suas salas existentes. Pode integrar facilmente a videoconfer\u00eancia e os participantes externos nas suas confer\u00eancias, reuni\u00f5es e eventos.<\/p>\n<\/div>\n<p>[column size=\"1-2\u2033 last=\"0\u2033]<br \/>\n<a href=\"https:\/\/konferenztechnik.de\/pt\/pacotes-de-salas-de-conferencia-pcs-para-salas-de-conferencia-hibridas\/\" class=\"pcs-color\"><\/p>\n<h3><strong>Pacotes de salas de confer\u00eancia<\/strong><\/h3>\n<p><img decoding=\"async\" src=\"https:\/\/konferenztechnik.de\/wp-content\/uploads\/2021\/06\/1-pcs-raumbundles-konferenzraum-bundles.jpg\" alt=\"\" width=\"1200\" height=\"451\" class=\"alignleft size-full wp-image-18001\" title=\"\" srcset=\"https:\/\/konferenztechnik.de\/wp-content\/uploads\/2021\/06\/1-pcs-raumbundles-konferenzraum-bundles.jpg 1200w, https:\/\/konferenztechnik.de\/wp-content\/uploads\/2021\/06\/1-pcs-raumbundles-konferenzraum-bundles-300x113.jpg 300w, https:\/\/konferenztechnik.de\/wp-content\/uploads\/2021\/06\/1-pcs-raumbundles-konferenzraum-bundles-1024x385.jpg 1024w, https:\/\/konferenztechnik.de\/wp-content\/uploads\/2021\/06\/1-pcs-raumbundles-konferenzraum-bundles-768x289.jpg 768w\" sizes=\"(max-width: 1200px) 100vw, 1200px\" \/><\/p>\n<p>Realiza\u00e7\u00e3o descomplicada de reuni\u00f5es modernas e de alta qualidade, incluindo a incorpora\u00e7\u00e3o de todo o software comum de videoconfer\u00eancia. Pacotes a partir de 5.000 euros.<\/p>\n<p><\/a><br \/>\n[button link=\"https:\/\/www.konferenztechnik.de\/pcs-konferenzraum-bundles-fuer-hybride-konferenzraeume\/\" target=\"self\" colour=\"#a62055\u2033 text=\"light\"]Saiba mais[\/button]<br \/>\n[\/coluna]<br \/>\n[column size=\"1-2\u2033 last=\"1\u2033]<br \/>\n<a href=\"https:\/\/konferenztechnik.de\/pt\/a-atualizacao-da-sala-de-conferencias-cria-as-condicoes-ideais-para-as-videoconferencias\/\" class=\"pcs-color\"><\/p>\n<h3><strong>Atualiza\u00e7\u00e3o das salas de confer\u00eancia<\/strong><\/h3>\n<p><img decoding=\"async\" width=\"1200\" height=\"451\" src=\"https:\/\/konferenztechnik.de\/wp-content\/uploads\/2021\/06\/konferenzraum-upgrades-videokonferenz-technik-upgrade.jpg\" alt=\"atualiza\u00e7\u00e3o da tecnologia de videoconfer\u00eancia para salas de confer\u00eancia\" class=\"alignleft size-full wp-image-18072\" title=\"\" srcset=\"https:\/\/konferenztechnik.de\/wp-content\/uploads\/2021\/06\/konferenzraum-upgrades-videokonferenz-technik-upgrade.jpg 1200w, https:\/\/konferenztechnik.de\/wp-content\/uploads\/2021\/06\/konferenzraum-upgrades-videokonferenz-technik-upgrade-300x113.jpg 300w, https:\/\/konferenztechnik.de\/wp-content\/uploads\/2021\/06\/konferenzraum-upgrades-videokonferenz-technik-upgrade-1024x385.jpg 1024w, https:\/\/konferenztechnik.de\/wp-content\/uploads\/2021\/06\/konferenzraum-upgrades-videokonferenz-technik-upgrade-768x289.jpg 768w\" sizes=\"(max-width: 1200px) 100vw, 1200px\" \/><\/p>\n<p>Actualiza\u00e7\u00f5es para as suas instala\u00e7\u00f5es existentes. Integrar melhor a videoconfer\u00eancia. Minimizar a separa\u00e7\u00e3o entre \"no local\" e \"a partir de casa\".<\/p>\n<p>[button link=\"https:\/\/www.konferenztechnik.de\/konferenzraum-upgrade-ideale-bedingungen-fuer-videokonferenzen-schaffen\/\" target=\"self\" colour=\"#a62055\u2033 text=\"light\"]Saiba mais[\/button]<br \/>\n[\/coluna]<\/p>\n<p>[spacer size=\"30\u2033]<\/p>\n<hr id=\"kontakt\">\n<p>[spacer size=\"30\u2033]<\/p>\n<div class=\"box1-4 medium-size-txt\" style=\"margin-bottom: 0!important\">\n<h2><b><span class=\"pcs-color medium-size-txt\">A sua equipa de assist\u00eancia<\/span><\/b><\/h2>\n<p>[spacer size=\"5\u2033]<br \/>\n[column size=\"1-2\u2033 last=\"0\u2033]<\/p>\n<p>O nosso departamento especializado ter\u00e1 todo o prazer em responder \u00e0s suas perguntas, aconselh\u00e1-lo sobre os produtos, preparar um or\u00e7amento personalizado ou um conceito de quarto individual.<\/p>\n<p><img loading=\"lazy\" decoding=\"async\" src=\"https:\/\/konferenztechnik.de\/wp-content\/uploads\/2021\/06\/enricohucke-pcsgmbh.jpg\" alt=\"Enrico Hucke - Equipa de vendas PCS GmbH\" width=\"150\" height=\"150\" class=\"alignleft size-full wp-image-17496\" title=\"\"><br \/>\n<img loading=\"lazy\" decoding=\"async\" width=\"150\" height=\"150\" src=\"https:\/\/konferenztechnik.de\/wp-content\/uploads\/2021\/06\/roland-baur-pcs-gmbh.jpeg\" alt=\"Roland Baur - Equipa de vendas PCS GmbH\" class=\"alignleft size-full wp-image-18053\" title=\"\"><br \/>\n<img loading=\"lazy\" decoding=\"async\" src=\"https:\/\/konferenztechnik.de\/wp-content\/uploads\/2021\/06\/jeremias-daniel-pcs-gmbh-2-1.jpg\" alt=\"Jeremias Daniel - Equipa de vendas PCS GmbH\" width=\"150\" height=\"150\" class=\"alignleft size-full wp-image-17836\" title=\"\"><br \/>\n[spacer size=\"5\u2033]<br \/>\n<span class=\"medium-size-txt\"><br \/>\nBasta telefonar-nos!<br \/>\n<a href=\"tel:+49 21173779820\"><b>+49 211 737798 20<\/b><\/a><\/p>\n<p>Envie-nos uma mensagem de correio eletr\u00f3nico para:<br \/>\n<span class=\"volleansicht\"><a href=\"mailto:vertrieb@konferenztechnik.de\" onclick=\"ga('send', 'event', 'Email-Klick', 'Kontakt Vertrieb');\">vertrieb@konferenztechnik.de<\/a><br \/>\n<\/span><br \/>\n<span class=\"mobileansicht\"><a href=\"mailto:vertrieb@konferenztechnik.de\" onclick=\"ga('send', 'event', 'Email-Klick', 'Kontakt Vertrieb');\">escrever<\/a><br \/>\n<\/span><\/p>\n<p>Converse connosco ou utilize o nosso servi\u00e7o de chamada de retorno<br \/>\n<\/span><br \/>\n[\/coluna]<br \/>\n[column size=\"1-2\u2033 last=\"1\u2033]<\/p>\n<h2>Organizar uma chamada de retorno<\/h2>\n<p>[Contact-form-7 id=\"17990\u2033 title=\"Contact room bundles\/upgrades\"]<br \/>\n[\/coluna]<\/p>\n<\/div>","protected":false},"excerpt":{"rendered":"<p>Installation und Integration von Konferenztechnik und Mediensystemen [rev_slider installation] [spacer size=&#8220;20&#8243;] PCS realisiert Medieninstallationen in Besprechungsr\u00e4umen, Gemeinde-, Gerichts- und Konferenzs\u00e4len, Firmensitzen, Showrooms, Museen, Ausstellungen, Leitwarten, H\u00f6rs\u00e4len, Schulen, Showb\u00fchnen, Theatern, Hotels, Videokonferenzstudios, intelligenten H\u00e4usern. [spacer size=&#8220;20&#8243;] [column size=&#8220;1-2&#8243; last=&#8220;0&#8243;] Wir sind spezialisiert auf hochwertige und funktionssichere \u00dcbertragung, \u00e4sthetische und individuelle Einbauten, Mediensteuerungen und intelligente, energiesparende Systeme. [&hellip;]<\/p>","protected":false},"author":1,"featured_media":45482,"parent":0,"menu_order":110,"comment_status":"closed","ping_status":"open","template":"","meta":{"_acf_changed":false,"footnotes":""},"class_list":["post-3625","page","type-page","status-publish","has-post-thumbnail","hentry"],"acf":[],"_links":{"self":[{"href":"https:\/\/konferenztechnik.de\/pt\/wp-json\/wp\/v2\/pages\/3625","targetHints":{"allow":["GET"]}}],"collection":[{"href":"https:\/\/konferenztechnik.de\/pt\/wp-json\/wp\/v2\/pages"}],"about":[{"href":"https:\/\/konferenztechnik.de\/pt\/wp-json\/wp\/v2\/types\/page"}],"author":[{"embeddable":true,"href":"https:\/\/konferenztechnik.de\/pt\/wp-json\/wp\/v2\/users\/1"}],"replies":[{"embeddable":true,"href":"https:\/\/konferenztechnik.de\/pt\/wp-json\/wp\/v2\/comments?post=3625"}],"version-history":[{"count":0,"href":"https:\/\/konferenztechnik.de\/pt\/wp-json\/wp\/v2\/pages\/3625\/revisions"}],"wp:featuredmedia":[{"embeddable":true,"href":"https:\/\/konferenztechnik.de\/pt\/wp-json\/wp\/v2\/media\/45482"}],"wp:attachment":[{"href":"https:\/\/konferenztechnik.de\/pt\/wp-json\/wp\/v2\/media?parent=3625"}],"curies":[{"name":"wp","href":"https:\/\/api.w.org\/{rel}","templated":true}]}}