{"id":3768,"date":"2013-11-27T14:19:01","date_gmt":"2013-11-27T12:19:01","guid":{"rendered":"https:\/\/konferenztechnik.de\/?page_id=3768"},"modified":"2023-09-27T11:58:03","modified_gmt":"2023-09-27T09:58:03","slug":"vanerum-i3","status":"publish","type":"page","link":"https:\/\/konferenztechnik.de\/pt\/distribuicao-de-tecnologia-de-conferencia-e-de-meios-de-comunicacao-av\/vanerum-i3\/","title":{"rendered":"Vanerum i3"},"content":{"rendered":"<p>[column size=\"2-3\u2033 last=\"0\u2033]<\/p>\n<h1>Aprendizagem interactiva, trabalho, apresenta\u00e7\u00e3o<\/h1>\n<p>A Vanerum \u00e9 uma empresa belga especializada em mobili\u00e1rio de forma\u00e7\u00e3o. A PCS distribui as solu\u00e7\u00f5es de comunica\u00e7\u00e3o interactiva, incluindo os leitores e os perif\u00e9ricos correspondentes.<br \/>\nOferecemos-lhe sistemas de apresenta\u00e7\u00e3o interactiva de primeira classe a pre\u00e7os imbat\u00edveis, com o mais elevado n\u00edvel de qualidade de fabrico, adequa\u00e7\u00e3o \u00e0 utiliza\u00e7\u00e3o di\u00e1ria e aplica\u00e7\u00e3o harmoniosa. Um destaque n\u00e3o s\u00f3 para escolas e universidades.<\/p>\n<p>[\/coluna]<\/p>\n<p>[column size=\"1-3\u2033 last=\"1\u2033]<\/p>\n<div style=\"padding-top:60px;\">\n<img decoding=\"async\" class=\"alignright size-full wp-image-3771\" alt=\"Log\u00f3tipo Vanerum i3\" src=\"https:\/\/konferenztechnik.de\/wp-content\/uploads\/2013\/11\/vanerum_i3_logo.jpg\" width=\"185\" height=\"208\" title=\"\"><\/div>\n<p>[\/coluna]<\/p>\n<h4>Quadro interativo com projetor i3BOARD da Vanerum<\/h4>\n<p>[column size=\"2-3\u2033 last=\"0\u2033]<br \/>\n[separadores estilo=\"1\u2033]<br \/>\n[title=\"Fotos\"]<img fetchpriority=\"high\" decoding=\"async\" class=\"alignnone size-full wp-image-3791\" alt=\"Placa Vanerum i3\" src=\"https:\/\/konferenztechnik.de\/wp-content\/uploads\/2013\/11\/i3-von-vanerum-02small.jpg\" width=\"484\" height=\"389\" title=\"\" srcset=\"https:\/\/konferenztechnik.de\/wp-content\/uploads\/2013\/11\/i3-von-vanerum-02small.jpg 484w, https:\/\/konferenztechnik.de\/wp-content\/uploads\/2013\/11\/i3-von-vanerum-02small-300x241.jpg 300w\" sizes=\"(max-width: 484px) 100vw, 484px\" \/><br \/>\n[\/tab]<br \/>\n[title=\"Caracter\u00edsticas especiais\"]<\/p>\n<ul>\n<li>Intera\u00e7\u00e3o multi-utilizador com at\u00e9 dez toques simult\u00e2neos<\/li>\n<li>Entrada atrav\u00e9s de canetas e toques com os dedos<\/li>\n<li>Tecnologia t\u00e1til V-Sense precisa e comprovada<\/li>\n<li>quadro de alum\u00ednio ultrafino de 24 mm<\/li>\n<li>Superf\u00edcie de a\u00e7o esmaltado dur\u00e1vel com garantia vital\u00edcia<\/li>\n<li>Pode ser utilizado com marcadores de quadro branco a seco<\/li>\n<li>Elevada velocidade de resposta<\/li>\n<li>Montagem standard na parede inclu\u00edda<\/li>\n<li>Independente do sistema operativo, ideal para utiliza\u00e7\u00e3o com qualquer tipo de software de ensino<\/li>\n<li>Tecnologia t\u00e1til V-Sense resistente \u00e0 poeira<\/li>\n<li>Dete\u00e7\u00e3o autom\u00e1tica de fontes<\/li>\n<li>Longa vida \u00fatil da l\u00e2mpada do projetor<\/li>\n<\/ul>\n<p>[\/tab]<br \/>\n[title=\"Caracter\u00edsticas t\u00e9cnicas\"]<\/p>\n<ul>\n<li>R\u00e1cio de aspeto: 4:3<\/li>\n<li>Resolu\u00e7\u00e3o: 32.767 \u00d7 32.767<\/li>\n<li>Dimens\u00f5es i3BOARD (77\u2033): H\/W\/D 122,2 x 161,3 x 3,5 cm<\/li>\n<li>Dimens\u00f5es da \u00e1rea ativa: 117,2 x 156,3 cm<\/li>\n<li>Superf\u00edcie de escrita: branco, a\u00e7o esmaltado, n\u00e3o refletor<\/li>\n<li>Tecnologia t\u00e1til: V-Sense Multi<\/li>\n<li>Interface USB 2.0 ou superior<\/li>\n<li>Consumo de energia \u2264 400 mA<\/li>\n<li>Projetor de 2.800 l\u00famens<\/li>\n<li>WXGA 1.280 x 800<\/li>\n<li>Gama interactiva: 75\u2033 a 115\u2033 na diagonal<\/li>\n<li>Dete\u00e7\u00e3o autom\u00e1tica de fontes<\/li>\n<li>Vida \u00fatil da l\u00e2mpada do projetor: 5.000 horas (no modo eco)<\/li>\n<\/ul>\n<p>[\/tab]<br \/>\n[\/tabs]<br \/>\n[\/coluna]<\/p>\n<p>[column size=\"1-3\u2033 last=\"1\u2033]<br \/>\n[spacer size=\"40\u2033]<\/p>\n<p>Em compara\u00e7\u00e3o com os quadros brancos tradicionais, o i3BOARD possui algumas caracter\u00edsticas \u00fanicas. Para al\u00e9m da entrada de caneta e do toque dos dedos, a tecnologia de toque V-Sense, precisa e comprovada, permite a intera\u00e7\u00e3o entre v\u00e1rios utilizadores.<\/p>\n<p>A estrutura ultrafina em alum\u00ednio confere \u00e0 i3BOARD um aspeto elegante, facilita a manuten\u00e7\u00e3o e tamb\u00e9m reduz o custo total de propriedade.<\/p>\n<p>[\/coluna]<\/p>\n<p>[spacer size=\"20\u2033]<\/p>\n<h4>Ecr\u00e3 interativo com i3TOUCH<\/h4>\n<p>[column size=\"2-3\u2033 last=\"0\u2033]<br \/>\n[separadores estilo=\"1\u2033]<br \/>\n[title=\"Fotos\"]<img decoding=\"async\" src=\"https:\/\/konferenztechnik.de\/wp-content\/uploads\/2013\/11\/11123515-standard.jpg\" alt=\"Quadro branco Vanerum i3\" width=\"665\" height=\"441\" class=\"alignleft size-full wp-image-4344\" title=\"\" srcset=\"https:\/\/konferenztechnik.de\/wp-content\/uploads\/2013\/11\/11123515-standard.jpg 665w, https:\/\/konferenztechnik.de\/wp-content\/uploads\/2013\/11\/11123515-standard-300x199.jpg 300w\" sizes=\"(max-width: 665px) 100vw, 665px\" \/><br \/>\n[\/tab]<br \/>\n[title=\"Caracter\u00edsticas especiais\"]<\/p>\n<ul>\n<li>Duas pessoas podem escrever, desenhar ou interagir com conte\u00fados ao mesmo tempo, utilizando os dedos ou uma caneta<\/li>\n<li>Imagens brilhantes e uma experi\u00eancia t\u00e1til precisa gra\u00e7as a uma superf\u00edcie sem sombras<\/li>\n<li>A dete\u00e7\u00e3o de presen\u00e7a poupa energia e prolonga a vida \u00fatil do ecr\u00e3<\/li>\n<li>a sobreposi\u00e7\u00e3o de ecr\u00e3 interativo combina fun\u00e7\u00f5es de ecr\u00e3 t\u00e1til com as vantagens dos ecr\u00e3s planos<\/li>\n<li>Suporte de ch\u00e3o SMART opcional e m\u00f3vel<\/li>\n<\/ul>\n<p>[\/tab]<br \/>\n[title=\"Caracter\u00edsticas t\u00e9cnicas\"]<\/p>\n<ul>\n<li>Ecr\u00e3 LCD de alta defini\u00e7\u00e3o<\/li>\n<li>Duplo toque<\/li>\n<li>Tamanhos dispon\u00edveis: 133 x 82 x 9,3 cm e 168,5 x 103,8 x 25 cm<\/li>\n<li>R\u00e1cio de aspeto: 16:9<\/li>\n<\/ul>\n<p>[\/tab]<br \/>\n[\/tabs]<br \/>\n[\/coluna]<\/p>\n<p>[column size=\"1-3\u2033 last=\"1\u2033]<br \/>\n[spacer size=\"40\u2033]<\/p>\n<p>Combine as fun\u00e7\u00f5es t\u00e1cteis de um quadro interativo com as imagens n\u00edtidas da tecnologia de ecr\u00e3 plano.<\/p>\n<p>O ecr\u00e3 interativo 8070i oferece uma solu\u00e7\u00e3o totalmente integrada.<\/p>\n<p>[\/coluna]<\/p>\n<p>[spacer size=\"20\u2033]<\/p>\n<h4>Ecr\u00e3 p\u00fablico topo de gama com i3TOUCH<\/h4>\n<p>[column size=\"2-3\u2033 last=\"0\u2033]<br \/>\n[separadores estilo=\"1\u2033]<br \/>\n[title=\"Fotos\"]<img loading=\"lazy\" decoding=\"async\" class=\"alignnone size-full wp-image-3801\" alt=\"i3-from-vanerum-04small\" src=\"https:\/\/konferenztechnik.de\/wp-content\/uploads\/2013\/11\/i3-von-vanerum-04small.jpg\" width=\"608\" height=\"382\" title=\"\" srcset=\"https:\/\/konferenztechnik.de\/wp-content\/uploads\/2013\/11\/i3-von-vanerum-04small.jpg 608w, https:\/\/konferenztechnik.de\/wp-content\/uploads\/2013\/11\/i3-von-vanerum-04small-300x188.jpg 300w\" sizes=\"(max-width: 608px) 100vw, 608px\" \/><br \/>\n[\/tab]<br \/>\n[title=\"Caracter\u00edsticas especiais\"]<\/p>\n<ul>\n<li>Fiabilidade sem compromissos<\/li>\n<li>Interfaces DisplayPort e LAN de \u00faltima gera\u00e7\u00e3o<\/li>\n<li>Consumo m\u00ednimo de energia gra\u00e7as aos sensores de luz ambiente implementados<\/li>\n<li>Solu\u00e7\u00e3o ideal para aplica\u00e7\u00f5es de sinaliza\u00e7\u00e3o digital no com\u00e9rcio, salas de reuni\u00f5es, videoconfer\u00eancia, transportes e tr\u00e1fego e salas de controlo e centros de controlo<\/li>\n<li>Suporte DICOM para aplica\u00e7\u00f5es m\u00e9dicas<\/li>\n<\/ul>\n<p>[\/tab]<br \/>\n[title=\"Caracter\u00edsticas t\u00e9cnicas\"]<\/p>\n<ul>\n<li>Tamanho: 40 a 82 polegadas<\/li>\n<li>Contraste: 2000:1, 3000:1, 3500:1<\/li>\n<li>Consumo de energia [W]: 145 a 680<\/li>\n<li>R\u00e1cio de aspeto: 16:9<\/li>\n<li>Tecnologia de pain\u00e9is: S-PVA<\/li>\n<li>Luminosidade [cd\/m\u00b2]: 700<\/li>\n<li>Resolu\u00e7\u00e3o: 1.920 x 1.080<\/li>\n<li>Sensor de luz ambiente program\u00e1vel para otimizar a luminosidade<\/li>\n<li>Prioridade de entrada definida pelo utilizador<\/li>\n<li>Suporte DICOM<\/li>\n<li>Controlo avan\u00e7ado da ventoinha<\/li>\n<li>Calibra\u00e7\u00e3o de cores baseada em hardware<\/li>\n<li>Interface RS232<\/li>\n<li>Mem\u00f3ria matricial<\/li>\n<li>Mudan\u00e7a r\u00e1pida de entrada<\/li>\n<li>TileMatrix (10 x 10)<\/li>\n<li>V\u00e1rias op\u00e7\u00f5es de picture-in-picture<\/li>\n<li>Programador<\/li>\n<\/ul>\n<p>[\/tab]<br \/>\n[\/tabs]<br \/>\n[\/coluna]<\/p>\n<p>[column size=\"1-3\u2033 last=\"1\u2033]<br \/>\n[spacer size=\"40\u2033]<\/p>\n<p>A solu\u00e7\u00e3o t\u00e1til LCD i3TOUCH proporciona imagens n\u00edtidas e de alta resolu\u00e7\u00e3o. A tecnologia t\u00e1til \u00f3tica pode ser utilizada com um dedo ou um estilete e o ecr\u00e3 responde imediatamente.<\/p>\n<p>Os ecr\u00e3s i3TOUCH suportam a tecnologia de dete\u00e7\u00e3o \u00f3tica, garantindo um trabalho particularmente r\u00e1pido e preciso com o ecr\u00e3 interativo. Isto torna-os a solu\u00e7\u00e3o perfeita para utiliza\u00e7\u00e3o em escolas e salas de aula!<\/p>\n<p>[\/coluna]<\/p>\n<p>[spacer size=\"20\u2033]<\/p>","protected":false},"excerpt":{"rendered":"<p>[column size=&#8220;2-3&#8243; last=&#8220;0&#8243;] Interaktives Lernen, Arbeiten, Pr\u00e4sentieren Vanerum ist ein Spezialist f\u00fcr Schulungsm\u00f6bel aus Belgien. PCS vertreibt die interaktiven Kommunikationsl\u00f6sungen inklusive passenden Zuspielern und Peripherie. Wir bieten Ihnen interaktive Pr\u00e4sentationssysteme der Spitzenklasse zu unschlagbar g\u00fcnstigen Preisen, mit h\u00f6chstem Ma\u00df an Fertigungsqualit\u00e4t, Alltagstauglichkeit und harmonischer Anwendung. Ein H\u00f6hepunkt nicht nur f\u00fcr Schulen und Universit\u00e4ten. [\/column] [column [&hellip;]<\/p>","protected":false},"author":1,"featured_media":45482,"parent":3614,"menu_order":106,"comment_status":"closed","ping_status":"open","template":"","meta":{"_acf_changed":false,"footnotes":""},"class_list":["post-3768","page","type-page","status-publish","has-post-thumbnail","hentry"],"acf":[],"_links":{"self":[{"href":"https:\/\/konferenztechnik.de\/pt\/wp-json\/wp\/v2\/pages\/3768","targetHints":{"allow":["GET"]}}],"collection":[{"href":"https:\/\/konferenztechnik.de\/pt\/wp-json\/wp\/v2\/pages"}],"about":[{"href":"https:\/\/konferenztechnik.de\/pt\/wp-json\/wp\/v2\/types\/page"}],"author":[{"embeddable":true,"href":"https:\/\/konferenztechnik.de\/pt\/wp-json\/wp\/v2\/users\/1"}],"replies":[{"embeddable":true,"href":"https:\/\/konferenztechnik.de\/pt\/wp-json\/wp\/v2\/comments?post=3768"}],"version-history":[{"count":0,"href":"https:\/\/konferenztechnik.de\/pt\/wp-json\/wp\/v2\/pages\/3768\/revisions"}],"up":[{"embeddable":true,"href":"https:\/\/konferenztechnik.de\/pt\/wp-json\/wp\/v2\/pages\/3614"}],"wp:featuredmedia":[{"embeddable":true,"href":"https:\/\/konferenztechnik.de\/pt\/wp-json\/wp\/v2\/media\/45482"}],"wp:attachment":[{"href":"https:\/\/konferenztechnik.de\/pt\/wp-json\/wp\/v2\/media?parent=3768"}],"curies":[{"name":"wp","href":"https:\/\/api.w.org\/{rel}","templated":true}]}}