{"id":40071,"date":"2023-08-17T13:51:54","date_gmt":"2023-08-17T11:51:54","guid":{"rendered":"https:\/\/konferenztechnik.de\/?page_id=40071"},"modified":"2023-10-11T10:57:18","modified_gmt":"2023-10-11T08:57:18","slug":"hoteis-medem-centros-de-conferencias","status":"publish","type":"page","link":"https:\/\/konferenztechnik.de\/pt\/hoteis-medem-centros-de-conferencias\/","title":{"rendered":"Hot\u00e9is, feiras comerciais, centros de confer\u00eancias"},"content":{"rendered":"<div data-elementor-type=\"wp-page\" data-elementor-id=\"40071\" class=\"elementor elementor-40071\" data-elementor-post-type=\"page\">\n\t\t\t\t<div data-particle_enable=\"false\" data-particle-mobile-disabled=\"false\" class=\"elementor-element elementor-element-d8aba58 e-flex e-con-boxed e-con e-parent\" data-id=\"d8aba58\" data-element_type=\"container\">\n\t\t\t\t\t<div class=\"e-con-inner\">\n\t\t\t\t<div class=\"elementor-element elementor-element-366d4e5 elementor-widget__width-inherit elementor-widget elementor-widget-heading\" data-id=\"366d4e5\" data-element_type=\"widget\" data-widget_type=\"heading.default\">\n\t\t\t\t<div class=\"elementor-widget-container\">\n\t\t\t\t\t<h1 class=\"elementor-heading-title elementor-size-default\">Hot\u00e9is, feiras comerciais, centros de confer\u00eancias<\/h1>\t\t\t\t<\/div>\n\t\t\t\t<\/div>\n\t\t\t\t<div class=\"elementor-element elementor-element-e4b6b7a elementor-widget elementor-widget-image\" data-id=\"e4b6b7a\" data-element_type=\"widget\" data-widget_type=\"image.default\">\n\t\t\t\t<div class=\"elementor-widget-container\">\n\t\t\t\t\t\t\t\t\t\t\t\t\t\t\t<img fetchpriority=\"high\" decoding=\"async\" width=\"2560\" height=\"1049\" src=\"https:\/\/konferenztechnik.de\/wp-content\/uploads\/2023\/08\/Konferenztechnik-fuer-Hotels_Tagungsstaetten_Messen-PCS-scaled-e1692273089536.webp\" class=\"attachment-full size-full wp-image-40093\" alt=\"Evento ou confer\u00eancia numa sala inundada de luz, museu\" srcset=\"https:\/\/konferenztechnik.de\/wp-content\/uploads\/2023\/08\/Konferenztechnik-fuer-Hotels_Tagungsstaetten_Messen-PCS-scaled-e1692273089536.webp 2560w, https:\/\/konferenztechnik.de\/wp-content\/uploads\/2023\/08\/Konferenztechnik-fuer-Hotels_Tagungsstaetten_Messen-PCS-scaled-e1692273089536-300x123.webp 300w, https:\/\/konferenztechnik.de\/wp-content\/uploads\/2023\/08\/Konferenztechnik-fuer-Hotels_Tagungsstaetten_Messen-PCS-scaled-e1692273089536-1024x420.webp 1024w, https:\/\/konferenztechnik.de\/wp-content\/uploads\/2023\/08\/Konferenztechnik-fuer-Hotels_Tagungsstaetten_Messen-PCS-scaled-e1692273089536-768x315.webp 768w, https:\/\/konferenztechnik.de\/wp-content\/uploads\/2023\/08\/Konferenztechnik-fuer-Hotels_Tagungsstaetten_Messen-PCS-scaled-e1692273089536-1536x629.webp 1536w, https:\/\/konferenztechnik.de\/wp-content\/uploads\/2023\/08\/Konferenztechnik-fuer-Hotels_Tagungsstaetten_Messen-PCS-scaled-e1692273089536-2048x839.webp 2048w, https:\/\/konferenztechnik.de\/wp-content\/uploads\/2023\/08\/Konferenztechnik-fuer-Hotels_Tagungsstaetten_Messen-PCS-scaled-e1692273089536-18x7.webp 18w\" sizes=\"(max-width: 2560px) 100vw, 2560px\" title=\"\">\t\t\t\t\t\t\t\t\t\t\t\t\t\t\t<\/div>\n\t\t\t\t<\/div>\n\t\t<div data-particle_enable=\"false\" data-particle-mobile-disabled=\"false\" class=\"elementor-element elementor-element-b15d0ca e-flex e-con-boxed e-con e-child\" data-id=\"b15d0ca\" data-element_type=\"container\">\n\t\t\t\t\t<div class=\"e-con-inner\">\n\t\t\t\t<div class=\"elementor-element elementor-element-2ebf418 elementor-widget elementor-widget-button\" data-id=\"2ebf418\" data-element_type=\"widget\" data-widget_type=\"button.default\">\n\t\t\t\t<div class=\"elementor-widget-container\">\n\t\t\t\t\t\t\t\t\t<div class=\"elementor-button-wrapper\">\n\t\t\t\t\t<a class=\"elementor-button elementor-button-link elementor-size-lg\" href=\"#serviceteam\">\n\t\t\t\t\t\t<span class=\"elementor-button-content-wrapper\">\n\t\t\t\t\t\t<span class=\"elementor-button-icon\">\n\t\t\t\t<svg aria-hidden=\"true\" class=\"e-font-icon-svg e-far-arrow-alt-circle-down\" viewbox=\"0 0 512 512\" xmlns=\"http:\/\/www.w3.org\/2000\/svg\"><path d=\"M256 8C119 8 8 119 8 256s111 248 248 248 248-111 248-248S393 8 256 8zm0 448c-110.5 0-200-89.5-200-200S145.5 56 256 56s200 89.5 200 200-89.5 200-200 200zm-32-316v116h-67c-10.7 0-16 12.9-8.5 20.5l99 99c4.7 4.7 12.3 4.7 17 0l99-99c7.6-7.6 2.2-20.5-8.5-20.5h-67V140c0-6.6-5.4-12-12-12h-40c-6.6 0-12 5.4-12 12z\"><\/path><\/svg>\t\t\t<\/span>\n\t\t\t\t\t\t\t\t\t<span class=\"elementor-button-text\">Perguntar agora<\/span>\n\t\t\t\t\t<\/span>\n\t\t\t\t\t<\/a>\n\t\t\t\t<\/div>\n\t\t\t\t\t\t\t\t<\/div>\n\t\t\t\t<\/div>\n\t\t\t\t\t<\/div>\n\t\t\t\t<\/div>\n\t\t\t\t\t<\/div>\n\t\t\t\t<\/div>\n\t\t<div data-particle_enable=\"false\" data-particle-mobile-disabled=\"false\" class=\"elementor-element elementor-element-9deafd4 e-flex e-con-boxed e-con e-parent\" data-id=\"9deafd4\" data-element_type=\"container\">\n\t\t\t\t\t<div class=\"e-con-inner\">\n\t\t\t\t<div class=\"elementor-element elementor-element-66ea8b4 elementor-widget elementor-widget-heading\" data-id=\"66ea8b4\" data-element_type=\"widget\" data-settings=\"{&quot;_animation&quot;:&quot;none&quot;}\" data-widget_type=\"heading.default\">\n\t\t\t\t<div class=\"elementor-widget-container\">\n\t\t\t\t\t<h2 class=\"elementor-heading-title elementor-size-default\">Voc\u00ea tem as instala\u00e7\u00f5es, n\u00f3s tratamos do planeamento, da tecnologia e do apoio<\/h2>\t\t\t\t<\/div>\n\t\t\t\t<\/div>\n\t\t\t\t<div class=\"elementor-element elementor-element-d16fcf6 elementor-widget__width-inherit elementor-widget elementor-widget-text-editor\" data-id=\"d16fcf6\" data-element_type=\"widget\" data-widget_type=\"text-editor.default\">\n\t\t\t\t<div class=\"elementor-widget-container\">\n\t\t\t\t\t\t\t\t\t<p>Enquanto centro de confer\u00eancias, pretende oferecer aos seus clientes e respectivos convidados uma plataforma profissional para confer\u00eancias, feiras comerciais e congressos. Pretende criar uma atmosfera agrad\u00e1vel e dar aos participantes uma sensa\u00e7\u00e3o de conforto e seguran\u00e7a. As apresenta\u00e7\u00f5es e palestras devem decorrer sem problemas com a moderna tecnologia de confer\u00eancias.<\/p><p>\u00a0<\/p><p>Al\u00e9m disso, o local deve ser de f\u00e1cil acesso e oferecer boas liga\u00e7\u00f5es aos caminhos-de-ferro, transportes p\u00fablicos e outros meios de transporte, uma vez que a acessibilidade e a sustentabilidade est\u00e3o cada vez mais em foco.<\/p><p>\u00a0<\/p><p>Um bom local de evento deve impressionar o p\u00fablico e deixar uma impress\u00e3o duradoura. Os participantes devem aguardar com expetativa o evento e poder concentrar-se na aprendizagem e no desenvolvimento de novas ideias e na realiza\u00e7\u00e3o de novos contactos.<\/p>\t\t\t\t\t\t\t\t<\/div>\n\t\t\t\t<\/div>\n\t\t\t\t\t<\/div>\n\t\t\t\t<\/div>\n\t\t<div data-particle_enable=\"false\" data-particle-mobile-disabled=\"false\" class=\"elementor-element elementor-element-455c20b e-flex e-con-boxed e-con e-parent\" data-id=\"455c20b\" data-element_type=\"container\" data-settings=\"{&quot;animation&quot;:&quot;none&quot;}\">\n\t\t\t\t\t<div class=\"e-con-inner\">\n\t\t\t\t<div class=\"elementor-element elementor-element-7734196 elementor-widget elementor-widget-heading\" data-id=\"7734196\" data-element_type=\"widget\" data-settings=\"{&quot;_animation&quot;:&quot;none&quot;}\" data-widget_type=\"heading.default\">\n\t\t\t\t<div class=\"elementor-widget-container\">\n\t\t\t\t\t<h2 class=\"elementor-heading-title elementor-size-default\">T\u00f3picos frequentes<\/h2>\t\t\t\t<\/div>\n\t\t\t\t<\/div>\n\t\t\t\t<div class=\"elementor-element elementor-element-1e5ddfb elementor-widget__width-inherit elementor-widget elementor-widget-eael-post-list\" data-id=\"1e5ddfb\" data-element_type=\"widget\" data-settings=\"{&quot;_animation&quot;:&quot;none&quot;}\" data-widget_type=\"eael-post-list.default\">\n\t\t\t\t<div class=\"elementor-widget-container\">\n\t\t\t\t\t<div class=\"eael-post-list-container advanced layout-advanced\"><div class=\"eael-post-list-wrap\"><div class=\"eael-post-list-posts-wrap eael-post-appender eael-post-appender-1e5ddfb\"><div class=\"eael-post-list-post\"><div class=\"eael-post-list-post-inner\"><div class=\"eael-post-list-thumbnail\"><a href=\"https:\/\/konferenztechnik.de\/pt\/transmissao\/\">\n                <img decoding=\"async\" src=\"https:\/\/konferenztechnik.de\/wp-content\/uploads\/2023\/04\/streaming-hosting-events-jpg.webp\" alt=\"Dire\u00e7\u00e3o de som e dire\u00e7\u00e3o de v\u00eddeo com t\u00e9cnicos de eventos numa sala de confer\u00eancias, com a inscri\u00e7\u00e3o &quot;Live - Live - Live&quot; v\u00e1rias vezes \u00e0 frente\" title=\"\">\n            <\/a><\/div><div class=\"eael-post-list-content\"><h3 class=\"eael-post-list-title\"><a href=\"https:\/\/konferenztechnik.de\/pt\/transmissao\/\" >Streaming e alojamento<\/a><\/h3><p>Transmiss\u00e3o de conte\u00fados em direto e de v\u00eddeo, arquivo e disponibiliza\u00e7\u00e3o em servidores e plataformas de v\u00eddeo<\/p><a href=\"https:\/\/konferenztechnik.de\/pt\/transmissao\/\" class=\"eael-post-elements-readmore-btn\" >\u203a mais<\/a><div class=\"boxed-meta\"><\/div><\/div><\/div><\/div><div class=\"eael-post-list-post\"><div class=\"eael-post-list-post-inner\"><div class=\"eael-post-list-thumbnail\"><a href=\"https:\/\/konferenztechnik.de\/pt\/paginas-de-destino-para-eventos-plataformas-virtuais-de-eventos\/\">\n                <img decoding=\"async\" src=\"https:\/\/konferenztechnik.de\/wp-content\/uploads\/2023\/03\/landingpage-beitrag.jpg\" alt=\"\" title=\"\">\n            <\/a><\/div><div class=\"eael-post-list-content\"><h3 class=\"eael-post-list-title\"><a href=\"https:\/\/konferenztechnik.de\/pt\/paginas-de-destino-para-eventos-plataformas-virtuais-de-eventos\/\" >P\u00e1ginas de destino para eventos, plataformas de eventos virtuais<\/a><\/h3><p>Landing pages para eventos, plataformas de eventos virtuais O pacote b\u00e1sico \u00e9 composto pelos seguintes elementos...<\/p><a href=\"https:\/\/konferenztechnik.de\/pt\/paginas-de-destino-para-eventos-plataformas-virtuais-de-eventos\/\" class=\"eael-post-elements-readmore-btn\" >\u203a mais<\/a><div class=\"boxed-meta\"><\/div><\/div><\/div><\/div><div class=\"eael-post-list-post\"><div class=\"eael-post-list-post-inner\"><div class=\"eael-post-list-thumbnail\"><a href=\"https:\/\/konferenztechnik.de\/pt\/pacotes-de-salas-de-conferencia-pcs-salas-de-conferencia-hibridas-modernas-em-condicoes-favoraveis\/\">\n                <img decoding=\"async\" src=\"https:\/\/konferenztechnik.de\/wp-content\/uploads\/2023\/03\/konferenzraum-bundles.jpg\" alt=\"\" title=\"\">\n            <\/a><\/div><div class=\"eael-post-list-content\"><h3 class=\"eael-post-list-title\"><a href=\"https:\/\/konferenztechnik.de\/pt\/pacotes-de-salas-de-conferencia-pcs-salas-de-conferencia-hibridas-modernas-em-condicoes-favoraveis\/\" >Pacotes de salas de confer\u00eancia<\/a><\/h3><p>Salas de reuni\u00f5es interactivas, h\u00edbridas, sem fios e flex\u00edveis a partir de 5.000 euros<\/p><a href=\"https:\/\/konferenztechnik.de\/pt\/pacotes-de-salas-de-conferencia-pcs-salas-de-conferencia-hibridas-modernas-em-condicoes-favoraveis\/\" class=\"eael-post-elements-readmore-btn\" >\u203a mais<\/a><div class=\"boxed-meta\"><\/div><\/div><\/div><\/div><div class=\"eael-post-list-post\"><div class=\"eael-post-list-post-inner\"><div class=\"eael-post-list-thumbnail\"><a href=\"https:\/\/konferenztechnik.de\/pt\/eventos-hibridos\/\">\n                <img decoding=\"async\" src=\"https:\/\/konferenztechnik.de\/wp-content\/uploads\/2023\/06\/hybride-events-jpg.webp\" alt=\"Dois apresentadores est\u00e3o de p\u00e9 num palco e podem ser vistos simultaneamente numa segunda sec\u00e7\u00e3o de imagem digital num monitor de PC - como um s\u00edmbolo para eventos h\u00edbridos\" title=\"\">\n            <\/a><\/div><div class=\"eael-post-list-content\"><h3 class=\"eael-post-list-title\"><a href=\"https:\/\/konferenztechnik.de\/pt\/eventos-hibridos\/\" >Eventos h\u00edbridos<\/a><\/h3><p>Ligamos pessoas, espa\u00e7os e lugares. Participantes digitais, participantes presenciais, oradores e espectadores...<\/p><a href=\"https:\/\/konferenztechnik.de\/pt\/eventos-hibridos\/\" class=\"eael-post-elements-readmore-btn\" >\u203a mais<\/a><div class=\"boxed-meta\"><\/div><\/div><\/div><\/div><div class=\"eael-post-list-post\"><div class=\"eael-post-list-post-inner\"><div class=\"eael-post-list-thumbnail\"><a href=\"https:\/\/konferenztechnik.de\/pt\/sistemas-de-interpretacao-e-tecnologia-de-interpretacao-aluguer-compra-instalacao\/\">\n                <img decoding=\"async\" src=\"https:\/\/konferenztechnik.de\/wp-content\/uploads\/2023\/05\/simultantechnik-dolmetscheranlagen-mieten-kaufen-leasen-jpg.webp\" alt=\"\" title=\"\">\n            <\/a><\/div><div class=\"eael-post-list-content\"><h3 class=\"eael-post-list-title\"><a href=\"https:\/\/konferenztechnik.de\/pt\/sistemas-de-interpretacao-e-tecnologia-de-interpretacao-aluguer-compra-instalacao\/\" >Sistemas de interpreta\u00e7\u00e3o e tecnologias de interpreta\u00e7\u00e3o<\/a><\/h3><p>Sistemas de interpreta\u00e7\u00e3o sem fios com cabinas de interpreta\u00e7\u00e3o e sistemas de discuss\u00e3o com cabinas de interpreta\u00e7\u00e3o<\/p><a href=\"https:\/\/konferenztechnik.de\/pt\/sistemas-de-interpretacao-e-tecnologia-de-interpretacao-aluguer-compra-instalacao\/\" class=\"eael-post-elements-readmore-btn\" >\u203a mais<\/a><div class=\"boxed-meta\"><\/div><\/div><\/div><\/div><div class=\"eael-post-list-post\"><div class=\"eael-post-list-post-inner\"><div class=\"eael-post-list-thumbnail\"><a href=\"https:\/\/konferenztechnik.de\/pt\/centros-de-interpretacao-e-estudios-de-interpretacao\/\">\n                <img decoding=\"async\" src=\"https:\/\/konferenztechnik.de\/wp-content\/uploads\/2023\/04\/dolmetschhubs.jpg\" alt=\"Vista para um est\u00fadio de interpreta\u00e7\u00e3o, onde os int\u00e9rpretes seguem um orador num grande monitor e traduzem para v\u00e1rias outras l\u00ednguas nas suas cabinas \u00e0 prova de som\" title=\"\">\n            <\/a><\/div><div class=\"eael-post-list-content\"><h3 class=\"eael-post-list-title\"><a href=\"https:\/\/konferenztechnik.de\/pt\/centros-de-interpretacao-e-estudios-de-interpretacao\/\" >Centros de interpreta\u00e7\u00e3o e est\u00fadios de interpreta\u00e7\u00e3o<\/a><\/h3><p>Os nossos centros profissionais de interpreta\u00e7\u00e3o \u00e0 dist\u00e2ncia, interpreta\u00e7\u00e3o para videoconfer\u00eancias, streaming e reuni\u00f5es no local<\/p><a href=\"https:\/\/konferenztechnik.de\/pt\/centros-de-interpretacao-e-estudios-de-interpretacao\/\" class=\"eael-post-elements-readmore-btn\" >\u203a mais<\/a><div class=\"boxed-meta\"><\/div><\/div><\/div><\/div><div class=\"eael-post-list-post\"><div class=\"eael-post-list-post-inner\"><div class=\"eael-post-list-thumbnail\"><a href=\"https:\/\/konferenztechnik.de\/pt\/aluguer-compra-instalacao-aluguer-de-sistemas-de-discussao-estacoes-de-intercomunicacao\/\">\n                <img decoding=\"async\" src=\"https:\/\/konferenztechnik.de\/wp-content\/uploads\/2023\/06\/diskussionsanlage-sprechstellen-tischmikrofone.jpg\" alt=\"Unidades de microfone de mesa distribu\u00eddas \u00e0 volta de uma mesa de confer\u00eancia, com microfones gooseneck\" title=\"\">\n            <\/a><\/div><div class=\"eael-post-list-content\"><h3 class=\"eael-post-list-title\"><a href=\"https:\/\/konferenztechnik.de\/pt\/aluguer-compra-instalacao-aluguer-de-sistemas-de-discussao-estacoes-de-intercomunicacao\/\" >Aluguer, compra, instala\u00e7\u00e3o, aluguer de sistemas de discuss\u00e3o \u2013, esta\u00e7\u00f5es de intercomunica\u00e7\u00e3o<\/a><\/h3><p>Aluguer, compra, instala\u00e7\u00e3o, aluguer de sistemas de discuss\u00e3o \u2013, esta\u00e7\u00f5es de intercomunica\u00e7\u00e3o<\/p><a href=\"https:\/\/konferenztechnik.de\/pt\/aluguer-compra-instalacao-aluguer-de-sistemas-de-discussao-estacoes-de-intercomunicacao\/\" class=\"eael-post-elements-readmore-btn\" >\u203a mais<\/a><div class=\"boxed-meta\"><\/div><\/div><\/div><\/div><div class=\"eael-post-list-post\"><div class=\"eael-post-list-post-inner\"><div class=\"eael-post-list-thumbnail\"><a href=\"https:\/\/konferenztechnik.de\/pt\/aluguer-de-equipamento-audio-e-video-av-comprar-instalar-aluguer\/\">\n                <img decoding=\"async\" src=\"https:\/\/konferenztechnik.de\/wp-content\/uploads\/2023\/03\/audio-und-videotechnik-mieten-kaufen-installieren-1024x614.avif\" alt=\"tecnologia de \u00e1udio e v\u00eddeo - aluguer - compra - instala\u00e7\u00e3o\" title=\"\">\n            <\/a><\/div><div class=\"eael-post-list-content\"><h3 class=\"eael-post-list-title\"><a href=\"https:\/\/konferenztechnik.de\/pt\/aluguer-de-equipamento-audio-e-video-av-comprar-instalar-aluguer\/\" >AV: Tecnologia de \u00e1udio e v\u00eddeo<\/a><\/h3><p>Microfones, tecnologia de altifalantes, p\u00falpitos, telefones h\u00edbridos, distribuidores de imprensa, software de registo de esteno...<\/p><a href=\"https:\/\/konferenztechnik.de\/pt\/aluguer-de-equipamento-audio-e-video-av-comprar-instalar-aluguer\/\" class=\"eael-post-elements-readmore-btn\" >\u203a mais<\/a><div class=\"boxed-meta\"><\/div><\/div><\/div><\/div><\/div><\/div>\n\t\t<\/div>\t\t\t\t<\/div>\n\t\t\t\t<\/div>\n\t\t\t\t\t<\/div>\n\t\t\t\t<\/div>\n\t\t<div data-particle_enable=\"false\" data-particle-mobile-disabled=\"false\" class=\"elementor-element elementor-element-eaddbcf e-flex e-con-boxed e-con e-parent\" data-id=\"eaddbcf\" data-element_type=\"container\">\n\t\t\t\t\t<div class=\"e-con-inner\">\n\t\t\t\t<div class=\"elementor-element elementor-element-16f26b9 elementor-widget__width-inherit elementor-widget elementor-widget-heading\" data-id=\"16f26b9\" data-element_type=\"widget\" data-widget_type=\"heading.default\">\n\t\t\t\t<div class=\"elementor-widget-container\">\n\t\t\t\t\t<h2 class=\"elementor-heading-title elementor-size-default\">Refer\u00eancias: Hot\u00e9is, feiras comerciais, centros de confer\u00eancias<\/h2>\t\t\t\t<\/div>\n\t\t\t\t<\/div>\n\t\t\t\t<div class=\"elementor-element elementor-element-b211c26 elementor-widget__width-inherit elementor-widget elementor-widget-text-editor\" data-id=\"b211c26\" data-element_type=\"widget\" data-widget_type=\"text-editor.default\">\n\t\t\t\t<div class=\"elementor-widget-container\">\n\t\t\t\t\t\t\t\t\t<ul><li>Academia de Sa\u00fade P\u00fablica de D\u00fcsseldorf<\/li><li>Ballhaus Ost e.V. Berlim<\/li><li>Casa Beethoven Bona<\/li><li>Bochumer Veranstaltungs-GmbH<\/li><li>Congressos e Eventos Heidenheim GmbH<\/li><li>Estrel Berlim<\/li><li>Festspielhaus e Festspiele Baden-Baden gGmbH<\/li><li>Casa da T\u00e9cnica e.V. Essen<\/li><li>Hotel ESPERANTO Kongress- und Kulturzentrum GmbH &amp; Co. KG Fulda<\/li><li>K\u00f6lnmesse GmbH<\/li><li>Hotel de congressos no Lago Templin<\/li><li>Centro de Feiras e Exposi\u00e7\u00f5es de Estugarda<\/li><li>Leipziger Messe GmbH<\/li><li>Centro de Confer\u00eancias e Eventos Luise-Albertz-Halle GmbH Oberhausen<\/li><li>Mercure Hotel MOA Berlim<\/li><li>Messe Berlin GmbH<\/li><li>Centro de Feiras e Exposi\u00e7\u00f5es de D\u00fcsseldorf<\/li><li>Messe M\u00fcnchen GmbH<\/li><li>Messe- und Veranstaltungs GmbH Kleist Forum Frankfurt\/Oder<\/li><li>M\u00f6venpick Hotel Berlim<\/li><li>Museu Kunstpalast D\u00fcsseldorf<\/li><li>Teatro Frankfurt<br \/>Tanzhaus NRW e.V. D\u00fcsseldorf<\/li><li>Velberter Kulturloewen \u2013 Kultur- und Veranstaltungsbetrieb Velbert<\/li><li>Casa Wolf-Ferrari Ottobrunn<\/li><\/ul>\t\t\t\t\t\t\t\t<\/div>\n\t\t\t\t<\/div>\n\t\t\t\t<div class=\"elementor-element elementor-element-f277dec elementor-icon-list--layout-traditional elementor-list-item-link-full_width elementor-widget elementor-widget-icon-list\" data-id=\"f277dec\" data-element_type=\"widget\" data-widget_type=\"icon-list.default\">\n\t\t\t\t<div class=\"elementor-widget-container\">\n\t\t\t\t\t\t\t<ul class=\"elementor-icon-list-items\">\n\t\t\t\t\t\t\t<li class=\"elementor-icon-list-item\">\n\t\t\t\t\t\t\t\t\t\t\t<a href=\"\/pt\/referencias\/\">\n\n\t\t\t\t\t\t\t\t\t\t\t\t<span class=\"elementor-icon-list-icon\">\n\t\t\t\t\t\t\t<svg aria-hidden=\"true\" class=\"e-font-icon-svg e-fas-chevron-right\" viewbox=\"0 0 320 512\" xmlns=\"http:\/\/www.w3.org\/2000\/svg\"><path d=\"M285.476 272.971L91.132 467.314c-9.373 9.373-24.569 9.373-33.941 0l-22.667-22.667c-9.357-9.357-9.375-24.522-.04-33.901L188.505 256 34.484 101.255c-9.335-9.379-9.317-24.544.04-33.901l22.667-22.667c9.373-9.373 24.569-9.373 33.941 0L285.475 239.03c9.373 9.372 9.373 24.568.001 33.941z\"><\/path><\/svg>\t\t\t\t\t\t<\/span>\n\t\t\t\t\t\t\t\t\t\t<span class=\"elementor-icon-list-text\">Outras refer\u00eancias<\/span>\n\t\t\t\t\t\t\t\t\t\t\t<\/a>\n\t\t\t\t\t\t\t\t\t<\/li>\n\t\t\t\t\t\t<\/ul>\n\t\t\t\t\t\t<\/div>\n\t\t\t\t<\/div>\n\t\t\t\t\t<\/div>\n\t\t\t\t<\/div>\n\t\t<div data-particle_enable=\"false\" data-particle-mobile-disabled=\"false\" class=\"elementor-element elementor-element-e62a659 e-flex e-con-boxed e-con e-parent\" data-id=\"e62a659\" data-element_type=\"container\">\n\t\t\t\t\t<div class=\"e-con-inner\">\n\t\t\t\t<div class=\"elementor-element elementor-element-53f5abf elementor-widget elementor-widget-shortcode\" data-id=\"53f5abf\" data-element_type=\"widget\" data-widget_type=\"shortcode.default\">\n\t\t\t\t<div class=\"elementor-widget-container\">\n\t\t\t\t\t\t\t<div class=\"elementor-shortcode\"><\/div>\n\t\t\t\t\t\t<\/div>\n\t\t\t\t<\/div>\n\t\t\t\t\t<\/div>\n\t\t\t\t<\/div>\n\t\t<div data-particle_enable=\"false\" data-particle-mobile-disabled=\"false\" class=\"elementor-element elementor-element-14d115f e-flex e-con-boxed e-con e-parent\" data-id=\"14d115f\" data-element_type=\"container\">\n\t\t\t\t\t<div class=\"e-con-inner\">\n\t\t\t\t<div class=\"elementor-element elementor-element-0f53c4b elementor-widget elementor-widget-shortcode\" data-id=\"0f53c4b\" data-element_type=\"widget\" data-widget_type=\"shortcode.default\">\n\t\t\t\t<div class=\"elementor-widget-container\">\n\t\t\t\t\t\t\t<div class=\"elementor-shortcode\"><\/div>\n\t\t\t\t\t\t<\/div>\n\t\t\t\t<\/div>\n\t\t\t\t\t<\/div>\n\t\t\t\t<\/div>\n\t\t\t\t<\/div>","protected":false},"excerpt":{"rendered":"<p>Hot\u00e9is, feiras comerciais, locais de confer\u00eancias Informe-se agora Tem as instala\u00e7\u00f5es, n\u00f3s tratamos do planeamento, da tecnologia e do apoio Como local de confer\u00eancias, pretende oferecer aos seus clientes e respectivos convidados uma plataforma profissional para confer\u00eancias, feiras comerciais e congressos. Pretende criar uma atmosfera agrad\u00e1vel e dar aos participantes uma sensa\u00e7\u00e3o de conforto e seguran\u00e7a. As apresenta\u00e7\u00f5es e palestras devem ser organizadas com [...]<\/p>","protected":false},"author":1,"featured_media":40093,"parent":0,"menu_order":0,"comment_status":"closed","ping_status":"closed","template":"","meta":{"_acf_changed":false,"footnotes":""},"class_list":["post-40071","page","type-page","status-publish","has-post-thumbnail","hentry"],"acf":[],"_links":{"self":[{"href":"https:\/\/konferenztechnik.de\/pt\/wp-json\/wp\/v2\/pages\/40071","targetHints":{"allow":["GET"]}}],"collection":[{"href":"https:\/\/konferenztechnik.de\/pt\/wp-json\/wp\/v2\/pages"}],"about":[{"href":"https:\/\/konferenztechnik.de\/pt\/wp-json\/wp\/v2\/types\/page"}],"author":[{"embeddable":true,"href":"https:\/\/konferenztechnik.de\/pt\/wp-json\/wp\/v2\/users\/1"}],"replies":[{"embeddable":true,"href":"https:\/\/konferenztechnik.de\/pt\/wp-json\/wp\/v2\/comments?post=40071"}],"version-history":[{"count":0,"href":"https:\/\/konferenztechnik.de\/pt\/wp-json\/wp\/v2\/pages\/40071\/revisions"}],"wp:featuredmedia":[{"embeddable":true,"href":"https:\/\/konferenztechnik.de\/pt\/wp-json\/wp\/v2\/media\/40093"}],"wp:attachment":[{"href":"https:\/\/konferenztechnik.de\/pt\/wp-json\/wp\/v2\/media?parent=40071"}],"curies":[{"name":"wp","href":"https:\/\/api.w.org\/{rel}","templated":true}]}}