{"id":42472,"date":"2023-11-16T16:48:24","date_gmt":"2023-11-16T15:48:24","guid":{"rendered":"https:\/\/konferenztechnik.de\/?page_id=42472"},"modified":"2025-12-21T14:24:49","modified_gmt":"2025-12-21T13:24:49","slug":"diversidade","status":"publish","type":"page","link":"https:\/\/konferenztechnik.de\/pt\/diversidade\/","title":{"rendered":"Diversidade"},"content":{"rendered":"<div data-elementor-type=\"wp-page\" data-elementor-id=\"42472\" class=\"elementor elementor-42472\" data-elementor-post-type=\"page\">\n\t\t\t\t<div data-particle_enable=\"false\" data-particle-mobile-disabled=\"false\" class=\"elementor-element elementor-element-a93d54a e-flex e-con-boxed e-con e-parent\" data-id=\"a93d54a\" data-element_type=\"container\">\n\t\t\t\t\t<div class=\"e-con-inner\">\n\t\t\t\t<div class=\"elementor-element elementor-element-f9efbc0 elementor-widget elementor-widget-heading\" data-id=\"f9efbc0\" data-element_type=\"widget\" data-settings=\"{&quot;_animation&quot;:&quot;none&quot;}\" data-widget_type=\"heading.default\">\n\t\t\t\t<div class=\"elementor-widget-container\">\n\t\t\t\t\t<h2 class=\"elementor-heading-title elementor-size-default\">Diversidade<\/h2>\t\t\t\t<\/div>\n\t\t\t\t<\/div>\n\t\t\t\t<div class=\"elementor-element elementor-element-25493ae elementor-widget__width-inherit elementor-widget elementor-widget-text-editor\" data-id=\"25493ae\" data-element_type=\"widget\" data-widget_type=\"text-editor.default\">\n\t\t\t\t<div class=\"elementor-widget-container\">\n\t\t\t\t\t\t\t\t\t<p>A diversidade n\u00e3o \u00e9 apenas um objetivo, mas uma parte indispens\u00e1vel da nossa identidade empresarial. N\u00e3o s\u00f3 nos torna mais humanos, como tamb\u00e9m mais fortes e mais bem sucedidos. Acreditamos firmemente que a diversidade da nossa for\u00e7a de trabalho \u00e9 a for\u00e7a motriz do nosso sucesso.<\/p>\t\t\t\t\t\t\t\t<\/div>\n\t\t\t\t<\/div>\n\t\t\t\t<div class=\"elementor-element elementor-element-a3ebc4f elementor-widget__width-inherit elementor-widget elementor-widget-text-editor\" data-id=\"a3ebc4f\" data-element_type=\"widget\" data-widget_type=\"text-editor.default\">\n\t\t\t\t<div class=\"elementor-widget-container\">\n\t\t\t\t\t\t\t\t\t<p>Respeitamos a personalidade dos nossos colaboradores, independentemente da idade, origem \u00e9tnica ou social, g\u00e9nero, orienta\u00e7\u00e3o sexual, capacidades f\u00edsicas e mentais, religi\u00e3o e ideologia, e seguimos os princ\u00edpios da <a href=\"https:\/\/www.antidiskriminierungsstelle.de\/SharedDocs\/downloads\/DE\/publikationen\/AGG\/agg_gleichbehandlungsgesetz.pdf?__blob=publicationFile\" target=\"_blank\" rel=\"noopener\">Lei geral sobre a igualdade de oportunidades<\/a> e o <a href=\"https:\/\/www.charta-der-vielfalt.de\/fuer-arbeitgebende\/vielfaltsdimensionen\/\" target=\"_blank\" rel=\"noopener\">Carta da Diversidade<\/a>.<\/p>\t\t\t\t\t\t\t\t<\/div>\n\t\t\t\t<\/div>\n\t\t\t\t<div class=\"elementor-element elementor-element-6883389 elementor-widget__width-inherit elementor-widget elementor-widget-text-editor\" data-id=\"6883389\" data-element_type=\"widget\" data-widget_type=\"text-editor.default\">\n\t\t\t\t<div class=\"elementor-widget-container\">\n\t\t\t\t\t\t\t\t\t<p>N\u00f3s defendemos:<\/p>\t\t\t\t\t\t\t\t<\/div>\n\t\t\t\t<\/div>\n\t\t\t\t<div class=\"elementor-element elementor-element-12f235f elementor-widget__width-inherit elementor-widget elementor-widget-text-editor\" data-id=\"12f235f\" data-element_type=\"widget\" data-widget_type=\"text-editor.default\">\n\t\t\t\t<div class=\"elementor-widget-container\">\n\t\t\t\t\t\t\t\t\t<ul><li>Compreens\u00e3o e considera\u00e7\u00e3o m\u00fatua<\/li><li>Rejei\u00e7\u00e3o da discrimina\u00e7\u00e3o<\/li><li>Abertura, respeito e aceita\u00e7\u00e3o<\/li><li>Diferentes mentalidades, aptid\u00f5es, experi\u00eancias e compet\u00eancias<\/li><li>Igualdade de remunera\u00e7\u00e3o independentemente do g\u00e9nero<\/li><\/ul>\t\t\t\t\t\t\t\t<\/div>\n\t\t\t\t<\/div>\n\t\t\t\t<div class=\"elementor-element elementor-element-a041911 elementor-widget__width-inherit elementor-widget elementor-widget-text-editor\" data-id=\"a041911\" data-element_type=\"widget\" data-widget_type=\"text-editor.default\">\n\t\t\t\t<div class=\"elementor-widget-container\">\n\t\t\t\t\t\t\t\t\t<p>Em caso de d\u00favidas, entre em contacto com J\u00f6rg Peschka atrav\u00e9s do endere\u00e7o<a href=\"mailto:peschka@konferenztechnik.de\"> peschka@konferenztechnik.de<\/a><\/p>\t\t\t\t\t\t\t\t<\/div>\n\t\t\t\t<\/div>\n\t\t\t\t\t<\/div>\n\t\t\t\t<\/div>\n\t\t\t\t<\/div>","protected":false},"excerpt":{"rendered":"<p>Diversity Vielfalt ist nicht nur ein Ziel, sondern ein unverzichtbarer Bestandteil unserer Unternehmensidentit\u00e4t. Sie macht uns nicht nur menschlicher, sondern auch st\u00e4rker und erfolgreicher. Wir glauben fest daran, dass die Vielfalt unserer Belegschaft die treibende Kraft hinter unserem Erfolg ist. Wir achten die Pers\u00f6nlichkeit unserer Mitarbeitenden unabh\u00e4ngig von Alter, ethnischer oder sozialer Herkunft, Geschlecht, sexueller [&hellip;]<\/p>","protected":false},"author":1,"featured_media":45482,"parent":0,"menu_order":0,"comment_status":"closed","ping_status":"closed","template":"","meta":{"_acf_changed":false,"footnotes":""},"class_list":["post-42472","page","type-page","status-publish","has-post-thumbnail","hentry"],"acf":[],"_links":{"self":[{"href":"https:\/\/konferenztechnik.de\/pt\/wp-json\/wp\/v2\/pages\/42472","targetHints":{"allow":["GET"]}}],"collection":[{"href":"https:\/\/konferenztechnik.de\/pt\/wp-json\/wp\/v2\/pages"}],"about":[{"href":"https:\/\/konferenztechnik.de\/pt\/wp-json\/wp\/v2\/types\/page"}],"author":[{"embeddable":true,"href":"https:\/\/konferenztechnik.de\/pt\/wp-json\/wp\/v2\/users\/1"}],"replies":[{"embeddable":true,"href":"https:\/\/konferenztechnik.de\/pt\/wp-json\/wp\/v2\/comments?post=42472"}],"version-history":[{"count":0,"href":"https:\/\/konferenztechnik.de\/pt\/wp-json\/wp\/v2\/pages\/42472\/revisions"}],"wp:featuredmedia":[{"embeddable":true,"href":"https:\/\/konferenztechnik.de\/pt\/wp-json\/wp\/v2\/media\/45482"}],"wp:attachment":[{"href":"https:\/\/konferenztechnik.de\/pt\/wp-json\/wp\/v2\/media?parent=42472"}],"curies":[{"name":"wp","href":"https:\/\/api.w.org\/{rel}","templated":true}]}}