{"id":48990,"date":"2025-12-29T13:32:01","date_gmt":"2025-12-29T12:32:01","guid":{"rendered":"https:\/\/konferenztechnik.de\/?page_id=48990"},"modified":"2025-12-30T10:00:21","modified_gmt":"2025-12-30T09:00:21","slug":"prazer-em-conhece-lo","status":"publish","type":"page","link":"https:\/\/konferenztechnik.de\/pt\/prazer-em-conhece-lo\/","title":{"rendered":"Prazer em conhec\u00ea-lo"},"content":{"rendered":"<div data-elementor-type=\"wp-page\" data-elementor-id=\"48990\" class=\"elementor elementor-48990\" data-elementor-post-type=\"page\">\n\t\t\t\t<div data-particle_enable=\"false\" data-particle-mobile-disabled=\"false\" class=\"elementor-element elementor-element-3b0c6a2 e-flex e-con-boxed e-con e-parent\" data-id=\"3b0c6a2\" data-element_type=\"container\">\n\t\t\t\t\t<div class=\"e-con-inner\">\n\t\t<div data-particle_enable=\"false\" data-particle-mobile-disabled=\"false\" class=\"elementor-element elementor-element-7708789 e-con-full e-flex e-con e-child\" data-id=\"7708789\" data-element_type=\"container\">\n\t\t\t\t<div class=\"elementor-element elementor-element-0bc6098 elementor-widget elementor-widget-heading\" data-id=\"0bc6098\" data-element_type=\"widget\" data-widget_type=\"heading.default\">\n\t\t\t\t<div class=\"elementor-widget-container\">\n\t\t\t\t\t<h1 class=\"elementor-heading-title elementor-size-default\">Boom nos eventos presenciais \u2013: por que os eventos ao vivo est\u00e3o novamente em destaque<\/h1>\t\t\t\t<\/div>\n\t\t\t\t<\/div>\n\t\t\t\t<div class=\"elementor-element elementor-element-491b584 elementor-widget__width-initial elementor-widget elementor-widget-image\" data-id=\"491b584\" data-element_type=\"widget\" data-widget_type=\"image.default\">\n\t\t\t\t<div class=\"elementor-widget-container\">\n\t\t\t\t\t\t\t\t\t\t\t\t\t\t\t<img fetchpriority=\"high\" decoding=\"async\" width=\"1300\" height=\"492\" src=\"https:\/\/konferenztechnik.de\/wp-content\/uploads\/2025\/12\/nice-to-meet-you-events-konferenzen.avif\" class=\"attachment-full size-full wp-image-49034\" alt=\"\" srcset=\"https:\/\/konferenztechnik.de\/wp-content\/uploads\/2025\/12\/nice-to-meet-you-events-konferenzen.avif 1300w, https:\/\/konferenztechnik.de\/wp-content\/uploads\/2025\/12\/nice-to-meet-you-events-konferenzen-300x114.avif 300w, https:\/\/konferenztechnik.de\/wp-content\/uploads\/2025\/12\/nice-to-meet-you-events-konferenzen-1024x388.avif 1024w, https:\/\/konferenztechnik.de\/wp-content\/uploads\/2025\/12\/nice-to-meet-you-events-konferenzen-768x291.avif 768w, https:\/\/konferenztechnik.de\/wp-content\/uploads\/2025\/12\/nice-to-meet-you-events-konferenzen-18x7.avif 18w\" sizes=\"(max-width: 1300px) 100vw, 1300px\" title=\"\">\t\t\t\t\t\t\t\t\t\t\t\t\t\t\t<\/div>\n\t\t\t\t<\/div>\n\t\t<div data-particle_enable=\"false\" data-particle-mobile-disabled=\"false\" class=\"elementor-element elementor-element-af45b5a e-con-full e-flex e-con e-child\" data-id=\"af45b5a\" data-element_type=\"container\">\n\t\t\t\t<div class=\"elementor-element elementor-element-d6f1af2 elementor-widget elementor-widget-button\" data-id=\"d6f1af2\" data-element_type=\"widget\" data-widget_type=\"button.default\">\n\t\t\t\t<div class=\"elementor-widget-container\">\n\t\t\t\t\t\t\t\t\t<div class=\"elementor-button-wrapper\">\n\t\t\t\t\t<a class=\"elementor-button elementor-button-link elementor-size-lg\" href=\"#serviceteam\">\n\t\t\t\t\t\t<span class=\"elementor-button-content-wrapper\">\n\t\t\t\t\t\t<span class=\"elementor-button-icon\">\n\t\t\t\t<svg aria-hidden=\"true\" class=\"e-font-icon-svg e-far-arrow-alt-circle-down\" viewbox=\"0 0 512 512\" xmlns=\"http:\/\/www.w3.org\/2000\/svg\"><path d=\"M256 8C119 8 8 119 8 256s111 248 248 248 248-111 248-248S393 8 256 8zm0 448c-110.5 0-200-89.5-200-200S145.5 56 256 56s200 89.5 200 200-89.5 200-200 200zm-32-316v116h-67c-10.7 0-16 12.9-8.5 20.5l99 99c4.7 4.7 12.3 4.7 17 0l99-99c7.6-7.6 2.2-20.5-8.5-20.5h-67V140c0-6.6-5.4-12-12-12h-40c-6.6 0-12 5.4-12 12z\"><\/path><\/svg>\t\t\t<\/span>\n\t\t\t\t\t\t\t\t\t<span class=\"elementor-button-text\">Marque uma consulta gratuita<\/span>\n\t\t\t\t\t<\/span>\n\t\t\t\t\t<\/a>\n\t\t\t\t<\/div>\n\t\t\t\t\t\t\t\t<\/div>\n\t\t\t\t<\/div>\n\t\t\t\t<\/div>\n\t\t<div data-particle_enable=\"false\" data-particle-mobile-disabled=\"false\" class=\"elementor-element elementor-element-273a243 elementor-hidden-mobile e-con-full e-flex e-con e-child\" data-id=\"273a243\" data-element_type=\"container\">\n\t\t\t\t<div class=\"elementor-element elementor-element-fde8010 elementor-widget__width-inherit elementor-widget elementor-widget-text-editor\" data-id=\"fde8010\" data-element_type=\"widget\" data-widget_type=\"text-editor.default\">\n\t\t\t\t<div class=\"elementor-widget-container\">\n\t\t\t\t\t\t\t\t\t<p>Prazer em conhec\u00ea-lo<\/p>\t\t\t\t\t\t\t\t<\/div>\n\t\t\t\t<\/div>\n\t\t\t\t<div class=\"elementor-element elementor-element-1373eb9 elementor-widget__width-inherit elementor-widget elementor-widget-text-editor\" data-id=\"1373eb9\" data-element_type=\"widget\" data-widget_type=\"text-editor.default\">\n\t\t\t\t<div class=\"elementor-widget-container\">\n\t\t\t\t\t\t\t\t\t<p>Crie<br \/>o evento ao vivo<br \/>Boom em 2026 com <br \/>n\u00f3s.<\/p>\t\t\t\t\t\t\t\t<\/div>\n\t\t\t\t<\/div>\n\t\t\t\t<\/div>\n\t\t<div data-particle_enable=\"false\" data-particle-mobile-disabled=\"false\" class=\"elementor-element elementor-element-358b4cc e-con-full e-flex e-con e-child\" data-id=\"358b4cc\" data-element_type=\"container\">\n\t\t\t\t<div class=\"elementor-element elementor-element-924734b elementor-widget__width-inherit elementor-widget elementor-widget-text-editor\" data-id=\"924734b\" data-element_type=\"widget\" data-widget_type=\"text-editor.default\">\n\t\t\t\t<div class=\"elementor-widget-container\">\n\t\t\t\t\t\t\t\t\t<h2>Por que os eventos ao vivo est\u00e3o novamente em destaque \u2013 e como organizar corretamente as suas confer\u00eancias, reuni\u00f5es e eventos h\u00edbridos para isso.<\/h2>\t\t\t\t\t\t\t\t<\/div>\n\t\t\t\t<\/div>\n\t\t\t\t<div class=\"elementor-element elementor-element-c793eb4 elementor-widget__width-inherit elementor-widget elementor-widget-text-editor\" data-id=\"c793eb4\" data-element_type=\"widget\" data-widget_type=\"text-editor.default\">\n\t\t\t\t<div class=\"elementor-widget-container\">\n\t\t\t\t\t\t\t\t\t<p>Estudos recentes e an\u00e1lises de dados das redes sociais mostram que os eventos presenciais est\u00e3o a voltar com for\u00e7a. Ap\u00f3s anos repletos de formatos online, cresce o desejo por encontros reais, proximidade tang\u00edvel e eventos ao vivo com produ\u00e7\u00e3o profissional. Nesta p\u00e1gina, reunimos conhecimento, exemplos pr\u00e1ticos e orienta\u00e7\u00f5es para todos aqueles que est\u00e3o a planear eventos presenciais e h\u00edbridos.<\/p>\t\t\t\t\t\t\t\t<\/div>\n\t\t\t\t<\/div>\n\t\t\t\t<div class=\"elementor-element elementor-element-c87709a elementor-widget__width-inherit elementor-widget elementor-widget-text-editor\" data-id=\"c87709a\" data-element_type=\"widget\" data-widget_type=\"text-editor.default\">\n\t\t\t\t<div class=\"elementor-widget-container\">\n\t\t\t\t\t\t\t\t\t<p class=\"\">Os eventos presenciais est\u00e3o de volta, e n\u00e3o como uma exce\u00e7\u00e3o nost\u00e1lgica, mas como um elemento estrat\u00e9gico dos conceitos modernos de comunica\u00e7\u00e3o e eventos. Enquanto os feeds s\u00e3o inundados com conte\u00fado gerado por IA e muitas pessoas sentem uma certa fadiga digital, as experi\u00eancias ao vivo est\u00e3o a ganhar novamente import\u00e2ncia.<br \/><br \/><\/p><p class=\"\">Ao mesmo tempo, as expectativas aumentam: confer\u00eancias, congressos e eventos devem ter um conte\u00fado convincente, funcionar tecnicamente sem falhas e transmitir uma imagem profissional ao exterior, quer sejam realizados apenas no local, quer sejam eventos h\u00edbridos com participantes conectados remotamente.<br \/><br \/><\/p><p class=\"\">Nesta p\u00e1gina de vis\u00e3o geral, encontrar\u00e1 a nossa s\u00e9rie de artigos sobre o \u201eboom dos eventos presenciais\u201c: an\u00e1lises compactas, guias pr\u00e1ticos e ideias sobre tecnologia para confer\u00eancias, tecnologia de m\u00eddia, tecnologia de interpreta\u00e7\u00e3o, sistemas de guia tur\u00edstico, acessibilidade e eventos h\u00edbridos. O objetivo \u00e9 ajud\u00e1-lo concretamente no planeamento e na realiza\u00e7\u00e3o do seu pr\u00f3ximo evento.<\/p>\t\t\t\t\t\t\t\t<\/div>\n\t\t\t\t<\/div>\n\t\t\t\t<div class=\"elementor-element elementor-element-470ef42 elementor-widget__width-inherit elementor-widget elementor-widget-text-editor\" data-id=\"470ef42\" data-element_type=\"widget\" data-widget_type=\"text-editor.default\">\n\t\t\t\t<div class=\"elementor-widget-container\">\n\t\t\t\t\t\t\t\t\t<h2>1. Estudos, an\u00e1lises de eventos ao vivo e fadiga digital<\/h2>\t\t\t\t\t\t\t\t<\/div>\n\t\t\t\t<\/div>\n\t\t\t\t<div class=\"elementor-element elementor-element-4af4ecb elementor-widget__width-inherit elementor-widget elementor-widget-text-editor\" data-id=\"4af4ecb\" data-element_type=\"widget\" data-widget_type=\"text-editor.default\">\n\t\t\t\t<div class=\"elementor-widget-container\">\n\t\t\t\t\t\t\t\t\t<p><strong>1. Boom de eventos presenciais em 2025<\/strong><\/p><ul><li><strong>Meltwater \u2013 \u201eO que os profissionais de marketing podem aprender com o boom dos eventos presenciais em 2025\u201c<\/strong><br \/>Analisa dados das redes sociais e mostra: as men\u00e7\u00f5es a eventos presenciais aumentar\u00e3o significativamente em 2025. Recomenda\u00e7\u00e3o para as marcas: usar o alcance digital para fortalecer encontros reais e formatos ao vivo (\u201eeventos IRL\u201c).[1]<\/li><\/ul><p><strong>2. O conte\u00fado torna-se mais \u201ehumano\u201c como contra-tend\u00eancia \u00e0 IA<\/strong><\/p><ul><li><strong>Pense como um editor \u2013 \u201eTend\u00eancias de conte\u00fado para 2025\u201c<\/strong><br \/>Descreve 2025 como o ano em que o conte\u00fado deve tornar-se mais humano novamente, \u201ecomo contrapeso \u00e0 IA\u201c. Autenticidade, personalidade e intera\u00e7\u00e3o genu\u00edna s\u00e3o vistas como caracter\u00edsticas diferenciadoras em rela\u00e7\u00e3o ao conte\u00fado intercambi\u00e1vel da IA.[2]<br \/><br \/><\/li><\/ul><p><strong>3. Tend\u00eancias nas redes sociais e IA, com foco na comunidade e autenticidade<\/strong><\/p><ul><li><strong>HubSpot \u2013 \u201eRelat\u00f3rio sobre as tend\u00eancias das redes sociais para 2025\u201c<\/strong><br \/>Relat\u00f3rio sobre as tend\u00eancias das redes sociais em 2025:<ul><li>forte aumento da produ\u00e7\u00e3o de conte\u00fado assistida por IA<\/li><li>ao mesmo tempo, foco em comunidades aut\u00eanticas, intera\u00e7\u00e3o direta e confian\u00e7a<br \/>Isso refor\u00e7a a tese de que \u201eapenas mais conte\u00fado\u201c n\u00e3o \u00e9 suficiente, mas que as rela\u00e7\u00f5es se tornam mais importantes \u2013, o que pode ser bem combinado com formatos ao vivo.[3]<br \/><br \/><\/li><\/ul><\/li><\/ul><p><strong>4. Conte\u00fado de IA e estrat\u00e9gia de redes sociais<\/strong><\/p><ul><li><strong>Hootsuite \u2013 \u201eSocial Media Trends 2025\u201c (Relat\u00f3rio, PDF)<\/strong><br \/>Mostra como a IA generativa est\u00e1 a tornar-se parte integrante das equipas de redes sociais, mas tamb\u00e9m salienta que as marcas t\u00eam de se destacar com valor acrescentado real, di\u00e1logo e posicionamento claro. Isto pode ser usado como base para argumentar a favor de \u201eencontros reais\u201c.[4]<br \/><br \/><\/li><\/ul><p><strong>5. Relat\u00f3rios gerais sobre tend\u00eancias de m\u00eddia\/marketing<\/strong><\/p><ul><li><strong>AI Digital \u2013 \u201eRelat\u00f3rio sobre as tend\u00eancias dos meios de comunica\u00e7\u00e3o para 2025\u201c<\/strong><br \/>Vis\u00e3o ampla das tend\u00eancias de m\u00eddia e marketing, incluindo o uso de IA, mudan\u00e7as no comportamento do utilizador e a busca por formatos mais relevantes e orientados para a experi\u00eancia.[5]<\/li><\/ul><p>Se desejar, posso elaborar um breve documento de argumenta\u00e7\u00e3o ou um conceito de uma p\u00e1gina que poder\u00e1 utilizar internamente ou com os clientes \u2013, por exemplo, \u201ePor que os eventos ao vivo est\u00e3o a ganhar import\u00e2ncia novamente (apesar do \u2013 ou por causa do \u2013 IA)\u201c.<\/p><hr \/><p><strong>Fontes<\/strong><br \/>[1] Meltwater \u2014 <em>O que os profissionais de marketing podem aprender com o boom dos eventos presenciais em 2025<\/em> (2025) \u2014 <a href=\"https:\/\/www.meltwater.com\/en\/blog\/in-person-events-trend-2025-brand-marketing-insights\" target=\"_blank\" rel=\"noopener noreferrer\">https:\/\/www.meltwater.com\/en\/blog\/in-person-events-trend-2025-brand-marketing-insights<\/a><br \/><br \/>[2] Pense como um editor \u2014 <em>Tend\u00eancias de conte\u00fado para 2025<\/em> (2025) \u2014 <a href=\"https:\/\/www.thinklikeapublisher.com\/tldr-2025-content-trends\/\" target=\"_blank\" rel=\"noopener noreferrer\">https:\/\/www.thinklikeapublisher.com\/tldr-2025-content-trends\/<\/a><br \/><br \/>[3] HubSpot \u2014 <em>Relat\u00f3rio sobre as tend\u00eancias das redes sociais em 2025<\/em> (2025) \u2014 <a href=\"https:\/\/offers.hubspot.com\/social-media-trends-report?__hstc=141853997.677032c7d59cd17bb110ab594a6e318f.1752426704864.1767033011307.1767084977271.129&amp;__hssc=141853997.3.1767084977271&amp;__hsfp=1254833279\" target=\"_blank\" rel=\"noopener noreferrer\">https:\/\/offers.hubspot.com\/social-media-trends-report<\/a><br \/><br \/>[4] Hootsuite \/ Sonae Host \u2014 <em>Tend\u00eancias das redes sociais em 2025<\/em> (PDF, 2025) \u2014 <a href=\"https:\/\/www.sonae.pt\/fotos\/digital_trends_sources\/hootsuite_socialtrends2025_46700929968bebe6354dc5.pdf\" target=\"_blank\" rel=\"noopener noreferrer\">https:\/\/www.sonae.pt\/fotos\/digital_trends_sources\/hootsuite_socialtrends2025&#8230;<\/a><br \/><br \/>[5] AI Digital \u2014 <em>Relat\u00f3rio sobre as tend\u00eancias dos meios de comunica\u00e7\u00e3o para 2025<\/em> (2025) \u2014 <a href=\"https:\/\/www.aidigital.com\/2025-media-trends-report\" target=\"_blank\" rel=\"noopener noreferrer\">https:\/\/www.aidigital.com\/2025-media-trends-report<\/a><\/p>\t\t\t\t\t\t\t\t<\/div>\n\t\t\t\t<\/div>\n\t\t\t\t<\/div>\n\t\t\t\t<\/div>\n\t\t\t\t\t<\/div>\n\t\t\t\t<\/div>\n\t\t\t\t<\/div>","protected":false},"excerpt":{"rendered":"<p>Boom bei Pr\u00e4senzveranstaltungen \u2013 warum Live-Events jetzt wieder im Mittelpunkt stehen Kostenlose Beratung buchen Nice to meet you Gestalten Sieden Live-Event-Boom 2026 mit uns. Warum Live-Events jetzt wieder im Mittelpunkt stehen \u2013 und wie Sie Ihre Konferenzen, Tagungen und Hybrid-Events daf\u00fcr richtig aufstellen. Aktuelle Studien, Auswertungen zu Social-Media-Daten zeigen: In-Person-Events erleben ein starkes Comeback. Nach [&hellip;]<\/p>","protected":false},"author":2,"featured_media":45482,"parent":0,"menu_order":0,"comment_status":"closed","ping_status":"closed","template":"","meta":{"_acf_changed":false,"footnotes":""},"class_list":["post-48990","page","type-page","status-publish","has-post-thumbnail","hentry"],"acf":[],"_links":{"self":[{"href":"https:\/\/konferenztechnik.de\/pt\/wp-json\/wp\/v2\/pages\/48990","targetHints":{"allow":["GET"]}}],"collection":[{"href":"https:\/\/konferenztechnik.de\/pt\/wp-json\/wp\/v2\/pages"}],"about":[{"href":"https:\/\/konferenztechnik.de\/pt\/wp-json\/wp\/v2\/types\/page"}],"author":[{"embeddable":true,"href":"https:\/\/konferenztechnik.de\/pt\/wp-json\/wp\/v2\/users\/2"}],"replies":[{"embeddable":true,"href":"https:\/\/konferenztechnik.de\/pt\/wp-json\/wp\/v2\/comments?post=48990"}],"version-history":[{"count":0,"href":"https:\/\/konferenztechnik.de\/pt\/wp-json\/wp\/v2\/pages\/48990\/revisions"}],"wp:featuredmedia":[{"embeddable":true,"href":"https:\/\/konferenztechnik.de\/pt\/wp-json\/wp\/v2\/media\/45482"}],"wp:attachment":[{"href":"https:\/\/konferenztechnik.de\/pt\/wp-json\/wp\/v2\/media?parent=48990"}],"curies":[{"name":"wp","href":"https:\/\/api.w.org\/{rel}","templated":true}]}}