{"id":4984,"date":"2015-02-02T14:48:25","date_gmt":"2015-02-02T13:48:25","guid":{"rendered":"https:\/\/konferenztechnik.de\/?page_id=4984"},"modified":"2023-09-01T11:47:24","modified_gmt":"2023-09-01T09:47:24","slug":"pcs-selecionado-oferta-especial-bosch-ccs-1000d","status":"publish","type":"page","link":"https:\/\/konferenztechnik.de\/pt\/pcs-selecionado-oferta-especial-bosch-ccs-1000d\/","title":{"rendered":"PCS Selecionado: Comprar Bosch CCS 1000D"},"content":{"rendered":"<p>[column size=\"2-3\u2033 last=\"0\u2033]<\/p>\n<h1>Comprar Bosch CCS 1000 D \u2013 Oferta introdut\u00f3ria: Sistema de discuss\u00e3o digital Bosch CCS 1000 D<\/h1>\n<p>[\/coluna]<br \/>\n[column size=\"1-3\u2033 last=\"1\u2033]<\/p>\n<p>[\/coluna]<\/p>\n<p><a href=\"https:\/\/konferenztechnik.de\/wp-content\/uploads\/2015\/02\/8.jpg\"><img fetchpriority=\"high\" decoding=\"async\" class=\"alignnone size-full wp-image-5243\" src=\"https:\/\/konferenztechnik.de\/wp-content\/uploads\/2015\/02\/8.jpg\" alt=\"_8\" width=\"941\" height=\"228\" title=\"\" srcset=\"https:\/\/konferenztechnik.de\/wp-content\/uploads\/2015\/02\/8.jpg 941w, https:\/\/konferenztechnik.de\/wp-content\/uploads\/2015\/02\/8-300x73.jpg 300w, https:\/\/konferenztechnik.de\/wp-content\/uploads\/2015\/02\/8-768x186.jpg 768w\" sizes=\"(max-width: 941px) 100vw, 941px\" \/><\/a><br \/>\n<a href=\"https:\/\/konferenztechnik.de\/wp-content\/uploads\/2015\/02\/Bosch-CCS-1000-D-PCSAngebot.jpg\"><img decoding=\"async\" class=\"alignnone size-full wp-image-5346\" src=\"https:\/\/konferenztechnik.de\/wp-content\/uploads\/2015\/02\/Bosch-CCS-1000-D-PCSAngebot.jpg\" alt=\"Comprar Bosch-CCS-1000 D\" width=\"940\" height=\"411\" title=\"\" srcset=\"https:\/\/konferenztechnik.de\/wp-content\/uploads\/2015\/02\/Bosch-CCS-1000-D-PCSAngebot.jpg 940w, https:\/\/konferenztechnik.de\/wp-content\/uploads\/2015\/02\/Bosch-CCS-1000-D-PCSAngebot-300x131.jpg 300w, https:\/\/konferenztechnik.de\/wp-content\/uploads\/2015\/02\/Bosch-CCS-1000-D-PCSAngebot-768x336.jpg 768w\" sizes=\"(max-width: 940px) 100vw, 940px\" \/><\/a><br \/>\nA Bosch vai apresentar um novo sistema de discuss\u00e3o digital na Integrated Systems Europe, em Amesterd\u00e3o, a 10 de fevereiro de 2015. J\u00e1 tivemos a oportunidade de testar o sistema e estamos muito satisfeitos.<\/p>\n<p>As novas instala\u00e7\u00f5es, concebidas para reuni\u00f5es e eventos de pequena e m\u00e9dia dimens\u00e3o, obtiveram uma pontua\u00e7\u00e3o elevada em todos os aspectos.<\/p>\n<p>A Bosch est\u00e1 a oferecer um pre\u00e7o de lan\u00e7amento imbat\u00edvel para um novo e bem sucedido sistema de discuss\u00e3o. A Bosch pretende divulgar rapidamente o sistema no mercado internacional. Estamos convencidos do sistema e temos todo o gosto em transmitir-lhe a vantagem.<br \/>\n[spacer size=\"20\u2033]<\/p>\n<h1>Oferta introdut\u00f3ria Bosch\/PCS \u2013 Sistema de discuss\u00e3o digital Bosch CCS 1000 D<\/h1>\n<p>Duas esta\u00e7\u00f5es de intercomunica\u00e7\u00e3o gratuitas por conjunto de 6, oferta introdut\u00f3ria \u00fanica v\u00e1lida apenas de 5 de fevereiro a 5 de mar\u00e7o de 2015.<\/p>\n<p><a href=\"https:\/\/konferenztechnik.de\/wp-content\/uploads\/2015\/02\/Bosch-CCS-1000-D-PCSAngebot2.jpg\"><img decoding=\"async\" class=\"alignnone size-full wp-image-5350\" src=\"https:\/\/konferenztechnik.de\/wp-content\/uploads\/2015\/02\/Bosch-CCS-1000-D-PCSAngebot2.jpg\" alt=\"Oferta especial Bosch-CCS-1000 D\" width=\"940\" height=\"411\" title=\"\" srcset=\"https:\/\/konferenztechnik.de\/wp-content\/uploads\/2015\/02\/Bosch-CCS-1000-D-PCSAngebot2.jpg 940w, https:\/\/konferenztechnik.de\/wp-content\/uploads\/2015\/02\/Bosch-CCS-1000-D-PCSAngebot2-300x131.jpg 300w, https:\/\/konferenztechnik.de\/wp-content\/uploads\/2015\/02\/Bosch-CCS-1000-D-PCSAngebot2-768x336.jpg 768w\" sizes=\"(max-width: 940px) 100vw, 940px\" \/><\/a><br \/>\nV\u00e1lido por conjunto b\u00e1sico de 6 unidades de microfone + pre\u00e7o especial para unidade de controlo, cabo de extens\u00e3o e acess\u00f3rios. Compre o novo sistema de intercomunica\u00e7\u00e3o da Bosch a um pre\u00e7o de lan\u00e7amento imbat\u00edvel.<\/p>\n<p>Pode conhecer o sistema nas nossas filiais. De 10 a 12 de fevereiro, a Bosch apresentar\u00e1 o sistema na ISE Integrated Systems Europe Amsterdam no stand 3-A81. \u00c9 bem-vindo a marcar uma reuni\u00e3o connosco. <a href=\"mailto:peschka@konferenztechnik.de?subject=Treffen auf der ISE Amsterdam\">Nomea\u00e7\u00e3o<\/a>.<\/p>\n<p><a href=\"https:\/\/www.iseurope.org\/home.php?navi=148&amp;clean_cat=search&amp;searchstring=bosch\" target=\"_blank\" rel=\"noopener\">Bosch com a CCS 1000 D na ISE Integrated Systems Europe Amsterdam<\/a><\/p>\n<p>[spacer size=\"10\u2033]<\/p>\n<p><a style=\"line-height: 1.8em;\" title=\"\" href=\"\/pt\/bosch-ccs-1000-d\/\">Nova introdu\u00e7\u00e3o Bosch CCS 1000 D<\/a><br \/>\n<a style=\"line-height: 1.8em;\" title=\"R\" href=\"\/pt\/resultado-do-teste-bosch-ccs-1000-d\/\">Resultado do teste PCS Bosch CCS 1000 D<\/a><br \/>\n<a style=\"line-height: 1.8em;\" title=\"\" href=\"\/pt\/carateristicas-do-bosch-ccs-1000d\/\">Espectro de desempenho \/ Caracter\u00edsticas Bosch CCS 1000 D<\/a><br \/>\n<!--\n<b>Highend-Ausstattung zum Einsteigerpreis<\/b>\n[list icon=\"moon-checkmark-3\" color=\"#a62055\"]Exzellenter Klang und h\u00f6here Lautst\u00e4rken ohne R\u00fcckkopplung[\/list]\n[list icon=\"moon-checkmark-3\" color=\"#a62055\"]Kompakt, einfach aufzubauen, einfach zu bedienen[\/list]\n[list icon=\"moon-checkmark-3\" color=\"#a62055\"]Komfortable Aufzeichnung einfach auf den USB-Stick[\/list]\n[list icon=\"moon-checkmark-3\" color=\"#a62055\"]Steuerung der Anlage einach \u00fcber Tablet, Smartphone oder Web-Browser[\/list]\n[list icon=\"moon-checkmark-3\" color=\"#a62055\"]Integrierte, automatische Steuerung von DOM z. B. f\u00fcr Videokonferenzen[\/list]\n[spacer size=\"30\"]\n--><\/p>\n<p>[spacer size=\"20\u2033]<\/p>\n<p><!--\n\n<b>Zusatzangebot \u201eISE-Besuch\u201c \/ die Anlage auf der ISE kennenlernen<\/b>\n\nBesuchen Sie Bosch auf der ISE in Amsterdam. Bringen Sie unser PCS-Angebot als Ausdruck mit und Sie erhalten zus\u00e4tzlich 100 EUR Er\u00f6ffnungsrabatt.\n\nBesuchen Sie Bosch auf dem Stand 3-A81 und legen Sie dort unser Angebot zum Unterzeichnen vor und Sie erhalten im Aktionszeitraum nochmals zus\u00e4tzlich 100 EUR Preisnachlass auf Ihre erste Bestellung.\n\n* G\u00fcltig ab Abnahmemenge 1 Basiskoffer (5 + 1 for free) + 100 EUR ISE-Aktion. Angebot g\u00fcltig f\u00fcr den Gesamtzeitraum 5. Februar bis 31. M\u00e4rz, Abzeichnung Angebot nur auf der ISE m\u00f6glich.\n\nISE Integrated Systems Europe Amsterdam\n10.02.2015 - 12.02.2015\nAusstellung f\u00fcr professionelle AV Systemintegration &amp; elektronische Integration in Gesch\u00e4fts- und Wohngeb\u00e4uden\n\nBesuchen Sie Bosch und nutzen Sie die Chance, die Anlage kennenzulernen; Bosch CCS 1000 D, Stand 3-A81\n--><\/p>\n<p>[spacer size=\"20\u2033]<\/p>\n<h1>As suas pessoas de contacto<\/h1>\n<p>[spacer size=\"20\u2033]<br \/>\n[column size=\"1-2\u2033 last=\"0\u2033]<br \/>\n[separadores estilo=\"2\u2033]<br \/>\n[title=\"Berlim\"]<br \/>\n<img loading=\"lazy\" decoding=\"async\" width=\"800\" height=\"533\" class=\"alignleft size-full wp-image-2301\" src=\"https:\/\/konferenztechnik.de\/wp-content\/uploads\/2013\/09\/gunnar_hermenau_pcs-gmbh.jpg\" alt=\"gunnar_hermenau_pcs-gmbh\" title=\"\" srcset=\"https:\/\/konferenztechnik.de\/wp-content\/uploads\/2013\/09\/gunnar_hermenau_pcs-gmbh.jpg 800w, https:\/\/konferenztechnik.de\/wp-content\/uploads\/2013\/09\/gunnar_hermenau_pcs-gmbh-300x200.jpg 300w, https:\/\/konferenztechnik.de\/wp-content\/uploads\/2013\/09\/gunnar_hermenau_pcs-gmbh-768x512.jpg 768w\" sizes=\"(max-width: 800px) 100vw, 800px\" \/><br \/>\nGunnar Hermenau<br \/>\nGerente de filial em Berlim<br \/>\nTelefone +49 30 6959690 14<br \/>\ncorreio eletr\u00f3nico <a href=\"mailto:hermenau@konferenztechnik.de\">hermenau@konferenztechnik.de<\/a><br \/>\nC\u00f3digo QR <a title=\"C\u00f3digo QR Gunnar Hermenau\" href=\"https:\/\/konferenztechnik.de\/wp-content\/uploads\/2013\/09\/gunnar_hermenau_qrcode.png\">Mostrar \u203a<\/a><br \/>\n[\/tab]<br \/>\n[\/tabs]<br \/>\n[\/coluna]<br \/>\n[column size=\"1-2\u2033 last=\"1\u2033]<br \/>\n[separadores estilo=\"2\u2033]<br \/>\n[title=\"Heilbronn\"]<br \/>\n<img loading=\"lazy\" decoding=\"async\" width=\"800\" height=\"533\" class=\"alignleft size-full wp-image-2289\" src=\"https:\/\/konferenztechnik.de\/wp-content\/uploads\/2013\/09\/carsten_adam_pcs-gmbh.jpg\" alt=\"carsten_adam_pcs-gmbh\" title=\"\" srcset=\"https:\/\/konferenztechnik.de\/wp-content\/uploads\/2013\/09\/carsten_adam_pcs-gmbh.jpg 800w, https:\/\/konferenztechnik.de\/wp-content\/uploads\/2013\/09\/carsten_adam_pcs-gmbh-300x200.jpg 300w, https:\/\/konferenztechnik.de\/wp-content\/uploads\/2013\/09\/carsten_adam_pcs-gmbh-768x512.jpg 768w\" sizes=\"(max-width: 800px) 100vw, 800px\" \/><br \/>\nCarsten Adam<br \/>\nGerente de filial em Heilbronn e Munique<br \/>\nTelefone +49 7131 278010 11<br \/>\ncorreio eletr\u00f3nico <a href=\"mailto:adam@konferenztechnik.de\">adam@konferenztechnik.de<\/a><br \/>\nC\u00f3digo QR <a title=\"C\u00f3digo QR Carsten Adam\" href=\"https:\/\/konferenztechnik.de\/wp-content\/uploads\/2013\/09\/carsten_adam_qrcode.png\">Mostrar \u203a<\/a><br \/>\n[\/tab]<br \/>\n[\/tabs]<br \/>\n[\/coluna]<\/p>\n<p>[column size=\"1-2\u2033 last=\"1\u2033]<br \/>\n[separadores estilo=\"2\u2033]<br \/>\n[title=\"D\u00fcsseldorf\"]<br \/>\n<a href=\"https:\/\/konferenztechnik.de\/wp-content\/uploads\/2013\/09\/dirk_neumann_pcs-gmbh.jpg\"><img loading=\"lazy\" decoding=\"async\" width=\"800\" height=\"533\" class=\"alignleft size-full wp-image-2297\" src=\"https:\/\/konferenztechnik.de\/wp-content\/uploads\/2013\/09\/dirk_neumann_pcs-gmbh.jpg\" alt=\"Dirk Neumann Diretor-geral da PCS GmbH\" title=\"\" srcset=\"https:\/\/konferenztechnik.de\/wp-content\/uploads\/2013\/09\/dirk_neumann_pcs-gmbh.jpg 800w, https:\/\/konferenztechnik.de\/wp-content\/uploads\/2013\/09\/dirk_neumann_pcs-gmbh-300x200.jpg 300w, https:\/\/konferenztechnik.de\/wp-content\/uploads\/2013\/09\/dirk_neumann_pcs-gmbh-768x512.jpg 768w\" sizes=\"(max-width: 800px) 100vw, 800px\" \/><\/a><br \/>\nDirk Neumann<br \/>\nDiretor Geral<br \/>\nTelefone +49 211 737798 0<br \/>\ncorreio eletr\u00f3nico <a href=\"mailto:vertrieb@konferenztechnik.de\">vertrieb@konferenztechnik.de<\/a><br \/>\nC\u00f3digo QR <a title=\"C\u00f3digo QR Dirk Neumann\" href=\"https:\/\/konferenztechnik.de\/wp-content\/uploads\/2013\/09\/dirk_neumann_qrcode.png\">Mostrar \u203a<\/a>[\/tab]<br \/>\n[\/tabs]<br \/>\n[\/coluna]<\/p>\n<p>[spacer size=\"30\u2033]<\/p>\n<div class=\"weiterlinks\">\n<h1>Outras liga\u00e7\u00f5es:<\/h1>\n<ul>\n<li>\u203a <a title=\"Distribui\u00e7\u00e3o\" href=\"\/pt\/distribuicao-de-tecnologia-de-conferencia-e-de-meios-de-comunicacao-av\/\">Distribui\u00e7\u00e3o de tecnologia de confer\u00eancia e de meios de comunica\u00e7\u00e3o<\/a><\/li>\n<li>\u203a <a title=\"Instala\u00e7\u00e3o\" href=\"\/pt\/instalacao-e-integracao-de-tecnologia-de-conferencia-e-sistemas-multimedia\/\">Instala\u00e7\u00e3o e integra\u00e7\u00e3o de tecnologia de confer\u00eancia e sistemas multim\u00e9dia<\/a><\/li>\n<li>\u203a <a title=\"Suporte para eventos multilingues\" href=\"\/pt\/servicos-2\/apoio-a-eventos-multilingues\/\">Suporte para eventos multilingues<\/a><\/li>\n<\/ul>\n<\/div>","protected":false},"excerpt":{"rendered":"<p>[column size=\"2-3\u2033 last=\"0\u2033] Comprar Bosch CCS 1000 D \u2013 Oferta introdut\u00f3ria: Sistema de discuss\u00e3o digital Bosch CCS 1000 D [\/column] [column size=\"1-3\u2033 last=\"1\u2033] [\/column] A Bosch ir\u00e1 apresentar um novo sistema de discuss\u00e3o digital na Integrated Systems Europe, em Amesterd\u00e3o, a 10 de fevereiro de 2015. J\u00e1 tivemos a oportunidade de testar o sistema e estamos muito satisfeitos. O novo [...]<\/p>","protected":false},"author":1,"featured_media":45482,"parent":0,"menu_order":34,"comment_status":"closed","ping_status":"open","template":"","meta":{"_acf_changed":false,"footnotes":""},"class_list":["post-4984","page","type-page","status-publish","has-post-thumbnail","hentry"],"acf":[],"_links":{"self":[{"href":"https:\/\/konferenztechnik.de\/pt\/wp-json\/wp\/v2\/pages\/4984","targetHints":{"allow":["GET"]}}],"collection":[{"href":"https:\/\/konferenztechnik.de\/pt\/wp-json\/wp\/v2\/pages"}],"about":[{"href":"https:\/\/konferenztechnik.de\/pt\/wp-json\/wp\/v2\/types\/page"}],"author":[{"embeddable":true,"href":"https:\/\/konferenztechnik.de\/pt\/wp-json\/wp\/v2\/users\/1"}],"replies":[{"embeddable":true,"href":"https:\/\/konferenztechnik.de\/pt\/wp-json\/wp\/v2\/comments?post=4984"}],"version-history":[{"count":0,"href":"https:\/\/konferenztechnik.de\/pt\/wp-json\/wp\/v2\/pages\/4984\/revisions"}],"wp:featuredmedia":[{"embeddable":true,"href":"https:\/\/konferenztechnik.de\/pt\/wp-json\/wp\/v2\/media\/45482"}],"wp:attachment":[{"href":"https:\/\/konferenztechnik.de\/pt\/wp-json\/wp\/v2\/media?parent=4984"}],"curies":[{"name":"wp","href":"https:\/\/api.w.org\/{rel}","templated":true}]}}