{"id":5120,"date":"2015-02-02T20:06:57","date_gmt":"2015-02-02T19:06:57","guid":{"rendered":"https:\/\/konferenztechnik.de\/?page_id=5120"},"modified":"2023-09-01T11:47:03","modified_gmt":"2023-09-01T09:47:03","slug":"resultado-do-teste-bosch-ccs-1000-d","status":"publish","type":"page","link":"https:\/\/konferenztechnik.de\/pt\/resultado-do-teste-bosch-ccs-1000-d\/","title":{"rendered":"Resultado do teste Bosch CCS 1000 D"},"content":{"rendered":"<h1>Resultado do teste Bosch CCS 1000 D<\/h1>\n<p>A Bosch anuncia o seu novo sistema de discuss\u00e3o com o slogan \"compacto e vers\u00e1til\" e n\u00e3o prometeu demasiado. O sistema \u00e9 ideal para principiantes, uma vez que \u00e9 intuitivo e f\u00e1cil de utilizar. Os profissionais n\u00e3o t\u00eam de prescindir de caracter\u00edsticas e fun\u00e7\u00f5es adicionais.<\/p>\n<p>O sistema foi concebido para reuni\u00f5es de pequena e m\u00e9dia dimens\u00e3o. Os pacotes b\u00e1sicos n\u00e3o incluem cabos longos; as linhas de alimenta\u00e7\u00e3o ou os cabos para atravessar um corredor devem ser planeados e encomendados separadamente.<\/p>\n<p>&nbsp;<\/p>\n<p>As unidades de microfone<\/p>\n<p>As unidades de microfone s\u00e3o de alta qualidade, robustas, est\u00e1veis e, no entanto, leves. Os materiais s\u00e3o de pl\u00e1stico, que parecem resistentes a impactos e riscos e s\u00e3o f\u00e1ceis de limpar. As unidades de microfone oferecem muito em termos de tecnologia. Em particular, um microfone e um altifalante \u2013 com supress\u00e3o de retorno de alta qualidade podem ser operados simultaneamente sem acoplamento ou assobio.<\/p>\n<p>Cada unidade de microfone oferece duas fun\u00e7\u00f5es \"Possible to speak\u201d display (possibilidade de falar) e \"Request to speak\u201d display (lista de espera autom\u00e1tica), que s\u00e3o principalmente utilizadas para equipas bem estabelecidas em salas de confer\u00eancia de empresas.<\/p>\n<p><a href=\"https:\/\/konferenztechnik.de\/wp-content\/uploads\/2015\/02\/Bosch-CCS-1000-D-detail.jpg\"><img fetchpriority=\"high\" decoding=\"async\" class=\"alignnone size-full wp-image-5355\" src=\"https:\/\/konferenztechnik.de\/wp-content\/uploads\/2015\/02\/Bosch-CCS-1000-D-detail.jpg\" alt=\"Bosch-CCS-1000-D-detail Resultado do teste 01\" width=\"940\" height=\"411\" title=\"\" srcset=\"https:\/\/konferenztechnik.de\/wp-content\/uploads\/2015\/02\/Bosch-CCS-1000-D-detail.jpg 940w, https:\/\/konferenztechnik.de\/wp-content\/uploads\/2015\/02\/Bosch-CCS-1000-D-detail-300x131.jpg 300w, https:\/\/konferenztechnik.de\/wp-content\/uploads\/2015\/02\/Bosch-CCS-1000-D-detail-768x336.jpg 768w\" sizes=\"(max-width: 940px) 100vw, 940px\" \/><\/a><br \/>\nDescri\u00e7\u00e3o do produto:<br \/>\nCCSD-DS Delegado microfone curto<br \/>\nMicrofone do delegado CCSD-DL longo<\/p>\n<p>&nbsp;<\/p>\n<p>A unidade de base<\/p>\n<p>A CU (Unidade de Controlo) \u00e9 fornecida numa caixa de pl\u00e1stico; a Bosch dispensou uma vers\u00e3o met\u00e1lica, bem como calhas de montagem de 19\u2033 e fichas XLR profissionais. O aspeto, as fichas e o funcionamento fazem lembrar mais os leitores de DVD do que os sistemas UHF. \u00c9 certamente a decis\u00e3o correcta para muitas salas de confer\u00eancia de empresas. A CU n\u00e3o tem de ser instalada num carrinho multim\u00e9dia, mas pode ser facilmente colocada dentro e sobre mobili\u00e1rio de gabinete. Se pretender utilizar a CU no sector do aluguer, tamb\u00e9m podemos fornecer a CU num kit de instala\u00e7\u00e3o de 19\u2033 e com um patchbay XLR. Os canais de retorno simult\u00e2neos n\u00e3o est\u00e3o dispon\u00edveis para eventos internacionais e reuni\u00f5es multilingues.<\/p>\n<p><a href=\"https:\/\/konferenztechnik.de\/wp-content\/uploads\/2015\/02\/Bosch-CCS-1000-D-CU-detail.jpg\"><img decoding=\"async\" class=\"alignnone size-full wp-image-5356\" src=\"https:\/\/konferenztechnik.de\/wp-content\/uploads\/2015\/02\/Bosch-CCS-1000-D-CU-detail.jpg\" alt=\"Bosch-CCS-1000-D-CU-detail Teste 02\" width=\"940\" height=\"411\" title=\"\" srcset=\"https:\/\/konferenztechnik.de\/wp-content\/uploads\/2015\/02\/Bosch-CCS-1000-D-CU-detail.jpg 940w, https:\/\/konferenztechnik.de\/wp-content\/uploads\/2015\/02\/Bosch-CCS-1000-D-CU-detail-300x131.jpg 300w, https:\/\/konferenztechnik.de\/wp-content\/uploads\/2015\/02\/Bosch-CCS-1000-D-CU-detail-768x336.jpg 768w\" sizes=\"(max-width: 940px) 100vw, 940px\" \/><\/a><br \/>\nDescri\u00e7\u00e3o do produto:<br \/>\nUnidade de controlo CCSD-CURD com grava\u00e7\u00e3o \u00e1udio e supress\u00e3o de feedback<\/p>\n<p>&nbsp;<\/p>\n<p>Funcionamento<\/p>\n<p>A opera\u00e7\u00e3o \u00e9 efectuada atrav\u00e9s de teclas de membrana numa grada\u00e7\u00e3o aproximada. A alimenta\u00e7\u00e3o de \u00e1udio (2x), o microfone, as unidades de microfone (2 vias) podem ser \"misturados\" utilizando a UC. No sector profissional, o t\u00e9cnico controlar\u00e1 as sa\u00eddas individuais com uma consola de mistura de \u00e1udio separada. No entanto, em muitas salas de confer\u00eancia, o CU da Bosch pode certamente substituir uma consola de mistura adicional.<\/p>\n<p>Grava\u00e7\u00e3o \u00e1udio<\/p>\n<p>Todos concordamos com isto. Esta \u00e9 uma \u00f3ptima solu\u00e7\u00e3o. Insira a pen USB, prima gravar e leve a grava\u00e7\u00e3o consigo. Grava\u00e7\u00e3o digital na mem\u00f3ria interna: at\u00e9 8 horas, grava\u00e7\u00e3o digital com a pen USB de 128 GB: at\u00e9 4000 horas em boa qualidade no formato mp3.<\/p>\n<p>Voltar<\/p>\n<p><a href=\"https:\/\/konferenztechnik.de\/wp-content\/uploads\/2015\/02\/CCURD-Bosch-CCS-1000-D.jpg\"><img decoding=\"async\" class=\"alignnone size-full wp-image-5370\" src=\"https:\/\/konferenztechnik.de\/wp-content\/uploads\/2015\/02\/CCURD-Bosch-CCS-1000-D.jpg\" alt=\"CCURD-Bosch-CCS-1000-D Resultado do teste 03\" width=\"940\" height=\"222\" title=\"\" srcset=\"https:\/\/konferenztechnik.de\/wp-content\/uploads\/2015\/02\/CCURD-Bosch-CCS-1000-D.jpg 940w, https:\/\/konferenztechnik.de\/wp-content\/uploads\/2015\/02\/CCURD-Bosch-CCS-1000-D-300x71.jpg 300w, https:\/\/konferenztechnik.de\/wp-content\/uploads\/2015\/02\/CCURD-Bosch-CCS-1000-D-768x181.jpg 768w\" sizes=\"(max-width: 940px) 100vw, 940px\" \/><\/a><\/p>\n<p>1. USB (Mini)<\/p>\n<p>2. sa\u00edda de \u00e1udio, quatro canais adicionais (grava\u00e7\u00f5es individuais e aplica\u00e7\u00e3o na sala de audi\u00eancias)<\/p>\n<p>3. sa\u00edda de \u00e1udio (2 x soma)<\/p>\n<p>4. entrada de \u00e1udio (2 x soma)<\/p>\n<p>5. entrada de microfone (XLR)<\/p>\n<p>6. Postos de chamada (2 circuitos, ficha DIN)<\/p>\n<p>7. liga\u00e7\u00e3o LAN (liga\u00e7\u00e3o a WLAN, controlo e programa\u00e7\u00e3o atrav\u00e9s de PC, port\u00e1til, opcionalmente para controlo sem fios)<\/p>\n<p>8. fonte de alimenta\u00e7\u00e3o (fonte de alimenta\u00e7\u00e3o externa)<\/p>\n<p>&nbsp;<\/p>\n<p>Funcionamento na Web atrav\u00e9s de iPad e co.<\/p>\n<p>A Bosch anuncia o sistema com uma opera\u00e7\u00e3o web simples. Na verdade, esta opera\u00e7\u00e3o \u00e9 auto-explicativa e intuitiva para qualquer pessoa que saiba utilizar um tablet. A liberta\u00e7\u00e3o do microfone e os controlos s\u00e3o f\u00e1ceis de operar por qualquer organizador de confer\u00eancias. Os t\u00e9cnicos e especialistas em tecnologia tamb\u00e9m podem controlar as c\u00e2maras HD. Hoje em dia, os fabricantes dificilmente podem evitar operar atrav\u00e9s de um tablet. O que gostamos na Bosch \u00e9 que n\u00e3o s\u00e3o apenas os t\u00e9cnicos que beneficiam diretamente, mas tamb\u00e9m o presidente e todos os utilizadores que n\u00e3o tenham um t\u00e9cnico dispon\u00edvel. Isto \u00e9 mais f\u00e1cil do que nunca com este sistema. O que tamb\u00e9m gostamos: o design \u00e9 simples, todos os elementos s\u00e3o grandes. A Bosch eliminou o excesso de gr\u00e1ficos e \u00edcones, o que facilita a sua utiliza\u00e7\u00e3o.<\/p>\n<p>&nbsp;<\/p>\n<p>Dom\u00ednios de aplica\u00e7\u00e3o<\/p>\n<p>Em grandes eventos onde estamos rodeados de tecnologia de media profissional, o novo sistema Bosch n\u00e3o ser\u00e1 a nossa primeira escolha. Em todos os outros s\u00edtios, ter\u00e1 de pensar nisso. Ser\u00e1 provavelmente imbat\u00edvel para principiantes e para todos aqueles que est\u00e3o a pensar em comprar um sistema de confer\u00eancia pela primeira vez. \u00c9 ideal para equipar salas de confer\u00eancia de empresas. O Bosch CCS 1000 D pode substituir tecnologia e t\u00e9cnicos adicionais para qualquer pessoa que saiba utilizar leitores de DVD e tablets. Inclui grava\u00e7\u00e3o de \u00e1udio, controlo de c\u00e2mara e novas fun\u00e7\u00f5es inteligentes. O sistema \u00e9 interessante para aluguer devido \u00e0 sua escalabilidade e \u00e0s caixas de transporte muito bem concebidas.<\/p>\n<p>&nbsp;<\/p>\n<p>Conclus\u00e3o<\/p>\n<p>Desejamos \u00e0 Bosch tudo de bom com este novo sistema. O CCS 1000 D da Bosch cumpre o que o fabricante promete e tamb\u00e9m se destaca em muitas \u00e1reas. A Bosch utiliza tecnologias modernas (fun\u00e7\u00e3o de grava\u00e7\u00e3o integrada simples, controlo de microfone inteligente, supress\u00e3o eficaz de feedback) a pre\u00e7os de entrada de gama. O aspeto caseiro e a fonte de alimenta\u00e7\u00e3o externa da unidade de controlo dificultam a sua utiliza\u00e7\u00e3o em grandes empresas de aluguer, mas \u00e9 ainda mais adequado para reuni\u00f5es de empresas e sal\u00f5es comunit\u00e1rios. A Bosch oferece agora um sistema que pode fazer quase tudo com distin\u00e7\u00e3o.<br \/>\n<!--\n[spacer size=\"20\"]\n\n\n<h1>Ihre Ansprechpartner<\/h1>\n\n\n[spacer size=\"20\"]\n[column size=\"1-2\" last=\"0\"]\n[tabs style=\"2\"]\n[tab title=\"Berlin\"]\n<img loading=\"lazy\" decoding=\"async\" width=\"800\" height=\"533\" class=\"alignleft size-full wp-image-2301\" src=\"https:\/\/konferenztechnik.de\/wp-content\/uploads\/2013\/09\/gunnar_hermenau_pcs-gmbh.jpg\" alt=\"gunnar_hermenau_pcs-gmbh\" title=\"\" srcset=\"https:\/\/konferenztechnik.de\/wp-content\/uploads\/2013\/09\/gunnar_hermenau_pcs-gmbh.jpg 800w, https:\/\/konferenztechnik.de\/wp-content\/uploads\/2013\/09\/gunnar_hermenau_pcs-gmbh-300x200.jpg 300w, https:\/\/konferenztechnik.de\/wp-content\/uploads\/2013\/09\/gunnar_hermenau_pcs-gmbh-768x512.jpg 768w\" sizes=\"(max-width: 800px) 100vw, 800px\" \/>\nGunnar Hermenau\nNiederlassungsleiter Berlin\nTel. +49 30 6959690 14\nE-Mail <a href=\"mailto:hermenau@konferenztechnik.de\">hermenau@konferenztechnik.de<\/a>\nQR-Code <a title=\"QR-Code Gunnar Hermenau\" href=\"https:\/\/konferenztechnik.de\/wp-content\/uploads\/2013\/09\/gunnar_hermenau_qrcode.png\">\u203a anzeigen<\/a>\n[\/tab]\n[\/tabs]\n[\/column]\n[column size=\"1-2\" last=\"1\"]\n[tabs style=\"2\"]\n[tab title=\"Heilbronn\"]\n<img loading=\"lazy\" decoding=\"async\" width=\"800\" height=\"533\" class=\"alignleft size-full wp-image-2289\" src=\"https:\/\/konferenztechnik.de\/wp-content\/uploads\/2013\/09\/carsten_adam_pcs-gmbh.jpg\" alt=\"carsten_adam_pcs-gmbh\" title=\"\" srcset=\"https:\/\/konferenztechnik.de\/wp-content\/uploads\/2013\/09\/carsten_adam_pcs-gmbh.jpg 800w, https:\/\/konferenztechnik.de\/wp-content\/uploads\/2013\/09\/carsten_adam_pcs-gmbh-300x200.jpg 300w, https:\/\/konferenztechnik.de\/wp-content\/uploads\/2013\/09\/carsten_adam_pcs-gmbh-768x512.jpg 768w\" sizes=\"(max-width: 800px) 100vw, 800px\" \/>\nCarsten Adam\nNiederlassungsleiter Heilbronn und M\u00fcnchen\nTel. +49 7131 278010 11\nE-Mail <a href=\"mailto:adam@konferenztechnik.de\">adam@konferenztechnik.de<\/a>\nQR-Code <a title=\"QR-Code Carsten Adam\" href=\"https:\/\/konferenztechnik.de\/wp-content\/uploads\/2013\/09\/carsten_adam_qrcode.png\">\u203a anzeigen<\/a>\n[\/tab]\n[\/tabs]\n[\/column]\n\n[column size=\"1-2\" last=\"1\"]\n[tabs style=\"2\"]\n[tab title=\"D\u00fcsseldorf\"]\n<a href=\"https:\/\/konferenztechnik.de\/wp-content\/uploads\/2013\/09\/dirk_neumann_pcs-gmbh.jpg\"><img loading=\"lazy\" decoding=\"async\" width=\"800\" height=\"533\" class=\"alignleft size-full wp-image-2297\" src=\"https:\/\/konferenztechnik.de\/wp-content\/uploads\/2013\/09\/dirk_neumann_pcs-gmbh.jpg\" alt=\"Dirk Neumann Gesch\u00e4ftsf\u00fchrer PCS GmbH\" title=\"\" srcset=\"https:\/\/konferenztechnik.de\/wp-content\/uploads\/2013\/09\/dirk_neumann_pcs-gmbh.jpg 800w, https:\/\/konferenztechnik.de\/wp-content\/uploads\/2013\/09\/dirk_neumann_pcs-gmbh-300x200.jpg 300w, https:\/\/konferenztechnik.de\/wp-content\/uploads\/2013\/09\/dirk_neumann_pcs-gmbh-768x512.jpg 768w\" sizes=\"(max-width: 800px) 100vw, 800px\" \/><\/a>\nDirk Neumann\nGesch\u00e4ftsf\u00fchrer\nTel. +49 211 737798 0\nE-Mail <a href=\"mailto:vertrieb@konferenztechnik.de\">vertrieb@konferenztechnik.de<\/a>\nQR-Code <a title=\"QR-Code Dirk Neumann\" href=\"https:\/\/konferenztechnik.de\/wp-content\/uploads\/2013\/09\/dirk_neumann_qrcode.png\">\u203a anzeigen<\/a>[\/tab]\n[\/tabs]\n[\/column]\n--><br \/>\n[spacer size=\"20\u2033]<\/p>\n<p><a style=\"line-height: 1.8em;\" title=\"\" href=\"https:\/\/www.boschsecurity.com\/de\/\" target=\"_blank\" rel=\"noopener\">S\u00edtio Web do fabricante Bosch Security Systems<\/a><br \/>\n[spacer size=\"10\u2033]<br \/>\n<a style=\"line-height: 1.8em;\" title=\"\" href=\"\/pt\/bosch-ccs-1000-d\/\">Nova introdu\u00e7\u00e3o Bosch CCS 1000 D<\/a><br \/>\n<a style=\"line-height: 1.8em;\" title=\"\" href=\"\/pt\/carateristicas-do-bosch-ccs-1000d\/\">Espectro de desempenho \/ Caracter\u00edsticas Bosch CCS 1000 D<\/a><br \/>\n[spacer size=\"30\u2033]<\/p>\n<div class=\"weiterlinks\">\n<h1>Outras liga\u00e7\u00f5es<\/h1>\n<ul>\n<li>\u203a <a title=\"Distribui\u00e7\u00e3o\" href=\"\/pt\/distribuicao-de-tecnologia-de-conferencia-e-de-meios-de-comunicacao-av\/\">Distribui\u00e7\u00e3o de tecnologia de confer\u00eancia e de meios de comunica\u00e7\u00e3o<\/a><\/li>\n<li>\u203a <a title=\"Instala\u00e7\u00e3o\" href=\"\/pt\/instalacao-e-integracao-de-tecnologia-de-conferencia-e-sistemas-multimedia\/\">Instala\u00e7\u00e3o e integra\u00e7\u00e3o de tecnologia de confer\u00eancia e sistemas multim\u00e9dia<\/a><\/li>\n<li>\u203a <a title=\"Suporte para eventos multilingues\" href=\"\/pt\/servicos-2\/apoio-a-eventos-multilingues\/\">Suporte para eventos multilingues<\/a><\/li>\n<\/ul>\n<\/div>","protected":false},"excerpt":{"rendered":"<p>Resultado do teste da Bosch CCS 1000 D A Bosch anuncia o seu novo sistema de discuss\u00e3o com o slogan \"compacto e vers\u00e1til\" e n\u00e3o prometeu demasiado. O sistema \u00e9 ideal para principiantes, uma vez que \u00e9 intuitivo e f\u00e1cil de utilizar. Os profissionais n\u00e3o t\u00eam de prescindir de carater\u00edsticas e fun\u00e7\u00f5es adicionais. O sistema foi concebido para reuni\u00f5es de pequena e m\u00e9dia dimens\u00e3o. Em [...]<\/p>","protected":false},"author":1,"featured_media":45482,"parent":0,"menu_order":32,"comment_status":"closed","ping_status":"open","template":"","meta":{"_acf_changed":false,"footnotes":""},"class_list":["post-5120","page","type-page","status-publish","has-post-thumbnail","hentry"],"acf":[],"_links":{"self":[{"href":"https:\/\/konferenztechnik.de\/pt\/wp-json\/wp\/v2\/pages\/5120","targetHints":{"allow":["GET"]}}],"collection":[{"href":"https:\/\/konferenztechnik.de\/pt\/wp-json\/wp\/v2\/pages"}],"about":[{"href":"https:\/\/konferenztechnik.de\/pt\/wp-json\/wp\/v2\/types\/page"}],"author":[{"embeddable":true,"href":"https:\/\/konferenztechnik.de\/pt\/wp-json\/wp\/v2\/users\/1"}],"replies":[{"embeddable":true,"href":"https:\/\/konferenztechnik.de\/pt\/wp-json\/wp\/v2\/comments?post=5120"}],"version-history":[{"count":0,"href":"https:\/\/konferenztechnik.de\/pt\/wp-json\/wp\/v2\/pages\/5120\/revisions"}],"wp:featuredmedia":[{"embeddable":true,"href":"https:\/\/konferenztechnik.de\/pt\/wp-json\/wp\/v2\/media\/45482"}],"wp:attachment":[{"href":"https:\/\/konferenztechnik.de\/pt\/wp-json\/wp\/v2\/media?parent=5120"}],"curies":[{"name":"wp","href":"https:\/\/api.w.org\/{rel}","templated":true}]}}