{"id":5760,"date":"2015-06-24T14:06:19","date_gmt":"2015-06-24T13:06:19","guid":{"rendered":"https:\/\/konferenztechnik.de\/?page_id=5760"},"modified":"2023-09-01T13:06:15","modified_gmt":"2023-09-01T11:06:15","slug":"cabina-de-interpretacao","status":"publish","type":"page","link":"https:\/\/konferenztechnik.de\/pt\/cabina-de-interpretacao\/","title":{"rendered":"Cabina de interpreta\u00e7\u00e3o"},"content":{"rendered":"<h1>Aluguer e venda de cabinas de interpreta\u00e7\u00e3o \u2013<\/h1>\n<p>[spacer size=\"30\u2033]<br \/>\n[Cabina de interpreta\u00e7\u00e3o]<br \/>\n[spacer size=\"30\u2033]<br \/>\n[column size=\"1-2\u2033 last=\"0\u2033]<br \/>\nNa PCS, s\u00f3 recebe cabinas de interpreta\u00e7\u00e3o de alta qualidade, profissionais e bem conservadas da Audipack. As cabinas da s\u00e9rie Audipack Silent caracterizam-se pela sua extrema flexibilidade e mobilidade.<\/p>\n<p>As cabinas cumprem as normas industriais mais exigentes e ultrapassam mesmo as elevadas exig\u00eancias da norma ISO 4043 no que respeita ao isolamento ac\u00fastico.<\/p>\n<p>As cabinas de interpreta\u00e7\u00e3o t\u00eam uma conce\u00e7\u00e3o modular e podem ser facilmente montadas e desmontadas pelos nossos t\u00e9cnicos.<br \/>\n[\/coluna]<\/p>\n<p>[column size=\"1-2\u2033 last=\"1\u2033]<\/p>\n<p>A cabina de interpreta\u00e7\u00e3o est\u00e1 equipada com uma mesa e ventila\u00e7\u00e3o ativa. A cor padr\u00e3o \u00e9 o cinzento claro. Como as cabinas est\u00e3o em conformidade com a norma ISO 4043 para cabinas de interpreta\u00e7\u00e3o m\u00f3veis, cumprem os requisitos de muitos concursos, especialmente a n\u00edvel europeu.<\/p>\n<p>Os nossos camarotes foram concebidos para duas pessoas, mas podem ser facilmente ampliados para acolher mais pessoas.<br \/>\n[\/coluna]<br \/>\n[spacer size=\"30\u2033]<br \/>\n[column size=\"1-2\u2033 last=\"0\u2033]<br \/>\nDestaques:<\/p>\n<p>[v_icon colour=\"#a5186d\" size=\"18px\" target=\"_blank\" name=\"moon-checkmark-3\u2033] F\u00e1cil montagem e desmontagem, utiliza\u00e7\u00e3o m\u00f3vel<br \/>\n[v_icon colour=\"#a5186d\" size=\"18px\" target=\"_blank\" name=\"moon-checkmark-3\u2033] Em conformidade com a norma ISO 4043<br \/>\n[v_icon colour=\"#a5186d\" size=\"18px\" target=\"_blank\" name=\"moon-checkmark-3\u2033] Expans\u00edvel para at\u00e9 quatro pessoas<br \/>\n[v_icon colour=\"#a5186d\" size=\"18px\" target=\"_blank\" name=\"moon-checkmark-3\u2033] Ventila\u00e7\u00e3o ativa<br \/>\n[\/coluna]<\/p>\n<p>[column size=\"1-2\u2033 last=\"1\u2033]<br \/>\nEspecifica\u00e7\u00f5es:<\/p>\n<p>[v_icon colour=\"#a5186d\" size=\"18px\" target=\"_blank\" name=\"moon-circle-small\"] Cor: Cinzento claro (corresponde aproximadamente ao RAL 7042)<br \/>\n[v_icon colour=\"#a5186d\" size=\"18px\" target=\"_blank\" name=\"moon-circle-small\"] Dimens\u00f5es exteriores: 1682 x 1682 x 2041 mm<br \/>\n[v_icon colour=\"#a5186d\" size=\"18px\" target=\"_blank\" name=\"moon-circle-small\"] Dimens\u00f5es internas: 1600 x 1600 x 2000 mm<br \/>\n[v_icon colour=\"#a5186d\" size=\"18px\" target=\"_blank\" name=\"moon-circle-small\"] Peso: aprox. 210 kg<br \/>\n[\/coluna]<\/p>\n<p>[spacer size=\"30\u2033]<\/p>\n<p>[limpar]<\/p>\n<h1>Pessoa de contacto<\/h1>\n<p>[spacer size=\"20\u2033]<\/p>\n<p>[column size=\"1-2\u2033 last=\"0\u2033]<br \/>\n[separadores estilo=\"2\u2033]<br \/>\n[title=\"Aluguer e venda\"].<br \/>\n<img fetchpriority=\"high\" decoding=\"async\" width=\"800\" height=\"533\" src=\"https:\/\/konferenztechnik.de\/wp-content\/uploads\/2013\/09\/christian_becker_pcs-gmbh.jpg\" alt=\"christian_becker_pcs-gmbh\" class=\"alignleft size-full wp-image-2293\" title=\"\" srcset=\"https:\/\/konferenztechnik.de\/wp-content\/uploads\/2013\/09\/christian_becker_pcs-gmbh.jpg 800w, https:\/\/konferenztechnik.de\/wp-content\/uploads\/2013\/09\/christian_becker_pcs-gmbh-300x200.jpg 300w, https:\/\/konferenztechnik.de\/wp-content\/uploads\/2013\/09\/christian_becker_pcs-gmbh-768x512.jpg 768w\" sizes=\"(max-width: 800px) 100vw, 800px\" \/><br \/>\nChristian Becker<br \/>\nDiretor da Divis\u00e3o de Comercializa\u00e7\u00e3o Oeste<br \/>\nTelefone +49 211 737798 17<br \/>\ncorreio eletr\u00f3nico <a href=\"mailto:becker@konferenztechnik.de\">becker@konferenztechnik.de<\/a><br \/>\nC\u00f3digo QR <a href=\"https:\/\/konferenztechnik.de\/wp-content\/uploads\/2013\/09\/christian_becker_qrcode.png\" title=\"C\u00f3digo QR Christian Becker\">&#x9B; mostrar<\/a><br \/>\n[\/tab]<br \/>\n[\/tabs]<br \/>\n[\/coluna]<\/p>\n<p>[spacer size=\"30\u2033]<\/p>\n<div class=\"weiterlinks\">\n<h1>Outras liga\u00e7\u00f5es:<\/h1>\n<ul>\n<li>\u203a <a title=\"Refer\u00eancias\" href=\"\/pt\/sobre-nos\/evento-de-lista-de-referencia\/\">Refer\u00eancias Apoio e aluguer<\/a><\/li>\n<li>\u203a <a title=\"10 boas raz\u00f5es para o PCS\" href=\"\/pt\/sobre-nos\/10-boas-razoes-para-os-pcs\/\">10 boas raz\u00f5es para o PCS<\/a><\/li>\n<li>\u203a <a title=\"Suporte para eventos multilingues\" href=\"\/pt\/apoio-a-eventos-multilingues\/\">Suporte para eventos multilingues<\/a><\/li>\n<\/ul>\n<\/div>","protected":false},"excerpt":{"rendered":"<p>Dolmetscherkabinen &#8211; Vermietung und Verkauf [spacer size=&#8220;30&#8243;] [rev_slider Dolmetscherkabine] [spacer size=&#8220;30&#8243;] [column size=&#8220;1-2&#8243; last=&#8220;0&#8243;] Bei PCS erhalten Sie nur qualitativ hochwertige, pofessionelle und bestens gewartete Dolmetschkabinen der Firma Audipack. Die Kabinen der Audipack Silent Serie zeichnen sich durch \u00e4u\u00dferste Flexibilit\u00e4t und Mobilit\u00e4t aus. Die Kabinen entsprechen h\u00f6chsten industriellen Standards und \u00fcbertreffen mit ihrer akustischen D\u00e4mmung [&hellip;]<\/p>","protected":false},"author":1,"featured_media":45482,"parent":0,"menu_order":40,"comment_status":"closed","ping_status":"open","template":"","meta":{"_acf_changed":false,"footnotes":""},"class_list":["post-5760","page","type-page","status-publish","has-post-thumbnail","hentry"],"acf":[],"_links":{"self":[{"href":"https:\/\/konferenztechnik.de\/pt\/wp-json\/wp\/v2\/pages\/5760","targetHints":{"allow":["GET"]}}],"collection":[{"href":"https:\/\/konferenztechnik.de\/pt\/wp-json\/wp\/v2\/pages"}],"about":[{"href":"https:\/\/konferenztechnik.de\/pt\/wp-json\/wp\/v2\/types\/page"}],"author":[{"embeddable":true,"href":"https:\/\/konferenztechnik.de\/pt\/wp-json\/wp\/v2\/users\/1"}],"replies":[{"embeddable":true,"href":"https:\/\/konferenztechnik.de\/pt\/wp-json\/wp\/v2\/comments?post=5760"}],"version-history":[{"count":0,"href":"https:\/\/konferenztechnik.de\/pt\/wp-json\/wp\/v2\/pages\/5760\/revisions"}],"wp:featuredmedia":[{"embeddable":true,"href":"https:\/\/konferenztechnik.de\/pt\/wp-json\/wp\/v2\/media\/45482"}],"wp:attachment":[{"href":"https:\/\/konferenztechnik.de\/pt\/wp-json\/wp\/v2\/media?parent=5760"}],"curies":[{"name":"wp","href":"https:\/\/api.w.org\/{rel}","templated":true}]}}