{"id":6543,"date":"2016-04-15T14:03:11","date_gmt":"2016-04-15T13:03:11","guid":{"rendered":"https:\/\/konferenztechnik.de\/?page_id=6543"},"modified":"2016-04-15T14:03:11","modified_gmt":"2016-04-15T13:03:11","slug":"fohn","status":"publish","type":"page","link":"https:\/\/konferenztechnik.de\/pt\/fohn\/","title":{"rendered":"Fohn"},"content":{"rendered":"<p><img decoding=\"async\" src=\"https:\/\/konferenztechnik.de\/wp-content\/uploads\/2016\/04\/logo-fohhn.jpg\" alt=\"Log\u00f3tipo Fohhn\" width=\"210\" height=\"210\" class=\"alignleft size-full wp-image-6641\" title=\"\" srcset=\"https:\/\/konferenztechnik.de\/wp-content\/uploads\/2016\/04\/logo-fohhn.jpg 250w, https:\/\/konferenztechnik.de\/wp-content\/uploads\/2016\/04\/logo-fohhn-150x150.jpg 150w\" sizes=\"(max-width: 210px) 100vw, 210px\" \/><br \/>\n[limpar]<br \/>\nFohn \u00e9 um fabricante de sistemas de altifalantes activos e passivos para refor\u00e7o de som m\u00f3vel e instala\u00e7\u00f5es fixas. <\/p>\n<p><img fetchpriority=\"high\" decoding=\"async\" width=\"1024\" height=\"323\" src=\"https:\/\/konferenztechnik.de\/wp-content\/uploads\/2016\/04\/fohn-lautsprecher-1024x323.jpg\" alt=\"Altifalante Fohn\" class=\"alignleft size-large wp-image-7046\" title=\"\" srcset=\"https:\/\/konferenztechnik.de\/wp-content\/uploads\/2016\/04\/fohn-lautsprecher-1024x323.jpg 1024w, https:\/\/konferenztechnik.de\/wp-content\/uploads\/2016\/04\/fohn-lautsprecher-300x95.jpg 300w, https:\/\/konferenztechnik.de\/wp-content\/uploads\/2016\/04\/fohn-lautsprecher-768x242.jpg 768w, https:\/\/konferenztechnik.de\/wp-content\/uploads\/2016\/04\/fohn-lautsprecher.jpg 1251w\" sizes=\"(max-width: 1024px) 100vw, 1024px\" \/><\/p>\n<p>[limpar]<\/p>\n<p>Todos os sistemas PA activos Fohhn, amplificadores DSP e controladores de sistema DSP podem ser controlados, monitorizados e sincronizados remotamente na rede. O conceito de opera\u00e7\u00e3o intuitivo inclui op\u00e7\u00f5es de controlo remoto com e sem fios para sistemas de refor\u00e7o de som fixos e m\u00f3veis da Fohhn.<\/p>","protected":false},"excerpt":{"rendered":"<p>[clear] Fohn ist ein Hersteller von aktiven und passiven Lautsprechersystemen f\u00fcr mobile Beschallungen und Festinstallationen. [clear] Alle Fohhn Aktiv-PA-Systeme, DSP-Endstufen und DSP-Systemcontroller sind fernsteuerbar, fern\u00fcberwachbar und im Netzwerk synchron umschaltbar. Das intuitive Bedienkonzept beinhaltet hierbei kabelgebundene und kabellose Fernsteuerungsm\u00f6glichkeiten f\u00fcr festinstallierte und mobile Fohhn Beschallungssysteme.<\/p>","protected":false},"author":1,"featured_media":45482,"parent":0,"menu_order":24,"comment_status":"closed","ping_status":"closed","template":"","meta":{"_acf_changed":false,"footnotes":""},"class_list":["post-6543","page","type-page","status-publish","has-post-thumbnail","hentry"],"acf":[],"_links":{"self":[{"href":"https:\/\/konferenztechnik.de\/pt\/wp-json\/wp\/v2\/pages\/6543","targetHints":{"allow":["GET"]}}],"collection":[{"href":"https:\/\/konferenztechnik.de\/pt\/wp-json\/wp\/v2\/pages"}],"about":[{"href":"https:\/\/konferenztechnik.de\/pt\/wp-json\/wp\/v2\/types\/page"}],"author":[{"embeddable":true,"href":"https:\/\/konferenztechnik.de\/pt\/wp-json\/wp\/v2\/users\/1"}],"replies":[{"embeddable":true,"href":"https:\/\/konferenztechnik.de\/pt\/wp-json\/wp\/v2\/comments?post=6543"}],"version-history":[{"count":0,"href":"https:\/\/konferenztechnik.de\/pt\/wp-json\/wp\/v2\/pages\/6543\/revisions"}],"wp:featuredmedia":[{"embeddable":true,"href":"https:\/\/konferenztechnik.de\/pt\/wp-json\/wp\/v2\/media\/45482"}],"wp:attachment":[{"href":"https:\/\/konferenztechnik.de\/pt\/wp-json\/wp\/v2\/media?parent=6543"}],"curies":[{"name":"wp","href":"https:\/\/api.w.org\/{rel}","templated":true}]}}