{"id":786,"date":"2013-08-12T10:23:29","date_gmt":"2013-08-12T08:23:29","guid":{"rendered":"https:\/\/pcs-miete.de\/?page_id=786"},"modified":"2023-08-28T15:51:12","modified_gmt":"2023-08-28T13:51:12","slug":"10-boas-razoes-para-os-pcs","status":"publish","type":"page","link":"https:\/\/konferenztechnik.de\/pt\/sobre-nos\/10-boas-razoes-para-os-pcs\/","title":{"rendered":"10 boas raz\u00f5es para o PCS"},"content":{"rendered":"<h1>10 boas raz\u00f5es para o PCS<\/h1>\n<p>[spacer size=\"10\u2033]<\/p>\n<div class=\"container-zehn\">\n<div class=\"kasten-zehn\">\n<div class=\"kastenlinks\">\n        <span class=\"zahl\">1.<\/span><\/div>\n<div class=\"kastenrechts\">\n<h1>A PCS \u00e9 o fornecedor de qualidade para tecnologia de confer\u00eancias<\/h1>\n<p>Desde 1995 que a PCS \u00e9 especialista em sistemas de interpreta\u00e7\u00e3o, sistemas de discuss\u00e3o, sistemas de orienta\u00e7\u00e3o, sistemas de vota\u00e7\u00e3o e tecnologia de confer\u00eancias. Oferecemos-lhe um planeamento fi\u00e1vel, solu\u00e7\u00f5es profissionais e um cumprimento meticuloso das encomendas. O servi\u00e7o \u00e9 sempre a nossa principal prioridade.<\/p>\n<p>Com mais de 1.500 confer\u00eancias internacionais e instala\u00e7\u00f5es permanentes organizadas todos os anos, a PCS \u00e9 um dos maiores fornecedores de servi\u00e7os do sector a n\u00edvel mundial.<\/p>\n<\/div>\n<p>[limpar]<\/p>\n<\/div>\n<p>[spacer size=\"20\u2033]<\/p>\n<div class=\"kasten-zehn\">\n<div class=\"kastenlinks\">\n        <span class=\"zahl\">2.<\/span><\/div>\n<div class=\"kastenrechts\">\n<h1>A PCS oferece um servi\u00e7o completo em todas as \u00e1reas da tecnologia de confer\u00eancias<\/h1>\n<ol>\n<li>Aluguer de tecnologia para confer\u00eancias<\/li>\n<li>Instala\u00e7\u00e3o e integra\u00e7\u00e3o de tecnologia de confer\u00eancia e sistemas multim\u00e9dia<\/li>\n<li>Distribui\u00e7\u00e3o de tecnologia de confer\u00eancia e de meios audiovisuais<\/li>\n<li>Apoio a eventos<\/li>\n<li>Produtos personalizados, manuten\u00e7\u00e3o e repara\u00e7\u00e3o<\/li>\n<li>Forma\u00e7\u00e3o e servi\u00e7os para int\u00e9rpretes<\/li>\n<\/ol>\n<\/div>\n<p>[limpar]<\/p>\n<\/div>\n<p>[spacer size=\"20\u2033]<\/p>\n<div class=\"kasten-zehn\">\n<div class=\"kastenlinks\">\n        <span class=\"zahl\">3.<\/span><\/div>\n<div class=\"kastenrechts\">\n<h1>O PCS conta com especialistas qualificados<\/h1>\n<p>S\u00f3 empregamos pessoal altamente qualificado. A nossa equipa \u00e9 composta por especialistas na ind\u00fastria de \u00e1udio e v\u00eddeo: engenheiros, t\u00e9cnicos de eventos, electricistas, programadores e t\u00e9cnicos de eventos.<\/p>\n<p>Somos uma empresa de forma\u00e7\u00e3o e estamos constantemente a formar a nossa equipa \u2013, desde especialistas em tecnologia de eventos a administradores de empresas e mestres artes\u00e3os. Formamos colaboradores externos, t\u00e9cnicos e int\u00e9rpretes em quatro locais na Alemanha. Isto tamb\u00e9m faz de n\u00f3s um l\u00edder no sector no que diz respeito \u00e0 qualifica\u00e7\u00e3o dos trabalhadores.<\/p>\n<\/div>\n<p>[limpar]<\/p>\n<\/div>\n<p>[spacer size=\"20\u2033]<\/p>\n<div class=\"kasten-zehn\">\n<div class=\"kastenlinks\">\n            <span class=\"zahl\">4.<\/span><\/div>\n<div class=\"kastenrechts\">\n<h1>A PCS trabalha de forma sustent\u00e1vel<\/h1>\n<p>Espera-se que todos os nossos dispositivos sejam extremamente fi\u00e1veis e duradouros e que sejam econ\u00f3micos em termos de peso, materiais e consumo de energia. O futuro da nossa tecnologia multim\u00e9dia \u00e9 verde e inteligente. Em instala\u00e7\u00f5es fixas, as possibilidades de solu\u00e7\u00f5es de alta qualidade e de poupan\u00e7a de energia, utilizando unidades de controlo modernas, s\u00e3o enormes.<\/p>\n<p>Tamb\u00e9m nos concentramos em solu\u00e7\u00f5es sustent\u00e1veis para as nossas pr\u00f3prias instala\u00e7\u00f5es comerciais. A nossa frota de ve\u00edculos foi concebida para reduzir as emiss\u00f5es de CO2 e a nossa rede de ag\u00eancias reduz as dist\u00e2ncias de desloca\u00e7\u00e3o ao m\u00ednimo necess\u00e1rio.<\/p>\n<\/div>\n<p>[limpar]<\/p>\n<\/div>\n<p>[spacer size=\"20\u2033]<\/p>\n<div class=\"kasten-zehn\">\n<div class=\"kastenlinks\">\n        <span class=\"zahl\">5.<\/span><\/div>\n<div class=\"kastenrechts\">\n<h1>A PCS \u00e9 um distribuidor independente do fabricante<\/h1>\n<p>Conseguimos conquistar os principais fabricantes de tecnologia de confer\u00eancia e distribuir uma gama de produtos \u00fanica na Europa. O nosso repert\u00f3rio \u00e9 refor\u00e7ado por produtos personalizados e solu\u00e7\u00f5es individuais \"Made by PCS\". Somos distribuidores da Sennheiser, Bosch, Beyerdynamic, Televic, Audipack, Panasonic, Shure, Crestron, AMX e muitos outros.<\/p>\n<\/div>\n<p>[limpar]<\/p>\n<\/div>\n<p>[spacer size=\"20\u2033]<\/p>\n<div class=\"kasten-zehn\">\n<div class=\"kastenlinks\">\n        <span class=\"zahl\">6.<\/span><\/div>\n<div class=\"kastenrechts\">\n<h1>O PCS \u00e9 r\u00e1pido e flex\u00edvel<\/h1>\n<p>A PCS est\u00e1 constantemente a expandir a sua rede de sucursais na Alemanha. Atualmente, pode encontrar-nos em Berlim, Munique e D\u00fcsseldorf. Com mais de 30 funcion\u00e1rios permanentes nas \u00e1reas de programa\u00e7\u00e3o, planeamento, realiza\u00e7\u00e3o de projectos e servi\u00e7o de campo, respondemos prontamente \u00e0s suas quest\u00f5es e pedidos. A nossa vasta gama de tecnologia permite-nos realizar v\u00e1rias produ\u00e7\u00f5es exigentes em paralelo e reagir profissionalmente a circunst\u00e2ncias imprevistas.<\/p>\n<\/div>\n<p>[limpar]<\/p>\n<\/div>\n<p>[spacer size=\"20\u2033]<\/p>\n<div class=\"kasten-zehn\">\n<div class=\"kastenlinks\">\n<span class=\"zahl\">7.<\/span><\/div>\n<div class=\"kastenrechts\">\n<h1>O PCS est\u00e1 ativo em todo o mundo<\/h1>\n<p>Temos clientes em Madrid, Amesterd\u00e3o, Xangai, T\u00f3quio, Moscovo e em todo o mundo. O neg\u00f3cio das confer\u00eancias internacionais \u00e9 um desafio que aceitamos com paix\u00e3o.<\/p>\n<\/div>\n<p>[limpar]<\/p>\n<\/div>\n<p>[spacer size=\"20\u2033]<\/p>\n<div class=\"kasten-zehn\">\n<div class=\"kastenlinks\">\n<span class=\"zahl\">8.<\/span><\/div>\n<div class=\"kastenrechts\">\n<h1>O PCS oferece uma seguran\u00e7a operacional testada sem falhas<\/h1>\n<p>Todas as implanta\u00e7\u00f5es PCS s\u00e3o \u00e0 prova de bordo. Estamos habituados a cumprir os mais elevados padr\u00f5es em qualquer local, em qualquer altura, e a garantir que tudo corre bem. Qualquer pessoa que fa\u00e7a entregas a um pre\u00e7o inferior ao nosso ter\u00e1 dificuldade em cumprir os regulamentos e directrizes de seguran\u00e7a exigidos e relevantes. Estas incluem as inspec\u00e7\u00f5es peri\u00f3dicas necess\u00e1rias do equipamento el\u00e9trico de acordo com DGUV 3 e VDE 0701\/0702, o cumprimento de DGUV 17, BGI 810 e DIN 15750.<\/p>\n<\/div>\n<p>[limpar]<\/p>\n<\/div>\n<p>[spacer size=\"20\u2033]<\/p>\n<div class=\"kasten-zehn\">\n<div class=\"kastenlinks\">\n<span class=\"zahl\">9.<\/span><\/div>\n<div class=\"kastenrechts\">\n<h1>O PCS est\u00e1 empenhado em<\/h1>\n<p>A PCS est\u00e1 empenhada nos interesses dos int\u00e9rpretes, dos operadores de salas de confer\u00eancia, dos t\u00e9cnicos e dos organizadores locais. Trabalhamos em estreita colabora\u00e7\u00e3o com as associa\u00e7\u00f5es de int\u00e9rpretes e participamos ativamente na Association for Media and Event Technology. Estamos empenhados numa comunica\u00e7\u00e3o perfeita para al\u00e9m das fronteiras do nosso trabalho \u2013 e, se n\u00e3o entender o jarg\u00e3o das confer\u00eancias, pode encontrar ajuda aqui: <a href=\"\/pt\/lexico\/\" title=\"www.konferenztechnik.de\/lexikon\">www.konferenztechnik.de\/lexikon<\/a><\/p>\n<\/div>\n<p>[limpar]<\/p>\n<\/div>\n<p>[spacer size=\"20\u2033]<\/p>\n<div class=\"kasten-zehn\">\n<div class=\"kastenlinks\">\n<span class=\"zahl\">10.<\/span><\/div>\n<div class=\"kastenrechts\">\n<h1>O PCS \u00e9 inovador<\/h1>\n<p>Estamos conscientes de que s\u00f3 podemos satisfazer as exig\u00eancias do futuro com um elevado n\u00edvel de conhecimentos t\u00e9cnicos. A PCS foi a primeira empresa alem\u00e3 a utilizar a tecnologia de simultaneidade sem fios, desenvolveu novos sistemas de interpreta\u00e7\u00e3o com a Beyerdynamic, adaptados com precis\u00e3o \u00e0s necessidades dos int\u00e9rpretes, e est\u00e1 estreitamente ligada \u00e0 investiga\u00e7\u00e3o e ao desenvolvimento com fabricantes como a Bosch, a Shure e a Sennheiser.<\/p>\n<p>A qualidade e as possibilidades de aplica\u00e7\u00e3o da tecnologia de confer\u00eancia est\u00e3o a aumentar de forma constante e r\u00e1pida. A PCS est\u00e1 a contribuir para este desenvolvimento na Alemanha e tamb\u00e9m com coopera\u00e7\u00f5es a n\u00edvel mundial.<\/p>\n<\/div>\n<p>[limpar]<\/p>\n<\/div>\n<p>[spacer size=\"20\u2033]<\/p>\n<div class=\"kasten-zehn\">\n<div class=\"kastenlinks\">\n<span class=\"zahl\">+<\/span><\/div>\n<div class=\"kastenrechts\">\n<h1>Satisfa\u00e7\u00e3o do cliente<\/h1>\n<p>A nossa m\u00e1xima de satisfa\u00e7\u00e3o do cliente \u00e9 t\u00e3o evidente para n\u00f3s que n\u00e3o figura regularmente no nosso top ten: esfor\u00e7amo-nos sempre por satisfazer as necessidades dos nossos clientes da melhor forma poss\u00edvel. As rela\u00e7\u00f5es justas e de coopera\u00e7\u00e3o com os nossos clientes, fornecedores e colaboradores s\u00e3o a garantia do sucesso do seu projeto e a base estrat\u00e9gica do nosso sucesso a longo prazo.<\/p>\n<\/div>\n<p>[limpar]<\/p>\n<\/div>\n<p>[spacer size=\"20\u2033]<\/p>\n<\/div>","protected":false},"excerpt":{"rendered":"<p>10 boas raz\u00f5es para escolher a PCS 1. A PCS \u00e9 o fornecedor de qualidade para a tecnologia de confer\u00eancias Desde 1995, a PCS \u00e9 especialista em sistemas de interpreta\u00e7\u00e3o, sistemas de discuss\u00e3o, sistemas de orienta\u00e7\u00e3o, sistemas de vota\u00e7\u00e3o e tecnologia de confer\u00eancias. Oferecemos-lhe um planeamento fi\u00e1vel, solu\u00e7\u00f5es profissionais e um cumprimento meticuloso das encomendas. O servi\u00e7o \u00e9 sempre uma prioridade para n\u00f3s. Com mais de 1.500 confer\u00eancias internacionais e instala\u00e7\u00f5es permanentes organizadas todos os anos, a PCS \u00e9 um dos [...]<\/p>","protected":false},"author":1,"featured_media":45482,"parent":12,"menu_order":235,"comment_status":"closed","ping_status":"open","template":"","meta":{"_acf_changed":false,"footnotes":""},"class_list":["post-786","page","type-page","status-publish","has-post-thumbnail","hentry"],"acf":[],"_links":{"self":[{"href":"https:\/\/konferenztechnik.de\/pt\/wp-json\/wp\/v2\/pages\/786","targetHints":{"allow":["GET"]}}],"collection":[{"href":"https:\/\/konferenztechnik.de\/pt\/wp-json\/wp\/v2\/pages"}],"about":[{"href":"https:\/\/konferenztechnik.de\/pt\/wp-json\/wp\/v2\/types\/page"}],"author":[{"embeddable":true,"href":"https:\/\/konferenztechnik.de\/pt\/wp-json\/wp\/v2\/users\/1"}],"replies":[{"embeddable":true,"href":"https:\/\/konferenztechnik.de\/pt\/wp-json\/wp\/v2\/comments?post=786"}],"version-history":[{"count":0,"href":"https:\/\/konferenztechnik.de\/pt\/wp-json\/wp\/v2\/pages\/786\/revisions"}],"up":[{"embeddable":true,"href":"https:\/\/konferenztechnik.de\/pt\/wp-json\/wp\/v2\/pages\/12"}],"wp:featuredmedia":[{"embeddable":true,"href":"https:\/\/konferenztechnik.de\/pt\/wp-json\/wp\/v2\/media\/45482"}],"wp:attachment":[{"href":"https:\/\/konferenztechnik.de\/pt\/wp-json\/wp\/v2\/media?parent=786"}],"curies":[{"name":"wp","href":"https:\/\/api.w.org\/{rel}","templated":true}]}}