{"id":8529,"date":"2016-10-14T12:13:43","date_gmt":"2016-10-14T10:13:43","guid":{"rendered":"https:\/\/konferenztechnik.de\/?page_id=8529"},"modified":"2023-06-29T14:07:19","modified_gmt":"2023-06-29T12:07:19","slug":"sistemas-de-afinacao-sistemas-ted","status":"publish","type":"page","link":"https:\/\/konferenztechnik.de\/pt\/aluguer-de-equipamento-para-conferencias\/sistemas-de-afinacao-sistemas-ted\/","title":{"rendered":"Sistemas de vota\u00e7\u00e3o, sistemas TED"},"content":{"rendered":"<h1>Sistemas de vota\u00e7\u00e3o, sistemas TED<\/h1>\n<p>A escolha certa para sondagens de opini\u00e3o, question\u00e1rios e reuni\u00f5es de accionistas.<\/p>\n<p>O nosso sistema determina rapidamente as opini\u00f5es e a experi\u00eancia dos participantes e torna os resultados vis\u00edveis para todos na sess\u00e3o plen\u00e1ria. Cada participante pode comparar e classificar a sua pr\u00f3pria opini\u00e3o com os resultados globais.<\/p>\n<p>A utiliza\u00e7\u00e3o deste sistema de vota\u00e7\u00e3o interativo gera uma maior aten\u00e7\u00e3o entre os participantes e d\u00e1-lhes a sensa\u00e7\u00e3o de que t\u00eam uma palavra a dizer sobre o que acontece sem terem de se apresentar. A vota\u00e7\u00e3o \u00e9 an\u00f3nima.<\/p>\n<p>O grau de informa\u00e7\u00e3o aumenta quanto mais ativamente os participantes estiverem envolvidos nos temas.<\/p>\n<p><img fetchpriority=\"high\" decoding=\"async\" width=\"1200\" height=\"346\" src=\"https:\/\/konferenztechnik.de\/wp-content\/uploads\/2016\/10\/abstimmanlage-mieten.jpg\" alt=\"aluguer de sistemas de vota\u00e7\u00e3o\" class=\"alignnone size-full wp-image-8532\" title=\"\" srcset=\"https:\/\/konferenztechnik.de\/wp-content\/uploads\/2016\/10\/abstimmanlage-mieten.jpg 1200w, https:\/\/konferenztechnik.de\/wp-content\/uploads\/2016\/10\/abstimmanlage-mieten-300x87.jpg 300w, https:\/\/konferenztechnik.de\/wp-content\/uploads\/2016\/10\/abstimmanlage-mieten-1024x295.jpg 1024w, https:\/\/konferenztechnik.de\/wp-content\/uploads\/2016\/10\/abstimmanlage-mieten-768x221.jpg 768w\" sizes=\"(max-width: 1200px) 100vw, 1200px\" \/><\/p>\n<h2>Como funciona o sistema de vota\u00e7\u00e3o?<\/h2>\n<h3>A quest\u00e3o<\/h3>\n<p>Todos os participantes receber\u00e3o uma unidade de vota\u00e7\u00e3o sem fios no in\u00edcio do simp\u00f3sio. Os oradores fazem perguntas ao audit\u00f3rio com um m\u00e1ximo de 10 respostas poss\u00edveis. As perguntas podem ser apresentadas atrav\u00e9s de proje\u00e7\u00e3o de dados utilizando um PC e um projetor.<\/p>\n<h3>A vota\u00e7\u00e3o<\/h3>\n<p>Depois de ter moderado a pergunta, o orador pede ao plen\u00e1rio que vote. Uma contagem decrescente aparece no ecr\u00e3 em grandes n\u00fameros. Um per\u00edodo de vota\u00e7\u00e3o de 10 segundos tem-se revelado eficaz. Dentro deste tempo, os participantes podem tomar uma decis\u00e3o e premir o bot\u00e3o correspondente.<\/p>\n<h3>O resultado<\/h3>\n<p>Assim que a contagem decrescente termina, o computador calcula os votos expressos e apresenta o resultado no ecr\u00e3 numa quest\u00e3o de segundos, por exemplo, sob a forma de um gr\u00e1fico de barras colorido.<\/p>\n<p><img decoding=\"async\" src=\"https:\/\/konferenztechnik.de\/wp-content\/uploads\/2016\/10\/voting-mieten.jpg\" alt=\"rendas de voto\" class=\"alignnone size-full wp-image-8537\" title=\"\"><\/p>\n<h2>Vis\u00e3o geral dos servi\u00e7os do sistema de afina\u00e7\u00e3o PCS<\/h2>\n<ul>\n<li>Pr\u00e1ticas unidades de afina\u00e7\u00e3o sem fios<\/li>\n<li>Teclado num\u00e9rico com at\u00e9 10 op\u00e7\u00f5es de sele\u00e7\u00e3o e tecla de corre\u00e7\u00e3o<\/li>\n<li>Mais de 3.500 unidades de afina\u00e7\u00e3o podem ser utilizadas simultaneamente na vers\u00e3o standard<\/li>\n<li>Numa edi\u00e7\u00e3o especial, podem ser utilizadas at\u00e9 18.000 unidades de vota\u00e7\u00e3o em simult\u00e2neo<\/li>\n<li>Vota\u00e7\u00e3o aberta ou secreta<\/li>\n<li>Sondagem de opini\u00e3o, question\u00e1rio ou reuni\u00e3o de accionistas<\/li>\n<li>Possibilidade de vota\u00e7\u00e3o em grupo<\/li>\n<li>A pedido, pode ser atribu\u00eddo um nome a cada dispositivo de afina\u00e7\u00e3o<\/li>\n<li>A pondera\u00e7\u00e3o dos votos tamb\u00e9m \u00e9 poss\u00edvel para cada dispositivo<\/li>\n<li>Liga\u00e7\u00e3o ao PC com software TED vari\u00e1vel com liga\u00e7\u00e3o \u00e0 proje\u00e7\u00e3o de dados<\/li>\n<li>Apresenta\u00e7\u00e3o dos resultados sob a forma de gr\u00e1fico de barras, de colunas ou de pizza<\/li>\n<li>Apresenta\u00e7\u00e3o dos resultados da consulta como valores absolutos ou percentuais<\/li>\n<li>Op\u00e7\u00f5es de design gratuitas para as p\u00e1ginas individuais<\/li>\n<li>Importar log\u00f3tipos e outras imagens de programas gr\u00e1ficos<\/li>\n<li>Exporta\u00e7\u00e3o dos resultados para programas de folha de c\u00e1lculo para avalia\u00e7\u00e3o<\/li>\n<\/ul>\n<p>[spacer size=\"30\u2033]<\/p>\n<div class=\"su-callout\">\n<div class=\"callout-content\">\nSim? N\u00e3o. Talvez? Beneficie do poder da intera\u00e7\u00e3o e d\u00ea voz ao seu p\u00fablico. Ficar\u00e1 surpreendido com o entusiasmo, as ideias e as opini\u00f5es dos seus participantes.<\/div>\n<div class=\"clear\"><\/div>\n<\/div>\n<div class=\"spacer\" style=\"height:20px\"><\/div>\n<div class=\"clear\"><\/div>\n<div class=\"boxcontainer\">\n<div class=\"box1-4\">\n<div class=\"box-head\">Norte e Oeste<\/div>\n<p><img decoding=\"async\" width=\"800\" height=\"533\" src=\"https:\/\/konferenztechnik.de\/wp-content\/uploads\/2013\/09\/monika_van_den_boogaard_pcs-gmbh.jpg\" alt=\"monika_van_den_boogaard_pcs-gmbh\" class=\"alignleft size-full wp-image-2312\" title=\"\" srcset=\"https:\/\/konferenztechnik.de\/wp-content\/uploads\/2013\/09\/monika_van_den_boogaard_pcs-gmbh.jpg 800w, https:\/\/konferenztechnik.de\/wp-content\/uploads\/2013\/09\/monika_van_den_boogaard_pcs-gmbh-300x200.jpg 300w, https:\/\/konferenztechnik.de\/wp-content\/uploads\/2013\/09\/monika_van_den_boogaard_pcs-gmbh-768x512.jpg 768w\" sizes=\"(max-width: 800px) 100vw, 800px\" \/><br \/>\nMonika van den Boogaard<br \/>\nConsultor de projectos Aluguer<br \/>\nTelefone +49 211 737798 10<br \/>\n<span class=\"volleansicht\">correio eletr\u00f3nico <a href=\"mailto:vandenboogaard@konferenztechnik.de\" onclick=\"ga('send', 'event', 'Email-Klick', 'Kontakt Boogaard');\">escrever<\/a><br \/>\n<\/span><br \/>\n<span class=\"mobileansicht\">correio eletr\u00f3nico <a href=\"mailto:vandenboogaard@konferenztechnik.de\" onclick=\"ga('send', 'event', 'Email-Klick', 'Kontakt Boogaard');\">escrever<\/a><br \/>\n<\/span><\/p>\n<\/div>\n<div class=\"box1-4\">\n<div class=\"box-head\">Leste<\/div>\n<p><img decoding=\"async\" width=\"2316\" height=\"1543\" src=\"https:\/\/konferenztechnik.de\/wp-content\/uploads\/2017\/05\/sebastian-meyer-pcs-gmbh.jpg\" alt=\"Sebastian Meyer PCS GmbH - Disposi\u00e7\u00e3o\" class=\"alignleft size-full wp-image-10048\" title=\"\" srcset=\"https:\/\/konferenztechnik.de\/wp-content\/uploads\/2017\/05\/sebastian-meyer-pcs-gmbh.jpg 2316w, https:\/\/konferenztechnik.de\/wp-content\/uploads\/2017\/05\/sebastian-meyer-pcs-gmbh-300x200.jpg 300w, https:\/\/konferenztechnik.de\/wp-content\/uploads\/2017\/05\/sebastian-meyer-pcs-gmbh-1024x682.jpg 1024w, https:\/\/konferenztechnik.de\/wp-content\/uploads\/2017\/05\/sebastian-meyer-pcs-gmbh-768x512.jpg 768w, https:\/\/konferenztechnik.de\/wp-content\/uploads\/2017\/05\/sebastian-meyer-pcs-gmbh-1536x1023.jpg 1536w, https:\/\/konferenztechnik.de\/wp-content\/uploads\/2017\/05\/sebastian-meyer-pcs-gmbh-2048x1364.jpg 2048w\" sizes=\"(max-width: 2316px) 100vw, 2316px\" \/><br \/>\nSebasti\u00e3o Meyer<br \/>\nConsultor de projectos Aluguer<br \/>\nTelefone +49 30 6959690 15<br \/>\n<span class=\"volleansicht\">correio eletr\u00f3nico <a href=\"mailto:meyer@konferenztechnik.de\" onclick=\"ga('send', 'event', 'Email-Klick', 'Kontakt Meyer');\">escrever<\/a><br \/>\n<\/span><br \/>\n<span class=\"mobileansicht\">correio eletr\u00f3nico <a href=\"mailto:meyer@konferenztechnik.de\" onclick=\"ga('send', 'event', 'Email-Klick', 'Kontakt Meyer');\">escrever<\/a><br \/>\n<\/span><\/p>\n<\/div>\n<div class=\"box1-4\">\n<div class=\"box-head\">Sul<\/div>\n<p><img loading=\"lazy\" decoding=\"async\" width=\"800\" height=\"533\" src=\"https:\/\/konferenztechnik.de\/wp-content\/uploads\/2013\/09\/sebastian_gegusch_pcs-gmbh.jpg\" alt=\"Sebastian Gegusch PCS-GmbH\" class=\"alignleft size-full wp-image-3153\" title=\"\" srcset=\"https:\/\/konferenztechnik.de\/wp-content\/uploads\/2013\/09\/sebastian_gegusch_pcs-gmbh.jpg 800w, https:\/\/konferenztechnik.de\/wp-content\/uploads\/2013\/09\/sebastian_gegusch_pcs-gmbh-300x200.jpg 300w, https:\/\/konferenztechnik.de\/wp-content\/uploads\/2013\/09\/sebastian_gegusch_pcs-gmbh-768x512.jpg 768w\" sizes=\"(max-width: 800px) 100vw, 800px\" \/><br \/>\nSebastian Gegusch<br \/>\nGest\u00e3o e programa\u00e7\u00e3o de projectos<br \/>\nTelefone +49 89 248830021<br \/>\n<span class=\"volleansicht\">correio eletr\u00f3nico <a href=\"mailto:gegusch@konferenztechnik.de\" onclick=\"ga('send', 'event', 'Email-Klick', 'Kontakt Gegusch');\">escrever<\/a><br \/>\n<\/span><br \/>\n<span class=\"mobileansicht\">correio eletr\u00f3nico <a href=\"mailto:gegusch@konferenztechnik.de\" onclick=\"ga('send', 'event', 'Email-Klick', 'Kontakt Gegusch');\">escrever<\/a><br \/>\n<\/span><\/p>\n<\/div>\n<div class=\"box1-4-empty\"><\/div>\n<\/div>\n<div class=\"clear\"><\/div>","protected":false},"excerpt":{"rendered":"<p>Sistemas de vota\u00e7\u00e3o, sistemas TED A escolha certa para sondagens de opini\u00e3o, question\u00e1rios e reuni\u00f5es de acionistas. O nosso sistema determina rapidamente as opini\u00f5es e a experi\u00eancia dos participantes e torna os resultados vis\u00edveis para todos na sess\u00e3o plen\u00e1ria. Cada participante pode comparar e classificar a sua pr\u00f3pria opini\u00e3o com os resultados globais. A utiliza\u00e7\u00e3o deste sistema de vota\u00e7\u00e3o interactiva gera uma maior consciencializa\u00e7\u00e3o entre os participantes e d\u00e1 [...]<\/p>","protected":false},"author":1,"featured_media":45482,"parent":3618,"menu_order":73,"comment_status":"closed","ping_status":"closed","template":"","meta":{"_acf_changed":false,"footnotes":""},"class_list":["post-8529","page","type-page","status-publish","has-post-thumbnail","hentry"],"acf":[],"_links":{"self":[{"href":"https:\/\/konferenztechnik.de\/pt\/wp-json\/wp\/v2\/pages\/8529","targetHints":{"allow":["GET"]}}],"collection":[{"href":"https:\/\/konferenztechnik.de\/pt\/wp-json\/wp\/v2\/pages"}],"about":[{"href":"https:\/\/konferenztechnik.de\/pt\/wp-json\/wp\/v2\/types\/page"}],"author":[{"embeddable":true,"href":"https:\/\/konferenztechnik.de\/pt\/wp-json\/wp\/v2\/users\/1"}],"replies":[{"embeddable":true,"href":"https:\/\/konferenztechnik.de\/pt\/wp-json\/wp\/v2\/comments?post=8529"}],"version-history":[{"count":0,"href":"https:\/\/konferenztechnik.de\/pt\/wp-json\/wp\/v2\/pages\/8529\/revisions"}],"up":[{"embeddable":true,"href":"https:\/\/konferenztechnik.de\/pt\/wp-json\/wp\/v2\/pages\/3618"}],"wp:featuredmedia":[{"embeddable":true,"href":"https:\/\/konferenztechnik.de\/pt\/wp-json\/wp\/v2\/media\/45482"}],"wp:attachment":[{"href":"https:\/\/konferenztechnik.de\/pt\/wp-json\/wp\/v2\/media?parent=8529"}],"curies":[{"name":"wp","href":"https:\/\/api.w.org\/{rel}","templated":true}]}}