{"id":9032,"date":"2017-02-14T15:14:06","date_gmt":"2017-02-14T14:14:06","guid":{"rendered":"https:\/\/www.konferenztechnik.de\/?page_id=9032\/"},"modified":"2017-02-14T15:14:06","modified_gmt":"2017-02-14T14:14:06","slug":"equipamento-para-eventos-equipamento-para-conferencias-aluguer-comprar","status":"publish","type":"page","link":"https:\/\/konferenztechnik.de\/pt\/equipamento-para-eventos-equipamento-para-conferencias-aluguer-comprar\/","title":{"rendered":"Aluguer\/compra de tecnologia para eventos e confer\u00eancias em Berlim e Munique"},"content":{"rendered":"<h1>Aluguer e compra de tecnologia para eventos e confer\u00eancias em Berlim e Munique<\/h1>\n<div class=\"call-action-slider-img\">\n<img fetchpriority=\"high\" decoding=\"async\" width=\"1200\" height=\"610\" src=\"https:\/\/konferenztechnik.de\/wp-content\/uploads\/2016\/10\/dolmetscherkabinen-mieten.jpg\" alt=\"Aluguer de tecnologia para confer\u00eancias da PCS GmbH\" class=\"alignleft size-full wp-image-8570\" title=\"\" srcset=\"https:\/\/konferenztechnik.de\/wp-content\/uploads\/2016\/10\/dolmetscherkabinen-mieten.jpg 1200w, https:\/\/konferenztechnik.de\/wp-content\/uploads\/2016\/10\/dolmetscherkabinen-mieten-300x153.jpg 300w, https:\/\/konferenztechnik.de\/wp-content\/uploads\/2016\/10\/dolmetscherkabinen-mieten-1024x521.jpg 1024w, https:\/\/konferenztechnik.de\/wp-content\/uploads\/2016\/10\/dolmetscherkabinen-mieten-768x390.jpg 768w\" sizes=\"(max-width: 1200px) 100vw, 1200px\" \/><br \/>\n<button class=\"btn popmake-9771\">Pedir um or\u00e7amento,<br \/>numa hora<br \/>consigo! &#x9B;<\/button>\n<\/div>\n<p>Desde 1995, a empresa inovadora PCS Konferenztechnik, com as suas quatro instala\u00e7\u00f5es em Berlim, Munique, D\u00fcsseldorf e Heilbronn, oferece-lhe tecnologia de confer\u00eancias e eventos da mais alta qualidade.<\/p>\n<p>A empresa \u00e9 o seu parceiro se pretender alugar ou comprar tecnologia de confer\u00eancia ou mand\u00e1-la instalar profissionalmente. O apoio inclui o sistema de confer\u00eancia completo, a tecnologia de eventos e a tecnologia de meios audiovisuais. \u00c9 oferecido aos clientes um servi\u00e7o completo em todas as \u00e1reas de aluguer de equipamento de confer\u00eancia e tecnologia de eventos. As quatro localiza\u00e7\u00f5es em Berlim, Munique, D\u00fcsseldorf e Heilbronn oferecem uma vasta gama de fabricantes e sistemas. Naturalmente, a instala\u00e7\u00e3o e a integra\u00e7\u00e3o do sistema de confer\u00eancia ou da tecnologia de eventos tamb\u00e9m \u00e9 tida em conta de acordo com as condi\u00e7\u00f5es estruturais.<\/p>\n<p>Os nossos t\u00e9cnicos est\u00e3o dispon\u00edveis para trabalhar em Berlim, Munique, D\u00fcsseldorf, Heilbronn e em todo o mundo. A PCS GmbH tem todo o gosto em assumir a distribui\u00e7\u00e3o de tecnologia e o apoio a eventos, especialmente em Berlim, Munique e em todo o mundo. Naturalmente, a manuten\u00e7\u00e3o, as repara\u00e7\u00f5es e os produtos personalizados tamb\u00e9m fazem parte dos servi\u00e7os da empresa.<\/p>\n<h2>Aluguer de tecnologia para confer\u00eancias, aluguer de tecnologia para eventos<\/h2>\n<p>\u00c9 poss\u00edvel alugar tecnologia de confer\u00eancia, bem como tecnologia de media, tecnologia de eventos e tecnologia de interpreta\u00e7\u00e3o. Os nossos t\u00e9cnicos podem fornecer o apoio necess\u00e1rio para o aluguer de tecnologia de confer\u00eancia. A gama de produtos come\u00e7a com um simples microfone e estende-se at\u00e9 ao equipamento de interpreta\u00e7\u00e3o simult\u00e2nea com 32 l\u00ednguas. A PCS GmbH presta-lhe aconselhamento especializado com base no evento pretendido, de modo a garantir que o seu evento seja um sucesso. Podem ser alugados sistemas de discuss\u00e3o, sistemas de interpreta\u00e7\u00e3o, sistemas de guia, sistemas TED, tecnologia \u00e1udio e v\u00eddeo, bem como streaming de \u00e1udio, v\u00eddeo e dados. Pode ver a tecnologia em pormenor em Berlim, Munique, D\u00fcsseldorf e Heilbronn.<\/p>\n<h2><strong>Distribui\u00e7\u00e3o de tecnologia de confer\u00eancia e de meios AV de alta qualidade pela PCS GmbH<\/strong><\/h2>\n<p>Para al\u00e9m do aluguer de tecnologia de confer\u00eancia, a PCS GmbH tamb\u00e9m oferece sistemas de confer\u00eancia e de meios de comunica\u00e7\u00e3o de fabricantes profissionais de renome para compra. Independentemente de o projeto ser pequeno ou grande, teremos todo o gosto em fornecer a tecnologia adequada e instal\u00e1-la a pedido. Isto \u00e9 poss\u00edvel nas nossas instala\u00e7\u00f5es em Berlim, Munique, D\u00fcsseldorf ou Heilbronn, bem como em todo o mundo. Tamb\u00e9m temos todo o gosto em fornecer pe\u00e7as sobresselentes e acess\u00f3rios para aparelhos mais antigos.<\/p>\n<h2>Produtos personalizados, manuten\u00e7\u00e3o e repara\u00e7\u00e3o do sistema de confer\u00eancia, da tecnologia de eventos e do equipamento associado<\/h2>\n<p>Uma oficina bem equipada e especialistas treinados tamb\u00e9m est\u00e3o \u00e0 sua disposi\u00e7\u00e3o ap\u00f3s a compra da tecnologia de confer\u00eancia. A PCS Professional Conference Systems GmbH tem todo o gosto em desenvolver e fabricar solu\u00e7\u00f5es personalizadas para instala\u00e7\u00e3o e distribui\u00e7\u00e3o de acordo com as suas necessidades. \u00c9 evidente que os nossos t\u00e9cnicos prestam um servi\u00e7o completo para equipamentos e solu\u00e7\u00f5es alugados. Estamos \u00e0 sua disposi\u00e7\u00e3o diretamente nas nossas quatro instala\u00e7\u00f5es em Berlim, Munique, D\u00fcsseldorf e Heilbronn.<\/p>\n<h2>Aluguer de tecnologia para confer\u00eancias e instala\u00e7\u00e3o de sistemas multim\u00e9dia e tecnologia para eventos<\/h2>\n<p>O espetro das \u00e1reas de atividade da PCS GmbH \u00e9 vasto. Salas de confer\u00eancia de todos os tipos, sedes de empresas, showrooms, salas de reuni\u00f5es, exposi\u00e7\u00f5es, museus, salas de aula, palcos, teatros, escolas, hot\u00e9is e est\u00fadios para videoconfer\u00eancias s\u00e3o equipados com tecnologia de alta qualidade, como um sistema de confer\u00eancia, pela PCS Professional Conference Systems GmbH. \u00c9 poss\u00edvel realizar um sistema de confer\u00eancia inteligente e economizador de energia, bem como instala\u00e7\u00f5es individuais. A PCS GmbH j\u00e1 est\u00e1 normalmente envolvida na fase de planeamento do sistema de confer\u00eancia para projectos de constru\u00e7\u00e3o. Os servi\u00e7os do edif\u00edcio e os barramentos do sistema s\u00e3o ligados ao sistema de confer\u00eancia.<\/p>\n<h2>Apoio a eventos como fornecedor de servi\u00e7os t\u00e9cnicos a n\u00edvel mundial<\/h2>\n<p>A PCS Professional Conference Systems GmbH come\u00e7ou a prestar servi\u00e7os de interpreta\u00e7\u00e3o simult\u00e2nea em 1995. Desde ent\u00e3o, foram organizados mais de 20.000 eventos deste tipo em Berlim, Munique, D\u00fcsseldorf, Heilbronn e em todo o mundo. Uma gama de equipamentos de confer\u00eancia de primeira classe para aluguer e int\u00e9rpretes de renome garantem ao cliente as melhores vantagens.<\/p>\n<h2>Forma\u00e7\u00e3o e servi\u00e7o para int\u00e9rpretes perfeitamente implementados<\/h2>\n<p>Os cursos de forma\u00e7\u00e3o profissional de todos os tipos, quer para t\u00e9cnicos, int\u00e9rpretes, oradores e gestores, quer para pessoal de teatro, restaura\u00e7\u00e3o e hotelaria, garantem o fator de sucesso para futuros espect\u00e1culos. O departamento de forma\u00e7\u00e3o da PCS GmbH ter\u00e1 todo o gosto em aconselh\u00e1-lo e apoi\u00e1-lo de forma abrangente. \u00c9 garantida uma cultura de forma\u00e7\u00e3o agrad\u00e1vel e profissional.<\/p>","protected":false},"excerpt":{"rendered":"<p>Veranstaltungstechnik und Konferenztechnik mieten und kaufen in Berlin und M\u00fcnchen Angebot anfordern,in einer Stundebei Ihnen! &#x9B; Konferenztechnik und Veranstaltungstechnik in h\u00f6chster Qualit\u00e4t bietet Ihnen seit 1995 das innovative Unternehmen PCS Konferenztechnik mit seinen vier Standorten Berlin, M\u00fcnchen, D\u00fcsseldorf und Heilbronn. Das Unternehmen ist Ihr Partner, wenn Sie Konferenztechnik mieten, kaufen oder fachgerecht installieren lassen m\u00f6chten. [&hellip;]<\/p>","protected":false},"author":1,"featured_media":45482,"parent":0,"menu_order":0,"comment_status":"closed","ping_status":"closed","template":"page-right-sidebar.php","meta":{"_acf_changed":false,"footnotes":""},"class_list":["post-9032","page","type-page","status-publish","has-post-thumbnail","hentry"],"acf":[],"_links":{"self":[{"href":"https:\/\/konferenztechnik.de\/pt\/wp-json\/wp\/v2\/pages\/9032","targetHints":{"allow":["GET"]}}],"collection":[{"href":"https:\/\/konferenztechnik.de\/pt\/wp-json\/wp\/v2\/pages"}],"about":[{"href":"https:\/\/konferenztechnik.de\/pt\/wp-json\/wp\/v2\/types\/page"}],"author":[{"embeddable":true,"href":"https:\/\/konferenztechnik.de\/pt\/wp-json\/wp\/v2\/users\/1"}],"replies":[{"embeddable":true,"href":"https:\/\/konferenztechnik.de\/pt\/wp-json\/wp\/v2\/comments?post=9032"}],"version-history":[{"count":0,"href":"https:\/\/konferenztechnik.de\/pt\/wp-json\/wp\/v2\/pages\/9032\/revisions"}],"wp:featuredmedia":[{"embeddable":true,"href":"https:\/\/konferenztechnik.de\/pt\/wp-json\/wp\/v2\/media\/45482"}],"wp:attachment":[{"href":"https:\/\/konferenztechnik.de\/pt\/wp-json\/wp\/v2\/media?parent=9032"}],"curies":[{"name":"wp","href":"https:\/\/api.w.org\/{rel}","templated":true}]}}