{"id":9112,"date":"2017-02-21T08:38:02","date_gmt":"2017-02-21T07:38:02","guid":{"rendered":"https:\/\/www.konferenztechnik.de\/?page_id=9112\/"},"modified":"2023-09-01T13:19:57","modified_gmt":"2023-09-01T11:19:57","slug":"sennheiser-teamconnect-sem-fios","status":"publish","type":"page","link":"https:\/\/konferenztechnik.de\/pt\/sennheiser-teamconnect-sem-fios\/","title":{"rendered":"Sistema de confer\u00eancia m\u00f3vel Sennheiser TeamConnect Wireless \u2013"},"content":{"rendered":"<h1>Sistema de confer\u00eancia m\u00f3vel Sennheiser TeamConnect Wireless \u2013<\/h1>\n<p><img fetchpriority=\"high\" decoding=\"async\" width=\"1201\" height=\"451\" class=\"alignnone size-full wp-image-9113\" src=\"https:\/\/konferenztechnik.de\/wp-content\/uploads\/2017\/02\/sennheiserteamconnectwireless.jpg\" alt=\"Sennheiser TeamConnect sem fios\" title=\"\" srcset=\"https:\/\/konferenztechnik.de\/wp-content\/uploads\/2017\/02\/sennheiserteamconnectwireless.jpg 1201w, https:\/\/konferenztechnik.de\/wp-content\/uploads\/2017\/02\/sennheiserteamconnectwireless-300x113.jpg 300w, https:\/\/konferenztechnik.de\/wp-content\/uploads\/2017\/02\/sennheiserteamconnectwireless-1024x385.jpg 1024w, https:\/\/konferenztechnik.de\/wp-content\/uploads\/2017\/02\/sennheiserteamconnectwireless-768x288.jpg 768w\" sizes=\"(max-width: 1201px) 100vw, 1201px\" \/><\/p>\n<h2>O posto de intercomunica\u00e7\u00e3o como objeto de design<\/h2>\n<p>A Sennheiser apresenta um novo conceito para um sistema de confer\u00eancia: o Sennheiser TeamConnect Wireless. Os dispositivos do tamanho da palma da m\u00e3o, conhecidos como sat\u00e9lites, cont\u00eam um microfone, um altifalante, um painel de controlo e um painel de liga\u00e7\u00e3o.<\/p>\n<p>A Sennheiser vai deixar de oferecer e desenvolver a s\u00e9rie TeamConnect com efeito imediato. No entanto, temos alternativas para si. Basta entrar em contacto connosco.<\/p>\n<p>No entanto, os servi\u00e7os de garantia e as ordens de servi\u00e7o que ainda est\u00e3o em curso permanecem v\u00e1lidos durante o per\u00edodo especificado.<\/p>\n<p>Os dispositivos funcionam sem fios e cumprem os mais elevados padr\u00f5es t\u00e9cnicos \u2013, tal como esperamos da Sennheiser.<\/p>\n<p>O design atrativo com painel t\u00e1til de vidro intuitivo faz da \"esta\u00e7\u00e3o de intercomunica\u00e7\u00e3o\" uma solu\u00e7\u00e3o moderna, fresca e prestigiante que se integra perfeitamente em qualquer sala de reuni\u00f5es ou sala de reuni\u00e3o moderna e de alta qualidade.<\/p>\n<p><img decoding=\"async\" class=\"alignnone size-full wp-image-9118\" src=\"https:\/\/konferenztechnik.de\/wp-content\/uploads\/2017\/02\/drahtlosesprechstelle-sennheiser.jpg\" alt=\"Unidade de microfone sem fios Sennheiser\" title=\"\"><\/p>\n<h2>Dom\u00ednios de aplica\u00e7\u00e3o<\/h2>\n<p>Salas de reuni\u00e3o modernas, reuni\u00f5es em linha, confer\u00eancias port\u00e1teis com um m\u00e1ximo de 24 participantes.<\/p>\n<p>Podem ser combinados at\u00e9 4 sat\u00e9lites num sistema de confer\u00eancia, cada sat\u00e9lite pode ser utilizado por um m\u00e1ximo de 6 participantes.<\/p>\n<p>O TeamConnect Wireless pode ser facilmente integrado em situa\u00e7\u00f5es de reuni\u00e3o online existentes.<\/p>\n<p><img decoding=\"async\" width=\"577\" height=\"450\" class=\"alignnone size-full wp-image-9127\" src=\"https:\/\/konferenztechnik.de\/wp-content\/uploads\/2017\/02\/drahtlose-konferenz.jpg\" alt=\"Confer\u00eancia sem fios\" title=\"\" srcset=\"https:\/\/konferenztechnik.de\/wp-content\/uploads\/2017\/02\/drahtlose-konferenz.jpg 577w, https:\/\/konferenztechnik.de\/wp-content\/uploads\/2017\/02\/drahtlose-konferenz-300x234.jpg 300w\" sizes=\"(max-width: 577px) 100vw, 577px\" \/><\/p>\n<h2>Situa\u00e7\u00f5es de assento<\/h2>\n<p><img decoding=\"async\" width=\"1201\" height=\"664\" class=\"alignnone size-full wp-image-9135\" src=\"https:\/\/konferenztechnik.de\/wp-content\/uploads\/2017\/02\/bestuhlung-drathlose-konferenz.jpg\" alt=\"Assentos para confer\u00eancias\" title=\"\" srcset=\"https:\/\/konferenztechnik.de\/wp-content\/uploads\/2017\/02\/bestuhlung-drathlose-konferenz.jpg 1201w, https:\/\/konferenztechnik.de\/wp-content\/uploads\/2017\/02\/bestuhlung-drathlose-konferenz-300x166.jpg 300w, https:\/\/konferenztechnik.de\/wp-content\/uploads\/2017\/02\/bestuhlung-drathlose-konferenz-1024x566.jpg 1024w, https:\/\/konferenztechnik.de\/wp-content\/uploads\/2017\/02\/bestuhlung-drathlose-konferenz-768x425.jpg 768w\" sizes=\"(max-width: 1201px) 100vw, 1201px\" \/><\/p>\n<h2>Op\u00e7\u00f5es de liga\u00e7\u00e3o<\/h2>\n<p>O TeamConnect Wireless oferece uma vasta gama de liga\u00e7\u00f5es. Os participantes podem ligar-se rapidamente atrav\u00e9s de um computador port\u00e1til, tablet ou smartphone \u2013, quer sem fios atrav\u00e9s de Bluetooth, cabo USB ou ficha jack de 3,5 mm.<\/p>\n<p><img decoding=\"async\" class=\"alignnone size-full wp-image-9130\" src=\"https:\/\/konferenztechnik.de\/wp-content\/uploads\/2017\/02\/teamconnectwireless-anschluesse.jpg\" alt=\"Liga\u00e7\u00f5es sem fios TeamConnect\" title=\"\"><\/p>\n<h2>Caracter\u00edsticas<\/h2>\n<ul>\n<li>Solu\u00e7\u00e3o completa de reuni\u00e3o em linha para um m\u00e1ximo de 12 ou 24 participantes<\/li>\n<li>Para salas de confer\u00eancia flex\u00edveis e dedicadas<\/li>\n<li>Liga\u00e7\u00f5es simples (BYOD) com smartphone, tablet ou PC<\/li>\n<li>Conectividade Bluetooth sem fios ou com fios atrav\u00e9s de USB ou ficha de 3,5 mm<\/li>\n<li>Suporta canais de \u00e1udio simult\u00e2neos<\/li>\n<li>A melhor inteligibilidade de voz para reuni\u00f5es online melhores e mais eficientes<\/li>\n<li>Design de produto premiado<\/li>\n<\/ul>\n<p><img loading=\"lazy\" decoding=\"async\" width=\"577\" height=\"450\" class=\"alignnone size-full wp-image-9140\" src=\"https:\/\/konferenztechnik.de\/wp-content\/uploads\/2017\/02\/TeamConnectWireless-CaseSet.jpg\" alt=\"Conjunto de malas sem fios TeamConnect\" title=\"\" srcset=\"https:\/\/konferenztechnik.de\/wp-content\/uploads\/2017\/02\/TeamConnectWireless-CaseSet.jpg 577w, https:\/\/konferenztechnik.de\/wp-content\/uploads\/2017\/02\/TeamConnectWireless-CaseSet-300x234.jpg 300w\" sizes=\"(max-width: 577px) 100vw, 577px\" \/><\/p>\n<div><\/div>\n<h2>Liga\u00e7\u00f5es<\/h2>\n<p><span class=\"taster\"><a href=\"https:\/\/konferenztechnik.de\/wp-content\/uploads\/2017\/02\/TeamConnectWireless_SetCase_Manual_08_2016_DE.pdf\"> Instru\u00e7\u00f5es de funcionamento (PDF)<\/a><\/span><br \/>\n<span class=\"taster\"><a href=\"https:\/\/konferenztechnik.de\/wp-content\/uploads\/2017\/02\/SP_1070_v1.0_TeamConnect_Wireless_System_Specification_DE.pdf\"> Folha de dados (PDF)<\/a><\/span><br \/>\n<span class=\"taster\"><a href=\"https:\/\/konferenztechnik.de\/pt\/promocao-de-cashback-teamconnect\/\"> Campanha de reembolso<\/a><\/span><br \/>\n<span class=\"taster\"><a href=\"https:\/\/de-de.sennheiser.com\/drahtlose-telekonferenz-meeting-mikrofone-loesungen-teamconnect\" target=\"_blank\" rel=\"noopener noreferrer\"> P\u00e1gina do fabricante<\/a><\/span><br \/>\n<span class=\"taster\"><a href=\"https:\/\/www.professional-system.de\/features\/sennheiser-teamconnect-wireless-im-test\/\" target=\"_blank\" rel=\"noopener noreferrer\"> Teste no sistema profissional<\/a><\/span><\/p>\n<p>Com o TeamConnect Wireless, a Sennheiser apresenta uma solu\u00e7\u00e3o de confer\u00eancia port\u00e1til e de alta qualidade. O TeamConnect Wireless \u00e9 extremamente f\u00e1cil e r\u00e1pido de configurar e permite reuni\u00f5es online com qualidade de \u00e1udio profissional em qualquer sala. O sistema oferece as melhores op\u00e7\u00f5es de liga\u00e7\u00e3o a computadores port\u00e1teis, smartphones ou sistemas de videoconfer\u00eancia.<\/p>\n<div class=\"boxcontainer\">\n<div class=\"box1-2\">\n<h1>Pessoa de contacto<\/h1>\n<\/div>\n<div class=\"box1-2-order\">\n<h1>Outras liga\u00e7\u00f5es<\/h1>\n<\/div>\n<div class=\"box1-4\">\n<div class=\"box-head\">Distribui\u00e7\u00e3o e vendas<\/div>\n<\/div>\n<div class=\"box2-4-2\" style=\"order: 1;\">\n<div class=\"weiterlinks\"><a title=\"Distribui\u00e7\u00e3o por grupo de produtos\" href=\"\/pt\/grupos-de-produtos\/\">Distribui\u00e7\u00e3o por grupo de produtos<\/a><br \/>\n<a title=\"Distribui\u00e7\u00e3o por fabricante\" href=\"\/pt\/fabricante\/\">Distribui\u00e7\u00e3o por fabricante<\/a><br \/>\n<a title=\"Produtos personalizados, manuten\u00e7\u00e3o e repara\u00e7\u00e3o\" href=\"\/pt\/servicos-2\/manutencao-e-reparacao\/\">Produtos personalizados, manuten\u00e7\u00e3o e repara\u00e7\u00e3o<\/a><br \/>\n<a title=\"10 boas raz\u00f5es para o PCS\" href=\"\/pt\/sobre-nos\/10-boas-razoes-para-os-pcs\/\">10 boas raz\u00f5es para o PCS<\/a><br \/>\n<a title=\"Refer\u00eancias\" href=\"\/pt\/sobre-nos\/lista-de-referencias-instalacao\/\">Refer\u00eancias Instala\u00e7\u00e3o e integra\u00e7\u00e3o<\/a><br \/>\n<a title=\"PCS: Todos os servi\u00e7os em resumo\" href=\"\/pt\/servicos-2\/\">PCS: Todos os servi\u00e7os em resumo<\/a><\/p>\n<\/div>\n<\/div>\n<\/div>","protected":false},"excerpt":{"rendered":"<p>Sennheiser TeamConnect Wireless \u2013 mobiles Konferenzsystem Die Sprechstelle als Designobjekt Ein neues, frisches Konzept einer Konferenzanlage kommt aus dem Hause Sennheiser: Sennheiser TeamConnect Wireless. In handtellergro\u00dfen Ger\u00e4ten, den sogenannten Satelliten, sind ein Mikrofon, Lautsprecher, ein Bedien- und Anschlussfeld verbaut. Bitte beachten Sie, dass Sennheiser die TeamConnect Serie ab sofort nicht mehr anbietet und weiterentwickelt. Wir [&hellip;]<\/p>","protected":false},"author":1,"featured_media":45482,"parent":0,"menu_order":0,"comment_status":"closed","ping_status":"closed","template":"","meta":{"_acf_changed":false,"footnotes":""},"class_list":["post-9112","page","type-page","status-publish","has-post-thumbnail","hentry"],"acf":[],"_links":{"self":[{"href":"https:\/\/konferenztechnik.de\/pt\/wp-json\/wp\/v2\/pages\/9112","targetHints":{"allow":["GET"]}}],"collection":[{"href":"https:\/\/konferenztechnik.de\/pt\/wp-json\/wp\/v2\/pages"}],"about":[{"href":"https:\/\/konferenztechnik.de\/pt\/wp-json\/wp\/v2\/types\/page"}],"author":[{"embeddable":true,"href":"https:\/\/konferenztechnik.de\/pt\/wp-json\/wp\/v2\/users\/1"}],"replies":[{"embeddable":true,"href":"https:\/\/konferenztechnik.de\/pt\/wp-json\/wp\/v2\/comments?post=9112"}],"version-history":[{"count":0,"href":"https:\/\/konferenztechnik.de\/pt\/wp-json\/wp\/v2\/pages\/9112\/revisions"}],"wp:featuredmedia":[{"embeddable":true,"href":"https:\/\/konferenztechnik.de\/pt\/wp-json\/wp\/v2\/media\/45482"}],"wp:attachment":[{"href":"https:\/\/konferenztechnik.de\/pt\/wp-json\/wp\/v2\/media?parent=9112"}],"curies":[{"name":"wp","href":"https:\/\/api.w.org\/{rel}","templated":true}]}}