{"id":2103,"date":"2013-09-19T13:22:58","date_gmt":"2013-09-19T11:22:58","guid":{"rendered":"https:\/\/konferenztechnik.de\/?page_id=2103"},"modified":"2013-09-19T13:22:58","modified_gmt":"2013-09-19T11:22:58","slug":"%d0%be%d1%82%d0%bf%d0%b5%d1%87%d0%b0%d1%82%d0%be%d0%ba-2","status":"publish","type":"page","link":"https:\/\/konferenztechnik.de\/ru\/%d1%81%d0%b2%d1%8f%d0%b7%d0%b0%d1%82%d1%8c%d1%81%d1%8f-%d1%81\/%d0%be%d1%82%d0%bf%d0%b5%d1%87%d0%b0%d1%82%d0%be%d0%ba-2\/","title":{"rendered":"\u041e\u0442\u0442\u0438\u0441\u043a"},"content":{"rendered":"<h1>\u041e\u0442\u0442\u0438\u0441\u043a<\/h1>\n<p>\u042d\u0442\u043e \u0441\u043e\u0432\u043c\u0435\u0441\u0442\u043d\u0430\u044f \u043f\u0440\u0435\u0437\u0435\u043d\u0442\u0430\u0446\u0438\u044f \u043a\u043e\u043c\u043f\u0430\u043d\u0438\u0439 PCS Vertriebs- und Service GmbH \u0438 PCS Professional Conference Systems GmbH.<br \/>\n\u041f\u043e\u0436\u0430\u043b\u0443\u0439\u0441\u0442\u0430, \u043e\u0437\u043d\u0430\u043a\u043e\u043c\u044c\u0442\u0435\u0441\u044c \u0441 \u0438\u043d\u0444\u043e\u0440\u043c\u0430\u0446\u0438\u0435\u0439 \u043d\u0438\u0436\u0435.<\/p>\n<p>[column size=\"2-5\u2033 last=\"0\u2033]<br \/>\n<b>PCS Professional Conference Systems GmbH<\/b><\/p>\n<p><b>\u0414\u0435\u0440\u0436\u0430\u0442\u0435\u043b\u044c<\/b><br \/>\n\u0414\u0438\u0440\u043a \u041d\u043e\u0439\u043c\u0430\u043d\u043d<br \/>\n\u0419\u043e\u0440\u0433 \u041f\u0435\u0448\u043a\u0430<\/p>\n<p><b>\u0423\u043f\u0440\u0430\u0432\u043b\u044f\u044e\u0449\u0438\u0439 \u0434\u0438\u0440\u0435\u043a\u0442\u043e\u0440<\/b><br \/>\n\u0414\u0438\u0440\u043a \u041d\u043e\u0439\u043c\u0430\u043d\u043d<br \/>\n\u0419\u043e\u0440\u0433 \u041f\u0435\u0448\u043a\u0430<br \/>\n\u0413\u0443\u043d\u043d\u0430\u0440 \u0425\u0435\u0440\u043c\u0435\u043d\u0430\u0443<br \/>\n\u0422\u043e\u0440\u0441\u0442\u0435\u043d \u0413\u0430\u0439\u0441\u043b\u0435\u0440<\/p>\n<p><b>\u0410\u0434\u0440\u0435\u0441<\/b><br \/>\n\u0420\u0435\u0439\u0441\u0445\u043e\u043b\u044c\u0446\u0435\u0440 \u0412\u0435\u0440\u0444\u0442\u0448\u0442\u0440\u0430\u0441\u0441\u0435 42<br \/>\n40589 \u0414\u044e\u0441\u0441\u0435\u043b\u044c\u0434\u043e\u0440\u0444<br \/>\n\u0422\u0435\u043b\u0435\u0444\u043e\u043d: +49 211 737798-0<br \/>\n\u0424\u0430\u043a\u0441: +49 211 737798-19<\/p>\n<p>\u0414\u043e\u043f\u043e\u043b\u043d\u0438\u0442\u0435\u043b\u044c\u043d\u0430\u044f \u0438\u043d\u0444\u043e\u0440\u043c\u0430\u0446\u0438\u044f \u0432 \u0441\u043e\u043e\u0442\u0432\u0435\u0442\u0441\u0442\u0432\u0438\u0438 \u0441 \u0437\u0430\u043a\u043e\u043d\u043e\u043c \u043e \u043f\u0440\u0430\u0432\u043e\u0432\u044b\u0445 \u043e\u0441\u043d\u043e\u0432\u0430\u0445 \u044d\u043b\u0435\u043a\u0442\u0440\u043e\u043d\u043d\u043e\u0439 \u0442\u043e\u0440\u0433\u043e\u0432\u043b\u0438 (EGG) \u0432 \u0441\u043e\u0447\u0435\u0442\u0430\u043d\u0438\u0438 \u0441 \u00a7 6 \u0417\u0430\u043a\u043e\u043d\u0430 \u043e \u0442\u0435\u043b\u0435\u0443\u0441\u043b\u0443\u0433\u0430\u0445 (TDG):<\/p>\n<p><b>\u0418\u043d\u0442\u0435\u0440\u043d\u0435\u0442<\/b><br \/>\n<a href=\"https:\/\/konferenztechnik.de\/ru\">www.konferenztechnik.de<\/a><\/p>\n<p><b>e-mail<\/b><br \/>\n<a href=\"mailto:info@konferenztechnik.de\">info@konferenztechnik.de<\/a><\/p>\n<p><b>\u0424\u043e\u043d\u0434<\/b><br \/>\n\u043d\u043e\u0442\u0430\u0440\u0438\u0430\u043b\u044c\u043d\u043e \u0437\u0430\u0432\u0435\u0440\u0435\u043d\u043e 28\/09\/1995<\/p>\n<p><b>\u041f\u0440\u0430\u0432\u043e\u0432\u0430\u044f \u0444\u043e\u0440\u043c\u0430<\/b><br \/>\nLtd.<\/p>\n<p><b>\u0422\u043e\u0440\u0433\u043e\u0432\u044b\u0439 \u0440\u0435\u0435\u0441\u0442\u0440<\/b><br \/>\nHRB 32720<br \/>\n\u041c\u0435\u0441\u0442\u043d\u044b\u0439 \u0441\u0443\u0434 \u0414\u044e\u0441\u0441\u0435\u043b\u044c\u0434\u043e\u0440\u0444\u0430<br \/>\n\u041f\u043e\u0441\u0442\u0443\u043f\u043b\u0435\u043d\u0438\u0435 14 \u043d\u043e\u044f\u0431\u0440\u044f 1995 \u0433\u043e\u0434\u0430<\/p>\n<p><b>\u0418\u0434\u0435\u043d\u0442\u0438\u0444\u0438\u043a\u0430\u0446\u0438\u043e\u043d\u043d\u044b\u0439 \u043d\u043e\u043c\u0435\u0440 \u043d\u0430\u043b\u043e\u0433\u0430 \u0441 \u043f\u0440\u043e\u0434\u0430\u0436 \u0432 \u0441\u043e\u043e\u0442\u0432\u0435\u0442\u0441\u0442\u0432\u0438\u0438 \u0441 \u00a7 27a \u0437\u0430\u043a\u043e\u043d\u0430 \u043e \u043d\u0430\u043b\u043e\u0433\u0435 \u0441 \u043f\u0440\u043e\u0434\u0430\u0436<\/b><br \/>\nDE 176 161 352<\/p>\n<p><b>\u0410\u0441\u0441\u043e\u0446\u0438\u0430\u0446\u0438\u044f \u0441\u0442\u0440\u0430\u0445\u043e\u0432\u0430\u043d\u0438\u044f \u043e\u0442\u0432\u0435\u0442\u0441\u0442\u0432\u0435\u043d\u043d\u043e\u0441\u0442\u0438 \u0440\u0430\u0431\u043e\u0442\u043e\u0434\u0430\u0442\u0435\u043b\u0435\u0439<\/b><br \/>\nVBG<br \/>\n\u0410\u0441\u0441\u043e\u0446\u0438\u0430\u0446\u0438\u044f \u0441\u0442\u0440\u0430\u0445\u043e\u0432\u0430\u043d\u0438\u044f \u043e\u0442\u0432\u0435\u0442\u0441\u0442\u0432\u0435\u043d\u043d\u043e\u0441\u0442\u0438 \u0440\u0430\u0431\u043e\u0442\u043e\u0434\u0430\u0442\u0435\u043b\u0435\u0439<br \/>\n\u0427\u043b\u0435\u043d\u0441\u0442\u0432\u043e \u2116 97\/0048\/8929<br \/>\n[\/column]<\/p>\n<p>[column size=\"1-2\u2033 last=\"1\u2033]<br \/>\n<b>PCS Vertriebs- und Service GmbH<\/b><\/p>\n<p><b>\u0414\u0435\u0440\u0436\u0430\u0442\u0435\u043b\u044c<\/b><br \/>\n\u0414\u0438\u0440\u043a \u041d\u043e\u0439\u043c\u0430\u043d\u043d<br \/>\n\u0419\u043e\u0440\u0433 \u041f\u0435\u0448\u043a\u0430<\/p>\n<p><b>\u0423\u043f\u0440\u0430\u0432\u043b\u044f\u044e\u0449\u0438\u0439 \u0434\u0438\u0440\u0435\u043a\u0442\u043e\u0440<\/b><br \/>\n\u0414\u0438\u0440\u043a \u041d\u043e\u0439\u043c\u0430\u043d\u043d<br \/>\n\u0419\u043e\u0440\u0433 \u041f\u0435\u0448\u043a\u0430<br \/>\n\u0413\u0443\u043d\u043d\u0430\u0440 \u0425\u0435\u0440\u043c\u0435\u043d\u0430\u0443<br \/>\n\u0422\u043e\u0440\u0441\u0442\u0435\u043d \u0413\u0430\u0439\u0441\u043b\u0435\u0440<\/p>\n<p><b>\u0410\u0434\u0440\u0435\u0441<\/b><br \/>\n\u0420\u0435\u0439\u0441\u0445\u043e\u043b\u044c\u0446\u0435\u0440 \u0412\u0435\u0440\u0444\u0442\u0448\u0442\u0440\u0430\u0441\u0441\u0435 42<br \/>\n40589 \u0414\u044e\u0441\u0441\u0435\u043b\u044c\u0434\u043e\u0440\u0444<br \/>\n\u0422\u0435\u043b\u0435\u0444\u043e\u043d: +49 211 737798-20<br \/>\n\u0424\u0430\u043a\u0441: +49 211 737798-29<\/p>\n<p>\u0414\u043e\u043f\u043e\u043b\u043d\u0438\u0442\u0435\u043b\u044c\u043d\u0430\u044f \u0438\u043d\u0444\u043e\u0440\u043c\u0430\u0446\u0438\u044f \u0432 \u0441\u043e\u043e\u0442\u0432\u0435\u0442\u0441\u0442\u0432\u0438\u0438 \u0441 \u0437\u0430\u043a\u043e\u043d\u043e\u043c \u043e \u043f\u0440\u0430\u0432\u043e\u0432\u044b\u0445 \u043e\u0441\u043d\u043e\u0432\u0430\u0445 \u044d\u043b\u0435\u043a\u0442\u0440\u043e\u043d\u043d\u043e\u0439 \u0442\u043e\u0440\u0433\u043e\u0432\u043b\u0438 (EGG) \u0432 \u0441\u043e\u0447\u0435\u0442\u0430\u043d\u0438\u0438 \u0441 \u00a7 6 \u0417\u0430\u043a\u043e\u043d\u0430 \u043e \u0442\u0435\u043b\u0435\u0443\u0441\u043b\u0443\u0433\u0430\u0445 (TDG):<\/p>\n<p><b>\u0418\u043d\u0442\u0435\u0440\u043d\u0435\u0442<\/b><br \/>\n<a href=\"https:\/\/konferenztechnik.de\/ru\">www.konferenztechnik.de<\/a><\/p>\n<p><b>e-mail<\/b><br \/>\n<a href=\"mailto:vertrieb@konferenztechnik.de\">vertrieb@konferenztechnik.de<\/a><\/p>\n<p><b>\u0424\u043e\u043d\u0434<\/b><br \/>\n\u043d\u043e\u0442\u0430\u0440\u0438\u0430\u043b\u044c\u043d\u043e \u0437\u0430\u0432\u0435\u0440\u0435\u043d\u043e 22.12.2006<\/p>\n<p><b>\u041f\u0440\u0430\u0432\u043e\u0432\u0430\u044f \u0444\u043e\u0440\u043c\u0430<\/b><br \/>\nLtd.<\/p>\n<p><b>\u0422\u043e\u0440\u0433\u043e\u0432\u044b\u0439 \u0440\u0435\u0435\u0441\u0442\u0440<\/b><br \/>\nHRB 56501<br \/>\n\u041c\u0435\u0441\u0442\u043d\u044b\u0439 \u0441\u0443\u0434 \u0414\u044e\u0441\u0441\u0435\u043b\u044c\u0434\u043e\u0440\u0444\u0430<br \/>\n\u0417\u0430\u043f\u0438\u0441\u044c \u043e\u0442 18.06.2007<\/p>\n<p><b>\u0418\u0434\u0435\u043d\u0442\u0438\u0444\u0438\u043a\u0430\u0446\u0438\u043e\u043d\u043d\u044b\u0439 \u043d\u043e\u043c\u0435\u0440 \u043d\u0430\u043b\u043e\u0433\u0430 \u0441 \u043f\u0440\u043e\u0434\u0430\u0436 \u0432 \u0441\u043e\u043e\u0442\u0432\u0435\u0442\u0441\u0442\u0432\u0438\u0438 \u0441 \u00a7 27a \u0437\u0430\u043a\u043e\u043d\u0430 \u043e \u043d\u0430\u043b\u043e\u0433\u0435 \u0441 \u043f\u0440\u043e\u0434\u0430\u0436<\/b><br \/>\nDE 814 889 174<\/p>\n<p><b>\u0410\u0441\u0441\u043e\u0446\u0438\u0430\u0446\u0438\u044f \u0441\u0442\u0440\u0430\u0445\u043e\u0432\u0430\u043d\u0438\u044f \u043e\u0442\u0432\u0435\u0442\u0441\u0442\u0432\u0435\u043d\u043d\u043e\u0441\u0442\u0438 \u0440\u0430\u0431\u043e\u0442\u043e\u0434\u0430\u0442\u0435\u043b\u0435\u0439<\/b><br \/>\nBGHW<br \/>\nBerufsgenossenschaft Handel und Warendistribution<br \/>\nM 9\/984 7264<\/p>\n<p>[\/column]<\/p>\n<h2>\u041e\u0442\u0432\u0435\u0442\u0441\u0442\u0432\u0435\u043d\u043d\u044b\u0439 \u0440\u0435\u0434\u0430\u043a\u0442\u043e\u0440<\/h2>\n<p>  \u0419\u043e\u0440\u0433 \u041f\u0435\u0448\u043a\u0430<br \/>\n  <a href=\"mailto:impressum@konferenztechnik.de\">impressum@konferenztechnik.de<\/a><\/p>\n<h2>\u041f\u0440\u0430\u0432\u0430 \u043d\u0430 \u0438\u0441\u043f\u043e\u043b\u044c\u0437\u043e\u0432\u0430\u043d\u0438\u0435:<\/h2>\n<p>\u0410\u0432\u0442\u043e\u0440\u0441\u043a\u043e\u0435 \u043f\u0440\u0430\u0432\u043e \u00a9 1995-2018<br \/>\n  PCS Professional Conference Systems GmbH<br \/>\n\u0438 PCS Vertriebs- und Service GmbH<br \/>\n  \u0420\u0435\u0439\u0441\u0445\u043e\u043b\u044c\u0446\u0435\u0440 \u0412\u0435\u0440\u0444\u0442\u0448\u0442\u0440\u0430\u0441\u0441\u0435 42<br \/>\n  40589 \u0414\u044e\u0441\u0441\u0435\u043b\u044c\u0434\u043e\u0440\u0444, \u0413\u0435\u0440\u043c\u0430\u043d\u0438\u044f<\/p>\n<p>\u0412\u0441\u0435 \u043f\u0440\u0430\u0432\u0430 \u0437\u0430\u0449\u0438\u0449\u0435\u043d\u044b.<\/p>\n<p>\u0412\u0441\u0435 \u0430\u0432\u0442\u043e\u0440\u0441\u043a\u0438\u0435 \u043f\u0440\u0430\u0432\u0430 \u043d\u0430 \u044d\u0442\u043e\u0442 \u0441\u0430\u0439\u0442 \u043f\u0440\u0438\u043d\u0430\u0434\u043b\u0435\u0436\u0430\u0442 \u043a\u043e\u043c\u043f\u0430\u043d\u0438\u0438 PCS Professional Conference Systems GmbH. <\/p>\n<p>\u041f\u0440\u0430\u0432\u0430 \u043d\u0430 \u0438\u0437\u043e\u0431\u0440\u0430\u0436\u0435\u043d\u0438\u044f \u043f\u0440\u0438\u043d\u0430\u0434\u043b\u0435\u0436\u0430\u0442 \u043a\u043e\u043c\u043f\u0430\u043d\u0438\u044f\u043c PCS Professional Conference Systems GmbH, PCS Vertriebs- und Service GmbH \u0438 \u0441\u043e\u043e\u0442\u0432\u0435\u0442\u0441\u0442\u0432\u0443\u044e\u0449\u0438\u043c \u043f\u0440\u043e\u0438\u0437\u0432\u043e\u0434\u0438\u0442\u0435\u043b\u044f\u043c.<\/p>\n<p>\u041d\u0430\u0441\u0442\u043e\u044f\u0449\u0438\u043c \u043a\u0430\u0442\u0435\u0433\u043e\u0440\u0438\u0447\u0435\u0441\u043a\u0438 \u0437\u0430\u043f\u0440\u0435\u0449\u0430\u0435\u0442\u0441\u044f \u043a\u043e\u043f\u0438\u0440\u043e\u0432\u0430\u0442\u044c, \u0440\u0430\u0441\u043f\u0435\u0447\u0430\u0442\u044b\u0432\u0430\u0442\u044c, \u0432\u043e\u0441\u043f\u0440\u043e\u0438\u0437\u0432\u043e\u0434\u0438\u0442\u044c \u0438\u043b\u0438 \u0440\u0430\u0441\u043f\u0440\u043e\u0441\u0442\u0440\u0430\u043d\u044f\u0442\u044c \u044d\u0442\u0438 \u0432\u0435\u0431-\u0441\u0442\u0440\u0430\u043d\u0438\u0446\u044b, \u0430 \u0442\u0430\u043a\u0436\u0435 \u0441\u043e\u0434\u0435\u0440\u0436\u0430\u0449\u0438\u0435\u0441\u044f \u043d\u0430 \u043d\u0438\u0445 \u0434\u043e\u043a\u0443\u043c\u0435\u043d\u0442\u044b \u0438 \u0438\u0437\u043e\u0431\u0440\u0430\u0436\u0435\u043d\u0438\u044f, \u0434\u0430\u0436\u0435 \u0447\u0430\u0441\u0442\u0438\u0447\u043d\u043e, \u0431\u0435\u0437 \u043f\u0440\u0435\u0434\u0432\u0430\u0440\u0438\u0442\u0435\u043b\u044c\u043d\u043e\u0433\u043e \u043f\u0438\u0441\u044c\u043c\u0435\u043d\u043d\u043e\u0433\u043e \u0440\u0430\u0437\u0440\u0435\u0448\u0435\u043d\u0438\u044f \u043a\u043e\u043c\u043f\u0430\u043d\u0438\u0438 \u2013. \u0412\u0435\u0431-\u0441\u0442\u0440\u0430\u043d\u0438\u0446\u044b \u0438 \u0434\u043e\u043a\u0443\u043c\u0435\u043d\u0442\u044b, \u043f\u0440\u0435\u0434\u0441\u0442\u0430\u0432\u043b\u0435\u043d\u043d\u044b\u0435 \u0437\u0434\u0435\u0441\u044c, \u043c\u043e\u0433\u0443\u0442 \u0431\u044b\u0442\u044c \u0438\u0441\u043f\u043e\u043b\u044c\u0437\u043e\u0432\u0430\u043d\u044b \u0442\u043e\u043b\u044c\u043a\u043e \u0432 \u0438\u043d\u0444\u043e\u0440\u043c\u0430\u0446\u0438\u043e\u043d\u043d\u044b\u0445 \u0446\u0435\u043b\u044f\u0445 \u0438 \u043d\u0435 \u043c\u043e\u0433\u0443\u0442 \u0431\u044b\u0442\u044c \u0438\u0441\u043f\u043e\u043b\u044c\u0437\u043e\u0432\u0430\u043d\u044b \u0432 \u043a\u043e\u043c\u043c\u0435\u0440\u0447\u0435\u0441\u043a\u0438\u0445 \u0446\u0435\u043b\u044f\u0445.<\/p>\n<p>\u041c\u044b \u0442\u0449\u0430\u0442\u0435\u043b\u044c\u043d\u043e \u043f\u0440\u043e\u0432\u0435\u0440\u044f\u0435\u043c \u0432\u0441\u0435 \u043c\u0430\u0442\u0435\u0440\u0438\u0430\u043b\u044b, \u0438\u0437\u043e\u0431\u0440\u0430\u0436\u0435\u043d\u0438\u044f \u0438 \u043f\u0440\u0430\u0432\u0430 \u043d\u0430 \u043d\u0438\u0445, \u043f\u0440\u0435\u0436\u0434\u0435 \u0447\u0435\u043c \u043e\u043f\u0443\u0431\u043b\u0438\u043a\u043e\u0432\u0430\u0442\u044c \u0438\u0445 \u043d\u0430 \u043d\u0430\u0448\u0435\u043c \u0441\u0430\u0439\u0442\u0435. \u0415\u0441\u043b\u0438 \u043c\u044b \u0432\u0441\u0435 \u0436\u0435 \u0434\u043e\u043f\u0443\u0441\u0442\u0438\u043b\u0438 \u043e\u0448\u0438\u0431\u043a\u0443, \u043f\u043e\u0436\u0430\u043b\u0443\u0439\u0441\u0442\u0430, \u0441\u0432\u044f\u0436\u0438\u0442\u0435\u0441\u044c \u0441 \u043d\u0430\u043c\u0438, \u0447\u0442\u043e\u0431\u044b \u043c\u044b \u043c\u043e\u0433\u043b\u0438 \u0431\u044b\u0441\u0442\u0440\u043e \u0438 \u043b\u0435\u0433\u043a\u043e \u0440\u0435\u0448\u0438\u0442\u044c \u043f\u0440\u043e\u0431\u043b\u0435\u043c\u0443. <a href=\"mailto:impressum@konferenztechnik.de\">impressum@konferenztechnik.de<\/a>. \u0411\u043e\u043b\u044c\u0448\u043e\u0435 \u0441\u043f\u0430\u0441\u0438\u0431\u043e!\n<\/p>\n<p><h2>\u041e\u0442\u043a\u0430\u0437 \u043e\u0442 \u043e\u0442\u0432\u0435\u0442\u0441\u0442\u0432\u0435\u043d\u043d\u043e\u0441\u0442\u0438<\/h2>\n<\/p>\n<p>\u041d\u0435\u0441\u043c\u043e\u0442\u0440\u044f \u043d\u0430 \u0442\u0449\u0430\u0442\u0435\u043b\u044c\u043d\u044b\u0439 \u043a\u043e\u043d\u0442\u0440\u043e\u043b\u044c \u0441\u043e\u0434\u0435\u0440\u0436\u0430\u043d\u0438\u044f, \u043c\u044b \u043d\u0435 \u043d\u0435\u0441\u0435\u043c \u043e\u0442\u0432\u0435\u0442\u0441\u0442\u0432\u0435\u043d\u043d\u043e\u0441\u0442\u0438 \u0437\u0430 \u0441\u043e\u0434\u0435\u0440\u0436\u0430\u043d\u0438\u0435 \u0432\u043d\u0435\u0448\u043d\u0438\u0445 \u0441\u0441\u044b\u043b\u043e\u043a\/\u0441\u0441\u044b\u043b\u043e\u043a. \u041e\u043f\u0435\u0440\u0430\u0442\u043e\u0440\u044b \u0441\u0442\u0440\u0430\u043d\u0438\u0446, \u043d\u0430 \u043a\u043e\u0442\u043e\u0440\u044b\u0435 \u0432\u0435\u0434\u0443\u0442 \u0441\u0441\u044b\u043b\u043a\u0438, \u043d\u0435\u0441\u0443\u0442 \u043f\u043e\u043b\u043d\u0443\u044e \u043e\u0442\u0432\u0435\u0442\u0441\u0442\u0432\u0435\u043d\u043d\u043e\u0441\u0442\u044c \u0437\u0430 \u0438\u0445 \u0441\u043e\u0434\u0435\u0440\u0436\u0430\u043d\u0438\u0435.\n<\/p>\n<p>\u041a\u043e\u043c\u043f\u0430\u043d\u0438\u044f PCS Professional Conference Systems GmbH \u0441\u0442\u0440\u0435\u043c\u0438\u0442\u0441\u044f \u043a \u0442\u043e\u043c\u0443, \u0447\u0442\u043e\u0431\u044b \u0441\u043e\u0434\u0435\u0440\u0436\u0430\u043d\u0438\u0435 \u0435\u0435 \u0432\u0435\u0431-\u0441\u0430\u0439\u0442\u0430 \u0432\u0441\u0435\u0433\u0434\u0430 \u0431\u044b\u043b\u043e \u0430\u043a\u0442\u0443\u0430\u043b\u044c\u043d\u044b\u043c, \u043f\u0440\u0430\u0432\u0438\u043b\u044c\u043d\u044b\u043c \u0438 \u043f\u043e\u043b\u043d\u044b\u043c. \u0422\u0435\u043c \u043d\u0435 \u043c\u0435\u043d\u0435\u0435, \u043e\u0448\u0438\u0431\u043a\u0438 \u043d\u0435 \u043c\u043e\u0433\u0443\u0442 \u0431\u044b\u0442\u044c \u043f\u043e\u043b\u043d\u043e\u0441\u0442\u044c\u044e \u0438\u0441\u043a\u043b\u044e\u0447\u0435\u043d\u044b. \u041a\u043e\u043c\u043f\u0430\u043d\u0438\u044f PCS Professional Conference Systems GmbH \u043d\u0435 \u043d\u0435\u0441\u0435\u0442 \u043e\u0442\u0432\u0435\u0442\u0441\u0442\u0432\u0435\u043d\u043d\u043e\u0441\u0442\u0438 \u0437\u0430 \u0430\u043a\u0442\u0443\u0430\u043b\u044c\u043d\u043e\u0441\u0442\u044c, \u0442\u043e\u0447\u043d\u043e\u0441\u0442\u044c \u0438 \u043f\u043e\u043b\u043d\u043e\u0442\u0443 \u0438\u043d\u0444\u043e\u0440\u043c\u0430\u0446\u0438\u0438, \u043f\u0440\u0435\u0434\u0441\u0442\u0430\u0432\u043b\u0435\u043d\u043d\u043e\u0439 \u043d\u0430 \u0435\u0435 \u0441\u0430\u0439\u0442\u0435, \u0437\u0430 \u0438\u0441\u043a\u043b\u044e\u0447\u0435\u043d\u0438\u0435\u043c \u0441\u043b\u0443\u0447\u0430\u0435\u0432, \u043a\u043e\u0433\u0434\u0430 \u043e\u0448\u0438\u0431\u043a\u0438 \u0431\u044b\u043b\u0438 \u0434\u043e\u043f\u0443\u0449\u0435\u043d\u044b \u0443\u043c\u044b\u0448\u043b\u0435\u043d\u043d\u043e \u0438\u043b\u0438 \u043f\u043e \u0433\u0440\u0443\u0431\u043e\u0439 \u043d\u0435\u043e\u0441\u0442\u043e\u0440\u043e\u0436\u043d\u043e\u0441\u0442\u0438. \u042d\u0442\u043e \u043e\u0442\u043d\u043e\u0441\u0438\u0442\u0441\u044f \u043a \u043b\u044e\u0431\u043e\u043c\u0443 \u043c\u0430\u0442\u0435\u0440\u0438\u0430\u043b\u044c\u043d\u043e\u043c\u0443 \u0438\u043b\u0438 \u043d\u0435\u043c\u0430\u0442\u0435\u0440\u0438\u0430\u043b\u044c\u043d\u043e\u043c\u0443 \u0443\u0449\u0435\u0440\u0431\u0443, \u043d\u0430\u043d\u0435\u0441\u0435\u043d\u043d\u043e\u043c\u0443 \u0442\u0440\u0435\u0442\u044c\u0438\u043c \u043b\u0438\u0446\u0430\u043c \u0432 \u0440\u0435\u0437\u0443\u043b\u044c\u0442\u0430\u0442\u0435 \u0438\u0441\u043f\u043e\u043b\u044c\u0437\u043e\u0432\u0430\u043d\u0438\u044f \u0434\u0430\u043d\u043d\u043e\u0433\u043e \u0432\u0435\u0431-\u0441\u0430\u0439\u0442\u0430.<\/p>\n<h2>\u0417\u0430\u0449\u0438\u0442\u0430 \u0434\u0430\u043d\u043d\u044b\u0445<\/h2>\n<p>\u041f\u043e \u0441\u043b\u0435\u0434\u0443\u044e\u0449\u0435\u0439 \u0441\u0441\u044b\u043b\u043a\u0435 \u0432\u044b \u043d\u0430\u0439\u0434\u0435\u0442\u0435 \u043d\u0430\u0448\u0443 \u043f\u043e\u043b\u0438\u0442\u0438\u043a\u0443 \u043a\u043e\u043d\u0444\u0438\u0434\u0435\u043d\u0446\u0438\u0430\u043b\u044c\u043d\u043e\u0441\u0442\u0438:<br \/>\n<a href=\"https:\/\/konferenztechnik.de\/ru\/%d0%b4%d0%b5%d0%ba%d0%bb%d0%b0%d1%80%d0%b0%d1%86%d0%b8%d1%8f-%d0%be-%d0%b7%d0%b0%d1%89%d0%b8%d1%82%d0%b5-%d0%b4%d0%b0%d0%bd%d0%bd%d1%8b%d1%85\/\">\u041f\u043e\u043b\u0438\u0442\u0438\u043a\u0430 \u043a\u043e\u043d\u0444\u0438\u0434\u0435\u043d\u0446\u0438\u0430\u043b\u044c\u043d\u043e\u0441\u0442\u0438 \u0441\u0430\u0439\u0442\u0430 www.konferenztechnik.de<\/a><br \/>\n[spacer size=\"40\u2033]<\/p>","protected":false},"excerpt":{"rendered":"<p>Impressum Dies ist der gemeinsame Auftritt der PCS Vertriebs- und Service GmbH und der PCS Professional Conference Systems GmbH. Einzelheiten entnehmen Sie bitte den Informationen unten. [column size=&#8220;1-2&#8243; last=&#8220;0&#8243;] PCS Professional Conference Systems GmbH Inhaber Dirk Neumann J\u00f6rg Peschka Gesch\u00e4ftsf\u00fchrer Dirk Neumann J\u00f6rg Peschka Gunnar Hermenau Thorsten Gei\u00dfler Adresse Reisholzer Werftstra\u00dfe 42 40589 D\u00fcsseldorf Tel.:+49 [&hellip;]<\/p>","protected":false},"author":1,"featured_media":45482,"parent":791,"menu_order":145,"comment_status":"closed","ping_status":"open","template":"","meta":{"_acf_changed":false,"footnotes":""},"class_list":["post-2103","page","type-page","status-publish","has-post-thumbnail","hentry"],"acf":[],"_links":{"self":[{"href":"https:\/\/konferenztechnik.de\/ru\/wp-json\/wp\/v2\/pages\/2103","targetHints":{"allow":["GET"]}}],"collection":[{"href":"https:\/\/konferenztechnik.de\/ru\/wp-json\/wp\/v2\/pages"}],"about":[{"href":"https:\/\/konferenztechnik.de\/ru\/wp-json\/wp\/v2\/types\/page"}],"author":[{"embeddable":true,"href":"https:\/\/konferenztechnik.de\/ru\/wp-json\/wp\/v2\/users\/1"}],"replies":[{"embeddable":true,"href":"https:\/\/konferenztechnik.de\/ru\/wp-json\/wp\/v2\/comments?post=2103"}],"version-history":[{"count":0,"href":"https:\/\/konferenztechnik.de\/ru\/wp-json\/wp\/v2\/pages\/2103\/revisions"}],"up":[{"embeddable":true,"href":"https:\/\/konferenztechnik.de\/ru\/wp-json\/wp\/v2\/pages\/791"}],"wp:featuredmedia":[{"embeddable":true,"href":"https:\/\/konferenztechnik.de\/ru\/wp-json\/wp\/v2\/media\/45482"}],"wp:attachment":[{"href":"https:\/\/konferenztechnik.de\/ru\/wp-json\/wp\/v2\/media?parent=2103"}],"curies":[{"name":"wp","href":"https:\/\/api.w.org\/{rel}","templated":true}]}}