{"id":3805,"date":"2013-11-28T11:55:02","date_gmt":"2013-11-28T09:55:02","guid":{"rendered":"https:\/\/konferenztechnik.de\/?page_id=3805"},"modified":"2013-11-28T11:55:02","modified_gmt":"2013-11-28T09:55:02","slug":"viprinet","status":"publish","type":"page","link":"https:\/\/konferenztechnik.de\/ru\/%d1%80%d0%b0%d1%81%d0%bf%d1%80%d0%be%d1%81%d1%82%d1%80%d0%b0%d0%bd%d0%b5%d0%bd%d0%b8%d0%b5-%d1%82%d0%b5%d1%85%d0%bd%d0%be%d0%bb%d0%be%d0%b3%d0%b8%d0%b9-%d0%b4%d0%bb%d1%8f-%d0%ba%d0%be%d0%bd%d1%84\/viprinet\/","title":{"rendered":"Viprinet"},"content":{"rendered":"<p>[column size=\"2-5\u2033 last=\"0\u2033]<\/p>\n<h1>\u041d\u0438\u043a\u043e\u0433\u0434\u0430 \u0431\u043e\u043b\u044c\u0448\u0435 \u043d\u0435 \u0432\u044b\u0445\u043e\u0434\u0438\u0442\u0435 \u0438\u0437 \u0441\u0435\u0442\u0438!<\/h1>\n<p>Viprinet - \u0441\u043f\u0435\u0446\u0438\u0430\u043b\u0438\u0441\u0442\u044b \u043f\u043e \u043f\u043e\u0434\u043a\u043b\u044e\u0447\u0435\u043d\u0438\u044e \u043a \u0433\u043b\u043e\u0431\u0430\u043b\u044c\u043d\u043e\u0439 \u0441\u0435\u0442\u0438. \u0421\u043b\u0438\u0448\u043a\u043e\u043c \u043d\u0438\u0437\u043a\u0430\u044f \u043f\u0440\u043e\u043f\u0443\u0441\u043a\u043d\u0430\u044f \u0441\u043f\u043e\u0441\u043e\u0431\u043d\u043e\u0441\u0442\u044c? \u0421\u043b\u0438\u0448\u043a\u043e\u043c \u0432\u044b\u0441\u043e\u043a\u0438\u0439 \u0440\u0438\u0441\u043a \u0441\u0431\u043e\u0435\u0432? \u041d\u0435\u0434\u043e\u0441\u0442\u0430\u0442\u043e\u0447\u043d\u043e\u0435 \u043f\u043e\u043a\u0440\u044b\u0442\u0438\u0435 \u0441\u0435\u0442\u0438? \u0422\u043e\u043b\u044c\u043a\u043e \u043d\u0435 \u0441 \u0438\u043d\u0442\u0435\u043b\u043b\u0435\u043a\u0442\u0443\u0430\u043b\u044c\u043d\u044b\u043c \u0441\u0432\u044f\u0437\u044b\u0432\u0430\u043d\u0438\u0435\u043c \u043a\u0430\u043d\u0430\u043b\u043e\u0432 \u043e\u0442 Viprinet.<\/p>\n<p>\u0411\u0443\u0434\u044c \u0442\u043e \u043c\u043e\u0431\u0438\u043b\u044c\u043d\u044b\u0435 \u043f\u0440\u0438\u043b\u043e\u0436\u0435\u043d\u0438\u044f, \u0431\u044b\u0441\u0442\u0440\u044b\u0435 \u043f\u043e\u0434\u043a\u043b\u044e\u0447\u0435\u043d\u0438\u044f \u043a\u043e\u043c\u043f\u0430\u043d\u0438\u0439 \u0432 \u0441\u0435\u043b\u044c\u0441\u043a\u043e\u0439 \u043c\u0435\u0441\u0442\u043d\u043e\u0441\u0442\u0438, \u0433\u0438\u0431\u043a\u0438\u0435 \u0441\u0435\u0442\u0438 \u043d\u0430 \u043e\u0431\u044a\u0435\u043a\u0442\u0430\u0445 \u0438\u043b\u0438 \u043a\u0440\u0443\u043f\u043d\u044b\u0435 \u0441\u0435\u0442\u0435\u0432\u044b\u0435 \u0430\u0440\u0445\u0438\u0442\u0435\u043a\u0442\u0443\u0440\u044b: \u0434\u043b\u044f \u043b\u044e\u0431\u043e\u0433\u043e \u043f\u0440\u0438\u043c\u0435\u043d\u0435\u043d\u0438\u044f \u043d\u0430\u0439\u0434\u0435\u0442\u0441\u044f \u043f\u043e\u0434\u0445\u043e\u0434\u044f\u0449\u0438\u0439 \u043c\u043d\u043e\u0433\u043e\u043a\u0430\u043d\u0430\u043b\u044c\u043d\u044b\u0439 VPN-\u043c\u0430\u0440\u0448\u0440\u0443\u0442\u0438\u0437\u0430\u0442\u043e\u0440.<\/p>\n<p>[\/column]<\/p>\n<p>[column size=\"2-5\u2033 last=\"0\u2033]<\/p>\n<div style=\"padding-top:50px;\">\n<img decoding=\"async\" class=\"alignright size-full wp-image-3813\" alt=\"\u041b\u043e\u0433\u043e\u0442\u0438\u043f Viprinet\" src=\"https:\/\/konferenztechnik.de\/wp-content\/uploads\/2013\/11\/Viprinet-Logo.jpg\" width=\"182\" height=\"261\" title=\"\">\n<\/div>\n<p>[\/column]<\/p>\n<p>[spacer size=\"20\u2033]<\/p>\n<h4>\u041c\u043d\u043e\u0433\u043e\u043a\u0430\u043d\u0430\u043b\u044c\u043d\u044b\u0439 VPN-\u043c\u0430\u0440\u0448\u0440\u0443\u0442\u0438\u0437\u0430\u0442\u043e\u0440<\/h4>\n<p>[column size=\"2-5\u2033 last=\"0\u2033]<br \/>\n[tabs style=\"1\u2033][tab title=\"\u0418\u0437\u043e\u0431\u0440\u0430\u0436\u0435\u043d\u0438\u044f\"]<br \/>\n[rev_slider ViprinetRouter]<br \/>\n[\/tab][tab title=\"\u0421\u043f\u0435\u0446\u0438\u0430\u043b\u044c\u043d\u044b\u0435 \u0432\u043e\u0437\u043c\u043e\u0436\u043d\u043e\u0441\u0442\u0438\"]<\/p>\n<ul>\n<li>\u041f\u043e\u0434\u043b\u0438\u043d\u043d\u043e\u0435 \u043e\u0431\u044a\u0435\u0434\u0438\u043d\u0435\u043d\u0438\u0435 \u0432\u0441\u0435\u0445 \u043f\u043e\u043b\u043e\u0441 \u043f\u0440\u043e\u043f\u0443\u0441\u043a\u0430\u043d\u0438\u044f \u043b\u0438\u043d\u0438\u0438 \u0441 \u043e\u043f\u0442\u0438\u043c\u0438\u0437\u0430\u0446\u0438\u0435\u0439\/\u0431\u0435\u0437 \u043e\u043f\u0442\u0438\u043c\u0438\u0437\u0430\u0446\u0438\u0438 TCP<\/li>\n<li>\u041a\u0430\u0447\u0435\u0441\u0442\u0432\u043e \u043e\u0431\u0441\u043b\u0443\u0436\u0438\u0432\u0430\u043d\u0438\u044f\/\u0444\u043e\u0440\u043c\u0438\u0440\u043e\u0432\u0430\u043d\u0438\u0435 \u0442\u0440\u0430\u0444\u0438\u043a\u0430 (\u0434\u043b\u044f \u043a\u0430\u0436\u0434\u043e\u0433\u043e \u043c\u043e\u0434\u0443\u043b\u044f WAN\/VPN-\u0442\u0443\u043d\u043d\u0435\u043b\u044f)<\/li>\n<li>NAT \u0438 \u043f\u0435\u0440\u0435\u0430\u0434\u0440\u0435\u0441\u0430\u0446\u0438\u044f \u043f\u043e\u0440\u0442\u043e\u0432<\/li>\n<li>\u041c\u043e\u043d\u0438\u0442\u043e\u0440\u0438\u043d\u0433 (\u0433\u0440\u0430\u0444\u0438\u0447\u0435\u0441\u043a\u0438\u0439, \u0443\u0434\u0430\u043b\u0435\u043d\u043d\u044b\u0439 syslog)<\/li>\n<li>\u041d\u0435\u043e\u0433\u0440\u0430\u043d\u0438\u0447\u0435\u043d\u043d\u043e\u0435 \u043a\u043e\u043b\u0438\u0447\u0435\u0441\u0442\u0432\u043e VPN-\u0442\u0443\u043d\u043d\u0435\u043b\u0435\u0439 (SSL\/AES)<\/li>\n<li>\u041c\u0430\u0440\u0448\u0440\u0443\u0442\u0438\u0437\u0430\u0446\u0438\u044f \u043d\u0430 \u043e\u0441\u043d\u043e\u0432\u0435 \u043f\u0440\u0430\u0432\u0438\u043b<\/li>\n<li>\u0423\u0447\u0435\u0442 \u0442\u0440\u0430\u0444\u0438\u043a\u0430 \u043d\u0430 \u0432\u043d\u0435\u0448\u043d\u0435\u043c \u0441\u0435\u0440\u0432\u0435\u0440\u0435<\/li>\n<li>\u0421\u0438\u0441\u0442\u0435\u043c\u0430 \u0432\u0435\u0431-\u0430\u0434\u043c\u0438\u043d\u0438\u0441\u0442\u0440\u0438\u0440\u043e\u0432\u0430\u043d\u0438\u044f \u0441 \u043f\u043e\u0434\u0434\u0435\u0440\u0436\u043a\u043e\u0439 \u043d\u0435\u0441\u043a\u043e\u043b\u044c\u043a\u0438\u0445 \u043a\u043b\u0438\u0435\u043d\u0442\u043e\u0432<\/li>\n<\/ul>\n<p>[\/tab][tab title=\"\u0422\u0435\u0445\u043d\u0438\u0447\u0435\u0441\u043a\u0438\u0435 \u0434\u0435\u0442\u0430\u043b\u0438\"]<\/p>\n<ul>\n<li>\u0424\u043e\u0440\u043c-\u0444\u0430\u043a\u0442\u043e\u0440 \u043a\u043e\u0440\u043f\u0443\u0441\u0430: \u043d\u0430\u0441\u0442\u043e\u043b\u044c\u043d\u044b\u0439<\/li>\n<li>\u0418\u0441\u0442\u043e\u0447\u043d\u0438\u043a \u043f\u0438\u0442\u0430\u043d\u0438\u044f: 12 \u0412 \u043f\u043e\u0441\u0442\u043e\u044f\u043d\u043d\u043e\u0433\u043e \u0442\u043e\u043a\u0430, 4 \u0410 \u043c\u0430\u043a\u0441.<\/li>\n<li>\u0418\u043d\u0442\u0435\u0440\u0444\u0435\u0439\u0441 LAN: Fast Ethernet<\/li>\n<li>\u0421\u043b\u043e\u0442\u044b \u0434\u043b\u044f \u043c\u043e\u0434\u0443\u043b\u0435\u0439 WAN: 3<\/li>\n<li>\u041f\u0440\u043e\u043f\u0443\u0441\u043a\u043d\u0430\u044f \u0441\u043f\u043e\u0441\u043e\u0431\u043d\u043e\u0441\u0442\u044c: 50 \u041c\u0411\u0438\u0442\/\u0441<\/li>\n<\/ul>\n<p>[\/tab][\/tabs]<br \/>\n[\/column]<\/p>\n<p>[column size=\"2-5\u2033 last=\"0\u2033]<br \/>\n[spacer size=\"40\u2033]<\/p>\n<p>\u0420\u0435\u0430\u043b\u044c\u043d\u043e\u0435 \u043e\u0431\u044a\u0435\u0434\u0438\u043d\u0435\u043d\u0438\u0435 \u043a\u0430\u043d\u0430\u043b\u043e\u0432 \u043e\u0437\u043d\u0430\u0447\u0430\u0435\u0442, \u0447\u0442\u043e \u0434\u043e \u0448\u0435\u0441\u0442\u0438 \u0442\u043e\u0447\u0435\u043a \u0434\u043e\u0441\u0442\u0443\u043f\u0430 \u0432 \u0418\u043d\u0442\u0435\u0440\u043d\u0435\u0442 \u043e\u0442 \u0440\u0430\u0437\u043d\u044b\u0445 \u043f\u0440\u043e\u0432\u0430\u0439\u0434\u0435\u0440\u043e\u0432 \u043c\u043e\u0433\u0443\u0442 \u0431\u044b\u0442\u044c \u043e\u0431\u044a\u0435\u0434\u0438\u043d\u0435\u043d\u044b \u0434\u043b\u044f \u0441\u043e\u0437\u0434\u0430\u043d\u0438\u044f \u0432\u044b\u0441\u043e\u043a\u043e\u0434\u043e\u0441\u0442\u0443\u043f\u043d\u043e\u0433\u043e \u0438 \u0431\u044b\u0441\u0442\u0440\u043e\u0433\u043e \u0441\u043e\u0435\u0434\u0438\u043d\u0435\u043d\u0438\u044f.<\/p>\n<p>\u0411\u0443\u0434\u044c \u0442\u043e \u043c\u043e\u0431\u0438\u043b\u044c\u043d\u044b\u0435 \u043f\u0440\u0438\u043b\u043e\u0436\u0435\u043d\u0438\u044f, \u0431\u044b\u0441\u0442\u0440\u044b\u0435 \u043f\u043e\u0434\u043a\u043b\u044e\u0447\u0435\u043d\u0438\u044f \u043a\u043e\u043c\u043f\u0430\u043d\u0438\u0439 \u0432 \u0441\u0435\u043b\u044c\u0441\u043a\u043e\u0439 \u043c\u0435\u0441\u0442\u043d\u043e\u0441\u0442\u0438, \u0433\u0438\u0431\u043a\u0438\u0435 \u0441\u0435\u0442\u0438 \u043d\u0430 \u043e\u0431\u044a\u0435\u043a\u0442\u0430\u0445 \u0438\u043b\u0438 \u043a\u0440\u0443\u043f\u043d\u044b\u0435 \u0441\u0435\u0442\u0435\u0432\u044b\u0435 \u0430\u0440\u0445\u0438\u0442\u0435\u043a\u0442\u0443\u0440\u044b: \u0434\u043b\u044f \u043b\u044e\u0431\u043e\u0433\u043e \u043f\u0440\u0438\u043c\u0435\u043d\u0435\u043d\u0438\u044f \u043d\u0430\u0439\u0434\u0435\u0442\u0441\u044f \u043f\u043e\u0434\u0445\u043e\u0434\u044f\u0449\u0438\u0439 \u043c\u043d\u043e\u0433\u043e\u043a\u0430\u043d\u0430\u043b\u044c\u043d\u044b\u0439 VPN-\u043c\u0430\u0440\u0448\u0440\u0443\u0442\u0438\u0437\u0430\u0442\u043e\u0440.<\/p>\n<p>[\/column]<\/p>\n<h4>Viprinet Multichannel VPN Router 300: \u0440\u0435\u0448\u0435\u043d\u0438\u0435 \u0434\u043b\u044f \u043f\u0440\u043e\u0432\u0435\u0434\u0435\u043d\u0438\u044f \u043e\u043d\u043b\u0430\u0439\u043d-\u043f\u0440\u0435\u0437\u0435\u043d\u0442\u0430\u0446\u0438\u0439<\/h4>\n<p>[spacer size=\"20\u2033]<\/p>\n<p>[column size=\"2-5\u2033 last=\"0\u2033]<\/p>\n<h4>\u041c\u043d\u043e\u0433\u043e\u043a\u0430\u043d\u0430\u043b\u044c\u043d\u044b\u0439 VPN-\u043c\u0430\u0440\u0448\u0440\u0443\u0442\u0438\u0437\u0430\u0442\u043e\u0440 Vipri 300<\/h4>\n<p><a href=\"https:\/\/konferenztechnik.de\/wp-content\/uploads\/2013\/11\/Vipri-Multichannel-VPN-Rout.jpg\"><img fetchpriority=\"high\" decoding=\"async\" class=\"alignnone size-full wp-image-3823\" alt=\"Vipri \u041c\u043d\u043e\u0433\u043e\u043a\u0430\u043d\u0430\u043b\u044c\u043d\u044b\u0439 VPN \u043c\u0430\u0440\u0448\u0440\u0443\u0442\" src=\"https:\/\/konferenztechnik.de\/wp-content\/uploads\/2013\/11\/Vipri-Multichannel-VPN-Rout.jpg\" width=\"308\" height=\"394\" title=\"\" srcset=\"https:\/\/konferenztechnik.de\/wp-content\/uploads\/2013\/11\/Vipri-Multichannel-VPN-Rout.jpg 308w, https:\/\/konferenztechnik.de\/wp-content\/uploads\/2013\/11\/Vipri-Multichannel-VPN-Rout-235x300.jpg 235w\" sizes=\"(max-width: 308px) 100vw, 308px\" \/><\/a><br \/>\n[\/column]<\/p>\n<p>[column size=\"1-2\u2033 last=\"1\u2033]<\/p>\n<h4>\u041c\u043e\u0434\u0443\u043b\u044c LTE\/UMTS\/HSPA+\/GPRS\/EDGE<\/h4>\n<p><a href=\"https:\/\/konferenztechnik.de\/wp-content\/uploads\/2013\/11\/LTE-UMTS-HSPA-GPRS-EDGE-Mod.jpg\"><img decoding=\"async\" class=\"alignnone size-full wp-image-3824\" alt=\"LTE-UMTS-HSPA-GPRS-EDGE-Mod\" src=\"https:\/\/konferenztechnik.de\/wp-content\/uploads\/2013\/11\/LTE-UMTS-HSPA-GPRS-EDGE-Mod.jpg\" width=\"451\" height=\"273\" title=\"\" srcset=\"https:\/\/konferenztechnik.de\/wp-content\/uploads\/2013\/11\/LTE-UMTS-HSPA-GPRS-EDGE-Mod.jpg 451w, https:\/\/konferenztechnik.de\/wp-content\/uploads\/2013\/11\/LTE-UMTS-HSPA-GPRS-EDGE-Mod-300x182.jpg 300w\" sizes=\"(max-width: 451px) 100vw, 451px\" \/><\/a><br \/>\n[\/column]<\/p>\n<p>[column size=\"2-5\u2033 last=\"0\u2033]<\/p>\n<p>\u041c\u043d\u043e\u0433\u043e\u043a\u0430\u043d\u0430\u043b\u044c\u043d\u044b\u0439 VPN Router 300 - \u0438\u0434\u0435\u0430\u043b\u044c\u043d\u0430\u044f \u043e\u0441\u043d\u043e\u0432\u0430 \u0434\u043b\u044f \u043e\u0431\u0435\u0441\u043f\u0435\u0447\u0435\u043d\u0438\u044f \u043e\u0442\u043a\u0430\u0437\u043e\u0443\u0441\u0442\u043e\u0439\u0447\u0438\u0432\u043e\u0433\u043e \u0448\u0438\u0440\u043e\u043a\u043e\u043f\u043e\u043b\u043e\u0441\u043d\u043e\u0433\u043e \u0441\u043e\u0435\u0434\u0438\u043d\u0435\u043d\u0438\u044f \u0441 \u0418\u043d\u0442\u0435\u0440\u043d\u0435\u0442\u043e\u043c \u0438\/\u0438\u043b\u0438 \u043a\u043e\u0440\u043f\u043e\u0440\u0430\u0442\u0438\u0432\u043d\u043e\u0439 VPN \u0434\u043b\u044f \u043c\u043e\u0431\u0438\u043b\u044c\u043d\u044b\u0445 \u043e\u0431\u044a\u0435\u043a\u0442\u043e\u0432, \u043a\u043e\u043d\u0444\u0435\u0440\u0435\u043d\u0446\u0438\u0439 \u0438 \u043c\u0435\u0440\u043e\u043f\u0440\u0438\u044f\u0442\u0438\u0439 \u043b\u044e\u0431\u043e\u0433\u043e \u0440\u043e\u0434\u0430. \u041c\u0430\u043a\u0441\u0438\u043c\u0430\u043b\u044c\u043d\u0430\u044f \u043f\u0440\u043e\u043f\u0443\u0441\u043a\u043d\u0430\u044f \u0441\u043f\u043e\u0441\u043e\u0431\u043d\u043e\u0441\u0442\u044c \u0441\u043e\u0435\u0434\u0438\u043d\u0435\u043d\u0438\u044f \u0441\u043e\u0441\u0442\u0430\u0432\u043b\u044f\u0435\u0442 50 \u041c\u0411\u0438\u0442\/\u0441.<\/p>\n<p>\u0414\u043e\u0431\u0430\u0432\u043b\u044f\u044f \u0438\u043b\u0438 \u0443\u0434\u0430\u043b\u044f\u044f \u043e\u0442\u0434\u0435\u043b\u044c\u043d\u044b\u0435 \u043c\u043e\u0434\u0443\u043b\u0438 \u0441 \u0433\u043e\u0440\u044f\u0447\u0438\u043c \u043f\u043e\u0434\u043a\u043b\u044e\u0447\u0435\u043d\u0438\u0435\u043c, \u043c\u043e\u0436\u043d\u043e \u0431\u044b\u0441\u0442\u0440\u043e \u0438 \u0438\u043d\u0434\u0438\u0432\u0438\u0434\u0443\u0430\u043b\u044c\u043d\u043e \u0430\u0434\u0430\u043f\u0442\u0438\u0440\u043e\u0432\u0430\u0442\u044c \u0434\u0438\u0437\u0430\u0439\u043d \u0441\u0435\u0442\u0438 \u043a \u0438\u0437\u043c\u0435\u043d\u044f\u044e\u0449\u0438\u043c\u0441\u044f \u0442\u0440\u0435\u0431\u043e\u0432\u0430\u043d\u0438\u044f\u043c.<\/p>\n<p>\u0412 \u0441\u043e\u0447\u0435\u0442\u0430\u043d\u0438\u0438 \u0441 Multichannel VPN Hub 1020 \u0443\u0441\u0442\u0440\u043e\u0439\u0441\u0442\u0432\u043e \u043e\u0441\u043e\u0431\u0435\u043d\u043d\u043e \u043f\u043e\u0434\u0445\u043e\u0434\u0438\u0442 \u0434\u043b\u044f \u0441\u0435\u0442\u0435\u0439 \u043c\u0430\u043b\u044b\u0445 \u0438 \u0441\u0440\u0435\u0434\u043d\u0438\u0445 \u043a\u043e\u043c\u043f\u0430\u043d\u0438\u0439. \u0411\u043e\u043b\u0435\u0435 \u043a\u0440\u0443\u043f\u043d\u044b\u0435 \u0441\u0435\u0442\u0438 \u043c\u043e\u0433\u0443\u0442 \u0431\u044b\u0442\u044c \u0440\u0435\u0430\u043b\u0438\u0437\u043e\u0432\u0430\u043d\u044b \u0432 \u0441\u043e\u0447\u0435\u0442\u0430\u043d\u0438\u0438 \u0441 Multichannel VPN Hub 2020.<\/p>\n<p>[\/column]<\/p>\n<p>[column size=\"1-2\u2033 last=\"1\u2033]<\/p>\n<p>\u041c\u043e\u0434\u0443\u043b\u044c LTE\/UMTS\/HSPA+\/GPRS\/EDGE \u043f\u043e\u0437\u0432\u043e\u043b\u044f\u0435\u0442 \u0438\u0441\u043f\u043e\u043b\u044c\u0437\u043e\u0432\u0430\u0442\u044c \u0432\u0441\u0435 \u0441\u043e\u0432\u0440\u0435\u043c\u0435\u043d\u043d\u044b\u0435 \u0442\u0435\u0445\u043d\u043e\u043b\u043e\u0433\u0438\u0438 \u043c\u043e\u0431\u0438\u043b\u044c\u043d\u043e\u0439 \u0441\u0432\u044f\u0437\u0438 \u0441 \u043a\u0430\u0436\u0434\u044b\u043c \u043c\u043d\u043e\u0433\u043e\u043a\u0430\u043d\u0430\u043b\u044c\u043d\u044b\u043c VPN-\u043c\u0430\u0440\u0448\u0440\u0443\u0442\u0438\u0437\u0430\u0442\u043e\u0440\u043e\u043c Viprinet. LTE - \u044d\u0442\u043e \u043d\u043e\u0432\u0435\u0439\u0448\u0438\u0439, \u043f\u043e\u043b\u0443\u0447\u0438\u0432\u0448\u0438\u0439 \u0433\u043b\u043e\u0431\u0430\u043b\u044c\u043d\u043e\u0435 \u0440\u0430\u0441\u043f\u0440\u043e\u0441\u0442\u0440\u0430\u043d\u0435\u043d\u0438\u0435 \u0441\u0442\u0430\u043d\u0434\u0430\u0440\u0442 \u043c\u043e\u0431\u0438\u043b\u044c\u043d\u043e\u0439 \u0441\u0432\u044f\u0437\u0438 \u2013, \u0442\u0430\u043a\u0436\u0435 \u0438\u0437\u0432\u0435\u0441\u0442\u043d\u044b\u0439 \u043a\u0430\u043a 4G. \u041e\u043d \u043e\u0431\u0435\u0441\u043f\u0435\u0447\u0438\u0432\u0430\u0435\u0442 \u0431\u043e\u043b\u0435\u0435 \u0432\u044b\u0441\u043e\u043a\u0443\u044e \u043f\u0440\u043e\u043f\u0443\u0441\u043a\u043d\u0443\u044e \u0441\u043f\u043e\u0441\u043e\u0431\u043d\u043e\u0441\u0442\u044c \u0441 \u0431\u043e\u043b\u044c\u0448\u0438\u043c \u0440\u0430\u0434\u0438\u0443\u0441\u043e\u043c \u0434\u0435\u0439\u0441\u0442\u0432\u0438\u044f \u0438 \u043f\u0440\u0435\u0434\u0441\u0442\u0430\u0432\u043b\u044f\u0435\u0442 \u0441\u043e\u0431\u043e\u0439 \u0441\u043e\u0432\u0440\u0435\u043c\u0435\u043d\u043d\u043e\u0435 \u0441\u043e\u0441\u0442\u043e\u044f\u043d\u0438\u0435 \u0442\u0435\u0445\u043d\u043e\u043b\u043e\u0433\u0438\u0438 \u043c\u043e\u0431\u0438\u043b\u044c\u043d\u043e\u0439 \u0441\u0432\u044f\u0437\u0438, \u043f\u043e\u044d\u0442\u043e\u043c\u0443 \u043e\u043d \u043e\u0431\u0435\u0441\u043f\u0435\u0447\u0438\u0432\u0430\u0435\u0442 \u0434\u043e\u043b\u0433\u043e\u0441\u0440\u043e\u0447\u043d\u0443\u044e \u0431\u0435\u0437\u043e\u043f\u0430\u0441\u043d\u043e\u0441\u0442\u044c \u0432 \u0431\u0443\u0434\u0443\u0449\u0435\u043c.<\/p>\n<p>\u041e\u0441\u043e\u0431\u0435\u043d\u043d\u043e \u043f\u0440\u0438 \u043c\u043e\u0431\u0438\u043b\u044c\u043d\u043e\u043c \u0438\u0441\u043f\u043e\u043b\u044c\u0437\u043e\u0432\u0430\u043d\u0438\u0438 \u043c\u043e\u0434\u0443\u043b\u044c LTE \u0433\u0430\u0440\u0430\u043d\u0442\u0438\u0440\u0443\u0435\u0442 \u0431\u0435\u0441\u043f\u0435\u0440\u0435\u0431\u043e\u0439\u043d\u0443\u044e \u043c\u043e\u0431\u0438\u043b\u044c\u043d\u0443\u044e \u0441\u0432\u044f\u0437\u044c \u0431\u043b\u0430\u0433\u043e\u0434\u0430\u0440\u044f \u0434\u043e\u043f\u043e\u043b\u043d\u0438\u0442\u0435\u043b\u044c\u043d\u043e\u0439 \u043f\u043e\u0434\u0434\u0435\u0440\u0436\u043a\u0435 \u0441\u0442\u0430\u043d\u0434\u0430\u0440\u0442\u043e\u0432 \u043c\u043e\u0431\u0438\u043b\u044c\u043d\u043e\u0439 \u0441\u0432\u044f\u0437\u0438 UMTS \u0438 GSM. \u041f\u0435\u0440\u0435\u0445\u043e\u0434 \u043c\u0435\u0436\u0434\u0443 \u0440\u0430\u0437\u043b\u0438\u0447\u043d\u044b\u043c\u0438 \u0441\u0442\u0430\u043d\u0434\u0430\u0440\u0442\u0430\u043c\u0438 \u043c\u043e\u0431\u0438\u043b\u044c\u043d\u043e\u0439 \u0441\u0432\u044f\u0437\u0438 \u043f\u0440\u043e\u0438\u0441\u0445\u043e\u0434\u0438\u0442 \u043f\u043b\u0430\u0432\u043d\u043e, \u0438 \u0432 \u043b\u044e\u0431\u043e\u0435 \u0432\u0440\u0435\u043c\u044f \u0438\u0441\u043f\u043e\u043b\u044c\u0437\u0443\u0435\u0442\u0441\u044f \u043d\u0430\u0438\u043b\u0443\u0447\u0448\u0435\u0435 \u0434\u043e\u0441\u0442\u0443\u043f\u043d\u043e\u0435 \u0441\u043e\u0435\u0434\u0438\u043d\u0435\u043d\u0438\u0435.<\/p>\n<p>[\/column]<\/p>\n<p>[callout add_button=\"no\" button_text=\"\u0423\u0437\u043d\u0430\u0442\u044c \u0431\u043e\u043b\u044c\u0448\u0435\" button_url=\"#\" button_color=\"#a62055\u2033]<\/p>\n<h4>\u0420\u0435\u0448\u0435\u043d\u0438\u044f \u0434\u043b\u044f \u0431\u0435\u0437\u043e\u043f\u0430\u0441\u043d\u043e\u0439 \u0432\u0438\u0434\u0435\u043e\u043a\u043e\u043d\u0444\u0435\u0440\u0435\u043d\u0446\u0441\u0432\u044f\u0437\u0438 \u0434\u043b\u044f \u043c\u0435\u0440\u043e\u043f\u0440\u0438\u044f\u0442\u0438\u0439 \u0441 \u0432\u044b\u0441\u043e\u043a\u043e\u0439 \u043d\u0430\u0434\u0435\u0436\u043d\u043e\u0441\u0442\u044c\u044e \u0438 \u043f\u0440\u043e\u043f\u0443\u0441\u043a\u043d\u043e\u0439 \u0441\u043f\u043e\u0441\u043e\u0431\u043d\u043e\u0441\u0442\u044c\u044e \u0441 Viprinet \u0438 PCS.<\/h4>\n<p>[\/callout]<\/p>","protected":false},"excerpt":{"rendered":"<p>[column size=&#8220;2-3&#8243; last=&#8220;0&#8243;] Nie wieder offline! Viprinet sind die WAN Anbindungspezialisten. Zu niedrige Bandbreite? Zu hohes Ausfallrisiko? Keine ausreichende Netzabdeckung? Nicht mit der intelligenten Kanalb\u00fcndelung von Viprinet. Egal, ob f\u00fcr mobile Anwendungen, schnelle Unternehmensanbindung im l\u00e4ndlichen Raum, flexible Standortvernetzung oder gro\u00dfe Netzwerkarchitekturen: F\u00fcr jede Nutzung gibt es den passenden Multichannel VPN Router. [\/column] [column size=&#8220;1-3&#8243; [&hellip;]<\/p>","protected":false},"author":1,"featured_media":45482,"parent":3614,"menu_order":107,"comment_status":"closed","ping_status":"open","template":"","meta":{"_acf_changed":false,"footnotes":""},"class_list":["post-3805","page","type-page","status-publish","has-post-thumbnail","hentry"],"acf":[],"_links":{"self":[{"href":"https:\/\/konferenztechnik.de\/ru\/wp-json\/wp\/v2\/pages\/3805","targetHints":{"allow":["GET"]}}],"collection":[{"href":"https:\/\/konferenztechnik.de\/ru\/wp-json\/wp\/v2\/pages"}],"about":[{"href":"https:\/\/konferenztechnik.de\/ru\/wp-json\/wp\/v2\/types\/page"}],"author":[{"embeddable":true,"href":"https:\/\/konferenztechnik.de\/ru\/wp-json\/wp\/v2\/users\/1"}],"replies":[{"embeddable":true,"href":"https:\/\/konferenztechnik.de\/ru\/wp-json\/wp\/v2\/comments?post=3805"}],"version-history":[{"count":0,"href":"https:\/\/konferenztechnik.de\/ru\/wp-json\/wp\/v2\/pages\/3805\/revisions"}],"up":[{"embeddable":true,"href":"https:\/\/konferenztechnik.de\/ru\/wp-json\/wp\/v2\/pages\/3614"}],"wp:featuredmedia":[{"embeddable":true,"href":"https:\/\/konferenztechnik.de\/ru\/wp-json\/wp\/v2\/media\/45482"}],"wp:attachment":[{"href":"https:\/\/konferenztechnik.de\/ru\/wp-json\/wp\/v2\/media?parent=3805"}],"curies":[{"name":"wp","href":"https:\/\/api.w.org\/{rel}","templated":true}]}}