{"id":4383,"date":"2014-04-10T15:16:30","date_gmt":"2014-04-10T13:16:30","guid":{"rendered":"https:\/\/konferenztechnik.de\/?page_id=4383"},"modified":"2023-07-05T14:57:01","modified_gmt":"2023-07-05T12:57:01","slug":"%d0%bc%d0%b5%d0%b1%d0%b5%d0%bb%d1%8c-%d0%b4%d0%bb%d1%8f-%d0%ba%d0%be%d0%bd%d1%84%d0%b5%d1%80%d0%b5%d0%bd%d1%86%d0%b8%d0%b9","status":"publish","type":"page","link":"https:\/\/konferenztechnik.de\/ru\/%d1%80%d0%b0%d1%81%d0%bf%d1%80%d0%be%d1%81%d1%82%d1%80%d0%b0%d0%bd%d0%b5%d0%bd%d0%b8%d0%b5-%d1%82%d0%b5%d1%85%d0%bd%d0%be%d0%bb%d0%be%d0%b3%d0%b8%d0%b9-%d0%b4%d0%bb%d1%8f-%d0%ba%d0%be%d0%bd%d1%84\/%d0%b2%d0%b8%d0%b4%d0%b5%d0%be%d1%82%d0%b5%d1%85%d0%bd%d0%be%d0%bb%d0%be%d0%b3%d0%b8%d1%8f\/%d0%ba%d1%80%d0%b5%d0%bf%d0%bb%d0%b5%d0%bd%d0%b8%d1%8f-%d0%b4%d0%bb%d1%8f-%d0%b4%d0%b8%d1%81%d0%bf%d0%bb%d0%b5%d0%b5%d0%b2-%d0%b8-%d0%bf%d1%80%d0%be%d0%b5%d0%ba%d1%82%d0%be%d1%80%d0%be%d0%b2\/%d0%bc%d0%b5%d0%b1%d0%b5%d0%bb%d1%8c-%d0%b4%d0%bb%d1%8f-%d0%ba%d0%be%d0%bd%d1%84%d0%b5%d1%80%d0%b5%d0%bd%d1%86%d0%b8%d0%b9\/","title":{"rendered":"\u041c\u0435\u0431\u0435\u043b\u044c \u0434\u043b\u044f \u043a\u043e\u043d\u0444\u0435\u0440\u0435\u043d\u0446\u0438\u0439"},"content":{"rendered":"<h1>\u041c\u0435\u0431\u0435\u043b\u044c \u0434\u043b\u044f \u043a\u043e\u043d\u0444\u0435\u0440\u0435\u043d\u0446\u0438\u0439<\/h1>\n<h2>\u041c\u0435\u0431\u0435\u043b\u044c \u0434\u043b\u044f \u0432\u0438\u0434\u0435\u043e\u043a\u043e\u043d\u0444\u0435\u0440\u0435\u043d\u0446\u0438\u0439 Smart Metals \u2013 \u0434\u043b\u044f \u043e\u0434\u0438\u043d\u043e\u0447\u043d\u044b\u0445 \u0434\u0438\u0441\u043f\u043b\u0435\u0435\u0432<\/h2>\n<p><a href=\"https:\/\/konferenztechnik.de\/wp-content\/uploads\/2014\/04\/smart-metals_video-conferencefurniture_0622850_b-scaled-1.jpg\"><img fetchpriority=\"high\" decoding=\"async\" class=\"alignleft size-medium wp-image-4389\" src=\"https:\/\/konferenztechnik.de\/wp-content\/uploads\/2014\/04\/smart-metals_video-conferencefurniture_0622850_b-188x300.jpg\" alt=\"\u041c\u0435\u0431\u0435\u043b\u044c \u0434\u043b\u044f \u0432\u0438\u0434\u0435\u043e\u043a\u043e\u043d\u0444\u0435\u0440\u0435\u043d\u0446\u0438\u0439 Smart Metals 062.2850\" width=\"188\" height=\"300\" title=\"\"><\/a><\/p>\n<p>\u042d\u0442\u0430 \u044d\u043b\u0435\u0433\u0430\u043d\u0442\u043d\u0430\u044f \u0438 \u0441\u0442\u0438\u043b\u044c\u043d\u0430\u044f \u043c\u0435\u0431\u0435\u043b\u044c \u0434\u043b\u044f \u0432\u0438\u0434\u0435\u043e\u043a\u043e\u043d\u0444\u0435\u0440\u0435\u043d\u0446\u0438\u0439 \u0431\u044b\u043b\u0430 \u0440\u0430\u0437\u0440\u0430\u0431\u043e\u0442\u0430\u043d\u0430 \u0434\u043b\u044f \u043e\u0434\u0438\u043d\u043e\u0447\u043d\u044b\u0445 \u0434\u0438\u0441\u043f\u043b\u0435\u0435\u0432 \u0440\u0430\u0437\u043c\u0435\u0440\u043e\u043c \u0434\u043e 55 \u0434\u044e\u0439\u043c\u043e\u0432.<\/p>\n<p>\u0412\u043e \u0432\u0441\u0442\u0440\u043e\u0435\u043d\u043d\u043e\u043c \u0448\u043a\u0430\u0444\u0443 \u0435\u0441\u0442\u044c \u043c\u0435\u0441\u0442\u043e \u0434\u043b\u044f \u043a\u043e\u043c\u043f\u044c\u044e\u0442\u0435\u0440\u043e\u0432, \u043c\u0435\u0434\u0438\u0430\u043f\u043b\u0435\u0435\u0440\u043e\u0432 \u0438 \u0434\u0440\u0443\u0433\u043e\u0433\u043e \u0432\u043d\u0435\u0448\u043d\u0435\u0433\u043e \u043e\u0431\u043e\u0440\u0443\u0434\u043e\u0432\u0430\u043d\u0438\u044f. \u041e\u0431\u043e\u0440\u0443\u0434\u043e\u0432\u0430\u043d\u0438\u0435 \u0442\u0430\u043a\u0436\u0435 \u0432\u043a\u043b\u044e\u0447\u0430\u0435\u0442 \u0440\u0435\u0433\u0443\u043b\u0438\u0440\u0443\u0435\u043c\u0443\u044e \u043f\u043e \u0432\u044b\u0441\u043e\u0442\u0435 \u043f\u043b\u0430\u0442\u0444\u043e\u0440\u043c\u0443 \u0434\u043b\u044f \u043a\u0430\u043c\u0435\u0440\u044b.<\/p>\n<h2>\u041c\u0435\u0431\u0435\u043b\u044c \u0434\u043b\u044f \u0432\u0438\u0434\u0435\u043e\u043a\u043e\u043d\u0444\u0435\u0440\u0435\u043d\u0446\u0438\u0439 Smart Metals \u2013 \u0434\u043b\u044f \u0434\u0438\u0441\u043f\u043b\u0435\u0435\u0432<\/h2>\n<ul>\n<li>\u041c\u0430\u043a\u0441\u0438\u043c\u0430\u043b\u044c\u043d\u0430\u044f \u0434\u043b\u0438\u043d\u0430: 1820 \u043c\u043c (\u043f\u043e \u0446\u0435\u043d\u0442\u0440\u0443 \u0438\u0437\u043e\u0431\u0440\u0430\u0436\u0435\u043d\u0438\u044f)<\/li>\n<li>\u0412\u0435\u0441: 70 \u043a\u0433<\/li>\n<li>\u0426\u0432\u0435\u0442: \u0442\u0435\u043c\u043d\u043e-\u0441\u0435\u0440\u044b\u0439 \u0438 \u0430\u043b\u044e\u043c\u0438\u043d\u0438\u0439<\/li>\n<li>\u041c\u0430\u043a\u0441\u0438\u043c\u0430\u043b\u044c\u043d\u0430\u044f \u043d\u0430\u0433\u0440\u0443\u0437\u043a\u0430: 50 \u043a\u0433<\/li>\n<li>\u041a\u043e\u043d\u0444\u0438\u0433\u0443\u0440\u0430\u0446\u0438\u044f \u044d\u043a\u0440\u0430\u043d\u0430: \u043e\u0434\u0438\u043d \u0434\u0438\u0441\u043f\u043b\u0435\u0439 \u0441 \u0434\u0438\u0430\u0433\u043e\u043d\u0430\u043b\u044c\u044e \u043d\u0435 \u0431\u043e\u043b\u0435\u0435 55 \u0434\u044e\u0439\u043c\u043e\u0432<\/li>\n<li>\u041f\u043e\u043b\u043e\u0436\u0435\u043d\u0438\u0435 \u044d\u043a\u0440\u0430\u043d\u0430: \u043b\u0430\u043d\u0434\u0448\u0430\u0444\u0442\u043d\u043e\u0435<\/li>\n<li>\u0414\u0438\u0430\u043f\u0430\u0437\u043e\u043d \u0434\u044e\u0439\u043c\u043e\u0432: \u043c\u0430\u043a\u0441. 55 \u0434\u044e\u0439\u043c\u043e\u0432<\/li>\n<li>\u0420\u0435\u0433\u0443\u043b\u0438\u0440\u043e\u0432\u043a\u0430 \u0432\u044b\u0441\u043e\u0442\u044b: \u0440\u0443\u0447\u043d\u0430\u044f<\/li>\n<li>\u041a\u0440\u043e\u043d\u0448\u0442\u0435\u0439\u043d \/ \u0438\u043d\u0442\u0435\u0440\u0444\u0435\u0439\u0441: \u0412 \u043a\u043e\u043c\u043f\u043b\u0435\u043a\u0442\u0435<\/li>\n<li>\u041a\u0430\u0431\u0435\u043b\u044c\u043d\u044b\u0439 \u043a\u0430\u043d\u0430\u043b: 25 \u043c\u043c \u00d8<\/li>\n<li>\u0414\u043e\u043f\u043e\u043b\u043d\u0438\u0442\u0435\u043b\u044c\u043d\u0430\u044f \u0438\u043d\u0444\u043e\u0440\u043c\u0430\u0446\u0438\u044f: \u0412\u043a\u043b\u044e\u0447\u0430\u044f \u043f\u043b\u0430\u0442\u0444\u043e\u0440\u043c\u0443 \u043a\u0430\u043c\u0435\u0440\u044b<\/li>\n<\/ul>\n<p><a href=\"https:\/\/konferenztechnik.de\/wp-content\/uploads\/2014\/04\/0622850_SmartMetals_productleafletEN.pdf\" target=\"_blank\" rel=\"noopener\">\u0418\u043d\u0444\u043e\u0440\u043c\u0430\u0446\u0438\u043e\u043d\u043d\u044b\u0439 \u043b\u0438\u0441\u0442\u043e\u043a \u043e \u043f\u0440\u043e\u0434\u0443\u043a\u0446\u0438\u0438 Smart Metals 062.2850 (\u043d\u0430 \u0430\u043d\u0433\u043b\u0438\u0439\u0441\u043a\u043e\u043c \u044f\u0437\u044b\u043a\u0435)<\/a><\/p>\n<h2>\u041c\u0435\u0431\u0435\u043b\u044c \u0434\u043b\u044f \u0432\u0438\u0434\u0435\u043e\u043a\u043e\u043d\u0444\u0435\u0440\u0435\u043d\u0446\u0438\u0439 Smart Metals \u2013 \u0434\u043b\u044f \u0441\u0434\u0432\u043e\u0435\u043d\u043d\u044b\u0445 \u0434\u0438\u0441\u043f\u043b\u0435\u0435\u0432<\/h2>\n<p><a href=\"https:\/\/konferenztechnik.de\/wp-content\/uploads\/2014\/04\/smart-metals_video-conferencefurniture_062285547-scaled-1.jpg\"><img decoding=\"async\" class=\"alignleft size-medium wp-image-4397\" src=\"https:\/\/konferenztechnik.de\/wp-content\/uploads\/2014\/04\/smart-metals_video-conferencefurniture_062285547-231x300.jpg\" alt=\"\u041c\u0435\u0431\u0435\u043b\u044c \u0434\u043b\u044f \u0432\u0438\u0434\u0435\u043e\u043a\u043e\u043d\u0444\u0435\u0440\u0435\u043d\u0446\u0438\u0439 Smart Metals 062.2855-47\" width=\"231\" height=\"300\" title=\"\"><\/a><\/p>\n<p>\u041c\u0435\u0431\u0435\u043b\u044c \u0434\u043b\u044f \u0432\u0438\u0434\u0435\u043e\u043a\u043e\u043d\u0444\u0435\u0440\u0435\u043d\u0446\u0438\u0439 \u0431\u044b\u043b\u0430 \u0440\u0430\u0437\u0440\u0430\u0431\u043e\u0442\u0430\u043d\u0430 \u0434\u043b\u044f \u0434\u0438\u0441\u043f\u043b\u0435\u0435\u0432 Win \u0440\u0430\u0437\u043c\u0435\u0440\u043e\u043c \u0434\u043e 47 \u0434\u044e\u0439\u043c\u043e\u0432.<\/p>\n<p>\u0412\u043e \u0432\u0441\u0442\u0440\u043e\u0435\u043d\u043d\u043e\u043c \u0448\u043a\u0430\u0444\u0443 \u0435\u0441\u0442\u044c \u043c\u0435\u0441\u0442\u043e \u0434\u043b\u044f \u043a\u043e\u043c\u043f\u044c\u044e\u0442\u0435\u0440\u043e\u0432, \u043c\u0435\u0434\u0438\u0430\u043f\u043b\u0435\u0435\u0440\u043e\u0432 \u0438 \u0434\u0440\u0443\u0433\u043e\u0433\u043e \u0432\u043d\u0435\u0448\u043d\u0435\u0433\u043e \u043e\u0431\u043e\u0440\u0443\u0434\u043e\u0432\u0430\u043d\u0438\u044f. \u041e\u0431\u043e\u0440\u0443\u0434\u043e\u0432\u0430\u043d\u0438\u0435 \u0442\u0430\u043a\u0436\u0435 \u0432\u043a\u043b\u044e\u0447\u0430\u0435\u0442 \u0440\u0435\u0433\u0443\u043b\u0438\u0440\u0443\u0435\u043c\u0443\u044e \u043f\u043e \u0432\u044b\u0441\u043e\u0442\u0435 \u043f\u043b\u0430\u0442\u0444\u043e\u0440\u043c\u0443 \u0434\u043b\u044f \u043a\u0430\u043c\u0435\u0440\u044b.<\/p>\n<h2>\u041c\u0435\u0431\u0435\u043b\u044c \u0434\u043b\u044f \u0432\u0438\u0434\u0435\u043e\u043a\u043e\u043d\u0444\u0435\u0440\u0435\u043d\u0446\u0438\u0439 Smart Metals \u2013 \u0434\u043b\u044f \u0441\u0434\u0432\u043e\u0435\u043d\u043d\u044b\u0445 \u0434\u0438\u0441\u043f\u043b\u0435\u0435\u0432<\/h2>\n<ul>\n<li>\u041c\u0430\u043a\u0441\u0438\u043c\u0430\u043b\u044c\u043d\u0430\u044f \u0434\u043b\u0438\u043d\u0430: 1820 \u043c\u043c (\u043f\u043e \u0446\u0435\u043d\u0442\u0440\u0443 \u0438\u0437\u043e\u0431\u0440\u0430\u0436\u0435\u043d\u0438\u044f)<\/li>\n<li>\u0412\u0435\u0441: 78.00 \u043a\u0433<\/li>\n<li>\u0426\u0432\u0435\u0442: \u0442\u0435\u043c\u043d\u043e-\u0441\u0435\u0440\u044b\u0439 \u0438 \u0430\u043b\u044e\u043c\u0438\u043d\u0438\u0439<\/li>\n<li>\u041c\u0430\u043a\u0441\u0438\u043c\u0430\u043b\u044c\u043d\u0430\u044f \u043d\u0430\u0433\u0440\u0443\u0437\u043a\u0430: 100 \u043a\u0433<\/li>\n<li>\u041a\u043e\u043d\u0444\u0438\u0433\u0443\u0440\u0430\u0446\u0438\u044f \u044d\u043a\u0440\u0430\u043d\u0430: \u0441\u0434\u0432\u043e\u0435\u043d\u043d\u044b\u0435 \u0434\u0438\u0441\u043f\u043b\u0435\u0438 \u0441 \u0434\u0438\u0430\u0433\u043e\u043d\u0430\u043b\u044c\u044e \u043e\u0442 42 \u0434\u043e 47 \u0434\u044e\u0439\u043c\u043e\u0432<\/li>\n<li>\u041f\u043e\u043b\u043e\u0436\u0435\u043d\u0438\u0435 \u044d\u043a\u0440\u0430\u043d\u0430: \u043b\u0430\u043d\u0434\u0448\u0430\u0444\u0442\u043d\u043e\u0435<\/li>\n<li>\u0414\u0438\u0430\u043f\u0430\u0437\u043e\u043d \u0434\u044e\u0439\u043c\u043e\u0432: 42 \u2013 47 \u0434\u044e\u0439\u043c\u043e\u0432<\/li>\n<li>\u0420\u0435\u0433\u0443\u043b\u0438\u0440\u043e\u0432\u043a\u0430 \u0432\u044b\u0441\u043e\u0442\u044b: \u0440\u0443\u0447\u043d\u0430\u044f<\/li>\n<li>\u041a\u0440\u043e\u043d\u0448\u0442\u0435\u0439\u043d \/ \u0438\u043d\u0442\u0435\u0440\u0444\u0435\u0439\u0441: \u0412 \u043a\u043e\u043c\u043f\u043b\u0435\u043a\u0442\u0435<\/li>\n<li>\u041a\u0430\u0431\u0435\u043b\u044c\u043d\u044b\u0439 \u043a\u0430\u043d\u0430\u043b: 25 \u043c\u043c \u00d8<\/li>\n<li>\u0414\u043e\u043f\u043e\u043b\u043d\u0438\u0442\u0435\u043b\u044c\u043d\u0430\u044f \u0438\u043d\u0444\u043e\u0440\u043c\u0430\u0446\u0438\u044f: \u041f\u043b\u0430\u0442\u0444\u043e\u0440\u043c\u0430 \u043a\u0430\u043c\u0435\u0440\u044b \u0432 \u043a\u043e\u043c\u043f\u043b\u0435\u043a\u0442\u0435<\/li>\n<\/ul>\n<p><a href=\"https:\/\/konferenztechnik.de\/wp-content\/uploads\/2014\/04\/062285547_SmartMetals_productleafletEN.pdf\">\u0418\u043d\u0444\u043e\u0440\u043c\u0430\u0446\u0438\u043e\u043d\u043d\u044b\u0439 \u043b\u0438\u0441\u0442 \u043f\u043e \u043f\u0440\u043e\u0434\u0443\u043a\u0446\u0438\u0438 Smart Metals 062.2855.47 (\u043d\u0430 \u0430\u043d\u0433\u043b\u0438\u0439\u0441\u043a\u043e\u043c \u044f\u0437\u044b\u043a\u0435)<\/a><\/p>\n<h2>\u041c\u043e\u0431\u0438\u043b\u044c\u043d\u0430\u044f \u0442\u0435\u043b\u0435\u0436\u043a\u0430 \u0434\u043b\u044f \u0432\u0438\u0434\u0435\u043e\u043a\u043e\u043d\u0444\u0435\u0440\u0435\u043d\u0446\u0438\u0439 Smart Metals \u2013<\/h2>\n<p><a href=\"https:\/\/konferenztechnik.de\/wp-content\/uploads\/2014\/04\/smart-metals_video-conference-stand-trolley_int1010-scaled-1.jpg\"><img decoding=\"async\" class=\"alignleft size-medium wp-image-4408\" src=\"https:\/\/konferenztechnik.de\/wp-content\/uploads\/2014\/04\/smart-metals_video-conference-stand-trolley_int1010-167x300.jpg\" alt=\"\u0422\u0435\u043b\u0435\u0436\u043a\u0430 \u0434\u043b\u044f \u0432\u0438\u0434\u0435\u043e\u043a\u043e\u043d\u0444\u0435\u0440\u0435\u043d\u0446\u0438\u0439 Smart Metals INT.1010\" width=\"167\" height=\"300\" title=\"\"><\/a><\/p>\n<p>\u042d\u0442\u0430 \u0441\u0442\u043e\u0439\u043a\u0430 \u0431\u044b\u043b\u0430 \u0441\u043f\u0435\u0446\u0438\u0430\u043b\u044c\u043d\u043e \u0440\u0430\u0437\u0440\u0430\u0431\u043e\u0442\u0430\u043d\u0430 \u0434\u043b\u044f \u043f\u0440\u043e\u0432\u0435\u0434\u0435\u043d\u0438\u044f \u0432\u0438\u0434\u0435\u043e\u043a\u043e\u043d\u0444\u0435\u0440\u0435\u043d\u0446\u0438\u0439. \u041e\u043d\u0430 \u043e\u0441\u043d\u0430\u0449\u0435\u043d\u0430 \u043a\u043e\u043b\u0435\u0441\u0438\u043a\u0430\u043c\u0438 \u0438 \u043f\u043e\u044d\u0442\u043e\u043c\u0443 \u043c\u043e\u0436\u0435\u0442 \u0438\u0441\u043f\u043e\u043b\u044c\u0437\u043e\u0432\u0430\u0442\u044c\u0441\u044f \u0432 \u0440\u0430\u0437\u043b\u0438\u0447\u043d\u044b\u0445 \u043f\u043e\u043c\u0435\u0449\u0435\u043d\u0438\u044f\u0445 \u2013 \u0432 \u0437\u0430\u0432\u0438\u0441\u0438\u043c\u043e\u0441\u0442\u0438 \u043e\u0442 \u0442\u043e\u0433\u043e, \u0433\u0434\u0435 \u0431\u0443\u0434\u0435\u0442 \u043f\u0440\u043e\u0445\u043e\u0434\u0438\u0442\u044c \u0432\u0438\u0434\u0435\u043e\u043a\u043e\u043d\u0444\u0435\u0440\u0435\u043d\u0446\u0438\u044f.<\/p>\n<p>\u0414\u0438\u0441\u043f\u043b\u0435\u0438 \u0440\u0430\u0437\u043c\u0435\u0440\u043e\u043c \u0434\u043e 65 \u0434\u044e\u0439\u043c\u043e\u0432 \u043c\u043e\u0436\u043d\u043e \u0438\u0441\u043f\u043e\u043b\u044c\u0437\u043e\u0432\u0430\u0442\u044c \u043a\u0430\u043a \u0432 \u043f\u043e\u0440\u0442\u0440\u0435\u0442\u043d\u043e\u043c, \u0442\u0430\u043a \u0438 \u0432 \u043b\u0430\u043d\u0434\u0448\u0430\u0444\u0442\u043d\u043e\u043c \u0440\u0435\u0436\u0438\u043c\u0435. \u0412 \u043a\u043e\u043c\u043f\u043b\u0435\u043a\u0442 \u043f\u043e\u0441\u0442\u0430\u0432\u043a\u0438 \u0442\u0430\u043a\u0436\u0435 \u0432\u0445\u043e\u0434\u0438\u0442 \u043a\u0440\u0435\u043f\u043b\u0435\u043d\u0438\u0435 \u0434\u043b\u044f \u043a\u0430\u043c\u0435\u0440\u044b.<\/p>\n<h2>\u041c\u043e\u0431\u0438\u043b\u044c\u043d\u0430\u044f \u0442\u0435\u043b\u0435\u0436\u043a\u0430 \u0434\u043b\u044f \u0432\u0438\u0434\u0435\u043e\u043a\u043e\u043d\u0444\u0435\u0440\u0435\u043d\u0446\u0438\u0439 Smart Metals \u2013<\/h2>\n<ul>\n<li>\u041c\u0438\u043d\u0438\u043c\u0430\u043b\u044c\u043d\u0430\u044f \u0434\u043b\u0438\u043d\u0430: 1250 \u043c\u043c<\/li>\n<li>\u041c\u0430\u043a\u0441\u0438\u043c\u0430\u043b\u044c\u043d\u0430\u044f \u0434\u043b\u0438\u043d\u0430: 1600 \u043c\u043c (\u043f\u043e \u0446\u0435\u043d\u0442\u0440\u0443 \u0438\u0437\u043e\u0431\u0440\u0430\u0436\u0435\u043d\u0438\u044f)<\/li>\n<li>\u0412\u0435\u0441: 42.00 \u043a\u0433<\/li>\n<li>\u0426\u0432\u0435\u0442: \u0442\u0435\u043c\u043d\u043e-\u0441\u0435\u0440\u044b\u0439 \u0438 \u0430\u043b\u044e\u043c\u0438\u043d\u0438\u0439<\/li>\n<li>\u041c\u0430\u043a\u0441\u0438\u043c\u0430\u043b\u044c\u043d\u0430\u044f \u043d\u0430\u0433\u0440\u0443\u0437\u043a\u0430: 95 \u043a\u0433<\/li>\n<li>\u041f\u043e\u043b\u043e\u0436\u0435\u043d\u0438\u0435 \u044d\u043a\u0440\u0430\u043d\u0430: \u043b\u0430\u043d\u0434\u0448\u0430\u0444\u0442\u043d\u043e\u0435 \u0438 \u043f\u043e\u0440\u0442\u0440\u0435\u0442\u043d\u043e\u0435<\/li>\n<li>\u0414\u0438\u0430\u043f\u0430\u0437\u043e\u043d \u0434\u044e\u0439\u043c\u043e\u0432: \u0434\u043e 65 \u0434\u044e\u0439\u043c\u043e\u0432<\/li>\n<li>\u0420\u0435\u0433\u0443\u043b\u0438\u0440\u043e\u0432\u043a\u0430 \u0432\u044b\u0441\u043e\u0442\u044b: \u0440\u0443\u0447\u043d\u0430\u044f<\/li>\n<li>\u041a\u0440\u043e\u043d\u0448\u0442\u0435\u0439\u043d \/ \u0438\u043d\u0442\u0435\u0440\u0444\u0435\u0439\u0441: \u043f\u0440\u0438\u043e\u0431\u0440\u0435\u0442\u0430\u0435\u0442\u0441\u044f \u043e\u0442\u0434\u0435\u043b\u044c\u043d\u043e<\/li>\n<li>\u041c\u043e\u043d\u0442\u0430\u0436\u043d\u0430\u044f \u0441\u0438\u0441\u0442\u0435\u043c\u0430: 170 x 140 \u043c\u043c<\/li>\n<li>\u041a\u0430\u0431\u0435\u043b\u044c\u043d\u044b\u0439 \u043a\u0430\u043d\u0430\u043b: 15, 35, 15 \u043c\u043c \u00d8<\/li>\n<\/ul>\n<p><a href=\"https:\/\/konferenztechnik.de\/wp-content\/uploads\/2014\/04\/INT1010_SmartMetals_productleafletEN.pdf\">\u0418\u043d\u0444\u043e\u0440\u043c\u0430\u0446\u0438\u043e\u043d\u043d\u044b\u0439 \u043b\u0438\u0441\u0442\u043e\u043a \u043e \u043f\u0440\u043e\u0434\u0443\u043a\u0446\u0438\u0438 Smart Metals INT.1010 (\u043d\u0430 \u0430\u043d\u0433\u043b\u0438\u0439\u0441\u043a\u043e\u043c \u044f\u0437\u044b\u043a\u0435)<\/a><\/p>\n<h2>\u0422\u0435\u043b\u0435\u0436\u043a\u0430 \u0434\u043b\u044f \u0438\u043d\u0442\u0435\u0440\u0430\u043a\u0442\u0438\u0432\u043d\u043e\u0439 \u0434\u043e\u0441\u043a\u0438 Smart SB680<\/h2>\n<p><a href=\"https:\/\/konferenztechnik.de\/wp-content\/uploads\/2013\/09\/Audipack_WhiteboardCart.jpg\"><img loading=\"lazy\" decoding=\"async\" width=\"473\" height=\"751\" class=\"alignleft size-full wp-image-2759\" src=\"https:\/\/konferenztechnik.de\/wp-content\/uploads\/2013\/09\/Audipack_WhiteboardCart.jpg\" alt=\"\u0422\u0435\u043b\u0435\u0436\u043a\u0430 \u0434\u043b\u044f \u0438\u043d\u0442\u0435\u0440\u0430\u043a\u0442\u0438\u0432\u043d\u043e\u0439 \u0434\u043e\u0441\u043a\u0438 Smart SB680\" title=\"\" srcset=\"https:\/\/konferenztechnik.de\/wp-content\/uploads\/2013\/09\/Audipack_WhiteboardCart.jpg 473w, https:\/\/konferenztechnik.de\/wp-content\/uploads\/2013\/09\/Audipack_WhiteboardCart-189x300.jpg 189w\" sizes=\"(max-width: 473px) 100vw, 473px\" \/><\/a><\/p>\n<p>\u0423\u043d\u0438\u0432\u0435\u0440\u0441\u0430\u043b\u044c\u043d\u043e\u0435 \u0440\u0435\u0448\u0435\u043d\u0438\u0435 \u0434\u043b\u044f \u043c\u043e\u0431\u0438\u043b\u044c\u043d\u044b\u0445 \u043f\u0440\u0435\u0437\u0435\u043d\u0442\u0430\u0446\u0438\u0439. \u041a\u043e\u043c\u0431\u0438\u043d\u0430\u0446\u0438\u044f \u043c\u043e\u0431\u0438\u043b\u044c\u043d\u043e\u0439 \u0442\u0435\u043b\u0435\u0436\u043a\u0438 \u0441\u043e \u0432\u0441\u0442\u0440\u043e\u0435\u043d\u043d\u044b\u043c \u044d\u043a\u0440\u0430\u043d\u043e\u043c \u0438 \u043f\u043e\u0432\u043e\u0440\u043e\u0442\u043d\u043e\u0433\u043e \u043a\u0440\u043e\u043d\u0448\u0442\u0435\u0439\u043d\u0430 \u0434\u043b\u044f \u043a\u0440\u0435\u043f\u043b\u0435\u043d\u0438\u044f \u043f\u0440\u043e\u0435\u043a\u0442\u043e\u0440\u0430. \u041c\u043d\u043e\u0433\u043e \u043c\u0435\u0441\u0442\u0430 \u0434\u043b\u044f \u043e\u0431\u043e\u0440\u0443\u0434\u043e\u0432\u0430\u043d\u0438\u044f. \u0422\u0430\u043a\u0436\u0435 \u0434\u043e\u0441\u0442\u0443\u043f\u043d\u044b \u043c\u043e\u0434\u0435\u043b\u0438 \u0434\u043b\u044f \u0441\u0435\u043d\u0441\u043e\u0440\u043d\u044b\u0445 \u044d\u043a\u0440\u0430\u043d\u043e\u0432.<\/p>\n<h2>\u0422\u0435\u043b\u0435\u0436\u043a\u0430 \u0434\u043b\u044f \u0438\u043d\u0442\u0435\u0440\u0430\u043a\u0442\u0438\u0432\u043d\u043e\u0439 \u0434\u043e\u0441\u043a\u0438 Smart SB680<\/h2>\n<ul>\n<li>\u0413\u0438\u0431\u043a\u0438\u0439 \u0440\u0430\u0437\u043c\u0435\u0440 \u044d\u043a\u0440\u0430\u043d\u0430<\/li>\n<li>\u0414\u043e\u0441\u0442\u0443\u043f\u043d\u044b \u0440\u0430\u0437\u043b\u0438\u0447\u043d\u044b\u0435 \u0432\u0430\u0440\u0438\u0430\u043d\u0442\u044b \u0434\u043b\u0438\u043d\u044b \u043a\u0440\u043e\u043d\u0448\u0442\u0435\u0439\u043d\u0430 \u0434\u043b\u044f \u043f\u0440\u043e\u0435\u043a\u0442\u043e\u0440\u0430<\/li>\n<li>\u0417\u0430\u043f\u0438\u0440\u0430\u0435\u043c\u044b\u0435 \u0440\u043e\u043b\u0438\u043a\u0438<\/li>\n<\/ul>","protected":false},"excerpt":{"rendered":"<p>Konferenzm\u00f6bel Smart Metals &#8211; Video Conference M\u00f6bel f\u00fcr Single-Displays Dieses elegante und stilvolle Videokonferenz-M\u00f6bel wurde f\u00fcr Single-Displays mit einer Gr\u00f6\u00dfe bis zu 55 Zoll entwickelt. Der integrierte Schrank bietet Platz f\u00fcr Computer, Medienplayer oder andere externe Hardware. Zus\u00e4tlich geh\u00f6rt zur Ausstattung eine h\u00f6henverstellbare Kameraplattform. Smart Metals &#8211; Video Conference M\u00f6bel f\u00fcr Displays Maximale L\u00e4nge: 1820 [&hellip;]<\/p>","protected":false},"author":1,"featured_media":45482,"parent":1221,"menu_order":101,"comment_status":"closed","ping_status":"open","template":"","meta":{"_acf_changed":false,"footnotes":""},"class_list":["post-4383","page","type-page","status-publish","has-post-thumbnail","hentry"],"acf":[],"_links":{"self":[{"href":"https:\/\/konferenztechnik.de\/ru\/wp-json\/wp\/v2\/pages\/4383","targetHints":{"allow":["GET"]}}],"collection":[{"href":"https:\/\/konferenztechnik.de\/ru\/wp-json\/wp\/v2\/pages"}],"about":[{"href":"https:\/\/konferenztechnik.de\/ru\/wp-json\/wp\/v2\/types\/page"}],"author":[{"embeddable":true,"href":"https:\/\/konferenztechnik.de\/ru\/wp-json\/wp\/v2\/users\/1"}],"replies":[{"embeddable":true,"href":"https:\/\/konferenztechnik.de\/ru\/wp-json\/wp\/v2\/comments?post=4383"}],"version-history":[{"count":0,"href":"https:\/\/konferenztechnik.de\/ru\/wp-json\/wp\/v2\/pages\/4383\/revisions"}],"up":[{"embeddable":true,"href":"https:\/\/konferenztechnik.de\/ru\/wp-json\/wp\/v2\/pages\/1221"}],"wp:featuredmedia":[{"embeddable":true,"href":"https:\/\/konferenztechnik.de\/ru\/wp-json\/wp\/v2\/media\/45482"}],"wp:attachment":[{"href":"https:\/\/konferenztechnik.de\/ru\/wp-json\/wp\/v2\/media?parent=4383"}],"curies":[{"name":"wp","href":"https:\/\/api.w.org\/{rel}","templated":true}]}}