{"id":4984,"date":"2015-02-02T14:48:25","date_gmt":"2015-02-02T13:48:25","guid":{"rendered":"https:\/\/konferenztechnik.de\/?page_id=4984"},"modified":"2023-09-01T11:47:24","modified_gmt":"2023-09-01T09:47:24","slug":"%d1%88%d1%82-%d0%b2%d1%8b%d0%b1%d1%80%d0%b0%d0%bd%d0%be-%d1%81%d0%bf%d0%b5%d1%86%d0%b8%d0%b0%d0%bb%d1%8c%d0%bd%d0%be%d0%b5-%d0%bf%d1%80%d0%b5%d0%b4%d0%bb%d0%be%d0%b6%d0%b5%d0%bd%d0%b8%d0%b5-bosch-ccs","status":"publish","type":"page","link":"https:\/\/konferenztechnik.de\/ru\/%d1%88%d1%82-%d0%b2%d1%8b%d0%b1%d1%80%d0%b0%d0%bd%d0%be-%d1%81%d0%bf%d0%b5%d1%86%d0%b8%d0%b0%d0%bb%d1%8c%d0%bd%d0%be%d0%b5-%d0%bf%d1%80%d0%b5%d0%b4%d0%bb%d0%be%d0%b6%d0%b5%d0%bd%d0%b8%d0%b5-bosch-ccs\/","title":{"rendered":"PCS Selected: \u041a\u0443\u043f\u0438\u0442\u044c Bosch CCS 1000D"},"content":{"rendered":"<p>[column size=\"2-5\u2033 last=\"0\u2033]<\/p>\n<h1>\u041a\u0443\u043f\u0438\u0442\u044c Bosch CCS 1000 D \u2013 \u0412\u0441\u0442\u0443\u043f\u0438\u0442\u0435\u043b\u044c\u043d\u043e\u0435 \u043f\u0440\u0435\u0434\u043b\u043e\u0436\u0435\u043d\u0438\u0435: \u0426\u0438\u0444\u0440\u043e\u0432\u0430\u044f \u0434\u0438\u0441\u043a\u0443\u0441\u0441\u0438\u043e\u043d\u043d\u0430\u044f \u0441\u0438\u0441\u0442\u0435\u043c\u0430 Bosch CCS 1000 D<\/h1>\n<p>[\/column]<br \/>\n[column size=\"2-5\u2033 last=\"0\u2033]<\/p>\n<p>[\/column]<\/p>\n<p><a href=\"https:\/\/konferenztechnik.de\/wp-content\/uploads\/2015\/02\/8.jpg\"><img fetchpriority=\"high\" decoding=\"async\" class=\"alignnone size-full wp-image-5243\" src=\"https:\/\/konferenztechnik.de\/wp-content\/uploads\/2015\/02\/8.jpg\" alt=\"_8\" width=\"941\" height=\"228\" title=\"\" srcset=\"https:\/\/konferenztechnik.de\/wp-content\/uploads\/2015\/02\/8.jpg 941w, https:\/\/konferenztechnik.de\/wp-content\/uploads\/2015\/02\/8-300x73.jpg 300w, https:\/\/konferenztechnik.de\/wp-content\/uploads\/2015\/02\/8-768x186.jpg 768w\" sizes=\"(max-width: 941px) 100vw, 941px\" \/><\/a><br \/>\n<a href=\"https:\/\/konferenztechnik.de\/wp-content\/uploads\/2015\/02\/Bosch-CCS-1000-D-PCSAngebot.jpg\"><img decoding=\"async\" class=\"alignnone size-full wp-image-5346\" src=\"https:\/\/konferenztechnik.de\/wp-content\/uploads\/2015\/02\/Bosch-CCS-1000-D-PCSAngebot.jpg\" alt=\"\u041a\u0443\u043f\u0438\u0442\u044c Bosch-CCS-1000 D\" width=\"940\" height=\"411\" title=\"\" srcset=\"https:\/\/konferenztechnik.de\/wp-content\/uploads\/2015\/02\/Bosch-CCS-1000-D-PCSAngebot.jpg 940w, https:\/\/konferenztechnik.de\/wp-content\/uploads\/2015\/02\/Bosch-CCS-1000-D-PCSAngebot-300x131.jpg 300w, https:\/\/konferenztechnik.de\/wp-content\/uploads\/2015\/02\/Bosch-CCS-1000-D-PCSAngebot-768x336.jpg 768w\" sizes=\"(max-width: 940px) 100vw, 940px\" \/><\/a><br \/>\n\u041a\u043e\u043c\u043f\u0430\u043d\u0438\u044f Bosch \u043f\u0440\u0435\u0434\u0441\u0442\u0430\u0432\u0438\u0442 \u043d\u043e\u0432\u0443\u044e \u0446\u0438\u0444\u0440\u043e\u0432\u0443\u044e \u0434\u0438\u0441\u043a\u0443\u0441\u0441\u0438\u043e\u043d\u043d\u0443\u044e \u0441\u0438\u0441\u0442\u0435\u043c\u0443 \u043d\u0430 \u0432\u044b\u0441\u0442\u0430\u0432\u043a\u0435 Integrated Systems Europe \u0432 \u0410\u043c\u0441\u0442\u0435\u0440\u0434\u0430\u043c\u0435 10 \u0444\u0435\u0432\u0440\u0430\u043b\u044f 2015 \u0433\u043e\u0434\u0430. \u041c\u044b \u0443\u0436\u0435 \u043e\u043f\u0440\u043e\u0431\u043e\u0432\u0430\u043b\u0438 \u044d\u0442\u0443 \u0441\u0438\u0441\u0442\u0435\u043c\u0443 \u0438 \u043e\u0441\u0442\u0430\u043b\u0438\u0441\u044c \u0432 \u0432\u043e\u0441\u0442\u043e\u0440\u0433\u0435 \u043e\u0442 \u043d\u0435\u0435.<\/p>\n<p>\u041d\u043e\u0432\u043e\u0435 \u043f\u043e\u043c\u0435\u0449\u0435\u043d\u0438\u0435, \u043f\u0440\u0435\u0434\u043d\u0430\u0437\u043d\u0430\u0447\u0435\u043d\u043d\u043e\u0435 \u0434\u043b\u044f \u043f\u0440\u043e\u0432\u0435\u0434\u0435\u043d\u0438\u044f \u043d\u0435\u0431\u043e\u043b\u044c\u0448\u0438\u0445 \u0438 \u0441\u0440\u0435\u0434\u043d\u0438\u0445 \u0432\u0441\u0442\u0440\u0435\u0447 \u0438 \u043c\u0435\u0440\u043e\u043f\u0440\u0438\u044f\u0442\u0438\u0439, \u043f\u043e\u043b\u0443\u0447\u0438\u043b\u043e \u0432\u044b\u0441\u043e\u043a\u0443\u044e \u043e\u0446\u0435\u043d\u043a\u0443 \u043f\u043e \u0432\u0441\u0435\u043c \u043f\u0430\u0440\u0430\u043c\u0435\u0442\u0440\u0430\u043c.<\/p>\n<p>\u041a\u043e\u043c\u043f\u0430\u043d\u0438\u044f Bosch \u043f\u0440\u0435\u0434\u043b\u0430\u0433\u0430\u0435\u0442 \u0431\u0435\u0441\u043f\u0440\u0435\u0446\u0435\u0434\u0435\u043d\u0442\u043d\u0443\u044e \u043f\u0440\u0435\u0434\u0432\u0430\u0440\u0438\u0442\u0435\u043b\u044c\u043d\u0443\u044e \u0446\u0435\u043d\u0443 \u043d\u0430 \u043d\u043e\u0432\u0443\u044e \u0438 \u0432\u0441\u0435\u0441\u0442\u043e\u0440\u043e\u043d\u043d\u0435 \u0443\u0441\u043f\u0435\u0448\u043d\u0443\u044e \u0441\u0438\u0441\u0442\u0435\u043c\u0443 \u0434\u043b\u044f \u0434\u0438\u0441\u043a\u0443\u0441\u0441\u0438\u0439. Bosch \u0445\u043e\u0447\u0435\u0442 \u0431\u044b\u0441\u0442\u0440\u043e \u043f\u0440\u043e\u0434\u0432\u0438\u043d\u0443\u0442\u044c \u0441\u0438\u0441\u0442\u0435\u043c\u0443 \u043d\u0430 \u043c\u0435\u0436\u0434\u0443\u043d\u0430\u0440\u043e\u0434\u043d\u043e\u043c \u0440\u044b\u043d\u043a\u0435. \u041c\u044b \u0443\u0432\u0435\u0440\u0435\u043d\u044b \u0432 \u044d\u0442\u043e\u0439 \u0441\u0438\u0441\u0442\u0435\u043c\u0435 \u0438 \u0441 \u0440\u0430\u0434\u043e\u0441\u0442\u044c\u044e \u043f\u0435\u0440\u0435\u0434\u0430\u0434\u0438\u043c \u044d\u0442\u043e \u043f\u0440\u0435\u0438\u043c\u0443\u0449\u0435\u0441\u0442\u0432\u043e \u0432\u0430\u043c.<br \/>\n[spacer size=\"20\u2033]<\/p>\n<h1>Bosch\/PCS \u043e\u0437\u043d\u0430\u043a\u043e\u043c\u0438\u0442\u0435\u043b\u044c\u043d\u043e\u0435 \u043f\u0440\u0435\u0434\u043b\u043e\u0436\u0435\u043d\u0438\u0435 \u2013 Bosch CCS 1000 D \u0426\u0438\u0444\u0440\u043e\u0432\u0430\u044f \u0434\u0438\u0441\u043a\u0443\u0441\u0441\u0438\u043e\u043d\u043d\u0430\u044f \u0441\u0438\u0441\u0442\u0435\u043c\u0430<\/h1>\n<p>\u0414\u0432\u0435 \u0434\u043e\u043c\u043e\u0444\u043e\u043d\u043d\u044b\u0435 \u0441\u0442\u0430\u043d\u0446\u0438\u0438 \u0431\u0435\u0441\u043f\u043b\u0430\u0442\u043d\u043e \u0432 \u043a\u043e\u043c\u043f\u043b\u0435\u043a\u0442\u0435 \u0438\u0437 6 \u0448\u0442\u0443\u043a, \u043e\u0434\u043d\u043e\u0440\u0430\u0437\u043e\u0432\u043e\u0435 \u043e\u0437\u043d\u0430\u043a\u043e\u043c\u0438\u0442\u0435\u043b\u044c\u043d\u043e\u0435 \u043f\u0440\u0435\u0434\u043b\u043e\u0436\u0435\u043d\u0438\u0435 \u0434\u0435\u0439\u0441\u0442\u0432\u0443\u0435\u0442 \u0442\u043e\u043b\u044c\u043a\u043e \u0441 5 \u0444\u0435\u0432\u0440\u0430\u043b\u044f \u043f\u043e 5 \u043c\u0430\u0440\u0442\u0430 2015 \u0433\u043e\u0434\u0430.<\/p>\n<p><a href=\"https:\/\/konferenztechnik.de\/wp-content\/uploads\/2015\/02\/Bosch-CCS-1000-D-PCSAngebot2.jpg\"><img decoding=\"async\" class=\"alignnone size-full wp-image-5350\" src=\"https:\/\/konferenztechnik.de\/wp-content\/uploads\/2015\/02\/Bosch-CCS-1000-D-PCSAngebot2.jpg\" alt=\"\u0421\u043f\u0435\u0446\u0438\u0430\u043b\u044c\u043d\u043e\u0435 \u043f\u0440\u0435\u0434\u043b\u043e\u0436\u0435\u043d\u0438\u0435 Bosch-CCS-1000 D\" width=\"940\" height=\"411\" title=\"\" srcset=\"https:\/\/konferenztechnik.de\/wp-content\/uploads\/2015\/02\/Bosch-CCS-1000-D-PCSAngebot2.jpg 940w, https:\/\/konferenztechnik.de\/wp-content\/uploads\/2015\/02\/Bosch-CCS-1000-D-PCSAngebot2-300x131.jpg 300w, https:\/\/konferenztechnik.de\/wp-content\/uploads\/2015\/02\/Bosch-CCS-1000-D-PCSAngebot2-768x336.jpg 768w\" sizes=\"(max-width: 940px) 100vw, 940px\" \/><\/a><br \/>\n\u0414\u0435\u0439\u0441\u0442\u0432\u0443\u0435\u0442 \u043d\u0430 \u0431\u0430\u0437\u043e\u0432\u044b\u0439 \u043a\u043e\u043c\u043f\u043b\u0435\u043a\u0442 \u0438\u0437 6 \u043c\u0438\u043a\u0440\u043e\u0444\u043e\u043d\u043e\u0432 + \u0441\u043f\u0435\u0446\u0438\u0430\u043b\u044c\u043d\u0430\u044f \u0446\u0435\u043d\u0430 \u043d\u0430 \u0431\u043b\u043e\u043a \u0443\u043f\u0440\u0430\u0432\u043b\u0435\u043d\u0438\u044f, \u0443\u0434\u043b\u0438\u043d\u0438\u0442\u0435\u043b\u044c\u043d\u044b\u0439 \u043a\u0430\u0431\u0435\u043b\u044c \u0438 \u0430\u043a\u0441\u0435\u0441\u0441\u0443\u0430\u0440\u044b. \u041f\u0440\u0438\u043e\u0431\u0440\u0435\u0442\u0438\u0442\u0435 \u043d\u043e\u0432\u0443\u044e \u0434\u043e\u043c\u043e\u0444\u043e\u043d\u043d\u0443\u044e \u0441\u0438\u0441\u0442\u0435\u043c\u0443 Bosch \u043f\u043e \u0431\u0435\u0441\u043f\u0440\u0435\u0446\u0435\u0434\u0435\u043d\u0442\u043d\u043e\u0439 \u043f\u0440\u0435\u0434\u0432\u0430\u0440\u0438\u0442\u0435\u043b\u044c\u043d\u043e\u0439 \u0446\u0435\u043d\u0435.<\/p>\n<p>\u0412\u044b \u043c\u043e\u0436\u0435\u0442\u0435 \u043f\u043e\u0437\u043d\u0430\u043a\u043e\u043c\u0438\u0442\u044c\u0441\u044f \u0441 \u0441\u0438\u0441\u0442\u0435\u043c\u043e\u0439 \u0432 \u043d\u0430\u0448\u0438\u0445 \u0444\u0438\u043b\u0438\u0430\u043b\u0430\u0445. \u0421 10 \u043f\u043e 12 \u0444\u0435\u0432\u0440\u0430\u043b\u044f Bosch \u043f\u0440\u0435\u0434\u0441\u0442\u0430\u0432\u0438\u0442 \u0441\u0438\u0441\u0442\u0435\u043c\u0443 \u043d\u0430 \u0432\u044b\u0441\u0442\u0430\u0432\u043a\u0435 ISE Integrated Systems Europe Amsterdam \u043d\u0430 \u0441\u0442\u0435\u043d\u0434\u0435 3-A81. \u0412\u044b \u043c\u043e\u0436\u0435\u0442\u0435 \u0434\u043e\u0433\u043e\u0432\u043e\u0440\u0438\u0442\u044c\u0441\u044f \u0441 \u043d\u0430\u043c\u0438 \u043e \u0432\u0441\u0442\u0440\u0435\u0447\u0435 \u0442\u0430\u043c. <a href=\"mailto:peschka@konferenztechnik.de?subject=Treffen auf der ISE Amsterdam\">\u041d\u0430\u0437\u043d\u0430\u0447\u0435\u043d\u0438\u0435<\/a>.<\/p>\n<p><a href=\"https:\/\/www.iseurope.org\/home.php?navi=148&amp;clean_cat=search&amp;searchstring=bosch\" target=\"_blank\" rel=\"noopener\">Bosch \u043f\u0440\u0435\u0434\u0441\u0442\u0430\u0432\u043b\u044f\u0435\u0442 CCS 1000 D \u043d\u0430 \u0432\u044b\u0441\u0442\u0430\u0432\u043a\u0435 ISE Integrated Systems Europe \u0432 \u0410\u043c\u0441\u0442\u0435\u0440\u0434\u0430\u043c\u0435<\/a><\/p>\n<p>[spacer size=\"10\u2033]<\/p>\n<p><a style=\"line-height: 1.8em;\" title=\"\" href=\"\/ru\/bosch-ccs-1000-d\/\">\u041d\u043e\u0432\u043e\u0435 \u043f\u0440\u0435\u0434\u0441\u0442\u0430\u0432\u043b\u0435\u043d\u0438\u0435 Bosch CCS 1000 D<\/a><br \/>\n<a style=\"line-height: 1.8em;\" title=\"R\" href=\"\/ru\/%d1%80%d0%b5%d0%b7%d1%83%d0%bb%d1%8c%d1%82%d0%b0%d1%82-%d1%82%d0%b5%d1%81%d1%82%d0%b8%d1%80%d0%be%d0%b2%d0%b0%d0%bd%d0%b8%d1%8f-bosch-ccs-1000-d\/\">\u0420\u0435\u0437\u0443\u043b\u044c\u0442\u0430\u0442 \u0442\u0435\u0441\u0442\u0430 PCS Bosch CCS 1000 D<\/a><br \/>\n<a style=\"line-height: 1.8em;\" title=\"\" href=\"\/ru\/%d1%85%d0%b0%d1%80%d0%b0%d0%ba%d1%82%d0%b5%d1%80%d0%b8%d1%81%d1%82%d0%b8%d0%ba%d0%b8-bosch-ccs-1000d\/\">\u0421\u043f\u0435\u043a\u0442\u0440 \u043f\u0440\u043e\u0438\u0437\u0432\u043e\u0434\u0438\u0442\u0435\u043b\u044c\u043d\u043e\u0441\u0442\u0438 \/ \u0425\u0430\u0440\u0430\u043a\u0442\u0435\u0440\u0438\u0441\u0442\u0438\u043a\u0438 Bosch CCS 1000 D<\/a><br \/>\n<!--\n<b>Highend-Ausstattung zum Einsteigerpreis<\/b>\n[list icon=\"moon-checkmark-3\" color=\"#a62055\"]Exzellenter Klang und h\u00f6here Lautst\u00e4rken ohne R\u00fcckkopplung[\/list]\n[list icon=\"moon-checkmark-3\" color=\"#a62055\"]Kompakt, einfach aufzubauen, einfach zu bedienen[\/list]\n[list icon=\"moon-checkmark-3\" color=\"#a62055\"]Komfortable Aufzeichnung einfach auf den USB-Stick[\/list]\n[list icon=\"moon-checkmark-3\" color=\"#a62055\"]Steuerung der Anlage einach \u00fcber Tablet, Smartphone oder Web-Browser[\/list]\n[list icon=\"moon-checkmark-3\" color=\"#a62055\"]Integrierte, automatische Steuerung von DOM z. B. f\u00fcr Videokonferenzen[\/list]\n[spacer size=\"30\"]\n--><\/p>\n<p>[spacer size=\"20\u2033]<\/p>\n<p><!--\n\n<b>Zusatzangebot \u201eISE-Besuch\u201c \/ die Anlage auf der ISE kennenlernen<\/b>\n\nBesuchen Sie Bosch auf der ISE in Amsterdam. Bringen Sie unser PCS-Angebot als Ausdruck mit und Sie erhalten zus\u00e4tzlich 100 EUR Er\u00f6ffnungsrabatt.\n\nBesuchen Sie Bosch auf dem Stand 3-A81 und legen Sie dort unser Angebot zum Unterzeichnen vor und Sie erhalten im Aktionszeitraum nochmals zus\u00e4tzlich 100 EUR Preisnachlass auf Ihre erste Bestellung.\n\n* G\u00fcltig ab Abnahmemenge 1 Basiskoffer (5 + 1 for free) + 100 EUR ISE-Aktion. Angebot g\u00fcltig f\u00fcr den Gesamtzeitraum 5. Februar bis 31. M\u00e4rz, Abzeichnung Angebot nur auf der ISE m\u00f6glich.\n\nISE Integrated Systems Europe Amsterdam\n10.02.2015 - 12.02.2015\nAusstellung f\u00fcr professionelle AV Systemintegration &amp; elektronische Integration in Gesch\u00e4fts- und Wohngeb\u00e4uden\n\nBesuchen Sie Bosch und nutzen Sie die Chance, die Anlage kennenzulernen; Bosch CCS 1000 D, Stand 3-A81\n--><\/p>\n<p>[spacer size=\"20\u2033]<\/p>\n<h1>\u0412\u0430\u0448\u0438 \u043a\u043e\u043d\u0442\u0430\u043a\u0442\u043d\u044b\u0435 \u043b\u0438\u0446\u0430<\/h1>\n<p>[spacer size=\"20\u2033]<br \/>\n[column size=\"2-5\u2033 last=\"0\u2033]<br \/>\n[tabs style=\"2\u2033]<br \/>\n[tab title=\"\u0411\u0435\u0440\u043b\u0438\u043d\"]<br \/>\n<img loading=\"lazy\" decoding=\"async\" width=\"800\" height=\"533\" class=\"alignleft size-full wp-image-2301\" src=\"https:\/\/konferenztechnik.de\/wp-content\/uploads\/2013\/09\/gunnar_hermenau_pcs-gmbh.jpg\" alt=\"gunnar_hermenau_pcs-gmbh\" title=\"\" srcset=\"https:\/\/konferenztechnik.de\/wp-content\/uploads\/2013\/09\/gunnar_hermenau_pcs-gmbh.jpg 800w, https:\/\/konferenztechnik.de\/wp-content\/uploads\/2013\/09\/gunnar_hermenau_pcs-gmbh-300x200.jpg 300w, https:\/\/konferenztechnik.de\/wp-content\/uploads\/2013\/09\/gunnar_hermenau_pcs-gmbh-768x512.jpg 768w\" sizes=\"(max-width: 800px) 100vw, 800px\" \/><br \/>\n\u0413\u0443\u043d\u043d\u0430\u0440 \u0425\u0435\u0440\u043c\u0435\u043d\u0430\u0443<br \/>\n\u0423\u043f\u0440\u0430\u0432\u043b\u044f\u044e\u0449\u0438\u0439 \u0444\u0438\u043b\u0438\u0430\u043b\u043e\u043c \u0432 \u0411\u0435\u0440\u043b\u0438\u043d\u0435<br \/>\n\u0422\u0435\u043b\u0435\u0444\u043e\u043d +49 30 6959690 14<br \/>\ne-mail <a href=\"mailto:hermenau@konferenztechnik.de\">hermenau@konferenztechnik.de<\/a><br \/>\nQR-\u043a\u043e\u0434 <a title=\"QR-\u043a\u043e\u0434 \u0413\u0443\u043d\u043d\u0430\u0440 \u0425\u0435\u0440\u043c\u0435\u043d\u0430\u0443\" href=\"https:\/\/konferenztechnik.de\/wp-content\/uploads\/2013\/09\/gunnar_hermenau_qrcode.png\">\u041f\u043e\u043a\u0430\u0437\u0430\u0442\u044c \u203a<\/a><br \/>\n[\/tab]<br \/>\n[\/tabs]<br \/>\n[\/column]<br \/>\n[column size=\"1-2\u2033 last=\"1\u2033]<br \/>\n[tabs style=\"2\u2033]<br \/>\n[tab title=\"\u0425\u0430\u0439\u043b\u044c\u0431\u0440\u043e\u043d\u043d\"]<br \/>\n<img loading=\"lazy\" decoding=\"async\" width=\"800\" height=\"533\" class=\"alignleft size-full wp-image-2289\" src=\"https:\/\/konferenztechnik.de\/wp-content\/uploads\/2013\/09\/carsten_adam_pcs-gmbh.jpg\" alt=\"carsten_adam_pcs-gmbh\" title=\"\" srcset=\"https:\/\/konferenztechnik.de\/wp-content\/uploads\/2013\/09\/carsten_adam_pcs-gmbh.jpg 800w, https:\/\/konferenztechnik.de\/wp-content\/uploads\/2013\/09\/carsten_adam_pcs-gmbh-300x200.jpg 300w, https:\/\/konferenztechnik.de\/wp-content\/uploads\/2013\/09\/carsten_adam_pcs-gmbh-768x512.jpg 768w\" sizes=\"(max-width: 800px) 100vw, 800px\" \/><br \/>\n\u041a\u0430\u0440\u0441\u0442\u0435\u043d \u0410\u0434\u0430\u043c<br \/>\n\u0420\u0443\u043a\u043e\u0432\u043e\u0434\u0438\u0442\u0435\u043b\u044c \u0444\u0438\u043b\u0438\u0430\u043b\u0430 \u0432 \u0425\u0430\u0439\u043b\u044c\u0431\u0440\u043e\u043d\u043d\u0435 \u0438 \u041c\u044e\u043d\u0445\u0435\u043d\u0435<br \/>\n\u0422\u0435\u043b\u0435\u0444\u043e\u043d +49 7131 278010 11<br \/>\ne-mail <a href=\"mailto:adam@konferenztechnik.de\">adam@konferenztechnik.de<\/a><br \/>\nQR-\u043a\u043e\u0434 <a title=\"QR-\u043a\u043e\u0434 \u041a\u0430\u0440\u0441\u0442\u0435\u043d \u0410\u0434\u0430\u043c\" href=\"https:\/\/konferenztechnik.de\/wp-content\/uploads\/2013\/09\/carsten_adam_qrcode.png\">\u041f\u043e\u043a\u0430\u0437\u0430\u0442\u044c \u203a<\/a><br \/>\n[\/tab]<br \/>\n[\/tabs]<br \/>\n[\/column]<\/p>\n<p>[column size=\"1-2\u2033 last=\"1\u2033]<br \/>\n[tabs style=\"2\u2033]<br \/>\n[tab title=\"\u0414\u044e\u0441\u0441\u0435\u043b\u044c\u0434\u043e\u0440\u0444\"]<br \/>\n<a href=\"https:\/\/konferenztechnik.de\/wp-content\/uploads\/2013\/09\/dirk_neumann_pcs-gmbh.jpg\"><img loading=\"lazy\" decoding=\"async\" width=\"800\" height=\"533\" class=\"alignleft size-full wp-image-2297\" src=\"https:\/\/konferenztechnik.de\/wp-content\/uploads\/2013\/09\/dirk_neumann_pcs-gmbh.jpg\" alt=\"\u0414\u0438\u0440\u043a \u041d\u043e\u0439\u043c\u0430\u043d\u043d \u0423\u043f\u0440\u0430\u0432\u043b\u044f\u044e\u0449\u0438\u0439 \u0434\u0438\u0440\u0435\u043a\u0442\u043e\u0440 PCS GmbH\" title=\"\" srcset=\"https:\/\/konferenztechnik.de\/wp-content\/uploads\/2013\/09\/dirk_neumann_pcs-gmbh.jpg 800w, https:\/\/konferenztechnik.de\/wp-content\/uploads\/2013\/09\/dirk_neumann_pcs-gmbh-300x200.jpg 300w, https:\/\/konferenztechnik.de\/wp-content\/uploads\/2013\/09\/dirk_neumann_pcs-gmbh-768x512.jpg 768w\" sizes=\"(max-width: 800px) 100vw, 800px\" \/><\/a><br \/>\n\u0414\u0438\u0440\u043a \u041d\u043e\u0439\u043c\u0430\u043d\u043d<br \/>\n\u0423\u043f\u0440\u0430\u0432\u043b\u044f\u044e\u0449\u0438\u0439 \u0434\u0438\u0440\u0435\u043a\u0442\u043e\u0440<br \/>\n\u0422\u0435\u043b\u0435\u0444\u043e\u043d +49 211 737798 0<br \/>\ne-mail <a href=\"mailto:vertrieb@konferenztechnik.de\">vertrieb@konferenztechnik.de<\/a><br \/>\nQR-\u043a\u043e\u0434 <a title=\"QR-\u043a\u043e\u0434 \u0414\u0438\u0440\u043a \u041d\u043e\u0439\u043c\u0430\u043d\u043d\" href=\"https:\/\/konferenztechnik.de\/wp-content\/uploads\/2013\/09\/dirk_neumann_qrcode.png\">\u041f\u043e\u043a\u0430\u0437\u0430\u0442\u044c \u203a<\/a>[\/tab]<br \/>\n[\/tabs]<br \/>\n[\/column]<\/p>\n<p>[spacer size=\"30\u2033]<\/p>\n<div class=\"weiterlinks\">\n<h1>\u0414\u043e\u043f\u043e\u043b\u043d\u0438\u0442\u0435\u043b\u044c\u043d\u044b\u0435 \u0441\u0441\u044b\u043b\u043a\u0438:<\/h1>\n<ul>\n<li>\u203a <a title=\"\u0420\u0430\u0441\u043f\u0440\u043e\u0441\u0442\u0440\u0430\u043d\u0435\u043d\u0438\u0435\" href=\"\/ru\/%d1%80%d0%b0%d1%81%d0%bf%d1%80%d0%be%d1%81%d1%82%d1%80%d0%b0%d0%bd%d0%b5%d0%bd%d0%b8%d0%b5-%d1%82%d0%b5%d1%85%d0%bd%d0%be%d0%bb%d0%be%d0%b3%d0%b8%d0%b9-%d0%b4%d0%bb%d1%8f-%d0%ba%d0%be%d0%bd%d1%84\/\">\u0420\u0430\u0441\u043f\u0440\u043e\u0441\u0442\u0440\u0430\u043d\u0435\u043d\u0438\u0435 \u043a\u043e\u043d\u0444\u0435\u0440\u0435\u043d\u0446- \u0438 \u043c\u0435\u0434\u0438\u0430\u0442\u0435\u0445\u043d\u043e\u043b\u043e\u0433\u0438\u0439<\/a><\/li>\n<li>\u203a <a title=\"\u0423\u0441\u0442\u0430\u043d\u043e\u0432\u043a\u0430\" href=\"\/ru\/%d1%83%d1%81%d1%82%d0%b0%d0%bd%d0%be%d0%b2%d0%ba%d0%b0-%d0%b8-%d0%b8%d0%bd%d1%82%d0%b5%d0%b3%d1%80%d0%b0%d1%86%d0%b8%d1%8f-%d0%ba%d0%be%d0%bd%d1%84%d0%b5%d1%80%d0%b5%d0%bd%d1%86-%d1%82%d0%b5%d1%85\/\">\u0423\u0441\u0442\u0430\u043d\u043e\u0432\u043a\u0430 \u0438 \u0438\u043d\u0442\u0435\u0433\u0440\u0430\u0446\u0438\u044f \u043a\u043e\u043d\u0444\u0435\u0440\u0435\u043d\u0446-\u0442\u0435\u0445\u043d\u043e\u043b\u043e\u0433\u0438\u0439 \u0438 \u043c\u0435\u0434\u0438\u0430\u0441\u0438\u0441\u0442\u0435\u043c<\/a><\/li>\n<li>\u203a <a title=\"\u041f\u043e\u0434\u0434\u0435\u0440\u0436\u043a\u0430 \u043c\u043d\u043e\u0433\u043e\u044f\u0437\u044b\u0447\u043d\u044b\u0445 \u043c\u0435\u0440\u043e\u043f\u0440\u0438\u044f\u0442\u0438\u0439\" href=\"\/ru\/%d1%83%d1%81%d0%bb%d1%83%d0%b3%d0%b8-2\/%d0%bf%d0%be%d0%b4%d0%b4%d0%b5%d1%80%d0%b6%d0%ba%d0%b0-%d0%bc%d0%bd%d0%be%d0%b3%d0%be%d1%8f%d0%b7%d1%8b%d1%87%d0%bd%d1%8b%d1%85-%d0%bc%d0%b5%d1%80%d0%be%d0%bf%d1%80%d0%b8%d1%8f%d1%82%d0%b8%d0%b9\/\">\u041f\u043e\u0434\u0434\u0435\u0440\u0436\u043a\u0430 \u043c\u043d\u043e\u0433\u043e\u044f\u0437\u044b\u0447\u043d\u044b\u0445 \u043c\u0435\u0440\u043e\u043f\u0440\u0438\u044f\u0442\u0438\u0439<\/a><\/li>\n<\/ul>\n<\/div>","protected":false},"excerpt":{"rendered":"<p>[column size=\"2-3\u2033 last=\"0\u2033] \u041a\u0443\u043f\u0438\u0442\u044c Bosch CCS 1000 D \u2013 \u0412\u0441\u0442\u0443\u043f\u0438\u0442\u0435\u043b\u044c\u043d\u043e\u0435 \u043f\u0440\u0435\u0434\u043b\u043e\u0436\u0435\u043d\u0438\u0435: \u0446\u0438\u0444\u0440\u043e\u0432\u0430\u044f \u0434\u0438\u0441\u043a\u0443\u0441\u0441\u0438\u043e\u043d\u043d\u0430\u044f \u0441\u0438\u0441\u0442\u0435\u043c\u0430 Bosch CCS 1000 D [\/column] [column size=\"1-3\u2033 last=\"1\u2033] [\/column] Bosch \u043f\u0440\u0435\u0434\u0441\u0442\u0430\u0432\u0438\u0442 \u043d\u043e\u0432\u0443\u044e \u0446\u0438\u0444\u0440\u043e\u0432\u0443\u044e \u0434\u0438\u0441\u043a\u0443\u0441\u0441\u0438\u043e\u043d\u043d\u0443\u044e \u0441\u0438\u0441\u0442\u0435\u043c\u0443 \u043d\u0430 \u0432\u044b\u0441\u0442\u0430\u0432\u043a\u0435 Integrated Systems Europe \u0432 \u0410\u043c\u0441\u0442\u0435\u0440\u0434\u0430\u043c\u0435 10 \u0444\u0435\u0432\u0440\u0430\u043b\u044f 2015 \u0433\u043e\u0434\u0430. \u041c\u044b \u0443\u0436\u0435 \u0441\u043c\u043e\u0433\u043b\u0438 \u0438\u0441\u043f\u044b\u0442\u0430\u0442\u044c \u044d\u0442\u0443 \u0441\u0438\u0441\u0442\u0435\u043c\u0443 \u0432 \u0434\u0435\u0439\u0441\u0442\u0432\u0438\u0438 \u0438 \u043e\u0441\u0442\u0430\u043b\u0438\u0441\u044c \u0432 \u0432\u043e\u0441\u0442\u043e\u0440\u0433\u0435. \u041d\u043e\u0432\u0430\u044f [...]<\/p>","protected":false},"author":1,"featured_media":45482,"parent":0,"menu_order":34,"comment_status":"closed","ping_status":"open","template":"","meta":{"_acf_changed":false,"footnotes":""},"class_list":["post-4984","page","type-page","status-publish","has-post-thumbnail","hentry"],"acf":[],"_links":{"self":[{"href":"https:\/\/konferenztechnik.de\/ru\/wp-json\/wp\/v2\/pages\/4984","targetHints":{"allow":["GET"]}}],"collection":[{"href":"https:\/\/konferenztechnik.de\/ru\/wp-json\/wp\/v2\/pages"}],"about":[{"href":"https:\/\/konferenztechnik.de\/ru\/wp-json\/wp\/v2\/types\/page"}],"author":[{"embeddable":true,"href":"https:\/\/konferenztechnik.de\/ru\/wp-json\/wp\/v2\/users\/1"}],"replies":[{"embeddable":true,"href":"https:\/\/konferenztechnik.de\/ru\/wp-json\/wp\/v2\/comments?post=4984"}],"version-history":[{"count":0,"href":"https:\/\/konferenztechnik.de\/ru\/wp-json\/wp\/v2\/pages\/4984\/revisions"}],"wp:featuredmedia":[{"embeddable":true,"href":"https:\/\/konferenztechnik.de\/ru\/wp-json\/wp\/v2\/media\/45482"}],"wp:attachment":[{"href":"https:\/\/konferenztechnik.de\/ru\/wp-json\/wp\/v2\/media?parent=4984"}],"curies":[{"name":"wp","href":"https:\/\/api.w.org\/{rel}","templated":true}]}}