{"id":7597,"date":"2016-08-25T09:05:19","date_gmt":"2016-08-25T07:05:19","guid":{"rendered":"https:\/\/konferenztechnik.de\/?page_id=7597"},"modified":"2023-09-01T12:12:21","modified_gmt":"2023-09-01T10:12:21","slug":"rti-2","status":"publish","type":"page","link":"https:\/\/konferenztechnik.de\/ru\/rti-2\/","title":{"rendered":"RTI"},"content":{"rendered":"<p>[column size=\"2-5\u2033 last=\"0\u2033]<\/p>\n<h1>RTI<\/h1>\n<p>[\/column]<\/p>\n<p>[column size=\"1-2\u2033 last=\"1\u2033]<br \/>\n[\/column]<\/p>\n<p>[column size=\"2-5\u2033 last=\"0\u2033]<br \/>\n\u041a\u043e\u043c\u043f\u0430\u043d\u0438\u044f RTI \u044f\u0432\u043b\u044f\u0435\u0442\u0441\u044f \u0432\u0435\u0434\u0443\u0449\u0438\u043c \u043f\u0440\u043e\u0438\u0437\u0432\u043e\u0434\u0438\u0442\u0435\u043b\u0435\u043c \u0438\u043d\u0442\u0435\u043b\u043b\u0435\u043a\u0442\u0443\u0430\u043b\u044c\u043d\u044b\u0445 \u0441\u0438\u0441\u0442\u0435\u043c \u0443\u043f\u0440\u0430\u0432\u043b\u0435\u043d\u0438\u044f \u0438 \u043f\u0440\u0435\u0434\u043b\u0430\u0433\u0430\u0435\u0442 \u0438\u043d\u043d\u043e\u0432\u0430\u0446\u0438\u043e\u043d\u043d\u044b\u0435, \u0441\u043b\u043e\u0436\u043d\u044b\u0435 \u0438 \u0443\u0434\u043e\u0431\u043d\u044b\u0435 \u0443\u0441\u0442\u0440\u043e\u0439\u0441\u0442\u0432\u0430 \u0434\u043b\u044f \u043f\u0440\u043e\u0444\u0435\u0441\u0441\u0438\u043e\u043d\u0430\u043b\u044c\u043d\u043e \u0443\u0441\u0442\u0430\u043d\u043e\u0432\u043b\u0435\u043d\u043d\u044b\u0445 \u044d\u043b\u0435\u043a\u0442\u0440\u043e\u043d\u043d\u044b\u0445 \u0441\u0438\u0441\u0442\u0435\u043c. \u0421 \u0440\u0435\u0448\u0435\u043d\u0438\u044f\u043c\u0438 RTI \u043c\u0435\u0434\u0438\u0430\u0442\u0435\u0445\u043d\u043e\u043b\u043e\u0433\u0438\u0438, \u0440\u0430\u0437\u0432\u043b\u0435\u043a\u0430\u0442\u0435\u043b\u044c\u043d\u0430\u044f \u044d\u043b\u0435\u043a\u0442\u0440\u043e\u043d\u0438\u043a\u0430 \u0438 \u0441\u0442\u0440\u043e\u0438\u0442\u0435\u043b\u044c\u043d\u0430\u044f \u0442\u0435\u0445\u043d\u0438\u043a\u0430 \u043c\u043e\u0433\u0443\u0442 \u0443\u0434\u043e\u0431\u043d\u043e \u0438 \u043b\u0435\u0433\u043a\u043e \u0443\u043f\u0440\u0430\u0432\u043b\u044f\u0442\u044c\u0441\u044f \u2013 \u0441 \u043f\u043e\u043c\u043e\u0449\u044c\u044e \u0432\u0430\u0448\u0438\u0445 \u0441\u043e\u0431\u0441\u0442\u0432\u0435\u043d\u043d\u044b\u0445 \u0441\u043c\u0430\u0440\u0442\u0444\u043e\u043d\u043e\u0432, \u043f\u043b\u0430\u043d\u0448\u0435\u0442\u043e\u0432, \u0430 \u0442\u0430\u043a\u0436\u0435 \u0441 \u043f\u043e\u043c\u043e\u0449\u044c\u044e \u0440\u0430\u0437\u043b\u0438\u0447\u043d\u044b\u0445 \u0443\u0441\u043f\u0435\u0448\u043d\u044b\u0445 \u0443\u0441\u0442\u0440\u043e\u0439\u0441\u0442\u0432 \u043e\u0442 \u0441\u0430\u043c\u043e\u0439 RTI.<\/p>\n<p>\u041a\u043e\u043c\u043f\u0430\u043d\u0438\u044f RTI \u0434\u0435\u043c\u043e\u043d\u0441\u0442\u0440\u0438\u0440\u0443\u0435\u0442 \u043d\u0430\u0441\u0442\u043e\u044f\u0449\u0435\u0435 \u043c\u0430\u0441\u0442\u0435\u0440\u0441\u0442\u0432\u043e \u0432 \u0443\u043f\u0440\u0430\u0432\u043b\u0435\u043d\u0438\u0438 \u0443\u0441\u0442\u0440\u043e\u0439\u0441\u0442\u0432\u0430\u043c\u0438 \u0438 \u044f\u0432\u043b\u044f\u0435\u0442\u0441\u044f \u043f\u0438\u043e\u043d\u0435\u0440\u043e\u043c \u0432 \u043e\u0431\u043b\u0430\u0441\u0442\u0438 \u0430\u0432\u0442\u043e\u043c\u0430\u0442\u0438\u0437\u0430\u0446\u0438\u0438 \u0441\u0438\u0441\u0442\u0435\u043c. \u041d\u0435\u0442 \u0442\u0430\u043a\u043e\u0433\u043e \u0443\u0441\u0442\u0440\u043e\u0439\u0441\u0442\u0432\u0430 \u0438\u043b\u0438 \u0441\u0438\u0442\u0443\u0430\u0446\u0438\u0438, \u043a\u043e\u0442\u043e\u0440\u044b\u043c\u0438 \u043d\u0435\u043b\u044c\u0437\u044f \u0431\u044b\u043b\u043e \u0431\u044b \u0443\u043f\u0440\u0430\u0432\u043b\u044f\u0442\u044c \u0443\u0434\u043e\u0431\u043d\u043e \u0438 \u0438\u043d\u043d\u043e\u0432\u0430\u0446\u0438\u043e\u043d\u043d\u043e \u0434\u043b\u044f \u043f\u043e\u043b\u044c\u0437\u043e\u0432\u0430\u0442\u0435\u043b\u044f.<\/p>\n<p>[\/column]<\/p>\n<p>[column size=\"1-2\u2033 last=\"1\u2033]<br \/>\n<img decoding=\"async\" src=\"https:\/\/konferenztechnik.de\/wp-content\/uploads\/2016\/08\/rti-smarthome.jpg\" alt=\"\" title=\"\"><br \/>\n[\/column]<\/p>\n<div class=\"boxcontainer\">\n<div class=\"box1-2\">\n<span class=\"ueberschrift-unterkante\"><\/p>\n<h2>RTI \u2013 \u0412\u0441\u0435 \u043f\u043e\u0434 \u043a\u043e\u043d\u0442\u0440\u043e\u043b\u0435\u043c<\/h2>\n<p><\/span><\/div>\n<div class=\"box1-2\">\n<img decoding=\"async\" src=\"https:\/\/konferenztechnik.de\/wp-content\/uploads\/2016\/04\/logo-rti.jpg\" alt=\"RTI - \u043f\u0430\u0440\u0442\u043d\u0435\u0440 PCS\" width=\"140\" height=\"140\" class=\"alignright size-thumbnail wp-image-5632\" title=\"\"><\/div>\n<\/div>\n<div class=\"boxcontainer\">\n<div class=\"box1\">\n<img decoding=\"async\" src=\"https:\/\/konferenztechnik.de\/wp-content\/uploads\/2016\/08\/rti-interfaces.jpg\" alt=\"\" title=\"\"><\/p>\n<h2>\u0418\u043d\u0442\u0435\u0440\u0444\u0435\u0439\u0441\u044b VRTI<\/h2>\n<p>\u0411\u0435\u0441\u043f\u0440\u043e\u0432\u043e\u0434\u043d\u044b\u0435 \u0443\u0441\u0442\u0440\u043e\u0439\u0441\u0442\u0432\u0430 \u0432\u0432\u043e\u0434\u0430<br \/>\n\u041f\u0440\u043e\u0432\u043e\u0434\u043d\u044b\u0435 \u0443\u0441\u0442\u0440\u043e\u0439\u0441\u0442\u0432\u0430 \u0432\u0432\u043e\u0434\u0430<\/p>\n<\/div>\n<div class=\"box1\">\n<p><img decoding=\"async\" src=\"https:\/\/konferenztechnik.de\/wp-content\/uploads\/2016\/08\/rti-byod.jpg\" alt=\"\" title=\"\"><\/p>\n<h2>\u0418\u043d\u0442\u0435\u043b\u043b\u0435\u043a\u0442\u0443\u0430\u043b\u044c\u043d\u044b\u0435 \u0438\u043d\u0442\u0435\u0440\u0444\u0435\u0439\u0441\u044b<\/h2>\n<p>\u0423\u043f\u0440\u0430\u0432\u043b\u0435\u043d\u0438\u0435 \u0447\u0435\u0440\u0435\u0437<br \/>\n\u041f\u041a<br \/>\n\u041f\u043b\u0430\u043d\u0448\u0435\u0442<br \/>\n\u0421\u043c\u0430\u0440\u0442\u0444\u043e\u043d<\/p>\n<\/div>\n<div class=\"box1\">\n<p><img decoding=\"async\" src=\"https:\/\/konferenztechnik.de\/wp-content\/uploads\/2016\/08\/rti-byod.jpg\" alt=\"\" title=\"\"><\/p>\n<h2>\u041e\u0431\u0440\u0430\u0431\u043e\u0442\u043a\u0430 \u0441\u0438\u0433\u043d\u0430\u043b\u043e\u0432<\/h2>\n<p>\u041a\u043e\u043d\u0442\u0440\u043e\u043b\u044c<br \/>\n\u0422\u0435\u043b\u0435\u0432\u0438\u0437\u043e\u0440\u044b \u0438 \u0443\u0441\u0442\u0440\u043e\u0439\u0441\u0442\u0432\u0430 HiFi<br \/>\n\u0421\u0432\u0435\u0442<br \/>\n\u0422\u0435\u0445\u043d\u043e\u043b\u043e\u0433\u0438\u044f \u0434\u043e\u043c\u0430\u0448\u043d\u0435\u0433\u043e \u043a\u0438\u043d\u043e\u0442\u0435\u0430\u0442\u0440\u0430<br \/>\n\u041c\u0443\u0437\u044b\u043a\u0430\u043b\u044c\u043d\u044b\u0439 \u0441\u0435\u0440\u0432\u0435\u0440<br \/>\n\u0422\u0435\u0445\u043d\u043e\u043b\u043e\u0433\u0438\u044f \u0431\u0435\u0437\u043e\u043f\u0430\u0441\u043d\u043e\u0441\u0442\u0438<br \/>\nHVAC<br \/>\n\u0438 \u043c\u043d\u043e\u0433\u043e\u0435 \u0434\u0440\u0443\u0433\u043e\u0435.<\/p>\n<\/div>\n<\/div>\n<p>[callout add_button=\"no\" button_text=\"\u0423\u0437\u043d\u0430\u0442\u044c \u0431\u043e\u043b\u044c\u0448\u0435\" button_url=\"#\" button_color=\"#a62055\u2033]<br \/>\n\u0418\u043d\u0442\u0443\u0438\u0442\u0438\u0432\u043d\u043e \u043f\u043e\u043d\u044f\u0442\u043d\u043e\u0435 \u0443\u043f\u0440\u0430\u0432\u043b\u0435\u043d\u0438\u0435 \u0434\u0430\u0436\u0435 \u0441\u043b\u043e\u0436\u043d\u044b\u043c\u0438 \u043f\u0440\u0438\u043b\u043e\u0436\u0435\u043d\u0438\u044f\u043c\u0438. \u0421 RTI \u2013 \u044d\u0442\u043e \u043d\u0435 \u043f\u0440\u043e\u0431\u043b\u0435\u043c\u0430, \u0435\u0441\u043b\u0438 \u0432\u044b \u0442\u0449\u0430\u0442\u0435\u043b\u044c\u043d\u043e \u0432\u0441\u0435 \u0441\u043f\u043b\u0430\u043d\u0438\u0440\u0443\u0435\u0442\u0435.<br \/>\n[\/callout]<\/p>\n<div class=\"boxcontainer\">\n<div class=\"box1-2\">\n<h1>\u041a\u043e\u043d\u0442\u0430\u043a\u0442\u043d\u043e\u0435 \u043b\u0438\u0446\u043e<\/h1>\n<\/div>\n<div class=\"box1-2-order\">\n<h1>\u0414\u043e\u043f\u043e\u043b\u043d\u0438\u0442\u0435\u043b\u044c\u043d\u044b\u0435 \u0441\u0441\u044b\u043b\u043a\u0438<\/h1>\n<\/div>\n<div class=\"box1-4\">\n<div class=\"box-head\">\u0420\u0430\u0441\u043f\u0440\u043e\u0441\u0442\u0440\u0430\u043d\u0435\u043d\u0438\u0435 \u0438 \u043f\u0440\u043e\u0434\u0430\u0436\u0438<\/div>\n<p>[widget id=\"text-133\u2033]<\/p>\n<\/div>\n<div class=\"box2-4-2\" style=\"order:1;\" >\n<div class=\"weiterlinks\">\n<ul>\n[list icon=\"moon-arrow-right-2\u2033 color=\"#a62055\u2033]<a title=\"\u0420\u0430\u0441\u043f\u0440\u0435\u0434\u0435\u043b\u0435\u043d\u0438\u0435 \u043f\u043e \u0433\u0440\u0443\u043f\u043f\u0430\u043c \u0442\u043e\u0432\u0430\u0440\u043e\u0432\" href=\"\/ru\/%d0%b3%d1%80%d1%83%d0%bf%d0%bf%d1%8b-%d0%bf%d1%80%d0%be%d0%b4%d1%83%d0%ba%d1%82%d0%be%d0%b2\/\">\u0420\u0430\u0441\u043f\u0440\u0435\u0434\u0435\u043b\u0435\u043d\u0438\u0435 \u043f\u043e \u0433\u0440\u0443\u043f\u043f\u0430\u043c \u0442\u043e\u0432\u0430\u0440\u043e\u0432<\/a>[\/list]<br \/>\n[list icon=\"moon-arrow-right-2\u2033 color=\"#a62055\u2033]<a title=\"\u0420\u0430\u0441\u043f\u0440\u0435\u0434\u0435\u043b\u0435\u043d\u0438\u0435 \u043f\u043e \u043f\u0440\u043e\u0438\u0437\u0432\u043e\u0434\u0438\u0442\u0435\u043b\u044f\u043c\" href=\"\/ru\/%d0%bf%d1%80%d0%be%d0%b8%d0%b7%d0%b2%d0%be%d0%b4%d0%b8%d1%82%d0%b5%d0%bb%d1%8c\/\">\u0420\u0430\u0441\u043f\u0440\u0435\u0434\u0435\u043b\u0435\u043d\u0438\u0435 \u043f\u043e \u043f\u0440\u043e\u0438\u0437\u0432\u043e\u0434\u0438\u0442\u0435\u043b\u044f\u043c<\/a>[\/list]<br \/>\n[list icon=\"moon-arrow-right-2\u2033 color=\"#a62055\u2033]<a title=\"\u041f\u0440\u043e\u0434\u0443\u043a\u0446\u0438\u044f \u043d\u0430 \u0437\u0430\u043a\u0430\u0437, \u0442\u0435\u0445\u043d\u0438\u0447\u0435\u0441\u043a\u043e\u0435 \u043e\u0431\u0441\u043b\u0443\u0436\u0438\u0432\u0430\u043d\u0438\u0435 \u0438 \u0440\u0435\u043c\u043e\u043d\u0442\" href=\"\/ru\/%d1%83%d1%81%d0%bb%d1%83%d0%b3%d0%b8-2\/%d0%be%d0%b1%d1%81%d0%bb%d1%83%d0%b6%d0%b8%d0%b2%d0%b0%d0%bd%d0%b8%d0%b5-%d0%b8-%d1%80%d0%b5%d0%bc%d0%be%d0%bd%d1%82\/\">\u041f\u0440\u043e\u0434\u0443\u043a\u0446\u0438\u044f \u043d\u0430 \u0437\u0430\u043a\u0430\u0437, \u0442\u0435\u0445\u043d\u0438\u0447\u0435\u0441\u043a\u043e\u0435 \u043e\u0431\u0441\u043b\u0443\u0436\u0438\u0432\u0430\u043d\u0438\u0435 \u0438 \u0440\u0435\u043c\u043e\u043d\u0442<\/a>[\/list]<br \/>\n[list icon=\"moon-arrow-right-2\u2033 color=\"#a62055\u2033]<a title=\"10 \u0432\u0435\u0441\u043a\u0438\u0445 \u043f\u0440\u0438\u0447\u0438\u043d \u0434\u043b\u044f \u0443\u0432\u043e\u043b\u044c\u043d\u0435\u043d\u0438\u044f\" href=\"\/ru\/%d0%be-%d0%bd%d0%b0%d1%81\/10-%d0%b2%d0%b5%d1%81%d0%ba%d0%b8%d1%85-%d0%bf%d1%80%d0%b8%d1%87%d0%b8%d0%bd-%d0%b4%d0%bb%d1%8f-%d0%b8%d1%81%d0%bf%d0%be%d0%bb%d1%8c%d0%b7%d0%be%d0%b2%d0%b0%d0%bd%d0%b8%d1%8f-%d0%bf%d0%ba\/\">10 \u0432\u0435\u0441\u043a\u0438\u0445 \u043f\u0440\u0438\u0447\u0438\u043d \u0434\u043b\u044f \u0443\u0432\u043e\u043b\u044c\u043d\u0435\u043d\u0438\u044f<\/a>[\/list]<br \/>\n[list icon=\"moon-arrow-right-2\u2033 color=\"#a62055\u2033]<a title=\"\u0421\u0441\u044b\u043b\u043a\u0438\" href=\"\/ru\/%d0%be-%d0%bd%d0%b0%d1%81\/%d1%81%d0%bf%d0%b8%d1%81%d0%be%d0%ba-%d1%81%d1%81%d1%8b%d0%bb%d0%be%d0%ba-%d1%83%d1%81%d1%82%d0%b0%d0%bd%d0%be%d0%b2%d0%ba%d0%b0\/\">\u0421\u0441\u044b\u043b\u043a\u0438 \u0423\u0441\u0442\u0430\u043d\u043e\u0432\u043a\u0430 \u0438 \u0438\u043d\u0442\u0435\u0433\u0440\u0430\u0446\u0438\u044f<\/a>[\/list]<br \/>\n[list icon=\"moon-arrow-right-2\u2033 color=\"#a62055\u2033]<a title=\"PCS: \u0432\u0441\u0435 \u0443\u0441\u043b\u0443\u0433\u0438 \u0441 \u043f\u0435\u0440\u0432\u043e\u0433\u043e \u0432\u0437\u0433\u043b\u044f\u0434\u0430\" href=\"\/ru\/%d1%83%d1%81%d0%bb%d1%83%d0%b3%d0%b8-2\/\">PCS: \u0432\u0441\u0435 \u0443\u0441\u043b\u0443\u0433\u0438 \u0441 \u043f\u0435\u0440\u0432\u043e\u0433\u043e \u0432\u0437\u0433\u043b\u044f\u0434\u0430<\/a>[\/list]<\/ul>\n<\/div>\n<\/div>\n<\/div>\n<\/div>","protected":false},"excerpt":{"rendered":"<p>[column size=&#8220;1-2&#8243; last=&#8220;0&#8243;] RTI [\/column] [column size=&#8220;1-2&#8243; last=&#8220;1&#8243;] [\/column] [column size=&#8220;1-2&#8243; last=&#8220;0&#8243;] RTI ist ein f\u00fchrender Hersteller f\u00fcr intelligente Steuerungssysteme und bietet innovative, anspruchsvolle und benutzerfreundliche Ger\u00e4te f\u00fcr professionell installierte elektronische Systeme. Mit den L\u00f6sungen von RTI kann Medientechnik, Unterhaltungselektronik und Geb\u00e4udetechnik komfortabel und einfach gesteuert werden \u2013 sowohl mit eigenen Smartphones, Tablets wie auch [&hellip;]<\/p>","protected":false},"author":1,"featured_media":45482,"parent":0,"menu_order":59,"comment_status":"closed","ping_status":"closed","template":"","meta":{"_acf_changed":false,"footnotes":""},"class_list":["post-7597","page","type-page","status-publish","has-post-thumbnail","hentry"],"acf":[],"_links":{"self":[{"href":"https:\/\/konferenztechnik.de\/ru\/wp-json\/wp\/v2\/pages\/7597","targetHints":{"allow":["GET"]}}],"collection":[{"href":"https:\/\/konferenztechnik.de\/ru\/wp-json\/wp\/v2\/pages"}],"about":[{"href":"https:\/\/konferenztechnik.de\/ru\/wp-json\/wp\/v2\/types\/page"}],"author":[{"embeddable":true,"href":"https:\/\/konferenztechnik.de\/ru\/wp-json\/wp\/v2\/users\/1"}],"replies":[{"embeddable":true,"href":"https:\/\/konferenztechnik.de\/ru\/wp-json\/wp\/v2\/comments?post=7597"}],"version-history":[{"count":0,"href":"https:\/\/konferenztechnik.de\/ru\/wp-json\/wp\/v2\/pages\/7597\/revisions"}],"wp:featuredmedia":[{"embeddable":true,"href":"https:\/\/konferenztechnik.de\/ru\/wp-json\/wp\/v2\/media\/45482"}],"wp:attachment":[{"href":"https:\/\/konferenztechnik.de\/ru\/wp-json\/wp\/v2\/media?parent=7597"}],"curies":[{"name":"wp","href":"https:\/\/api.w.org\/{rel}","templated":true}]}}