{"id":8919,"date":"2017-02-08T12:14:52","date_gmt":"2017-02-08T11:14:52","guid":{"rendered":"https:\/\/www.konferenztechnik.de\/?page_id=8919\/"},"modified":"2017-02-08T12:14:52","modified_gmt":"2017-02-08T11:14:52","slug":"audipack-silent-series-9300-iso-4043-2016","status":"publish","type":"page","link":"https:\/\/konferenztechnik.de\/ru\/audipack-silent-series-9300-iso-4043-2016\/","title":{"rendered":"Audipack Silent 9300 \u2013 ISO 4043-2016"},"content":{"rendered":"<h1>Audipack Silent 9300 \u2013 ISO 4043:2016<\/h1>\n<p>\u041a\u0430\u0431\u0438\u043d\u043a\u0438 \u0434\u043b\u044f \u043f\u0435\u0440\u0435\u0432\u043e\u0434\u0447\u0438\u043a\u043e\u0432 \u0441\u0435\u0440\u0438\u0438 Audipack Silent 9300 - \u0441\u0430\u043c\u044b\u0435 \u0440\u0430\u0441\u043f\u0440\u043e\u0441\u0442\u0440\u0430\u043d\u0435\u043d\u043d\u044b\u0435 \u043a\u0430\u0431\u0438\u043d\u043a\u0438 \u0434\u043b\u044f \u043f\u0435\u0440\u0435\u0432\u043e\u0434\u0447\u0438\u043a\u043e\u0432 \u043d\u0430 \u0440\u044b\u043d\u043a\u0435. \u041d\u0430 \u0432\u044b\u0441\u0442\u0430\u0432\u043a\u0435 ISE 2017 \u0432 \u0410\u043c\u0441\u0442\u0435\u0440\u0434\u0430\u043c\u0435 \u043a\u043e\u043c\u043f\u0430\u043d\u0438\u044f Audipack \u043f\u0440\u0435\u0434\u0441\u0442\u0430\u0432\u0438\u043b\u0430 \u043e\u0431\u043d\u043e\u0432\u043b\u0435\u043d\u043d\u0443\u044e \u0432\u0435\u0440\u0441\u0438\u044e \u043a\u0430\u0431\u0438\u043d\u043e\u043a Silent 9300 MKII. \u042d\u0442\u043e \u0441\u043e\u043e\u0442\u0432\u0435\u0442\u0441\u0442\u0432\u0443\u0435\u0442 \u043d\u043e\u0432\u044b\u043c <a href=\"https:\/\/konferenztechnik.de\/ru\/%d0%bb%d0%b5%d0%ba%d1%81%d0%b8%d0%ba%d0%be%d0%bd\/iso-4043-%d0%bf%d0%b5%d1%80%d0%b5%d0%bd%d0%be%d1%81%d0%bd%d1%8b%d0%b5-%d0%ba%d0%b0%d0%b1%d0%b8%d0%bd%d1%8b-%d0%b4%d0%bb%d1%8f-%d1%83%d1%81%d1%82%d0%bd%d0%be%d0%b3%d0%be-%d0%bf%d0%b5%d1%80%d0%b5%d0%b2\/\">\u0421\u0442\u0430\u043d\u0434\u0430\u0440\u0442 ISO 4043<\/a> \u0434\u043b\u044f \u043a\u0430\u0431\u0438\u043d \u0434\u043b\u044f \u0443\u0441\u0442\u043d\u043e\u0433\u043e \u043f\u0435\u0440\u0435\u0432\u043e\u0434\u0430, \u043a\u043e\u0442\u043e\u0440\u044b\u0439 \u0432\u0441\u0442\u0443\u043f\u0430\u0435\u0442 \u0432 \u0441\u0438\u043b\u0443 \u043d\u0435\u043c\u0435\u0434\u043b\u0435\u043d\u043d\u043e. \u0421\u0442\u0430\u043d\u0434\u0430\u0440\u0442 \u043f\u0440\u0435\u0434\u0443\u0441\u043c\u0430\u0442\u0440\u0438\u0432\u0430\u0435\u0442, \u0432 \u0447\u0430\u0441\u0442\u043d\u043e\u0441\u0442\u0438, \u0447\u0442\u043e \u043a\u0430\u0431\u0438\u043d\u044b \u0434\u043e\u043b\u0436\u043d\u044b \u0431\u044b\u0442\u044c \u043e\u0431\u043e\u0440\u0443\u0434\u043e\u0432\u0430\u043d\u044b \u043f\u043e\u0442\u043e\u043b\u043e\u0447\u043d\u044b\u043c \u043e\u0441\u0432\u0435\u0449\u0435\u043d\u0438\u0435\u043c \u0438\u043b\u0438 \u0438\u043c\u0435\u0442\u044c \u043e\u043f\u0446\u0438\u044e \u043a\u043e\u043d\u0442\u0440\u043e\u043b\u044f, \u0438\u0437\u043c\u0435\u0440\u044f\u044e\u0449\u0443\u044e \u043a\u0430\u0447\u0435\u0441\u0442\u0432\u043e \u0432\u043e\u0437\u0434\u0443\u0445\u0430 \u0432\u043d\u0443\u0442\u0440\u0438 \u043a\u0430\u0431\u0438\u043d\u044b. \u041d\u043e\u0432\u0430\u044f \u043c\u043e\u0434\u0435\u043b\u044c Silent 9300 MKII \u043e\u0442\u0432\u0435\u0447\u0430\u0435\u0442 \u044d\u0442\u0438\u043c \u0442\u0440\u0435\u0431\u043e\u0432\u0430\u043d\u0438\u044f\u043c. \u041e\u0441\u043d\u043e\u0432\u043d\u044b\u0435 \u0445\u0430\u0440\u0430\u043a\u0442\u0435\u0440\u0438\u0441\u0442\u0438\u043a\u0438 \u043d\u043e\u0432\u044b\u0445 \u043a\u0430\u0431\u0438\u043d \u0434\u043b\u044f \u0443\u0441\u0442\u043d\u043e\u0433\u043e \u043f\u0435\u0440\u0435\u0432\u043e\u0434\u0430 \u0432\u043a\u043b\u044e\u0447\u0430\u044e\u0442<\/p>\n<ul>\n<li>\u0421\u0432\u0435\u0442\u043e\u0434\u0438\u043e\u0434\u043d\u043e\u0435 \u043f\u043e\u0442\u043e\u043b\u043e\u0447\u043d\u043e\u0435 \u043e\u0441\u0432\u0435\u0449\u0435\u043d\u0438\u0435<\/li>\n<li>\u0420\u0435\u0433\u0443\u043b\u0438\u0440\u0443\u0435\u043c\u043e\u0435 \u0438\u0437\u043c\u0435\u0440\u0435\u043d\u0438\u0435 \u043a\u0430\u0447\u0435\u0441\u0442\u0432\u0430 \u0432\u043e\u0437\u0434\u0443\u0445\u0430 \u0441 \u043f\u0440\u0435\u0434\u0443\u043f\u0440\u0435\u0436\u0434\u0430\u044e\u0449\u0438\u043c \u0441\u043e\u043e\u0431\u0449\u0435\u043d\u0438\u0435\u043c<\/li>\n<li>\u041c\u043e\u0449\u043d\u0430\u044f \u0432\u0435\u043d\u0442\u0438\u043b\u044f\u0446\u0438\u044f<\/li>\n<li>\u0423\u043b\u0443\u0447\u0448\u0435\u043d\u043d\u0430\u044f \u0432\u0438\u0434\u0438\u043c\u043e\u0441\u0442\u044c \u0431\u043b\u0430\u0433\u043e\u0434\u0430\u0440\u044f \u0443\u0432\u0435\u043b\u0438\u0447\u0435\u043d\u043d\u044b\u043c \u0432\u0435\u0442\u0440\u043e\u0432\u044b\u043c \u0441\u0442\u0435\u043a\u043b\u0430\u043c<\/li>\n<li>\u0428\u0443\u043c\u043e\u043f\u043e\u0433\u043b\u043e\u0449\u0430\u044e\u0449\u0435\u0435 \u043f\u043e\u043a\u0440\u044b\u0442\u0438\u0435 \u0441\u0442\u043e\u043b\u0430<\/li>\n<\/ul>\n<p>[spacer size=\"20\u2033]<\/p>\n<figure id=\"attachment_8947\" aria-describedby=\"caption-attachment-8947\" style=\"width: 850px\" class=\"wp-caption alignnone\"><img fetchpriority=\"high\" decoding=\"async\" src=\"https:\/\/konferenztechnik.de\/wp-content\/uploads\/2017\/02\/Silent9300.jpg\" alt=\"\" width=\"850\" height=\"490\" class=\"size-full wp-image-8947\" title=\"\" srcset=\"https:\/\/konferenztechnik.de\/wp-content\/uploads\/2017\/02\/Silent9300.jpg 850w, https:\/\/konferenztechnik.de\/wp-content\/uploads\/2017\/02\/Silent9300-300x173.jpg 300w, https:\/\/konferenztechnik.de\/wp-content\/uploads\/2017\/02\/Silent9300-768x443.jpg 768w\" sizes=\"(max-width: 850px) 100vw, 850px\" \/><figcaption id=\"caption-attachment-8947\" class=\"wp-caption-text\">\u041f\u0435\u0440\u0432\u044b\u0439 \u0441\u0442\u0435\u043d\u0434 \u0434\u043b\u044f \u0430\u043a\u0443\u0441\u0442\u0438\u0447\u0435\u0441\u043a\u0438\u0445 \u0441\u0438\u0441\u0442\u0435\u043c, \u0441\u043e\u043e\u0442\u0432\u0435\u0442\u0441\u0442\u0432\u0443\u044e\u0449\u0438\u0439 \u0441\u0442\u0430\u043d\u0434\u0430\u0440\u0442\u0443 ISO 4043:2016, \u043f\u0440\u0435\u0434\u0441\u0442\u0430\u0432\u043b\u0435\u043d\u043d\u044b\u0439 \u043a\u043e\u043c\u043f\u0430\u043d\u0438\u0435\u0439 Audipack \u043d\u0430 \u0432\u044b\u0441\u0442\u0430\u0432\u043a\u0435 ISE 2017<\/figcaption><\/figure>\n<figure id=\"attachment_8925\" aria-describedby=\"caption-attachment-8925\" style=\"width: 850px\" class=\"wp-caption alignnone\"><img decoding=\"async\" src=\"https:\/\/konferenztechnik.de\/wp-content\/uploads\/2017\/02\/interpreterboth-iso4043-2016.jpg\" alt=\"\" width=\"850\" height=\"502\" class=\"size-full wp-image-8925\" title=\"\" srcset=\"https:\/\/konferenztechnik.de\/wp-content\/uploads\/2017\/02\/interpreterboth-iso4043-2016.jpg 850w, https:\/\/konferenztechnik.de\/wp-content\/uploads\/2017\/02\/interpreterboth-iso4043-2016-300x177.jpg 300w, https:\/\/konferenztechnik.de\/wp-content\/uploads\/2017\/02\/interpreterboth-iso4043-2016-768x454.jpg 768w\" sizes=\"(max-width: 850px) 100vw, 850px\" \/><figcaption id=\"caption-attachment-8925\" class=\"wp-caption-text\">\u041f\u043e\u0442\u043e\u043b\u043e\u0447\u043d\u043e\u0435 \u0441\u0432\u0435\u0442\u043e\u0434\u0438\u043e\u0434\u043d\u043e\u0435 \u043e\u0441\u0432\u0435\u0449\u0435\u043d\u0438\u0435 \u0441 \u0440\u0435\u0433\u0443\u043b\u0438\u0440\u0443\u0435\u043c\u043e\u0439 \u044f\u0440\u043a\u043e\u0441\u0442\u044c\u044e<\/figcaption><\/figure>\n<figure id=\"attachment_8924\" aria-describedby=\"caption-attachment-8924\" style=\"width: 850px\" class=\"wp-caption alignnone\"><img decoding=\"async\" src=\"https:\/\/konferenztechnik.de\/wp-content\/uploads\/2017\/02\/co2-monitor-interpreterboth.jpg\" alt=\"\" width=\"850\" height=\"590\" class=\"size-full wp-image-8924\" title=\"\" srcset=\"https:\/\/konferenztechnik.de\/wp-content\/uploads\/2017\/02\/co2-monitor-interpreterboth.jpg 850w, https:\/\/konferenztechnik.de\/wp-content\/uploads\/2017\/02\/co2-monitor-interpreterboth-300x208.jpg 300w, https:\/\/konferenztechnik.de\/wp-content\/uploads\/2017\/02\/co2-monitor-interpreterboth-768x533.jpg 768w\" sizes=\"(max-width: 850px) 100vw, 850px\" \/><figcaption id=\"caption-attachment-8924\" class=\"wp-caption-text\">\u0418\u0437\u043c\u0435\u0440\u0435\u043d\u0438\u0435 \u043a\u0430\u0447\u0435\u0441\u0442\u0432\u0430 \u0432\u043e\u0437\u0434\u0443\u0445\u0430 \u0441 \u043f\u0440\u0435\u0434\u0443\u043f\u0440\u0435\u0436\u0434\u0430\u044e\u0449\u0438\u043c \u0441\u043e\u043e\u0431\u0449\u0435\u043d\u0438\u0435\u043c<\/figcaption><\/figure>\n<figure id=\"attachment_8928\" aria-describedby=\"caption-attachment-8928\" style=\"width: 850px\" class=\"wp-caption alignnone\"><img loading=\"lazy\" decoding=\"async\" src=\"https:\/\/konferenztechnik.de\/wp-content\/uploads\/2017\/02\/Sprecherkabine-Silent9300MKII.jpg\" alt=\"\" width=\"850\" height=\"590\" class=\"size-full wp-image-8928\" title=\"\" srcset=\"https:\/\/konferenztechnik.de\/wp-content\/uploads\/2017\/02\/Sprecherkabine-Silent9300MKII.jpg 850w, https:\/\/konferenztechnik.de\/wp-content\/uploads\/2017\/02\/Sprecherkabine-Silent9300MKII-300x208.jpg 300w, https:\/\/konferenztechnik.de\/wp-content\/uploads\/2017\/02\/Sprecherkabine-Silent9300MKII-768x533.jpg 768w\" sizes=\"(max-width: 850px) 100vw, 850px\" \/><figcaption id=\"caption-attachment-8928\" class=\"wp-caption-text\">\u041f\u0440\u043e\u0441\u0442\u0440\u0430\u043d\u0441\u0442\u0432\u043e \u0432 \u0441\u0430\u043c\u043e\u0439 \u043c\u0430\u043b\u0435\u043d\u044c\u043a\u043e\u0439 \u0445\u0438\u0436\u0438\u043d\u0435, \u043a\u0430\u043a \u0434\u043e\u043a\u0430\u0437\u044b\u0432\u0430\u0435\u0442 \u043d\u0430\u0448 \u0434\u0438\u0440\u0435\u043a\u0442\u043e\u0440 \u0419\u043e\u0440\u0433 \u041f\u0435\u0448\u043a\u0430 \u0440\u043e\u0441\u0442\u043e\u043c 2 \u043c.<\/figcaption><\/figure>\n<p>[spacer size=\"20\u2033]<br \/>\n[tabs style=\"1\u2033]<br \/>\n[tab title=\"\u0421\u0442\u0430\u0442\u044c\u044f\"]<\/p>\n<h2>\u041a\u0430\u0431\u0438\u043d\u043a\u0430 \u0434\u043b\u044f \u0443\u0441\u0442\u043d\u043e\u0433\u043e \u043f\u0435\u0440\u0435\u0432\u043e\u0434\u0430 Silent 9300MKII<\/h2>\n<p>[column size=\"2-5\u2033 last=\"0\u2033]<\/p>\n<p><img loading=\"lazy\" decoding=\"async\" width=\"548\" height=\"412\" class=\"alignleft size-full wp-image-8937\" src=\"https:\/\/konferenztechnik.de\/wp-content\/uploads\/2017\/02\/audipack-silent9300mkii.jpg\" alt=\"Audipack Silent 9300 MKII\" title=\"\" srcset=\"https:\/\/konferenztechnik.de\/wp-content\/uploads\/2017\/02\/audipack-silent9300mkii.jpg 548w, https:\/\/konferenztechnik.de\/wp-content\/uploads\/2017\/02\/audipack-silent9300mkii-300x226.jpg 300w\" sizes=\"(max-width: 548px) 100vw, 548px\" \/><\/p>\n<p>[\/column]<br \/>\n[column size=\"3-5\u2033 last=\"1\u2033]<br \/>\n\u041a\u0430\u0431\u0438\u043d\u0430 \u0443\u0441\u0442\u043d\u043e\u0433\u043e \u043f\u0435\u0440\u0435\u0432\u043e\u0434\u0430 9300 (MKII) - \u044d\u0442\u043e \u043d\u043e\u0432\u044b\u0439 \u0441\u0442\u0430\u043d\u0434\u0430\u0440\u0442 \u0434\u043b\u044f \u043c\u043e\u0431\u0438\u043b\u044c\u043d\u043e\u0433\u043e \u0438\u0441\u043f\u043e\u043b\u044c\u0437\u043e\u0432\u0430\u043d\u0438\u044f. \u042d\u0442\u0430 \u0437\u0432\u0443\u043a\u043e\u0438\u0437\u043e\u043b\u0438\u0440\u043e\u0432\u0430\u043d\u043d\u0430\u044f \u043a\u0430\u0431\u0438\u043d\u0430 \u0441\u0438\u043d\u0445\u0440\u043e\u043d\u043d\u043e\u0433\u043e<br \/>\n\u041a\u0430\u0431\u0438\u043d\u0430 \u0441\u043e\u043e\u0442\u0432\u0435\u0442\u0441\u0442\u0432\u0443\u0435\u0442 \u043d\u043e\u0432\u043e\u043c\u0443 \u043c\u0435\u0436\u0434\u0443\u043d\u0430\u0440\u043e\u0434\u043d\u043e\u043c\u0443 \u0441\u0442\u0430\u043d\u0434\u0430\u0440\u0442\u0443 ISO 4043:2016 \u0438 \u043c\u043e\u0436\u0435\u0442 \u0431\u044b\u0442\u044c \u043e\u0441\u043d\u0430\u0449\u0435\u043d\u0430 \u0440\u044f\u0434\u043e\u043c \u0442\u0435\u0445\u043d\u0438\u0447\u0435\u0441\u043a\u0438\u0445 \u043e\u043f\u0446\u0438\u0439, \u0442\u0430\u043a\u0438\u0445 \u043a\u0430\u043a \u043f\u043e\u0442\u043e\u043b\u043e\u0447\u043d\u0430\u044f \u043f\u043e\u0434\u0441\u0432\u0435\u0442\u043a\u0430 \u0438\u043b\u0438 CO<sup style=\"font-size:.7em; line-height:2em;\">2<\/sup>-\u0438\u0437\u043c\u0435\u0440\u0438\u0442\u0435\u043b\u044c\u043d\u0430\u044f \u0442\u0435\u0445\u043d\u0438\u043a\u0430. \u0412 \u044d\u0442\u043e\u0439 \u043a\u0430\u0431\u0438\u043d\u0435 (\u0441 \u0432\u043d\u0443\u0442\u0440\u0435\u043d\u043d\u0438\u043c\u0438 \u0440\u0430\u0437\u043c\u0435\u0440\u0430\u043c\u0438 1,60 x 1,60 \u043c) \u0435\u0441\u0442\u044c \u043c\u0435\u0441\u0442\u043e \u0434\u043b\u044f \u0434\u0432\u0443\u0445 \u043f\u0435\u0440\u0435\u0432\u043e\u0434\u0447\u0438\u043a\u043e\u0432. \u041a\u0430\u0431\u0438\u043d\u0443 \u043c\u043e\u0436\u043d\u043e \u043b\u0435\u0433\u043a\u043e \u0440\u0430\u0441\u0448\u0438\u0440\u0438\u0442\u044c \u0437\u0430 \u0441\u0447\u0435\u0442 \u0434\u043e\u043f\u043e\u043b\u043d\u0438\u0442\u0435\u043b\u044c\u043d\u044b\u0445 \u0447\u0430\u0441\u0442\u0435\u0439 \u0438, \u0442\u0430\u043a\u0438\u043c \u043e\u0431\u0440\u0430\u0437\u043e\u043c, \u0432 \u043d\u0435\u0439 \u043c\u043e\u0433\u0443\u0442 \u0440\u0430\u0437\u043c\u0435\u0441\u0442\u0438\u0442\u044c\u0441\u044f \u0434\u043e \u0447\u0435\u0442\u044b\u0440\u0435\u0445 \u0447\u0435\u043b\u043e\u0432\u0435\u043a. \u041a\u0430\u0431\u0438\u043d\u0430 \u0438\u043c\u0435\u0435\u0442 \u043c\u043e\u0434\u0443\u043b\u044c\u043d\u0443\u044e \u043a\u043e\u043d\u0441\u0442\u0440\u0443\u043a\u0446\u0438\u044e, \u043f\u043e\u044d\u0442\u043e\u043c\u0443 \u0432\u0445\u043e\u0434\u043d\u0430\u044f \u0434\u0432\u0435\u0440\u044c \u0442\u0430\u043a\u0436\u0435 \u043c\u043e\u0436\u0435\u0442 \u0431\u044b\u0442\u044c \u0440\u0430\u0441\u043f\u043e\u043b\u043e\u0436\u0435\u043d\u0430 \u0433\u0438\u0431\u043a\u043e. \u0421\u0442\u0430\u043d\u0434\u0430\u0440\u0442\u043d\u044b\u0439 \u0446\u0432\u0435\u0442 \u0432\u043d\u0435\u0448\u043d\u0435\u0433\u043e \u043f\u043e\u043a\u0440\u044b\u0442\u0438\u044f Silent 9300 - \u0441\u0435\u0440\u044b\u0439, \u043d\u043e \u043a\u0430\u0431\u0438\u043d\u0430 \u043f\u0435\u0440\u0435\u0432\u043e\u0434\u0447\u0438\u043a\u0430 \u043c\u043e\u0436\u0435\u0442 \u0431\u044b\u0442\u044c \u043f\u043e\u0441\u0442\u0430\u0432\u043b\u0435\u043d\u0430 \u0438 \u0432 \u0434\u0440\u0443\u0433\u0438\u0445 \u0446\u0432\u0435\u0442\u0430\u0445.<br \/>\n[\/column]<br \/>\n[\/tab]<br \/>\n[\/tabs]<\/p>\n<h2>\u0414\u043e\u043f\u043e\u043b\u043d\u0438\u0442\u0435\u043b\u044c\u043d\u044b\u0435 \u0430\u043a\u0441\u0435\u0441\u0441\u0443\u0430\u0440\u044b<\/h2>\n<p>\u0414\u043b\u044f \u0432\u0441\u0435\u0445 \u0441\u0435\u0440\u0438\u0439 \u043a\u0430\u0431\u0438\u043d \u043f\u0435\u0440\u0435\u0432\u043e\u0434\u0447\u0438\u043a\u0430 Audipack \u0434\u043e\u0441\u0442\u0443\u043f\u043d\u043e \u0431\u043e\u043b\u044c\u0448\u043e\u0435 \u043a\u043e\u043b\u0438\u0447\u0435\u0441\u0442\u0432\u043e \u0434\u043e\u043f\u043e\u043b\u043d\u0438\u0442\u0435\u043b\u044c\u043d\u044b\u0445 \u0430\u043a\u0441\u0435\u0441\u0441\u0443\u0430\u0440\u043e\u0432. \u041f\u0440\u043e\u0441\u0442\u043e \u0441\u043f\u0440\u043e\u0441\u0438\u0442\u0435 \u043d\u0430\u0441, \u0438 \u043c\u044b \u0441 \u0440\u0430\u0434\u043e\u0441\u0442\u044c\u044e \u043f\u0440\u043e\u043a\u043e\u043d\u0441\u0443\u043b\u044c\u0442\u0438\u0440\u0443\u0435\u043c \u0432\u0430\u0441!<\/p>\n<p>[column size=\"2-5\u2033 last=\"0\u2033]<\/p>\n<figure id=\"attachment_8951\" aria-describedby=\"caption-attachment-8951\" style=\"width: 548px\" class=\"wp-caption alignleft\"><img loading=\"lazy\" decoding=\"async\" class=\"size-full wp-image-8951\" src=\"https:\/\/konferenztechnik.de\/wp-content\/uploads\/2017\/02\/audipack-podest-fuer-dolmetscherkabine.jpg\" alt=\"\u041f\u043b\u0430\u0442\u0444\u043e\u0440\u043c\u0430 Audipack \u0434\u043b\u044f \u043a\u0430\u0431\u0438\u043d\u043e\u043a \u043f\u0435\u0440\u0435\u0432\u043e\u0434\u0447\u0438\u043a\u043e\u0432\" width=\"548\" height=\"412\" title=\"\" srcset=\"https:\/\/konferenztechnik.de\/wp-content\/uploads\/2017\/02\/audipack-podest-fuer-dolmetscherkabine.jpg 548w, https:\/\/konferenztechnik.de\/wp-content\/uploads\/2017\/02\/audipack-podest-fuer-dolmetscherkabine-300x226.jpg 300w\" sizes=\"(max-width: 548px) 100vw, 548px\" \/><figcaption id=\"caption-attachment-8951\" class=\"wp-caption-text\">\u041f\u044c\u0435\u0434\u0435\u0441\u0442\u0430\u043b (\u0430\u0440\u0442.: P5660)<\/figcaption><\/figure>\n<p>[\/column]<\/p>\n<p>[column size=\"1-2\u2033 last=\"1\u2033]<\/p>\n<figure id=\"attachment_8950\" aria-describedby=\"caption-attachment-8950\" style=\"width: 548px\" class=\"wp-caption alignleft\"><img loading=\"lazy\" decoding=\"async\" class=\"size-full wp-image-8950\" src=\"https:\/\/konferenztechnik.de\/wp-content\/uploads\/2017\/02\/audipack-flight-case-fuer-dolmetscherkabine.jpg\" alt=\"\u041f\u043e\u043b\u0435\u0442\u043d\u044b\u0439 \u043a\u0435\u0439\u0441 Audipack \u0434\u043b\u044f \u043a\u0430\u0431\u0438\u043d\u043e\u043a \u043f\u0435\u0440\u0435\u0432\u043e\u0434\u0447\u0438\u043a\u0430\" width=\"548\" height=\"412\" title=\"\" srcset=\"https:\/\/konferenztechnik.de\/wp-content\/uploads\/2017\/02\/audipack-flight-case-fuer-dolmetscherkabine.jpg 548w, https:\/\/konferenztechnik.de\/wp-content\/uploads\/2017\/02\/audipack-flight-case-fuer-dolmetscherkabine-300x226.jpg 300w\" sizes=\"(max-width: 548px) 100vw, 548px\" \/><figcaption id=\"caption-attachment-8950\" class=\"wp-caption-text\">\u0427\u0435\u043c\u043e\u0434\u0430\u043d \u0434\u043b\u044f \u043f\u043e\u043b\u0435\u0442\u0430 (\u0430\u0440\u0442.: 15645)<\/figcaption><\/figure>\n<p>[\/column]<\/p>\n<p>[column size=\"2-5\u2033 last=\"0\u2033]<\/p>\n<figure id=\"attachment_8953\" aria-describedby=\"caption-attachment-8953\" style=\"width: 548px\" class=\"wp-caption alignleft\"><img loading=\"lazy\" decoding=\"async\" class=\"size-full wp-image-8953\" src=\"https:\/\/konferenztechnik.de\/wp-content\/uploads\/2017\/02\/audipack-ventilationssystem-fuer-dolmetscherkabine.jpg\" alt=\"\u0421\u0438\u0441\u0442\u0435\u043c\u0430 \u0432\u0435\u043d\u0442\u0438\u043b\u044f\u0446\u0438\u0438 Audipack \u0434\u043b\u044f \u043a\u0430\u0431\u0438\u043d\u043e\u043a \u043f\u0435\u0440\u0435\u0432\u043e\u0434\u0447\u0438\u043a\u043e\u0432\" width=\"548\" height=\"412\" title=\"\" srcset=\"https:\/\/konferenztechnik.de\/wp-content\/uploads\/2017\/02\/audipack-ventilationssystem-fuer-dolmetscherkabine.jpg 548w, https:\/\/konferenztechnik.de\/wp-content\/uploads\/2017\/02\/audipack-ventilationssystem-fuer-dolmetscherkabine-300x226.jpg 300w\" sizes=\"(max-width: 548px) 100vw, 548px\" \/><figcaption id=\"caption-attachment-8953\" class=\"wp-caption-text\">\u0421\u0438\u0441\u0442\u0435\u043c\u0430 \u0432\u0435\u043d\u0442\u0438\u043b\u044f\u0446\u0438\u0438 (\u0430\u0440\u0442. P4250)<\/figcaption><\/figure>\n<p>[\/column]<\/p>\n<p>[column size=\"1-2\u2033 last=\"1\u2033]<\/p>\n<figure id=\"attachment_8952\" aria-describedby=\"caption-attachment-8952\" style=\"width: 548px\" class=\"wp-caption alignleft\"><img loading=\"lazy\" decoding=\"async\" class=\"size-full wp-image-8952\" src=\"https:\/\/konferenztechnik.de\/wp-content\/uploads\/2017\/02\/audipack-transportwagen-fuer-9300-oder-6300.jpg\" alt=\"\u0422\u0435\u043b\u0435\u0436\u043a\u0430 \u0434\u043b\u044f \u0442\u0440\u0430\u043d\u0441\u043f\u043e\u0440\u0442\u0438\u0440\u043e\u0432\u043a\u0438 \u043a\u0430\u0431\u0438\u043d\u043e\u043a \u043f\u0435\u0440\u0435\u0432\u043e\u0434\u0447\u0438\u043a\u0430 Audipack\" width=\"548\" height=\"412\" title=\"\" srcset=\"https:\/\/konferenztechnik.de\/wp-content\/uploads\/2017\/02\/audipack-transportwagen-fuer-9300-oder-6300.jpg 548w, https:\/\/konferenztechnik.de\/wp-content\/uploads\/2017\/02\/audipack-transportwagen-fuer-9300-oder-6300-300x226.jpg 300w\" sizes=\"(max-width: 548px) 100vw, 548px\" \/><figcaption id=\"caption-attachment-8952\" class=\"wp-caption-text\">\u0422\u0440\u0430\u043d\u0441\u043f\u043e\u0440\u0442\u043d\u0430\u044f \u0442\u0435\u043b\u0435\u0436\u043a\u0430 (\u0430\u0440\u0442.: P1769)<\/figcaption><\/figure>\n<p>[\/column]<\/p>\n<p>\u041d\u043e\u0432\u0430\u044f \u0441\u0435\u0440\u0438\u044f Silent 9300 \u0431\u0443\u0434\u0435\u0442 \u0434\u043e\u0441\u0442\u0443\u043f\u043d\u0430 \u0441 \u0432\u0435\u0441\u043d\u044b 2017 \u0433\u043e\u0434\u0430. \u0412\u044b \u043c\u043e\u0436\u0435\u0442\u0435 \u0441\u0434\u0435\u043b\u0430\u0442\u044c \u043f\u0440\u0435\u0434\u0432\u0430\u0440\u0438\u0442\u0435\u043b\u044c\u043d\u044b\u0439 \u0437\u0430\u043a\u0430\u0437 \u043d\u0430 \u043d\u0438\u0445 \u0443 \u043d\u0430\u0441 \u0438\u043b\u0438 \u0437\u0430\u043f\u0440\u043e\u0441\u0438\u0442\u044c \u0446\u0435\u043d\u0443.<\/p>\n<h2>\u0421\u043a\u0430\u0447\u0430\u0442\u044c<\/h2>\n<p><a href=\"https:\/\/konferenztechnik.de\/wp-content\/uploads\/2017\/02\/audipack-silent-9300-dolmetscherkabine-manual.pdf\">[service icon=\"moon-file-download\" size=\"25\u2033 color=\"#a62055\u2033 title=\"\u0411\u0440\u043e\u0448\u044e\u0440\u0430 \u041f\u0435\u0440\u0435\u0432\u043e\u0434\u0447\u0435\u0441\u043a\u0438\u0435 \u043a\u0430\u0431\u0438\u043d\u044b Audipack \u0441\u0435\u0440\u0438\u0438 Silent\"]<\/a><a href=\"https:\/\/konferenztechnik.de\/wp-content\/uploads\/2017\/02\/audipack-silent-9300-dolmetscherkabine-manual.pdf\">\u0421\u043a\u0430\u0447\u0430\u0442\u044c \u0431\u0440\u043e\u0448\u044e\u0440\u0443 \u041a\u0430\u0431\u0438\u043d\u044b \u0434\u043b\u044f \u0443\u0441\u0442\u043d\u043e\u0433\u043e \u043f\u0435\u0440\u0435\u0432\u043e\u0434\u0430 Audipack \u0441\u0435\u0440\u0438\u0438 Silent<\/a>[\/service]<\/p>\n<p><a href=\"https:\/\/konferenztechnik.de\/wp-content\/uploads\/2017\/02\/audipack-silent-9300-dolmetscherkabine-assambling-manual.pdf\">[service icon=\"moon-file-download\" size=\"25\u2033 color=\"#a62055\u2033 title=\"\u0418\u043d\u0441\u0442\u0440\u0443\u043a\u0446\u0438\u044f \u043f\u043e \u0441\u0431\u043e\u0440\u043a\u0435 \u043a\u0430\u0431\u0438\u043d\u044b \u0434\u043b\u044f \u0443\u0441\u0442\u043d\u043e\u0433\u043e \u043f\u0435\u0440\u0435\u0432\u043e\u0434\u0430 Audipack \u0441\u0435\u0440\u0438\u0438 Silent\"]<\/a><a href=\"https:\/\/konferenztechnik.de\/wp-content\/uploads\/2017\/02\/audipack-silent-9300-dolmetscherkabine-assambling-manual.pdf\">\u0418\u043d\u0441\u0442\u0440\u0443\u043a\u0446\u0438\u044f \u043f\u043e \u0441\u0431\u043e\u0440\u043a\u0435 \u041a\u0430\u0431\u0438\u043d\u044b \u0434\u043b\u044f \u0443\u0441\u0442\u043d\u043e\u0433\u043e \u043f\u0435\u0440\u0435\u0432\u043e\u0434\u0430 Audipack \u0441\u0435\u0440\u0438\u0438 Silent<\/a>[\/service]<\/p>\n<p>[spacer size=\"30\u2033]<\/p>\n<h2>\u041a\u043e\u043d\u0442\u0430\u043a\u0442\u043d\u043e\u0435 \u043b\u0438\u0446\u043e<\/h2>\n<p>[column size=\"2-5\u2033 last=\"0\u2033]<\/p>\n<p>[tabs style=\"2\u2033]<br \/>\n[tab title=\"\u0421\u0438\u0441\u0442\u0435\u043c\u043d\u0430\u044f \u0438\u043d\u0442\u0435\u0433\u0440\u0430\u0446\u0438\u044f\"]<img loading=\"lazy\" decoding=\"async\" width=\"800\" height=\"533\" src=\"https:\/\/konferenztechnik.de\/wp-content\/uploads\/2013\/08\/pcs-gmbh-andreas-bagattini.jpg\" alt=\"PCS GmbH \u0410\u043d\u0434\u0440\u0435\u0430\u0441 \u0411\u0430\u0433\u0430\u0442\u0442\u0438\u043d\u0438\" class=\"alignleft size-full wp-image-6340\" title=\"\" srcset=\"https:\/\/konferenztechnik.de\/wp-content\/uploads\/2013\/08\/pcs-gmbh-andreas-bagattini.jpg 800w, https:\/\/konferenztechnik.de\/wp-content\/uploads\/2013\/08\/pcs-gmbh-andreas-bagattini-300x200.jpg 300w, https:\/\/konferenztechnik.de\/wp-content\/uploads\/2013\/08\/pcs-gmbh-andreas-bagattini-768x512.jpg 768w\" sizes=\"(max-width: 800px) 100vw, 800px\" \/><br \/>\n\u0410\u043d\u0434\u0440\u0435\u0430\u0441 \u0411\u0430\u0433\u0430\u0442\u0442\u0438\u043d\u0438<br \/>\n\u0423\u043f\u0440\u0430\u0432\u043b\u0435\u043d\u0438\u0435 \u043f\u0440\u043e\u0435\u043a\u0442\u0430\u043c\u0438<br \/>\n\u0422\u0435\u043b\u0435\u0444\u043e\u043d +49 211 737798 21<br \/>\ne-mail <a href=\"mailto:vertrieb@konferenztechnik.de\" onclick=\"ga('send', 'event', 'Email-Klick', 'Vertrieb Bagattini');\">\u043d\u0430\u043f\u0438\u0441\u0430\u0442\u044c<\/a><br \/>\nQR-\u043a\u043e\u0434 <a href=\"https:\/\/konferenztechnik.de\/wp-content\/uploads\/2013\/08\/qrcode-andreas-bagattini.jpeg\">&#x9B; \u043f\u043e\u043a\u0430\u0437\u0430\u0442\u044c<\/a>[\/tab]<br \/>\n[\/tabs]<br \/>\n[\/column]<\/p>","protected":false},"excerpt":{"rendered":"<p>Audipack Silent 9300 \u2013 ISO 4043:2016 Die Dolmetscherkabinen der Audipack Silent 9300 Serie sind die am weitesten verbreiteten Dolmetscherkabinen am Markt. Mit der neuen Silent 9300 MKII hat Audipack auf der ISE 2017 in Amsterdam eine \u00fcberarbeitete Version der Kabinen vorgestellt. Diese entspricht der neuen ISO 4043 Norm f\u00fcr Dolmetschkabinen, die ab sofort g\u00fcltig ist. [&hellip;]<\/p>","protected":false},"author":1,"featured_media":45482,"parent":0,"menu_order":0,"comment_status":"closed","ping_status":"closed","template":"page-right-sidebar.php","meta":{"_acf_changed":false,"footnotes":""},"class_list":["post-8919","page","type-page","status-publish","has-post-thumbnail","hentry"],"acf":[],"_links":{"self":[{"href":"https:\/\/konferenztechnik.de\/ru\/wp-json\/wp\/v2\/pages\/8919","targetHints":{"allow":["GET"]}}],"collection":[{"href":"https:\/\/konferenztechnik.de\/ru\/wp-json\/wp\/v2\/pages"}],"about":[{"href":"https:\/\/konferenztechnik.de\/ru\/wp-json\/wp\/v2\/types\/page"}],"author":[{"embeddable":true,"href":"https:\/\/konferenztechnik.de\/ru\/wp-json\/wp\/v2\/users\/1"}],"replies":[{"embeddable":true,"href":"https:\/\/konferenztechnik.de\/ru\/wp-json\/wp\/v2\/comments?post=8919"}],"version-history":[{"count":0,"href":"https:\/\/konferenztechnik.de\/ru\/wp-json\/wp\/v2\/pages\/8919\/revisions"}],"wp:featuredmedia":[{"embeddable":true,"href":"https:\/\/konferenztechnik.de\/ru\/wp-json\/wp\/v2\/media\/45482"}],"wp:attachment":[{"href":"https:\/\/konferenztechnik.de\/ru\/wp-json\/wp\/v2\/media?parent=8919"}],"curies":[{"name":"wp","href":"https:\/\/api.w.org\/{rel}","templated":true}]}}