{"id":1141,"date":"2013-08-22T11:55:13","date_gmt":"2013-08-22T09:55:13","guid":{"rendered":"https:\/\/pcs-miete.de\/?page_id=1141"},"modified":"2023-07-05T15:04:23","modified_gmt":"2023-07-05T13:04:23","slug":"projektoerler","status":"publish","type":"page","link":"https:\/\/konferenztechnik.de\/tr\/konferans-ve-av-medya-teknoloji%cc%87si%cc%87ni%cc%87n-dagitimi\/vi%cc%87deo-teknoloji%cc%87si%cc%87\/projektoerler\/","title":{"rendered":"Projekt\u00f6rler"},"content":{"rendered":"<h1>Projekt\u00f6rler<\/h1>\n<p>Profesyonel, sessiz ve son derece g\u00fc\u00e7l\u00fc projekt\u00f6rlerden olu\u015fan k\u00fc\u00e7\u00fck bir se\u00e7ki. Projekt\u00f6rlerle ilgileniyorsan\u0131z, bizimle ileti\u015fime ge\u00e7in ve ihtiya\u00e7lar\u0131n\u0131za uygun do\u011fru modeli bulal\u0131m.<\/p>\n<h2>Panasonic LCD projekt\u00f6r PT-EW630U<\/h2>\n<p><a href=\"https:\/\/konferenztechnik.de\/wp-content\/uploads\/2013\/08\/Panasonic_LCD-Projektor-PT-EW630U.jpg\"><img fetchpriority=\"high\" decoding=\"async\" width=\"900\" height=\"698\" class=\"alignnone size-full wp-image-4817\" src=\"https:\/\/konferenztechnik.de\/wp-content\/uploads\/2013\/08\/Panasonic_LCD-Projektor-PT-EW630U.jpg\" alt=\"Panasonic LCD projekt\u00f6r PT-EW630U\" title=\"\" srcset=\"https:\/\/konferenztechnik.de\/wp-content\/uploads\/2013\/08\/Panasonic_LCD-Projektor-PT-EW630U.jpg 900w, https:\/\/konferenztechnik.de\/wp-content\/uploads\/2013\/08\/Panasonic_LCD-Projektor-PT-EW630U-300x233.jpg 300w, https:\/\/konferenztechnik.de\/wp-content\/uploads\/2013\/08\/Panasonic_LCD-Projektor-PT-EW630U-768x596.jpg 768w\" sizes=\"(max-width: 900px) 100vw, 900px\" \/><\/a><\/p>\n<p>Panasonic LCD projekt\u00f6r PT-EW630U<\/p>\n<p>Panasonic'in PT- EW630U LCD projekt\u00f6r\u00fc WXGA \u00e7\u00f6z\u00fcn\u00fcrl\u00fck (1.280 x 800), 5.500 l\u00fcmen parlakl\u0131k ve 5.000 : 1 kontrast oran\u0131 sunar.<br \/>\n\u00d6rne\u011fin s\u0131n\u0131flarda, amfilerde veya ofislerde \u00e7ok y\u00f6nl\u00fcd\u00fcr ve 10.000 saate kadar bak\u0131m gerektirmeden \u00e7al\u0131\u015fma imkan\u0131 sunar.<\/p>\n<h2>Panasonic LCD projekt\u00f6r PT-EW630U<\/h2>\n<p>Teknik \u00d6zellikler<\/p>\n<ul>\n<li>Panel boyutu (diyagonal): 19,0 mm (0,75 \") diyagonal<\/li>\n<li>En boy oran\u0131: 16.10<\/li>\n<li>G\u00f6r\u00fcnt\u00fcleme y\u00f6ntemi: \u015eeffaf LCD panel (x 3, R \/ G \/ B)<\/li>\n<li>\u00c7\u00f6z\u00fcn\u00fcrl\u00fck: WXGA (1.280 x 800 piksel)<\/li>\n<li>Ekran boyutu: 1,02 ila 10,16 m<\/li>\n<li>Lamba: 330 W UHM lamba x 1<\/li>\n<li>Lamba de\u011fi\u015ftirme d\u00f6ng\u00fcs\u00fc: 3.000 saat1 (lamba watt de\u011feri: normal) \u2013 4.000 saat1 (lamba watt de\u011feri ECO)<\/li>\n<li>Parlakl\u0131k: 5.500 l\u00fcmen 2<\/li>\n<li>Kontrast oran\u0131: 5000: 12 (Tam A\u00e7\u0131k \/ Tam Kapal\u0131, lamba g\u00fcc\u00fc: OTOMAT\u0130K)<\/li>\n<li>Kontrol \u00fcnitesi (RS-232C uyumlu)<\/li>\n<li>UZAKTAN KUMANDA G\u0130R\u0130\u015e\u0130: Kablolu uzaktan kumanda i\u00e7in M3 x 1<\/li>\n<li>G\u00fc\u00e7 kayna\u011f\u0131: 100-240 V AC, 50\/60 Hz<\/li>\n<li>G\u00fc\u00e7 t\u00fcketimi: 490 W (492 VA) (ECO'da BEKLEME MODU ile 0,4 W4 A\u011e'da BEKLEME MODU ile 11 W<\/li>\n<li>Boyutlar (GxYxD): 489,5mm x 164mm5 x 434 mm (19-9 \/ 32 x 6-15 \/ 325 x 17-3 \/ 32 in\u00e7) (birlikte verilen lensle)<\/li>\n<li>Mekanik deklan\u015f\u00f6r: Evet<\/li>\n<li>Filtre: x 1, \u00f6nerilen de\u011fi\u015ftirme d\u00f6ng\u00fcs\u00fc: 12.000 saat<\/li>\n<li>\u00c7arp\u0131kl\u0131k d\u00fczeltme aral\u0131\u011f\u0131: Dikey: \u00b1 40 \u00b0 7, yatay: \u00b1 30 \u00b0 8<\/li>\n<li>Optik eksen kaymas\u0131: Dikey: \u00b1 60% (g\u00fc\u00e7lendirilmi\u015f), yatay: \u00b1 10% (g\u00fc\u00e7lendirilmi\u015f) 9<\/li>\n<li>A\u011f\u0131rl\u0131k: yakl. 10,3 kg (\u00a322,7) (birlikte verilen lens ile) 10<\/li>\n<li>Dahili hoparl\u00f6r: 10 W (mono) \u00e7\u0131k\u0131\u015f g\u00fcc\u00fc<\/li>\n<li>G\u00fcr\u00fclt\u00fc seviyesi: 37 dB (LAMBA G\u00dcC\u00dc: NORMAL), 31 dB (LAMBA G\u00dcC\u00dc: ECO 1 \/ ECO 2)<\/li>\n<li>Birlikte verilen aksesuarlar: g\u00fc\u00e7 kablosu, g\u00fc\u00e7 kablosu tutucusu, kablosuz \/ kablolu uzaktan kumanda \u00fcnitesi, piller (R03 \/ LR03AAA tipi x 2), bilgisayar kablosu, yaz\u0131l\u0131m<\/li>\n<\/ul>\n<h2>Barco PHXG-91B<\/h2>\n<p><a href=\"https:\/\/konferenztechnik.de\/wp-content\/uploads\/2013\/08\/barco-PHWU-81b.jpg\"><img decoding=\"async\" width=\"900\" height=\"674\" class=\"alignleft size-full wp-image-4267\" src=\"https:\/\/konferenztechnik.de\/wp-content\/uploads\/2013\/08\/barco-PHWU-81b.jpg\" alt=\"Barco projekt\u00f6r PHXG-91B\" title=\"\" srcset=\"https:\/\/konferenztechnik.de\/wp-content\/uploads\/2013\/08\/barco-PHWU-81b.jpg 900w, https:\/\/konferenztechnik.de\/wp-content\/uploads\/2013\/08\/barco-PHWU-81b-300x225.jpg 300w, https:\/\/konferenztechnik.de\/wp-content\/uploads\/2013\/08\/barco-PHWU-81b-768x575.jpg 768w\" sizes=\"(max-width: 900px) 100vw, 900px\" \/><\/a><\/p>\n<p>Barco \u2013 8.500 l\u00fcmen, XGA, tek \u00e7ipli DLP Present projekt\u00f6r<\/p>\n<p>XGA \u00e7\u00f6z\u00fcn\u00fcrl\u00fc\u011fe sahip bu 8.500 l\u00fcmen projekt\u00f6r, \u015f\u0131k toplant\u0131 odan\u0131zda veya toplant\u0131 salonunuzda profesyonel b\u00fcy\u00fck ekran projeksiyonlar i\u00e7in m\u00fckemmeldir.<\/p>\n<h2>Barco PHXG-91B<\/h2>\n<ul>\n<li>\u0130\u00e7 mekan\u0131n\u0131za kusursuz uyum sa\u011flayan \u015f\u0131k tasar\u0131m<\/li>\n<li>Rakipsiz ayr\u0131nt\u0131 d\u00fczeyi ve maksimum kontrast ile y\u00fcksek kaliteli g\u00f6r\u00fcnt\u00fcler<\/li>\n<li>Kolay kullan\u0131m ve daha az kablo karma\u015fas\u0131 i\u00e7in d\u00fc\u011fmesiz ve kablosuz<\/li>\n<li>G\u00fcvenilir DLP teknolojisi<\/li>\n<li>Kolayca geni\u015fletilebilir \"gelecek ba\u011flant\u0131 eklentileri\"<\/li>\n<li>DLP teknolojisi ve s\u0131zd\u0131rmaz optikler sayesinde d\u00fc\u015f\u00fck maliyetler<\/li>\n<li>\u00d6nceden ayarlanm\u0131\u015f g\u00f6r\u00fcnt\u00fc modu esnek renk y\u00f6netimi sa\u011flar<\/li>\n<li>En s\u0131k kullan\u0131lan fonksiyonlar\u0131 i\u00e7eren sezgisel kullan\u0131m men\u00fcs\u00fc<\/li>\n<li>Kullan\u0131c\u0131 dostu uzaktan kumanda. Sadece bir d\u00fc\u011fmeye ihtiyac\u0131n\u0131z var!<\/li>\n<\/ul>\n<h2>ClickShare Inside<\/h2>\n<p>Bu projekt\u00f6r iste\u011fe ba\u011fl\u0131 ba\u011flant\u0131 mod\u00fcllerini destekler. Bu, ek i\u015flevlerle kolayca y\u00fckseltilebilece\u011fi ve gelece\u011fe haz\u0131r hale getirilebilece\u011fi anlam\u0131na gelir. Barco'nun Click Share kablosuz sunum sistemini temel alan 'Click Inside' se\u00e7ene\u011fi projekt\u00f6re entegre edilebilir ve ger\u00e7ek i\u015fbirli\u011fi i\u00e7in diz\u00fcst\u00fc bilgisayar ekran\u0131n\u0131zdan projekt\u00f6re tek bir t\u0131klamayla ve kablolar olmadan \u2013 kablosuz olarak i\u00e7erik g\u00f6ndermenize ve payla\u015fman\u0131za olanak tan\u0131r.<\/p>\n<h2>Panasonic PT-RW330E LE lazer DLP projekt\u00f6r<\/h2>\n<p><a href=\"https:\/\/konferenztechnik.de\/wp-content\/uploads\/2013\/08\/projektor-panasonic_PT-RW330E.jpg\"><img decoding=\"async\" width=\"468\" height=\"312\" class=\"alignleft size-full wp-image-4268\" src=\"https:\/\/konferenztechnik.de\/wp-content\/uploads\/2013\/08\/projektor-panasonic_PT-RW330E.jpg\" alt=\"Panasonic PT-RW330E LED lazer DLP projekt\u00f6r\" title=\"\" srcset=\"https:\/\/konferenztechnik.de\/wp-content\/uploads\/2013\/08\/projektor-panasonic_PT-RW330E.jpg 468w, https:\/\/konferenztechnik.de\/wp-content\/uploads\/2013\/08\/projektor-panasonic_PT-RW330E-300x200.jpg 300w\" sizes=\"(max-width: 468px) 100vw, 468px\" \/><\/a><\/p>\n<p>PT-RW330 LED\/Lazer DLP projekt\u00f6r, Panasonic SOLID SHINE projekt\u00f6r serisinin bir par\u00e7as\u0131d\u0131r. Daha \u00f6nce 'geleneksel' projekt\u00f6rlerle elde edilemeyen y\u00fcksek g\u00fcvenilirlik ve uzun \u00f6m\u00fcrl\u00fc parlakl\u0131k sunar.<\/p>\n<h2>Panasonic PT-RW330E LE lazer DLP projekt\u00f6r<\/h2>\n<ul>\n<li>WXGA \u00e7\u00f6z\u00fcn\u00fcrl\u00fck ile 3.500 lm parlakl\u0131k<\/li>\n<li>10.000:1 kontrast oran\u0131<\/li>\n<li>Bak\u0131m gerektirmeden 20.000 \u00e7al\u0131\u015fma saatine kadar<\/li>\n<li>LED\/lazer tasar\u0131m\u0131, ne bir lamban\u0131n ne de bir filtrenin de\u011fi\u015ftirilmesine gerek kalmamas\u0131n\u0131 sa\u011flar<\/li>\n<li>Uzun \u00f6m\u00fcrl\u00fc g\u00f6r\u00fcnt\u00fc kalitesi ve ola\u011fan\u00fcst\u00fc renk \u00fcretimi<\/li>\n<li>DIGITAL LINK uyumlulu\u011fu sayesinde video, ses ve kontrol sinyalleri tek bir LAN kablosu \u00fczerinden 100 metreye kadar iletilebilir.<\/li>\n<\/ul>\n<h2>Bak\u0131m gerektirmez<\/h2>\n<p>Projekt\u00f6rlerde \u0131\u015f\u0131k kayna\u011f\u0131 olarak yeni LED\/lazer kombinasyonu, lamba veya filtre de\u011fi\u015ftirmeye gerek kalmadan yakla\u015f\u0131k 20.000 \u00e7al\u0131\u015fma saatini garanti eder. Bu da bak\u0131m maliyetlerini ve \u00e7abalar\u0131n\u0131 b\u00fcy\u00fck \u00f6l\u00e7\u00fcde azalt\u0131r.<\/p>\n<h2>Y\u00fcksek g\u00fcvenilirlik<\/h2>\n<p>Yeni \u0131\u015f\u0131k kayna\u011f\u0131 i\u00e7in \u00f6zel olarak geli\u015ftirilen so\u011futma sistemi ve toz korumal\u0131 g\u00f6vde yap\u0131s\u0131 ile sistem \u00f6zellikle maksimum \u00e7al\u0131\u015fma g\u00fcvenilirli\u011fi i\u00e7in tasarlanm\u0131\u015ft\u0131r. Projekt\u00f6r\u00fcn uzun bir s\u00fcre boyunca bile g\u00fcvenilir bir \u015fekilde kullan\u0131lmas\u0131n\u0131 sa\u011flar.<\/p>\n<h2>Esnek kurulum<\/h2>\n<p>\u00c7ift yak\u0131nla\u015ft\u0131rma lensi, geni\u015f lens kayd\u0131rma aral\u0131\u011f\u0131 ve 360\u00b0 montaj se\u00e7enekleri gibi sistem i\u015flevleri kurulum s\u0131ras\u0131nda y\u00fcksek derecede esneklik sa\u011flar. DIGITAL LINK uyumlulu\u011fu, uzun mesafelerde bile tek bir \u2013 LAN kablosuyla dijital sinyal iletimi sa\u011flar.<\/p>\n<h2>DIGITAL LINK nedir?<\/h2>\n<p>DIGITAL LINK, video, ses ve kontrol sinyallerinin tek bir CAT5e\/6 a\u011f kablosu \u00fczerinden 100 metreye kadar e\u015fzamanl\u0131 olarak iletilmesini sa\u011flar. Bu, kablolamay\u0131 veya gelecekteki sistem geni\u015fletmelerini basitle\u015ftirir ve maliyetlerden tasarruf etmeye yard\u0131mc\u0131 olur.<\/p>\n<h2>Sony VPL-SW536C ultra k\u0131sa yans\u0131tma a\u00e7\u0131l\u0131 interaktif projekt\u00f6r<\/h2>\n<p><a href=\"https:\/\/konferenztechnik.de\/wp-content\/uploads\/2013\/08\/kurzdistanz-projektor-sony-VPL-SW536C.jpeg\"><img loading=\"lazy\" decoding=\"async\" width=\"558\" height=\"336\" class=\"alignleft size-full wp-image-4269\" src=\"https:\/\/konferenztechnik.de\/wp-content\/uploads\/2013\/08\/kurzdistanz-projektor-sony-VPL-SW536C.jpeg\" alt=\"Sony VPL-SW536C ultra k\u0131sa yans\u0131tma a\u00e7\u0131l\u0131 interaktif projekt\u00f6r\" title=\"\" srcset=\"https:\/\/konferenztechnik.de\/wp-content\/uploads\/2013\/08\/kurzdistanz-projektor-sony-VPL-SW536C.jpeg 558w, https:\/\/konferenztechnik.de\/wp-content\/uploads\/2013\/08\/kurzdistanz-projektor-sony-VPL-SW536C-300x181.jpeg 300w\" sizes=\"(max-width: 558px) 100vw, 558px\" \/><\/a><\/p>\n<h2>Sony VPL-SW536C ultra k\u0131sa yans\u0131tma a\u00e7\u0131l\u0131 interaktif projekt\u00f6r<\/h2>\n<p>Wi-Fi i\u015flevine sahip bu ekonomik ve etkile\u015fimli ultra k\u0131sa mesafeli projekt\u00f6r, s\u0131n\u0131fta veya e\u011fitim alan\u0131nda parlak ve etkili sunumlar i\u00e7in temel ko\u015fullar\u0131 olu\u015fturur. K\u00fc\u00e7\u00fck ve orta b\u00fcy\u00fckl\u00fckteki odalarda duvara montaj i\u00e7in tasarlanm\u0131\u015ft\u0131r ve ekrana, duvara veya beyaz tahtaya keskin, net bir \u015fekilde g\u00f6r\u00fclebilen g\u00f6r\u00fcnt\u00fcler yans\u0131t\u0131r. Projekt\u00f6r ekrana \u00e7ok yak\u0131n konumland\u0131r\u0131ld\u0131\u011f\u0131 i\u00e7in \u00f6\u011frencilerin veya \u00f6\u011fretmenlerin g\u00f6zlerini kama\u015ft\u0131rmaz.<\/p>\n<h2>Sony VPL-SW536C ultra k\u0131sa yans\u0131tma a\u00e7\u0131l\u0131 interaktif projekt\u00f6r<\/h2>\n<ul>\n<li>\u0130ki kalem (\u00fcr\u00fcne dahildir) i\u00e7in interaktif yaz\u0131l\u0131m ile \u00f6\u011fretmen ve \u00f6\u011frenci el yaz\u0131s\u0131 tan\u0131ma \u00f6zelli\u011fi ile ayn\u0131 anda \u00e7izim ve yaz\u0131 yazabilir. Tablolar ve diyagramlar olu\u015ftururken, \u00e7ok y\u00f6nl\u00fc 2D ve 2D grafik ara\u00e7lar\u0131n\u0131n yan\u0131 s\u0131ra form\u00fcl ve hesaplama i\u015flevlerine de sahip olursunuz. Nesneleri de\u011fi\u015ftirebilir ve \u00f6\u011frencilerin belgeleri i\u00e7in ekran g\u00f6r\u00fcnt\u00fcleri olu\u015fturabilirsiniz.<\/li>\n<li>Maksimum 3100 l\u00fcmen renkli \u0131\u015f\u0131k \u00e7\u0131k\u0131\u015f\u0131yla son derece net, parlak g\u00f6r\u00fcnt\u00fcler. Projekt\u00f6r\u00fcn y\u00fcksek \u0131\u015f\u0131k \u00e7\u0131k\u0131\u015f\u0131, sunumlar\u0131n her s\u0131n\u0131fta veya toplant\u0131 odas\u0131nda net bir \u015fekilde g\u00f6r\u00fclebilmesini sa\u011flar. \u00dc\u00e7 parlakl\u0131k seviyesi ile projeksiyon, g\u00fcn \u0131\u015f\u0131\u011f\u0131ndan karart\u0131lm\u0131\u015fa kadar her t\u00fcrl\u00fc ayd\u0131nlatma durumuna \u2013 uyarlanabilir.<\/li>\n<li><em>Ayr\u0131nt\u0131l\u0131 sunumlar i\u00e7in WXGA \u00e7\u00f6z\u00fcn\u00fcrl\u00fck<\/em>. WXGA \u00e7\u00f6z\u00fcn\u00fcrl\u00fck (1280 x 800) t\u00fcm ayr\u0131nt\u0131lar\u0131 g\u00f6sterir ve bu nedenle do\u011frudan bir diz\u00fcst\u00fc bilgisayardan veya PC'den yap\u0131lan sunumlar i\u00e7in m\u00fckemmeldir.<\/li>\n<li><em>3LCD BrightEra\u2122 teknolojisi<\/em>. Projekt\u00f6r\u00fcn verimli 3LCD panel sistemi, Sony'nin geli\u015fmi\u015f BrightEra\u2122 teknolojisiyle tamamlan\u0131yor. Aradaki fark hemen anla\u015f\u0131l\u0131r: etkileyici parlakl\u0131k, y\u00fcksek \u00e7\u00f6z\u00fcn\u00fcrl\u00fckl\u00fc g\u00f6r\u00fcnt\u00fcler ve y\u00fcksek panel g\u00fcvenilirli\u011fi.<\/li>\n<li><em>Her uygulama i\u00e7in alt\u0131 g\u00f6r\u00fcnt\u00fc modu<\/em>. Dinamik, Standart, Oyun, Yaz\u0131 Tahtas\u0131, Sinema ve Sunum \u2013 olmak \u00fczere alt\u0131 g\u00f6r\u00fcnt\u00fc modu sayesinde g\u00f6r\u00fcnt\u00fc kalitesi her t\u00fcrl\u00fc kaynak malzeme i\u00e7in optimize edilebilir. G\u00f6r\u00fcnt\u00fc modlar\u0131, projeksiyonu neredeyse t\u00fcm sunum ko\u015fullar\u0131na uyarlamak i\u00e7in \u00fc\u00e7 parlakl\u0131k moduyla (Y\u00fcksek, Orta, D\u00fc\u015f\u00fck) birle\u015ftirilebilir.<\/li>\n<li><em>Kolay veri al\u0131\u015fveri\u015fi i\u00e7in Wi-Fi fonksiyonu<\/em>. \u0130ste\u011fe ba\u011fl\u0131 IFU-WLM3 USB WLAN mod\u00fcl\u00fc, s\u0131n\u0131ftaki PC'ler, ak\u0131ll\u0131 telefonlar ve tabletler gibi di\u011fer cihazlara ba\u011flant\u0131 sa\u011flar.<\/li>\n<li><em>A\u011f \u00fczerinden herhangi bir bilgisayardan sunum<\/em>. Sunumlar kablosuz olarak (iste\u011fe ba\u011fl\u0131 Wi-Fi mod\u00fcl\u00fc ile) veya a\u011fa ba\u011fl\u0131 herhangi bir bilgisayardan LAN kablosu ile kolayca yans\u0131t\u0131labilir. Projekt\u00f6r\u00fcn i\u015flevlerine ve durumuna a\u011fdaki herhangi bir \u00f6\u011fretmen bilgisayar\u0131ndan da eri\u015filebilir ve y\u00f6netilebilir.<\/li>\n<li>G\u00f6r\u00fcnt\u00fcleri do\u011frudan USB \u00fczerinden g\u00f6r\u00fcnt\u00fcleyin. Foto\u011fraflar, g\u00f6r\u00fcnt\u00fcler ve grafikler USB ba\u011flant\u0131 noktas\u0131 \u00fczerinden bilgisayar olmadan da g\u00f6r\u00fcnt\u00fclenebilir.<\/li>\n<li>\u0130\u015fletme maliyetleri \u00fczerinde de olumlu bir etkisi olan daha az bak\u0131m ile art\u0131k kesintisiz olarak daha uzun s\u00fcre e\u011fitim verebilirsiniz. Filtre temizleme d\u00f6ng\u00fcleri lamba de\u011fi\u015fimi ile senkronize edilerek bak\u0131m gereksinimleri daha da azalt\u0131l\u0131r.<\/li>\n<li><em>Tek bir d\u00fc\u011fmeye dokunarak g\u00fc\u00e7 tasarrufu<\/em>. Projekt\u00f6rdeki veya uzaktan kumandadaki ECO MODE d\u00fc\u011fmesi bir dizi enerji tasarrufu ayar\u0131na eri\u015fmenizi sa\u011flar.<\/li>\n<li>Otomatik karartma. Sinyal gelmezse veya \u00f6nceden tan\u0131mlanm\u0131\u015f belirli bir s\u00fcre ge\u00e7erse projekt\u00f6r parlakl\u0131\u011f\u0131 otomatik olarak azalt\u0131labilir. Bu, enerji tasarrufu sa\u011flar ve elektrik faturas\u0131n\u0131 azalt\u0131r.<\/li>\n<li><em>Otomatik parlakl\u0131k ayar\u0131<\/em>. Lazer \u00e7\u0131k\u0131\u015f g\u00fcc\u00fc g\u00f6r\u00fcnt\u00fc i\u00e7eri\u011fine g\u00f6re otomatik olarak ayarlan\u0131r. Bu sayede cihaz d\u00fc\u015f\u00fck \u0131\u015f\u0131kl\u0131 sahnelerde enerji tasarrufu sa\u011flar.<\/li>\n<li><em>G\u00fc\u00e7 tasarrufu sa\u011flayan g\u00f6r\u00fcnt\u00fc karartma<\/em>. Projekt\u00f6r\u00fcn uzaktan kumandas\u0131ndaki bir d\u00fc\u011fmeye dokunarak g\u00f6r\u00fcnt\u00fc hemen kapat\u0131labilir. Bu, enerji t\u00fcketimini 75 % kadar azalt\u0131r. D\u00fc\u011fmeye tekrar bas\u0131ld\u0131ktan sonra projekt\u00f6r, sunuma devam edilebilmesi i\u00e7in g\u00f6r\u00fcnt\u00fcy\u00fc hemen geri a\u00e7ar.<\/li>\n<li><em>H\u0131zl\u0131 ve kolay otomatik giri\u015f alg\u0131lama<\/em>. Projekt\u00f6r do\u011fru ba\u011flant\u0131y\u0131 otomatik olarak tan\u0131yarak kurulumu basitle\u015ftirir ve h\u0131zland\u0131r\u0131r.<\/li>\n<li><em>Basit kurulum<\/em>. \u00d6zelle\u015ftirilebilir optik zoom ve lens kayd\u0131rma \u00f6zelli\u011fi, cihaz\u0131n her s\u0131n\u0131fa h\u0131zl\u0131 ve kolay bir \u015fekilde kurulmas\u0131n\u0131 sa\u011flar. \u00c7ok y\u00f6nl\u00fc ba\u011flant\u0131lar PC'lere, DVD oynat\u0131c\u0131lara, mikrofonlara ve di\u011fer AV cihazlar\u0131na ba\u011flanmay\u0131 kolayla\u015ft\u0131r\u0131r.<\/li>\n<li><em>Entegre g\u00fcvenlik \u00f6nlemleri<\/em>. Projekt\u00f6r, bir PIN kodu ve sa\u011flam g\u00fcvenlik \u00e7ubu\u011fu ile h\u0131rs\u0131zl\u0131\u011fa kar\u015f\u0131 korunur.<\/li>\n<\/ul>\n<h2>Projekt\u00f6rler i\u00e7in optikler<\/h2>\n<p><a href=\"https:\/\/konferenztechnik.de\/wp-content\/uploads\/2013\/08\/sony_objektiv_vpll1008_gross.jpg\"><img loading=\"lazy\" decoding=\"async\" class=\"size-full wp-image-1180\" src=\"https:\/\/konferenztechnik.de\/wp-content\/uploads\/2013\/08\/sony_objektiv_vpll1008_gross.jpg\" alt=\"Sony VPLL1008 lens\" width=\"687\" height=\"627\" title=\"\" srcset=\"https:\/\/konferenztechnik.de\/wp-content\/uploads\/2013\/08\/sony_objektiv_vpll1008_gross.jpg 687w, https:\/\/konferenztechnik.de\/wp-content\/uploads\/2013\/08\/sony_objektiv_vpll1008_gross-300x274.jpg 300w\" sizes=\"(max-width: 687px) 100vw, 687px\" \/><\/a> Sony VPLL1008 lens<\/p>\n<h2>Projekt\u00f6rler i\u00e7in optikler<\/h2>\n<p>Farkl\u0131 optiklerle, profesyonel projekt\u00f6rler neredeyse her mesafeye ve ekran boyutuna uyarlanabilir. Planlamam\u0131za t\u00fcm \u00f6nemli parametreleri dahil ediyor ve uygun optikler ve gerekli aksesuarlar da dahil olmak \u00fczere projekt\u00f6rlerinizin do\u011fru kullan\u0131m\u0131 i\u00e7in size \u00f6neriler sunuyoruz.<\/p>","protected":false},"excerpt":{"rendered":"<p>Projektoren Eine kleine Auswahl an professionellen, leisen und \u00e4u\u00dferst leistungstarken Projektoren. Wenn Sie sich f\u00fcr Beamer interessieren, melden Sie sich einfach bei uns, wir finden das passende Modell, genau auf Ihre Bed\u00fcrfnisse abgestimmt. Panasonic LCD-Projektor PT-EW630U Panasonic LCD-Projektor PT-EW630U Der PT- EW630U LCD-Projektor von Panasonic bietet eine WXGA-Aufl\u00f6sung (1.280 x 800), 5.500 Lumen Helligkeit und [&hellip;]<\/p>","protected":false},"author":1,"featured_media":45482,"parent":1138,"menu_order":230,"comment_status":"closed","ping_status":"open","template":"","meta":{"_acf_changed":false,"footnotes":""},"class_list":["post-1141","page","type-page","status-publish","has-post-thumbnail","hentry"],"acf":[],"_links":{"self":[{"href":"https:\/\/konferenztechnik.de\/tr\/wp-json\/wp\/v2\/pages\/1141","targetHints":{"allow":["GET"]}}],"collection":[{"href":"https:\/\/konferenztechnik.de\/tr\/wp-json\/wp\/v2\/pages"}],"about":[{"href":"https:\/\/konferenztechnik.de\/tr\/wp-json\/wp\/v2\/types\/page"}],"author":[{"embeddable":true,"href":"https:\/\/konferenztechnik.de\/tr\/wp-json\/wp\/v2\/users\/1"}],"replies":[{"embeddable":true,"href":"https:\/\/konferenztechnik.de\/tr\/wp-json\/wp\/v2\/comments?post=1141"}],"version-history":[{"count":0,"href":"https:\/\/konferenztechnik.de\/tr\/wp-json\/wp\/v2\/pages\/1141\/revisions"}],"up":[{"embeddable":true,"href":"https:\/\/konferenztechnik.de\/tr\/wp-json\/wp\/v2\/pages\/1138"}],"wp:featuredmedia":[{"embeddable":true,"href":"https:\/\/konferenztechnik.de\/tr\/wp-json\/wp\/v2\/media\/45482"}],"wp:attachment":[{"href":"https:\/\/konferenztechnik.de\/tr\/wp-json\/wp\/v2\/media?parent=1141"}],"curies":[{"name":"wp","href":"https:\/\/api.w.org\/{rel}","templated":true}]}}