{"id":11576,"date":"2017-09-23T16:32:36","date_gmt":"2017-09-23T14:32:36","guid":{"rendered":"https:\/\/www.konferenztechnik.de\/?page_id=11576"},"modified":"2023-07-21T10:09:37","modified_gmt":"2023-07-21T08:09:37","slug":"konferans-eki%cc%87pmani-ki%cc%87ralama-augsburg","status":"publish","type":"page","link":"https:\/\/konferenztechnik.de\/tr\/konferans-eki%cc%87pmani-ki%cc%87ralama-augsburg\/","title":{"rendered":"Konferans teknolojisi kiralama Augsburg"},"content":{"rendered":"<div data-elementor-type=\"wp-page\" data-elementor-id=\"11576\" class=\"elementor elementor-11576\" data-elementor-post-type=\"page\">\n\t\t\t\t<div data-particle_enable=\"false\" data-particle-mobile-disabled=\"false\" class=\"elementor-element elementor-element-58ff7bd9 e-flex e-con-boxed e-con e-parent\" data-id=\"58ff7bd9\" data-element_type=\"container\">\n\t\t\t\t\t<div class=\"e-con-inner\">\n\t\t\t\t<div class=\"elementor-element elementor-element-35015433 elementor-widget elementor-widget-heading\" data-id=\"35015433\" data-element_type=\"widget\" data-settings=\"{&quot;_animation&quot;:&quot;none&quot;}\" data-widget_type=\"heading.default\">\n\t\t\t\t<div class=\"elementor-widget-container\">\n\t\t\t\t\t<h1 class=\"elementor-heading-title elementor-size-default\">Konferans teknolojisi kiralama Augsburg, Swabia'da video teknolojisi, ses teknolojisi ve sim\u00fcltane teknoloji kiralama<\/h1>\t\t\t\t<\/div>\n\t\t\t\t<\/div>\n\t\t\t\t<div class=\"elementor-element elementor-element-17315957 elementor-widget-widescreen__width-inherit elementor-widget elementor-widget-image\" data-id=\"17315957\" data-element_type=\"widget\" data-widget_type=\"image.default\">\n\t\t\t\t<div class=\"elementor-widget-container\">\n\t\t\t\t\t\t\t\t\t\t\t\t\t\t\t<img fetchpriority=\"high\" decoding=\"async\" width=\"850\" height=\"380\" src=\"https:\/\/konferenztechnik.de\/wp-content\/uploads\/2017\/05\/veranstaltungstechnik-augsburg.jpg\" class=\"attachment-full size-full wp-image-10001\" alt=\"\" srcset=\"https:\/\/konferenztechnik.de\/wp-content\/uploads\/2017\/05\/veranstaltungstechnik-augsburg.jpg 850w, https:\/\/konferenztechnik.de\/wp-content\/uploads\/2017\/05\/veranstaltungstechnik-augsburg-300x134.jpg 300w, https:\/\/konferenztechnik.de\/wp-content\/uploads\/2017\/05\/veranstaltungstechnik-augsburg-768x343.jpg 768w\" sizes=\"(max-width: 850px) 100vw, 850px\" title=\"\">\t\t\t\t\t\t\t\t\t\t\t\t\t\t\t<\/div>\n\t\t\t\t<\/div>\n\t\t<div data-particle_enable=\"false\" data-particle-mobile-disabled=\"false\" class=\"elementor-element elementor-element-a2b1657 e-flex e-con-boxed e-con e-parent\" data-id=\"a2b1657\" data-element_type=\"container\">\n\t\t\t\t\t<div class=\"e-con-inner\">\n\t\t\t\t<div class=\"elementor-element elementor-element-4917fe20 elementor-align-left elementor-widget elementor-widget-button\" data-id=\"4917fe20\" data-element_type=\"widget\" data-widget_type=\"button.default\">\n\t\t\t\t<div class=\"elementor-widget-container\">\n\t\t\t\t\t\t\t\t\t<div class=\"elementor-button-wrapper\">\n\t\t\t\t\t<a class=\"elementor-button elementor-button-link elementor-size-lg\" href=\"#serviceteam\">\n\t\t\t\t\t\t<span class=\"elementor-button-content-wrapper\">\n\t\t\t\t\t\t<span class=\"elementor-button-icon\">\n\t\t\t\t<svg aria-hidden=\"true\" class=\"e-font-icon-svg e-far-arrow-alt-circle-down\" viewbox=\"0 0 512 512\" xmlns=\"http:\/\/www.w3.org\/2000\/svg\"><path d=\"M256 8C119 8 8 119 8 256s111 248 248 248 248-111 248-248S393 8 256 8zm0 448c-110.5 0-200-89.5-200-200S145.5 56 256 56s200 89.5 200 200-89.5 200-200 200zm-32-316v116h-67c-10.7 0-16 12.9-8.5 20.5l99 99c4.7 4.7 12.3 4.7 17 0l99-99c7.6-7.6 2.2-20.5-8.5-20.5h-67V140c0-6.6-5.4-12-12-12h-40c-6.6 0-12 5.4-12 12z\"><\/path><\/svg>\t\t\t<\/span>\n\t\t\t\t\t\t\t\t\t<span class=\"elementor-button-text\">\u015eimdi Sorgula<\/span>\n\t\t\t\t\t<\/span>\n\t\t\t\t\t<\/a>\n\t\t\t\t<\/div>\n\t\t\t\t\t\t\t\t<\/div>\n\t\t\t\t<\/div>\n\t\t\t\t\t<\/div>\n\t\t\t\t<\/div>\n\t\t<div data-particle_enable=\"false\" data-particle-mobile-disabled=\"false\" class=\"elementor-element elementor-element-33aa92d0 e-flex e-con-boxed e-con e-parent\" data-id=\"33aa92d0\" data-element_type=\"container\">\n\t\t\t\t\t<div class=\"e-con-inner\">\n\t\t\t\t<div class=\"elementor-element elementor-element-87be774 elementor-widget__width-inherit smart-post-list-4-col elementor-hidden-mobile elementor-widget elementor-widget-eael-post-list\" data-id=\"87be774\" data-element_type=\"widget\" data-settings=\"{&quot;_animation&quot;:&quot;none&quot;}\" data-widget_type=\"eael-post-list.default\">\n\t\t\t\t<div class=\"elementor-widget-container\">\n\t\t\t\t\t<div class=\"eael-post-list-container advanced layout-advanced\"><div class=\"eael-post-list-wrap\"><div class=\"eael-post-list-posts-wrap eael-post-appender eael-post-appender-87be774\"><div class=\"eael-post-list-post\"><div class=\"eael-post-list-post-inner\"><div class=\"eael-post-list-thumbnail\"><a href=\"https:\/\/konferenztechnik.de\/tr\/ki%cc%87si%cc%87sel-yoenlendi%cc%87rme-si%cc%87stemleri%cc%87-ki%cc%87rala-satin-al-kur\/\">\n                <img decoding=\"async\" src=\"https:\/\/konferenztechnik.de\/wp-content\/uploads\/2023\/07\/personenfuehrungsanlage-mieten-kaufen-jpg.webp\" alt=\"Bir adam mikrofona konu\u015fuyor, seyirci tur s\u0131ras\u0131nda tur rehberi sistemi ile dinliyor. PCS&#039;den tur rehberi sistemleri kiralay\u0131n, sat\u0131n al\u0131n veya kiralay\u0131n.\" title=\"\">\n            <\/a><\/div><div class=\"eael-post-list-content\"><h3 class=\"eael-post-list-title\"><a href=\"https:\/\/konferenztechnik.de\/tr\/ki%cc%87si%cc%87sel-yoenlendi%cc%87rme-si%cc%87stemleri%cc%87-ki%cc%87rala-satin-al-kur\/\" >Yolcu y\u00f6nlendirme sistemleri<\/a><\/h3><p>Tur rehberi sistemleri, rehber sistemleri, f\u0131s\u0131lt\u0131 sistemleri veya PFA'lar, kulakl\u0131klar, mikrofonlar, \u015farj \u00fcniteleri, ta\u015f\u0131ma \u00e7antalar\u0131, aksesuarlar<\/p><a href=\"https:\/\/konferenztechnik.de\/tr\/ki%cc%87si%cc%87sel-yoenlendi%cc%87rme-si%cc%87stemleri%cc%87-ki%cc%87rala-satin-al-kur\/\" class=\"eael-post-elements-readmore-btn\" >\u203a daha fazla<\/a><div class=\"boxed-meta\"><\/div><\/div><\/div><\/div><div class=\"eael-post-list-post\"><div class=\"eael-post-list-post-inner\"><div class=\"eael-post-list-thumbnail\"><a href=\"https:\/\/konferenztechnik.de\/tr\/konferans-alicisi-kulaklik-alicisi\/\">\n                <img decoding=\"async\" src=\"https:\/\/konferenztechnik.de\/wp-content\/uploads\/2023\/06\/kopfhoerer-empfaenger-jpg.webp\" alt=\"Yorumlanan dilleri dinlemek i\u00e7in kulakl\u0131klarla birlikte bir konferans masas\u0131na yerle\u015ftirilmi\u015f iki konferans al\u0131c\u0131s\u0131\" title=\"\">\n            <\/a><\/div><div class=\"eael-post-list-content\"><h3 class=\"eael-post-list-title\"><a href=\"https:\/\/konferenztechnik.de\/tr\/konferans-alicisi-kulaklik-alicisi\/\" >Konferans al\u0131c\u0131s\u0131, kulakl\u0131k al\u0131c\u0131s\u0131<\/a><\/h3><p>Konferans al\u0131c\u0131s\u0131 kiralama: Sim\u00fcltane \u00e7evirili konferanslar i\u00e7in al\u0131c\u0131lar ve kulakl\u0131klar<\/p><a href=\"https:\/\/konferenztechnik.de\/tr\/konferans-alicisi-kulaklik-alicisi\/\" class=\"eael-post-elements-readmore-btn\" >\u203a daha fazla<\/a><div class=\"boxed-meta\"><\/div><\/div><\/div><\/div><div class=\"eael-post-list-post\"><div class=\"eael-post-list-post-inner\"><div class=\"eael-post-list-thumbnail\"><a href=\"https:\/\/konferenztechnik.de\/tr\/goeruesme-sistemleri-interkom-istasyonlari-kiralayin-satin-alin-kurun-kiraya-verin\/\">\n                <img decoding=\"async\" src=\"https:\/\/konferenztechnik.de\/wp-content\/uploads\/2023\/06\/diskussionsanlage-sprechstellen-tischmikrofone.jpg\" alt=\"Bir konferans masas\u0131n\u0131n etraf\u0131na da\u011f\u0131t\u0131lm\u0131\u015f, deveboynu mikrofonlara sahip masa mikrofonu \u00fcniteleri\" title=\"\">\n            <\/a><\/div><div class=\"eael-post-list-content\"><h3 class=\"eael-post-list-title\"><a href=\"https:\/\/konferenztechnik.de\/tr\/goeruesme-sistemleri-interkom-istasyonlari-kiralayin-satin-alin-kurun-kiraya-verin\/\" >\u2013 g\u00f6r\u00fc\u015fme sistemleri, interkom istasyonlar\u0131 kiralay\u0131n, sat\u0131n al\u0131n, kurun, kiraya verin<\/a><\/h3><p>\u2013 g\u00f6r\u00fc\u015fme sistemleri, interkom istasyonlar\u0131 kiralay\u0131n, sat\u0131n al\u0131n, kurun, kiraya verin<\/p><a href=\"https:\/\/konferenztechnik.de\/tr\/goeruesme-sistemleri-interkom-istasyonlari-kiralayin-satin-alin-kurun-kiraya-verin\/\" class=\"eael-post-elements-readmore-btn\" >\u203a daha fazla<\/a><div class=\"boxed-meta\"><\/div><\/div><\/div><\/div><div class=\"eael-post-list-post\"><div class=\"eael-post-list-post-inner\"><div class=\"eael-post-list-thumbnail\"><a href=\"https:\/\/konferenztechnik.de\/tr\/tercueman-stantlari-ve-konusmaci-stantlari\/\">\n                <img decoding=\"async\" src=\"https:\/\/konferenztechnik.de\/wp-content\/uploads\/2022\/06\/dolmetscherkabine-sprecherkabine-mieten-kaufen-leasen-jpg.webp\" alt=\"\u0130ki simultane terc\u00fcman i\u00e7in s\u00f6zl\u00fc terc\u00fcme kabini\" title=\"\">\n            <\/a><\/div><div class=\"eael-post-list-content\"><h3 class=\"eael-post-list-title\"><a href=\"https:\/\/konferenztechnik.de\/tr\/tercueman-stantlari-ve-konusmaci-stantlari\/\" >Terc\u00fcman kabinleri ve konu\u015fmac\u0131 kabinleri<\/a><\/h3><p>S\u00f6zl\u00fc terc\u00fcme kabini, simultane terc\u00fcmanlar\u0131n \u00e7al\u0131\u015fma yeridir<\/p><a href=\"https:\/\/konferenztechnik.de\/tr\/tercueman-stantlari-ve-konusmaci-stantlari\/\" class=\"eael-post-elements-readmore-btn\" >\u203a daha fazla<\/a><div class=\"boxed-meta\"><\/div><\/div><\/div><\/div><div class=\"eael-post-list-post\"><div class=\"eael-post-list-post-inner\"><div class=\"eael-post-list-thumbnail\"><a href=\"https:\/\/konferenztechnik.de\/tr\/tercueman-masalari\/\">\n                <img decoding=\"async\" src=\"https:\/\/konferenztechnik.de\/wp-content\/uploads\/2022\/06\/dolmetscherpulte-mieten-kaufen-leasen-jpg.webp\" alt=\"Televizyon terc\u00fcmanl\u0131\u011f\u0131 masas\u0131\" title=\"\">\n            <\/a><\/div><div class=\"eael-post-list-content\"><h3 class=\"eael-post-list-title\"><a href=\"https:\/\/konferenztechnik.de\/tr\/tercueman-masalari\/\" >Terc\u00fcme masalar\u0131<\/a><\/h3><p>Bir s\u00f6zl\u00fc \u00e7eviri kabininin temel donan\u0131m\u0131 bir s\u00f6zl\u00fc \u00e7eviri masas\u0131 i\u00e7erir.<\/p><a href=\"https:\/\/konferenztechnik.de\/tr\/tercueman-masalari\/\" class=\"eael-post-elements-readmore-btn\" >\u203a daha fazla<\/a><div class=\"boxed-meta\"><\/div><\/div><\/div><\/div><\/div><\/div>\n\t\t<\/div>\t\t\t\t<\/div>\n\t\t\t\t<\/div>\n\t\t\t\t\t<\/div>\n\t\t\t\t<\/div>\n\t\t\t\t\t<\/div>\n\t\t\t\t<\/div>\n\t\t<div data-particle_enable=\"false\" data-particle-mobile-disabled=\"false\" class=\"elementor-element elementor-element-20a4b2f4 e-flex e-con-boxed e-con e-parent\" data-id=\"20a4b2f4\" data-element_type=\"container\">\n\t\t\t\t\t<div class=\"e-con-inner\">\n\t\t\t\t<div class=\"elementor-element elementor-element-48bf961b elementor-widget elementor-widget-image\" data-id=\"48bf961b\" data-element_type=\"widget\" data-widget_type=\"image.default\">\n\t\t\t\t<div class=\"elementor-widget-container\">\n\t\t\t\t\t\t\t\t\t\t\t\t\t\t\t<img decoding=\"async\" width=\"1200\" height=\"450\" src=\"https:\/\/konferenztechnik.de\/wp-content\/uploads\/2016\/10\/events-fullservice.jpg\" class=\"attachment-full size-full wp-image-8489\" alt=\"events-fullservice\" srcset=\"https:\/\/konferenztechnik.de\/wp-content\/uploads\/2016\/10\/events-fullservice.jpg 1200w, https:\/\/konferenztechnik.de\/wp-content\/uploads\/2016\/10\/events-fullservice-300x113.jpg 300w, https:\/\/konferenztechnik.de\/wp-content\/uploads\/2016\/10\/events-fullservice-1024x384.jpg 1024w, https:\/\/konferenztechnik.de\/wp-content\/uploads\/2016\/10\/events-fullservice-768x288.jpg 768w\" sizes=\"(max-width: 1200px) 100vw, 1200px\" title=\"\">\t\t\t\t\t\t\t\t\t\t\t\t\t\t\t<\/div>\n\t\t\t\t<\/div>\n\t\t\t\t<div class=\"elementor-element elementor-element-11c4111e elementor-widget__width-initial elementor-widget elementor-widget-text-editor\" data-id=\"11c4111e\" data-element_type=\"widget\" data-widget_type=\"text-editor.default\">\n\t\t\t\t<div class=\"elementor-widget-container\">\n\t\t\t\t\t\t\t\t\t<p>\u015eirket turlar\u0131 ve \u015fehir turlar\u0131 i\u00e7in rehberlik sistemleri ve tur rehberi sistemleri, terc\u00fcman kabinleri, masa mikrofon \u00fcniteleri ve \u00e7ok dilli kongreler i\u00e7in konferans al\u0131c\u0131lar\u0131 ve her t\u00fcrden k\u00fc\u00e7\u00fck ve b\u00fcy\u00fck etkinlikler i\u00e7in en son AV medya teknolojisi: PCS, Augsburg ve Bavyera'n\u0131n Swabia idari b\u00f6lgesine ses, g\u00f6r\u00fcnt\u00fc ve e\u015fzamanl\u0131 teknoloji \u2013, yani en geni\u015f anlamda konferans teknolojisi sa\u011fl\u0131yor. PCS'nin Augsburg'daki konferans teknolojisi sistemleri Messe Augsburg'un konferans merkezinde, Schwabenhalle'de ve Kongress am Park kongre merkezinde ve di\u011ferlerinde kullan\u0131lmaktad\u0131r. PCS ayr\u0131ca Augsburg'un konferans otellerine do\u011frudan projekt\u00f6rler, ekranlar, ses sistemleri, TED oylama sistemleri ve kiral\u0131k di\u011fer konferans teknolojisi sistemlerini tedarik etmektedir.<\/p>\t\t\t\t\t\t\t\t<\/div>\n\t\t\t\t<\/div>\n\t\t\t\t<div class=\"elementor-element elementor-element-21a3d57b elementor-widget__width-initial elementor-widget elementor-widget-heading\" data-id=\"21a3d57b\" data-element_type=\"widget\" data-settings=\"{&quot;_animation&quot;:&quot;none&quot;}\" data-widget_type=\"heading.default\">\n\t\t\t\t<div class=\"elementor-widget-container\">\n\t\t\t\t\t<h2 class=\"elementor-heading-title elementor-size-default\">Sekt\u00f6rdeki 20 y\u0131ll\u0131k deneyime dayal\u0131 teknik dan\u0131\u015fmanl\u0131k<\/h2>\t\t\t\t<\/div>\n\t\t\t\t<\/div>\n\t\t\t\t<div class=\"elementor-element elementor-element-6ae27ef0 elementor-widget__width-inherit elementor-widget elementor-widget-text-editor\" data-id=\"6ae27ef0\" data-element_type=\"widget\" data-widget_type=\"text-editor.default\">\n\t\t\t\t<div class=\"elementor-widget-container\">\n\t\t\t\t\t\t\t\t\t<p>Augsburg \u015firketleri ve etkinlik organizat\u00f6rleri i\u00e7in konferans teknolojisi sistemlerini sat\u0131n alman\u0131n m\u0131 yoksa kiralaman\u0131n m\u0131 daha iyi bir uzun vadeli \u00e7\u00f6z\u00fcm oldu\u011fu, di\u011fer \u015feylerin yan\u0131 s\u0131ra, bir \u015firketteki teknik kapasitelerin ne kadar y\u00fcksek oldu\u011funa ve belirli sistemlerin ne s\u0131kl\u0131kla kullan\u0131ld\u0131\u011f\u0131na ba\u011fl\u0131d\u0131r. <br \/><br \/>Augsburg ve \u00e7evresindeki etkinlik organizat\u00f6rleri ve \u015firketler i\u00e7in simultane ve AV medya teknolojisinin kiralanmas\u0131, \u00f6zellikle kiralama kapsaml\u0131 bir dan\u0131\u015fmanl\u0131k ve di\u011fer hizmetler yelpazesiyle el ele gitti\u011fi i\u00e7in belirli avantajlar da sunmaktad\u0131r. PCS teknisyenleri, sekt\u00f6rdeki 20 y\u0131l\u0131 a\u015fk\u0131n deneyimlerine dayanarak, konferans teknolojisinin olas\u0131 her uygulamas\u0131 i\u00e7in profesyonel teknik tavsiyeler sunmaktad\u0131r. Etkinliklerin \u00f6nceden planlanmas\u0131 i\u00e7in aktif destek de mevcuttur. <br \/><br \/>Augsburg ve \u00e7evresinde, PCS \u00e7al\u0131\u015fanlar\u0131 sistemleri sahada kurar, ayarlar ve gerekirse etkinlik s\u0131ras\u0131nda \u2013'ye teknik destek sa\u011flar. Elbette PCS, sistemlerin s\u00f6k\u00fclmesi ve kald\u0131r\u0131lmas\u0131yla da ilgileniyor.<\/p>\t\t\t\t\t\t\t\t<\/div>\n\t\t\t\t<\/div>\n\t\t\t\t<div class=\"elementor-element elementor-element-48dab017 elementor-widget elementor-widget-image\" data-id=\"48dab017\" data-element_type=\"widget\" data-widget_type=\"image.default\">\n\t\t\t\t<div class=\"elementor-widget-container\">\n\t\t\t\t\t\t\t\t\t\t\t\t\t\t\t<img decoding=\"async\" width=\"1200\" height=\"450\" src=\"https:\/\/konferenztechnik.de\/wp-content\/uploads\/2016\/10\/events-berlin.jpg\" class=\"attachment-full size-full wp-image-8486\" alt=\"\" srcset=\"https:\/\/konferenztechnik.de\/wp-content\/uploads\/2016\/10\/events-berlin.jpg 1200w, https:\/\/konferenztechnik.de\/wp-content\/uploads\/2016\/10\/events-berlin-300x113.jpg 300w, https:\/\/konferenztechnik.de\/wp-content\/uploads\/2016\/10\/events-berlin-1024x384.jpg 1024w, https:\/\/konferenztechnik.de\/wp-content\/uploads\/2016\/10\/events-berlin-768x288.jpg 768w\" sizes=\"(max-width: 1200px) 100vw, 1200px\" title=\"\">\t\t\t\t\t\t\t\t\t\t\t\t\t\t\t<\/div>\n\t\t\t\t<\/div>\n\t\t<div data-particle_enable=\"false\" data-particle-mobile-disabled=\"false\" class=\"elementor-element elementor-element-5a8780f7 e-flex e-con-boxed e-con e-parent\" data-id=\"5a8780f7\" data-element_type=\"container\">\n\t\t\t\t\t<div class=\"e-con-inner\">\n\t\t\t\t<div class=\"elementor-element elementor-element-75fccdcf elementor-align-left elementor-widget elementor-widget-button\" data-id=\"75fccdcf\" data-element_type=\"widget\" data-widget_type=\"button.default\">\n\t\t\t\t<div class=\"elementor-widget-container\">\n\t\t\t\t\t\t\t\t\t<div class=\"elementor-button-wrapper\">\n\t\t\t\t\t<a class=\"elementor-button elementor-button-link elementor-size-lg\" href=\"#serviceteam\">\n\t\t\t\t\t\t<span class=\"elementor-button-content-wrapper\">\n\t\t\t\t\t\t<span class=\"elementor-button-icon\">\n\t\t\t\t<svg aria-hidden=\"true\" class=\"e-font-icon-svg e-far-arrow-alt-circle-down\" viewbox=\"0 0 512 512\" xmlns=\"http:\/\/www.w3.org\/2000\/svg\"><path d=\"M256 8C119 8 8 119 8 256s111 248 248 248 248-111 248-248S393 8 256 8zm0 448c-110.5 0-200-89.5-200-200S145.5 56 256 56s200 89.5 200 200-89.5 200-200 200zm-32-316v116h-67c-10.7 0-16 12.9-8.5 20.5l99 99c4.7 4.7 12.3 4.7 17 0l99-99c7.6-7.6 2.2-20.5-8.5-20.5h-67V140c0-6.6-5.4-12-12-12h-40c-6.6 0-12 5.4-12 12z\"><\/path><\/svg>\t\t\t<\/span>\n\t\t\t\t\t\t\t\t\t<span class=\"elementor-button-text\">\u015eimdi Sorgula<\/span>\n\t\t\t\t\t<\/span>\n\t\t\t\t\t<\/a>\n\t\t\t\t<\/div>\n\t\t\t\t\t\t\t\t<\/div>\n\t\t\t\t<\/div>\n\t\t\t\t\t<\/div>\n\t\t\t\t<\/div>\n\t\t\t\t<div class=\"elementor-element elementor-element-1b8fedd3 elementor-widget__width-initial elementor-widget elementor-widget-heading\" data-id=\"1b8fedd3\" data-element_type=\"widget\" data-settings=\"{&quot;_animation&quot;:&quot;none&quot;}\" data-widget_type=\"heading.default\">\n\t\t\t\t<div class=\"elementor-widget-container\">\n\t\t\t\t\t<h2 class=\"elementor-heading-title elementor-size-default\">Konferans teknolojisi sistemleri y\u00fczde 100 test edildi<\/h2>\t\t\t\t<\/div>\n\t\t\t\t<\/div>\n\t\t\t\t<div class=\"elementor-element elementor-element-1090f510 elementor-widget__width-inherit elementor-widget elementor-widget-text-editor\" data-id=\"1090f510\" data-element_type=\"widget\" data-widget_type=\"text-editor.default\">\n\t\t\t\t<div class=\"elementor-widget-container\">\n\t\t\t\t\t\t\t\t\t<p>Augsburg ve Swabia idari b\u00f6lgesinde PCS'den konferans teknolojisi sistemleri kiralayan herkes, elbette her zaman i\u015flevsellik a\u00e7\u0131s\u0131ndan y\u00fczde 100 test edilmi\u015f, profesyonel olarak bak\u0131m\u0131 yap\u0131lm\u0131\u015f, tamamen \u00e7al\u0131\u015f\u0131r durumda ve son teknoloji \u00fcr\u00fcn\u00fc sistemler alacakt\u0131r. Konferans teknolojisini kiralaman\u0131n bir di\u011fer avantaj\u0131 da PCS'nin en son trendlere ve m\u00fc\u015fteri gereksinimlerine h\u0131zla tepki vermesidir. \u00d6rne\u011fin, tart\u0131\u015fma sistemleri, delege mikrofon \u00fcniteleri veya mikrofon zincirleri olarak da bilinen \u2013 mikrofon \u00fcniteleri, \u2013 kablosuz sistemler \u00e7ok y\u00f6nl\u00fcl\u00fckleri nedeniyle giderek daha pop\u00fcler hale gelmektedir. PCS teknisyenleri, Bosch Dicentis \u2013 gibi kablosuz sistemlerin nerede sorunsuz kullan\u0131labilece\u011fini ve nerede kablolu \u00e7\u00f6z\u00fcmlere g\u00fcvenmenin daha iyi olaca\u011f\u0131n\u0131 nispeten h\u0131zl\u0131 bir \u015fekilde a\u00e7\u0131kl\u0131\u011fa kavu\u015fturabilir. PCS, M\u00fcnih \u015fubesinden Augsburg ve Bavyera'n\u0131n Swabia idari b\u00f6lgesine hizmet vermektedir. Bizimle e-posta yoluyla ileti\u015fime ge\u00e7erseniz, bir saat i\u00e7inde yan\u0131t verece\u011fiz. Aksi takdirde, 24 saat hizmet veren telefon hatt\u0131m\u0131z \u00fczerinden de bizimle ileti\u015fime ge\u00e7ebilirsiniz!<\/p>\t\t\t\t\t\t\t\t<\/div>\n\t\t\t\t<\/div>\n\t\t\t\t\t<\/div>\n\t\t\t\t<\/div>\n\t\t<div data-particle_enable=\"false\" data-particle-mobile-disabled=\"false\" class=\"elementor-element elementor-element-3d623838 e-flex e-con-boxed e-con e-parent\" data-id=\"3d623838\" data-element_type=\"container\">\n\t\t\t\t\t<div class=\"e-con-inner\">\n\t\t\t\t<div class=\"elementor-element elementor-element-d298053 elementor-widget elementor-widget-shortcode\" data-id=\"d298053\" data-element_type=\"widget\" data-widget_type=\"shortcode.default\">\n\t\t\t\t<div class=\"elementor-widget-container\">\n\t\t\t\t\t\t\t<div class=\"elementor-shortcode\"><\/div>\n\t\t\t\t\t\t<\/div>\n\t\t\t\t<\/div>\n\t\t\t\t\t<\/div>\n\t\t\t\t<\/div>\n\t\t\t\t<\/div>","protected":false},"excerpt":{"rendered":"<p>Konferenztechnik mieten Augsburg, Verleih von Videotechnik, Audiotechnik und Simultantechnik in Schwaben Jetzt anfragen Diskussionsanlagen, Sprechstellen \u2013 mieten, kaufen, installieren, leasen Diskussionsanlagen, Sprechstellen \u2013 mieten, kaufen, installieren, leasen \u203a mehr Dolmetschkabinen und Sprecherkabinen Die Dolmetschkabine ist der Arbeitsplatz der Simultandolmetscher*innen \u203a mehr Dolmetschpulte Zur Grundausr\u00fcstung einer Dolmetscherkabine geh\u00f6rt ein Dolmetschpult. \u203a mehr Konferenzempf\u00e4nger, Kopfh\u00f6rerempf\u00e4nger Konferenzempf\u00e4nger mieten: [&hellip;]<\/p>","protected":false},"author":1,"featured_media":45482,"parent":0,"menu_order":0,"comment_status":"closed","ping_status":"closed","template":"","meta":{"_acf_changed":false,"footnotes":""},"class_list":["post-11576","page","type-page","status-publish","has-post-thumbnail","hentry"],"acf":[],"_links":{"self":[{"href":"https:\/\/konferenztechnik.de\/tr\/wp-json\/wp\/v2\/pages\/11576","targetHints":{"allow":["GET"]}}],"collection":[{"href":"https:\/\/konferenztechnik.de\/tr\/wp-json\/wp\/v2\/pages"}],"about":[{"href":"https:\/\/konferenztechnik.de\/tr\/wp-json\/wp\/v2\/types\/page"}],"author":[{"embeddable":true,"href":"https:\/\/konferenztechnik.de\/tr\/wp-json\/wp\/v2\/users\/1"}],"replies":[{"embeddable":true,"href":"https:\/\/konferenztechnik.de\/tr\/wp-json\/wp\/v2\/comments?post=11576"}],"version-history":[{"count":0,"href":"https:\/\/konferenztechnik.de\/tr\/wp-json\/wp\/v2\/pages\/11576\/revisions"}],"wp:featuredmedia":[{"embeddable":true,"href":"https:\/\/konferenztechnik.de\/tr\/wp-json\/wp\/v2\/media\/45482"}],"wp:attachment":[{"href":"https:\/\/konferenztechnik.de\/tr\/wp-json\/wp\/v2\/media?parent=11576"}],"curies":[{"name":"wp","href":"https:\/\/api.w.org\/{rel}","templated":true}]}}