{"id":12,"date":"2013-06-25T11:07:51","date_gmt":"2013-06-25T09:07:51","guid":{"rendered":"https:\/\/pcs-miete.de\/?page_id=12"},"modified":"2023-09-01T13:04:29","modified_gmt":"2023-09-01T11:04:29","slug":"hakkimizda-2","status":"publish","type":"page","link":"https:\/\/konferenztechnik.de\/tr\/hakkimizda-2\/","title":{"rendered":"Hakk\u0131m\u0131zda"},"content":{"rendered":"<h1>Hakk\u0131m\u0131zda<\/h1>\n<p>[rev_slider overuns]<br \/>\n[spacer size=\"20\u2033]<\/p>\n<p>[column size=\"1-2\u2033 last=\"0\u2033]<\/p>\n<p>PCS 1995 y\u0131l\u0131ndan bu yana d\u00fcnyan\u0131n d\u00f6rt bir yan\u0131nda konferans ve toplant\u0131lar d\u00fczenlemektedir. S\u00f6zl\u00fc \u00e7eviri ekipman\u0131 ve konferans teknolojisinin kiralanmas\u0131, sat\u0131n al\u0131nmas\u0131 ve desteklenmesi i\u00e7in muhatab\u0131n\u0131z biziz.<\/p>\n<p>En tan\u0131nm\u0131\u015f terc\u00fcmanlarla \u00e7al\u0131\u015f\u0131yor ve zorlu durumlarda bile g\u00fcvenilir, y\u00fcksek kaliteli \u00e7eviriler sa\u011fl\u0131yoruz.<\/p>\n<p>Kendimizi t\u00fcm kalbimizle kongrelerin \u00f6zel atmosferine adad\u0131k ve o zamandan beri m\u00fc\u015fterilerimizi tam ba\u011fl\u0131l\u0131k ve uzun y\u0131llara dayanan deneyimimizle destekliyoruz. 2006 y\u0131l\u0131nda PCS, ticari faaliyetlerini sabit kurulumlar\u0131 ve s\u00f6zl\u00fc \u00e7eviri teknolojisi, tart\u0131\u015fma sistemleri, konferans ve medya teknolojisi sat\u0131\u015f\u0131n\u0131 i\u00e7erecek \u015fekilde geni\u015fletti.<\/p>\n<p>[\/column]<\/p>\n<p>[column size=\"1-2\u2033 last=\"1\u2033]<\/p>\n<p>Ekibimiz a\u011f\u0131rl\u0131kl\u0131 olarak ses\/video end\u00fcstrisinin \u00e7e\u015fitli dallar\u0131ndan daimi olarak istihdam edilen uzmanlardan olu\u015fmaktad\u0131r: m\u00fchendisler, usta etkinlik teknisyenleri, usta elektrik\u00e7iler, programc\u0131lar ve etkinlik teknisyenleri. Size g\u00fcvenilir planlama, profesyonel \u00e7\u00f6z\u00fcmler ve titiz sipari\u015f kar\u015f\u0131lama sunuyoruz. Kapsaml\u0131 at\u00f6lye ekipman\u0131m\u0131z ve uygun \u015fekilde e\u011fitilmi\u015f bak\u0131m personelimizle size uzun vadeli destek sa\u011fl\u0131yoruz.<\/p>\n<p>M\u00fc\u015fterilerimizin ihtiya\u00e7lar\u0131n\u0131 her zaman m\u00fcmk\u00fcn olan en iyi \u015fekilde kar\u015f\u0131lamaya \u00e7al\u0131\u015f\u0131yoruz. M\u00fc\u015fterilerimiz, tedarik\u00e7ilerimiz ve \u00e7al\u0131\u015fanlar\u0131m\u0131zla adil ve i\u015fbirli\u011fine dayal\u0131 ili\u015fkilerimiz, ba\u015far\u0131l\u0131 projenizin garantisi ve uzun vadeli ba\u015far\u0131m\u0131z\u0131n stratejik temelidir.<\/p>\n<p>[\/column]<\/p>\n<p><img decoding=\"async\" src=\"https:\/\/konferenztechnik.de\/wp-content\/uploads\/2018\/01\/poster-pcs.png\" alt=\"pcs-poster\" class=\"alignnone size-full wp-image-8180\" title=\"\"><\/p>\n<div class=\"weiterlinks\">\n<h2>Di\u011fer ba\u011flant\u0131lar<\/h2>\n<ul>\n[list icon=\"moon-arrow-right-2\u2033 color=\"#a62055\u2033] <a title=\"PCS i\u00e7in 10 iyi neden\" href=\"\/tr\/hakkimizda-2\/pcler-icin-10-iyi-neden\/\">PCS i\u00e7in 10 iyi neden<\/a>[\/list]<br \/>\n[list icon=\"moon-arrow-right-2\u2033 color=\"#a62055\u2033] <a title=\"\u0130zin Verme\" href=\"\/tr\/konferans-eki%cc%87pmani-ki%cc%87ralama\/\">Konferans teknolojisi kiralama<\/a>[\/list]<br \/>\n[list icon=\"moon-arrow-right-2\u2033 color=\"#a62055\u2033] <a title=\"Kurulum\" href=\"\/tr\/konferans-teknolojisi-ve-medya-sistemlerinin-kurulumu-ve-entegrasyonu\/\">Konferans teknolojisi ve medya sistemlerinin kurulumu ve entegrasyonu<\/a>[\/list]<br \/>\n[list icon=\"moon-arrow-right-2\u2033 color=\"#a62055\u2033] <a title=\"Konferans teknolojisi sat\u0131\u015flar\u0131\" href=\"\/tr\/satis-konferansi-teknoloji%cc%87si%cc%87\/\">Konferans teknolojisinin da\u011f\u0131t\u0131m\u0131<\/a>[\/list]<br \/>\n[list icon=\"moon-arrow-right-2\u2033 color=\"#a62055\u2033] <a title=\"Destek Etkinlikleri\" href=\"\/tr\/cok-dilli-etkinlikler-icin-destek\/\">Etkinlik deste\u011fi<\/a>[\/list]<br \/>\n[list icon=\"moon-arrow-right-2\u2033 color=\"#a62055\u2033] <a title=\"\u00d6zelle\u015ftirilmi\u015f \u00fcr\u00fcnler, bak\u0131m ve onar\u0131mlar\" href=\"\/tr\/hizmetler-2\/bakim-ve-onarim\/\">\u00d6zelle\u015ftirilmi\u015f \u00fcr\u00fcnler, bak\u0131m ve onar\u0131mlar<\/a>[\/list]<br \/>\n[list icon=\"moon-arrow-right-2\u2033 color=\"#a62055\u2033] <a title=\"Terc\u00fcmanlar i\u00e7in e\u011fitim ve hizmetler\" href=\"\/tr\/tercuemanlara-yoenelik-egitim-kurslari-ve-hizmetler\/\">Terc\u00fcmanlar i\u00e7in e\u011fitim ve hizmetler<\/a>[\/list]<\/ul>\n<\/div>","protected":false},"excerpt":{"rendered":"<p>Wir \u00fcber uns [rev_slider ueberuns] [spacer size=&#8220;20&#8243;] [column size=&#8220;1-2&#8243; last=&#8220;0&#8243;] PCS betreut seit 1995 Konferenzen und Tagungen in aller Welt. Wir sind Ansprechpartner f\u00fcr die Miete, den Kauf und die Betreuung von Dolmetscheranlagen und Konferenztechnik. Wir arbeiten mit den renommiertesten Dolmetscherinnen und Dolmetschern zusammen und sorgen auch in anspruchsvollen Situationen f\u00fcr eine sichere und hochwertige [&hellip;]<\/p>","protected":false},"author":1,"featured_media":45482,"parent":0,"menu_order":256,"comment_status":"closed","ping_status":"open","template":"","meta":{"_acf_changed":false,"footnotes":""},"class_list":["post-12","page","type-page","status-publish","has-post-thumbnail","hentry"],"acf":[],"_links":{"self":[{"href":"https:\/\/konferenztechnik.de\/tr\/wp-json\/wp\/v2\/pages\/12","targetHints":{"allow":["GET"]}}],"collection":[{"href":"https:\/\/konferenztechnik.de\/tr\/wp-json\/wp\/v2\/pages"}],"about":[{"href":"https:\/\/konferenztechnik.de\/tr\/wp-json\/wp\/v2\/types\/page"}],"author":[{"embeddable":true,"href":"https:\/\/konferenztechnik.de\/tr\/wp-json\/wp\/v2\/users\/1"}],"replies":[{"embeddable":true,"href":"https:\/\/konferenztechnik.de\/tr\/wp-json\/wp\/v2\/comments?post=12"}],"version-history":[{"count":0,"href":"https:\/\/konferenztechnik.de\/tr\/wp-json\/wp\/v2\/pages\/12\/revisions"}],"wp:featuredmedia":[{"embeddable":true,"href":"https:\/\/konferenztechnik.de\/tr\/wp-json\/wp\/v2\/media\/45482"}],"wp:attachment":[{"href":"https:\/\/konferenztechnik.de\/tr\/wp-json\/wp\/v2\/media?parent=12"}],"curies":[{"name":"wp","href":"https:\/\/api.w.org\/{rel}","templated":true}]}}