{"id":1221,"date":"2013-08-23T10:31:53","date_gmt":"2013-08-23T08:31:53","guid":{"rendered":"https:\/\/pcs-miete.de\/?page_id=1221"},"modified":"2023-07-05T14:30:41","modified_gmt":"2023-07-05T12:30:41","slug":"ekranlar-ve-projektoerler-icin-montaj-aparatlari","status":"publish","type":"page","link":"https:\/\/konferenztechnik.de\/tr\/konferans-ve-av-medya-teknoloji%cc%87si%cc%87ni%cc%87n-dagitimi\/vi%cc%87deo-teknoloji%cc%87si%cc%87\/ekranlar-ve-projektoerler-icin-montaj-aparatlari\/","title":{"rendered":"Ekranlar ve projekt\u00f6rler i\u00e7in montaj aparatlar\u0131"},"content":{"rendered":"<h1>Ekranlar ve projekt\u00f6rler i\u00e7in montaj aparatlar\u0131<\/h1>\n<p>\u00dcr\u00fcn yelpazemizde \u00e7ok \u00e7e\u015fitli uygulamalar i\u00e7in montaj aparatlar\u0131 bulacaks\u0131n\u0131z: \u0130ster tablet (\u00f6rn. iPad), ister ekran projekt\u00f6r\u00fc veya video duvar\u0131 olsun, zemine yerle\u015ftirilebilir, tavana as\u0131labilir veya duvara tutturulabilir.<\/p>\n<p>Braket se\u00e7eneklerimizin sizi ikna etmesine izin verin ve se\u00e7iminizle ilgili yard\u0131ma ihtiyac\u0131n\u0131z olursa bizimle ileti\u015fime ge\u00e7in. Ayr\u0131ca \u00f6zel \u00e7\u00f6z\u00fcmler ve \u00f6zelle\u015ftirilmi\u015f \u00fcr\u00fcnler de sunuyoruz. Servis ekibimizle konu\u015fun. Araman\u0131z\u0131 d\u00f6rt g\u00f6zle bekliyoruz.<\/p>\n<h4>Duvar braketleri<\/h4>\n<p><a href=\"\/tr\/konferans-ve-av-medya-teknoloji%cc%87si%cc%87ni%cc%87n-dagitimi\/vi%cc%87deo-teknoloji%cc%87si%cc%87\/ekranlar-ve-projektoerler-icin-montaj-aparatlari\/duvar-braketleri\/\"><img fetchpriority=\"high\" decoding=\"async\" width=\"288\" height=\"198\" class=\"alignleft size-full wp-image-1356\" src=\"https:\/\/konferenztechnik.de\/wp-content\/uploads\/2013\/08\/01-wandhalterungen-fuer-projektoren.jpg\" alt=\"Projekt\u00f6rler i\u00e7in duvar montaj aparatlar\u0131\" title=\"\"><\/a><\/p>\n<p>Ekranlar, projekt\u00f6rler, tabletler, kameralar veya video duvarlar\u0131 i\u00e7in montaj aparatlar\u0131<\/p>\n<p><a class=\"weiter\" href=\"\/tr\/konferans-ve-av-medya-teknoloji%cc%87si%cc%87ni%cc%87n-dagitimi\/vi%cc%87deo-teknoloji%cc%87si%cc%87\/ekranlar-ve-projektoerler-icin-montaj-aparatlari\/duvar-braketleri\/\">\u203a Daha fazla<\/a><\/p>\n<h4>Zemin stand\u0131<\/h4>\n<p><a href=\"\/tr\/konferans-ve-av-medya-teknoloji%cc%87si%cc%87ni%cc%87n-dagitimi\/vi%cc%87deo-teknoloji%cc%87si%cc%87\/ekranlar-ve-projektoerler-icin-montaj-aparatlari\/zemin-standi\/\"><img decoding=\"async\" width=\"288\" height=\"198\" class=\"alignleft size-full wp-image-1359\" src=\"https:\/\/konferenztechnik.de\/wp-content\/uploads\/2013\/08\/04-bodenstaender-fuer-projektoren.jpg\" alt=\"Projekt\u00f6rler i\u00e7in zemin stand\u0131\" title=\"\"><\/a><\/p>\n<p>Projekt\u00f6rler ve ekranlar i\u00e7in zemin standlar\u0131, \u00f6n izleme monit\u00f6rleri i\u00e7in al\u00e7ak zemin standlar\u0131, tamamen s\u00f6k\u00fclebilen zemin standlar\u0131, adapt\u00f6r ve destek plakalar\u0131<\/p>\n<p><a class=\"weiter\" href=\"\/tr\/konferans-ve-av-medya-teknoloji%cc%87si%cc%87ni%cc%87n-dagitimi\/vi%cc%87deo-teknoloji%cc%87si%cc%87\/ekranlar-ve-projektoerler-icin-montaj-aparatlari\/zemin-standi\/\">\u203a Daha fazla<\/a><\/p>\n<h4>Tavan braketleri<\/h4>\n<p><a href=\"\/tr\/konferans-ve-av-medya-teknoloji%cc%87si%cc%87ni%cc%87n-dagitimi\/vi%cc%87deo-teknoloji%cc%87si%cc%87\/ekranlar-ve-projektoerler-icin-montaj-aparatlari\/tavan-baglantilari\/\"><img decoding=\"async\" width=\"288\" height=\"198\" class=\"alignleft size-full wp-image-1357\" src=\"https:\/\/konferenztechnik.de\/wp-content\/uploads\/2013\/08\/02-deckenhalterungen-fuer-projektoren.jpg\" alt=\"Projekt\u00f6rler i\u00e7in tavan ba\u011flant\u0131lar\u0131\" title=\"\"><\/a><\/p>\n<p>\u00c7e\u015fitli uzunluklarda braketler, rotasyon braketleri, ayna kitleri, \u00e7elik kiri\u015fler i\u00e7in kelep\u00e7e braketleri<\/p>\n<p><a class=\"weiter\" href=\"\/tr\/konferans-ve-av-medya-teknoloji%cc%87si%cc%87ni%cc%87n-dagitimi\/vi%cc%87deo-teknoloji%cc%87si%cc%87\/ekranlar-ve-projektoerler-icin-montaj-aparatlari\/tavan-baglantilari\/\">\u203a Daha fazla<\/a><\/p>\n<h4>Makas braketleri<\/h4>\n<p><a href=\"\/tr\/konferans-ve-av-medya-teknoloji%cc%87si%cc%87ni%cc%87n-dagitimi\/vi%cc%87deo-teknoloji%cc%87si%cc%87\/ekranlar-ve-projektoerler-icin-montaj-aparatlari\/makas-braketleri\/\"><img loading=\"lazy\" decoding=\"async\" width=\"288\" height=\"198\" class=\"alignleft size-full wp-image-1358\" src=\"https:\/\/konferenztechnik.de\/wp-content\/uploads\/2013\/08\/03-trusshalterungen-fuer-projektoren.jpg\" alt=\"Projekt\u00f6rler i\u00e7in makas ba\u011flant\u0131lar\u0131\" title=\"\"><\/a><\/p>\n<p>Ekranlar ve projekt\u00f6rler i\u00e7in kafes montaj aparatlar\u0131, kolay ince ayar i\u00e7in cihazl\u0131 montaj aparatlar\u0131, istif \u00e7er\u00e7eveleri (koruyucu muhafaza), teknoloji kiralama \u015firketleri i\u00e7in \u00e7ok h\u0131zl\u0131 kurulum i\u00e7in montaj aparatlar\u0131<\/p>\n<p><a class=\"weiter\" title=\"Terc\u00fcmanlar i\u00e7in sonbahar e\u011fitim kursu\" href=\"\/tr\/konferans-ve-av-medya-teknoloji%cc%87si%cc%87ni%cc%87n-dagitimi\/vi%cc%87deo-teknoloji%cc%87si%cc%87\/ekranlar-ve-projektoerler-icin-montaj-aparatlari\/makas-braketleri\/\">\u203a Daha fazla<\/a><\/p>\n<h4>Konferans mobilyalar\u0131<\/h4>\n<p><a href=\"\/tr\/konferans-ve-av-medya-teknoloji%cc%87si%cc%87ni%cc%87n-dagitimi\/vi%cc%87deo-teknoloji%cc%87si%cc%87\/ekranlar-ve-projektoerler-icin-montaj-aparatlari\/konferans-mobi%cc%87lyalari\/\"><img loading=\"lazy\" decoding=\"async\" width=\"288\" height=\"191\" class=\"alignleft size-full wp-image-4381\" src=\"https:\/\/konferenztechnik.de\/wp-content\/uploads\/2013\/08\/konferenzmoebel.jpg\" alt=\"Konferans mobilyalar\u0131\" title=\"\"><\/a><\/p>\n<p>Video konferans sistemleri, beyaz tahtalar veya ekranlar i\u00e7in dolaplar, projekt\u00f6rler i\u00e7in standlar, tekerlekli mobil \u00e7\u00f6z\u00fcmler<\/p>\n<p><a class=\"weiter\" title=\"Terc\u00fcmanlar i\u00e7in sonbahar e\u011fitim kursu\" href=\"\/tr\/konferans-ve-av-medya-teknoloji%cc%87si%cc%87ni%cc%87n-dagitimi\/vi%cc%87deo-teknoloji%cc%87si%cc%87\/ekranlar-ve-projektoerler-icin-montaj-aparatlari\/konferans-mobi%cc%87lyalari\/\">\u203a Daha fazla<\/a><\/p>\n<h4>\u00d6zel braketler<\/h4>\n<p><a href=\"\/tr\/konferans-ve-av-medya-teknoloji%cc%87si%cc%87ni%cc%87n-dagitimi\/vi%cc%87deo-teknoloji%cc%87si%cc%87\/ekranlar-ve-projektoerler-icin-montaj-aparatlari\/oezel-parantezler\/\"><img loading=\"lazy\" decoding=\"async\" width=\"288\" height=\"191\" class=\"alignleft size-full wp-image-4484\" src=\"https:\/\/konferenztechnik.de\/wp-content\/uploads\/2013\/08\/pcs-spezialanwendungen.jpg\" alt=\"Ekranlar ve projekt\u00f6rler i\u00e7in montaj aparatlar\u0131: \u00d6zel montaj aparatlar\u0131\" title=\"\"><\/a><\/p>\n<p>Duvarlar ve zeminler i\u00e7in tablet (\u00f6rn. iPad) montaj aparatlar\u0131, video duvarlar\u0131 i\u00e7in montaj aparatlar\u0131, istif \u00e7er\u00e7eveleri, u\u00e7 ve dokunmatik standlar (dokunmatik ekranlar i\u00e7in masa montaj aparatlar\u0131)<\/p>\n<p><a class=\"weiter\" title=\"\u00d6zel braketler\" href=\"\/tr\/konferans-ve-av-medya-teknoloji%cc%87si%cc%87ni%cc%87n-dagitimi\/vi%cc%87deo-teknoloji%cc%87si%cc%87\/ekranlar-ve-projektoerler-icin-montaj-aparatlari\/oezel-parantezler\/\">\u203a Daha fazla<\/a><\/p>","protected":false},"excerpt":{"rendered":"<p>Halterungen f\u00fcr Displays und Projektoren In unserem Sortiment finden Sie Halterungen f\u00fcr die unterschiedlichsten Anwendungsgebiete: Ob Tablet (z. B. iPad), Display Projektor oder Videowall, auf den Boden gestellt, von der Decke h\u00e4ngend oder and der Wand befestigt. Lassen Sie sich von unserer Auswahl an Halterungen \u00fcberzeugen und kontaktieren Sie uns einfach, wenn Sie Unterst\u00fctzung bei [&hellip;]<\/p>","protected":false},"author":1,"featured_media":45482,"parent":1138,"menu_order":228,"comment_status":"closed","ping_status":"open","template":"","meta":{"_acf_changed":false,"footnotes":""},"class_list":["post-1221","page","type-page","status-publish","has-post-thumbnail","hentry"],"acf":[],"_links":{"self":[{"href":"https:\/\/konferenztechnik.de\/tr\/wp-json\/wp\/v2\/pages\/1221","targetHints":{"allow":["GET"]}}],"collection":[{"href":"https:\/\/konferenztechnik.de\/tr\/wp-json\/wp\/v2\/pages"}],"about":[{"href":"https:\/\/konferenztechnik.de\/tr\/wp-json\/wp\/v2\/types\/page"}],"author":[{"embeddable":true,"href":"https:\/\/konferenztechnik.de\/tr\/wp-json\/wp\/v2\/users\/1"}],"replies":[{"embeddable":true,"href":"https:\/\/konferenztechnik.de\/tr\/wp-json\/wp\/v2\/comments?post=1221"}],"version-history":[{"count":0,"href":"https:\/\/konferenztechnik.de\/tr\/wp-json\/wp\/v2\/pages\/1221\/revisions"}],"up":[{"embeddable":true,"href":"https:\/\/konferenztechnik.de\/tr\/wp-json\/wp\/v2\/pages\/1138"}],"wp:featuredmedia":[{"embeddable":true,"href":"https:\/\/konferenztechnik.de\/tr\/wp-json\/wp\/v2\/media\/45482"}],"wp:attachment":[{"href":"https:\/\/konferenztechnik.de\/tr\/wp-json\/wp\/v2\/media?parent=1221"}],"curies":[{"name":"wp","href":"https:\/\/api.w.org\/{rel}","templated":true}]}}