{"id":1230,"date":"2013-08-23T11:04:32","date_gmt":"2013-08-23T09:04:32","guid":{"rendered":"https:\/\/pcs-miete.de\/?page_id=1230"},"modified":"2023-07-05T14:31:24","modified_gmt":"2023-07-05T12:31:24","slug":"konut","status":"publish","type":"page","link":"https:\/\/konferenztechnik.de\/tr\/konferans-ve-av-medya-teknoloji%cc%87si%cc%87ni%cc%87n-dagitimi\/vi%cc%87deo-teknoloji%cc%87si%cc%87\/konut\/","title":{"rendered":"Konut"},"content":{"rendered":"<h1>Konut<\/h1>\n<h2>Projekt\u00f6rler i\u00e7in h\u0131rs\u0131zl\u0131\u011f\u0131 \u00f6nleyen muhafazalar<\/h2>\n<p><a href=\"https:\/\/konferenztechnik.de\/wp-content\/uploads\/2013\/08\/Audipack_GehaeuseAntidiebstahl.jpg\"><img fetchpriority=\"high\" decoding=\"async\" width=\"792\" height=\"594\" class=\"alignleft size-full wp-image-2428\" src=\"https:\/\/konferenztechnik.de\/wp-content\/uploads\/2013\/08\/Audipack_GehaeuseAntidiebstahl.jpg\" alt=\"Projekt\u00f6rler i\u00e7in h\u0131rs\u0131zl\u0131\u011f\u0131 engelleyen muhafaza\" title=\"\" srcset=\"https:\/\/konferenztechnik.de\/wp-content\/uploads\/2013\/08\/Audipack_GehaeuseAntidiebstahl.jpg 792w, https:\/\/konferenztechnik.de\/wp-content\/uploads\/2013\/08\/Audipack_GehaeuseAntidiebstahl-300x225.jpg 300w, https:\/\/konferenztechnik.de\/wp-content\/uploads\/2013\/08\/Audipack_GehaeuseAntidiebstahl-768x576.jpg 768w\" sizes=\"(max-width: 792px) 100vw, 792px\" \/><\/a><\/p>\n<p>\u0130\u00e7 ve d\u0131\u015f mekan kullan\u0131m\u0131 i\u00e7in a\u00e7\u0131k metal yap\u0131ya sahip projekt\u00f6rler i\u00e7in h\u0131rs\u0131zl\u0131k \u00f6nleyici muhafaza. Muhafazan\u0131n \u00f6n\u00fc a\u00e7\u0131kt\u0131r ve iki h\u0131rs\u0131zl\u0131k \u00f6nleme \u00e7ubu\u011fu ile sabitlenmi\u015ftir. \u00c7ubuklar, \u00fcreticiye ba\u011fl\u0131 olarak projekt\u00f6r merce\u011finin her zaman serbest kalmas\u0131n\u0131 sa\u011flayacak \u015fekilde farkl\u0131 konumland\u0131r\u0131labilir. \u00c7e\u015fitli muhafaza boyutlar\u0131 da mevcuttur. Muhafaza gri veya beyaz renkte mevcuttur. Di\u011fer renkler istek \u00fczerine temin edilebilir. Muhafazay\u0131 bir alarm sistemi ile donatmak m\u00fcmk\u00fcnd\u00fcr.<\/p>\n<h2>iPad 1, 2, 3 ve 4 i\u00e7in Tablet K\u0131l\u0131f\u0131 TC-IPAD<\/h2>\n<p><a href=\"https:\/\/konferenztechnik.de\/wp-content\/uploads\/2014\/02\/audipack-ipad-tablet-housing.jpg\"><img decoding=\"async\" width=\"450\" height=\"311\" class=\"alignleft size-full wp-image-4263\" src=\"https:\/\/konferenztechnik.de\/wp-content\/uploads\/2014\/02\/audipack-ipad-tablet-housing.jpg\" alt=\"iPad Tablet Muhafazas\u0131\" title=\"\" srcset=\"https:\/\/konferenztechnik.de\/wp-content\/uploads\/2014\/02\/audipack-ipad-tablet-housing.jpg 450w, https:\/\/konferenztechnik.de\/wp-content\/uploads\/2014\/02\/audipack-ipad-tablet-housing-300x207.jpg 300w\" sizes=\"(max-width: 450px) 100vw, 450px\" \/><\/a><\/p>\n<p>TC-iPad K\u0131l\u0131f, iPad'inizi halka a\u00e7\u0131k yerlerde kurulaca\u011f\u0131 veya sergilenece\u011fi zaman zarif bir \u015fekilde korur.<br \/>\niPad k\u0131l\u0131f i\u00e7inde h\u0131zl\u0131 bir \u015fekilde sabitlenebilir ve b\u00f6ylece h\u0131rs\u0131zl\u0131\u011fa kar\u015f\u0131 etkili bir \u015fekilde korunur. Smart Keylock sistemi sayesinde d\u0131\u015far\u0131dan hi\u00e7bir anahtar deli\u011fi veya vida g\u00f6r\u00fcnmez. TC-Case, duvara montaj i\u00e7in ya da iste\u011fe ba\u011fl\u0131 bir stand ile birlikte zemin stand\u0131 olarak kullan\u0131labilir.<\/p>\n<h2>Audipack Susturucu<\/h2>\n<p><a href=\"https:\/\/konferenztechnik.de\/wp-content\/uploads\/2013\/08\/Audipack_Silencer.jpg\"><img decoding=\"async\" width=\"792\" height=\"592\" class=\"alignleft size-full wp-image-2430\" src=\"https:\/\/konferenztechnik.de\/wp-content\/uploads\/2013\/08\/Audipack_Silencer.jpg\" alt=\"Audipack Susturucu\" title=\"\" srcset=\"https:\/\/konferenztechnik.de\/wp-content\/uploads\/2013\/08\/Audipack_Silencer.jpg 792w, https:\/\/konferenztechnik.de\/wp-content\/uploads\/2013\/08\/Audipack_Silencer-300x224.jpg 300w, https:\/\/konferenztechnik.de\/wp-content\/uploads\/2013\/08\/Audipack_Silencer-768x574.jpg 768w\" sizes=\"(max-width: 792px) 100vw, 792px\" \/><\/a><\/p>\n<p>Susturucular projekt\u00f6rlerin \u00e7al\u0131\u015fma g\u00fcr\u00fclt\u00fcs\u00fcn\u00fc azaltmak i\u00e7in kullan\u0131l\u0131r (\u00f6rne\u011fin tiyatrolarda, m\u00fczelerde veya opera binalar\u0131nda). Audipack Susturucu g\u00fcr\u00fclt\u00fcy\u00fc yakla\u015f\u0131k 16 \u2013 20 dBA ile azalt\u0131r. Susturucu standart olarak iki fan ve lensin \u00f6n\u00fcnde bir projeksiyon penceresi ile birlikte verilir. Ek bir projekt\u00f6r braketi gerekli de\u011fildir. Muhafazan\u0131n standart boyutlar\u0131 yakla\u015f\u0131k 978 mm x 470 mm x 1.054 mm'dir, ancak \u00f6zelle\u015ftirilmi\u015f versiyonlar da tedarik edilebilir. Muhafaza yaln\u0131zca i\u00e7 mekan kullan\u0131m\u0131 i\u00e7in uygundur. Standart renkler siyah, beyaz veya gridir, \u00f6zel renkler de elbette m\u00fcmk\u00fcnd\u00fcr.<\/p>\n<h2>Ekran \u00e7er\u00e7evesi<\/h2>\n<p><a href=\"https:\/\/konferenztechnik.de\/wp-content\/uploads\/2013\/08\/Audipack_PanelRahmen.jpg\"><img loading=\"lazy\" decoding=\"async\" width=\"792\" height=\"594\" class=\"alignleft size-full wp-image-2429\" src=\"https:\/\/konferenztechnik.de\/wp-content\/uploads\/2013\/08\/Audipack_PanelRahmen.jpg\" alt=\"Audipack ekran \u00e7er\u00e7evesi\" title=\"\" srcset=\"https:\/\/konferenztechnik.de\/wp-content\/uploads\/2013\/08\/Audipack_PanelRahmen.jpg 792w, https:\/\/konferenztechnik.de\/wp-content\/uploads\/2013\/08\/Audipack_PanelRahmen-300x225.jpg 300w, https:\/\/konferenztechnik.de\/wp-content\/uploads\/2013\/08\/Audipack_PanelRahmen-768x576.jpg 768w\" sizes=\"(max-width: 792px) 100vw, 792px\" \/><\/a><\/p>\n<p>Audipack ekran \u00e7er\u00e7eveleri DOOH i\u00e7 mekan uygulamalar\u0131 i\u00e7in \u00fcretilmi\u015ftir. Ekran \u00e7er\u00e7eveye monte edilerek \u00e7ekici bir g\u00f6r\u00fcn\u00fcm kazand\u0131r\u0131l\u0131r, hasardan korunur ve h\u0131rs\u0131zl\u0131\u011fa kar\u015f\u0131 korunur. Ekran \u00e7er\u00e7evesi zarif bir tasar\u0131ma sahiptir ve standart olarak k\u0131rm\u0131z\u0131, beyaz, mavi ve siyah renklerde mevcuttur. Ayr\u0131ca logo basmak da m\u00fcmk\u00fcnd\u00fcr. \u00c7er\u00e7eve duvarlara ve tavanlara montaj i\u00e7in uygundur veya bir zemin stand\u0131na monte edilebilir.<\/p>\n<h2>Audipack Eye-Point bilgi sistemleri<\/h2>\n<p><a href=\"https:\/\/konferenztechnik.de\/wp-content\/uploads\/2013\/08\/Audipack_EyePoint.jpg\"><img loading=\"lazy\" decoding=\"async\" width=\"792\" height=\"594\" class=\"alignleft size-full wp-image-2427\" src=\"https:\/\/konferenztechnik.de\/wp-content\/uploads\/2013\/08\/Audipack_EyePoint.jpg\" alt=\"Audipack Eye-Point bilgi sistemleri\" title=\"\" srcset=\"https:\/\/konferenztechnik.de\/wp-content\/uploads\/2013\/08\/Audipack_EyePoint.jpg 792w, https:\/\/konferenztechnik.de\/wp-content\/uploads\/2013\/08\/Audipack_EyePoint-300x225.jpg 300w, https:\/\/konferenztechnik.de\/wp-content\/uploads\/2013\/08\/Audipack_EyePoint-768x576.jpg 768w\" sizes=\"(max-width: 792px) 100vw, 792px\" \/><\/a><\/p>\n<p>Eye-Point, d\u00fcz ekranlar i\u00e7in bir muhafaza g\u00f6revi g\u00f6ren mobil bir standd\u0131r. Eye-Point, mobil sunumlar\u0131 g\u00f6r\u00fcnt\u00fclemenin \u00e7ok esnek bir yoludur. Ayr\u0131ca oteller ve konferans merkezleri i\u00e7in bir i\u015faret ve\/veya y\u00f6nlendirme sistemi olarak da idealdir. Eye-Point g\u00f6z al\u0131c\u0131d\u0131r ve her ortama kolayca entegre edilebilir. D\u00fcz ekran muhafazan\u0131n i\u00e7ine gizlenmi\u015ftir ve ayn\u0131 zamanda korunmaktad\u0131r. Eye-Point \u015fu anda 102 ila 165 santimetre (40 ila 65 in\u00e7) aras\u0131ndaki ekran boyutlar\u0131 ve hem yatay hem de dikey formatlar i\u00e7in mevcuttur. Geni\u015f bir modern renk ve malzeme yelpazesinden se\u00e7ilebilir. T\u00fcm modellerde standart olarak d\u00fcz ekranlar i\u00e7in entegre bir L&amp;S 5 d\u00f6ner kol ve PC'ler ile di\u011fer ekipmanlar\u0131n kurulumu i\u00e7in bol miktarda alan bulunmaktad\u0131r. Evrensel L&amp;S 5 montaj sistemi sayesinde Eye-Point'e neredeyse t\u00fcm \u00fcreticilerin ve tiplerin ekranlar\u0131 monte edilebilir.<\/p>\n<p>PCS GmbH, Audipack'in resmi Alman distrib\u00fct\u00f6r\u00fcd\u00fcr. Size uzman tavsiyesi ve h\u0131zl\u0131 teslimat s\u00fcreleri sunuyoruz.<\/p>\n<p><img loading=\"lazy\" decoding=\"async\" class=\"alignright size-full wp-image-5489\" src=\"https:\/\/konferenztechnik.de\/wp-content\/uploads\/2013\/09\/PCS-GmbH-Audipack-authorized-dealer-small.jpg\" alt=\"PCS GmbH bir Audipack yetkili sat\u0131c\u0131s\u0131d\u0131r\" width=\"200\" height=\"81\" title=\"\"><\/p>","protected":false},"excerpt":{"rendered":"<p>Housing Diebstahl hemmende Geh\u00e4use f\u00fcr Beamer Anti-Diebstahlgeh\u00e4use f\u00fcr Projektoren in offener Metallstruktur f\u00fcr innen und au\u00dfen. Die Vorderseite des Geh\u00e4uses ist offen und wird durch zwei Anti-Diebstahl-St\u00e4be gesichert. Die St\u00e4be k\u00f6nnen verschieden positioniert werden, damit die Projektorlinse je nach Hersteller immer frei bleibt. Es sind au\u00dferdem verschiedene Geh\u00e4usegr\u00f6\u00dfen erh\u00e4ltlich. Das Geh\u00e4use ist in grau oder [&hellip;]<\/p>","protected":false},"author":1,"featured_media":45482,"parent":1138,"menu_order":226,"comment_status":"closed","ping_status":"open","template":"","meta":{"_acf_changed":false,"footnotes":""},"class_list":["post-1230","page","type-page","status-publish","has-post-thumbnail","hentry"],"acf":[],"_links":{"self":[{"href":"https:\/\/konferenztechnik.de\/tr\/wp-json\/wp\/v2\/pages\/1230","targetHints":{"allow":["GET"]}}],"collection":[{"href":"https:\/\/konferenztechnik.de\/tr\/wp-json\/wp\/v2\/pages"}],"about":[{"href":"https:\/\/konferenztechnik.de\/tr\/wp-json\/wp\/v2\/types\/page"}],"author":[{"embeddable":true,"href":"https:\/\/konferenztechnik.de\/tr\/wp-json\/wp\/v2\/users\/1"}],"replies":[{"embeddable":true,"href":"https:\/\/konferenztechnik.de\/tr\/wp-json\/wp\/v2\/comments?post=1230"}],"version-history":[{"count":0,"href":"https:\/\/konferenztechnik.de\/tr\/wp-json\/wp\/v2\/pages\/1230\/revisions"}],"up":[{"embeddable":true,"href":"https:\/\/konferenztechnik.de\/tr\/wp-json\/wp\/v2\/pages\/1138"}],"wp:featuredmedia":[{"embeddable":true,"href":"https:\/\/konferenztechnik.de\/tr\/wp-json\/wp\/v2\/media\/45482"}],"wp:attachment":[{"href":"https:\/\/konferenztechnik.de\/tr\/wp-json\/wp\/v2\/media?parent=1230"}],"curies":[{"name":"wp","href":"https:\/\/api.w.org\/{rel}","templated":true}]}}