{"id":1242,"date":"2013-08-23T11:24:29","date_gmt":"2013-08-23T09:24:29","guid":{"rendered":"https:\/\/pcs-miete.de\/?page_id=1242"},"modified":"2023-07-05T10:53:31","modified_gmt":"2023-07-05T08:53:31","slug":"video-konferans-sistemleri-ve-kameralar","status":"publish","type":"page","link":"https:\/\/konferenztechnik.de\/tr\/konferans-ve-av-medya-teknoloji%cc%87si%cc%87ni%cc%87n-dagitimi\/vi%cc%87deo-teknoloji%cc%87si%cc%87\/video-konferans-sistemleri-ve-kameralar\/","title":{"rendered":"Video konferans sistemleri ve kameralar"},"content":{"rendered":"<div data-elementor-type=\"wp-page\" data-elementor-id=\"1242\" class=\"elementor elementor-1242\" data-elementor-post-type=\"page\">\n\t\t\t\t\t\t<section data-particle_enable=\"false\" data-particle-mobile-disabled=\"false\" class=\"elementor-section elementor-top-section elementor-element elementor-element-46c728b7 elementor-section-boxed elementor-section-height-default elementor-section-height-default\" data-id=\"46c728b7\" data-element_type=\"section\">\n\t\t\t\t\t\t<div class=\"elementor-container elementor-column-gap-default\">\n\t\t\t\t\t<div class=\"elementor-column elementor-col-100 elementor-top-column elementor-element elementor-element-11c45f1c\" data-id=\"11c45f1c\" data-element_type=\"column\">\n\t\t\t<div class=\"elementor-widget-wrap elementor-element-populated\">\n\t\t\t\t\t\t<div class=\"elementor-element elementor-element-11a61641 elementor-widget elementor-widget-text-editor\" data-id=\"11a61641\" data-element_type=\"widget\" data-widget_type=\"text-editor.default\">\n\t\t\t\t<div class=\"elementor-widget-container\">\n\t\t\t\t\t\t\t\t\t<h1>Video konferans sistemleri ve kameralar<\/h1>\nVideo konferans sistemleri \u015fu anda ger\u00e7ek bir patlama ya\u015f\u0131yor. Toplant\u0131lar ve her t\u00fcrden k\u00fc\u00e7\u00fck konferanslar i\u00e7in seyahat masraflar\u0131ndan b\u00fcy\u00fck tasarruf sa\u011flanabilir. \u00d6zellikle Almanya'da ve yurtd\u0131\u015f\u0131nda \u00e7e\u015fitli \u015fubeleri olan \u015firketlerde d\u00fczenli personel toplant\u0131lar\u0131 i\u00e7in sat\u0131n almaya de\u011fer. Bir ba\u015fka tipik kullan\u0131m alan\u0131 da, de\u011ferli zamanlar\u0131n\u0131 u\u00e7akta veya trende ge\u00e7irmek zorunda kalmadan m\u00fcvekkilleriyle d\u00fczenli toplant\u0131lar yapabilen hukuk firmalar\u0131d\u0131r. Ayn\u0131 zamanda, \u00e7evre de \u00f6nemli \u00f6l\u00e7\u00fcde korunabilir. Dahas\u0131, eskiden bir video konferans sistemi i\u00e7in alt\u0131 haneli mebla\u011flar\u0131 g\u00f6zden \u00e7\u0131karman\u0131z gerekirken, bu sistemler art\u0131k giderek daha uygun fiyatl\u0131 hale geliyor.\n<h2>Sony PCS-XG80 video konferans sistemi<\/h2>\n<a href=\"https:\/\/konferenztechnik.de\/wp-content\/uploads\/2013\/09\/Sony_Videokonferenzanlage_PCS-XG80_gross.jpg\"><img fetchpriority=\"high\" decoding=\"async\" width=\"800\" height=\"627\" class=\"alignleft size-full wp-image-2641\" src=\"https:\/\/konferenztechnik.de\/wp-content\/uploads\/2013\/09\/Sony_Videokonferenzanlage_PCS-XG80_gross.jpg\" alt=\"Sony_Video_Conferencing_PCS-XG80_large\" title=\"\" srcset=\"https:\/\/konferenztechnik.de\/wp-content\/uploads\/2013\/09\/Sony_Videokonferenzanlage_PCS-XG80_gross.jpg 800w, https:\/\/konferenztechnik.de\/wp-content\/uploads\/2013\/09\/Sony_Videokonferenzanlage_PCS-XG80_gross-300x235.jpg 300w, https:\/\/konferenztechnik.de\/wp-content\/uploads\/2013\/09\/Sony_Videokonferenzanlage_PCS-XG80_gross-768x602.jpg 768w\" sizes=\"(max-width: 800px) 100vw, 800px\" \/><\/a>\n\nSony video konferans sistemi, 1080i \u00e7\u00f6z\u00fcn\u00fcrl\u00fckle birinci s\u0131n\u0131f, keskin HD g\u00f6r\u00fcnt\u00fcler ve net ileti\u015fim i\u00e7in m\u00fckemmel ses kalitesi sunar. Video konferans sistemi ya ISDN telefon hatlar\u0131na ya da (art\u0131k standart) \u015firket bilgisayar a\u011f\u0131na (kendi IP adresiyle) ba\u011flan\u0131r. Bu, internet \u00fczerinden h\u0131zl\u0131 ve g\u00fcvenli (\u00e7\u00fcnk\u00fc \u015fifrelenmi\u015f) iletim sa\u011flar. Kurulum karma\u015f\u0131k de\u011fildir, kullan\u0131m basittir. Sistemi yerel a\u011f\u0131n\u0131za (LAN) entegre etmenizde size veya y\u00f6neticilerinize yard\u0131mc\u0131 olmaktan memnuniyet duyar\u0131z.\t\t\t\t\t\t\t\t<\/div>\n\t\t\t\t<\/div>\n\t\t\t\t\t<\/div>\n\t\t<\/div>\n\t\t\t\t\t<\/div>\n\t\t<\/section>\n\t\t\t\t<\/div>","protected":false},"excerpt":{"rendered":"<p>Video konferans sistemleri ve kameralar Video konferans sistemleri \u015fu anda ger\u00e7ek bir patlama ya\u015f\u0131yor. Toplant\u0131lar ve her t\u00fcrden k\u00fc\u00e7\u00fck konferanslar i\u00e7in seyahat masraflar\u0131ndan b\u00fcy\u00fck tasarruf sa\u011flanabilir. \u00d6zellikle Almanya'da ve yurtd\u0131\u015f\u0131nda \u00e7e\u015fitli \u015fubeleri olan \u015firketlerin d\u00fczenli personel toplant\u0131lar\u0131 i\u00e7in sat\u0131n almaya de\u011fer. Bir ba\u015fka tipik kullan\u0131m alan\u0131 da, m\u00fcvekkilleriyle d\u00fczenli toplant\u0131lar yapmak zorunda kalmadan [...]<\/p>","protected":false},"author":1,"featured_media":45482,"parent":1138,"menu_order":223,"comment_status":"closed","ping_status":"open","template":"","meta":{"_acf_changed":false,"footnotes":""},"class_list":["post-1242","page","type-page","status-publish","has-post-thumbnail","hentry"],"acf":[],"_links":{"self":[{"href":"https:\/\/konferenztechnik.de\/tr\/wp-json\/wp\/v2\/pages\/1242","targetHints":{"allow":["GET"]}}],"collection":[{"href":"https:\/\/konferenztechnik.de\/tr\/wp-json\/wp\/v2\/pages"}],"about":[{"href":"https:\/\/konferenztechnik.de\/tr\/wp-json\/wp\/v2\/types\/page"}],"author":[{"embeddable":true,"href":"https:\/\/konferenztechnik.de\/tr\/wp-json\/wp\/v2\/users\/1"}],"replies":[{"embeddable":true,"href":"https:\/\/konferenztechnik.de\/tr\/wp-json\/wp\/v2\/comments?post=1242"}],"version-history":[{"count":0,"href":"https:\/\/konferenztechnik.de\/tr\/wp-json\/wp\/v2\/pages\/1242\/revisions"}],"up":[{"embeddable":true,"href":"https:\/\/konferenztechnik.de\/tr\/wp-json\/wp\/v2\/pages\/1138"}],"wp:featuredmedia":[{"embeddable":true,"href":"https:\/\/konferenztechnik.de\/tr\/wp-json\/wp\/v2\/media\/45482"}],"wp:attachment":[{"href":"https:\/\/konferenztechnik.de\/tr\/wp-json\/wp\/v2\/media?parent=1242"}],"curies":[{"name":"wp","href":"https:\/\/api.w.org\/{rel}","templated":true}]}}