{"id":12605,"date":"2018-02-08T09:14:51","date_gmt":"2018-02-08T08:14:51","guid":{"rendered":"https:\/\/www.konferenztechnik.de\/?page_id=12605"},"modified":"2023-09-01T13:14:47","modified_gmt":"2023-09-01T11:14:47","slug":"beyerdynamic-unite-di%cc%87ji%cc%87tal-yoenlendi%cc%87rme-si%cc%87stemi%cc%87","status":"publish","type":"page","link":"https:\/\/konferenztechnik.de\/tr\/beyerdynamic-unite-di%cc%87ji%cc%87tal-yoenlendi%cc%87rme-si%cc%87stemi%cc%87\/","title":{"rendered":"Beyerdynamic UNITE dijital y\u00f6nlendirme sistemi"},"content":{"rendered":"<h1>Beyerdynamic UNITE dijital y\u00f6nlendirme sistemi \u2013 teknik veriler<\/h1>\n<p><img decoding=\"async\" src=\"https:\/\/konferenztechnik.de\/wp-content\/uploads\/2018\/02\/beyerdynamic-unite-digital-wireless.jpg\" alt=\"Beyerdynamic UNITE y\u00f6nlendirme sistemi\" class=\"alignleft size-full wp-image-12467\" title=\"\"><\/p>\n<p>[spacer size=\"30\u2033]<\/p>\n<h2>Unite RP-T<\/h2>\n<p><img decoding=\"async\" src=\"https:\/\/konferenztechnik.de\/wp-content\/uploads\/2018\/02\/Unite-RP-T.jpg\" alt=\"Beyerdynamic UNITE RP-T al\u0131c\u0131\" width=\"850\" class=\"alignnone size-full wp-image-12615\" title=\"\"><\/p>\n<p>Geri konu\u015fma fonksiyonlu cep al\u0131c\u0131s\u0131<br \/>\n[list icon=\"moon-checkmark\" color=\"#a62055\u2033] De\u011fi\u015ftirilebilir lityum pil[\/list]<br \/>\n[list icon=\"moon-checkmark\" color=\"#a62055\u2033] 20 saatten fazla \u00e7al\u0131\u015fma s\u00fcresi[\/list]<br \/>\n[list icon=\"moon-checkmark\" color=\"#a62055\u2033] \u015earj kontaklar\u0131 ve USB \u015farj se\u00e7ene\u011fi[\/list]<br \/>\n[list icon=\"moon-checkmark\" color=\"#a62055\u2033] Kulakl\u0131k \/ kulakl\u0131k seti[\/list]<br \/>\n[list icon=\"moon-checkmark\" color=\"#a62055\u2033] \u0130\u015fitme engelliler i\u00e7in ind\u00fcksiyon boyunluk[\/list]<br \/>\n[list icon=\"moon-checkmark\" color=\"#a62055\u2033] Dahili mikrofon[\/list]<br \/>\n[list icon=\"moon-checkmark\" color=\"#a62055\u2033] Talkback[\/list]<\/p>\n<p>[spacer size=\"30\u2033]<\/p>\n<h2>Unite HT<\/h2>\n<p><img decoding=\"async\" src=\"https:\/\/konferenztechnik.de\/wp-content\/uploads\/2018\/02\/Unite-Handsender-TH.jpg\" alt=\"Beyerdynamic UNITE HT el vericisi\" width=\"850\" class=\"alignnone size-full wp-image-12615\" title=\"\"><\/p>\n<p>El tipi verici<br \/>\n[list icon=\"moon-checkmark\" color=\"#a62055\u2033] De\u011fi\u015ftirilebilir lityum pil[\/list]<br \/>\n[list icon=\"moon-checkmark\" color=\"#a62055\u2033] 15 saatten fazla \u00e7al\u0131\u015fma s\u00fcresi[\/list]<br \/>\n[list icon=\"moon-checkmark\" color=\"#a62055\u2033] \u015earj kontaklar\u0131 ve USB \u015farj se\u00e7ene\u011fi[\/list]<br \/>\n[list icon=\"moon-checkmark\" color=\"#a62055\u2033] Bluetooth[\/list]<br \/>\n[list icon=\"moon-checkmark\" color=\"#a62055\u2033] Rulo korumas\u0131 ve Lenyard[\/list]<\/p>\n<p>Fonksiyonlar:<br \/>\n[list icon=\"moon-checkmark\" color=\"#a62055\u2033] Sessiz\/G\u00fc\u00e7[\/list]<br \/>\n[list icon=\"moon-checkmark\" color=\"#a62055\u2033] Men\u00fc\/Ayar[\/list]<br \/>\n[list icon=\"moon-checkmark\" color=\"#a62055\u2033] Men\u00fc\/Kanal +\/-[\/list]<\/p>\n<p>[spacer size=\"30\u2033]<\/p>\n<h2>Unite TP<\/h2>\n<p><img decoding=\"async\" src=\"https:\/\/konferenztechnik.de\/wp-content\/uploads\/2018\/02\/Beyerdynamic-Unite-TP-Taschensender.jpg\" alt=\"Beyerdynamic UNITE TP bodypack verici\" width=\"850\" class=\"alignnone size-full wp-image-12615\" title=\"\"><\/p>\n<p>Cep vericisi<br \/>\n[list icon=\"moon-checkmark\" color=\"#a62055\u2033] De\u011fi\u015ftirilebilir lityum pil[\/list]<br \/>\n[list icon=\"moon-checkmark\" color=\"#a62055\u2033] 15 saatten fazla \u00e7al\u0131\u015fma s\u00fcresi[\/list]<br \/>\n[list icon=\"moon-checkmark\" color=\"#a62055\u2033] \u015earj kontaklar\u0131 ve USB \u015farj se\u00e7ene\u011fi[\/list]<br \/>\n[list icon=\"moon-checkmark\" color=\"#a62055\u2033] Mikrofon ve kulakl\u0131k ba\u011flant\u0131lar\u0131 (TQG \/mini XLR)[\/list]<br \/>\n[list icon=\"moon-checkmark\" color=\"#a62055\u2033] Dahili mikrofon[\/list]<br \/>\n[list icon=\"moon-checkmark\" color=\"#a62055\u2033] Ses giri\u015fleri[\/list]<br \/>\n[list icon=\"moon-checkmark\" color=\"#a62055\u2033] Hat Giri\u015fi[\/list]<br \/>\n[list icon=\"moon-checkmark\" color=\"#a62055\u2033] Bluetooth[\/list]<br \/>\n[list icon=\"moon-checkmark\" color=\"#a62055\u2033] USB[\/list]<\/p>\n<p>[spacer size=\"30\u2033]<\/p>\n<h2>Unite RP<\/h2>\n<p><img decoding=\"async\" src=\"https:\/\/konferenztechnik.de\/wp-content\/uploads\/2018\/02\/Beyerdynamic-Unite-RP-Empfaenger.jpg\" alt=\"Beyerdynamic UNITE RP Bodypack al\u0131c\u0131\" width=\"850\" class=\"alignnone size-full wp-image-12615\" title=\"\"><\/p>\n<p>Bodypack al\u0131c\u0131<br \/>\n[list icon=\"moon-checkmark\" color=\"#a62055\u2033] De\u011fi\u015ftirilebilir lityum pil[\/list]<br \/>\n[list icon=\"moon-checkmark\" color=\"#a62055\u2033] 20 saatten fazla \u00e7al\u0131\u015fma s\u00fcresi[\/list]<br \/>\n[list icon=\"moon-checkmark\" color=\"#a62055\u2033] \u015earj kontaklar\u0131 ve USB \u015farj se\u00e7ene\u011fi[\/list]<br \/>\n[list icon=\"moon-checkmark\" color=\"#a62055\u2033] Kulakl\u0131k[\/list]<br \/>\n[list icon=\"moon-checkmark\" color=\"#a62055\u2033] \u0130\u015fitme engelliler i\u00e7in ind\u00fcksiyon boyunluk[\/list]<\/p>\n<p>[spacer size=\"30\u2033]<\/p>\n<h2>UNITE CC-24P<\/h2>\n<p><img decoding=\"async\" src=\"https:\/\/konferenztechnik.de\/wp-content\/uploads\/2018\/02\/Unite-CC-24P.jpg\" alt=\"Beyerdynamic UNITE CC-24P \u015farj kutusu\" width=\"850\" class=\"alignnone size-full wp-image-12615\" title=\"\"><\/p>\n<p>Ta\u015f\u0131ma ve \u015farj \u00e7antas\u0131<br \/>\n[list icon=\"moon-checkmark\" color=\"#a62055\u2033] 24 al\u0131c\u0131 i\u00e7in \u015farj ve ta\u015f\u0131ma \u00e7antas\u0131[\/list]<br \/>\n[list icon=\"moon-checkmark\" color=\"#a62055\u2033] G\u00fc\u00e7 ba\u011flant\u0131s\u0131 (IEC)[\/list]<br \/>\n[list icon=\"moon-checkmark\" color=\"#a62055\u2033] Ethernet ba\u011flant\u0131s\u0131 (\u00fcr\u00fcn yaz\u0131l\u0131m\u0131 g\u00fcncellemeleri, e\u015fle\u015ftirme i\u00e7in)[\/list]<br \/>\n[list icon=\"moon-checkmark\" color=\"#a62055\u2033] El mikrofonu i\u00e7in b\u00f6lme[\/list]<br \/>\n[list icon=\"moon-checkmark\" color=\"#a62055\u2033] Ta\u015f\u0131nabilir[\/list]<\/p>\n<p>Fonksiyonlar:<br \/>\n[list icon=\"moon-checkmark\" color=\"#a62055\u2033] E\u015fle\u015ftirme anahtar\u0131[\/list]<br \/>\n[list icon=\"moon-checkmark\" color=\"#a62055\u2033] Anahtar\u0131 s\u0131f\u0131rla (IP i\u00e7in)[\/list]<br \/>\n[list icon=\"moon-checkmark\" color=\"#a62055\u2033] Parola s\u0131f\u0131rlama[\/list]<\/p>\n<p>[spacer size=\"30\u2033]<\/p>\n<h2>Bir bak\u0131\u015fta UNITE sisteminin t\u00fcm fonksiyonlar\u0131<\/h2>\n<div id=\"newscontainer\">\n<div class=\"newskasten\">\n<img decoding=\"async\" width=\"83\" height=\"83\" src=\"https:\/\/konferenztechnik.de\/wp-content\/uploads\/2018\/02\/Schnittstellen-fuer-Toneinspielungen.png\" alt=\"Ses kay\u0131tlar\u0131 i\u00e7in aray\u00fczler\" class=\"size-full wp-image-12474\" title=\"\"><br \/>\n[temiz]<br \/>\nSes kay\u0131tlar\u0131 i\u00e7in aray\u00fczler<\/div>\n<div class=\"newskasten\">\n<img decoding=\"async\" width=\"83\" height=\"83\" src=\"https:\/\/konferenztechnik.de\/wp-content\/uploads\/2018\/02\/Automatic-Level-Control.png\" alt=\"Otomatik Seviye Kontrol\u00fc ve G\u00fcr\u00fclt\u00fc Engelleme\" class=\"alignleft size-full wp-image-12463\" title=\"\"><br \/>\n[temiz]<br \/>\nOtomatik Seviye Kontrol\u00fc ve G\u00fcr\u00fclt\u00fc Engelleme<\/div>\n<div class=\"newskasten\">\n<img decoding=\"async\" width=\"83\" height=\"83\" src=\"https:\/\/konferenztechnik.de\/wp-content\/uploads\/2018\/02\/gleichzeitig-sprechen.png\" alt=\"\u00dc\u00e7 ki\u015fi ayn\u0131 anda konu\u015fabilir\" class=\"size-full wp-image-12471\" title=\"\"><br \/>\n[temiz]<br \/>\nAyn\u0131 anda en fazla \u00fc\u00e7 hoparl\u00f6r<\/div>\n<div class=\"newskasten\">\n<img loading=\"lazy\" decoding=\"async\" width=\"83\" height=\"83\" src=\"https:\/\/konferenztechnik.de\/wp-content\/uploads\/2018\/02\/biderektionale-uebertragung-1.png\" alt=\"\u00c7ift y\u00f6nl\u00fc ileti\u015fim\" class=\"alignleft size-full wp-image-12477\" title=\"\"><br \/>\n[temiz]<br \/>\n\u00c7ift y\u00f6nl\u00fc ileti\u015fim<\/div>\n<div class=\"newskasten\">\n<img loading=\"lazy\" decoding=\"async\" width=\"83\" height=\"83\" src=\"https:\/\/konferenztechnik.de\/wp-content\/uploads\/2018\/02\/dect.png\" alt=\"Beyerdynamic UNITE DECT standard\u0131\" class=\"alignleft size-full wp-image-12470\" title=\"\"><br \/>\n[temiz]<br \/>\nDECT standard\u0131<\/div>\n<div class=\"newskasten\">\n<img loading=\"lazy\" decoding=\"async\" src=\"https:\/\/konferenztechnik.de\/wp-content\/uploads\/2018\/02\/Abhoersicher.png\" alt=\"Muslu\u011fa dayan\u0131kl\u0131 k\u0131lavuz sistemi\" width=\"83\" height=\"83\" class=\"alignleft size-full wp-image-12460\" title=\"\"><br \/>\n[temiz]<br \/>\nSon teknoloji AES 256-bit \u015fifreleme sayesinde dokunmaya kar\u015f\u0131 korumal\u0131<\/div>\n<div class=\"newskasten\">\n<img decoding=\"async\" src=\"https:\/\/konferenztechnik.de\/wp-content\/uploads\/2018\/02\/Hohe-Reichweite.png\" alt=\"Y\u00fcksek menzil\" class=\"alignleft size-full wp-image-12477\" title=\"\"><br \/>\n[temiz]<br \/>\nY\u00fcksek menzil<\/div>\n<div class=\"newskasten\">\n<img decoding=\"async\" src=\"https:\/\/konferenztechnik.de\/wp-content\/uploads\/2018\/02\/AktiveGeraeuschuunterdrueckung.png\" alt=\"Aktif g\u00fcr\u00fclt\u00fc engelleme\" class=\"alignleft size-full wp-image-12470\" title=\"\"><br \/>\n[temiz]<br \/>\nAktif g\u00fcr\u00fclt\u00fc engelleme<\/div>\n<div class=\"newskasten\">\n<img loading=\"lazy\" decoding=\"async\" src=\"https:\/\/konferenztechnik.de\/wp-content\/uploads\/2018\/02\/AutomatischesFrequenz-undStoerungsmanagement.png\" alt=\"Otomatik frekans ve ar\u0131za y\u00f6netimi\" width=\"83\" height=\"83\" class=\"alignleft size-full wp-image-12460\" title=\"\"><br \/>\n[temiz]<br \/>\nOtomatik frekans ve<br \/>\nAr\u0131za y\u00f6netimi<\/div>\n<div class=\"newskasten\">\n<img decoding=\"async\" src=\"https:\/\/konferenztechnik.de\/wp-content\/uploads\/2018\/02\/Barrierefreiheit-fuer-Schwerhoerige.png\" alt=\"\u0130\u015fitme engelliler i\u00e7in eri\u015filebilirlik\" class=\"alignleft size-full wp-image-12477\" title=\"\"><br \/>\n[temiz]<br \/>\nEri\u015filebilirlik<br \/>\ni\u015fitme engelliler i\u00e7in<\/div>\n<div class=\"newskasten\">\n<img decoding=\"async\" src=\"https:\/\/konferenztechnik.de\/wp-content\/uploads\/2018\/02\/Lange-Betriebszeiten.png\" alt=\"Uzun \u00e7al\u0131\u015fma s\u00fcreleri\" class=\"alignleft size-full wp-image-12470\" title=\"\"><br \/>\n[temiz]<br \/>\nUzun<br \/>\n\u00c7al\u0131\u015fma saatleri<\/div>\n<div class=\"newskasten\">\n<img loading=\"lazy\" decoding=\"async\" src=\"https:\/\/konferenztechnik.de\/wp-content\/uploads\/2018\/02\/32-Gruppen-Gleichzeitig.png\" alt=\"32 Grup ayn\u0131 anda\" width=\"83\" height=\"83\" class=\"alignleft size-full wp-image-12460\" title=\"\"><br \/>\n[temiz]<br \/>\n32 gruba kadar<br \/>\nayn\u0131 zamanda<\/div>\n<\/div>\n<p>[temiz]<\/p>\n<h2>Aksesuarlar<\/h2>\n<p><img decoding=\"async\" src=\"https:\/\/konferenztechnik.de\/wp-content\/uploads\/2018\/02\/DT-287-Unite.jpg\" alt=\"DT 287 UNITE 80 Ohm, kulakl\u0131k\" width=\"850\" class=\"alignnone size-full wp-image-12615\" title=\"\"><\/p>\n<p>DT 287 UNITE 80 Ohm, kulakl\u0131k<br \/>\nKondenser mikrofonlu (kardioid) ve d\u00f6ner mafsall\u0131 tek kulak\/i\u015fitme\/konu\u015fma kombinasyonu<br \/>\n[spacer size=\"10\u2033]<br \/>\n[list icon=\"moon-checkmark\" color=\"#a62055\u2033] Kapal\u0131 kulakl\u0131klar[\/list]<br \/>\n[list icon=\"moon-checkmark\" color=\"#a62055\u2033] Do\u011frudan beslenen mikrofonlu \u00f6zel versiyon[\/list]<br \/>\n[list icon=\"moon-checkmark\" color=\"#a62055\u2033] 6 pimli ba\u011flant\u0131, yaln\u0131zca K109.25 veya di\u011fer DT 109 serisi kablolarla i\u015flevseldir[\/list]<br \/>\n[list icon=\"moon-checkmark\" color=\"#a62055\u2033] Yumu\u015fak, \u00e7evresel kulak pedleri, kulak pedlerini de\u011fi\u015ftirmek i\u00e7in pratik t\u0131klama sistemi[\/list]<\/p>\n<p>[spacer size=\"30\u2033]<\/p>\n<p><img decoding=\"async\" src=\"https:\/\/konferenztechnik.de\/wp-content\/uploads\/2018\/02\/TG-H56.jpg\" alt=\"DT 287 UNITE 80 Ohm, kulakl\u0131k\" width=\"850\" class=\"alignnone size-full wp-image-12615\" title=\"\"><br \/>\nTG H56, kondansat\u00f6rl\u00fc kulakl\u0131kl\u0131 mikrofon (\u00e7ok y\u00f6nl\u00fc)<br \/>\nKolay kullan\u0131m, do\u011fal ses ve optimum uyum \u2013 - TG H56 kulakl\u0131kl\u0131 mikrofonun \u00f6zellikleri basit\u00e7e \u00f6zetlenebilir. \u0130ster sahnede, ister m\u00fczikallerde, tiyatroda veya sunucular i\u00e7in olsun: TG H56 dengeli sesi ve g\u00f6ze batmayan g\u00f6r\u00fcn\u00fcm\u00fcyle etkileyicidir.<\/p>\n<p>\u00c7\u0131kar\u0131labilir kablo, boyundaki ayarlanabilir mekanizma ve d\u00f6ner kulak kancalar\u0131 sayesinde TG H56 maksimum esneklik sunar ve neredeyse her kafa \u015fekline, hatta \u00e7ocuk kafalar\u0131na bile uyar. \u00c7ok y\u00f6nl\u00fc \u00f6zelli\u011fi sayesinde kolay konumland\u0131rma ile birlikte TG H56 herkes i\u00e7in en iyi kulakl\u0131kt\u0131r.<br \/>\n[spacer size=\"10\u2033]<\/p>\n<p>[list icon=\"moon-checkmark\" color=\"#a62055\u2033] do\u011fal ses[\/list]<\/p>\n<p>[list icon=\"moon-checkmark\" color=\"#a62055\u2033] \u00c7ok y\u00f6nl\u00fc karakteristik[\/list]<\/p>\n<p>[list icon=\"moon-checkmark\" color=\"#a62055\u2033] \u00e7ok y\u00f6nl\u00fc \u00f6zelli\u011fi nedeniyle yak\u0131nl\u0131k etkisi yok[\/list]<\/p>\n<p>[list icon=\"moon-checkmark\" color=\"#a62055\u2033] k\u00fc\u00e7\u00fck kaps\u00fcl \u00f8 3mm[\/list]<\/p>\n<p>[list icon=\"moon-checkmark\" color=\"#a62055\u2033] y\u00fcksek maks. ses bas\u0131n\u00e7 seviyesi (127 dB)[\/list]<\/p>\n<p>[list icon=\"moon-checkmark\" color=\"#a62055\u2033] y\u00fcksek SNR, d\u00fc\u015f\u00fck \u00f6z g\u00fcr\u00fclt\u00fc[\/list]<\/p>\n<p>[list icon=\"moon-checkmark\" color=\"#a62055\u2033] telkari mekani\u011fi[\/list]<\/p>\n<p>[list icon=\"moon-checkmark\" color=\"#a62055\u2033] ayarlanabilir boyun mekanizmas\u0131[\/list]<\/p>\n<p>[list icon=\"moon-checkmark\" color=\"#a62055\u2033] kaps\u00fcl\u00fc sa\u011fa veya sola konumland\u0131rmak i\u00e7in d\u00f6nd\u00fcr\u00fclebilir kulak kancalar\u0131[\/list]<\/p>\n<p>[list icon=\"moon-checkmark\" color=\"#a62055\u2033] \u00c7\u0131kar\u0131labilir kablo[\/list]<\/p>\n<p>[spacer size=\"30\u2033]<\/p>\n<h2>Beyerdynamic UNITE \u2013 Sat\u0131n Al\u0131nabilirlik<\/h2>\n<p>UNITE sistemi bu y\u0131l\u0131n \u015eubat ay\u0131nda ISE 2018'de tan\u0131t\u0131ld\u0131 ve halen son test a\u015famas\u0131nda. Sistem kullan\u0131labilir hale gelir gelmez buradan bildirece\u011fiz.<\/p>\n<p><a href=\"https:\/\/konferenztechnik.de\/tr\/beyerdynamic-unite-zi%cc%87yaretci%cc%87-yoenlendi%cc%87rme-si%cc%87stemi%cc%87\/\">Beyerdynamic UNITE \u2013 ISE'den \u0130zlenimler<\/a><\/p>\n<p><a href=\"https:\/\/konferenztechnik.de\/tr\/beyerdynamic-unite-iletisim-sistemi\/\">\u00dcr\u00fcn tan\u0131t\u0131m\u0131: Beyerdynamic UNITE<\/a><br \/>\n<a href=\"\/tr\/kisisel-rehberlik-sistemi-satin-alin\/\">Yolcu y\u00f6nlendirme sistemlerine genel bak\u0131\u015f<\/a><\/p>","protected":false},"excerpt":{"rendered":"<p>Beyerdynamic UNITE digitale F\u00fchrungsanlage \u2013 technische Daten [spacer size=&#8220;30&#8243;] Unite RP-T Taschenempf\u00e4nger mit Talkback-Funktion [list icon=&#8220;moon-checkmark&#8220; color=&#8220;#a62055&#8243;] Austauschbarer Lithium-Akku[\/list] [list icon=&#8220;moon-checkmark&#8220; color=&#8220;#a62055&#8243;] Mehr als 20 Stunden Betriebsdauer[\/list] [list icon=&#8220;moon-checkmark&#8220; color=&#8220;#a62055&#8243;] Ladekontakte &#038; USB-Ladem\u00f6glichkeit[\/list] [list icon=&#8220;moon-checkmark&#8220; color=&#8220;#a62055&#8243;] Kopfh\u00f6rer \/ Headset[\/list] [list icon=&#8220;moon-checkmark&#8220; color=&#8220;#a62055&#8243;] Induktions-Nackenschlaufe f\u00fcr H\u00f6rbehinderte[\/list] [list icon=&#8220;moon-checkmark&#8220; color=&#8220;#a62055&#8243;] Internes Mikrofon[\/list] [list icon=&#8220;moon-checkmark&#8220; color=&#8220;#a62055&#8243;] Talkback[\/list] [spacer [&hellip;]<\/p>","protected":false},"author":1,"featured_media":45482,"parent":0,"menu_order":0,"comment_status":"closed","ping_status":"closed","template":"","meta":{"_acf_changed":false,"footnotes":""},"class_list":["post-12605","page","type-page","status-publish","has-post-thumbnail","hentry"],"acf":[],"_links":{"self":[{"href":"https:\/\/konferenztechnik.de\/tr\/wp-json\/wp\/v2\/pages\/12605","targetHints":{"allow":["GET"]}}],"collection":[{"href":"https:\/\/konferenztechnik.de\/tr\/wp-json\/wp\/v2\/pages"}],"about":[{"href":"https:\/\/konferenztechnik.de\/tr\/wp-json\/wp\/v2\/types\/page"}],"author":[{"embeddable":true,"href":"https:\/\/konferenztechnik.de\/tr\/wp-json\/wp\/v2\/users\/1"}],"replies":[{"embeddable":true,"href":"https:\/\/konferenztechnik.de\/tr\/wp-json\/wp\/v2\/comments?post=12605"}],"version-history":[{"count":0,"href":"https:\/\/konferenztechnik.de\/tr\/wp-json\/wp\/v2\/pages\/12605\/revisions"}],"wp:featuredmedia":[{"embeddable":true,"href":"https:\/\/konferenztechnik.de\/tr\/wp-json\/wp\/v2\/media\/45482"}],"wp:attachment":[{"href":"https:\/\/konferenztechnik.de\/tr\/wp-json\/wp\/v2\/media?parent=12605"}],"curies":[{"name":"wp","href":"https:\/\/api.w.org\/{rel}","templated":true}]}}