{"id":12682,"date":"2018-02-08T10:37:08","date_gmt":"2018-02-08T09:37:08","guid":{"rendered":"https:\/\/www.konferenztechnik.de\/?page_id=12682"},"modified":"2023-07-05T11:00:32","modified_gmt":"2023-07-05T09:00:32","slug":"shure-microflex-komple-konferans-si%cc%87stemi%cc%87","status":"publish","type":"page","link":"https:\/\/konferenztechnik.de\/tr\/shure-microflex-komple-konferans-si%cc%87stemi%cc%87\/","title":{"rendered":"Shure Microflex Komple konferans sistemi"},"content":{"rendered":"<h1>Shure Microflex Komple Konferans Sistemi \u2013 ISE'den \u0130zlenimler<\/h1>\n<p><img decoding=\"async\" src=\"https:\/\/konferenztechnik.de\/wp-content\/uploads\/2018\/02\/Shure-Microflex-Complete-Conferencing-System.jpg\" alt=\"Shure Microflex Komple Konferans Sistemi\" width=\"1200\" class=\"alignnone size-full wp-image-12559\" title=\"\"><\/p>\n<h2>Shure, Microflex Komple Konferans Sistemini sunar<\/h2>\n<p>Yeni Shure Microflex konferans sisteminin kablolu ve kablosuz versiyonlar\u0131 mevcuttur.<\/p>\n<p><img fetchpriority=\"high\" decoding=\"async\" src=\"https:\/\/konferenztechnik.de\/wp-content\/uploads\/2018\/02\/Shure-MicroflexComplete-Konferenzanlage.jpg\" alt=\"Shure Microflex konferans sistemi\" width=\"1200\" height=\"750\" class=\"alignnone size-full wp-image-12561\" title=\"\"><\/p>\n<h2>Shure Microflex Komple kablosuz mikrofon \u00fcniteleri<\/h2>\n<p>Arka planda ta\u015f\u0131nabilir mikrofon \u00fcnitelerinin pilleri i\u00e7in \u015farj istasyonunu g\u00f6rebilirsiniz (10 saate kadar \u00e7al\u0131\u015fma s\u00fcresine sahip lityum-iyon piller).<\/p>\n<p><img decoding=\"async\" src=\"https:\/\/konferenztechnik.de\/wp-content\/uploads\/2018\/02\/shure-Microflex-Complete-Sprechstelle.jpg\" alt=\"Shure Microflex mikrofon \u00fcnitesi\" width=\"1200\" height=\"750\" class=\"alignnone size-full wp-image-12558\" title=\"\"><\/p>\n<h2>Kablosuz interkom istasyonu<\/h2>\n<p>Modern tasar\u0131m t\u00fcm odalar i\u00e7in uygundur. \u0130\u015f\u00e7ilik \u00e7ok iyi bir izlenim b\u0131rak\u0131yor. Mat y\u00fczeyi ve sade tasar\u0131m\u0131 ger\u00e7ekten \u00e7ok seviyoruz.<\/p>\n<p><img decoding=\"async\" src=\"https:\/\/konferenztechnik.de\/wp-content\/uploads\/2018\/02\/shure-sprechstelle-detail.jpg\" alt=\"Microflex Komple konferans sistemi\" width=\"1200\" height=\"750\" class=\"alignnone size-full wp-image-12560\" title=\"\"><\/p>\n<h2> Microflex Complete en ileri teknolojide<\/h2>\n<p>Renkli dokunmatik ekranlar (t\u00fcm modellerde yoktur) toplant\u0131 bilgileri, kontroller ve oylama se\u00e7ene\u011fi sunar. Entegre bir NFC kimlik kart\u0131 okuyucusu kat\u0131l\u0131mc\u0131lar\u0131 tan\u0131mlayabilir.<\/p>\n<p><img loading=\"lazy\" decoding=\"async\" src=\"https:\/\/konferenztechnik.de\/wp-content\/uploads\/2018\/02\/MXCWAPT.jpg\" alt=\"MXCWAPT\" width=\"1200\" height=\"750\" class=\"alignnone size-full wp-image-12556\" title=\"\"><\/p>\n<h2>MXCW-APT \u2013 dijital konferans sistemi i\u00e7in ak\u0131ll\u0131 ve daha g\u00fcvenli kontrol merkezi<\/h2>\n<p>Basit ve h\u0131zl\u0131 kurulum, g\u00fcvenli RF performans\u0131 (2.4GHz\/5GHz Wifi), g\u00fcvenli AES-128 bit ses ve veri \u015fifreleme (MXCW = Microflex Complete Wireless \u2013 APT = Access Point)<\/p>\n<p><img loading=\"lazy\" decoding=\"async\" src=\"https:\/\/konferenztechnik.de\/wp-content\/uploads\/2018\/02\/MXCW-Konferenzanlage.jpg\" alt=\"MXCW - Konferans sistemi\" width=\"1200\" height=\"750\" class=\"alignnone size-full wp-image-12556\" title=\"\"><\/p>\n<h2>MXCW Yaz\u0131l\u0131m\u0131 \u2013 \u00c7al\u0131\u015ft\u0131rma ve kurulum<\/h2>\n<p>Shure konferans sistemi, kullan\u0131c\u0131lar i\u00e7in farkl\u0131 roller ve eri\u015fim haklar\u0131na sahip modern, taray\u0131c\u0131 tabanl\u0131 bir kullan\u0131c\u0131 aray\u00fcz\u00fc ile kontrol edilir.<\/p>\n<h2>Ba\u011flant\u0131lar ve daha fazla bilgi<\/h2>\n<ul>\n<li><a href=\"https:\/\/konferenztechnik.de\/tr\/shure-microflex-komple-konferans-si%cc%87stemi%cc%87-2\/\">\u00dcr\u00fcn tan\u0131t\u0131m\u0131: Shure Microflex Complete<\/a><\/li>\n<\/ul>","protected":false},"excerpt":{"rendered":"<p>Shure Microflex Komple Konferans Sistemi \u2013 ISE'den \u0130zlenimler Shure, Microflex Komple Konferans Sistemini sunar Yeni Shure Microflex konferans sisteminin kablolu ve kablosuz versiyonlar\u0131 mevcuttur. Kablosuz mikrofon \u00fcniteleri Shure Microflex Complete Arka planda ta\u015f\u0131nabilir mikrofon \u00fcnitelerinin pilleri i\u00e7in \u015farj istasyonunu g\u00f6rebilirsiniz (10 saate kadar \u00e7al\u0131\u015fma s\u00fcresine sahip lityum-iyon piller). Bu [...]<\/p>","protected":false},"author":1,"featured_media":45482,"parent":0,"menu_order":0,"comment_status":"closed","ping_status":"closed","template":"","meta":{"_acf_changed":false,"footnotes":""},"class_list":["post-12682","page","type-page","status-publish","has-post-thumbnail","hentry"],"acf":[],"_links":{"self":[{"href":"https:\/\/konferenztechnik.de\/tr\/wp-json\/wp\/v2\/pages\/12682","targetHints":{"allow":["GET"]}}],"collection":[{"href":"https:\/\/konferenztechnik.de\/tr\/wp-json\/wp\/v2\/pages"}],"about":[{"href":"https:\/\/konferenztechnik.de\/tr\/wp-json\/wp\/v2\/types\/page"}],"author":[{"embeddable":true,"href":"https:\/\/konferenztechnik.de\/tr\/wp-json\/wp\/v2\/users\/1"}],"replies":[{"embeddable":true,"href":"https:\/\/konferenztechnik.de\/tr\/wp-json\/wp\/v2\/comments?post=12682"}],"version-history":[{"count":0,"href":"https:\/\/konferenztechnik.de\/tr\/wp-json\/wp\/v2\/pages\/12682\/revisions"}],"wp:featuredmedia":[{"embeddable":true,"href":"https:\/\/konferenztechnik.de\/tr\/wp-json\/wp\/v2\/media\/45482"}],"wp:attachment":[{"href":"https:\/\/konferenztechnik.de\/tr\/wp-json\/wp\/v2\/media?parent=12682"}],"curies":[{"name":"wp","href":"https:\/\/api.w.org\/{rel}","templated":true}]}}