{"id":12706,"date":"2018-02-08T12:07:25","date_gmt":"2018-02-08T11:07:25","guid":{"rendered":"https:\/\/www.konferenztechnik.de\/?page_id=12706"},"modified":"2023-07-05T15:10:16","modified_gmt":"2023-07-05T13:10:16","slug":"shure-microflex-komple-konferans-si%cc%87stemi%cc%87-2","status":"publish","type":"page","link":"https:\/\/konferenztechnik.de\/tr\/shure-microflex-komple-konferans-si%cc%87stemi%cc%87-2\/","title":{"rendered":"Shure Microflex Komple konferans sistemi"},"content":{"rendered":"<h1>Shure Microflex Komple konferans sistemi \u2013 \u00dcr\u00fcn tan\u0131t\u0131m\u0131<\/h1>\n<div class=\"call-action-slider-img\">\n<p><img decoding=\"async\" class=\"alignleft size-full wp-image-12412\" src=\"https:\/\/konferenztechnik.de\/wp-content\/uploads\/2018\/02\/shure-microflex-konferenz.jpg\" alt=\"Shure Microflex konferans sistemi\" title=\"\"><\/p>\n<p><button class=\"bbtn popmake-12386\">Fiyat teklifi isteyin \u203a<\/button><\/p>\n<\/div>\n<p>Microflex Komple Kablosuz Sistem, toplant\u0131 ve konferanslar i\u00e7in kurulum s\u00fcresini en aza indirir. Modern ve sade tasar\u0131m\u0131 zarif ve dikkat \u00e7ekicidir ve hem modern hem de tarihi odalara uyum sa\u011flar. \u0130\u015f\u00e7ilik \u00e7ok y\u00fcksek kalitededir. Kullan\u0131m\u0131 sezgisel ve basittir.<\/p>\n<p><img decoding=\"async\" class=\"alignleft size-full wp-image-12412\" src=\"https:\/\/konferenztechnik.de\/wp-content\/uploads\/2018\/02\/sprechstelle-shure-microflex-complete.jpg\" alt=\"\u0130nterkom istasyonu Shure Microflex Komple\" title=\"\"><\/p>\n<h2>Teknik \u00f6zellikler Shure Microflex konferans sistemi<\/h2>\n<ul>\n<li style=\"line-height: 1.4em; padding-bottom: 10px;\">2.4GHz\/5GHz Wifi a\u011f\u0131nda g\u00fcvenli RF performans\u0131<\/li>\n<li style=\"line-height: 1.4em; padding-bottom: 10px;\">Otomatik parazit alg\u0131lama ve \u00f6nleme teknolojisi sayesinde sinyal kayb\u0131 olmadan kusursuz iletim (olas\u0131 parazitleri \u00f6nceden alg\u0131lar ve otomatik olarak bo\u015f frekanslara ge\u00e7er)<\/li>\n<li style=\"line-height: 1.4em; padding-bottom: 10px;\">Oturum i\u00e7eri\u011finin gizli kalmas\u0131 i\u00e7in g\u00fcvenilir AES-128 \u015fifreleme<\/li>\n<li style=\"line-height: 1.4em; padding-bottom: 10px;\">Bir MXCW-APT eri\u015fim noktas\u0131, ek yaz\u0131l\u0131m veya lisans olmadan 125 adede kadar \u2013 konferans \u00fcnitesini y\u00f6netebilir<\/li>\n<li style=\"line-height: 1.4em; padding-bottom: 10px;\">Ola\u011fan\u00fcst\u00fc ses kalitesi ve radyo sinyallerinden kaynaklanan parazitlere kar\u015f\u0131 ba\u011f\u0131\u015f\u0131kl\u0131k i\u00e7in Microflex kaps\u00fcllere ve CommShield teknolojisine sahip deveboynu mikrofonlar<\/li>\n<li style=\"line-height: 1.4em; padding-bottom: 10px;\">Mikrofonlar\u0131n etkinle\u015ftirilmesi otomatik veya bireysel olarak ayarlanabilir<\/li>\n<li style=\"line-height: 1.4em; padding-bottom: 10px;\">Elektronik oylama, g\u00fcndem y\u00f6netimi, kat\u0131l\u0131mc\u0131 tan\u0131mlama<\/li>\n<\/ul>\n<p><img decoding=\"async\" class=\"alignleft size-full wp-image-12412\" src=\"https:\/\/konferenztechnik.de\/wp-content\/uploads\/2018\/02\/shure-microflex-complete-drahtgebunden.jpg\" alt=\"Shure Microflex Komple\" title=\"\"><\/p>\n<h2>Microflex Complete \u2013 kablolu konferans sistemi<\/h2>\n<p>Microflex Komple tart\u0131\u015fma ve konferans sistemi, konferans salonlar\u0131na, mahkeme salonlar\u0131na ve toplant\u0131 odalar\u0131na kolayca entegre edilebilen masa \u00fcst\u00fc montaj veya masa kurulumu i\u00e7in bir dizi konferans mikrofon \u00fcnitesinden olu\u015fur.<\/p>\n<p><img decoding=\"async\" class=\"alignleft size-full wp-image-12412\" src=\"https:\/\/konferenztechnik.de\/wp-content\/uploads\/2018\/02\/Shure-Microflex-Complete.jpg\" alt=\"Shure Microflex Komple terc\u00fcman konsolu\" title=\"\"><br \/>\nYeni Microflex Complete konferans sisteminin portf\u00f6y\u00fc, en son DIN\/ISO standard\u0131na uygun bir terc\u00fcman masas\u0131 ile tamamlan\u0131yor.<\/p>\n<p>A\u00e7\u0131k olan bir \u015fey var: yeni tart\u0131\u015fma sisteminin hem kablosuz hem de kablolu versiyonlar\u0131 gelecekteki bir\u00e7ok proje i\u00e7in ilk tercih olabilir. Kiraland\u0131\u011f\u0131nda, kablosuz mikrofon \u00fcniteleri 10 saate kadar \u00e7al\u0131\u015fma s\u00fcresiyle neredeyse her yerde kullan\u0131labilir. G\u00fcvenli \u015fifreleme sayesinde h\u00fck\u00fcmetler, yetkililer ve denetleme kurullar\u0131 taraf\u0131ndan d\u00fczenlenen konferanslarda da g\u00fcvenle kullan\u0131labilirler. Bu yeni sistemden \u00e7ok memnunuz.<\/p>\n<h2>Ba\u011flant\u0131lar ve daha fazla bilgi<\/h2>\n<ul>\n<li><a href=\"https:\/\/konferenztechnik.de\/tr\/shure-microflex-komple-konferans-si%cc%87stemi%cc%87\/\">Shure Microflex Complete \u2013 ISE 2018'den \u0130zlenimler<\/a><\/li>\n<\/ul>","protected":false},"excerpt":{"rendered":"<p>Shure Microflex Complete Konferenzanlage \u2013 Produktvorstellung Angebot anfordern \u203a Das Microflex Complete Wireless System minimiert die Einrichtungs- und Aufbauzeit bei Besprechungen und Konferenzen. Das moderne, schlichte Design ist formsch\u00f6n und dezent und passt sowohl in moderne als auch historische R\u00e4ume. Die Verarbeitung ist sehr hochwertig. Die Bedienung ist intuitiv und einfach. Technik-Highlights Shure Microflex Konferenzsystem [&hellip;]<\/p>","protected":false},"author":1,"featured_media":45482,"parent":0,"menu_order":0,"comment_status":"closed","ping_status":"closed","template":"","meta":{"_acf_changed":false,"footnotes":""},"class_list":["post-12706","page","type-page","status-publish","has-post-thumbnail","hentry"],"acf":[],"_links":{"self":[{"href":"https:\/\/konferenztechnik.de\/tr\/wp-json\/wp\/v2\/pages\/12706","targetHints":{"allow":["GET"]}}],"collection":[{"href":"https:\/\/konferenztechnik.de\/tr\/wp-json\/wp\/v2\/pages"}],"about":[{"href":"https:\/\/konferenztechnik.de\/tr\/wp-json\/wp\/v2\/types\/page"}],"author":[{"embeddable":true,"href":"https:\/\/konferenztechnik.de\/tr\/wp-json\/wp\/v2\/users\/1"}],"replies":[{"embeddable":true,"href":"https:\/\/konferenztechnik.de\/tr\/wp-json\/wp\/v2\/comments?post=12706"}],"version-history":[{"count":0,"href":"https:\/\/konferenztechnik.de\/tr\/wp-json\/wp\/v2\/pages\/12706\/revisions"}],"wp:featuredmedia":[{"embeddable":true,"href":"https:\/\/konferenztechnik.de\/tr\/wp-json\/wp\/v2\/media\/45482"}],"wp:attachment":[{"href":"https:\/\/konferenztechnik.de\/tr\/wp-json\/wp\/v2\/media?parent=12706"}],"curies":[{"name":"wp","href":"https:\/\/api.w.org\/{rel}","templated":true}]}}