{"id":12864,"date":"2018-02-22T14:13:05","date_gmt":"2018-02-22T13:13:05","guid":{"rendered":"https:\/\/www.konferenztechnik.de\/?page_id=12864"},"modified":"2024-12-20T17:54:10","modified_gmt":"2024-12-20T16:54:10","slug":"referanslar","status":"publish","type":"page","link":"https:\/\/konferenztechnik.de\/tr\/referanslar\/","title":{"rendered":"Referanslar"},"content":{"rendered":"<div data-elementor-type=\"wp-page\" data-elementor-id=\"12864\" class=\"elementor elementor-12864\" data-elementor-post-type=\"page\">\n\t\t\t\t<div data-particle_enable=\"false\" data-particle-mobile-disabled=\"false\" class=\"elementor-element elementor-element-6b54d28 e-flex e-con-boxed e-con e-parent\" data-id=\"6b54d28\" data-element_type=\"container\">\n\t\t\t\t\t<div class=\"e-con-inner\">\n\t\t<div data-particle_enable=\"false\" data-particle-mobile-disabled=\"false\" class=\"elementor-element elementor-element-750c93c e-flex e-con-boxed e-con e-child\" data-id=\"750c93c\" data-element_type=\"container\">\n\t\t\t\t\t<div class=\"e-con-inner\">\n\t\t\t\t<div class=\"elementor-element elementor-element-00d6b1e elementor-widget elementor-widget-heading\" data-id=\"00d6b1e\" data-element_type=\"widget\" data-widget_type=\"heading.default\">\n\t\t\t\t<div class=\"elementor-widget-container\">\n\t\t\t\t\t<h1 class=\"elementor-heading-title elementor-size-default\">Referanslar<\/h1>\t\t\t\t<\/div>\n\t\t\t\t<\/div>\n\t\t\t\t\t<\/div>\n\t\t\t\t<\/div>\n\t\t<div data-particle_enable=\"false\" data-particle-mobile-disabled=\"false\" class=\"elementor-element elementor-element-29ebfdd e-flex e-con-boxed e-con e-child\" data-id=\"29ebfdd\" data-element_type=\"container\">\n\t\t\t\t\t<div class=\"e-con-inner\">\n\t\t<div data-particle_enable=\"false\" data-particle-mobile-disabled=\"false\" class=\"elementor-element elementor-element-e02e7e1 e-flex e-con-boxed e-con e-child\" data-id=\"e02e7e1\" data-element_type=\"container\">\n\t\t\t\t\t<div class=\"e-con-inner\">\n\t\t<div data-particle_enable=\"false\" data-particle-mobile-disabled=\"false\" class=\"elementor-element elementor-element-6effb54 e-con-full e-flex e-con e-child\" data-id=\"6effb54\" data-element_type=\"container\" data-settings=\"{&quot;background_background&quot;:&quot;classic&quot;}\">\n\t\t\t\t<div class=\"elementor-element elementor-element-1de0fb2 elementor-widget elementor-widget-heading\" data-id=\"1de0fb2\" data-element_type=\"widget\" data-widget_type=\"heading.default\">\n\t\t\t\t<div class=\"elementor-widget-container\">\n\t\t\t\t\t<h2 class=\"elementor-heading-title elementor-size-default\">Kurulum ve sat\u0131\u015f<\/h2>\t\t\t\t<\/div>\n\t\t\t\t<\/div>\n\t\t\t\t<div class=\"elementor-element elementor-element-857935e elementor-widget elementor-widget-text-editor\" data-id=\"857935e\" data-element_type=\"widget\" data-widget_type=\"text-editor.default\">\n\t\t\t\t<div class=\"elementor-widget-container\">\n\t\t\t\t\t\t\t\t\t<ul><li>1. FC Union Berlin e.V.<\/li><li>Adolf W\u00fcrth GmbH &amp; Co. KG Grup Merkezi K\u00fcnzelsau<\/li><li>Answers GmbH \u2013 Berlin<\/li><li>August Storck KG Berlin<\/li><li>A\u00dcW Allg\u00e4uer \u00dcberlandwerk GmbH Kempten<\/li><li>Ardex GmbH \u2013 Witten<\/li><li>Berlin Katedrali Berlin<\/li><li>Berlin Beuth Uygulamal\u0131 Bilimler \u00dcniversitesi<\/li><li>Amerika Birle\u015fik Devletleri Berlin B\u00fcy\u00fckel\u00e7ili\u011fi<\/li><li>Federal \u00c7al\u0131\u015fma ve Sosyal \u0130\u015fler Bakanl\u0131\u011f\u0131 Berlin<\/li><li>Berlin Federal Konseyi<\/li><li>CBC Cologne Broadcasting Centre GmbH K\u00f6ln<\/li><li>CCH Kongre Merkezi Hamburg<\/li><li>CCD Kongre Merkezi D\u00fcsseldorf Messe D\u00fcsseldorf<\/li><li>DEGES Deutsche Einheit Fernstra\u00dfenplanungs- und -bau GmbH Berlin<\/li><li>Deutsche Apotheker- und \u00c4rztebank Genel M\u00fcd\u00fcrl\u00fck D\u00fcsseldorf<\/li><li>Deutsche Bank AG Genel Merkezi Frankfurt\/Main<\/li><li>Deutschlandradio Berlin<\/li><li>Ecolab Almanya Monheim<\/li><li>Berlin Avrupa Akademisi<\/li><li>Fritz Thyssen Vakf\u0131 \u2013 Alman Tarih Enstit\u00fcs\u00fc Moskova<\/li><li>Fritz Thyssen Vakf\u0131 \u2013 Fritz Thyssen Vakf\u0131 \u2013 K\u00f6ln Evi<\/li><li>GEA Refrigeration Germany GmbH \u2013 Berlin<\/li><li>Burbach Belediyesi<\/li><li>Dossenheim Belediyesi<\/li><li>Gerda Henkel Vakf\u0131 D\u00fcsseldorf<\/li><li>GSK Stockmann &amp; Kollegen hukuk b\u00fcrosu Berlin ofisi<\/li><li>Hostel K\u00f6ln \u2013 K\u00f6ln<\/li><li>Berlin \u0130bero-Amerikan Enstit\u00fcs\u00fc<\/li><li>Istituto Italiano di Cultura (\u0130talyan K\u00fclt\u00fcr Enstit\u00fcs\u00fc) Berlin<\/li><li>KfW Bank Berlin konumu<\/li><li>Komatsu Mining Germany GmbH D\u00fcsseldorf<\/li><li>B\u00f6lge Tasarruf Bankas\u0131 Heilbronn<\/li><li>Berlin Eyaleti Sa\u011fl\u0131k ve Sosyal \u0130\u015fler Dairesi (LAGeSo)<\/li><li>Oder-Spree b\u00f6lgesi<\/li><li>Stendal B\u00f6lgesi<\/li><li>Kuzey Ren-Vestfalya Eyalet Parlamentosu<\/li><li>MAN Truck &amp; Bus Deutschland GmbH Berlin<\/li><li>Berlin \u0130leti\u015fim M\u00fczesi<\/li><li>D\u00fcsseldorf Kunstpalast M\u00fczesi<\/li><li>Normfest GmbH Velbert<\/li><li>Alt Landsberg Brandenburg Belediye Binas\u0131<\/li><li>Falkensee Belediye Binas\u0131 Falkensee<\/li><li>Rauch M\u00f6belwerke GmbH Freudenberg<\/li><li>Robert Schumann Hall D\u00fcsseldorf<\/li><li>E\u011fitim ve K\u00fclt\u00fcr \u0130\u015fleri Bakanlar\u0131 Daimi Konferans\u0131 Sekretaryas\u0131 Berlin<\/li><li>Senato \u00c7al\u0131\u015fma, Uyum ve Kad\u0131n Sorunlar\u0131 Dairesi Berlin<\/li><li>Berlin Ekonomi, Teknoloji ve Ara\u015ft\u0131rma Senat\u00f6rl\u00fc\u011f\u00fc<\/li><li>Mettmann \u015eehri<\/li><li>Vodafone Services Group GmbH \u2013 Ratingen<\/li><li>Weiss-Druck GmbH &amp; Co. KG \u2013 Monschau<\/li><li>WILO AG Dortmund<\/li><li>ZDF Mainz<\/li><li style=\"font-size: 17.6px;\">ve daha fazlas\u0131...<\/li><\/ul>\t\t\t\t\t\t\t\t<\/div>\n\t\t\t\t<\/div>\n\t\t\t\t<\/div>\n\t\t<div data-particle_enable=\"false\" data-particle-mobile-disabled=\"false\" class=\"elementor-element elementor-element-f18b78d e-con-full e-flex e-con e-child\" data-id=\"f18b78d\" data-element_type=\"container\" data-settings=\"{&quot;background_background&quot;:&quot;classic&quot;}\">\n\t\t\t\t<div class=\"elementor-element elementor-element-0e8cbef elementor-widget elementor-widget-heading\" data-id=\"0e8cbef\" data-element_type=\"widget\" data-widget_type=\"heading.default\">\n\t\t\t\t<div class=\"elementor-widget-container\">\n\t\t\t\t\t<h2 class=\"elementor-heading-title elementor-size-default\">Konferanslar ve etkinlikler<\/h2>\t\t\t\t<\/div>\n\t\t\t\t<\/div>\n\t\t\t\t<div class=\"elementor-element elementor-element-eac4742 elementor-widget elementor-widget-text-editor\" data-id=\"eac4742\" data-element_type=\"widget\" data-widget_type=\"text-editor.default\">\n\t\t\t\t<div class=\"elementor-widget-container\">\n\t\t\t\t\t\t\t\t\t<ul>\n<li>ABB LTD.<\/li>\n<li>Abbott GmbH &amp; Co. KG<\/li>\n<li>W\u00fcrth Grup<\/li>\n<li>BMW Grubu<\/li>\n<li>Alman Yay\u0131nc\u0131lar ve Kitap\u00e7\u0131lar Birli\u011fi<\/li>\n<li>Bosch Rexroth AG<\/li>\n<li>ABD B\u00fcy\u00fckel\u00e7ili\u011fi<\/li>\n<li>BP Petrol Pazarlama<\/li>\n<li>BPW \u2013 Bergische Achsen<\/li>\n<li>Brahms AG<\/li>\n<li>B. Braun Melsungen AG<\/li>\n<li>Federal M\u00fctercimler ve Terc\u00fcmanlar Birli\u011fi (BD\u00dc)<\/li>\n<li>Federal Anayasa Mahkemesi<\/li>\n<li>Daimler AG<\/li>\n<li>Deichmann<\/li>\n<li>DFB \u2013 Alman Futbol Federasyonu e.V.<\/li>\n<li>Dieter Schwarz Vakf\u0131 kar amac\u0131 g\u00fctmeyen kurulu\u015f<\/li>\n<li>FIFA \u2013 F\u00e9d\u00e9ration Internationale de Football Association<\/li>\n<li>Fritz Thyssen Vakf\u0131<\/li>\n<li>Fujifilm<\/li>\n<li>DMG Mori Seiki AG<\/li>\n<li>Drees &amp; Sommer AG<\/li>\n<li>Ecolab Almanya GmbH<\/li>\n<li>Ford Werke AG<\/li>\n<li>Berlin \u00d6zg\u00fcr \u00dcniversitesi<\/li>\n<li>EASA \u2013 Avrupa Havac\u0131l\u0131k G\u00fcvenli\u011fi Ajans\u0131<\/li>\n<li>GETRAG International GmbH<\/li>\n<li>D\u00fcsseldorf El Sanatlar\u0131 Odas\u0131<\/li>\n<li>HeidelbergCement AG<\/li>\n<li>Henry Schein Dental Germany GmbH<\/li>\n<li>Niederrhein Uygulamal\u0131 Bilimler \u00dcniversitesi<\/li>\n<li>Hochtief AG<\/li>\n<li>ICG \u2013 \u0130novasyon Kongresi GmbH<\/li>\n<li>IHK D\u00fcsseldorf<\/li>\n<li>Kl\u00f6ckner AG<\/li>\n<li>KPMG<\/li>\n<li>NRW Eyalet Parlamentosu<\/li>\n<li>Lidl Dienstleistung GmbH &amp; Co. KG<\/li>\n<li>LKA D\u00fcsseldorf<\/li>\n<li>LR Health &amp; Beauty Systems GmbH<\/li>\n<li>Lufthansa Cargo AG<\/li>\n<li>Ravensbr\u00fcck An\u0131t\u0131 ve Anma Merkezi<\/li>\n<li>Metro AG<\/li>\n<li>Nachi Europe GmbH<\/li>\n<li>REWE Zentral AG<\/li>\n<li>Rheinzink GmbH &amp; Co KG<\/li>\n<li>Sachtleben Chemie GmbH<\/li>\n<li>Santander Bank<\/li>\n<li>SCC EVENTS GmbH<\/li>\n<li>Sony Avrupa<\/li>\n<li>Sterling Ak\u0131\u015fkan<\/li>\n<li>Targobank<\/li>\n<li>Telef\u00f3nica Deutschland Holding AG<\/li>\n<li>TEREX<\/li>\n<li>ThyssenKrupp AG<\/li>\n<li>Unilever Deutschland Holding GmbH<\/li>\n<li>Heidelberg \u00dcniversitesi<\/li>\n<li>Vaillant GmbH<\/li>\n<li>Alman \u00c7imento Fabrikalar\u0131 Birli\u011fi<\/li>\n<li>VISTEON Almanya GmbH<\/li>\n<li>WINGAS GmbH<\/li><li>ve daha fazlas\u0131...<\/li>\n<\/ul>\t\t\t\t\t\t\t\t<\/div>\n\t\t\t\t<\/div>\n\t\t\t\t<\/div>\n\t\t\t\t\t<\/div>\n\t\t\t\t<\/div>\n\t\t\t\t\t<\/div>\n\t\t\t\t<\/div>\n\t\t\t\t\t<\/div>\n\t\t\t\t<\/div>\n\t\t<div data-particle_enable=\"false\" data-particle-mobile-disabled=\"false\" class=\"elementor-element elementor-element-90c64e1 e-flex e-con-boxed e-con e-parent\" data-id=\"90c64e1\" data-element_type=\"container\">\n\t\t\t\t\t<div class=\"e-con-inner\">\n\t\t\t\t<div class=\"elementor-element elementor-element-3d32499 elementor-widget elementor-widget-shortcode\" data-id=\"3d32499\" data-element_type=\"widget\" data-widget_type=\"shortcode.default\">\n\t\t\t\t<div class=\"elementor-widget-container\">\n\t\t\t\t\t\t\t<div class=\"elementor-shortcode\">\t\t<div data-elementor-type=\"container\" data-elementor-id=\"29227\" class=\"elementor elementor-29227\" data-elementor-post-type=\"elementor_library\">\n\t\t\t\t<div data-particle_enable=\"false\" data-particle-mobile-disabled=\"false\" class=\"elementor-element elementor-element-1149edd e-flex e-con-boxed e-con e-parent\" data-id=\"1149edd\" data-element_type=\"container\">\n\t\t\t\t\t<div class=\"e-con-inner\">\n\t\t\t\t<div class=\"elementor-element elementor-element-637047c7 elementor-icon-list--layout-traditional elementor-list-item-link-full_width elementor-widget elementor-widget-icon-list\" data-id=\"637047c7\" data-element_type=\"widget\" data-widget_type=\"icon-list.default\">\n\t\t\t\t<div class=\"elementor-widget-container\">\n\t\t\t\t\t\t\t<ul class=\"elementor-icon-list-items\">\n\t\t\t\t\t\t\t<li class=\"elementor-icon-list-item\">\n\t\t\t\t\t\t\t\t\t\t\t<a href=\"\/tr\/isler\/\">\n\n\t\t\t\t\t\t\t\t\t\t\t\t<span class=\"elementor-icon-list-icon\">\n\t\t\t\t\t\t\t<svg aria-hidden=\"true\" class=\"e-font-icon-svg e-fas-chevron-right\" viewbox=\"0 0 320 512\" xmlns=\"http:\/\/www.w3.org\/2000\/svg\"><path d=\"M285.476 272.971L91.132 467.314c-9.373 9.373-24.569 9.373-33.941 0l-22.667-22.667c-9.357-9.357-9.375-24.522-.04-33.901L188.505 256 34.484 101.255c-9.335-9.379-9.317-24.544.04-33.901l22.667-22.667c9.373-9.373 24.569-9.373 33.941 0L285.475 239.03c9.373 9.372 9.373 24.568.001 33.941z\"><\/path><\/svg>\t\t\t\t\t\t<\/span>\n\t\t\t\t\t\t\t\t\t\t<span class=\"elementor-icon-list-text\">i\u015fler<\/span>\n\t\t\t\t\t\t\t\t\t\t\t<\/a>\n\t\t\t\t\t\t\t\t\t<\/li>\n\t\t\t\t\t\t\t\t<li class=\"elementor-icon-list-item\">\n\t\t\t\t\t\t\t\t\t\t\t<a href=\"\/tr\/egitim\/\">\n\n\t\t\t\t\t\t\t\t\t\t\t\t<span class=\"elementor-icon-list-icon\">\n\t\t\t\t\t\t\t<svg aria-hidden=\"true\" class=\"e-font-icon-svg e-fas-chevron-right\" viewbox=\"0 0 320 512\" xmlns=\"http:\/\/www.w3.org\/2000\/svg\"><path d=\"M285.476 272.971L91.132 467.314c-9.373 9.373-24.569 9.373-33.941 0l-22.667-22.667c-9.357-9.357-9.375-24.522-.04-33.901L188.505 256 34.484 101.255c-9.335-9.379-9.317-24.544.04-33.901l22.667-22.667c9.373-9.373 24.569-9.373 33.941 0L285.475 239.03c9.373 9.372 9.373 24.568.001 33.941z\"><\/path><\/svg>\t\t\t\t\t\t<\/span>\n\t\t\t\t\t\t\t\t\t\t<span class=\"elementor-icon-list-text\">E\u011fitim<\/span>\n\t\t\t\t\t\t\t\t\t\t\t<\/a>\n\t\t\t\t\t\t\t\t\t<\/li>\n\t\t\t\t\t\t\t\t<li class=\"elementor-icon-list-item\">\n\t\t\t\t\t\t\t\t\t\t\t<a href=\"\/tr\/biz\/\">\n\n\t\t\t\t\t\t\t\t\t\t\t\t<span class=\"elementor-icon-list-icon\">\n\t\t\t\t\t\t\t<svg aria-hidden=\"true\" class=\"e-font-icon-svg e-fas-chevron-right\" viewbox=\"0 0 320 512\" xmlns=\"http:\/\/www.w3.org\/2000\/svg\"><path d=\"M285.476 272.971L91.132 467.314c-9.373 9.373-24.569 9.373-33.941 0l-22.667-22.667c-9.357-9.357-9.375-24.522-.04-33.901L188.505 256 34.484 101.255c-9.335-9.379-9.317-24.544.04-33.901l22.667-22.667c9.373-9.373 24.569-9.373 33.941 0L285.475 239.03c9.373 9.372 9.373 24.568.001 33.941z\"><\/path><\/svg>\t\t\t\t\t\t<\/span>\n\t\t\t\t\t\t\t\t\t\t<span class=\"elementor-icon-list-text\">Bu biziz.<\/span>\n\t\t\t\t\t\t\t\t\t\t\t<\/a>\n\t\t\t\t\t\t\t\t\t<\/li>\n\t\t\t\t\t\t\t\t<li class=\"elementor-icon-list-item\">\n\t\t\t\t\t\t\t\t\t\t\t<a href=\"\/tr\/si%cc%87rket-profi%cc%87li%cc%87\/\">\n\n\t\t\t\t\t\t\t\t\t\t\t\t<span class=\"elementor-icon-list-icon\">\n\t\t\t\t\t\t\t<svg aria-hidden=\"true\" class=\"e-font-icon-svg e-fas-chevron-right\" viewbox=\"0 0 320 512\" xmlns=\"http:\/\/www.w3.org\/2000\/svg\"><path d=\"M285.476 272.971L91.132 467.314c-9.373 9.373-24.569 9.373-33.941 0l-22.667-22.667c-9.357-9.357-9.375-24.522-.04-33.901L188.505 256 34.484 101.255c-9.335-9.379-9.317-24.544.04-33.901l22.667-22.667c9.373-9.373 24.569-9.373 33.941 0L285.475 239.03c9.373 9.372 9.373 24.568.001 33.941z\"><\/path><\/svg>\t\t\t\t\t\t<\/span>\n\t\t\t\t\t\t\t\t\t\t<span class=\"elementor-icon-list-text\">\u015eirket Profili<\/span>\n\t\t\t\t\t\t\t\t\t\t\t<\/a>\n\t\t\t\t\t\t\t\t\t<\/li>\n\t\t\t\t\t\t\t\t<li class=\"elementor-icon-list-item\">\n\t\t\t\t\t\t\t\t\t\t\t<a href=\"\/tr\/pcler-icin-10-iyi-neden\/\">\n\n\t\t\t\t\t\t\t\t\t\t\t\t<span class=\"elementor-icon-list-icon\">\n\t\t\t\t\t\t\t<svg aria-hidden=\"true\" class=\"e-font-icon-svg e-fas-chevron-right\" viewbox=\"0 0 320 512\" xmlns=\"http:\/\/www.w3.org\/2000\/svg\"><path d=\"M285.476 272.971L91.132 467.314c-9.373 9.373-24.569 9.373-33.941 0l-22.667-22.667c-9.357-9.357-9.375-24.522-.04-33.901L188.505 256 34.484 101.255c-9.335-9.379-9.317-24.544.04-33.901l22.667-22.667c9.373-9.373 24.569-9.373 33.941 0L285.475 239.03c9.373 9.372 9.373 24.568.001 33.941z\"><\/path><\/svg>\t\t\t\t\t\t<\/span>\n\t\t\t\t\t\t\t\t\t\t<span class=\"elementor-icon-list-text\">PCS i\u00e7in 10 iyi neden<\/span>\n\t\t\t\t\t\t\t\t\t\t\t<\/a>\n\t\t\t\t\t\t\t\t\t<\/li>\n\t\t\t\t\t\t\t\t<li class=\"elementor-icon-list-item\">\n\t\t\t\t\t\t\t\t\t\t\t<a href=\"\/tr\/vi%cc%87zyon-suerdueruelebi%cc%87li%cc%87rli%cc%87k\/\">\n\n\t\t\t\t\t\t\t\t\t\t\t\t<span class=\"elementor-icon-list-icon\">\n\t\t\t\t\t\t\t<svg aria-hidden=\"true\" class=\"e-font-icon-svg e-fas-chevron-right\" viewbox=\"0 0 320 512\" xmlns=\"http:\/\/www.w3.org\/2000\/svg\"><path d=\"M285.476 272.971L91.132 467.314c-9.373 9.373-24.569 9.373-33.941 0l-22.667-22.667c-9.357-9.357-9.375-24.522-.04-33.901L188.505 256 34.484 101.255c-9.335-9.379-9.317-24.544.04-33.901l22.667-22.667c9.373-9.373 24.569-9.373 33.941 0L285.475 239.03c9.373 9.372 9.373 24.568.001 33.941z\"><\/path><\/svg>\t\t\t\t\t\t<\/span>\n\t\t\t\t\t\t\t\t\t\t<span class=\"elementor-icon-list-text\">Vizyon, s\u00fcrd\u00fcr\u00fclebilirlik<\/span>\n\t\t\t\t\t\t\t\t\t\t\t<\/a>\n\t\t\t\t\t\t\t\t\t<\/li>\n\t\t\t\t\t\t\t\t<li class=\"elementor-icon-list-item\">\n\t\t\t\t\t\t\t\t\t\t\t<a href=\"\/tr\/cesitlilik\/\">\n\n\t\t\t\t\t\t\t\t\t\t\t\t<span class=\"elementor-icon-list-icon\">\n\t\t\t\t\t\t\t<svg aria-hidden=\"true\" class=\"e-font-icon-svg e-fas-chevron-right\" viewbox=\"0 0 320 512\" xmlns=\"http:\/\/www.w3.org\/2000\/svg\"><path d=\"M285.476 272.971L91.132 467.314c-9.373 9.373-24.569 9.373-33.941 0l-22.667-22.667c-9.357-9.357-9.375-24.522-.04-33.901L188.505 256 34.484 101.255c-9.335-9.379-9.317-24.544.04-33.901l22.667-22.667c9.373-9.373 24.569-9.373 33.941 0L285.475 239.03c9.373 9.372 9.373 24.568.001 33.941z\"><\/path><\/svg>\t\t\t\t\t\t<\/span>\n\t\t\t\t\t\t\t\t\t\t<span class=\"elementor-icon-list-text\">\u00c7e\u015fitlilik ve farkl\u0131l\u0131k<\/span>\n\t\t\t\t\t\t\t\t\t\t\t<\/a>\n\t\t\t\t\t\t\t\t\t<\/li>\n\t\t\t\t\t\t\t\t<li class=\"elementor-icon-list-item\">\n\t\t\t\t\t\t\t\t\t\t\t<a href=\"\/tr\/referanslar\/\">\n\n\t\t\t\t\t\t\t\t\t\t\t\t<span class=\"elementor-icon-list-icon\">\n\t\t\t\t\t\t\t<svg aria-hidden=\"true\" class=\"e-font-icon-svg e-fas-chevron-right\" viewbox=\"0 0 320 512\" xmlns=\"http:\/\/www.w3.org\/2000\/svg\"><path d=\"M285.476 272.971L91.132 467.314c-9.373 9.373-24.569 9.373-33.941 0l-22.667-22.667c-9.357-9.357-9.375-24.522-.04-33.901L188.505 256 34.484 101.255c-9.335-9.379-9.317-24.544.04-33.901l22.667-22.667c9.373-9.373 24.569-9.373 33.941 0L285.475 239.03c9.373 9.372 9.373 24.568.001 33.941z\"><\/path><\/svg>\t\t\t\t\t\t<\/span>\n\t\t\t\t\t\t\t\t\t\t<span class=\"elementor-icon-list-text\">Projeler, Referanslar<\/span>\n\t\t\t\t\t\t\t\t\t\t\t<\/a>\n\t\t\t\t\t\t\t\t\t<\/li>\n\t\t\t\t\t\t\t\t<li class=\"elementor-icon-list-item\">\n\t\t\t\t\t\t\t\t\t\t\t<a href=\"\/tr\/muesteri%cc%87-referanslari\/\">\n\n\t\t\t\t\t\t\t\t\t\t\t\t<span class=\"elementor-icon-list-icon\">\n\t\t\t\t\t\t\t<svg aria-hidden=\"true\" class=\"e-font-icon-svg e-fas-chevron-right\" viewbox=\"0 0 320 512\" xmlns=\"http:\/\/www.w3.org\/2000\/svg\"><path d=\"M285.476 272.971L91.132 467.314c-9.373 9.373-24.569 9.373-33.941 0l-22.667-22.667c-9.357-9.357-9.375-24.522-.04-33.901L188.505 256 34.484 101.255c-9.335-9.379-9.317-24.544.04-33.901l22.667-22.667c9.373-9.373 24.569-9.373 33.941 0L285.475 239.03c9.373 9.372 9.373 24.568.001 33.941z\"><\/path><\/svg>\t\t\t\t\t\t<\/span>\n\t\t\t\t\t\t\t\t\t\t<span class=\"elementor-icon-list-text\">M\u00fc\u015fteri referanslar\u0131<\/span>\n\t\t\t\t\t\t\t\t\t\t\t<\/a>\n\t\t\t\t\t\t\t\t\t<\/li>\n\t\t\t\t\t\t\t\t<li class=\"elementor-icon-list-item\">\n\t\t\t\t\t\t\t\t\t\t\t<a href=\"\/tr\/haberler\/\">\n\n\t\t\t\t\t\t\t\t\t\t\t\t<span class=\"elementor-icon-list-icon\">\n\t\t\t\t\t\t\t<svg aria-hidden=\"true\" class=\"e-font-icon-svg e-fas-chevron-right\" viewbox=\"0 0 320 512\" xmlns=\"http:\/\/www.w3.org\/2000\/svg\"><path d=\"M285.476 272.971L91.132 467.314c-9.373 9.373-24.569 9.373-33.941 0l-22.667-22.667c-9.357-9.357-9.375-24.522-.04-33.901L188.505 256 34.484 101.255c-9.335-9.379-9.317-24.544.04-33.901l22.667-22.667c9.373-9.373 24.569-9.373 33.941 0L285.475 239.03c9.373 9.372 9.373 24.568.001 33.941z\"><\/path><\/svg>\t\t\t\t\t\t<\/span>\n\t\t\t\t\t\t\t\t\t\t<span class=\"elementor-icon-list-text\">Haberler<\/span>\n\t\t\t\t\t\t\t\t\t\t\t<\/a>\n\t\t\t\t\t\t\t\t\t<\/li>\n\t\t\t\t\t\t<\/ul>\n\t\t\t\t\t\t<\/div>\n\t\t\t\t<\/div>\n\t\t\t\t\t<\/div>\n\t\t\t\t<\/div>\n\t\t\t\t<\/div>\n\t\t<\/div>\n\t\t\t\t\t\t<\/div>\n\t\t\t\t<\/div>\n\t\t\t\t\t<\/div>\n\t\t\t\t<\/div>\n\t\t\t\t<\/div>","protected":false},"excerpt":{"rendered":"<p>Referanslar Kurulum ve sat\u0131\u015f 1. FC Union Berlin e.V. Adolf W\u00fcrth GmbH &amp; Co. KG Kurumsal Merkez K\u00fcnzelsau Answers GmbH \u2013 Berlin August Storck KG Berlin A\u00dcW Allg\u00e4uer \u00dcberlandwerk GmbH Kempten Ardex GmbH \u2013 Witten Berliner Dom Berlin Beuth Hochschule f\u00fcr Technik Berlin Amerika Birle\u015fik Devletleri B\u00fcy\u00fckel\u00e7ili\u011fi Berlin Federal \u00c7al\u0131\u015fma ve Sosyal \u0130\u015fler Bakanl\u0131\u011f\u0131 Berlin Bundesrat Berlin [...]<\/p>","protected":false},"author":1,"featured_media":45482,"parent":0,"menu_order":0,"comment_status":"closed","ping_status":"closed","template":"","meta":{"_acf_changed":false,"footnotes":""},"class_list":["post-12864","page","type-page","status-publish","has-post-thumbnail","hentry"],"acf":[],"_links":{"self":[{"href":"https:\/\/konferenztechnik.de\/tr\/wp-json\/wp\/v2\/pages\/12864","targetHints":{"allow":["GET"]}}],"collection":[{"href":"https:\/\/konferenztechnik.de\/tr\/wp-json\/wp\/v2\/pages"}],"about":[{"href":"https:\/\/konferenztechnik.de\/tr\/wp-json\/wp\/v2\/types\/page"}],"author":[{"embeddable":true,"href":"https:\/\/konferenztechnik.de\/tr\/wp-json\/wp\/v2\/users\/1"}],"replies":[{"embeddable":true,"href":"https:\/\/konferenztechnik.de\/tr\/wp-json\/wp\/v2\/comments?post=12864"}],"version-history":[{"count":0,"href":"https:\/\/konferenztechnik.de\/tr\/wp-json\/wp\/v2\/pages\/12864\/revisions"}],"wp:featuredmedia":[{"embeddable":true,"href":"https:\/\/konferenztechnik.de\/tr\/wp-json\/wp\/v2\/media\/45482"}],"wp:attachment":[{"href":"https:\/\/konferenztechnik.de\/tr\/wp-json\/wp\/v2\/media?parent=12864"}],"curies":[{"name":"wp","href":"https:\/\/api.w.org\/{rel}","templated":true}]}}