{"id":13037,"date":"2018-05-02T18:50:17","date_gmt":"2018-05-02T17:50:17","guid":{"rendered":"https:\/\/www.konferenztechnik.de\/?page_id=13037"},"modified":"2023-09-01T13:16:24","modified_gmt":"2023-09-01T11:16:24","slug":"sennheiser-tourguide-satin-al","status":"publish","type":"page","link":"https:\/\/konferenztechnik.de\/tr\/sennheiser-tourguide-satin-al\/","title":{"rendered":"Sennheiser Tourguide Sat\u0131n Al\u0131n"},"content":{"rendered":"<h1>Sennheiser Tourguide 2020 D Sat\u0131n Al\u0131n<\/h1>\n<div class=\"call-action-slider-img\">\n<img decoding=\"async\" src=\"https:\/\/konferenztechnik.de\/wp-content\/uploads\/2018\/05\/EK-2020-D-II-kaufen.jpg\" alt=\"Sennheiser Tourguide&#039;\u0131 PCS Konferenztechnik&#039;ten sat\u0131n al\u0131n\" class=\"alignnone size-full wp-image-12201\" title=\"\"><br \/>\n<button class=\"bbtn popmake-12226\">Fiyat teklifi isteyin &#x9B;<\/button><\/div>\n<h2>Al\u0131c\u0131 EK 2020-D-II<\/h2>\n<p>[spacer size=\"10\u2033]<\/p>\n<p>\u00c7ok sa\u011flam, \u00e7ok y\u00f6nl\u00fc bodypack al\u0131c\u0131<br \/>\nRehberli turlar, konferanslar ve i\u015fitme yard\u0131m\u0131 alanlar\u0131nda kullan\u0131m i\u00e7in ideal: sadece do\u011fru kulakl\u0131\u011f\u0131 se\u00e7in<br \/>\nveya T-bobinli i\u015fitme cihazlar\u0131n\u0131n kullan\u0131m\u0131 i\u00e7in ind\u00fcksiyon d\u00f6ng\u00fcs\u00fc, tamam! Y\u00fcksek frekans i\u00e7in dijital sinyal iletimi<br \/>\nSes kalitesi ve sezgisel kullan\u0131m konsepti benzersizdir. Ses seviyesi, al\u0131m kalitesi, pil durumu ve al\u0131m kanal\u0131<br \/>\narkadan ayd\u0131nlatmal\u0131 bir LCD ekrandan okunur. Entegre bir klips g\u00f6mlek, kemer veya kordona tak\u0131lmas\u0131na olanak tan\u0131r.<\/p>\n<p>1: Arkadan ayd\u0131nlatmal\u0131 LCD ekran, al\u0131m kanal\u0131, ses seviyesi, pil durumu ve al\u0131m kalitesi hakk\u0131nda bilgi sa\u011flar<\/p>\n<p>2: Kanal se\u00e7im d\u00fc\u011fmeleri<\/p>\n<p>3: Ses seviyesi kontrol\u00fc<\/p>\n<p>Otomatik kapanma fonksiyonu (verici kapat\u0131ld\u0131\u011f\u0131nda veya<br \/>\nKulakl\u0131klar\u0131n \u00e7\u0131kar\u0131lmas\u0131) pil tasarrufu sa\u011flar (16 saate kadar pil \u00f6mr\u00fc). D\u0131\u015f mekanda \u00e7ekim mesafesi yakla\u015f\u0131k 100 metredir,<br \/>\nkapal\u0131 odalarda yakla\u015f\u0131k 50 metre.<\/p>\n<hr style=\"background-color:#999999; margin-bottom:30px;\">\n<div class=\"call-action-slider-img\">\n<img decoding=\"async\" src=\"https:\/\/konferenztechnik.de\/wp-content\/uploads\/2018\/05\/HDE-2020-D-II-kaufen.jpg\" alt=\"PCS Konferenztechnik&#039;ten Sennheiser \u00e7ene deste\u011fi tur rehberi sat\u0131n al\u0131n\" class=\"alignnone size-full wp-image-12201\" title=\"\"><\/p>\n<\/div>\n<h2>Al\u0131c\u0131 HDE 2020-D-II<\/h2>\n<p>[spacer size=\"10\u2033]<\/p>\n<p>Dinleyicilerinizin takmas\u0131 i\u00e7in rahat olan \u00e7ene dayamal\u0131 kulakl\u0131klar\u0131n a\u011f\u0131rl\u0131\u011f\u0131<br \/>\nsadece 70 gr. Kar\u0131\u015f\u0131k kablolar olmadan bir al\u0131c\u0131 ve kulakl\u0131k bir arada. Dinleyiciler yanlar\u0131nda ger\u00e7ekten gerekli olandan fazlas\u0131n\u0131 ta\u015f\u0131mak zorunda kalmazlar.<br \/>\nTelefonun g\u00fc\u00e7l\u00fc bataryas\u0131 8 saate kadar \u00e7al\u0131\u015fma s\u00fcresi sa\u011flar, b\u00f6ylece \u015fehirde t\u00fcm g\u00fcn boyunca bir tur bile m\u00fcmk\u00fcnd\u00fcr.<br \/>\nbir k\u00fclt\u00fcr merkezi veya b\u00fcy\u00fck bir \u015firket. Kulakl\u0131\u011f\u0131 takt\u0131\u011f\u0131n\u0131zda ve \u00e7\u0131kard\u0131\u011f\u0131n\u0131zda otomatik olarak a\u00e7\u0131l\u0131r<br \/>\nve kapal\u0131. Bu pil tasarrufu sa\u011flar.<\/p>\n<p>\u00c7enelik al\u0131c\u0131s\u0131n\u0131n \u00e7ekim mesafesi d\u0131\u015f mekanlarda yakla\u015f\u0131k 100 metre, i\u00e7 mekanlarda ise yakla\u015f\u0131k 100 metredir.<br \/>\nodalar yakla\u015f\u0131k 50 metre.<\/p>\n<hr style=\"background-color:#999999; margin-bottom:30px;\">\n<div class=\"call-action-slider-img\">\n<img decoding=\"async\" src=\"https:\/\/konferenztechnik.de\/wp-content\/uploads\/2018\/05\/SK-2020-D-kaufen.jpg\" alt=\"Sennheiser Tourguide bodypack verici sat\u0131n al\u0131n\" class=\"alignnone size-full wp-image-12201\" title=\"\"><\/p>\n<\/div>\n<h2>SK 2020-D cep vericisi<\/h2>\n<p>[spacer size=\"10\u2033]<\/p>\n<p>Bodypack verici ve kulakl\u0131kl\u0131 mikrofon (HS 2-ew) kombinasyonu, tur s\u0131ras\u0131nda size maksimum hareket \u00f6zg\u00fcrl\u00fc\u011f\u00fc sa\u011flar.<br \/>\nBir nesneyi sakince a\u00e7\u0131klayabilir veya bir nesneyi iki elinizle g\u00f6sterebilirsiniz.<br \/>\nAyr\u0131ca, siz konu\u015fmaya devam ederken harici ses kaynaklar\u0131n\u0131 \u2013 \u00e7almak i\u00e7in vericinin hat giri\u015fini kullanabilir veya<br \/>\nmikrofonun sesini kapat\u0131n. Verici \u00e7ok sezgisel bir \u015fekilde \u00e7al\u0131\u015ft\u0131r\u0131labilir, arkadan ayd\u0131nlatmal\u0131 ekran sizi<br \/>\nkanal ayar\u0131, pil durumu ve mikrofon ve hat giri\u015fi i\u00e7in seviye. Verici sa\u011flamd\u0131r<br \/>\nmetal g\u00f6vdesi ile.<\/p>\n<hr style=\"background-color:#999999; margin-bottom:30px;\">\n<div class=\"call-action-slider-img\">\n<img decoding=\"async\" src=\"https:\/\/konferenztechnik.de\/wp-content\/uploads\/2018\/05\/SKM-2020-D-kaufen.jpg\" alt=\"Sennheiser Tourguide el vericisi sat\u0131n al\u0131n\" class=\"alignnone size-full wp-image-12201\" title=\"\"><\/p>\n<\/div>\n<h2>SKM 2020-D el tipi verici<\/h2>\n<p>[spacer size=\"10\u2033]<\/p>\n<p>SKM 2020-D el mikrofonu istenmeyen arka plan g\u00fcr\u00fclt\u00fcs\u00fcn\u00fc engeller. \u00c7ok sa\u011flam vericisinin kullan\u0131m\u0131 kolay ve rahatt\u0131r. Arkadan ayd\u0131nlatmal\u0131 ekran iletim kanal\u0131n\u0131 ve<br \/>\nPil durumu g\u00f6r\u00fcnt\u00fclenir. \u015earj edilebilir pil, 8 saate kadar s\u00fcren turlara olanak tan\u0131r.<\/p>\n<p>1: A\u00e7ma\/kapama d\u00fc\u011fmesi<\/p>\n<p>2: D\u00f6nd\u00fcr\u00fclebilir ve \u00e7\u0131kar\u0131labilir kapak (\u00e7al\u0131\u015fma elemanlar\u0131n\u0131 korumak i\u00e7in)<\/p>\n<p>3: Pil b\u00f6lmesi<\/p>\n<hr style=\"background-color:#999999; margin-bottom:30px;\">\n<div class=\"call-action-slider-img\">\n<img decoding=\"async\" src=\"https:\/\/konferenztechnik.de\/wp-content\/uploads\/2018\/05\/EZL-2020-20-L-kaufen.jpg\" alt=\"Sennheiser Tourguide aksesuarlar\u0131 sat\u0131n al\u0131n\" class=\"alignnone size-full wp-image-12201\" title=\"\"><\/p>\n<\/div>\n<h2>\u015earj kutusu EZL 2020-20-L<\/h2>\n<p>[spacer size=\"10\u2033]<\/p>\n<p>olarak kullan\u0131labilen y\u00fckleme durumu<br \/>\nT\u00fcm ekipmanlar\u0131n\u0131z i\u00e7in depolama alan\u0131n\u0131n yan\u0131 s\u0131ra ahizeler ve vericiler i\u00e7in bir \u015farj istasyonu. 20 \u015farj yuvas\u0131 i\u00e7in<br \/>\nBu ama\u00e7la bir \u00e7ene kay\u0131\u015f\u0131 al\u0131c\u0131s\u0131 ve verici i\u00e7in iki \u015farj yuvas\u0131 ve bir yedek pil sa\u011flanm\u0131\u015ft\u0131r.<br \/>\nYe\u015fil \"Kopyala\" d\u00fc\u011fmesi \u00e7ok fazla i\u015f tasarrufu sa\u011flar: Bir el cihaz\u0131n\u0131 istenen al\u0131m kanal\u0131na ayarlay\u0131n ve d\u00fc\u011fmeye bas\u0131n,<br \/>\nve kullan\u0131lan t\u00fcm al\u0131c\u0131lar otomatik olarak ayn\u0131 frekansa ve orta ses seviyesine ayarlan\u0131r.<\/p>\n<hr style=\"background-color:#999999; margin-bottom:30px;\">\n<div class=\"call-action-slider-img\">\n<img decoding=\"async\" src=\"https:\/\/konferenztechnik.de\/wp-content\/uploads\/2018\/05\/EK2020-Mikro.jpg\" alt=\"Kulakl\u0131kl\u0131 Sennheiser Tourguide rehber sistemi\" class=\"alignnone size-full wp-image-12201\" title=\"\"><\/p>\n<\/div>\n<div class=\"call-action-slider-img\">\n<img decoding=\"async\" src=\"https:\/\/konferenztechnik.de\/wp-content\/uploads\/2018\/05\/sennheiser-personenfuehrung-tourguide.jpg\" alt=\"Sennheiser Tourguide ki\u015fisel y\u00f6nlendirme sistemi \u00e7ene deste\u011fi\" class=\"alignnone size-full wp-image-12201\" title=\"\"><br \/>\n<button class=\"bbtn popmake-12226\">Fiyat teklifi isteyin &#x9B;<\/button><\/div>\n<div style=\"background-color:#f2f2f2; width:100%; display:block; margin-bottom:40px;\">\n<div style=\"text-align:center; width:100%; padding:left:10px; padding-top:18px;\"><img decoding=\"async\" src=\"https:\/\/konferenztechnik.de\/wp-content\/uploads\/2018\/05\/bewerten-happy.png\" alt=\"\" width=\"142\" height=\"42\" class=\"aligncenter size-full wp-image-13128\" title=\"\"><\/div>\n<div style=\"text-align:left; padding:10px;\">Eldiven gibi oturuyor! Tavsiyelerimizden yararlan\u0131n. Hangi k\u0131lavuz sisteminin hangi ortamda gereksinimlerinizi kar\u015f\u0131lad\u0131\u011f\u0131n\u0131 belirlemek i\u00e7in sizinle birlikte \u00e7al\u0131\u015fmaktan mutluluk duyaca\u011f\u0131z.<\/div>\n<\/div>\n<div class=\"callouthoch\">\n[callout add_button=\"no\" button_text=\"Learn More\" button_url=\"#\" button_color=\"#a62055\u2033]<br \/>\nBize do\u011frudan telefonla ula\u015fabilirsiniz:<br \/>\n[v_icon color=\"#a62055\u2033 size=\"20px\" target=\"_blank\" name=\"moon-phone-2\u2033] +49 211 737798 20<br \/>\n[\/callout]<\/div>\n<div class=\"callouthoch\">\n[callout add_button=\"no\" button_text=\"Learn More\" button_url=\"#\" button_color=\"#a62055\u2033]<br \/>\nL\u00fctfen sorular\u0131n\u0131z\u0131 e-posta ile g\u00f6nderin:<br \/>\n[v_icon color=\"#a62055\u2033 size=\"20px\" target=\"_blank\" name=\"moon-envelop-2\u2033] <a href=\"mailto:vertrieb@konferenztechnik.de\" onclick=\"ga('send', 'event', 'Email-Klick', 'F\u00fchrungsanlagen kaufen  Vertrieb');\"> vertrieb@konferenztechnik.de<\/a><br \/>\n[\/callout]<\/div>\n<p>[spacer size=\"10\u2033]<\/p>\n<div class=\"weiterlinks\" style=\"background-color:#ffffff;\">\n<h1>Di\u011fer ba\u011flant\u0131lar<\/h1>\n<p>[list icon=\"moon-arrow-right-2\u2033 color=\"#a62055\u2033]<a title=\"\u00c7ok dilli etkinlikler i\u00e7in destek\" href=\"\/tr\/kisisel-rehberlik-sistemi-satin-alin\/\">Yolcu y\u00f6nlendirme sistemleri i\u00e7in genel bak\u0131\u015f sayfas\u0131<\/a>[\/list]<br \/>\n[list icon=\"moon-arrow-right-2\u2033 color=\"#a62055\u2033]<a title=\"\u00c7ok dilli etkinlikler i\u00e7in destek\" href=\"\/tr\/beyerdynamic-unite-iletisim-sistemi\/\">Yak\u0131nda sat\u0131\u015fa sunulacak: Beyerdynamic Unite y\u00f6nlendirme sistemi<\/a>[\/list]<br \/>\n[list icon=\"moon-arrow-right-2\u2033 color=\"#a62055\u2033]<a title=\"\u00c7ok dilli etkinlikler i\u00e7in destek\" href=\"\/tr\/konferans-teknolojisi-satin-alin\/\">Konferans teknolojisi sat\u0131\u015flar\u0131<\/a>[\/list]<br \/>\n[list icon=\"moon-arrow-right-2\u2033 color=\"#a62055\u2033]<a title=\"Referanslar\" href=\"\/tr\/konferans-teknolojisi-ve-medya-sistemlerinin-kurulumu-ve-entegrasyonu\/\">Konferans ve medya teknolojisinin kurulumu<\/a>[\/list]<br \/>\n[list icon=\"moon-arrow-right-2\u2033 color=\"#a62055\u2033]<a title=\"Terc\u00fcmanlar i\u00e7in e\u011fitim ve hizmetler\" href=\"\/tr\/tercuemanlara-yoenelik-egitim-kurslari-ve-hizmetler\/\">Terc\u00fcmanlar i\u00e7in e\u011fitim ve hizmetler<\/a>[\/list]<br \/>\n[list icon=\"moon-arrow-right-2\u2033 color=\"#a62055\u2033]<a title=\"PCS i\u00e7in 10 iyi neden\" href=\"\/tr\/hakkimizda-2\/pcler-icin-10-iyi-neden\/\">PCS i\u00e7in 10 iyi neden<\/a>[\/list]<br \/>\n[list icon=\"moon-arrow-right-2\u2033 color=\"#a62055\u2033]<a title=\"PCS: Bir bak\u0131\u015fta t\u00fcm hizmetler\" href=\"\/tr\/hizmetler-2\/\">PCS: Bir bak\u0131\u015fta t\u00fcm hizmetler<\/a>[\/list]<\/ul>\n<\/div>\n<\/div>\n<p>[spacer size=\"20\u2033]<\/p>","protected":false},"excerpt":{"rendered":"<p>Sennheiser Tourguide 2020 D Sat\u0131n Al\u0131n Teklif isteyin &#x9B; Al\u0131c\u0131 EK 2020-D-II [spacer size=\"10\u2033] \u00c7ok sa\u011flam, \u00e7ok y\u00f6nl\u00fc bel tipi al\u0131c\u0131, rehberli turlar, konferanslar ve i\u015fitme yard\u0131m\u0131 alanlar\u0131nda kullan\u0131m i\u00e7in idealdir: T bobinli i\u015fitme cihazlar\u0131yla kullan\u0131m i\u00e7in uygun kulakl\u0131klar\u0131 veya ind\u00fcksiyon d\u00f6ng\u00fcs\u00fcn\u00fc se\u00e7meniz yeterlidir! Y\u00fcksek ses kalitesi i\u00e7in dijital sinyal iletimi ve sezgisel kullan\u0131m konsepti [...]<\/p>","protected":false},"author":1,"featured_media":45482,"parent":0,"menu_order":0,"comment_status":"closed","ping_status":"closed","template":"","meta":{"_acf_changed":false,"footnotes":""},"class_list":["post-13037","page","type-page","status-publish","has-post-thumbnail","hentry"],"acf":[],"_links":{"self":[{"href":"https:\/\/konferenztechnik.de\/tr\/wp-json\/wp\/v2\/pages\/13037","targetHints":{"allow":["GET"]}}],"collection":[{"href":"https:\/\/konferenztechnik.de\/tr\/wp-json\/wp\/v2\/pages"}],"about":[{"href":"https:\/\/konferenztechnik.de\/tr\/wp-json\/wp\/v2\/types\/page"}],"author":[{"embeddable":true,"href":"https:\/\/konferenztechnik.de\/tr\/wp-json\/wp\/v2\/users\/1"}],"replies":[{"embeddable":true,"href":"https:\/\/konferenztechnik.de\/tr\/wp-json\/wp\/v2\/comments?post=13037"}],"version-history":[{"count":0,"href":"https:\/\/konferenztechnik.de\/tr\/wp-json\/wp\/v2\/pages\/13037\/revisions"}],"wp:featuredmedia":[{"embeddable":true,"href":"https:\/\/konferenztechnik.de\/tr\/wp-json\/wp\/v2\/media\/45482"}],"wp:attachment":[{"href":"https:\/\/konferenztechnik.de\/tr\/wp-json\/wp\/v2\/media?parent=13037"}],"curies":[{"name":"wp","href":"https:\/\/api.w.org\/{rel}","templated":true}]}}