{"id":13130,"date":"2018-05-03T15:12:09","date_gmt":"2018-05-03T14:12:09","guid":{"rendered":"https:\/\/www.konferenztechnik.de\/?page_id=13130"},"modified":"2023-09-01T13:18:20","modified_gmt":"2023-09-01T11:18:20","slug":"beyerdynamic-synexis-satin-al","status":"publish","type":"page","link":"https:\/\/konferenztechnik.de\/tr\/beyerdynamic-synexis-satin-al\/","title":{"rendered":"Beyerdynamic Synexis Sat\u0131n Al\u0131n"},"content":{"rendered":"<h1>Beyerdynamic Synexis Sat\u0131n Al\u0131n<\/h1>\n<div class=\"call-action-slider-img\">\n<img decoding=\"async\" src=\"https:\/\/konferenztechnik.de\/wp-content\/uploads\/2018\/05\/Beyerdynamic-SYNEXIS-RP8-kaufen.jpg\" alt=\"Beyerdynamic Synexis&#039;i PCS Konferenztechnik&#039;ten sat\u0131n al\u0131n\" class=\"alignnone size-full wp-image-12201\" title=\"\"><br \/>\n<button class=\"bbtn popmake-12226\">Fiyat teklifi isteyin &#x9B;<\/button><\/div>\n<h2>SYNEXIS RP8 cep al\u0131c\u0131s\u0131<\/h2>\n<p>[spacer size=\"10\u2033]<\/p>\n<p>Synexis RP8 cep al\u0131c\u0131s\u0131 rehberli turlar, konferanslar veya \u00e7ok dilli terc\u00fcme uygulamalar\u0131 i\u00e7in idealdir. Mini jak ba\u011flant\u0131s\u0131na (3,5 mm) standart kulakl\u0131klar veya i\u015fitme cihaz\u0131 kullanan ki\u015filer i\u00e7in bir ind\u00fcksiyon d\u00f6ng\u00fcs\u00fc ba\u011flanabilir. Verici ve al\u0131c\u0131 aras\u0131ndaki g\u00f6r\u00fc\u015f hatt\u0131 ile menzil yakla\u015f\u0131k 100 metredir. Kanal, pil durumu ve frekans bilgileri ekranda net bir \u015fekilde g\u00f6sterilir. Al\u0131c\u0131, \u00e7\u0131kar\u0131labilir bir kemer klipsine tak\u0131labilir veya bir kordon ile boyuna tak\u0131labilir. Synexis RP8 iki adet NiMH \u015farj edilebilir pil veya 1,5 V AA pil ile \u00e7al\u0131\u015ft\u0131r\u0131labilir.<\/p>\n<p>1: Ses seviyesi kontrol\u00fc<\/p>\n<p>2: Mini jak \u00e7\u0131k\u0131\u015f\u0131<\/p>\n<p>3: Kanal se\u00e7im d\u00fc\u011fmeleri<\/p>\n<p>1: Arkadan ayd\u0131nlatmal\u0131 LCD ekran, al\u0131m kanal\u0131, ses seviyesi, pil durumu ve al\u0131m kalitesi hakk\u0131nda bilgi sa\u011flar<\/p>\n<hr style=\"background-color:#999999; margin-bottom:30px;\">\n<div class=\"call-action-slider-img\">\n<img decoding=\"async\" src=\"https:\/\/konferenztechnik.de\/wp-content\/uploads\/2018\/05\/TaschensenderSYNEXIS-TP8.jpg\" alt=\"SYNEXIS-TP8 bodypack verici sat\u0131n al\u0131n\" class=\"alignnone size-full wp-image-12201\" title=\"\"><\/p>\n<\/div>\n<h2>SYNEXIS TP8 bel tipi verici<\/h2>\n<p>[spacer size=\"10\u2033]<\/p>\n<p>Synexis TP8 bel tipi verici, rehberli turlar ve konferanslar i\u00e7in Synexis RP8 bel tipi al\u0131c\u0131 ile birlikte kullan\u0131l\u0131r. Verici ve al\u0131c\u0131 aras\u0131nda bir g\u00f6r\u00fc\u015f hatt\u0131 ile menzil yakla\u015f\u0131k 100 metredir. 4-pin mini XLR ba\u011flant\u0131s\u0131na bir mikrofon ba\u011flanabilir ve aux-in ba\u011flant\u0131s\u0131na harici bir ses kayna\u011f\u0131 ba\u011flanabilir. AUX giri\u015fi \u00fczerinden m\u00fczik veya herhangi bir ses sinyali \u00e7al\u0131nabilir. OLED ekran, kanal, pil durumu ve frekans\u0131n okunmas\u0131 \u00e7ok kolay bir \u015fekilde g\u00f6r\u00fcnt\u00fclenmesini sa\u011flar. Verici, iki adet NiMH \u015farj edilebilir pil veya 1,5 V AA pil ile \u00e7al\u0131\u015f\u0131r.<\/p>\n<p>1: Mini XLR giri\u015fi<\/p>\n<p>2: Mikrofon susturma i\u015flevi i\u00e7in basma d\u00fc\u011fmesi (susturma anahtar\u0131)<\/p>\n<p>3: Kanal se\u00e7im d\u00fc\u011fmeleri<\/p>\n<p>4: OLED ekran (kanal\u0131, pil durumunu, frekans\u0131 ve<br \/>\nKanal se\u00e7imi kilit fonksiyonu)<\/p>\n<p>5: Line-in giri\u015fi (MP3 \u00e7alar gibi bir ses sinyali kayna\u011f\u0131n\u0131 ba\u011flamak i\u00e7in,<br \/>\nStereo jak 3,5 mm)<\/p>\n<h3>\u00c7ok y\u00f6nl\u00fc cep vericisi<\/p>\n<h3>Farkl\u0131 mikrofonlara ve kulakl\u0131klara ek olarak, ek ses kaynaklar\u0131 ba\u011flanabilir ve ayr\u0131 giri\u015f \u00fczerinden beslenebilir. Bu kar\u0131\u015ft\u0131rma i\u015flevi, \u00f6rne\u011fin \u00e7ift y\u00f6nl\u00fc ileti\u015fim i\u00e7in m\u00fczik veya ikinci bir vericinin beslenmesini sa\u011flar.<\/p>\n<hr style=\"background-color:#999999; margin-bottom:30px;\">\n<div class=\"call-action-slider-img\">\n<img decoding=\"async\" src=\"https:\/\/konferenztechnik.de\/wp-content\/uploads\/2018\/05\/Handsender-SYNEXIS-TH8.jpg\" alt=\"SYNEXIS-TH8 el tipi verici sat\u0131n al\u0131n\" class=\"alignnone size-full wp-image-12201\" title=\"\"><\/p>\n<\/div>\n<h2>SYNEXIS TH8 el tipi verici<\/h2>\n<p>[spacer size=\"10\u2033]<\/p>\n<p>Synexis TH8 el tipi verici Synexis RP8 bel tipi al\u0131c\u0131 ile birlikte rehberli turlar, konferanslar veya f\u0131s\u0131lt\u0131 terc\u00fcmanl\u0131\u011f\u0131 i\u00e7in idealdir. Verici ve al\u0131c\u0131 aras\u0131ndaki g\u00f6r\u00fc\u015f hatt\u0131 ile menzil yakla\u015f\u0131k 100 metredir. Kardioid karakteristikli g\u00fcr\u00fclt\u00fc \u00f6nleyici mikrofon arka plan g\u00fcr\u00fclt\u00fcs\u00fcn\u00fc etkili bir \u015fekilde engeller. Entegre pop korumas\u0131\/r\u00fczgar perdesi de optimum konu\u015fma anla\u015f\u0131l\u0131rl\u0131\u011f\u0131 sa\u011flar. Yak\u0131n veya uzun mesafeli ileti\u015fim i\u00e7in mikrofonun hassasiyetini ayarlamak \u00fczere bir anahtar kullan\u0131labilir. Verici iki adet NiMH \u015farj edilebilir pil veya 1,5 V AA pil ile \u00e7al\u0131\u015f\u0131r. Ekranda kanal, pil durumu ve frekans \u00e7ok net bir \u015fekilde g\u00f6sterilir. Verici, ellerinizi serbest tutmak i\u00e7in iste\u011fe ba\u011fl\u0131 bir boyun ask\u0131s\u0131 ile boyuna da tak\u0131labilir.<\/p>\n<p>1: Sessiz i\u015flevine sahip d\u00fc\u011fme ve sessiz durumu ve \u015farj durumu i\u00e7in LED<\/p>\n<p>2: Kanal se\u00e7imi ve frekans g\u00f6stergesi i\u00e7in ok d\u00fc\u011fmeleri<\/p>\n<p>3: Pil durumunu, kanal\u0131, frekans\u0131 ve di\u011fer bilgileri g\u00f6r\u00fcnt\u00fclemek i\u00e7in OLED ekran<br \/>\nSessiz i\u015flevi<\/p>\n<p>4: A\u00e7ma\/kapama ve ayar d\u00fc\u011fmesi<\/p>\n<hr style=\"background-color:#999999; margin-bottom:30px;\">\n<div class=\"call-action-slider-img\">\n<img decoding=\"async\" src=\"https:\/\/konferenztechnik.de\/wp-content\/uploads\/2018\/05\/Sender-SYNEXIS-TS8.jpg\" alt=\"SYNEXIS TS8 sabit verici sat\u0131n al\u0131n \" class=\"alignnone size-full wp-image-12201\" title=\"\"><\/p>\n<\/div>\n<h2>Sabit verici SYNEXIS TS8<\/h2>\n<p>[spacer size=\"10\u2033]<\/p>\n<p>Synexis TS8 sabit verici Synexis RP8 bel tipi al\u0131c\u0131 ile birlikte kullan\u0131l\u0131r. Sabit verici \u00e7e\u015fitli uygulamalar i\u00e7in uygundur: \u00f6rne\u011fin konferanslarda birka\u00e7 dil ayn\u0131 anda iletilebilir. Alternatif olarak, ba\u011fl\u0131 bir mikrofon arac\u0131l\u0131\u011f\u0131yla anonslar ve a\u00e7\u0131klamalar yap\u0131labilir. M\u00fczik veya herhangi bir ses sinyali bir MP3 veya CD \u00e7alar kullan\u0131larak iletilebilir. Verici ve al\u0131c\u0131 aras\u0131ndaki g\u00f6r\u00fc\u015f hatt\u0131 ile menzil de yakla\u015f\u0131k 100 metredir. Verici, birlikte verilen \u015febeke adapt\u00f6r\u00fc ile \u00e7al\u0131\u015f\u0131r. Teslimat kapsam\u0131na dahil olan kapsaml\u0131 aksesuar yelpazesi, sabit vericinin bir 19\u2033 rafa veya muhafazaya monte edilmesine ve antenin \u00f6n tarafa tak\u0131lmas\u0131na olanak tan\u0131r.<\/p>\n<p>1: Ana giri\u015f seviyesi kontrol\u00fc<\/p>\n<p>2: Yard\u0131mc\u0131 giri\u015f seviyesi kontrol\u00fc<\/p>\n<p>3: OLED ekran, kanal se\u00e7imi<\/p>\n<p>4: Kulakl\u0131k seviye kontrol\u00fc<\/p>\n<p>5: AUX giri\u015f\/\u00e7\u0131k\u0131\u015f\u0131<\/p>\n<p>6: Ana giri\u015f (dengeli\/dengesiz)<\/p>\n<hr style=\"background-color:#999999; margin-bottom:30px;\">\n<div class=\"call-action-slider-img\">\n<img decoding=\"async\" src=\"https:\/\/konferenztechnik.de\/wp-content\/uploads\/2018\/05\/Ladegeraet-SYNEXIS-C10.jpg\" alt=\"SYNEXIS C10 \u015farj cihaz\u0131 sat\u0131n al\u0131n\" class=\"alignnone size-full wp-image-12201\" title=\"\"><\/p>\n<\/div>\n<h2>SYNEXIS C10 \u015farj cihaz\u0131<\/h2>\n<p>[spacer size=\"10\u2033]<\/p>\n<p>Synexis C10 \u015farj cihaz\u0131, NiMH \u015farj edilebilir pillerle donat\u0131lm\u0131\u015flarsa Synexis TP8 bel tipi vericiler veya RP8 bel tipi al\u0131c\u0131lar i\u00e7in 10 \u015farj yuvas\u0131 sunar. Pillerin \u015farj durumu ilgili verici veya al\u0131c\u0131 \u00fczerindeki bir LED arac\u0131l\u0131\u011f\u0131yla g\u00f6r\u00fcnt\u00fclenir.<\/p>\n<ul>\n<li>Cep al\u0131c\u0131lar\u0131\/vericileri i\u00e7in on \u015farj yuvas\u0131<\/li>\n<li>\u015eebeke ba\u011flant\u0131s\u0131, kademelendirilebilir<\/li>\n<li>\u00c7al\u0131\u015fma g\u00f6stergesi i\u00e7in LED<\/li>\n<li>Sa\u011flam metal g\u00f6vde, 19\u2033, 3 U<\/li>\n<\/ul>\n<p>Synexis SG24: 19\u2033\/24 U yerde duran muhafaza Kilitlenebilir kap\u0131l\u0131 19\u2033 SG 24 yerde duran muhafaza<\/p>\n<p>[spacer size=\"10\u2033]<\/p>\n<hr style=\"background-color:#999999; margin-bottom:30px;\">\n<div class=\"call-action-slider-img\">\n<img decoding=\"async\" src=\"https:\/\/konferenztechnik.de\/wp-content\/uploads\/2018\/05\/fuehrungsanlage-zueboer-kaufen.jpg\" alt=\"SYNEXIS aksesuarlar\u0131 sat\u0131n al\u0131n \" class=\"alignnone size-full wp-image-12201\" title=\"\"><\/p>\n<\/div>\n<div class=\"call-action-slider-img\">\n<img decoding=\"async\" src=\"https:\/\/konferenztechnik.de\/wp-content\/uploads\/2018\/05\/synexis-ladekoffer.jpg\" alt=\"SYNEXIS \u015farj \u00e7antas\u0131 sat\u0131n al\u0131n\" class=\"alignnone size-full wp-image-12201\" title=\"\"><\/p>\n<\/div>\n<h2>SYNEXIS aksesuarlar\u0131<\/h2>\n<p>[spacer size=\"10\u2033]<\/p>\n<p>SYNEXIS \u00fcr\u00fcn ailesi i\u00e7in geni\u015f bir aksesuar yelpazesi mevcuttur:<\/p>\n<p>[list icon=\"moon-checkmark\" color=\"#a62055\u2033]DT1 tek kulakl\u0131 kulakl\u0131k[\/list]<br \/>\n[list icon=\"moon-checkmark\" color=\"#a62055\u2033]\u0130nd\u00fcksiyon ask\u0131s\u0131 IL 200[\/list]<br \/>\n[list icon=\"moon-checkmark\" color=\"#a62055\u2033]SYNEXIS C20 ta\u015f\u0131ma ve \u015farj \u00e7antas\u0131[\/list]<br \/>\n[list icon=\"moon-checkmark\" color=\"#a62055\u2033]SYNEXIS C30 ta\u015f\u0131ma ve \u015farj \u00e7antas\u0131[\/list]<\/p>\n<p>...ve \u00e7ok daha fazlas\u0131.<\/p>\n<p>Al\u0131c\u0131 ve vericiler di\u011fer \u00fcreticilerin kulakl\u0131k ve mikrofonlar\u0131yla da kombine edilebilir veya mevcut konferans sistemlerine entegre edilebilir. Bizimle ileti\u015fime ge\u00e7meniz yeterlidir, size tavsiyelerde bulunmaktan memnuniyet duyar\u0131z.<\/p>\n<p>[spacer size=\"10\u2033]<\/p>\n<hr style=\"background-color:#999999; margin-bottom:30px;\">\n<div class=\"call-action-slider-img\">\n<img decoding=\"async\" src=\"https:\/\/konferenztechnik.de\/wp-content\/uploads\/2018\/05\/synexis-personenfuehrungsanlage-kaufen.jpg\" alt=\"Synexis ki\u015fisel rehberlik sistemi sat\u0131n al\u0131n\" class=\"alignnone size-full wp-image-12201\" title=\"\"><br \/>\n<button class=\"bbtn popmake-12226\">Fiyat teklifi isteyin &#x9B;<\/button><\/div>\n<div style=\"background-color:#f2f2f2; width:100%; display:block; margin-bottom:40px;\">\n<div style=\"text-align:center; width:100%; padding:left:10px; padding-top:18px;\"><img decoding=\"async\" src=\"https:\/\/konferenztechnik.de\/wp-content\/uploads\/2018\/05\/bewerten-happy.png\" alt=\"\" width=\"142\" height=\"42\" class=\"aligncenter size-full wp-image-13128\" title=\"\"><\/div>\n<div style=\"text-align:left; padding:10px;\">Eldiven gibi oturuyor! Tavsiyelerimizden yararlan\u0131n. Hangi k\u0131lavuz sisteminin hangi konfig\u00fcrasyonda gereksinimlerinizi en iyi \u015fekilde kar\u015f\u0131lad\u0131\u011f\u0131n\u0131 belirlemek i\u00e7in sizinle birlikte \u00e7al\u0131\u015fmaktan mutluluk duyaca\u011f\u0131z.<\/div>\n<\/div>\n<div class=\"callouthoch\">\n[callout add_button=\"no\" button_text=\"Learn More\" button_url=\"#\" button_color=\"#a62055\u2033]<br \/>\nBize do\u011frudan telefonla ula\u015fabilirsiniz:<br \/>\n[v_icon color=\"#a62055\u2033 size=\"20px\" target=\"_blank\" name=\"moon-phone-2\u2033] +49 211 737798 20<br \/>\n[\/callout]<\/div>\n<div class=\"callouthoch\">\n[callout add_button=\"no\" button_text=\"Learn More\" button_url=\"#\" button_color=\"#a62055\u2033]<br \/>\nL\u00fctfen sorular\u0131n\u0131z\u0131 e-posta ile g\u00f6nderin:<br \/>\n[v_icon color=\"#a62055\u2033 size=\"20px\" target=\"_blank\" name=\"moon-envelop-2\u2033] <a href=\"mailto:vertrieb@konferenztechnik.de\" onclick=\"ga('send', 'event', 'Email-Klick', 'F\u00fchrungsanlagen kaufen  Vertrieb');\"> vertrieb@konferenztechnik.de<\/a><br \/>\n[\/callout]<\/div>\n<p>[spacer size=\"10\u2033]<\/p>\n<div class=\"weiterlinks\" style=\"background-color:#ffffff;\">\n<h1>Di\u011fer ba\u011flant\u0131lar<\/h1>\n<p>[list icon=\"moon-arrow-right-2\u2033 color=\"#a62055\u2033]<a title=\"\u00c7ok dilli etkinlikler i\u00e7in destek\" href=\"\/tr\/kisisel-rehberlik-sistemi-satin-alin\/\">Yolcu y\u00f6nlendirme sistemleri i\u00e7in genel bak\u0131\u015f sayfas\u0131<\/a>[\/list]<br \/>\n[list icon=\"moon-arrow-right-2\u2033 color=\"#a62055\u2033]<a title=\"\u00c7ok dilli etkinlikler i\u00e7in destek\" href=\"\/tr\/beyerdynamic-unite-iletisim-sistemi\/\">Yak\u0131nda sat\u0131\u015fa sunulacak: Beyerdynamic Unite y\u00f6nlendirme sistemi<\/a>[\/list]<br \/>\n[list icon=\"moon-arrow-right-2\u2033 color=\"#a62055\u2033]<a title=\"\u00c7ok dilli etkinlikler i\u00e7in destek\" href=\"\/tr\/konferans-teknolojisi-satin-alin\/\">Konferans teknolojisi sat\u0131\u015flar\u0131<\/a>[\/list]<br \/>\n[list icon=\"moon-arrow-right-2\u2033 color=\"#a62055\u2033]<a title=\"Referanslar\" href=\"\/tr\/konferans-teknolojisi-ve-medya-sistemlerinin-kurulumu-ve-entegrasyonu\/\">Konferans ve medya teknolojisinin kurulumu<\/a>[\/list]<br \/>\n[list icon=\"moon-arrow-right-2\u2033 color=\"#a62055\u2033]<a title=\"Terc\u00fcmanlar i\u00e7in e\u011fitim ve hizmetler\" href=\"\/tr\/tercuemanlara-yoenelik-egitim-kurslari-ve-hizmetler\/\">Terc\u00fcmanlar i\u00e7in e\u011fitim ve hizmetler<\/a>[\/list]<br \/>\n[list icon=\"moon-arrow-right-2\u2033 color=\"#a62055\u2033]<a title=\"PCS i\u00e7in 10 iyi neden\" href=\"\/tr\/hakkimizda-2\/pcler-icin-10-iyi-neden\/\">PCS i\u00e7in 10 iyi neden<\/a>[\/list]<br \/>\n[list icon=\"moon-arrow-right-2\u2033 color=\"#a62055\u2033]<a title=\"PCS: Bir bak\u0131\u015fta t\u00fcm hizmetler\" href=\"\/tr\/hizmetler-2\/\">PCS: Bir bak\u0131\u015fta t\u00fcm hizmetler<\/a>[\/list]<\/ul>\n<\/div>\n<\/div>\n<p>[spacer size=\"20\u2033]<\/p><\/h3>","protected":false},"excerpt":{"rendered":"<p>Beyerdynamic Synexis kaufen Angebot anfordern &#x9B; Taschenempf\u00e4nger SYNEXIS RP8 [spacer size=&#8220;10&#8243;] Der Synexis RP8 Taschenempf\u00e4nger ist ideal f\u00fcr Personenf\u00fchrungen, Konferenzen oder mehrsprachige Dolmetscheranwendungen geeignet. An den Miniklinkenanschluss (3,5 mm) kann ein handels\u00fcblicher Kopfh\u00f6rer oder eine Induktionsschlinge f\u00fcr Personen mit H\u00f6rger\u00e4t angeschlossen werden. Die Reichweite betr\u00e4gt bei Sichtverbindung zwischen Sender und Empf\u00e4nger ca. 100 m. Auf [&hellip;]<\/p>","protected":false},"author":1,"featured_media":45482,"parent":0,"menu_order":0,"comment_status":"closed","ping_status":"closed","template":"","meta":{"_acf_changed":false,"footnotes":""},"class_list":["post-13130","page","type-page","status-publish","has-post-thumbnail","hentry"],"acf":[],"_links":{"self":[{"href":"https:\/\/konferenztechnik.de\/tr\/wp-json\/wp\/v2\/pages\/13130","targetHints":{"allow":["GET"]}}],"collection":[{"href":"https:\/\/konferenztechnik.de\/tr\/wp-json\/wp\/v2\/pages"}],"about":[{"href":"https:\/\/konferenztechnik.de\/tr\/wp-json\/wp\/v2\/types\/page"}],"author":[{"embeddable":true,"href":"https:\/\/konferenztechnik.de\/tr\/wp-json\/wp\/v2\/users\/1"}],"replies":[{"embeddable":true,"href":"https:\/\/konferenztechnik.de\/tr\/wp-json\/wp\/v2\/comments?post=13130"}],"version-history":[{"count":0,"href":"https:\/\/konferenztechnik.de\/tr\/wp-json\/wp\/v2\/pages\/13130\/revisions"}],"wp:featuredmedia":[{"embeddable":true,"href":"https:\/\/konferenztechnik.de\/tr\/wp-json\/wp\/v2\/media\/45482"}],"wp:attachment":[{"href":"https:\/\/konferenztechnik.de\/tr\/wp-json\/wp\/v2\/media?parent=13130"}],"curies":[{"name":"wp","href":"https:\/\/api.w.org\/{rel}","templated":true}]}}