{"id":13868,"date":"2018-10-03T09:38:46","date_gmt":"2018-10-03T08:38:46","guid":{"rendered":"https:\/\/www.konferenztechnik.de\/?page_id=13868"},"modified":"2023-08-29T14:25:13","modified_gmt":"2023-08-29T12:25:13","slug":"almanya-tercueman-kabi%cc%87ni%cc%87-ki%cc%87ralama","status":"publish","type":"page","link":"https:\/\/konferenztechnik.de\/tr\/almanya-tercueman-kabi%cc%87ni%cc%87-ki%cc%87ralama\/","title":{"rendered":"S\u00f6zl\u00fc Terc\u00fcme Kabinleri Kiralama Almanya"},"content":{"rendered":"<h1>S\u00f6zl\u00fc Terc\u00fcme Kabinleri Kiralama Almanya \u2013 S\u00f6zl\u00fc Terc\u00fcme ve Yorum Kabinleri<\/h1>\n<div class=\"call-action-slider-img\">\n<img decoding=\"async\" src=\"https:\/\/konferenztechnik.de\/wp-content\/uploads\/2016\/10\/simultanevents.jpg\" alt=\"Terc\u00fcmanl\u0131k ekipman\u0131 kiralama PCS Almanya\" class=\"alignleft size-full wp-image-9278\" title=\"\"><br \/>\n<button class=\"btn popmake-13980\">H\u0131zl\u0131 servis!<br \/>\nFiyat teklifi isteyin &#x9B;<\/button><\/div>\n<h2>Simultane Terc\u00fcme Ekipman\u0131 Kiralama<\/h2>\n<p>PCS ile istedi\u011finiz kadar mobil terc\u00fcman kabini kiralayabilirsiniz. Planlama, nakliye lojisti\u011fi, m\u00fc\u015fteri deste\u011finin yan\u0131 s\u0131ra montaj, kurulum ve s\u00f6k\u00fcm i\u015flemleriyle de ilgileniyoruz. Kabini kiralayabilece\u011finiz gibi ilgili s\u00f6zl\u00fc \u00e7eviri teknolojisini, konferans ekipman\u0131n\u0131 veya akustik ses sistemlerini de kiralayabilirsiniz.<\/p>\n<p>[spacer size=\"20\u2033]<br \/>\n<img decoding=\"async\" src=\"https:\/\/konferenztechnik.de\/wp-content\/uploads\/2017\/05\/dolmetscherkabinen-mieten.jpg\" alt=\"\" title=\"\"><br \/>\n[spacer size=\"20\u2033]<\/p>\n<h2>Audipack Sessiz Seri terc\u00fcman kabinleri<\/h2>\n<p>Audipack Silent Serisini (Audipack Silent 9300\/9600) sadece PCS'de kiral\u0131yoruz. Bu kabinler d\u00fcnya \u00e7ap\u0131nda profesyonel konferans ekipman\u0131 dal\u0131nda fiili standart haline gelmi\u015ftir. Mobilite ve esneklik sa\u011flarlar, m\u00fckemmel ses yal\u0131t\u0131m\u0131 sa\u011flarlar ve ISO normlar\u0131na g\u00f6re sertifikaland\u0131r\u0131lm\u0131\u015flard\u0131r (\u00f6rn. ISO 4043:2016).<\/p>\n<p>[spacer size=\"20\u2033]<\/p>\n<h2>Terc\u00fcman kabinlerinin \u00f6zellikleri<\/h2>\n<p>[list icon=\"moon-checkmark\" color=\"#a62055\u2033]ISO sertifikal\u0131[\/list]<br \/>\n[list icon=\"moon-checkmark\" color=\"#a62055\u2033]\u00dcst\u00fcn akustik yal\u0131t\u0131m[\/list]<br \/>\n[list icon=\"moon-checkmark\" color=\"#a62055\u2033]Mod\u00fcler ve ayarlanabilir[\/list]<br \/>\n[list icon=\"moon-checkmark\" color=\"#a62055\u2033]Havaland\u0131rma sistemi ile donat\u0131lm\u0131\u015ft\u0131r[\/list]<br \/>\n[list icon=\"moon-checkmark\" color=\"#a62055\u2033]Hareketli[\/list]<br \/>\n[list icon=\"moon-checkmark\" color=\"#a62055\u2033]End\u00fcstri standard\u0131[\/list]<br \/>\n[spacer size=\"30\u2033]<\/p>\n<p><img decoding=\"async\" src=\"https:\/\/konferenztechnik.de\/wp-content\/uploads\/2016\/10\/dolmetscher-events.jpg\" alt=\"\" title=\"\"><br \/>\n[spacer size=\"10\u2033]<\/p>\n<h2>PCS terc\u00fcman kabinleri (Audipack Silent 9300 Serisi) \u00f6zellikleri<\/h2>\n<p>[spacer size=\"10\u2033]<\/p>\n<div class=\"newskasten\">\n<p>[v_icon color=\"#a62055\u2033 size=\"18px\" target=\"_blank\" name=\"moon-bookmark-3\u2033]<strong> ISO sertifikal\u0131<\/strong><\/br><br \/>\nAudipack kabinleri ISO Norm 4043\/2016 ve DIN 56924'e g\u00f6re sertifikaland\u0131r\u0131lm\u0131\u015ft\u0131r<\/p>\n<p>[v_icon color=\"#a62055\u2033 size=\"18px\" target=\"_blank\" name=\"moon-balance\"]<strong> A\u011f\u0131rl\u0131k<\/strong><\/br><br \/>\n210 kg<\/p>\n<p>[v_icon color=\"#a62055\u2033 size=\"18px\" target=\"_blank\" name=\"moon-volume-mute-5\u2033]<strong> M\u00fckemmel ses yal\u0131t\u0131m\u0131<\/strong><\/br><br \/>\n24 dB<\/p>\n<p>[v_icon color=\"#a62055\u2033 size=\"18px\" target=\"_blank\" name=\"moon-rulers\"]<strong> \u0130\u00e7 boyutlar<\/strong><\/br><br \/>\n160 cm x 160 cm x 200 cm (geni\u015flik\/derinlik\/y\u00fckseklik)<\/p>\n<p>[v_icon color=\"#a62055\u2033 size=\"18px\" target=\"_blank\" name=\"moon-rulers\"]<strong> D\u0131\u015f boyutlar<\/strong><\/br><br \/>\n168 cm x 168 cm x yakla\u015f\u0131k 220 cm (fan ile, geni\u015flik\/derinlik\/y\u00fckseklik)<br \/>\n(L\u00fctfen sola, sa\u011fa veya arkaya a\u00e7\u0131lan kap\u0131 \u2013 i\u00e7in 0,5 m bo\u015fluk b\u0131rak\u0131n)<\/p>\n<\/div>\n<h2>PCS terc\u00fcman kabinlerinin yerle\u015fimi<\/h2>\n<figure id=\"attachment_10328\" aria-describedby=\"caption-attachment-10328\" style=\"width: 1200px\" class=\"wp-caption alignleft\"><img decoding=\"async\" src=\"https:\/\/www.konferenztechnik.de\/wp-content\/uploads\/2018\/10\/groundplan-interpreterbooth.svg\" alt=\"yer plani terc\u00fcman kabi\u0307ni\u0307\" class=\"size-full wp-image-10328\" title=\"\"><figcaption id=\"caption-attachment-10328\" class=\"wp-caption-text\">Sol: iki terc\u00fcman i\u00e7in standart kabinler, sa\u011f: 3 terc\u00fcman i\u00e7in geni\u015fletilmi\u015f kabinler (Audipack Silent Series 9300\/9600)<\/figcaption><\/figure>\n<p>[temiz]<br \/>\n[cwa id='terc\u00fcman kabini kiralama']<br \/>\n[temiz]<\/p>\n<h2>Sundu\u011fumuz daha fazla konferans teknolojisi ve s\u00f6zl\u00fc \u00e7eviri teknolojisi:<\/h2>\n<div id=\"newscontainer\">\n<div class=\"newskasten\"><a href=\"https:\/\/konferenztechnik.de\/tr\/konferans-eki%cc%87pmani-ki%cc%87ralama\/tercuemanlik-si%cc%87stemleri%cc%87\/\">Terc\u00fcmanl\u0131k ekipmanlar\u0131<br \/>\n<img fetchpriority=\"high\" decoding=\"async\" width=\"410\" height=\"304\" src=\"https:\/\/konferenztechnik.de\/wp-content\/uploads\/2017\/05\/dolmetscheranlagen-mieten.jpg\" alt=\"Terc\u00fcme Ekipman\u0131 kiralama - PCS Konferenztechnik Almanya\" class=\"alignleft size-full wp-image-10339\" title=\"\" srcset=\"https:\/\/konferenztechnik.de\/wp-content\/uploads\/2017\/05\/dolmetscheranlagen-mieten.jpg 410w, https:\/\/konferenztechnik.de\/wp-content\/uploads\/2017\/05\/dolmetscheranlagen-mieten-300x222.jpg 300w\" sizes=\"(max-width: 410px) 100vw, 410px\" \/><br \/>\n<\/a><br \/>\n[temiz]<br \/>\n[list icon=\"moon-checkmark\" color=\"#a62055\u2033]kabine uyarland\u0131[\/list]<br \/>\n[list icon=\"moon-checkmark\" color=\"#a62055\u2033]y\u00fcksek teknoloji sistemleri[\/list]<br \/>\n[list icon=\"moon-checkmark\" color=\"#a62055\u2033]b\u00fcy\u00fck miktarlarda mevcuttur[\/list]<\/p>\n<\/div>\n<div class=\"newskasten\"><a href=\"https:\/\/konferenztechnik.de\/tr\/konferans-eki%cc%87pmani-ki%cc%87ralama\/tartisma-olanaklari\/\">Konferans mikrofonlar\u0131<br \/>\n<img decoding=\"async\" width=\"410\" height=\"304\" src=\"https:\/\/konferenztechnik.de\/wp-content\/uploads\/2017\/05\/drahtlose-sprechstellen-mieten.jpg\" alt=\"kablosuz delege \u00fcnitelerinin kiralanmas\u0131 - PCS Konferenztechnik Almanya\" class=\"alignleft size-full wp-image-10340\" title=\"\" srcset=\"https:\/\/konferenztechnik.de\/wp-content\/uploads\/2017\/05\/drahtlose-sprechstellen-mieten.jpg 410w, https:\/\/konferenztechnik.de\/wp-content\/uploads\/2017\/05\/drahtlose-sprechstellen-mieten-300x222.jpg 300w\" sizes=\"(max-width: 410px) 100vw, 410px\" \/><\/a><br \/>\n[temiz]<br \/>\n[list icon=\"moon-checkmark\" color=\"#a62055\u2033]kablosuz[\/list]<br \/>\n[list icon=\"moon-checkmark\" colour=\"#a62055\u2033]wired[\/list]<br \/>\n[list icon=\"moon-checkmark\" color=\"#a62055\u2033]dijital ve g\u00fcvenli[\/list]<\/p>\n<\/div>\n<div class=\"newskasten\"><a href=\"https:\/\/konferenztechnik.de\/tr\/konferans-eki%cc%87pmani-ki%cc%87ralama\/av-teknoloji%cc%87si%cc%87-mi%cc%87krofonlar-ses-si%cc%87stemleri%cc%87-projektoerler\/\">Ses ve G\u00f6r\u00fcnt\u00fc teknolojisi<br \/>\n<img decoding=\"async\" width=\"410\" height=\"304\" src=\"https:\/\/konferenztechnik.de\/wp-content\/uploads\/2017\/05\/audiotechnik-mieten-pcs.jpg\" alt=\"Ses ekipman\u0131 kiralama - PCS Konferenztechnik\" class=\"alignleft size-full wp-image-10341\" title=\"\" srcset=\"https:\/\/konferenztechnik.de\/wp-content\/uploads\/2017\/05\/audiotechnik-mieten-pcs.jpg 410w, https:\/\/konferenztechnik.de\/wp-content\/uploads\/2017\/05\/audiotechnik-mieten-pcs-300x222.jpg 300w\" sizes=\"(max-width: 410px) 100vw, 410px\" \/><\/a><br \/>\n[temiz]<br \/>\n[list icon=\"moon-checkmark\" color=\"#a62055\u2033]projekt\u00f6rler[\/list]<br \/>\n[list icon=\"moon-checkmark\" color=\"#a62055\u2033]mikrofonlar[\/list]<br \/>\n[list icon=\"moon-checkmark\" color=\"#a62055\u2033]T\u00fcm PA t\u00fcrleri[\/list]<\/p>\n<\/div>\n<\/div>\n<div class=\"call-action-slider-img\" style=\"padding-top:0px;\">\n<img loading=\"lazy\" decoding=\"async\" width=\"1200\" height=\"450\" src=\"https:\/\/konferenztechnik.de\/wp-content\/uploads\/2016\/10\/specherkabinen-events.jpg\" alt=\"Terc\u00fcmanl\u0131k Kabini Kiralama - PCS Konferenztechnik Almanya\" class=\"alignleft size-full wp-image-8490\" title=\"\" srcset=\"https:\/\/konferenztechnik.de\/wp-content\/uploads\/2016\/10\/specherkabinen-events.jpg 1200w, https:\/\/konferenztechnik.de\/wp-content\/uploads\/2016\/10\/specherkabinen-events-300x113.jpg 300w, https:\/\/konferenztechnik.de\/wp-content\/uploads\/2016\/10\/specherkabinen-events-1024x384.jpg 1024w, https:\/\/konferenztechnik.de\/wp-content\/uploads\/2016\/10\/specherkabinen-events-768x288.jpg 768w\" sizes=\"(max-width: 1200px) 100vw, 1200px\" \/><br \/>\n<button class=\"btn popmake-13980\">\u0130stek<br \/>\nbir al\u0131nt\u0131 &#x9B;<\/button><\/div>\n<h2>Neden terc\u00fcman kabinlerine ihtiyac\u0131m var?<\/h2>\n<p>Terc\u00fcman kabinleri, simultane terc\u00fcman\u0131n standart \u00e7al\u0131\u015fma yeridir. Bu kabinler normalde \u00e7ok dilli kongre, konferans ve etkinliklerde kullan\u0131l\u0131r. Terc\u00fcmanlar i\u015flerini ses ge\u00e7irmez bir kabinde yapt\u0131klar\u0131ndan, kabin d\u0131\u015f\u0131nda kimse taraf\u0131ndan duyulamazlar. Uygun s\u00f6zl\u00fc \u00e7eviri teknolojisi ile birlikte, bir konferanstaki her kat\u0131l\u0131mc\u0131 kendi al\u0131c\u0131s\u0131\/kulakl\u0131\u011f\u0131 arac\u0131l\u0131\u011f\u0131yla sunulan dilleri dinleyebilir. \u0130ki terc\u00fcman bir kabini payla\u015f\u0131r ve her 20-30 dakikada bir d\u00f6n\u00fc\u015f\u00fcml\u00fc olarak \u00e7al\u0131\u015f\u0131r. Bununla birlikte, kabinleri \u00fc\u00e7 veya d\u00f6rt terc\u00fcman\u0131 bar\u0131nd\u0131racak \u015fekilde geni\u015fletmek de m\u00fcmk\u00fcnd\u00fcr (\u00fcst d\u00fczey t\u0131bbi konferanslarda oldu\u011fu gibi).<br \/>\n[spacer size=\"10\u2033]<\/p>\n<h2>Ka\u00e7 kabine ihtiyac\u0131m var?<\/h2>\n<p>Gerekli stant say\u0131s\u0131, ka\u00e7 dilde terc\u00fcme yap\u0131laca\u011f\u0131na ba\u011fl\u0131d\u0131r. Ortalama olarak konferansta konu\u015fulan dil say\u0131s\u0131ndan daha az say\u0131da standa ihtiya\u00e7 duyulmaktad\u0131r. Temel olarak, konferansta bir dil konu\u015fuluyor ve ikinci bir dil terc\u00fcme ediliyorsa, bir stant gereklidir. Terc\u00fcme edilecek her ilave dil i\u00e7in bir stant daha eklenmelidir. \u00d6zel durumlar ve \u00f6zellikle karma\u015f\u0131k bilimsel konular i\u00e7in her dil i\u00e7in bir stant gereklidir. B\u00f6yle bir durumda soru ve destek i\u00e7in profesyonel bir terc\u00fcmana veya personelimizden birine dan\u0131\u015f\u0131labilir.<\/p>\n<p>[spacer size=\"10\u2033]<\/p>\n<h2>Terc\u00fcman kabini nas\u0131l kiralan\u0131r<\/h2>\n<p>Etkinli\u011finiz i\u00e7in ilgili t\u00fcm rakamlar\u0131, ideal olarak dil say\u0131s\u0131n\u0131, etkinli\u011fin ger\u00e7ekle\u015ftirilece\u011fi odalar\u0131n yakla\u015f\u0131k b\u00fcy\u00fckl\u00fc\u011f\u00fcn\u00fc ve \u00e7eviri gerektiren kat\u0131l\u0131mc\u0131 say\u0131s\u0131n\u0131 bildi\u011fimizde sa\u011fl\u0131yoruz. Bu t\u00fcr bilgiler haz\u0131rda mevcut olmasa bile, emrinize amade \u00e7e\u015fitli se\u00e7enekler i\u00e7eren bir teklif g\u00f6nderebiliriz.<\/p>\n<p>[spacer size=\"10\u2033]<\/p>\n<h2>Planlama, nakliye, m\u00fc\u015fteri deste\u011fi, stantlar\u0131n kurulumu ve s\u00f6k\u00fclmesi ile ilgileniyor ve etkinli\u011finiz s\u0131ras\u0131nda kiralanan t\u00fcm ekipman\u0131 izliyoruz.<\/h2>\n<p>Belirtildi\u011fi takdirde, stantlar\u0131n etkinlik yerine ta\u015f\u0131nmas\u0131 ve kalifiye personelimiz taraf\u0131ndan monte edilmesiyle memnuniyetle ilgilenece\u011fiz. Buna, istenirse, teknisyenlerimizin ekipman, teknik hususlar ve terc\u00fcmanlar\u0131n etkinlik s\u0131ras\u0131nda ihtiya\u00e7 duyabilece\u011fi her t\u00fcrl\u00fc ihtiya\u00e7la ilgili deste\u011fi de dahildir. Etkinlik sona erdi\u011finde, kabinlerin ve ilgili t\u00fcm ekipman\u0131n s\u00f6k\u00fclmesi ve kald\u0131r\u0131lmas\u0131yla ilgileniyoruz.<\/p>\n<p>PCS GmbH'den terc\u00fcman kabinleri kiralamak isterseniz, gerekli t\u00fcm ilgili ekipman\u0131 bizden temin edebilirsiniz.<\/p>\n<div class=\"call-action-slider-img\" style=\"padding-top:13px;\">\n<img decoding=\"async\" src=\"https:\/\/konferenztechnik.de\/wp-content\/uploads\/2016\/10\/events-fullservice.jpg\" alt=\"etkinlik tam hizmet kiralama PCS Almanya\" class=\"alignleft size-full wp-image-8490\" title=\"\"><br \/>\n<button class=\"btn popmake-13980\">\u0130stek<br \/>\nbir al\u0131nt\u0131 &#x9B;<\/button><\/div>\n<h2>PCS Konferans Hizmeti: Almanya'da d\u00f6rt lokasyon<\/h2>\n<p><img decoding=\"async\" src=\"https:\/\/konferenztechnik.de\/wp-content\/uploads\/2018\/09\/conference-service-germany-1.gif\" alt=\"\" title=\"\"><\/p>\n<p>Almanya'n\u0131n d\u00f6rt bir yan\u0131ndaki tesislerimizle size sorunsuz lojistik ve tek bir mikrofondan 32 dile kadar sim\u00fcltane terc\u00fcme ekipman\u0131na kadar \u2013 kullan\u0131m\u0131na uyarlanabilen ve g\u00fcvenilir olan en kaliteli konferans teknolojisini sunuyoruz.<\/p>\n<p>[spacer size=\"20\u2033]<\/p>\n<h2>\u0130leti\u015fim<\/h2>\n<p>[column size=\"1-2\u2033 last=\"0\u2033]<\/p>\n<div class=\"box1-4\">\n<div class=\"box-head\">Kuzey ve Bat\u0131<\/div>\n<p><img loading=\"lazy\" decoding=\"async\" width=\"800\" height=\"533\" src=\"https:\/\/konferenztechnik.de\/wp-content\/uploads\/2013\/09\/monika_van_den_boogaard_pcs-gmbh.jpg\" alt=\"Monika van den Boogaard PCS GmbH Almanya\" class=\"alignleft size-full wp-image-2312\" title=\"\" srcset=\"https:\/\/konferenztechnik.de\/wp-content\/uploads\/2013\/09\/monika_van_den_boogaard_pcs-gmbh.jpg 800w, https:\/\/konferenztechnik.de\/wp-content\/uploads\/2013\/09\/monika_van_den_boogaard_pcs-gmbh-300x200.jpg 300w, https:\/\/konferenztechnik.de\/wp-content\/uploads\/2013\/09\/monika_van_den_boogaard_pcs-gmbh-768x512.jpg 768w\" sizes=\"(max-width: 800px) 100vw, 800px\" \/><br \/>\nMonika van den Boogaard<br \/>\nProje Destek Kiralama<br \/>\nTelefon +49 211 737798 10<br \/>\n<span class=\"volleansicht\"><a href=\"mailto:vandenboogaard@konferenztechnik.de\" onclick=\"ga('send', 'event', 'Email-Klick', 'Kontakt Boogaard');\">e-posta <\/a><br \/>\n<\/span><br \/>\n<span class=\"mobileansicht\"><a href=\"mailto:vandenboogaard@konferenztechnik.de\" onclick=\"ga('send', 'event', 'Email-Klick', 'Kontakt Boogaard');\">e-posta <\/a><br \/>\n<\/span><\/div>\n<p>[\/column]<br \/>\n[column size=\"1-2\u2033 last=\"1\u2033]<\/p>\n<div class=\"box1-4\">\n<div class=\"box-head\">Do\u011fu<\/div>\n<p><img loading=\"lazy\" decoding=\"async\" width=\"2316\" height=\"1543\" src=\"https:\/\/konferenztechnik.de\/wp-content\/uploads\/2017\/05\/sebastian-meyer-pcs-gmbh.jpg\" alt=\"Sebastian Meyer PCS GmbH Almanya - Elden \u00c7\u0131karma\" class=\"alignleft size-full wp-image-10048\" title=\"\" srcset=\"https:\/\/konferenztechnik.de\/wp-content\/uploads\/2017\/05\/sebastian-meyer-pcs-gmbh.jpg 2316w, https:\/\/konferenztechnik.de\/wp-content\/uploads\/2017\/05\/sebastian-meyer-pcs-gmbh-300x200.jpg 300w, https:\/\/konferenztechnik.de\/wp-content\/uploads\/2017\/05\/sebastian-meyer-pcs-gmbh-1024x682.jpg 1024w, https:\/\/konferenztechnik.de\/wp-content\/uploads\/2017\/05\/sebastian-meyer-pcs-gmbh-768x512.jpg 768w, https:\/\/konferenztechnik.de\/wp-content\/uploads\/2017\/05\/sebastian-meyer-pcs-gmbh-1536x1023.jpg 1536w, https:\/\/konferenztechnik.de\/wp-content\/uploads\/2017\/05\/sebastian-meyer-pcs-gmbh-2048x1364.jpg 2048w\" sizes=\"(max-width: 2316px) 100vw, 2316px\" \/><br \/>\nSebastian Meyer<br \/>\nProje Destek Kiralama<br \/>\nTelefon +49 30 6959690 15<br \/>\n<span class=\"volleansicht\"><a href=\"mailto:meyer@konferenztechnik.de\" onclick=\"ga('send', 'event', 'Email-Klick', 'Kontakt Meyer');\">e-posta <\/a><br \/>\n<\/span><br \/>\n<span class=\"mobileansicht\"><a href=\"mailto:meyer@konferenztechnik.de\" onclick=\"ga('send', 'event', 'Email-Klick', 'Kontakt Meyer');\">e-posta <\/a><br \/>\n<\/span><\/div>\n<p>[\/column]<\/p>\n<p>[column size=\"1-2\u2033 last=\"1\u2033]<br \/>\n[\/column]<\/p>\n<p>[column size=\"1-2\u2033 last=\"0\u2033]<\/p>\n<div class=\"box1-4\">\n<div class=\"box-head\">G\u00fcney<\/div>\n<p><img loading=\"lazy\" decoding=\"async\" width=\"800\" height=\"533\" src=\"https:\/\/konferenztechnik.de\/wp-content\/uploads\/2013\/09\/sebastian_gegusch_pcs-gmbh.jpg\" alt=\"Sebastian Gegusch - PCS GmbH Almanya - Proje Planlama\" class=\"alignleft size-full wp-image-3153\" title=\"\" srcset=\"https:\/\/konferenztechnik.de\/wp-content\/uploads\/2013\/09\/sebastian_gegusch_pcs-gmbh.jpg 800w, https:\/\/konferenztechnik.de\/wp-content\/uploads\/2013\/09\/sebastian_gegusch_pcs-gmbh-300x200.jpg 300w, https:\/\/konferenztechnik.de\/wp-content\/uploads\/2013\/09\/sebastian_gegusch_pcs-gmbh-768x512.jpg 768w\" sizes=\"(max-width: 800px) 100vw, 800px\" \/>Sebastian Gegusch<br \/>\nProje Y\u00f6netimi<br \/>\nTelefon +49 89 21553290<br \/>\n<span class=\"volleansicht\"><a href=\"mailto:gegusch@konferenztechnik.de\" onclick=\"ga('send', 'event', 'Email-Klick', 'Kontakt Gegusch');\">e-posta <\/a><br \/>\n<\/span> <span class=\"mobileansicht\"><a href=\"mailto:gegusch@konferenztechnik.de\" onclick=\"ga('send', 'event', 'Email-Klick', 'Kontakt Gegusch');\">e-posta <\/a><br \/>\n<\/span><\/div>\n<p>[\/column]<\/p>\n<p>[column size=\"1-2\u2033 last=\"1\u2033]<\/p>\n<p>[\/column]<\/p>","protected":false},"excerpt":{"rendered":"<p>Interpretation Booths Rental Germany \u2013 Interpreter and Commentary Booths Fast service! Request a quote &#x9B; Simultaneous Interpretation Equipment Rental With PCS you can rent as many mobile interpreter booths as necessary. We take care of the planning, transportation logistics, customer support as well as assembly, installation and dismantling. You can lease the booth but may [&hellip;]<\/p>","protected":false},"author":1,"featured_media":45482,"parent":0,"menu_order":0,"comment_status":"closed","ping_status":"closed","template":"","meta":{"_acf_changed":false,"footnotes":""},"class_list":["post-13868","page","type-page","status-publish","has-post-thumbnail","hentry"],"acf":[],"_links":{"self":[{"href":"https:\/\/konferenztechnik.de\/tr\/wp-json\/wp\/v2\/pages\/13868","targetHints":{"allow":["GET"]}}],"collection":[{"href":"https:\/\/konferenztechnik.de\/tr\/wp-json\/wp\/v2\/pages"}],"about":[{"href":"https:\/\/konferenztechnik.de\/tr\/wp-json\/wp\/v2\/types\/page"}],"author":[{"embeddable":true,"href":"https:\/\/konferenztechnik.de\/tr\/wp-json\/wp\/v2\/users\/1"}],"replies":[{"embeddable":true,"href":"https:\/\/konferenztechnik.de\/tr\/wp-json\/wp\/v2\/comments?post=13868"}],"version-history":[{"count":0,"href":"https:\/\/konferenztechnik.de\/tr\/wp-json\/wp\/v2\/pages\/13868\/revisions"}],"wp:featuredmedia":[{"embeddable":true,"href":"https:\/\/konferenztechnik.de\/tr\/wp-json\/wp\/v2\/media\/45482"}],"wp:attachment":[{"href":"https:\/\/konferenztechnik.de\/tr\/wp-json\/wp\/v2\/media?parent=13868"}],"curies":[{"name":"wp","href":"https:\/\/api.w.org\/{rel}","templated":true}]}}