{"id":14162,"date":"2018-10-30T11:39:11","date_gmt":"2018-10-30T10:39:11","guid":{"rendered":"https:\/\/www.konferenztechnik.de\/?page_id=14162"},"modified":"2018-10-30T11:39:11","modified_gmt":"2018-10-30T10:39:11","slug":"konferans-alicisi-kiralayin","status":"publish","type":"page","link":"https:\/\/konferenztechnik.de\/tr\/konferans-alicisi-kiralayin\/","title":{"rendered":"Bir konferans al\u0131c\u0131s\u0131 kiralay\u0131n"},"content":{"rendered":"<h1>Konferans al\u0131c\u0131s\u0131 kiralama: Sim\u00fcltane \u00e7evirili konferanslar i\u00e7in al\u0131c\u0131lar ve kulakl\u0131klar<\/h1>\n<p>Her b\u00fcy\u00fckl\u00fckteki konferans, toplant\u0131 ve kongre i\u00e7in bizden konferans al\u0131c\u0131lar\u0131 kiralay\u0131n. Modern al\u0131c\u0131lar\u0131m\u0131z g\u00fcvenilir, kullan\u0131m\u0131 kolay ve rahatt\u0131r. Konferans al\u0131c\u0131lar\u0131 ayn\u0131 anda 32 adede kadar ses kanal\u0131n\u0131 alabilir. K\u00fc\u00e7\u00fck konferans salonlar\u0131n\u0131n yan\u0131 s\u0131ra b\u00fcy\u00fck etkinlik ve sergi salonlar\u0131nda da kullan\u0131labilirler. Ayr\u0131ca gerekli iletim teknolojisini (dijital k\u0131z\u0131l\u00f6tesi, UHF veya DECT radyo teknolojisi), s\u00f6zl\u00fc \u00e7eviri sistemlerini ve s\u00f6zl\u00fc \u00e7eviri kabinlerini bizden kiralayabilirsiniz. Size m\u00fcnferit bile\u015fenler veya komple bir sistem i\u00e7in teklif vermekten memnuniyet duyar\u0131z.<\/p>\n<div class=\"call-action-slider-img\">\n<img decoding=\"async\" src=\"https:\/\/konferenztechnik.de\/wp-content\/uploads\/2018\/10\/konferenzempfaenger-mieten-bei-PCS-1.jpg\" alt=\"PCS&#039;den konferans al\u0131c\u0131lar\u0131 kiralay\u0131n\" class=\"alignleft size-full wp-image-14171\" title=\"\"><br \/>\n<button class=\"btn popmake-14167\">Fiyat teklifi isteyin,<br \/>bir saat i\u00e7inde<br \/>seninle! &#x9B;<\/button>\n<\/div>\n<h2>Minimum sipari\u015f miktar\u0131 olmadan al\u0131c\u0131 kiralama<\/h2>\n<p>Bu arada, PCS ile minimum sipari\u015f miktar\u0131 yoktur. Yaln\u0131zca bir al\u0131c\u0131ya ihtiyac\u0131n\u0131z varsa, yaln\u0131zca bir al\u0131c\u0131 i\u00e7in \u00f6deme yapman\u0131z gerekir. Bu kadar basit.<\/p>\n<h2>\u00c7eviri i\u00e7in k\u0131z\u0131l\u00f6tesi al\u0131c\u0131 ve radyo al\u0131c\u0131s\u0131<\/h2>\n<p>PCS Konferenztechnik, simultane terc\u00fcmanl\u0131 konferanslar i\u00e7in hem dijital k\u0131z\u0131l\u00f6tesi al\u0131c\u0131lar hem de radyo al\u0131c\u0131lar\u0131 kiralamaktad\u0131r. Mek\u00e2nsal ko\u015fullara ve iletilecek sinyale uygun iletim teknolojisini se\u00e7iyoruz. <\/p>\n<h2>Konferanslar i\u00e7in dijital k\u0131z\u0131l\u00f6tesi iletim<\/h2>\n<p>K\u0131z\u0131l\u00f6tesi sinyaller dijital olarak iletilir. Bu, sinyallerin en y\u00fcksek ses kalitesiyle ve ayn\u0131 zamanda \u00e7ok uzun bir iletim menziliyle iletilmesini m\u00fcmk\u00fcn k\u0131lar. Y\u00fcksek parlakl\u0131k sayesinde, sadece birka\u00e7 k\u0131z\u0131l\u00f6tesi yay\u0131c\u0131 ile geni\u015f alanlar kaplanabilir. Sinyal \u0131\u015f\u0131\u011fa kar\u015f\u0131 duyars\u0131zd\u0131r ve a\u00e7\u0131k havada bile kullan\u0131labilir.<\/p>\n<h2>Konferanslar i\u00e7in UHF radyo al\u0131c\u0131s\u0131<\/h2>\n<p>PCS'den modern UHF telsiz al\u0131c\u0131lar\u0131 kiralayabilirsiniz. Al\u0131c\u0131lar b\u00fcy\u00fck binalarda ve salonlarda bile uzun bir menzile sahiptir. Al\u0131c\u0131lar kay\u0131t gerektirmeyen ISM band\u0131nda yay\u0131n yapar. Al\u0131c\u0131lar, 863 ila 865 MHz aral\u0131\u011f\u0131nda, parazit veya di\u011fer rahats\u0131zl\u0131klara neden olmadan profesyonel telsiz mikrofonlarla paralel olarak kolayca kullan\u0131labilirler.<\/p>\n<p><img decoding=\"async\" src=\"https:\/\/konferenztechnik.de\/wp-content\/uploads\/2018\/10\/Empfaenger-mieten-bei-pcs-1.jpg\" alt=\"PCS&#039;den al\u0131c\u0131 kiralay\u0131n\" class=\"alignleft size-full wp-image-14175\" title=\"\"><\/p>\n<h2>Konferans al\u0131c\u0131lar\u0131 i\u00e7in kulakl\u0131k kiralay\u0131n<\/h2>\n<p>PCS'de b\u00fcy\u00fck miktarlarda kulakl\u0131k kiralayabilirsiniz. Sundu\u011fumuz \u00fc\u00e7 tip kulakl\u0131k var:<br \/>\nTek kulakl\u0131k<br \/>\nTek kulakl\u0131 kulakl\u0131klar \u00f6zellikle yuvarlak masa tart\u0131\u015fmalar\u0131nda veya panel tart\u0131\u015fmalar\u0131nda kullan\u0131m i\u00e7in uygundur; kat\u0131l\u0131mc\u0131lar\u0131n hem odadaki konu\u015fulan kelimeyi hem de \u00e7eviriyi h\u0131zl\u0131 bir \u015fekilde duymas\u0131 gerekti\u011finde.<\/p>\n<p>2. mono kulakl\u0131klar<br \/>\nMono kulakl\u0131klar, neredeyse yaln\u0131zca konu\u015fma iletildi\u011finde her zaman idealdir. Mono kulakl\u0131klar\u0131m\u0131z, ayn\u0131 sinyalin iletildi\u011fi iki kulakl\u0131\u011fa sahiptir.<\/p>\n<p>3. stereo kulakl\u0131klar<br \/>\nStereo kulakl\u0131klar evrensel olarak kullan\u0131labilir. Konu\u015fman\u0131n yan\u0131 s\u0131ra m\u00fczik veya film sesini iletmek i\u00e7in de uygundurlar.<\/p>\n<h2>Ses sinyallerini stereo olarak iletme<\/h2>\n<p>K\u0131z\u0131l\u00f6tesi ve DECT al\u0131c\u0131lar\u0131m\u0131z stereo ve CD kalitesinde sinyalleri dinlemek i\u00e7in kullan\u0131labilir. Bu, \u00f6rne\u011fin m\u00fczik, film sesi veya \u00f6zellikle iyi ses gerektiren benzer sinyallerin iletilmesini m\u00fcmk\u00fcn k\u0131lar. Uygulama alanlar\u0131 aras\u0131nda \u00e7ok dilli sinema filmleri, sesli y\u00fcr\u00fcy\u00fc\u015fler, sessiz diskolar, sessiz sunumlar veya tiyatro performanslar\u0131 yer al\u0131r. Al\u0131c\u0131lar ayr\u0131ca kendi kulakl\u0131klar\u0131n\u0131z\u0131 kullanman\u0131za da izin verir.<\/p>\n<h2>PCS'den komple s\u00f6zl\u00fc \u00e7eviri sistemleri kiralay\u0131n<\/h2>\n<p>Bizden komple s\u00f6zl\u00fc \u00e7eviri sistemleri kiralayabilirsiniz. Bunlar aras\u0131nda s\u00f6zl\u00fc \u00e7eviri kabinleri, s\u00f6zl\u00fc \u00e7eviri merkezleri, s\u00f6zl\u00fc \u00e7eviri masalar\u0131, iletim teknolojisi ve konferans al\u0131c\u0131lar\u0131 bulunmaktad\u0131r. Ayr\u0131ca bizden ses ve g\u00f6r\u00fcnt\u00fc ekipmanlar\u0131 da kiralayabilirsiniz. PCS proje planlama ekibi, konferans\u0131n\u0131z\u0131n veya etkinli\u011finizin teknik planlamas\u0131nda ve ger\u00e7ekle\u015ftirilmesinde size destek olacakt\u0131r. E\u011fitimli teknisyenlerimiz kurulum ve s\u00f6k\u00fcm i\u015flemlerinin yan\u0131 s\u0131ra teknik destek sa\u011flamaktan da mutluluk duyacakt\u0131r.<\/p>\n<h2>\u00dcr\u00fcn yelpazemizden daha fazla konferans ve s\u00f6zl\u00fc \u00e7eviri teknolojisi<\/h2>\n<div id=\"newscontainer\">\n<div class=\"newskasten\"><a href=\"https:\/\/konferenztechnik.de\/tr\/konferans-eki%cc%87pmani-ki%cc%87ralama\/tercuemanlik-si%cc%87stemleri%cc%87\/\">Yorumlama sistemleri<br \/>\n<img fetchpriority=\"high\" decoding=\"async\" width=\"410\" height=\"304\" src=\"https:\/\/konferenztechnik.de\/wp-content\/uploads\/2017\/05\/dolmetscheranlagen-mieten.jpg\" alt=\"S\u00f6zl\u00fc terc\u00fcme sistemleri kiralama - PCS Konferenztechnik\" class=\"alignleft size-full wp-image-10339\" title=\"\" srcset=\"https:\/\/konferenztechnik.de\/wp-content\/uploads\/2017\/05\/dolmetscheranlagen-mieten.jpg 410w, https:\/\/konferenztechnik.de\/wp-content\/uploads\/2017\/05\/dolmetscheranlagen-mieten-300x222.jpg 300w\" sizes=\"(max-width: 410px) 100vw, 410px\" \/><br \/>\n<\/a><br \/>\n[temiz]<br \/>\n[list icon=\"moon-checkmark\" color=\"#a62055\u2033]Kabinin e\u015fle\u015ftirilmesi[\/list]<br \/>\n[list icon=\"moon-checkmark\" color=\"#a62055\u2033]Modern sistemler[\/list]<br \/>\n[list icon=\"moon-checkmark\" color=\"#a62055\u2033]Y\u00fcksek miktar[\/list]<\/p>\n<p><a class=\"weiter\" href=\"https:\/\/konferenztechnik.de\/tr\/konferans-eki%cc%87pmani-ki%cc%87ralama\/tercuemanlik-si%cc%87stemleri%cc%87\/\">\u203a Daha fazla<\/a><\/div>\n<div class=\"newskasten\"><a href=\"https:\/\/konferenztechnik.de\/tr\/konferans-eki%cc%87pmani-ki%cc%87ralama\/tartisma-olanaklari\/\">\u0130nterkom istasyonlar\u0131<br \/>\n<img decoding=\"async\" width=\"410\" height=\"304\" src=\"https:\/\/konferenztechnik.de\/wp-content\/uploads\/2017\/05\/drahtlose-sprechstellen-mieten.jpg\" alt=\"Kablosuz mikrofon \u00fcniteleri kiralama - PCS Konferenztechnik\" class=\"alignleft size-full wp-image-10340\" title=\"\" srcset=\"https:\/\/konferenztechnik.de\/wp-content\/uploads\/2017\/05\/drahtlose-sprechstellen-mieten.jpg 410w, https:\/\/konferenztechnik.de\/wp-content\/uploads\/2017\/05\/drahtlose-sprechstellen-mieten-300x222.jpg 300w\" sizes=\"(max-width: 410px) 100vw, 410px\" \/><\/a><br \/>\n[temiz]<br \/>\n[list icon=\"moon-checkmark\" color=\"#a62055\u2033]Kablosuz[\/list]<br \/>\n[list icon=\"moon-checkmark\" colour=\"#a62055\u2033]Wired[\/list]<br \/>\n[list icon=\"moon-checkmark\" color=\"#a62055\u2033]Dijital ve G\u00fcvenli[\/list]<\/p>\n<p><a class=\"weiter\" href=\"https:\/\/konferenztechnik.de\/tr\/konferans-eki%cc%87pmani-ki%cc%87ralama\/tartisma-olanaklari\/\">\u203a Daha fazla<\/a><\/div>\n<div class=\"newskasten\"><a href=\"https:\/\/konferenztechnik.de\/tr\/konferans-eki%cc%87pmani-ki%cc%87ralama\/av-teknoloji%cc%87si%cc%87-mi%cc%87krofonlar-ses-si%cc%87stemleri%cc%87-projektoerler\/\">Ses ve g\u00f6r\u00fcnt\u00fc teknolojisi<br \/>\n<img decoding=\"async\" width=\"410\" height=\"304\" src=\"https:\/\/konferenztechnik.de\/wp-content\/uploads\/2017\/05\/audiotechnik-mieten-pcs.jpg\" alt=\"Ses teknolojisi kiralama - PCS Konferenztechnik\" class=\"alignleft size-full wp-image-10341\" title=\"\" srcset=\"https:\/\/konferenztechnik.de\/wp-content\/uploads\/2017\/05\/audiotechnik-mieten-pcs.jpg 410w, https:\/\/konferenztechnik.de\/wp-content\/uploads\/2017\/05\/audiotechnik-mieten-pcs-300x222.jpg 300w\" sizes=\"(max-width: 410px) 100vw, 410px\" \/><\/a><br \/>\n[temiz]<br \/>\n[list icon=\"moon-checkmark\" color=\"#a62055\u2033]Projekt\u00f6rler[\/list]<br \/>\n[list icon=\"moon-checkmark\" color=\"#a62055\u2033]Mikrofonlar[\/list]<br \/>\n[list icon=\"moon-checkmark\" color=\"#a62055\u2033]Her t\u00fcrl\u00fc ses takviyesi[\/list]<\/p>\n<p><a class=\"weiter\" href=\"https:\/\/konferenztechnik.de\/tr\/konferans-eki%cc%87pmani-ki%cc%87ralama\/av-teknoloji%cc%87si%cc%87-mi%cc%87krofonlar-ses-si%cc%87stemleri%cc%87-projektoerler\/\">\u203a Daha fazla<\/a><\/div>\n<\/div>\n<p>[spacer size=\"20\u2033]<\/p>\n<p>[callout add_button=\"no\" button_text=\"Learn More\" button_url=\"#\" button_color=\"#a62055\u2033]<br \/>\nProje dan\u0131\u015fmanlar\u0131m\u0131z etkinli\u011finizin planlanmas\u0131 ve ger\u00e7ekle\u015ftirilmesinde size yard\u0131mc\u0131 olmaktan mutluluk duyacakt\u0131r. Bizimle ileti\u015fime ge\u00e7meniz yeterli.<br \/>\n[\/callout]<\/p>\n<p>[spacer size=\"20\u2033]<br \/>\n[temiz]<\/p>\n<div class=\"boxcontainer\">\n<div class=\"box1-4\">\n<div class=\"box-head\">Kuzey ve Bat\u0131<\/div>\n<p><img loading=\"lazy\" decoding=\"async\" width=\"800\" height=\"533\" src=\"https:\/\/konferenztechnik.de\/wp-content\/uploads\/2013\/09\/monika_van_den_boogaard_pcs-gmbh.jpg\" alt=\"monika_van_den_boogaard_pcs-gmbh\" class=\"alignleft size-full wp-image-2312\" title=\"\" srcset=\"https:\/\/konferenztechnik.de\/wp-content\/uploads\/2013\/09\/monika_van_den_boogaard_pcs-gmbh.jpg 800w, https:\/\/konferenztechnik.de\/wp-content\/uploads\/2013\/09\/monika_van_den_boogaard_pcs-gmbh-300x200.jpg 300w, https:\/\/konferenztechnik.de\/wp-content\/uploads\/2013\/09\/monika_van_den_boogaard_pcs-gmbh-768x512.jpg 768w\" sizes=\"(max-width: 800px) 100vw, 800px\" \/><br \/>\nMonika van den Boogaard<br \/>\nProje Dan\u0131\u015fman\u0131 Kiralama<br \/>\nTelefon +49 211 737798 10<br \/>\n<span class=\"volleansicht\">e-posta <a href=\"mailto:vandenboogaard@konferenztechnik.de\" onclick=\"ga('send', 'event', 'Email-Klick', 'Kontakt Boogaard');\">yaz<\/a><br \/><\/span><br \/>\n<span class=\"mobileansicht\">e-posta <a href=\"mailto:vandenboogaard@konferenztechnik.de\" onclick=\"ga('send', 'event', 'Email-Klick', 'Kontakt Boogaard');\">yaz<\/a><br \/><\/span>\n<\/div>\n<div class=\"box1-4\">\n<div class=\"box-head\">Do\u011fu<\/div>\n<p><img loading=\"lazy\" decoding=\"async\" width=\"2316\" height=\"1543\" src=\"https:\/\/konferenztechnik.de\/wp-content\/uploads\/2017\/05\/sebastian-meyer-pcs-gmbh.jpg\" alt=\"Sebastian Meyer PCS GmbH - Elden \u00c7\u0131karma\" class=\"alignleft size-full wp-image-10048\" title=\"\" srcset=\"https:\/\/konferenztechnik.de\/wp-content\/uploads\/2017\/05\/sebastian-meyer-pcs-gmbh.jpg 2316w, https:\/\/konferenztechnik.de\/wp-content\/uploads\/2017\/05\/sebastian-meyer-pcs-gmbh-300x200.jpg 300w, https:\/\/konferenztechnik.de\/wp-content\/uploads\/2017\/05\/sebastian-meyer-pcs-gmbh-1024x682.jpg 1024w, https:\/\/konferenztechnik.de\/wp-content\/uploads\/2017\/05\/sebastian-meyer-pcs-gmbh-768x512.jpg 768w, https:\/\/konferenztechnik.de\/wp-content\/uploads\/2017\/05\/sebastian-meyer-pcs-gmbh-1536x1023.jpg 1536w, https:\/\/konferenztechnik.de\/wp-content\/uploads\/2017\/05\/sebastian-meyer-pcs-gmbh-2048x1364.jpg 2048w\" sizes=\"(max-width: 2316px) 100vw, 2316px\" \/><br \/>\nSebastian Meyer<br \/>\nProje Dan\u0131\u015fman\u0131 Kiralama<br \/>\nTelefon +49 30 6959690 15<br \/>\n<span class=\"volleansicht\">e-posta <a href=\"mailto:meyer@konferenztechnik.de\" onclick=\"ga('send', 'event', 'Email-Klick', 'Kontakt Meyer');\">yaz<\/a><br \/><\/span><br \/>\n<span class=\"mobileansicht\">e-posta <a href=\"mailto:meyer@konferenztechnik.de\" onclick=\"ga('send', 'event', 'Email-Klick', 'Kontakt Meyer');\">yaz<\/a><br \/><\/span>\n<\/div>\n<div class=\"box1-4\">\n<div class=\"box-head\">G\u00fcney<\/div>\n<p><img loading=\"lazy\" decoding=\"async\" width=\"800\" height=\"533\" src=\"https:\/\/konferenztechnik.de\/wp-content\/uploads\/2013\/09\/sebastian_gegusch_pcs-gmbh.jpg\" alt=\"Sebastian Gegusch PCS-GmbH\" class=\"alignleft size-full wp-image-3153\" title=\"\" srcset=\"https:\/\/konferenztechnik.de\/wp-content\/uploads\/2013\/09\/sebastian_gegusch_pcs-gmbh.jpg 800w, https:\/\/konferenztechnik.de\/wp-content\/uploads\/2013\/09\/sebastian_gegusch_pcs-gmbh-300x200.jpg 300w, https:\/\/konferenztechnik.de\/wp-content\/uploads\/2013\/09\/sebastian_gegusch_pcs-gmbh-768x512.jpg 768w\" sizes=\"(max-width: 800px) 100vw, 800px\" \/><br \/>\nSebastian Gegusch<br \/>\nProje y\u00f6netimi ve zamanlama<br \/>\nTelefon +49 89 248830021<br \/>\n<span class=\"volleansicht\">e-posta <a href=\"mailto:gegusch@konferenztechnik.de\" onclick=\"ga('send', 'event', 'Email-Klick', 'Kontakt Gegusch');\">yaz<\/a><br \/><\/span><br \/>\n<span class=\"mobileansicht\">e-posta <a href=\"mailto:gegusch@konferenztechnik.de\" onclick=\"ga('send', 'event', 'Email-Klick', 'Kontakt Gegusch');\">yaz<\/a><br \/><\/span>\n<\/div>\n<div class=\"box1-4-empty\">\n<\/div>\n<\/div>","protected":false},"excerpt":{"rendered":"<p>Konferenzempf\u00e4nger mieten: Empf\u00e4nger und Kopfh\u00f6rer f\u00fcr Konferenzen mit Simultan\u00fcbersetzung Mieten Sie bei PCS Konferenzempf\u00e4nger f\u00fcr Konferenzen, Tagungen und Kongresse jeder Gr\u00f6\u00dfenordnung. Unsere modernen Empf\u00e4nger sind zuverl\u00e4ssig, einfach zu bedienen und bieten einen hohen Tragekomfort. Mit den Konferenzempf\u00e4ngern k\u00f6nnen bis zu 32 Sprach-Kan\u00e4le gleichzeitig empfangen werden. Sie k\u00f6nnen sowohl in kleinen Tagungsr\u00e4umen als auch in gro\u00dfen [&hellip;]<\/p>","protected":false},"author":1,"featured_media":45482,"parent":0,"menu_order":0,"comment_status":"closed","ping_status":"closed","template":"page-right-sidebar.php","meta":{"_acf_changed":false,"footnotes":""},"class_list":["post-14162","page","type-page","status-publish","has-post-thumbnail","hentry"],"acf":[],"_links":{"self":[{"href":"https:\/\/konferenztechnik.de\/tr\/wp-json\/wp\/v2\/pages\/14162","targetHints":{"allow":["GET"]}}],"collection":[{"href":"https:\/\/konferenztechnik.de\/tr\/wp-json\/wp\/v2\/pages"}],"about":[{"href":"https:\/\/konferenztechnik.de\/tr\/wp-json\/wp\/v2\/types\/page"}],"author":[{"embeddable":true,"href":"https:\/\/konferenztechnik.de\/tr\/wp-json\/wp\/v2\/users\/1"}],"replies":[{"embeddable":true,"href":"https:\/\/konferenztechnik.de\/tr\/wp-json\/wp\/v2\/comments?post=14162"}],"version-history":[{"count":0,"href":"https:\/\/konferenztechnik.de\/tr\/wp-json\/wp\/v2\/pages\/14162\/revisions"}],"wp:featuredmedia":[{"embeddable":true,"href":"https:\/\/konferenztechnik.de\/tr\/wp-json\/wp\/v2\/media\/45482"}],"wp:attachment":[{"href":"https:\/\/konferenztechnik.de\/tr\/wp-json\/wp\/v2\/media?parent=14162"}],"curies":[{"name":"wp","href":"https:\/\/api.w.org\/{rel}","templated":true}]}}