{"id":1562,"date":"2013-08-30T15:08:02","date_gmt":"2013-08-30T13:08:02","guid":{"rendered":"https:\/\/konferenztechnik.de\/?page_id=1562"},"modified":"2013-08-30T15:08:02","modified_gmt":"2013-08-30T13:08:02","slug":"referans-li%cc%87stesi%cc%87-etki%cc%87nli%cc%87gi%cc%87","status":"publish","type":"page","link":"https:\/\/konferenztechnik.de\/tr\/hakkimizda-2\/referans-li%cc%87stesi%cc%87-etki%cc%87nli%cc%87gi%cc%87\/","title":{"rendered":"Etkinlik referans listesi"},"content":{"rendered":"<h1>Etkinlik referans listesi<\/h1>\n<ul>\n<li>ABB LTD.<\/li>\n<li>Abbott GmbH &amp; Co. KG<\/li>\n<li>W\u00fcrth Grup<\/li>\n<li>BMW Grubu<\/li>\n<li>Alman Yay\u0131nc\u0131lar ve Kitap\u00e7\u0131lar Birli\u011fi<\/li>\n<li>Bosch Rexroth AG<\/li>\n<li>ABD B\u00fcy\u00fckel\u00e7ili\u011fi<\/li>\n<li>BP Petrol Pazarlama<\/li>\n<li>BPW \u2013 Bergische Achsen<\/li>\n<li>Brahms AG<\/li>\n<li>B. Braun Melsungen AG<\/li>\n<li>Federal M\u00fctercimler ve Terc\u00fcmanlar Birli\u011fi (BD\u00dc)<\/li>\n<li>Federal Anayasa Mahkemesi<\/li>\n<li>Daimler AG<\/li>\n<li>Deichmann<\/li>\n<li>DFB \u2013 Alman Futbol Federasyonu e.V.<\/li>\n<li>Dieter Schwarz Vakf\u0131 kar amac\u0131 g\u00fctmeyen kurulu\u015f<\/li>\n<li>FIFA \u2013 F\u00e9d\u00e9ration Internationale de Football Association<\/li>\n<li>Fritz Thyssen Vakf\u0131<\/li>\n<li>Fujifilm<\/li>\n<li>DMG Mori Seiki AG<\/li>\n<li>Drees &amp; Sommer AG<\/li>\n<li>Ecolab Almanya GmbH<\/li>\n<li>Ford Werke AG<\/li>\n<li>Berlin \u00d6zg\u00fcr \u00dcniversitesi<\/li>\n<li>EASA \u2013 Avrupa Havac\u0131l\u0131k G\u00fcvenli\u011fi Ajans\u0131<\/li>\n<li>GETRAG International GmbH<\/li>\n<li>D\u00fcsseldorf El Sanatlar\u0131 Odas\u0131<\/li>\n<li>HeidelbergCement AG<\/li>\n<li>Henry Schein Dental Germany GmbH<\/li>\n<li>Niederrhein Uygulamal\u0131 Bilimler \u00dcniversitesi<\/li>\n<li>Hochtief AG<\/li>\n<li>ICG \u2013 \u0130novasyon Kongresi GmbH<\/li>\n<li>IHK D\u00fcsseldorf<\/li>\n<li>Kl\u00f6ckner AG<\/li>\n<li>KPMG<\/li>\n<li>NRW Eyalet Parlamentosu<\/li>\n<li>Lidl Dienstleistung GmbH &amp; Co. KG<\/li>\n<li>LKA D\u00fcsseldorf<\/li>\n<li>LR Health &amp; Beauty Systems GmbH<\/li>\n<li>Lufthansa Cargo AG<\/li>\n<li>Ravensbr\u00fcck An\u0131t\u0131 ve Anma Merkezi<\/li>\n<li>Metro AG<\/li>\n<li>Nachi Europe GmbH<\/li>\n<li>REWE Zentral AG<\/li>\n<li>Rheinzink GmbH &amp; Co KG<\/li>\n<li>Sachtleben Chemie GmbH<\/li>\n<li>Santander Bank<\/li>\n<li>SCC EVENTS GmbH<\/li>\n<li>Sony Avrupa<\/li>\n<li>Sterling Ak\u0131\u015fkan<\/li>\n<li>Targobank<\/li>\n<li>Telef\u00f3nica Deutschland Holding AG<\/li>\n<li>TEREX<\/li>\n<li>ThyssenKrupp AG<\/li>\n<li>Unilever Deutschland Holding GmbH<\/li>\n<li>Heidelberg \u00dcniversitesi<\/li>\n<li>Vaillant GmbH<\/li>\n<li>Alman \u00c7imento Fabrikalar\u0131 Birli\u011fi<\/li>\n<li>VISTEON Almanya GmbH<\/li>\n<li>WINGAS GmbH<\/li>\n<\/ul>","protected":false},"excerpt":{"rendered":"<p>Referenzliste Event ABB AG Abbott GmbH &#038; Co. KG W\u00fcrth Group BMW Group B\u00f6rsenverein des deutschen Buchhandels e.V. Bosch Rexroth AG Botschaft der USA BP Oil Marketing BPW \u2013 Bergische Achsen Brahms AG B. Braun Melsungen AG Bundesverband der Dolmetscher und \u00dcbersetzer e.V. (BD\u00dc) Bundesverfassungsgericht Daimler AG Deichmann DFB \u2013 Deutscher Fu\u00dfball-Bund e.V. Dieter Schwarz [&hellip;]<\/p>","protected":false},"author":1,"featured_media":45482,"parent":12,"menu_order":186,"comment_status":"closed","ping_status":"open","template":"page-right-sidebar.php","meta":{"_acf_changed":false,"footnotes":""},"class_list":["post-1562","page","type-page","status-publish","has-post-thumbnail","hentry"],"acf":[],"_links":{"self":[{"href":"https:\/\/konferenztechnik.de\/tr\/wp-json\/wp\/v2\/pages\/1562","targetHints":{"allow":["GET"]}}],"collection":[{"href":"https:\/\/konferenztechnik.de\/tr\/wp-json\/wp\/v2\/pages"}],"about":[{"href":"https:\/\/konferenztechnik.de\/tr\/wp-json\/wp\/v2\/types\/page"}],"author":[{"embeddable":true,"href":"https:\/\/konferenztechnik.de\/tr\/wp-json\/wp\/v2\/users\/1"}],"replies":[{"embeddable":true,"href":"https:\/\/konferenztechnik.de\/tr\/wp-json\/wp\/v2\/comments?post=1562"}],"version-history":[{"count":0,"href":"https:\/\/konferenztechnik.de\/tr\/wp-json\/wp\/v2\/pages\/1562\/revisions"}],"up":[{"embeddable":true,"href":"https:\/\/konferenztechnik.de\/tr\/wp-json\/wp\/v2\/pages\/12"}],"wp:featuredmedia":[{"embeddable":true,"href":"https:\/\/konferenztechnik.de\/tr\/wp-json\/wp\/v2\/media\/45482"}],"wp:attachment":[{"href":"https:\/\/konferenztechnik.de\/tr\/wp-json\/wp\/v2\/media?parent=1562"}],"curies":[{"name":"wp","href":"https:\/\/api.w.org\/{rel}","templated":true}]}}