{"id":16088,"date":"2020-04-27T10:27:54","date_gmt":"2020-04-27T09:27:54","guid":{"rendered":"https:\/\/www.konferenztechnik.de\/?page_id=16088"},"modified":"2020-04-27T10:27:54","modified_gmt":"2020-04-27T09:27:54","slug":"tercueman-merkezi-duesseldorf","status":"publish","type":"page","link":"https:\/\/konferenztechnik.de\/tr\/tercueman-merkezi-duesseldorf\/","title":{"rendered":"Terc\u00fcman Merkezi D\u00fcsseldorf"},"content":{"rendered":"<h1>D\u00fcsseldorf S\u00f6zl\u00fc \u00c7eviri Merkezi: D\u00fcsseldorf, K\u00f6ln, Essen ve Wuppertal b\u00f6lgeleri i\u00e7in Uzaktan S\u00f6zl\u00fc \u00c7eviri Merkezi<\/h1>\n<div class=\"call-action-slider-img\">\n<img fetchpriority=\"high\" decoding=\"async\" src=\"https:\/\/konferenztechnik.de\/wp-content\/uploads\/2021\/08\/mobile-streamingstudios-bildregie-v2.jpg\" alt=\"mobile-streamingstudios-image-direction-v2\" width=\"835\" height=\"420\" class=\"alignleft size-full wp-image-18282\" title=\"\" srcset=\"https:\/\/konferenztechnik.de\/wp-content\/uploads\/2021\/08\/mobile-streamingstudios-bildregie-v2.jpg 835w, https:\/\/konferenztechnik.de\/wp-content\/uploads\/2021\/08\/mobile-streamingstudios-bildregie-v2-300x151.jpg 300w, https:\/\/konferenztechnik.de\/wp-content\/uploads\/2021\/08\/mobile-streamingstudios-bildregie-v2-768x386.jpg 768w\" sizes=\"(max-width: 835px) 100vw, 835px\" \/><br \/>\n<button class=\"btn btn-nopic popmake-9638\">\u015eimdi fiyat teklifi al\u0131n &#x9B;<\/button>\n<\/div>\n<p>D\u00fcsseldorf'taki s\u00f6zl\u00fc \u00e7eviri st\u00fcdyolar\u0131m\u0131z terc\u00fcmanlar i\u00e7in profesyonel bir \u00e7al\u0131\u015fma ortam\u0131 sunmaktad\u0131r. Bu st\u00fcdyolar, terc\u00fcmanlar taraf\u0131ndan tan\u0131nan profesyonel s\u00f6zl\u00fc \u00e7eviri teknolojisiyle donat\u0131lm\u0131\u015ft\u0131r. Ses yal\u0131t\u0131m\u0131, ses ve g\u00f6r\u00fcnt\u00fc teknolojisi ve ileti\u015fim se\u00e7enekleri, hem uzaktan s\u00f6zl\u00fc \u00e7eviri i\u00e7in ISO standartlar\u0131na hem de s\u00f6zl\u00fc \u00e7eviri derneklerinin uzaktan sim\u00fcltane \u00e7eviri \u015fartnamelerine dayanmaktad\u0131r.<br \/>\nProfesyonel etkinlikleriniz i\u00e7in istikrarl\u0131 ve ar\u0131zaya kar\u015f\u0131 g\u00fcvenli internet bant geni\u015flikleri, \u015fifre korumal\u0131 ve \u015fifreli iletimler ve m\u00fckemmel ses ve g\u00f6r\u00fcnt\u00fc kalitesi sunuyoruz.<\/p>\n<p>[spacer size=\"10\u2033]<br \/>\n[column size=\"1-2\u2033 last=\"0\u2033]<br \/>\n[list icon=\"moon-checkmark\" color=\"#a62055\u2033]Ayn\u0131 anda 10 dil[\/list]<br \/>\n[list icon=\"moon-checkmark\" color=\"#a62055\u2033]Teknisyenlerden ve moderat\u00f6rlerden destek[\/list]<br \/>\n[list icon=\"moon-checkmark\" color=\"#a62055\u2033]Ak\u0131\u015f \u00fczerinden s\u0131n\u0131rs\u0131z izleyici[\/list]<br \/>\n[\/column]<br \/>\n[column size=\"1-2\u2033 last=\"1\u2033]<br \/>\n[list icon=\"moon-checkmark\" color=\"#a62055\u2033]D\u00fcnya \u00e7ap\u0131nda sanal toplant\u0131lar[\/list]<br \/>\n[list icon=\"moon-checkmark\" color=\"#a62055\u2033]\u015eifre korumas\u0131 ve \u015fifreli iletim[\/list]<br \/>\n[list icon=\"moon-checkmark\" color=\"#a62055\u2033]En iyi ses ve g\u00f6r\u00fcnt\u00fc kalitesi[\/list]<br \/>\n[\/column]<br \/>\n[spacer size=\"30\u2033]<\/p>\n<p>T\u00fcm toplant\u0131 kat\u0131l\u0131mc\u0131lar\u0131 i\u00e7in hem yerinde hem de uzaktan \u2013 teknik destek sa\u011fl\u0131yoruz. Teknik moderat\u00f6rlerimiz\/koordinat\u00f6rlerimiz konferans\u0131n sorunsuz teknik i\u015fleyi\u015fini sa\u011flamaya yard\u0131mc\u0131 olur ve toplant\u0131 ba\u015fkan\u0131 ile kat\u0131l\u0131mc\u0131lar\u0131n sorular\u0131n\u0131 yan\u0131tlamak i\u00e7in haz\u0131r bulunurlar. Ayr\u0131ca sahada her zaman terc\u00fcmanlarla g\u00f6z temas\u0131 halinde olan, sorulara ve sorunlara yard\u0131mc\u0131 olan ve h\u0131zl\u0131 bir \u015fekilde \u00e7\u00f6z\u00fcm bulan teknisyenler de bulunmaktad\u0131r.<\/p>\n<p>Merkezlerimizi, \u00e7ok \u00e7e\u015fitli pratik i\u015flevlere sahip profesyonel bir video konferans sistemiyle birlikte sunuyoruz. \u015eirketinizin bulundu\u011fu yere veya \u00e7evrimi\u00e7i kat\u0131l\u0131mc\u0131lar\u0131n\u0131za g\u00f6nderiyoruz<\/p>\n<h2><strong>D\u00fcsseldorf S\u00f6zl\u00fc \u00c7eviri Merkezi: PCS s\u00f6zl\u00fc \u00e7eviri st\u00fcdyosunun yol tarifi ve konumu<\/strong><\/h2>\n<p>PCS Terc\u00fcmanl\u0131k Merkezini do\u011frudan D\u00fcsseldorf \u015fubemizde bulabilirsiniz. Tesis i\u00e7inde \u00fccretsiz park yerleri mevcuttur ve yemek servisi ve \u00fccretsiz internet sunuyoruz.<\/p>\n<p>Bizi Reisholzer Werftstra\u00dfe 42, 40589 D\u00fcsseldorf adresinde bulabilirsiniz\n<\/p>\n<p><iframe class=\"maps-full\" src=\"https:\/\/www.google.com\/maps\/embed?pb=!1m18!1m12!1m3!1d2501.758503047735!2d6.835735115877984!3d51.16824147958075!2m3!1f0!2f0!3f0!3m2!1i1024!2i768!4f13.1!3m3!1m2!1s0x47b8cb5e271b419f%3A0x40d95e282c05fe95!2sReisholzer%20Werftstra%C3%9Fe%2042%2C%2040589%20D%C3%BCsseldorf!5e0!3m2!1sde!2sde!4v1643030857700!5m2!1sde!2sde\" style=\"border:0;\" allowfullscreen=\"\" loading=\"lazy\"><\/iframe><\/p>\n<p>[spacer size=\"15\u2033]<\/p>\n<h2><strong>\u00dclke \u00e7ap\u0131nda daha fazla PCS terc\u00fcmanl\u0131k st\u00fcdyosu<\/strong><\/h2>\n<p>[spacer size=\"20\u2033]<br \/>\n[column size=\"1-2\u2033 last=\"0\u2033]<\/p>\n<p>PCS, Almanya genelindeki t\u00fcm lokasyonlarda terc\u00fcman merkezleri sunmaktad\u0131r. Bu merkezler Berlin, M\u00fcnih ve D\u00fcsseldorf'ta bulunmaktad\u0131r. Mobil hub'lar\u0131 do\u011frudan \u00e7evrenize veya \u015firketinizin\/kurulu\u015funuzun \u2013 tesislerine kiralamak ve tabii ki sat\u0131n almak i\u00e7in kurmak da m\u00fcmk\u00fcnd\u00fcr. Bizimle ileti\u015fime ge\u00e7meniz yeterli.<\/p>\n<p>[\/column]<\/p>\n<p>[column size=\"1-2\u2033 last=\"1\u2033]<br \/>\n<img decoding=\"async\" src=\"https:\/\/konferenztechnik.de\/wp-content\/uploads\/2021\/09\/PCS-Remote-Hubs-Dolmetsch-Hubs-Dolmetsch-Studios-bundesweit.jpg\" alt=\"PCS-Remote-Hubs-Interpreting-Hubs-Interpreting-Studios-nationwide\" width=\"777\" height=\"1024\" class=\"alignleft size-full wp-image-18392\" title=\"\" srcset=\"https:\/\/konferenztechnik.de\/wp-content\/uploads\/2021\/09\/PCS-Remote-Hubs-Dolmetsch-Hubs-Dolmetsch-Studios-bundesweit.jpg 777w, https:\/\/konferenztechnik.de\/wp-content\/uploads\/2021\/09\/PCS-Remote-Hubs-Dolmetsch-Hubs-Dolmetsch-Studios-bundesweit-228x300.jpg 228w, https:\/\/konferenztechnik.de\/wp-content\/uploads\/2021\/09\/PCS-Remote-Hubs-Dolmetsch-Hubs-Dolmetsch-Studios-bundesweit-768x1012.jpg 768w\" sizes=\"(max-width: 777px) 100vw, 777px\" \/><br \/>\n[\/column]<\/p>\n<h2><strong>Uzaktan terc\u00fcmanl\u0131k nedir?<\/strong><\/h2>\n<p>Bir toplant\u0131, etkinlik veya konferans bir a\u011f \u00fczerinden terc\u00fcmanlara aktar\u0131l\u0131r. Onlar da etkinli\u011fi canl\u0131 ve e\u015fzamanl\u0131 olarak yorumlar. Farkl\u0131 diller daha sonra konferansa geri aktar\u0131l\u0131r. Etkinli\u011fe kat\u0131lanlar istedikleri dili se\u00e7ebilir ve dinleyebilirler.<br \/>\nHer \u015fey d\u00fcnya \u00e7ap\u0131nda ger\u00e7ek zamanl\u0131 olarak \u00e7al\u0131\u015f\u0131r. \u00d6zel konferans al\u0131c\u0131lar\u0131yla, cep telefonunuzdaki, diz\u00fcst\u00fc bilgisayar\u0131n\u0131zdaki veya bilgisayar\u0131n\u0131zdaki bir uygulamayla, sabit telefonla ya da video konferans yaz\u0131l\u0131m\u0131n\u0131za entegre ederek dinleyebilirsiniz.<br \/>\nDaha fazla bilgi &amp;#x9B adresindeki web sitemizde bulunabilir; <a href=\"https:\/\/konferenztechnik.de\/tr\/uzaktan-tercuemanlik-3\/\">Uzaktan Terc\u00fcmanl\u0131k<\/a><\/p>","protected":false},"excerpt":{"rendered":"<p>Dolmetscher Hub D\u00fcsseldorf: Remote Interpreting Hub f\u00fcr den Gro\u00dfraum D\u00fcsseldorf, K\u00f6ln, Essen und Wuppertal Jetzt Angebot einholen &#x9B; Unsere Dolmetsch Studios D\u00fcsseldorf bieten einen professionellen Arbeitsplatz f\u00fcr Dolmetscherinnen und Dolmetscher. Sie sind mit professioneller und bei Dolmetscher:innen bekannter Dolmetschtechnik ausgestattet. Schallisolierung, Audio- und Videotechnik und die Kommunikationsm\u00f6glichkeiten orientieren sich sowohl an den ISO-Normen f\u00fcr das [&hellip;]<\/p>","protected":false},"author":1,"featured_media":45482,"parent":0,"menu_order":0,"comment_status":"closed","ping_status":"closed","template":"page-right-sidebar.php","meta":{"_acf_changed":false,"footnotes":""},"class_list":["post-16088","page","type-page","status-publish","has-post-thumbnail","hentry"],"acf":[],"_links":{"self":[{"href":"https:\/\/konferenztechnik.de\/tr\/wp-json\/wp\/v2\/pages\/16088","targetHints":{"allow":["GET"]}}],"collection":[{"href":"https:\/\/konferenztechnik.de\/tr\/wp-json\/wp\/v2\/pages"}],"about":[{"href":"https:\/\/konferenztechnik.de\/tr\/wp-json\/wp\/v2\/types\/page"}],"author":[{"embeddable":true,"href":"https:\/\/konferenztechnik.de\/tr\/wp-json\/wp\/v2\/users\/1"}],"replies":[{"embeddable":true,"href":"https:\/\/konferenztechnik.de\/tr\/wp-json\/wp\/v2\/comments?post=16088"}],"version-history":[{"count":0,"href":"https:\/\/konferenztechnik.de\/tr\/wp-json\/wp\/v2\/pages\/16088\/revisions"}],"wp:featuredmedia":[{"embeddable":true,"href":"https:\/\/konferenztechnik.de\/tr\/wp-json\/wp\/v2\/media\/45482"}],"wp:attachment":[{"href":"https:\/\/konferenztechnik.de\/tr\/wp-json\/wp\/v2\/media?parent=16088"}],"curies":[{"name":"wp","href":"https:\/\/api.w.org\/{rel}","templated":true}]}}