{"id":16912,"date":"2021-03-26T08:57:30","date_gmt":"2021-03-26T07:57:30","guid":{"rendered":"https:\/\/www.konferenztechnik.de\/?page_id=16912"},"modified":"2023-08-29T14:55:56","modified_gmt":"2023-08-29T12:55:56","slug":"konferanslar-etkinlikler-toplantilar-klasik-hibrit-dijital-sanal-uzaktan","status":"publish","type":"page","link":"https:\/\/konferenztechnik.de\/tr\/konferanslar-etkinlikler-toplantilar-klasik-hibrit-dijital-sanal-uzaktan\/","title":{"rendered":"Konferanslar, etkinlikler, toplant\u0131lar \u2013 klasik, hibrit, dijital, sanal, uzaktan"},"content":{"rendered":"<p>[column size=\"3-4\u2033 last=\"0\u2033]<\/p>\n<h1>Etkinlikler, konferanslar, toplant\u0131lar \u2013 hibrit, klasik, dijital<\/h1>\n<p>PCS her etkinlik format\u0131 i\u00e7in orta\u011f\u0131n\u0131zd\u0131r. \u0130ster hibrit, ister klasik veya dijital olsun, \u2013 konferanslar, toplant\u0131lar ve etkinlikler d\u00fczenliyoruz. Uzun y\u0131llara dayanan deneyimimizi etkinli\u011finizi ba\u015far\u0131yla ger\u00e7ekle\u015ftirmek i\u00e7in kullan\u0131yoruz.<\/p>\n<p>[list icon=\"moon-checkmark\" color=\"#a62055\u2033]Etkinlik koordinasyonu ve moderasyonu<br \/>\n[list icon=\"moon-checkmark\" color=\"#a62055\u2033]Komple teknik ekipman<br \/>\n[list icon=\"moon-checkmark\" color=\"#a62055\u2033]G\u00f6r\u00fcnt\u00fc ve ses y\u00f6netimi<br \/>\n[list icon=\"moon-checkmark\" color=\"#a62055\u2033]Canl\u0131 simultane terc\u00fcme etkinle\u015ftirilebilir<br \/>\n[list icon=\"moon-checkmark\" color=\"#a62055\u2033]Alman sunucular\u0131, GDPR uyumlu<br \/>\n[list icon=\"moon-checkmark\" color=\"#a62055\u2033]T\u00fcm yayg\u0131n video konferans sistemlerinin entegrasyonu<br \/>\n[\/column]<br \/>\n[column size=\"1-4\u2033 last=\"1\u2033]<br \/>\n[spacer size=\"40\u2033]<\/p>\n<div class=\"box1-4\" style=\"margin-bottom: 0!important; margin-top:20px\">\n<b><span class=\"pcs-color\">Dan\u0131\u015fmanl\u0131k ve planlama<\/span><\/b><br \/>\n<img decoding=\"async\" src=\"https:\/\/konferenztechnik.de\/wp-content\/uploads\/2021\/11\/Christian-becker-pcs-gmbh-foto-thomas-arendt-1.jpg\" alt=\"Christian Becker - PCS GmbH\" class=\"alignleft size-full wp-image-18690\" title=\"\"><br \/>\nSadece bizi aray\u0131n!<br \/>\n<a href=\"tel:08007274624\"><b>0800 727 46 24<\/b><\/a><br \/>\nYa da \u015fu adrese bir e-posta yaz\u0131n:<br \/>\n<span class=\"volleansicht\"><a href=\"mailto:info@konferenztechnik.de\" onclick=\"ga('send', 'event', 'Email-Klick', 'Kontakt Interpreting');\">info@konferenztechnik.de<\/a><br \/>\n<\/span><br \/>\n<span class=\"mobileansicht\"><a href=\"mailto:info@konferenztechnik.de\" onclick=\"ga('send', 'event', 'Email-Klick', 'Kontakt Interpreting');\">yaz<\/a><br \/>\n<\/span><\/div>\n<p>[\/column]<br \/>\n[spacer size=\"20\u2033]<\/p>\n<hr>\n<p>[spacer size=\"20\u2033]<br \/>\n[column size=\"3-4\u2033 last=\"0\u2033]<\/p>\n<h2><b>Hibrit etkinlikler<\/b><\/h2>\n<p><a href=\"https:\/\/konferenztechnik.de\/tr\/hi%cc%87bri%cc%87t-etki%cc%87nli%cc%87kler\/\"><img fetchpriority=\"high\" decoding=\"async\" width=\"835\" height=\"313\" src=\"https:\/\/konferenztechnik.de\/wp-content\/uploads\/2021\/05\/hybride-events-anbieter.jpg\" alt=\"hibrit etkinlik sa\u011flay\u0131c\u0131\" class=\"alignleft size-full wp-image-17211 no-bottom-margin\" title=\"\" srcset=\"https:\/\/konferenztechnik.de\/wp-content\/uploads\/2021\/05\/hybride-events-anbieter.jpg 835w, https:\/\/konferenztechnik.de\/wp-content\/uploads\/2021\/05\/hybride-events-anbieter-300x112.jpg 300w, https:\/\/konferenztechnik.de\/wp-content\/uploads\/2021\/05\/hybride-events-anbieter-768x288.jpg 768w\" sizes=\"(max-width: 835px) 100vw, 835px\" \/><\/a><\/p>\n<p><b><span class=\"smaller-img-text\">Sahada canl\u0131 izleyicili veya izleyicisiz etkinlik + d\u00fcnyan\u0131n d\u00f6rt bir yan\u0131ndaki kat\u0131l\u0131mc\u0131lara e\u015fzamanl\u0131 canl\u0131 yay\u0131n<\/span><\/b><\/p>\n<p>[spacer size=\"20\u2033]<\/p>\n<p>Hibrit etkinlikler; etkinlikler, toplant\u0131lar, kongreler ve konferanslar i\u00e7in yeni standart formatt\u0131r. Ama\u00e7, geleneksel ve dijital etkinliklerin t\u00fcm avantajlar\u0131ndan yararlan\u0131rken bir yandan da izleyicilerin canl\u0131 yay\u0131nlar arac\u0131l\u0131\u011f\u0131yla kat\u0131l\u0131m\u0131n\u0131 sa\u011flayarak onlara yerinde ilham vermektir. Fiziksel mesafeye ra\u011fmen t\u00fcm kat\u0131l\u0131mc\u0131lar birbirleriyle kolay ve sezgisel bir \u015fekilde ileti\u015fim kurabilir, sunum ve konu\u015fma yapabilir, tart\u0131\u015fabilir ve a\u011f olu\u015fturabilir.<\/p>\n<p>[button link=\"#kontakt\" target=\"self\" color=\"#a62055\u2033 text=\"light\"]\u015eimdi Sorgula[\/button] [button link=\"https:\/\/www.konferenztechnik.de\/hybride-events\/\" target=\"self\" color=\"#a62055\u2033 text=\"light\"]Daha fazlas\u0131n\u0131 \u00f6\u011fren[\/button]<br \/>\n[\/column]<br \/>\n[column size=\"3-4\u2033 last=\"1\u2033]<br \/>\n[\/column]<\/p>\n<p>[column size=\"3-4\u2033 last=\"0\u2033]<br \/>\n[spacer size=\"20\u2033]<\/p>\n<hr>\n<p>[spacer size=\"20\u2033]<\/p>\n<h2><b>Sahada y\u00fcz y\u00fcze etkinlikler, konferanslar ve toplant\u0131lar<\/b><\/h2>\n<p><img decoding=\"async\" width=\"835\" height=\"313\" src=\"https:\/\/konferenztechnik.de\/wp-content\/uploads\/2021\/05\/klassischer-event.jpg\" alt=\"Tesis i\u00e7inde klasik etkinlikler, konferanslar ve toplant\u0131lar\" class=\"alignleft size-full wp-image-17223 no-bottom-margin\" title=\"\" srcset=\"https:\/\/konferenztechnik.de\/wp-content\/uploads\/2021\/05\/klassischer-event.jpg 835w, https:\/\/konferenztechnik.de\/wp-content\/uploads\/2021\/05\/klassischer-event-300x112.jpg 300w, https:\/\/konferenztechnik.de\/wp-content\/uploads\/2021\/05\/klassischer-event-768x288.jpg 768w\" sizes=\"(max-width: 835px) 100vw, 835px\" \/><\/p>\n<p class=\"smaller-img-text\"><b>Esnek hijyen konseptlerine sahip, yasal olarak uyumlu ve hem ev sahipleri hem de misafirler i\u00e7in olumlu bir deneyim sunan \u2013 sahas\u0131ndaki kat\u0131l\u0131mc\u0131lara odaklan\u0131n<\/b><\/p>\n<p>Y\u00fcz y\u00fcze etkinliklerinizi organize ediyoruz. Hizmetlerimiz aras\u0131nda klasik konferanslar\u0131n\u0131z\u0131n, etkinliklerinizin ve toplant\u0131lar\u0131n\u0131z\u0131n planlanmas\u0131, tasarlanmas\u0131 ve teknik olarak ger\u00e7ekle\u015ftirilmesi yer almaktad\u0131r. Bizimle hedefe y\u00f6nelik ve sorumlu bir \u015fekilde \u00e7al\u0131\u015f\u0131n. \u0130yi d\u00fc\u015f\u00fcn\u00fclm\u00fc\u015f hijyen konseptleri, kat\u0131l\u0131mc\u0131 y\u00f6netimi, temiz teknik uygulama ve saha g\u00fcvenli\u011fi etkinliklerimizin kalite \u00f6zellikleridir. Amac\u0131m\u0131z, etkinlikleri yasalara uygun bir \u015fekilde ve kat\u0131l\u0131mc\u0131lar\u0131n\u0131za \u00f6zen g\u00f6stererek d\u00fczenlemektir.<\/p>\n<p>[button link=\"#kontakt\" target=\"self\" color=\"#a62055\u2033 text=\"light\"]\u015eimdi Sorgula[\/button]<br \/>\n[\/column]<br \/>\n[column size=\"3-4\u2033 last=\"1\u2033]<br \/>\n[\/column]<\/p>\n<p>[column size=\"3-4\u2033 last=\"0\u2033]<br \/>\n[spacer size=\"20\u2033]<\/p>\n<hr>\n<p>[spacer size=\"20\u2033]<\/p>\n<h2><b>Dijital etkinlikler<\/b><\/h2>\n<p><img decoding=\"async\" width=\"835\" height=\"313\" src=\"https:\/\/konferenztechnik.de\/wp-content\/uploads\/2021\/05\/digitale-events.jpg\" alt=\"Dijital etkinliklerin planlanmas\u0131 ve ger\u00e7ekle\u015ftirilmesi\" class=\"alignleft size-full wp-image-17232 no-bottom-margin\" title=\"\" srcset=\"https:\/\/konferenztechnik.de\/wp-content\/uploads\/2021\/05\/digitale-events.jpg 835w, https:\/\/konferenztechnik.de\/wp-content\/uploads\/2021\/05\/digitale-events-300x112.jpg 300w, https:\/\/konferenztechnik.de\/wp-content\/uploads\/2021\/05\/digitale-events-768x288.jpg 768w\" sizes=\"(max-width: 835px) 100vw, 835px\" \/><\/p>\n<p class=\"smaller-img-text\"><b>Dijital etkinlikte, izleyiciler \u00e7evrimi\u00e7i ak\u0131\u015f yoluyla canl\u0131 olarak ba\u011flan\u0131r. Birbirleriyle etkile\u015fim ve ileti\u015fim kolayca m\u00fcmk\u00fcnd\u00fcr.<\/b><\/p>\n<p>Dijital etkinlik \u00e7evrimi\u00e7i olarak ger\u00e7ekle\u015fir. T\u00fcm kat\u0131l\u0131mc\u0131lar (konu\u015fmac\u0131lar, dinleyiciler, moderat\u00f6rler) t\u00fcm ileti\u015fimin ger\u00e7ekle\u015fti\u011fi bir video konferans platformu (\u00f6rne\u011fin Zoom, Microsoft Teams, WebEx veya benzeri) kullan\u0131r. Konu\u015fmalar, sorgular, sunumlar\u0131n veya videolar\u0131n y\u00fcklenmesi ve hatta canl\u0131 \u00e7eviri i\u00e7in simultane terc\u00fcmanlar\u0131n ba\u011flanmas\u0131 sorunsuz bir \u015fekilde m\u00fcmk\u00fcnd\u00fcr. Kat\u0131l\u0131mc\u0131lar\u0131 motive etmek, ileti\u015fimi te\u015fvik etmek ve dikkat s\u00fcrelerini art\u0131rmak i\u00e7in interaktif ara\u00e7lar ve yaz\u0131l\u0131m \u00e7\u00f6z\u00fcmleri (\u00f6rne\u011fin Miro, Slido, Mentimeter) kullan\u0131lmaktad\u0131r. Dijital bas\u0131n konferanslar\u0131n\u0131, toplant\u0131lar\u0131 ve komiteleri g\u00fcvenli, rahat ve y\u00f6netim kurulu gerekliliklerine uygun bir \u015fekilde ger\u00e7ekle\u015ftiriyoruz.<\/p>\n<p>[button link=\"#kontakt\" target=\"self\" color=\"#a62055\u2033 text=\"light\"]\u015eimdi Sorgula[\/button]<br \/>\n[\/column]<br \/>\n[column size=\"3-4\u2033 last=\"1\u2033]<br \/>\n[\/column]<\/p>\n<p>[column size=\"3-4\u2033 last=\"0\u2033]<br \/>\n[spacer size=\"20\u2033]<\/p>\n<hr>\n<p>[spacer size=\"20\u2033]<\/p>\n<h2><b>Sahne atmosferine sahip st\u00fcdyoda dijital etkinlikler<\/b><\/h2>\n<p><a href=\"https:\/\/konferenztechnik.de\/tr\/mobil-yayin-stuedyolari\/\"><img loading=\"lazy\" decoding=\"async\" width=\"835\" height=\"283\" src=\"https:\/\/konferenztechnik.de\/wp-content\/uploads\/2021\/05\/digitale-events-buehen-studio.jpg\" alt=\"St\u00fcdyoda dijital etkinlikler, canl\u0131 dijital etkinlikler i\u00e7in st\u00fcdyo\" class=\"alignleft size-full wp-image-17241 no-bottom-margin\" title=\"\" srcset=\"https:\/\/konferenztechnik.de\/wp-content\/uploads\/2021\/05\/digitale-events-buehen-studio.jpg 835w, https:\/\/konferenztechnik.de\/wp-content\/uploads\/2021\/05\/digitale-events-buehen-studio-300x102.jpg 300w, https:\/\/konferenztechnik.de\/wp-content\/uploads\/2021\/05\/digitale-events-buehen-studio-768x260.jpg 768w\" sizes=\"(max-width: 835px) 100vw, 835px\" \/><\/a><\/p>\n<p class=\"smaller-img-text\"><b>St\u00fcdyo atmosferine sahip dijital etkinlik: Etkinlik, bir yay\u0131n veya televizyon st\u00fcdyosundan yap\u0131lan canl\u0131 bir televizyon yay\u0131n\u0131yla kar\u015f\u0131la\u015ft\u0131r\u0131labilecek profesyonel d\u00fczeyde bir sahnelemeye sahiptir.<\/b><\/p>\n<p>\u00dcr\u00fcn sunumlar\u0131, panel tart\u0131\u015fmalar\u0131, r\u00f6portajlar veya moderasyonlar bir sahnede veya st\u00fcdyoda canl\u0131 olarak ger\u00e7ekle\u015ftirilir ve canl\u0131 yay\u0131n yoluyla d\u00fcnya \u00e7ap\u0131ndaki kat\u0131l\u0131mc\u0131lara yay\u0131nlan\u0131r. Yerinde prod\u00fcksiyon, bir TV st\u00fcdyosundaki kadar profesyoneldir: ayd\u0131nlatma, kameralar, g\u00f6r\u00fcnt\u00fc ve ses y\u00f6netimi, profesyonel ses teknolojisi, atmosferik sahneleme ve g\u00fc\u00e7l\u00fc dramaturji. Dijital canl\u0131 etkinli\u011finizi dijital canl\u0131 st\u00fcdyolar\u0131m\u0131zdan birinde ger\u00e7ekle\u015ftirebilir veya teknolojiyi \u00fclke \u00e7ap\u0131nda bulundu\u011funuz yerde (\u00f6rne\u011fin \u015firket merkezi, bakanl\u0131k, hatta a\u00e7\u0131k havada) esnek bir \u015fekilde kurabiliriz.<\/p>\n<p>[button link=\"#kontakt\" target=\"self\" color=\"#a62055\u2033 text=\"light\"]\u015eimdi Sorgula[\/button] [button link=\"https:\/\/www.konferenztechnik.de\/mobile-streamingstudios\/\" target=\"self\" color=\"#a62055\u2033 text=\"light\"]Daha fazlas\u0131n\u0131 \u00f6\u011fren[\/button]<br \/>\n[column size=\"3-4\u2033 last=\"1\u2033]<br \/>\n[\/column]<\/p>\n<p>[column size=\"3-4\u2033 last=\"0\u2033]<br \/>\n[spacer size=\"20\u2033]<\/p>\n<hr>\n<p>[spacer size=\"20\u2033]<\/p>\n<h2><b>Toplant\u0131 odas\u0131 video konferans<\/b><\/h2>\n<p><img loading=\"lazy\" decoding=\"async\" width=\"835\" height=\"283\" src=\"https:\/\/konferenztechnik.de\/wp-content\/uploads\/2021\/05\/besprechungsraum-videokonferenz.jpg\" alt=\"Toplant\u0131 odas\u0131 video konferans\" class=\"alignleft size-full wp-image-17249 no-bottom-margin\" title=\"\" srcset=\"https:\/\/konferenztechnik.de\/wp-content\/uploads\/2021\/05\/besprechungsraum-videokonferenz.jpg 835w, https:\/\/konferenztechnik.de\/wp-content\/uploads\/2021\/05\/besprechungsraum-videokonferenz-300x102.jpg 300w, https:\/\/konferenztechnik.de\/wp-content\/uploads\/2021\/05\/besprechungsraum-videokonferenz-768x260.jpg 768w\" sizes=\"(max-width: 835px) 100vw, 835px\" \/><\/p>\n<p class=\"smaller-img-text\"><b>Profesyonel ses, kamera ve video teknolojisi, konferans veya toplant\u0131 odan\u0131zda ge\u00e7ici olarak esnek bir \u015fekilde kurulabilir.<br \/>\n<\/b><\/p>\n<p>Toplant\u0131lar\u0131 do\u011frudan toplant\u0131 odan\u0131zda d\u00fczenliyoruz. Teknik engelleri yerinde ortadan kald\u0131r\u0131yor ve her toplant\u0131 odas\u0131nda yeni teknik olanaklar sa\u011fl\u0131yoruz. Teknisyenlerimiz konferans odalar\u0131n\u0131za ge\u00e7ici olarak yeni teknolojiler ekleyecek ve \u00f6rne\u011fin video konferans sistemlerini, ses sistemlerini, masa mikrofonlar\u0131n\u0131, sunum teknolojisini, DOME kameralar\u0131, terc\u00fcme teknolojisini, diz\u00fcst\u00fc bilgisayarlar\u0131 ve g\u00fc\u00e7 ba\u011flant\u0131lar\u0131n\u0131 entegre edecektir. D\u0131\u015f kat\u0131l\u0131mc\u0131lar i\u00e7in canl\u0131 yay\u0131n ve odada size geri aktar\u0131m \u2013 toplant\u0131 odan\u0131z\u0131 ge\u00e7ici olarak tamamen dijital olarak a\u011fa ba\u011fl\u0131yoruz. Hem teknolojinin kurulumu hem de teknik uygulama ile ilgileniyor ve konferans\u0131n\u0131z\u0131n ba\u015far\u0131l\u0131 olmas\u0131n\u0131 sa\u011flamak i\u00e7in teknisyenlerimizden tam destek sunuyoruz. Biz perde arkas\u0131nda \u00e7al\u0131\u015f\u0131rken siz rahatlayabilir ve toplant\u0131n\u0131z\u0131n keyfini \u00e7\u0131karabilirsiniz.<br \/>\nNot: Kal\u0131c\u0131 bir \u00e7\u00f6z\u00fcmle ilgileniyorsan\u0131z, kurulum ekibimiz size yard\u0131mc\u0131 olmaktan mutluluk duyacakt\u0131r.<\/p>\n<p>[button link=\"#kontakt\" target=\"self\" color=\"#a62055\u2033 text=\"light\"]\u015eimdi Sorgula[\/button]<br \/>\n[column size=\"3-4\u2033 last=\"1\u2033]<br \/>\n[\/column]<\/p>\n<p>[column size=\"3-4\u2033 last=\"0\u2033]<br \/>\n[spacer size=\"20\u2033]<\/p>\n<hr>\n<p>[spacer size=\"20\u2033]<\/p>\n<h2><b>Profesyonel video konferans, moderat\u00f6rl\u00fc video konferans<\/b><\/h2>\n<p><img loading=\"lazy\" decoding=\"async\" width=\"835\" height=\"283\" src=\"https:\/\/konferenztechnik.de\/wp-content\/uploads\/2021\/05\/professionelle-zoomkonferenz.jpg\" alt=\"Profesyonel Zoom konferanslar\u0131 ve video konferanslar\" class=\"alignleft size-full wp-image-17259 no-bottom-margin\" title=\"\" srcset=\"https:\/\/konferenztechnik.de\/wp-content\/uploads\/2021\/05\/professionelle-zoomkonferenz.jpg 835w, https:\/\/konferenztechnik.de\/wp-content\/uploads\/2021\/05\/professionelle-zoomkonferenz-300x102.jpg 300w, https:\/\/konferenztechnik.de\/wp-content\/uploads\/2021\/05\/professionelle-zoomkonferenz-768x260.jpg 768w\" sizes=\"(max-width: 835px) 100vw, 835px\" \/><\/p>\n<p class=\"smaller-img-text\"><b>\u015eirketinizin ve konferans\u0131n\u0131z\u0131n ba\u015far\u0131l\u0131 bir \u015fekilde sahnelenmesinin garantisi olarak profesyonelce y\u00f6netilen video konferanslar.<\/b><\/p>\n<p>Video konferans\u0131n\u0131z\u0131n profesyonelce, sorunsuz ve aksamadan y\u00fcr\u00fct\u00fclmesini sa\u011fl\u0131yoruz. Teknik moderat\u00f6rlerimiz ortaya \u00e7\u0131kan sorularda kat\u0131l\u0131mc\u0131lara yard\u0131mc\u0131 olur ve konferans boyunca kibar, yetkin ki\u015filer olarak haz\u0131r bulunurlar. \u0130zleyicilerden gelen sorular\u0131n y\u00f6netilmesiyle ilgilenir, konferans\u0131n g\u00fcndeme g\u00f6re ilerlemesini sa\u011flar ve programa uygun olarak m\u00fckemmel bir sahneleme sa\u011flarlar. \u00c7ok dilli ve e\u015fzamanl\u0131 olarak terc\u00fcme edilen video konferanslar gibi ek hizmetler temel uzmanl\u0131\u011f\u0131m\u0131zd\u0131r. Zoom video konferans yaz\u0131l\u0131m\u0131 ile \u00e7al\u0131\u015fmay\u0131 tercih ediyoruz, ancak di\u011fer t\u00fcm \u00fcreticilere de a\u00e7\u0131\u011f\u0131z (\u00f6rne\u011fin Microsoft Teams, WebEx ve di\u011ferleri); sistemlerimiz tamamen uyumludur. Kat\u0131l\u0131mc\u0131lar hangi dili dinlemek istediklerine do\u011frudan video konferans yaz\u0131l\u0131m\u0131nda karar verebilirler. T\u00fcm konu\u015fmalar canl\u0131 ve e\u015fzamanl\u0131 olarak yorumlan\u0131r. Almanya'da bulunan kendi sunucular\u0131m\u0131z\u0131 kullanarak, etkinliklerinizi GDPR ve Alman veri koruma yasas\u0131na uygun olarak yasal olarak g\u00fcvenli, veri korumas\u0131na uygun bir \u015fekilde ger\u00e7ekle\u015ftirebilirsiniz.<\/p>\n<p>[button link=\"#kontakt\" target=\"self\" color=\"#a62055\u2033 text=\"light\"]\u015eimdi Sorgula[\/button]<br \/>\n[\/column]<br \/>\n[column size=\"3-4\u2033 last=\"1\u2033]<br \/>\n[\/column]<br \/>\n[spacer size=\"20\u2033]<\/p>\n<hr>\n<p>[spacer size=\"20\u2033]<br \/>\n[column size=\"3-4\u2033 last=\"0\u2033]<\/p>\n<h2 id=\"beratungundplanungvonhybridenevents\"><strong>Dan\u0131\u015fmanl\u0131k, planlama ve uygulama<\/strong><\/h2>\n<p>[spacer size=\"10\u2033]<\/p>\n<p><strong>Etkinlikten \u00f6nce<\/strong> Kat\u0131l\u0131mc\u0131lar\u0131 koordine etmek, lojistik ve ticareti planlamak, teknolojiyi kurmak ve denetlemekle ilgileniyoruz \u2013, etkinli\u011finizin g\u00fcvenli ve sorunsuz bir \u015fekilde y\u00fcr\u00fct\u00fclmesini sa\u011flamak i\u00e7in her \u015feyle ilgilenir.<\/p>\n<p><strong>Etkinlik s\u0131ras\u0131nda<\/strong> Proje y\u00f6neticilerimiz video teknolojisi, ses teknolojisi ve terc\u00fcmanlar gibi ilgili t\u00fcm ekipmanlar\u0131 koordine eder. Teknik etkinlik koordinat\u00f6rlerimiz sanal kat\u0131l\u0131mc\u0131lar\u0131n etkinli\u011fe giri\u015f yapmalar\u0131na yard\u0131mc\u0131 olur, kat\u0131l\u0131mc\u0131lar\u0131n konu\u015fmalar\u0131n\u0131 ve sunumlar\u0131n\u0131 koordine eder ve \u2013 teknik deste\u011fi sahada veya uzaktan bir bilgisayarla her zaman sa\u011flar. Video ve ses kontrol odam\u0131z, t\u00fcm kat\u0131l\u0131mc\u0131lar\u0131n her zaman do\u011fru i\u00e7eri\u011fi g\u00f6rmesini ve duymas\u0131n\u0131 sa\u011flar.<\/p>\n<p><strong>Etkinlikten sonra<\/strong> t\u00fcm teknolojiyi h\u0131zl\u0131 ve kolay bir \u015fekilde s\u00f6k\u00fcyoruz. Video kay\u0131tlar\u0131n\u0131n post prod\u00fcksiyonu, web sitenizde etkinli\u011finizin ak\u0131\u015f\u0131n\u0131n sa\u011flanmas\u0131 veya etkinli\u011finizin profesyonel terc\u00fcmanlar taraf\u0131ndan terc\u00fcme edilmesi ile ilgileniyoruz.<\/p>\n<p>[\/column]<br \/>\n[column size=\"3-4\u2033 last=\"1\u2033]<br \/>\n[\/column]<br \/>\n[spacer size=\"20\u2033]<\/p>\n<hr>\n<p>[spacer size=\"20\u2033]<\/p>\n<h2><strong>G\u00fcn\u00fcm\u00fczde etkinlikler ve fonksiyonlar: bir\u00e7ok format, bir\u00e7ok terim<\/strong><\/h2>\n<p>[column size=\"3-4\u2033 last=\"0\u2033]<\/p>\n<p>\u015eu anda ak\u0131\u015f, video konferans sistemleri veya di\u011fer dijital iletim bi\u00e7imlerini kullanan etkinlikleri, konferanslar\u0131 veya toplant\u0131lar\u0131 tan\u0131mlayan \u00e7e\u015fitli terimler vard\u0131r.<\/p>\n<p>[\/column]<br \/>\n[column size=\"1-2\u2033 last=\"0\u2033]<\/p>\n<ul>\n[list icon=\"moon-checkmark\" color=\"#a62055\u2033]Dijital \u00fcr\u00fcn sunumlar\u0131[\/list]<br \/>\n[list icon=\"moon-checkmark\" color=\"#a62055\u2033]Kurumsal Yay\u0131nlar[\/list]<br \/>\n[list icon=\"moon-checkmark\" color=\"#a62055\u2033]Ak\u0131\u015f St\u00fcdyolar\u0131[\/list]<br \/>\n[list icon=\"moon-checkmark\" color=\"#a62055\u2033]Sanal canl\u0131 izleyici[\/list]<br \/>\n[list icon=\"moon-checkmark\" color=\"#a62055\u2033]Dijital Y\u0131ll\u0131k Genel Kurul Toplant\u0131lar\u0131[\/list]<br \/>\n[list icon=\"moon-checkmark\" color=\"#a62055\u2033]Canl\u0131 \u00e7evrimi\u00e7i etkinlik[\/list]<br \/>\n[list icon=\"moon-checkmark\" color=\"#a62055\u2033]Sanal toplant\u0131lar[\/list]<br \/>\n[\/column]<br \/>\n[column size=\"1-2\u2033 last=\"1\u2033]<br \/>\n[list icon=\"moon-checkmark\" color=\"#a62055\u2033]Webcast[\/list]<br \/>\n[list icon=\"moon-checkmark\" color=\"#a62055\u2033]Sanal canl\u0131 etkinlik[\/list]<br \/>\n[list icon=\"moon-checkmark\" color=\"#a62055\u2033]Webinar[\/list]<br \/>\n[list icon=\"moon-checkmark\" color=\"#a62055\u2033]Talep \u00fczerine ticaret fuar\u0131[\/list]<br \/>\n[list icon=\"moon-checkmark\" color=\"#a62055\u2033]\u00c7evrimi\u00e7i konferans[\/list]<br \/>\n[list icon=\"moon-checkmark\" color=\"#a62055\u2033]Uzak Olay[\/list]<br \/>\n[list icon=\"moon-checkmark\" color=\"#a62055\u2033]ve \u00e7ok daha fazlas\u0131...[\/list]<br \/>\n[\/column]<br \/>\n[spacer size=\"20\u2033]<\/p>\n<hr>\n<p>[spacer size=\"20\u2033]<br \/>\n[column size=\"1-2\u2033 last=\"0\u2033]<\/p>\n<div class=\"weiterlinks\" style=\"background-color:#ffffff;\">\n<h2>Ayr\u0131nt\u0131l\u0131 olarak<\/h2>\n<ul>\n        [list icon=\"moon-arrow-right-2\u2033 color=\"#a62055\u2033]<a title=\"Hibrit etkinlikler\"\n            href=\"\/tr\/hi%cc%87bri%cc%87t-etki%cc%87nli%cc%87kler\/\">Hibrit etkinlikler<\/a>[\/list]<br \/>\n[list icon=\"moon-arrow-right-2\u2033 color=\"#a62055\u2033]<a title=\"Esnek etkinlik konseptleri\"\n            href=\"\/tr\/esnek-etkinlik-konseptleri\/\">Esnek etkinlik konseptleri<\/a>[\/list]<br \/>\n[list icon=\"moon-arrow-right-2\u2033 color=\"#a62055\u2033]<a title=\"Esnek etkinlik konseptleri\"\n            href=\"\/tr\/yakinlastirma-etkinlikleri\/\">Zoom Events \u2013 Biletleme, Kay\u0131t A\u00e7\u0131l\u0131\u015f Sayfalar\u0131<\/a>[\/list]<\/ul>\n<\/div>\n<p>[\/column]<br \/>\n[column size=\"3-4\u2033 last=\"1\u2033]<\/p>\n<p>Terimlerin kafan\u0131z\u0131 kar\u0131\u015ft\u0131rmas\u0131na izin vermeyin. Sonu\u00e7ta \u00f6nemli olan ba\u015far\u0131l\u0131 bir etkinliktir.<br \/>\nSize tavsiyelerde bulunmaktan ve etkinli\u011finiz i\u00e7in en iyi \u00e7\u00f6z\u00fcm\u00fc bulmaktan mutluluk duyaca\u011f\u0131z.<\/p>\n<p>[\/column]<br \/>\n[spacer size=\"20\u2033]<\/p>\n<hr id=\"kontakt\">\n<p>[spacer size=\"30\u2033]<\/p>\n<div class=\"box1-4 medium-size-txt\" style=\"margin-bottom: 0!important\">\n<h2><b><span class=\"pcs-color medium-size-txt\">Servis ekibiniz<\/span><\/b><\/h2>\n<p>[spacer size=\"5\u2033]<br \/>\n[column size=\"1-2\u2033 last=\"0\u2033]<\/p>\n<p>Uzman departman\u0131m\u0131z sorular\u0131n\u0131z\u0131 yan\u0131tlamaktan, \u00fcr\u00fcnler hakk\u0131nda tavsiyelerde bulunmaktan, size ki\u015fiselle\u015ftirilmi\u015f bir fiyat teklifi veya bireysel proje planlamas\u0131 sunmaktan mutluluk duyacakt\u0131r.<\/p>\n<p><img loading=\"lazy\" decoding=\"async\" src=\"https:\/\/konferenztechnik.de\/wp-content\/uploads\/2021\/08\/Sebastian-Meyer-PCS-GmbH-konferenztechnik-small.jpg\" alt=\"Sebastian-Meyer-PCS-GmbH-konferans-teknoloji-k\u00fc\u00e7\u00fck\" width=\"150\" height=\"150\" class=\"alignleft size-full wp-image-18120\" title=\"\"><br \/>\n<img loading=\"lazy\" decoding=\"async\" src=\"https:\/\/konferenztechnik.de\/wp-content\/uploads\/2021\/06\/christian-becker-pcs-gmbh.jpg\" alt=\"Christian Becker - PCS GmbH - Etkinlik planlamas\u0131\" width=\"150\" height=\"150\" class=\"alignleft size-full wp-image-17771\" title=\"\"><br \/>\n<img loading=\"lazy\" decoding=\"async\" src=\"https:\/\/konferenztechnik.de\/wp-content\/uploads\/2021\/06\/sebastian-gegusch-pcs-gmbh.jpg\" alt=\"Sebastian Gegusch - PCS GmbH - Proje planlama\" width=\"150\" height=\"150\" class=\"alignleft size-full wp-image-17774\" title=\"\"><br \/>\n[spacer size=\"5\u2033]<br \/>\n<span class=\"medium-size-txt\"><br \/>\nSadece bizi aray\u0131n!<br \/>\n<a href=\"tel:08007274624\"><b>0800 727 46 24<\/b><\/a><\/p>\n<p>L\u00fctfen bize bir e-posta g\u00f6nderin:<br \/>\n<span class=\"volleansicht\"><a href=\"mailto:info@konferenztechnik.de\" onclick=\"ga('send', 'event', 'Email-Klick', 'Kontakt Vermietung');\">info@konferenztechnik.de<\/a><br \/>\n<\/span><br \/>\n<span class=\"mobileansicht\"><a href=\"mailto:info@konferenztechnik.de\" onclick=\"ga('send', 'event', 'Email-Klick', 'Kontakt Vermietung');\">yaz<\/a><br \/>\n<\/span><\/p>\n<p>Bizimle sohbet edin veya geri arama hizmetimizi kullan\u0131n<br \/>\n<\/span><br \/>\n[\/column]<br \/>\n[column size=\"1-2\u2033 last=\"1\u2033]<\/p>\n<h2>Bir geri arama d\u00fczenleyin<\/h2>\n<p>[contact-form-7 id=\"17963\u2033 title=\"Geri arama d\u00fczenleyin\"]<br \/>\n[\/column]<\/p>\n<\/div>","protected":false},"excerpt":{"rendered":"<p>[column size=&#8220;3-4&#8243; last=&#8220;0&#8243;] Events, Konferenzen, Tagungen \u2013 hybrid, klassisch, digital PCS ist Ihr Partner f\u00fcr jedes Eventformat. Wir betreuen Konferenzen, Tagungen und Events \u2013 ob hybrid, klassisch oder digital. Wir setzen Ihr Event mit unserer jahrelangen Erfahrung erfolgreich um. [list icon=&#8220;moon-checkmark&#8220; color=&#8220;#a62055&#8243;]Eventkoordination und Moderation [list icon=&#8220;moon-checkmark&#8220; color=&#8220;#a62055&#8243;]Komplette technische Ausstattung [list icon=&#8220;moon-checkmark&#8220; color=&#8220;#a62055&#8243;]Bild- und Tonregie [list [&hellip;]<\/p>","protected":false},"author":1,"featured_media":45482,"parent":0,"menu_order":0,"comment_status":"closed","ping_status":"closed","template":"","meta":{"_acf_changed":false,"footnotes":""},"class_list":["post-16912","page","type-page","status-publish","has-post-thumbnail","hentry"],"acf":[],"_links":{"self":[{"href":"https:\/\/konferenztechnik.de\/tr\/wp-json\/wp\/v2\/pages\/16912","targetHints":{"allow":["GET"]}}],"collection":[{"href":"https:\/\/konferenztechnik.de\/tr\/wp-json\/wp\/v2\/pages"}],"about":[{"href":"https:\/\/konferenztechnik.de\/tr\/wp-json\/wp\/v2\/types\/page"}],"author":[{"embeddable":true,"href":"https:\/\/konferenztechnik.de\/tr\/wp-json\/wp\/v2\/users\/1"}],"replies":[{"embeddable":true,"href":"https:\/\/konferenztechnik.de\/tr\/wp-json\/wp\/v2\/comments?post=16912"}],"version-history":[{"count":0,"href":"https:\/\/konferenztechnik.de\/tr\/wp-json\/wp\/v2\/pages\/16912\/revisions"}],"wp:featuredmedia":[{"embeddable":true,"href":"https:\/\/konferenztechnik.de\/tr\/wp-json\/wp\/v2\/media\/45482"}],"wp:attachment":[{"href":"https:\/\/konferenztechnik.de\/tr\/wp-json\/wp\/v2\/media?parent=16912"}],"curies":[{"name":"wp","href":"https:\/\/api.w.org\/{rel}","templated":true}]}}