{"id":16961,"date":"2021-03-30T16:14:01","date_gmt":"2021-03-30T15:14:01","guid":{"rendered":"https:\/\/www.konferenztechnik.de\/?page_id=16961"},"modified":"2023-08-29T14:53:57","modified_gmt":"2023-08-29T12:53:57","slug":"esnek-etkinlik-konseptleri","status":"publish","type":"page","link":"https:\/\/konferenztechnik.de\/tr\/esnek-etkinlik-konseptleri\/","title":{"rendered":"Esnek etkinlik konseptleri"},"content":{"rendered":"<h1 id=\"hybrideevents\"><strong>Esnek etkinlik konseptleri<\/strong><\/h1>\n<p>[rev_slider alias=\"events-1\u2033][\/rev_slider]<br \/>\n[spacer size=\"20\u2033]<\/p>\n<p>Y\u00fcz y\u00fcze etkinliklerin \u00e7er\u00e7eve ko\u015fullar\u0131 her g\u00fcn de\u011fi\u015fmektedir. Etkinli\u011finizin yaln\u0131zca ger\u00e7ekle\u015fmesini de\u011fil, ayn\u0131 zamanda hedef kitlenize m\u00fcmk\u00fcn oldu\u011funca etkili bir \u015fekilde ula\u015fmas\u0131n\u0131 sa\u011flamak i\u00e7in y\u00fcksek derecede esneklik \u00e7ok \u00f6nemlidir.<\/p>\n<p>\u0130deal olarak, etkinli\u011finiz hem sanal ortamda hem de bir izleyici kitlesinin kat\u0131l\u0131m\u0131yla en iyi \u015fekilde \u00e7al\u0131\u015facak kadar uyarlanabilir olmal\u0131d\u0131r.<\/p>\n<p>Etkinlik yeriniz ve etkinlik konseptiniz, g\u00fcnl\u00fck olarak de\u011fi\u015fen gereksinimleri ve k\u0131s\u0131tlamalar\u0131 kar\u015f\u0131lamak i\u00e7in gerekli esnekli\u011fi sunmal\u0131d\u0131r. Planlamam\u0131z, etkin bir maliyet-fayda oran\u0131n\u0131 g\u00f6z \u00f6n\u00fcnde bulundurarak beklenen senaryolar\u0131 dikkate al\u0131r.<\/p>\n<p>Test se\u00e7enekleri ve profesyonel hijyen konseptlerindeki art\u0131\u015f, klasik, dijital ve hibrit etkinliklerin d\u00fczenlenmesine olanak tan\u0131r. Payda\u015flar sahada g\u00fcvenli ve verimli bir \u015fekilde \u00e7al\u0131\u015fabilir.<\/p>\n<p>\u00d6rne\u011fin kulakl\u0131k kullan\u0131m\u0131, gerekli mesafeyi elde etmeyi ve korumay\u0131 kolayla\u015ft\u0131r\u0131r. itibaren <a href=\"\/tr\/sessi%cc%87z-konferans\/\">Sessiz Konferans<\/a> hedeflenen kullan\u0131m\u0131 ile elde edilir. <a href=\"\/tr\/ki%cc%87ralama-rehber-si%cc%87stemleri%cc%87\/\">K\u0131lavuz sistemleri<\/a> Uzak Bir Olay.<\/p>\n<p>Hijyen konseptlerinin olu\u015fturulmas\u0131ndan, mod\u00fcler kat\u0131l\u0131mc\u0131 ak\u0131\u015flar\u0131na ve tamamen dijital etkinlik format\u0131nda geri d\u00f6n\u00fc\u015f varyantlar\u0131n\u0131n de\u011ferlendirilmesine kadar g\u00fcn\u00fcn gereksinimlerini kar\u015f\u0131layan esnek formatlar olu\u015fturmak i\u00e7in sizinle birlikte \u00e7al\u0131\u015f\u0131yoruz.<\/p>\n<p>[spacer size=\"20\u2033]<\/p>\n<p>.<\/p>\n<p>[spacer size=\"20\u2033]<\/p>\n<div class=\"weiterlinks\" style=\"background-color:#ffffff;\">\n<h2>Ayr\u0131nt\u0131l\u0131 olarak<\/h2>\n<ul>\n        [list icon=\"moon-arrow-right-2\u2033 color=\"#a62055\u2033]<a title=\"Hibrit etkinlikler\"\n            href=\"\/tr\/hi%cc%87bri%cc%87t-etki%cc%87nli%cc%87kler\/\">Hibrit etkinlikler<\/a>[\/list]<br \/>\n[list icon=\"moon-arrow-right-2\u2033 color=\"#a62055\u2033]<a title=\"Konferanslar, etkinlikler, toplant\u0131lar\"\n            href=\"\/tr\/konferanslar-etkinlikler-toplantilar-klasik-hibrit-dijital-sanal-uzaktan\/\">Konferanslar, etkinlikler, toplant\u0131lar \u2013 klasik, hibrit, dijital, sanal, uzaktan<\/a>[\/list]<\/ul>\n<\/div>","protected":false},"excerpt":{"rendered":"<p>Flexible Eventkonzepte [rev_slider alias=&#8220;events-1&#8243;][\/rev_slider] [spacer size=&#8220;20&#8243;] T\u00e4glich \u00e4ndern sich die Rahmenbedingungen f\u00fcr Pr\u00e4senzveranstaltungen. Eine hohe Flexibilit\u00e4t ist entscheidend, dass Ihr Event nicht nur stattfinden kann, sondern m\u00f6glichst gut Ihr Publikum erreicht. Ihre Veranstaltung ist idealerweise so wandelbar, dass sie sowohl rein virtuell als auch mit Pr\u00e4senz-Publikum optimal funktioniert. Ihre Eventlocation und das Veranstaltungskonzept sollten die [&hellip;]<\/p>","protected":false},"author":1,"featured_media":45482,"parent":0,"menu_order":0,"comment_status":"closed","ping_status":"closed","template":"","meta":{"_acf_changed":false,"footnotes":""},"class_list":["post-16961","page","type-page","status-publish","has-post-thumbnail","hentry"],"acf":[],"_links":{"self":[{"href":"https:\/\/konferenztechnik.de\/tr\/wp-json\/wp\/v2\/pages\/16961","targetHints":{"allow":["GET"]}}],"collection":[{"href":"https:\/\/konferenztechnik.de\/tr\/wp-json\/wp\/v2\/pages"}],"about":[{"href":"https:\/\/konferenztechnik.de\/tr\/wp-json\/wp\/v2\/types\/page"}],"author":[{"embeddable":true,"href":"https:\/\/konferenztechnik.de\/tr\/wp-json\/wp\/v2\/users\/1"}],"replies":[{"embeddable":true,"href":"https:\/\/konferenztechnik.de\/tr\/wp-json\/wp\/v2\/comments?post=16961"}],"version-history":[{"count":0,"href":"https:\/\/konferenztechnik.de\/tr\/wp-json\/wp\/v2\/pages\/16961\/revisions"}],"wp:featuredmedia":[{"embeddable":true,"href":"https:\/\/konferenztechnik.de\/tr\/wp-json\/wp\/v2\/media\/45482"}],"wp:attachment":[{"href":"https:\/\/konferenztechnik.de\/tr\/wp-json\/wp\/v2\/media?parent=16961"}],"curies":[{"name":"wp","href":"https:\/\/api.w.org\/{rel}","templated":true}]}}