{"id":17853,"date":"2021-06-14T09:30:57","date_gmt":"2021-06-14T08:30:57","guid":{"rendered":"https:\/\/www.konferenztechnik.de\/?page_id=17853"},"modified":"2023-08-28T15:36:42","modified_gmt":"2023-08-28T13:36:42","slug":"etki%cc%87nli%cc%87k-teknoloji%cc%87si%cc%87-uzmanlari-i%cc%87ci%cc%87n-egi%cc%87ti%cc%87m","status":"publish","type":"page","link":"https:\/\/konferenztechnik.de\/tr\/etki%cc%87nli%cc%87k-teknoloji%cc%87si%cc%87-uzmanlari-i%cc%87ci%cc%87n-egi%cc%87ti%cc%87m\/","title":{"rendered":"Etkinlik teknolojisi uzman\u0131 olarak e\u011fitim"},"content":{"rendered":"<h1><b>\u00c7\u0131rakl\u0131k e\u011fitimi etkinlik teknolojisi uzman\u0131 (e\/k\/d)<\/b><\/h1>\n<p><img decoding=\"async\" src=\"https:\/\/konferenztechnik.de\/wp-content\/uploads\/2021\/06\/ausbildung-veranstaltungstechnik-2021-1.jpg\" alt=\"e\u011fitim-uzman-etkinlik-teknolojisi-2021\" class=\"alignleft size-full wp-image-17893\" title=\"\"><br \/>\n[column size=\"3-4\u2033 last=\"0\u2033]<br \/>\n[callout add_button=\"no\" button_text=\"Learn More\" button_url=\"#\" button_color=\"#a62055\u2033]<\/p>\n<h4><strong>2021'deki t\u00fcm \u00e7\u0131rakl\u0131k yerleri dolmu\u015ftur. \u00c7ok say\u0131da ba\u015fvurunuz i\u00e7in te\u015fekk\u00fcr ederiz!<\/strong><\/h4>\n<p>[\/callout]<\/p>\n<p>Berlin lokasyonumuzda 2021 e\u011fitim y\u0131l\u0131 i\u00e7in etkinlik teknolojisi uzman\u0131 olarak bir \u00e7\u0131rakl\u0131k e\u011fitimi sunuyoruz. Heyecan verici etkinliklere, harika bir ekibe ve i\u015f yerinde e\u011flenceye sahip k\u00f6kl\u00fc bir \u015firkette \u00e7e\u015fitli bir \u00e7\u0131rakl\u0131k e\u011fitimi bekleyebilirsiniz.<\/p>\n<h2><b>Hakk\u0131m\u0131zda<\/b><\/h2>\n<p>PCS, 1995 y\u0131l\u0131ndan bu yana klasik, dijital veya hibrit olmak \u00fczere \u2013 konferanslar, toplant\u0131lar ve etkinlikler d\u00fczenlemektedir. Uzun y\u0131llara dayanan deneyimimizle etkinlikleri ba\u015far\u0131yla ger\u00e7ekle\u015ftiriyoruz. Konferans ve AV medya teknolojisinin kiralanmas\u0131, da\u011f\u0131t\u0131m\u0131, kurulumu ve deste\u011fini sunuyoruz ve sim\u00fcltane ve uzaktan terc\u00fcme teknolojisi alan\u0131nda pazar liderlerinden biriyiz. Terc\u00fcmanlar i\u00e7in st\u00fcdyolar i\u015fletiyor ve lokasyonlar\u0131m\u0131zda dijital ve hibrit etkinliklerin ger\u00e7ekle\u015ftirilmesini sa\u011fl\u0131yoruz.<\/p>\n<h2><b>\u0130\u015f tan\u0131m\u0131<\/b><\/h2>\n<p>Bir etkinlik teknolojisi uzman\u0131n\u0131n i\u015fi \u00e7ok \u00e7e\u015fitlidir. \u00c7ok seyahat eder, \u00e7ok \u00e7e\u015fitli heyecan verici yerlerde \u00e7al\u0131\u015f\u0131r ve \u00e7ok say\u0131da insan tan\u0131rs\u0131n\u0131z. Ayr\u0131ca \u00fcnl\u00fclerin, sanat\u00e7\u0131lar\u0131n ve tan\u0131nm\u0131\u015f ki\u015filerin kat\u0131laca\u011f\u0131 etkinlikleri de y\u00f6netirsiniz. Etkinliklerde genellikle etkinli\u011fi ba\u015far\u0131yla ger\u00e7ekle\u015ftirmek i\u00e7in birlikte \u00e7al\u0131\u015fan b\u00fcy\u00fck bir ekibin par\u00e7as\u0131 olursunuz. Bu i\u015f ayn\u0131 zamanda \u015fu faaliyetleri de i\u00e7erir: etkinlikler i\u00e7in ve etkinliklerde teknik ekipman kullan\u0131m\u0131n\u0131 planlar, kurar, \u00e7al\u0131\u015ft\u0131r\u0131r ve konferans ve etkinliklerin organizasyonunu denetlersiniz. Teknik konseptler geli\u015ftirecek ve uygun etkinlik teknolojisi bile\u015fenlerini se\u00e7eceksiniz. Buna ses, video, ayd\u0131nlatma ve ak\u0131\u015f teknolojisi dahildir. M\u00fc\u015fteriler i\u00e7in ekipman haz\u0131rlayacak ve sevkiyat ve iadeler konusunda destek sa\u011flayacaks\u0131n\u0131z. M\u00fc\u015fteriler i\u00e7in teknik irtibat ki\u015fisi olacak ve etkinlik \u00f6ncesinde, s\u0131ras\u0131nda ve sonras\u0131nda teknik destek sa\u011flayacaks\u0131n\u0131z. Farkl\u0131 g\u00f6revler i\u00e7eren \u00e7e\u015fitli bir \u00e7al\u0131\u015fma g\u00fcn\u00fcn\u00fcz olacak.<\/p>\n<h2><b>E\u011fitim i\u00e7eri\u011fi (al\u0131nt\u0131)<\/b><\/h2>\n<p>[list icon=\"moon-checkmark\" color=\"#a62055\u2033]Odak noktam\u0131z konferans, simultane, ses ve hibrit etkinlik teknolojisi[\/list]<br \/>\n[list icon=\"moon-checkmark\" color=\"#a62055\u2033]Ses, g\u00f6r\u00fcnt\u00fc, ak\u0131\u015f ve ayd\u0131nlatma teknolojisinin kurulumu ve s\u00f6k\u00fcm\u00fc[\/list]<br \/>\n[list icon=\"moon-checkmark\" color=\"#a62055\u2033]A\u011f olu\u015fturma, konferans ve etkinlik teknolojisini kurma ve devreye alma[\/list]<br \/>\n[list icon=\"moon-checkmark\" color=\"#a62055\u2033]Teknik etkinlik sistemleri ve s\u00fcre\u00e7lerinin tasarlanmas\u0131[\/list]<br \/>\n[list icon=\"moon-checkmark\" color=\"#a62055\u2033]Prova ve etkinlikler s\u0131ras\u0131nda bu teknik sistemlerin \u00e7al\u0131\u015ft\u0131r\u0131lmas\u0131[\/list]<br \/>\n[list icon=\"moon-checkmark\" color=\"#a62055\u2033]Ses, video ve ayd\u0131nlatma teknolojisi[\/list]<br \/>\n[list icon=\"moon-checkmark\" color=\"#a62055\u2033]Projelerin planlanmas\u0131 ve uygulanmas\u0131[\/list]<br \/>\n[list icon=\"moon-checkmark\" color=\"#a62055\u2033]\u015eirket i\u00e7inde ve m\u00fc\u015fterilerle ileti\u015fim y\u00f6netimi[\/list]<\/p>\n<p>[spacer size=\"20\u2033]<\/p>\n<h2><b>E\u011fitimin s\u00fcresi<\/b><\/h2>\n<p>Etkinlik teknolojisi uzman\u0131, tan\u0131nm\u0131\u015f bir e\u011fitim mesle\u011fidir ve tamamlanmas\u0131 3 y\u0131l s\u00fcrer.<\/p>\n<h2><b>G\u00fc\u00e7l\u00fc y\u00f6nleriniz ve ilgi alanlar\u0131n\u0131z<\/b><\/h2>\n<p>[list icon=\"moon-checkmark\" color=\"#a62055\u2033]Bir ekip i\u00e7inde \u00e7al\u0131\u015fmaktan ho\u015flan\u0131yorsunuz[\/list]<br \/>\n[list icon=\"moon-checkmark\" color=\"#a62055\u2033]Yeni \u015feylere a\u00e7\u0131ks\u0131n\u0131z[\/list]<br \/>\n[list icon=\"moon-checkmark\" color=\"#a62055\u2033]\u0130yi bir teknik anlay\u0131\u015fa sahipsiniz[\/list]<br \/>\n[list icon=\"moon-checkmark\" color=\"#a62055\u2033]Yetenekli bir organizat\u00f6rs\u00fcn\u00fcz[\/list]<br \/>\n[list icon=\"moon-checkmark\" color=\"#a62055\u2033]Belirli miktarda el becerisine sahipsiniz[\/list]<br \/>\n[list icon=\"moon-checkmark\" color=\"#a62055\u2033]Okulda fizik, matematik, bilgisayar bilimi, \u0130ngilizce ve Almanca derslerinden keyif ald\u0131n\u0131z[\/list]<br \/>\n[list icon=\"moon-checkmark\" color=\"#a62055\u2033]Esnek \u00e7al\u0131\u015fma saatlerine a\u00e7\u0131ks\u0131n\u0131z[\/list]<\/p>\n<p>[spacer size=\"20\u2033]<\/p>\n<h2><b>\u00d6n Ko\u015fullar<\/b><\/h2>\n<p>[list icon=\"moon-checkmark\" color=\"#a62055\u2033]Minimum ya\u015f 18[\/list]<br \/>\n[list icon=\"moon-checkmark\" color=\"#a62055\u2033]Abitur, \u00e7ok iyi MSA veya teknik bir meslekte profesyonel deneyim[\/list]<br \/>\n[list icon=\"moon-checkmark\" color=\"#a62055\u2033]B s\u0131n\u0131f\u0131 ehliyet veya ehliyetin tamamlanmas\u0131[\/list]<\/p>\n<p>[spacer size=\"20\u2033]<\/p>\n<p>Bu size cazip geliyorsa, neden etkinlik teknolojisi uzman\u0131 olarak \u00e7\u0131rakl\u0131k e\u011fitimi i\u00e7in bize ba\u015fvurmuyorsunuz? Size D\u00fcsseldorf'un kalbinde harika bir ekipte \u00e7e\u015fitli bir \u00e7\u0131rakl\u0131k e\u011fitimi sunuyoruz.<\/p>\n<p>\u0130rtibat ki\u015finiz Gunnar Hermenau<\/p>\n<p>L\u00fctfen ba\u015fvuru belgelerinizi bize e-posta ile g\u00f6nderin <a href=\"mailto:hermenau@konferenztechnik.de\" onclick=\"ga('send', 'event', 'Email-Klick', 'Kontakt Bewerbung');\"><b>hermenau@konferenztechnik.de<\/b><\/a> i\u00e7in.<\/p>\n<p>Herhangi bir sorunuz varsa, bizimle ileti\u015fime ge\u00e7in; sizden haber almak i\u00e7in sab\u0131rs\u0131zlan\u0131yoruz!<\/p>\n<p>[\/column]<br \/>\n[column size=\"1-4\u2033 last=\"1\u2033]<\/p>\n<div class=\"box1-4\" style=\"margin-bottom: 0!important\">\n<b><span class=\"pcs-color\">\u0130rtibat ki\u015finiz<\/span><\/b><br \/>\n<img fetchpriority=\"high\" decoding=\"async\" width=\"800\" height=\"533\" src=\"https:\/\/konferenztechnik.de\/wp-content\/uploads\/2013\/09\/gunnar_hermenau_pcs-gmbh.jpg\" alt=\"\" class=\"alignleft size-full wp-image-2301\" title=\"\" srcset=\"https:\/\/konferenztechnik.de\/wp-content\/uploads\/2013\/09\/gunnar_hermenau_pcs-gmbh.jpg 800w, https:\/\/konferenztechnik.de\/wp-content\/uploads\/2013\/09\/gunnar_hermenau_pcs-gmbh-300x200.jpg 300w, https:\/\/konferenztechnik.de\/wp-content\/uploads\/2013\/09\/gunnar_hermenau_pcs-gmbh-768x512.jpg 768w\" sizes=\"(max-width: 800px) 100vw, 800px\" \/><br \/>\n<b>Gunnar Hermenau<\/b><br \/>\nBeni aramaktan \u00e7ekinmeyin<br \/>\n<a href=\"tel:+49 30 6959690 14\"><b>030 6959690 14<\/b><\/a><br \/>\nBa\u015fvuruyu \u015fu adrese g\u00f6nderin:<br \/>\n<span class=\"volleansicht\"><a href=\"mailto:hermenau@konferenztechnik.de\" onclick=\"ga('send', 'event', 'Email-Klick', 'Kontakt Beweerbung');\"><b>hermenau@konferenztechnik.de<\/b><\/a><br \/>\n<\/span><br \/>\n<span class=\"mobileansicht\"><a href=\"mailto:hermenau@konferenztechnik.de\" onclick=\"ga('send', 'event', 'Email-Klick', 'Kontakt Bewerbung');\">yaz<\/a><br \/>\n<\/span><\/p>\n<p>L\u00fctfen ba\u015fvurunuzu e-posta ile g\u00f6nderin.<\/br><br \/>\nHerhangi bir sorunuz varsa, benimle ileti\u015fime ge\u00e7meniz yeterli.<\/div>\n<p>[\/column]<\/p>","protected":false},"excerpt":{"rendered":"<p>Ausbildung Fachkraft Veranstaltungstechnik (m\/w\/d) [column size=&#8220;3-4&#8243; last=&#8220;0&#8243;] [callout add_button=&#8220;no&#8220; button_text=&#8220;Learn More&#8220; button_url=&#8220;#&#8220; button_color=&#8220;#a62055&#8243;] Alle Ausbildungspl\u00e4tze f\u00fcr 2021 sind vergeben. Danke f\u00fcr eure zahlreichen Bewerbungen! [\/callout] Wir bieten f\u00fcr das Ausbildungsjahr 2021 eine Ausbildung zur Fachkraft f\u00fcr Veranstaltungstechnik an unserem Standort Berlin an. Dich erwartet eine vielseitige Ausbildung in einem etablierten Unternehmen mit spannenden T\u00e4tigkeiten, einem [&hellip;]<\/p>","protected":false},"author":1,"featured_media":45482,"parent":0,"menu_order":0,"comment_status":"closed","ping_status":"closed","template":"","meta":{"_acf_changed":false,"footnotes":""},"class_list":["post-17853","page","type-page","status-publish","has-post-thumbnail","hentry"],"acf":[],"_links":{"self":[{"href":"https:\/\/konferenztechnik.de\/tr\/wp-json\/wp\/v2\/pages\/17853","targetHints":{"allow":["GET"]}}],"collection":[{"href":"https:\/\/konferenztechnik.de\/tr\/wp-json\/wp\/v2\/pages"}],"about":[{"href":"https:\/\/konferenztechnik.de\/tr\/wp-json\/wp\/v2\/types\/page"}],"author":[{"embeddable":true,"href":"https:\/\/konferenztechnik.de\/tr\/wp-json\/wp\/v2\/users\/1"}],"replies":[{"embeddable":true,"href":"https:\/\/konferenztechnik.de\/tr\/wp-json\/wp\/v2\/comments?post=17853"}],"version-history":[{"count":0,"href":"https:\/\/konferenztechnik.de\/tr\/wp-json\/wp\/v2\/pages\/17853\/revisions"}],"wp:featuredmedia":[{"embeddable":true,"href":"https:\/\/konferenztechnik.de\/tr\/wp-json\/wp\/v2\/media\/45482"}],"wp:attachment":[{"href":"https:\/\/konferenztechnik.de\/tr\/wp-json\/wp\/v2\/media?parent=17853"}],"curies":[{"name":"wp","href":"https:\/\/api.w.org\/{rel}","templated":true}]}}