{"id":1807,"date":"2013-09-05T11:26:39","date_gmt":"2013-09-05T09:26:39","guid":{"rendered":"https:\/\/konferenztechnik.de\/?page_id=1807"},"modified":"2013-09-05T11:26:39","modified_gmt":"2013-09-05T09:26:39","slug":"rehberli%cc%87k-si%cc%87stemleri%cc%87","status":"publish","type":"page","link":"https:\/\/konferenztechnik.de\/tr\/konferans-eki%cc%87pmani-ki%cc%87ralama\/rehberli%cc%87k-si%cc%87stemleri%cc%87\/","title":{"rendered":"Rehber kiralama sistemleri ve tur rehberi sistemleri"},"content":{"rendered":"<h1>Rehber kiralama sistemleri ve tur rehberi sistemleri<\/h1>\n<p>Kablosuz tur rehberi sistemleri, konu\u015fmac\u0131 ile grup aras\u0131nda m\u00fckemmel bir ba\u011flant\u0131 sa\u011flamak i\u00e7in ticaret fuarlar\u0131nda, m\u00fczelerde, kamusal alanlarda veya fabrika zeminlerinde rehberli turlar i\u00e7in kullan\u0131l\u0131r. Bir ba\u015fka uygulama alan\u0131 da f\u0131s\u0131lt\u0131yla yap\u0131lan terc\u00fcmanl\u0131kt\u0131r. <\/p>\n<p>Esnek kanal se\u00e7imi sayesinde, ayn\u0131 anda birden fazla grup birbirinden ba\u011f\u0131ms\u0131z olarak rehberli turlara kat\u0131labilir. \u0130\u015fitme cihaz\u0131 olan kat\u0131l\u0131mc\u0131lar i\u00e7in ses, bir ind\u00fcksiyon d\u00f6ng\u00fcs\u00fc arac\u0131l\u0131\u011f\u0131yla do\u011frudan kendi i\u015fitme cihazlar\u0131na iletilebilir. Rehber sistemleri k\u00fc\u00e7\u00fck ve kullan\u0131\u015fl\u0131d\u0131r, \u00e7antalarda saklanabilir ve ta\u015f\u0131nmas\u0131 kolayd\u0131r.<\/p>\n<p>[column size=\"1-2\u2033 last=\"0\u2033]<br \/>\n<img decoding=\"async\" src=\"https:\/\/konferenztechnik.de\/wp-content\/uploads\/2013\/09\/Holz-Pichler-2-Synexis_01-1024x683.jpg\" alt=\"PCS fabrika turu\" class=\"alignleft size-large wp-image-8451\" title=\"\"><br \/>\n[\/column]<\/p>\n<p>[column size=\"1-2\u2033 last=\"1\u2033]<br \/>\n<img decoding=\"async\" src=\"https:\/\/konferenztechnik.de\/wp-content\/uploads\/2013\/09\/Synexis-Werksfuehrung-1024x683.jpg\" alt=\"synexis fabrika y\u00f6netimi\" class=\"alignleft size-large wp-image-8447\" title=\"\"><br \/>\n[\/column]<\/p>\n<p>PCS'de, di\u011ferlerinin yan\u0131 s\u0131ra a\u015fa\u011f\u0131daki tur rehberi sistemlerini kullan\u0131yoruz:<\/p>\n<h2>Sennheiser Tourguide 2020<\/h2>\n<p>[column size=\"1-2\u2033 last=\"0\u2033]<br \/>\n<img fetchpriority=\"high\" decoding=\"async\" src=\"https:\/\/konferenztechnik.de\/wp-content\/uploads\/2015\/01\/tourguide.jpg\" alt=\"Sennheiser Tourguide SKM 2020\" width=\"320\" height=\"322\" class=\"alignleft size-full wp-image-4898\" title=\"\" srcset=\"https:\/\/konferenztechnik.de\/wp-content\/uploads\/2015\/01\/tourguide.jpg 320w, https:\/\/konferenztechnik.de\/wp-content\/uploads\/2015\/01\/tourguide-298x300.jpg 298w, https:\/\/konferenztechnik.de\/wp-content\/uploads\/2015\/01\/tourguide-150x150.jpg 150w\" sizes=\"(max-width: 320px) 100vw, 320px\" \/><br \/>\n[\/column]<\/p>\n<p>[column size=\"1-2\u2033 last=\"1\u2033]<br \/>\nBu sistemin avantaj\u0131, al\u0131c\u0131n\u0131n do\u011frudan al\u0131c\u0131ya entegre edilmesi ve b\u00f6ylece kulakl\u0131klarla tek bir \u00fcnite olu\u015fturmas\u0131d\u0131r. Bu ayn\u0131 zamanda cihazlar\u0131n da\u011f\u0131t\u0131lmas\u0131n\u0131 ve iade edilmesini de kolayla\u015ft\u0131r\u0131r. Bununla birlikte, bu sistem birka\u00e7 saat boyunca uzun s\u00fcre takmak i\u00e7in biraz daha az rahatt\u0131r.<\/p>\n<p>Sistemler, serbest 863-865 MHz frekans band\u0131nda e\u015fzamanl\u0131 iletim i\u00e7in alt\u0131 kanala kadar olanak sunmaktad\u0131r.<\/p>\n<p>Bu, ayn\u0131 anda birka\u00e7 grubu y\u00f6netmeyi kolayla\u015ft\u0131r\u0131r.<br \/>\n[\/column]<\/p>\n<h2>Beyerdynamic Synexis<\/h2>\n<p>[column size=\"1-2\u2033 last=\"0\u2033]<br \/>\n<img decoding=\"async\" width=\"2560\" height=\"1697\" src=\"https:\/\/konferenztechnik.de\/wp-content\/uploads\/2013\/09\/Synexis-C20-Charger-Group_01-scaled-1.jpg\" alt=\"Beyerdynamic Synexis Tourguide\" class=\"alignleft size-full wp-image-8435\" title=\"\" srcset=\"https:\/\/konferenztechnik.de\/wp-content\/uploads\/2013\/09\/Synexis-C20-Charger-Group_01-scaled-1.jpg 2560w, https:\/\/konferenztechnik.de\/wp-content\/uploads\/2013\/09\/Synexis-C20-Charger-Group_01-scaled-1-300x199.jpg 300w, https:\/\/konferenztechnik.de\/wp-content\/uploads\/2013\/09\/Synexis-C20-Charger-Group_01-scaled-1-1024x679.jpg 1024w, https:\/\/konferenztechnik.de\/wp-content\/uploads\/2013\/09\/Synexis-C20-Charger-Group_01-scaled-1-768x509.jpg 768w, https:\/\/konferenztechnik.de\/wp-content\/uploads\/2013\/09\/Synexis-C20-Charger-Group_01-scaled-1-1536x1018.jpg 1536w, https:\/\/konferenztechnik.de\/wp-content\/uploads\/2013\/09\/Synexis-C20-Charger-Group_01-scaled-1-2048x1358.jpg 2048w\" sizes=\"(max-width: 2560px) 100vw, 2560px\" \/><br \/>\n[\/column]<\/p>\n<p>[column size=\"1-2\u2033 last=\"1\u2033]<br \/>\nEtkili ileti\u015fim g\u00fcn\u00fcm\u00fcz d\u00fcnyas\u0131nda giderek daha \u00f6nemli hale gelmektedir. G\u00fcvenilir teknoloji, siyaset, end\u00fcstri ve kamu kurumlar\u0131ndaki t\u00fcm ses uygulamalar\u0131n\u0131n temelini olu\u015fturmaktad\u0131r.<\/p>\n<p>Beyerdynamic'in Synexis kablosuz yorumlama ve y\u00f6nlendirme sistemi, en zorlu gereksinimler i\u00e7in bile size \u00e7ok y\u00f6nl\u00fc ve uygun maliyetli bir \u00e7\u00f6z\u00fcm sunar.<\/p>\n<p>Ayn\u0131 anda 18 adede kadar ses sinyali iletilebilir. Synexis, her yerde herkes taraf\u0131ndan anla\u015f\u0131lan net bir sunum sa\u011flar.<br \/>\n[\/column]<\/p>\n<p>[temiz]<\/p>\n<h2>Beyerdynamic TTS 300 <\/h2>\n<p>[column size=\"1-2\u2033 last=\"0\u2033]<br \/>\n<img decoding=\"async\" width=\"800\" height=\"404\" src=\"https:\/\/konferenztechnik.de\/wp-content\/uploads\/2013\/09\/Funkempfaenger_FE316_ohne_KPF_gross1.jpg\" alt=\"radio_receiver_FE316_without_KPF_large\" class=\"alignleft size-full wp-image-3021\" title=\"\" srcset=\"https:\/\/konferenztechnik.de\/wp-content\/uploads\/2013\/09\/Funkempfaenger_FE316_ohne_KPF_gross1.jpg 800w, https:\/\/konferenztechnik.de\/wp-content\/uploads\/2013\/09\/Funkempfaenger_FE316_ohne_KPF_gross1-300x152.jpg 300w, https:\/\/konferenztechnik.de\/wp-content\/uploads\/2013\/09\/Funkempfaenger_FE316_ohne_KPF_gross1-768x388.jpg 768w\" sizes=\"(max-width: 800px) 100vw, 800px\" \/><br \/>\n[\/column]<\/p>\n<p>[column size=\"1-2\u2033 last=\"1\u2033]<br \/>\nBeyerdynamic TTS 300 sistemi y\u00fcksek frekans teknolojisi ile \u00e7al\u0131\u015f\u0131r. Kablosuz hoparl\u00f6r mikrofonundan al\u0131c\u0131lara iletim modern UHF band\u0131nda ger\u00e7ekle\u015fir (frekans aral\u0131\u011f\u0131 863 \u2013 865 MHz).<\/p>\n<p>Kat\u0131l\u0131mc\u0131lara konu\u015fmac\u0131n\u0131n veya terc\u00fcman\u0131n iletim kanallar\u0131n\u0131 dinleyebilmeleri i\u00e7in bir al\u0131c\u0131 ve kulakl\u0131k verilir.<\/p>\n<p>Burada sunulan sistem ile 10 kanala kadar paralel \u00e7al\u0131\u015fma garanti edilmektedir. Burada \u00e7ok dilli kullan\u0131m, y\u00f6nlendirme i\u00e7in \u00e7e\u015fitli gruplara b\u00f6l\u00fcnme (y\u00f6nlendirme sistemi olarak kullan\u0131m) kadar d\u00fc\u015f\u00fcn\u00fclebilir. Al\u0131c\u0131lar, ilgili \u015farj \u00e7antas\u0131n\u0131n yard\u0131m\u0131yla \u00e7ok k\u0131sa bir s\u00fcre i\u00e7inde (\u015farj s\u00fcresi yakla\u015f\u0131k 30 dakika) yeniden kullan\u0131ma haz\u0131r hale gelir.<br \/>\n[\/column]<\/p>\n<p>[spacer size=\"20\u2033]<\/p>\n<p>[callout add_button=\"no\" button_text=\"Learn More\" button_url=\"#\" button_color=\"#a62055\u2033]<br \/>\nPCS'den komple tur rehberi sistemleri kiralay\u0131n veya kapsaml\u0131 kiralama park\u0131m\u0131zdaki ekipmanlarla envanterinizi esnek bir \u015fekilde geni\u015fletin.<br \/>\n[\/callout]<\/p>\n<p>[spacer size=\"20\u2033]<br \/>\n[temiz]<\/p>\n<p>[column size=\"1-2\u2033 last=\"0\u2033]<br \/>\n[tabs style=\"2\u2033]<br \/>\n[tab title=\"Berlin\"]<br \/>\n<img loading=\"lazy\" decoding=\"async\" width=\"800\" height=\"533\" src=\"https:\/\/konferenztechnik.de\/wp-content\/uploads\/2013\/08\/sonja_tauscher_pcs-gmbh.jpg\" alt=\"Sonja Dannenbring - PCS GmbH\" class=\"alignnone size-full wp-image-4848\" title=\"\" srcset=\"https:\/\/konferenztechnik.de\/wp-content\/uploads\/2013\/08\/sonja_tauscher_pcs-gmbh.jpg 800w, https:\/\/konferenztechnik.de\/wp-content\/uploads\/2013\/08\/sonja_tauscher_pcs-gmbh-300x200.jpg 300w, https:\/\/konferenztechnik.de\/wp-content\/uploads\/2013\/08\/sonja_tauscher_pcs-gmbh-768x512.jpg 768w\" sizes=\"(max-width: 800px) 100vw, 800px\" \/>Sonja Dannenbring<br \/>\nProje Dan\u0131\u015fman\u0131 Kiralama<br \/>\nTelefon +49 30 6959690 12<br \/>\n<span class=\"volleansicht\">e-posta <a href=\"mailto:berlin@konferenztechnik.de\" onclick=\"ga('send', 'event', 'Email-Klick', 'F\u00fchrungsanlagen Dannenbring');\">yaz<\/a><br \/><\/span><br \/>\n<span class=\"mobileansicht\">e-posta <a href=\"mailto:berlin@konferenztechnik.de\" onclick=\"ga('send', 'event', 'Email-Klick', 'F\u00fchrungsanlagen Dannenbring');\">yaz<\/a><br \/><\/span><br \/>\nQR kodu <a href=\"https:\/\/konferenztechnik.de\/wp-content\/uploads\/2013\/08\/qrcode-sonja.png\">&#x9B; g\u00f6ster<\/a><br \/>\n[\/tab]<br \/>\n[\/tabs]<br \/>\n[\/column]<\/p>\n<p>[column size=\"1-2\u2033 last=\"0\u2033]<br \/>\n[tabs style=\"2\u2033]<br \/>\n[tab title=\"M\u00fcnih\"]<br \/>\n<img loading=\"lazy\" decoding=\"async\" width=\"800\" height=\"533\" src=\"https:\/\/konferenztechnik.de\/wp-content\/uploads\/2013\/09\/sebastian_gegusch_pcs-gmbh.jpg\" alt=\"Sebastian Gegusch PCS-GmbH\" class=\"alignleft size-full wp-image-3153\" title=\"\" srcset=\"https:\/\/konferenztechnik.de\/wp-content\/uploads\/2013\/09\/sebastian_gegusch_pcs-gmbh.jpg 800w, https:\/\/konferenztechnik.de\/wp-content\/uploads\/2013\/09\/sebastian_gegusch_pcs-gmbh-300x200.jpg 300w, https:\/\/konferenztechnik.de\/wp-content\/uploads\/2013\/09\/sebastian_gegusch_pcs-gmbh-768x512.jpg 768w\" sizes=\"(max-width: 800px) 100vw, 800px\" \/>Sebastian Gegusch<br \/>\nProje y\u00f6netimi ve zamanlama<br \/>\nTelefon +49 89 21553290<br \/>\n<span class=\"volleansicht\">e-posta <a href=\"mailto:gegusch@konferenztechnik.de\" onclick=\"ga('send', 'event', 'Email-Klick', 'F\u00fchrungsanlagen Gegusch');\">yaz<\/a><br \/><\/span><br \/>\n<span class=\"mobileansicht\">e-posta <a href=\"mailto:gegusch@konferenztechnik.de\" onclick=\"ga('send', 'event', 'Email-Klick', 'F\u00fchrungsanlagen Gegusch');\">yaz<\/a><br \/><\/span><br \/>\nQR kodu <a href=\"https:\/\/konferenztechnik.de\/wp-content\/uploads\/2013\/09\/sebastian_gegusch_qrcode.png\" title=\"QR kodu Sebastian Gegusch\">&#x9B; g\u00f6ster<\/a><br \/>\n[\/tab]<br \/>\n[\/tabs]<br \/>\n[\/column]<\/p>\n<p>[column size=\"1-2\u2033 last=\"0\u2033]<br \/>\n[tabs style=\"2\u2033]<br \/>\n[tab title=\"D\u00fcsseldorf\"]<br \/>\n<img loading=\"lazy\" decoding=\"async\" width=\"800\" height=\"533\" src=\"https:\/\/konferenztechnik.de\/wp-content\/uploads\/2013\/09\/monika_van_den_boogaard_pcs-gmbh.jpg\" alt=\"monika_van_den_boogaard_pcs-gmbh\" class=\"alignleft size-full wp-image-2312\" title=\"\" srcset=\"https:\/\/konferenztechnik.de\/wp-content\/uploads\/2013\/09\/monika_van_den_boogaard_pcs-gmbh.jpg 800w, https:\/\/konferenztechnik.de\/wp-content\/uploads\/2013\/09\/monika_van_den_boogaard_pcs-gmbh-300x200.jpg 300w, https:\/\/konferenztechnik.de\/wp-content\/uploads\/2013\/09\/monika_van_den_boogaard_pcs-gmbh-768x512.jpg 768w\" sizes=\"(max-width: 800px) 100vw, 800px\" \/><br \/>\nMonika van den Boogaard<br \/>\nProje Dan\u0131\u015fman\u0131 Kiralama<br \/>\nTelefon +49 211 737798 10<br \/>\n<span class=\"volleansicht\">e-posta <a href=\"mailto:vandenboogaard@konferenztechnik.de\" onclick=\"ga('send', 'event', 'Email-Klick', 'F\u00fchrungsanlagen Boogaard');\">yaz<\/a><br \/><\/span><br \/>\n<span class=\"mobileansicht\">e-posta <a href=\"mailto:vandenboogaard@konferenztechnik.de\" onclick=\"ga('send', 'event', 'Email-Klick', 'F\u00fchrungsanlagen Boogaard');\">yaz<\/a><br \/><\/span><br \/>\nQR kodu <a href=\"https:\/\/konferenztechnik.de\/wp-content\/uploads\/2013\/09\/monika_van_den_boogaard_qrcode.png\" title=\"QR kodu Monika van den Boogaard\">&#x9B; g\u00f6ster<\/a><br \/>\n[\/tab]<br \/>\n[\/tabs]<br \/>\n[\/column]<\/p>\n<p>[column size=\"1-4\u2033 last=\"1\u2033]<br \/>\n[tabs style=\"2\u2033]<br \/>\n[tabs style=\"2\u2033]<br \/>\n[tab title=\"Heilbronn\"]<br \/>\n<img loading=\"lazy\" decoding=\"async\" width=\"800\" height=\"533\" src=\"https:\/\/konferenztechnik.de\/wp-content\/uploads\/2013\/08\/viola-eberhardt-pcs-gmbh.jpg\" alt=\"Viola Eberhardt PCS GmbH\" class=\"alignleft size-full wp-image-5950\" title=\"\" srcset=\"https:\/\/konferenztechnik.de\/wp-content\/uploads\/2013\/08\/viola-eberhardt-pcs-gmbh.jpg 800w, https:\/\/konferenztechnik.de\/wp-content\/uploads\/2013\/08\/viola-eberhardt-pcs-gmbh-300x200.jpg 300w, https:\/\/konferenztechnik.de\/wp-content\/uploads\/2013\/08\/viola-eberhardt-pcs-gmbh-768x512.jpg 768w\" sizes=\"(max-width: 800px) 100vw, 800px\" \/><br \/>\nViola Eberhardt<br \/>\nProje y\u00f6netimi ve zamanlama<br \/>\nTelefon +49 7131 278010 11<br \/>\n<span class=\"volleansicht\">e-posta <a href=\"mailto:eberhardt@konferenztechnik.de\" onclick=\"ga('send', 'event', 'Email-Klick', 'F\u00fchrungsanlagen Eberhardt');\">yaz<\/a><br \/><\/span><br \/>\n<span class=\"mobileansicht\">e-posta <a href=\"mailto:eberhardt@konferenztechnik.de\" onclick=\"ga('send', 'event', 'Email-Klick', 'F\u00fchrungsanlagen Eberhardt');\">yaz<\/a><br \/><\/span><br \/>\nQR kodu <a href=\"https:\/\/konferenztechnik.de\/wp-content\/uploads\/2013\/08\/viola-eberhardt-qr-code.png\" rel=\"attachment wp-att-5951\">\u203a'yi g\u00f6ster<\/a><br \/>\n[\/tab]<br \/>\n[\/tabs]<br \/>\n[\/column]<\/p>","protected":false},"excerpt":{"rendered":"<p>F\u00fchrungsanlagen und Tourguide-Systeme mieten Drahtlose Personen-F\u00fchrungsanlagen oder auch Tourguide-Systeme werden bei F\u00fchrungen auf Messen, in Museen, im \u00f6ffentlichen Raum oder in Fabrikhallen eingesetzt, um eine einwandfreie Verbindung vom Redner zur Gruppe zu gew\u00e4hrleisten. Ein weitereres Einsatzgebiet ist das Fl\u00fcsterdolmetschen. Durch die flexible Kanalauswahl k\u00f6nnen mehrere Gruppen gleichzeitig unabh\u00e4ngig voneinander an F\u00fchrungen teilnehmen. Bei Teilnehmern mit [&hellip;]<\/p>","protected":false},"author":1,"featured_media":45482,"parent":3618,"menu_order":159,"comment_status":"closed","ping_status":"open","template":"","meta":{"_acf_changed":false,"footnotes":""},"class_list":["post-1807","page","type-page","status-publish","has-post-thumbnail","hentry"],"acf":[],"_links":{"self":[{"href":"https:\/\/konferenztechnik.de\/tr\/wp-json\/wp\/v2\/pages\/1807","targetHints":{"allow":["GET"]}}],"collection":[{"href":"https:\/\/konferenztechnik.de\/tr\/wp-json\/wp\/v2\/pages"}],"about":[{"href":"https:\/\/konferenztechnik.de\/tr\/wp-json\/wp\/v2\/types\/page"}],"author":[{"embeddable":true,"href":"https:\/\/konferenztechnik.de\/tr\/wp-json\/wp\/v2\/users\/1"}],"replies":[{"embeddable":true,"href":"https:\/\/konferenztechnik.de\/tr\/wp-json\/wp\/v2\/comments?post=1807"}],"version-history":[{"count":0,"href":"https:\/\/konferenztechnik.de\/tr\/wp-json\/wp\/v2\/pages\/1807\/revisions"}],"up":[{"embeddable":true,"href":"https:\/\/konferenztechnik.de\/tr\/wp-json\/wp\/v2\/pages\/3618"}],"wp:featuredmedia":[{"embeddable":true,"href":"https:\/\/konferenztechnik.de\/tr\/wp-json\/wp\/v2\/media\/45482"}],"wp:attachment":[{"href":"https:\/\/konferenztechnik.de\/tr\/wp-json\/wp\/v2\/media?parent=1807"}],"curies":[{"name":"wp","href":"https:\/\/api.w.org\/{rel}","templated":true}]}}