{"id":1810,"date":"2013-09-05T11:28:54","date_gmt":"2013-09-05T09:28:54","guid":{"rendered":"https:\/\/konferenztechnik.de\/?page_id=1810"},"modified":"2013-09-05T11:28:54","modified_gmt":"2013-09-05T09:28:54","slug":"ayar-si%cc%87stemleri%cc%87-ted-si%cc%87stemleri%cc%87-eski%cc%87","status":"publish","type":"page","link":"https:\/\/konferenztechnik.de\/tr\/konferans-eki%cc%87pmani-ki%cc%87ralama\/ayar-si%cc%87stemleri%cc%87-ted-si%cc%87stemleri%cc%87-eski%cc%87\/","title":{"rendered":"Oylama sistemleri, TED sistemleri"},"content":{"rendered":"<h1>Oylama sistemleri, TED sistemleri<\/h1>\n<figure id=\"attachment_4099\" aria-describedby=\"caption-attachment-4099\" style=\"width: 288px\" class=\"wp-caption alignright\"><a href=\"https:\/\/konferenztechnik.de\/wp-content\/uploads\/2013\/12\/abstimmanlagen2.jpg\"><img fetchpriority=\"high\" decoding=\"async\" src=\"https:\/\/konferenztechnik.de\/wp-content\/uploads\/2013\/12\/abstimmanlagen2.jpg\" alt=\"PCS&#039;den TED ve oylama sistemleri\" width=\"288\" height=\"198\" class=\"size-full wp-image-4099\" title=\"\"><\/a><figcaption id=\"caption-attachment-4099\" class=\"wp-caption-text\">PCS oylama sistemi... hoparl\u00f6r ve plenum aras\u0131ndaki etkile\u015fim.<\/figcaption><\/figure>\n<p>Kamuoyu yoklamalar\u0131, testler ve hissedar toplant\u0131lar\u0131 i\u00e7in do\u011fru se\u00e7im.<\/p>\n<p>Sistemimiz kat\u0131l\u0131mc\u0131lar\u0131n g\u00f6r\u00fc\u015flerini ve deneyimlerini h\u0131zl\u0131 bir \u015fekilde belirler ve sonu\u00e7lar\u0131 genel oturumdaki herkes i\u00e7in g\u00f6r\u00fcn\u00fcr hale getirir.<br \/>\nHer kat\u0131l\u0131mc\u0131 kendi g\u00f6r\u00fc\u015f\u00fcn\u00fc \u015fu \u015fekilde ifade edebilir<br \/>\nGenel sonu\u00e7lar\u0131 kar\u015f\u0131la\u015ft\u0131r\u0131n ve kategorize edin.<\/p>\n<p>Bu interaktif oylama sisteminin kullan\u0131m\u0131 kat\u0131l\u0131mc\u0131lar aras\u0131nda daha fazla ilgi yarat\u0131r ve onlara kendilerini g\u00f6stermek zorunda kalmadan neler olaca\u011f\u0131 konusunda s\u00f6z sahibi olduklar\u0131 hissini verir. Oylama daha sonra anonim hale gelir.<\/p>\n<p>Bilgi derecesi, kat\u0131l\u0131mc\u0131lar konulara daha aktif bir \u015fekilde dahil olduk\u00e7a artar.<\/p>\n<p>[spacer size=\"20\u2033]<br \/>\n<figure id=\"attachment_4114\" aria-describedby=\"caption-attachment-4114\" style=\"width: 650px\" class=\"wp-caption alignleft\"><a href=\"https:\/\/konferenztechnik.de\/wp-content\/uploads\/2013\/12\/abstimmeinheiten-bei-pcs.jpg\"><img decoding=\"async\" src=\"https:\/\/konferenztechnik.de\/wp-content\/uploads\/2013\/12\/abstimmeinheiten-bei-pcs.jpg\" alt=\"Bir transponder kullanarak veya do\u011frudan masa\u00fcst\u00fc interkom arac\u0131l\u0131\u011f\u0131yla oy verebilirsiniz.\" width=\"650\" height=\"200\" class=\"size-full wp-image-4114\" title=\"\" srcset=\"https:\/\/konferenztechnik.de\/wp-content\/uploads\/2013\/12\/abstimmeinheiten-bei-pcs.jpg 650w, https:\/\/konferenztechnik.de\/wp-content\/uploads\/2013\/12\/abstimmeinheiten-bei-pcs-300x92.jpg 300w\" sizes=\"(max-width: 650px) 100vw, 650px\" \/><\/a><figcaption id=\"caption-attachment-4114\" class=\"wp-caption-text\">Bir transponder kullanarak veya do\u011frudan masa\u00fcst\u00fc interkom arac\u0131l\u0131\u011f\u0131yla oy verebilirsiniz.<\/figcaption><\/figure><br \/>\n[spacer size=\"20\u2033]<\/p>\n<h1>PCS ayarlama sistemi nas\u0131l \u00e7al\u0131\u015f\u0131r? <\/h1>\n<h2>Soru<\/h2>\n<p>T\u00fcm kat\u0131l\u0131mc\u0131lara sempozyumun ba\u015f\u0131nda bir kablosuz oylama \u00fcnitesi verilecektir. Konu\u015fmac\u0131lar salondakilere 10'a kadar olas\u0131 cevab\u0131 olan sorular sorar. Sorular, bir bilgisayar ve bir projekt\u00f6r kullan\u0131larak veri projeksiyonu yoluyla sunulabilir.<\/p>\n<h2>Oylama<\/h2>\n<p>Konu\u015fmac\u0131 soruyu y\u00f6nettikten sonra genel kuruldan oylama yapmas\u0131n\u0131 ister. Ekranda b\u00fcy\u00fck rakamlarla bir geri say\u0131m g\u00f6r\u00fcn\u00fcr. Oylama s\u00fcresi 10 saniyedir ve ba\u015far\u0131l\u0131 oldu\u011fu kan\u0131tlanm\u0131\u015ft\u0131r. Bu s\u00fcre i\u00e7inde kat\u0131l\u0131mc\u0131lar bir karar verebilir ve ilgili d\u00fc\u011fmeye basabilir.<\/p>\n<h2>Sonu\u00e7<\/h2>\n<p><img decoding=\"async\" src=\"https:\/\/konferenztechnik.de\/wp-content\/uploads\/2013\/12\/voting-bei-pcs-televic.jpg\" alt=\"Televic Oylama Y\u00f6netim Yaz\u0131l\u0131m\u0131\" width=\"600\" height=\"400\" class=\"alignleft size-full wp-image-4105\" title=\"\" srcset=\"https:\/\/konferenztechnik.de\/wp-content\/uploads\/2013\/12\/voting-bei-pcs-televic.jpg 600w, https:\/\/konferenztechnik.de\/wp-content\/uploads\/2013\/12\/voting-bei-pcs-televic-300x200.jpg 300w\" sizes=\"(max-width: 600px) 100vw, 600px\" \/><\/p>\n<p>Geri say\u0131m biter bitmez, bilgisayar kullan\u0131lan oylar\u0131 hesaplar ve sonucu birka\u00e7 saniye i\u00e7inde, \u00f6rne\u011fin renkli bir \u00e7ubuk grafik olarak ekranda sunar.<\/p>\n<h1>Bir bak\u0131\u015fta PCS ayarlama sisteminin hizmetleri<\/h1>\n<ul>\n<li>Kullan\u0131\u015fl\u0131 kablosuz ayar \u00fcniteleri<\/li>\n<li>10'a kadar se\u00e7im se\u00e7ene\u011fine ve d\u00fczeltme tu\u015funa sahip say\u0131sal tu\u015f tak\u0131m\u0131<\/li>\n<li>Standart versiyonda 3.500'den fazla ayar \u00fcnitesi ayn\u0131 anda kullan\u0131labilir<\/li>\n<li>\u00d6zel bir s\u00fcr\u00fcmde, 18.000'e kadar oylama birimi ayn\u0131 anda kullan\u0131labilir<\/li>\n<li>A\u00e7\u0131k veya gizli oylama<\/li>\n<li>Kamuoyu yoklamas\u0131, bilgi yar\u0131\u015fmas\u0131 veya hissedarlar toplant\u0131s\u0131<\/li>\n<li>Grup oylamas\u0131 m\u00fcmk\u00fcn<\/li>\n<li>Talep \u00fczerine her ayar cihaz\u0131na bir isim atanabilir<\/li>\n<li>Her cihaz i\u00e7in oy a\u011f\u0131rl\u0131kland\u0131rma da m\u00fcmk\u00fcnd\u00fcr<\/li>\n<li>Veri projeksiyonuna ba\u011flant\u0131l\u0131 de\u011fi\u015fken TED yaz\u0131l\u0131m\u0131 ile PC ba\u011flant\u0131s\u0131<\/li>\n<li>Sonu\u00e7lar\u0131n \u00e7ubuk, s\u00fctun veya pasta grafik olarak sunulmas\u0131<\/li>\n<li>Sorgu sonu\u00e7lar\u0131n\u0131n mutlak veya y\u00fczde rakamlar\u0131 olarak g\u00f6r\u00fcnt\u00fclenmesi<\/li>\n<li>Ayr\u0131 sayfalar i\u00e7in \u00fccretsiz tasar\u0131m se\u00e7enekleri<\/li>\n<li>Grafik programlar\u0131ndan logolar\u0131 ve di\u011fer g\u00f6r\u00fcnt\u00fcleri i\u00e7e aktarma<\/li>\n<li>Sonu\u00e7lar\u0131n de\u011ferlendirme i\u00e7in elektronik tablo programlar\u0131na aktar\u0131lmas\u0131<\/li>\n<\/ul>","protected":false},"excerpt":{"rendered":"<p>Abstimmanlagen, TED-Systeme Die richtige Wahl f\u00fcr Meinungsumfragen, Quiz und Aktion\u00e4rsversammlungen. Unser System ermittelt schnell die Meinung und Erfahrung der Teilnehmer und macht die Resultate im Plenum f\u00fcr alle sichtbar. Jeder Teilnehmer kann seine eigene Meinung mit den Gesamtresultaten vergleichen und einordnen. Der Einsatz dieses interaktiven Abstimmsystems erzeugt bei den Teilnehmern eine erh\u00f6hte Aufmerksamkeit und gibt [&hellip;]<\/p>","protected":false},"author":1,"featured_media":45482,"parent":3618,"menu_order":158,"comment_status":"closed","ping_status":"open","template":"page-right-sidebar.php","meta":{"_acf_changed":false,"footnotes":""},"class_list":["post-1810","page","type-page","status-publish","has-post-thumbnail","hentry"],"acf":[],"_links":{"self":[{"href":"https:\/\/konferenztechnik.de\/tr\/wp-json\/wp\/v2\/pages\/1810","targetHints":{"allow":["GET"]}}],"collection":[{"href":"https:\/\/konferenztechnik.de\/tr\/wp-json\/wp\/v2\/pages"}],"about":[{"href":"https:\/\/konferenztechnik.de\/tr\/wp-json\/wp\/v2\/types\/page"}],"author":[{"embeddable":true,"href":"https:\/\/konferenztechnik.de\/tr\/wp-json\/wp\/v2\/users\/1"}],"replies":[{"embeddable":true,"href":"https:\/\/konferenztechnik.de\/tr\/wp-json\/wp\/v2\/comments?post=1810"}],"version-history":[{"count":0,"href":"https:\/\/konferenztechnik.de\/tr\/wp-json\/wp\/v2\/pages\/1810\/revisions"}],"up":[{"embeddable":true,"href":"https:\/\/konferenztechnik.de\/tr\/wp-json\/wp\/v2\/pages\/3618"}],"wp:featuredmedia":[{"embeddable":true,"href":"https:\/\/konferenztechnik.de\/tr\/wp-json\/wp\/v2\/media\/45482"}],"wp:attachment":[{"href":"https:\/\/konferenztechnik.de\/tr\/wp-json\/wp\/v2\/media?parent=1810"}],"curies":[{"name":"wp","href":"https:\/\/api.w.org\/{rel}","templated":true}]}}