{"id":18403,"date":"2021-09-23T15:21:14","date_gmt":"2021-09-23T14:21:14","guid":{"rendered":"https:\/\/www.konferenztechnik.de\/?page_id=18403"},"modified":"2023-07-05T10:49:31","modified_gmt":"2023-07-05T08:49:31","slug":"yakinlastirma-etkinlikleri","status":"publish","type":"page","link":"https:\/\/konferenztechnik.de\/tr\/yakinlastirma-etkinlikleri\/","title":{"rendered":"Zoom Etkinlikleri"},"content":{"rendered":"<div data-elementor-type=\"wp-page\" data-elementor-id=\"18403\" class=\"elementor elementor-18403\" data-elementor-post-type=\"page\">\n\t\t\t\t\t\t<section data-particle_enable=\"false\" data-particle-mobile-disabled=\"false\" class=\"elementor-section elementor-top-section elementor-element elementor-element-6d5079df elementor-section-boxed elementor-section-height-default elementor-section-height-default\" data-id=\"6d5079df\" data-element_type=\"section\">\n\t\t\t\t\t\t<div class=\"elementor-container elementor-column-gap-default\">\n\t\t\t\t\t<div class=\"elementor-column elementor-col-100 elementor-top-column elementor-element elementor-element-748553c3\" data-id=\"748553c3\" data-element_type=\"column\">\n\t\t\t<div class=\"elementor-widget-wrap elementor-element-populated\">\n\t\t\t\t\t\t<div class=\"elementor-element elementor-element-1b99b6e elementor-widget elementor-widget-text-editor\" data-id=\"1b99b6e\" data-element_type=\"widget\" data-widget_type=\"text-editor.default\">\n\t\t\t\t<div class=\"elementor-widget-container\">\n\t\t\t\t\t\t\t\t\t<h1>Zoom Events \u2013 Zoom Events platformu ile \u00e7evrimi\u00e7i etkinlikler olu\u015fturun, d\u00fczenleyin ve y\u00f6netin<\/h1>\n<img fetchpriority=\"high\" decoding=\"async\" class=\"alignleft size-full wp-image-18533\" src=\"https:\/\/konferenztechnik.de\/wp-content\/uploads\/2021\/09\/zoomevents-deutschland.png\" alt=\"Almanya&#039;daki Zoom etkinliklerini ay\u0131rt\u0131n\" width=\"1920\" height=\"865\" title=\"\" srcset=\"https:\/\/konferenztechnik.de\/wp-content\/uploads\/2021\/09\/zoomevents-deutschland.png 1920w, https:\/\/konferenztechnik.de\/wp-content\/uploads\/2021\/09\/zoomevents-deutschland-300x135.png 300w, https:\/\/konferenztechnik.de\/wp-content\/uploads\/2021\/09\/zoomevents-deutschland-1024x461.png 1024w, https:\/\/konferenztechnik.de\/wp-content\/uploads\/2021\/09\/zoomevents-deutschland-768x346.png 768w, https:\/\/konferenztechnik.de\/wp-content\/uploads\/2021\/09\/zoomevents-deutschland-1536x692.png 1536w\" sizes=\"(max-width: 1920px) 100vw, 1920px\" \/>\n\n<img decoding=\"async\" src=\"https:\/\/konferenztechnik.de\/wp-content\/uploads\/2021\/09\/ze-logo-300x43.png\" alt=\"Zoom Etkinlikleri\" width=\"300\" height=\"43\" title=\"\">\n\nZoom Events platformu, bireysel sanal deneyimleri basit ve verimli bir \u015fekilde ger\u00e7ekle\u015ftirme ihtiyac\u0131n\u0131 kar\u015f\u0131lar.\n\nZoom Events, \u00e7e\u015fitli format ve boyutlardaki sanal ve hibrit etkinlikler i\u00e7in hepsi bir arada bir platformdur. Etkinliklerin planlanmas\u0131 ve olu\u015fturulmas\u0131nda sizi destekliyor ve Almanya'daki sunucular\u0131m\u0131zla etkinliklerin g\u00fcvenli ve veri koruma d\u00fczenlemelerine uygun \u015fekilde ger\u00e7ekle\u015ftirilmesini sa\u011fl\u0131yoruz.\n\nZoom Events, g\u00fcvenle sanal veya hibrit etkinlikler olu\u015fturmak i\u00e7in ihtiyac\u0131n\u0131z olan her \u015feyi sunar. Etkinli\u011finizi olu\u015fturmak ve optimize etmek i\u00e7in Zoom uzmanlar\u0131m\u0131zla birlikte \u00e7al\u0131\u015f\u0131n. Size GDPR uyumlu bir altyap\u0131 sa\u011fl\u0131yor ve Zoom Toplant\u0131lar\u0131, Zoom Webinarlar\u0131 ve Zoom Etkinlikleri ile ilgili dan\u0131\u015fmanl\u0131k ve destek sa\u011fl\u0131yoruz.\n\nZoom Events ile nelerin m\u00fcmk\u00fcn oldu\u011fu hakk\u0131nda uzmanlar\u0131m\u0131zla konu\u015fun.\n<div class=\"box1-4\" style=\"margin-bottom: 0!important; margin-top: 0px;\"><b><span class=\"pcs-color\">Dan\u0131\u015fmanl\u0131k ve planlama<\/span><\/b>\n<img decoding=\"async\" class=\"alignleft size-full wp-image-18690\" src=\"https:\/\/konferenztechnik.de\/wp-content\/uploads\/2021\/11\/Christian-becker-pcs-gmbh-foto-thomas-arendt-1.jpg\" alt=\"Christian Becker - PCS GmbH\" title=\"\"><\/div>\n<div><\/div>\n<div><\/div>\n<div><\/div>\n<div><\/div>\n<div><\/div>\n<div><\/div>\n<div><\/div>\n<div><\/div>\n<div><\/div>\n<div><\/div>\n<div><\/div>\n<div><\/div>\n<div><\/div>\n<div><\/div>\n<div><\/div>\n<div><\/div>\n<div><\/div>\n<div><\/div>\n<div><\/div>\n<div><\/div>\n<div><\/div>\n<div><\/div>\n<div><\/div>\n<div class=\"box1-4\" style=\"margin-bottom: 0!important; margin-top: 0px;\">Sadece bizi aray\u0131n!\n<a href=\"tel:08007274624\"><b>0800 727 46 24<\/b><\/a>\nYa da \u015fu adrese bir e-posta yaz\u0131n:\n<span class=\"volleansicht\"><a href=\"mailto:info@konferenztechnik.de\">info@konferenztechnik.de<\/a>\n<\/span>\n<span class=\"mobileansicht\"><a href=\"mailto:info@konferenztechnik.de\">yaz<\/a>\n<\/span><\/div>\n<div id=\"newscontainer\">\n<div class=\"newskasten\"><img decoding=\"async\" class=\"alignleft size-medium wp-image-18461\" src=\"https:\/\/konferenztechnik.de\/wp-content\/uploads\/2021\/09\/datensicherheit-300x221.png\" alt=\"Zoom Events - Verileriniz PCS ile g\u00fcvende\" width=\"300\" height=\"221\" title=\"\" srcset=\"https:\/\/konferenztechnik.de\/wp-content\/uploads\/2021\/09\/datensicherheit-300x221.png 300w, https:\/\/konferenztechnik.de\/wp-content\/uploads\/2021\/09\/datensicherheit.png 336w\" sizes=\"(max-width: 300px) 100vw, 300px\" \/>\n<h3 class=\"pcs-color\"><strong>Veri g\u00fcvenli\u011fi<\/strong><\/h3>\nPCS veri koruma uzmanlar\u0131 taraf\u0131ndan izleme ve belgeleme\n\n<\/div>\n<div class=\"newskasten\"><img loading=\"lazy\" decoding=\"async\" class=\"alignleft size-medium wp-image-18494\" src=\"https:\/\/konferenztechnik.de\/wp-content\/uploads\/2021\/09\/zoom-dsvgo-1-300x221.png\" alt=\"Zoom Events - Veri koruma uyumlu, GDPR\" width=\"300\" height=\"221\" title=\"\" srcset=\"https:\/\/konferenztechnik.de\/wp-content\/uploads\/2021\/09\/zoom-dsvgo-1-300x221.png 300w, https:\/\/konferenztechnik.de\/wp-content\/uploads\/2021\/09\/zoom-dsvgo-1.png 336w\" sizes=\"(max-width: 300px) 100vw, 300px\" \/>\n<h3 class=\"pcs-color\"><strong>Veri koruma uyumlu<\/strong><\/h3>\nAlman ve Avrupa veri koruma yasalar\u0131na uygun olarak Alman sunucular\u0131nda konferanslar d\u00fczenlemek\n\n<\/div>\n<div class=\"newskasten\"><img loading=\"lazy\" decoding=\"async\" class=\"alignleft size-medium wp-image-18479\" src=\"https:\/\/konferenztechnik.de\/wp-content\/uploads\/2021\/09\/anmeldung-300x221.png\" alt=\"Zoom Etkinlikleri - Biletleme, Kay\u0131t\" width=\"300\" height=\"221\" title=\"\" srcset=\"https:\/\/konferenztechnik.de\/wp-content\/uploads\/2021\/09\/anmeldung-300x221.png 300w, https:\/\/konferenztechnik.de\/wp-content\/uploads\/2021\/09\/anmeldung.png 336w\" sizes=\"(max-width: 300px) 100vw, 300px\" \/>\n<h3 class=\"pcs-color\"><strong>Biletleme, kay\u0131t<\/strong><\/h3>\nDe\u011fi\u015fken, kapsaml\u0131 giri\u015f sistemi entegre\n\n<\/div>\n<div class=\"newskasten\"><img loading=\"lazy\" decoding=\"async\" class=\"alignleft size-medium wp-image-18507\" src=\"https:\/\/konferenztechnik.de\/wp-content\/uploads\/2021\/09\/flexible-300x221.png\" alt=\"Zoom Events - Esnek \u015fekilde \u00f6l\u00e7eklenebilir\" width=\"300\" height=\"221\" title=\"\">\n<h3 class=\"pcs-color\"><strong>Esnek ve \u00f6l\u00e7eklenebilir<\/strong><\/h3>\nGeni\u015f bir format ve boyut yelpazesini kapsar\n\n<\/div>\n<div class=\"newskasten\"><img loading=\"lazy\" decoding=\"async\" class=\"alignleft size-medium wp-image-18498\" src=\"https:\/\/konferenztechnik.de\/wp-content\/uploads\/2021\/09\/allinone-300x221.png\" alt=\"Zoom Etkinlikleri - PCS konferenztechnik.de ile rezervasyon yap\u0131n\" width=\"300\" height=\"221\" title=\"\">\n<h3 class=\"pcs-color\"><strong>Tek bir kaynaktan en iyi kalite<\/strong><\/h3>\nOptimum iletim kalitesi ve eksiksiz etkinlik platformu\n\n<\/div>\n<\/div>\n<div style=\"background-color: #f7f7f7; padding-left: 20px; padding-right: 20px; padding-top: 30px;\">\n<h3><strong>Kay\u0131tlar ve bilet y\u00f6netimi<\/strong><\/h3>\nKat\u0131l\u0131mc\u0131lar\u0131n\u0131z i\u00e7in basit kay\u0131t ve biletleme entegre edilmi\u015ftir. \u00dccretsiz ve \u00fccretli bilet say\u0131s\u0131n\u0131 belirleyebilir, grup sat\u0131n al\u0131mlar\u0131n\u0131, hediye se\u00e7eneklerini veya ba\u011f\u0131\u015flar\u0131 etkinle\u015ftirebilirsiniz. Kay\u0131t ve biletleme ki\u015fiselle\u015ftirilebilir.\n<h3><strong>Kamu ve \u00f6zel etkinlikler<\/strong><\/h3>\nHem halka a\u00e7\u0131k hem de \u00f6zel etkinlikler i\u00e7in \u00fccretsiz ve \u00fccretli etkinlikler d\u00fczenleyebilirsiniz.\n<h3><strong>\u00c7e\u015fitli etkinlik formatlar\u0131<\/strong><\/h3>\nBireysel etkinlikler, etkinlik serileri, birka\u00e7 oturum veya paralel toplant\u0131lar planlay\u0131n. Bir g\u00fcnl\u00fck, \u00e7ok g\u00fcnl\u00fck ve elbette etkinlikten sonra kay\u0131tlar\u0131 yay\u0131nlama se\u00e7ene\u011fi ile. Genel olarak bir etkinli\u011fi canl\u0131 olarak m\u0131 yoksa talep \u00fczerine mi sunmak istedi\u011finize karar verebilirsiniz.\n<h3><strong>Lobi, a\u00e7\u0131l\u0131\u015f sayfas\u0131, etkinlik merkezi<\/strong><\/h3>\nZoom Events, etkinli\u011finiz i\u00e7in bir ba\u015flang\u0131\u00e7 noktas\u0131 (a\u00e7\u0131l\u0131\u015f sayfas\u0131, etkinlik merkezi) olu\u015fturman\u0131n kolay bir yolunu sunar. Bunlar ayr\u0131ca herkese a\u00e7\u0131k veya \u00f6zel olabilir ve ayr\u0131 URL'lerle kullan\u0131labilir.\n<h3><strong>De\u011fi\u015fim, a\u011f olu\u015fturma<\/strong><\/h3>\nT\u00fcm kat\u0131l\u0131mc\u0131lar bir lobide a\u011f kurabilir, sponsorlar ve kat\u0131l\u0131mc\u0131larla sohbet edebilir ve ileti\u015fim bilgilerini payla\u015fabilir.\n<h3><strong>\u0130\u015fbirli\u011fi ve ortak \u00e7al\u0131\u015fma<\/strong><\/h3>\nMiro panolar\u0131, Trello, Mentimeter ve ayn\u0131 zamanda Microsoft Teams, Slack veya Google Workspace gibi i\u015fbirli\u011fini te\u015fvik etmek i\u00e7in farkl\u0131 uygulamalar\u0131 entegre edin. Zoom, gelecekte VR i\u015fbirli\u011fini de m\u00fcmk\u00fcn k\u0131lacak olan kendi y\u00fcksek kaliteli beyaz tahtas\u0131n\u0131 (13\/09\/2021) geli\u015ftirdi\u011fini duyurdu.\n<h3><strong>\u00c7ok dilli<\/strong><\/h3>\nZoom Events ile \u00e7ok dilli ve sim\u00fcltane terc\u00fcmeli sanal etkinlikler d\u00fczenlemenizi sa\u011fl\u0131yoruz\n<h3><strong>Dok\u00fcmantasyon ve de\u011ferlendirme<\/strong><\/h3>\nKay\u0131tlar\u0131, ziyaret\u00e7i say\u0131lar\u0131n\u0131, bilet sat\u0131\u015flar\u0131n\u0131 ve gelirleri takip edebilir ve belgeleyebilirsiniz. Zoom Events, etkinliklerinizi de\u011ferlendirmenize ve geli\u015ftirmenize yard\u0131mc\u0131 olan analizler sunar.\n\n<\/div>\n<h2><strong>Zoom etkinliklerinin veri koruma y\u00f6netmeliklerine uygun olarak d\u00fczenlenmesi<\/strong><\/h2>\nZoom Events, Zoom'un g\u00fcvenilir video ve sohbet teknolojisine dayanmaktad\u0131r. Zoom'un teknolojisini ve altyap\u0131s\u0131n\u0131 piyasadaki en kaliteli ve en g\u00fcvenilir olarak de\u011ferlendiriyoruz ve Almanya'daki kendi Zoom sunucular\u0131m\u0131zla, size kesinlikle Alman veri koruma yasas\u0131na uygun olarak y\u00fcr\u00fct\u00fclen GDPR uyumlu sanal ve hibrit etkinlikler sunuyoruz.\n<h2><strong>PCS bir Zoom Etkinlikleri sa\u011flay\u0131c\u0131s\u0131d\u0131r<\/strong><\/h2>\nEtkinlikleriniz i\u00e7in kapsaml\u0131 Zoom lisanslar\u0131m\u0131z\u0131 kullan\u0131n. Uzmanlar\u0131m\u0131z kurulum, bar\u0131nd\u0131rma ve ki\u015fiselle\u015ftirme konular\u0131nda size destek olacak ve her t\u00fcrl\u00fc sorunuzu yan\u0131tlamaya haz\u0131r olacakt\u0131r. Elbette, kendi Zoom Events lisanslar\u0131n\u0131z varsa da size destek olaca\u011f\u0131z.\n\nZoom Events'i tan\u0131y\u0131n. Size h\u0131zl\u0131 ve kolay bir tan\u0131t\u0131m sunuyoruz. Ayr\u0131ca, i\u015flevleri ve arka ucu tan\u0131mak i\u00e7in bir demo randevusu ayarlayabilirsiniz.\n\nZoom Events ile nelerin m\u00fcmk\u00fcn oldu\u011fu hakk\u0131nda uzmanlar\u0131m\u0131zla konu\u015fun.\n<h2><b>Bu da ilginizi \u00e7ekebilir<\/b><\/h2>\n<a title=\"Hibrit etkinlikler\" href=\"\/tr\/hi%cc%87bri%cc%87t-etki%cc%87nli%cc%87kler\/\">Hibrit etkinlikler<\/a>\n<a title=\"Esnek etkinlik konseptleri\" href=\"\/tr\/esnek-etkinlik-konseptleri\/\">Esnek etkinlik konseptleri<\/a>\n<a href=\"https:\/\/konferenztechnik.de\/tr\/uzaktan-tercuemanlik-3\/\">Uzaktan s\u00f6zl\u00fc \u00e7eviri, merkezler ve st\u00fcdyolar<\/a>\n\n\n<a href=\"https:\/\/konferenztechnik.de\/tr\/video-konferans-2\/\">Video konferans sistemleri<\/a>\n<a href=\"https:\/\/konferenztechnik.de\/tr\/kira-akisi-teknolojisi\/\">Ak\u0131\u015f teknolojisini i\u015fe al\u0131n<\/a>\n<a href=\"https:\/\/konferenztechnik.de\/tr\/konferans-eki%cc%87pmani-ki%cc%87ralama\/av-teknoloji%cc%87si%cc%87-mi%cc%87krofonlar-ses-si%cc%87stemleri%cc%87-projektoerler\/\">Ses, g\u00f6r\u00fcnt\u00fc ve iletim teknolojisi<\/a>\n<div class=\"box1-4 medium-size-txt\" style=\"margin-bottom: 0!important;\">\n<h2><b><span class=\"pcs-color medium-size-txt\">Etkinlik uzmanlar\u0131n\u0131z<\/span><\/b><\/h2>\nZoom Events uzmanlar\u0131m\u0131z sorular\u0131n\u0131z\u0131 yan\u0131tlamaktan, size tavsiyelerde bulunmaktan ve ki\u015fiselle\u015ftirilmi\u015f bir fiyat teklifi veya bireysel proje plan\u0131 haz\u0131rlamaktan mutluluk duyacakt\u0131r.\n\n<img loading=\"lazy\" decoding=\"async\" class=\"alignleft size-full wp-image-18120\" src=\"https:\/\/konferenztechnik.de\/wp-content\/uploads\/2021\/08\/Sebastian-Meyer-PCS-GmbH-konferenztechnik-small.jpg\" alt=\"Sebastian Meyer - PCS-GmbH - Proje planlama\" width=\"150\" height=\"150\" title=\"\">\n<img loading=\"lazy\" decoding=\"async\" class=\"alignleft size-full wp-image-17771\" src=\"https:\/\/konferenztechnik.de\/wp-content\/uploads\/2021\/06\/christian-becker-pcs-gmbh.jpg\" alt=\"Christian Becker - PCS GmbH - Etkinlik planlamas\u0131\" width=\"150\" height=\"150\" title=\"\">\n<img loading=\"lazy\" decoding=\"async\" class=\"alignleft size-full wp-image-17774\" src=\"https:\/\/konferenztechnik.de\/wp-content\/uploads\/2021\/06\/sebastian-gegusch-pcs-gmbh.jpg\" alt=\"Sebastian Gegusch - PCS GmbH - Proje planlama\" width=\"150\" height=\"150\" title=\"\">\n\n<span class=\"medium-size-txt\">\nSadece bizi aray\u0131n!\n<a href=\"tel:08007274624\"><b>0800 727 46 24<\/b><\/a><\/span>\n\nL\u00fctfen bize bir e-posta g\u00f6nderin:\n<span class=\"volleansicht\"><a href=\"mailto:info@konferenztechnik.de\">info@konferenztechnik.de<\/a>\n<\/span>\n<span class=\"mobileansicht\"><a href=\"mailto:info@konferenztechnik.de\">yaz<\/a>\n<\/span>\n\nBizimle sohbet edin veya geri arama hizmetimizi kullan\u0131n\n<h2>Bir geri arama d\u00fczenleyin<\/h2>\n<\/div>\t\t\t\t\t\t\t\t<\/div>\n\t\t\t\t<\/div>\n\t\t\t\t\t<\/div>\n\t\t<\/div>\n\t\t\t\t\t<\/div>\n\t\t<\/section>\n\t\t\t\t<\/div>","protected":false},"excerpt":{"rendered":"<p>Zoom Events \u2013 Online-Events erstellen, hosten und verwalten mit der Zoom Events-Plattform Die Zoom Events-Plattform erf\u00fcllt die Bed\u00fcrfnisse, individuelle virtuelle Erlebnisse einfach und effizient durchzuf\u00fchren. Zoom Events ist eine All-in-one-Plattform f\u00fcr virtuelle und hybride Events unterschiedlichster Formate und Gr\u00f6\u00dfenordnungen. Wir unterst\u00fctzen Sie bei der Planung und Erstellung und sorgen mit unseren Servern in Deutschland f\u00fcr [&hellip;]<\/p>","protected":false},"author":1,"featured_media":45482,"parent":0,"menu_order":0,"comment_status":"closed","ping_status":"closed","template":"","meta":{"_acf_changed":false,"footnotes":""},"class_list":["post-18403","page","type-page","status-publish","has-post-thumbnail","hentry"],"acf":[],"_links":{"self":[{"href":"https:\/\/konferenztechnik.de\/tr\/wp-json\/wp\/v2\/pages\/18403","targetHints":{"allow":["GET"]}}],"collection":[{"href":"https:\/\/konferenztechnik.de\/tr\/wp-json\/wp\/v2\/pages"}],"about":[{"href":"https:\/\/konferenztechnik.de\/tr\/wp-json\/wp\/v2\/types\/page"}],"author":[{"embeddable":true,"href":"https:\/\/konferenztechnik.de\/tr\/wp-json\/wp\/v2\/users\/1"}],"replies":[{"embeddable":true,"href":"https:\/\/konferenztechnik.de\/tr\/wp-json\/wp\/v2\/comments?post=18403"}],"version-history":[{"count":0,"href":"https:\/\/konferenztechnik.de\/tr\/wp-json\/wp\/v2\/pages\/18403\/revisions"}],"wp:featuredmedia":[{"embeddable":true,"href":"https:\/\/konferenztechnik.de\/tr\/wp-json\/wp\/v2\/media\/45482"}],"wp:attachment":[{"href":"https:\/\/konferenztechnik.de\/tr\/wp-json\/wp\/v2\/media?parent=18403"}],"curies":[{"name":"wp","href":"https:\/\/api.w.org\/{rel}","templated":true}]}}