{"id":18584,"date":"2021-10-05T11:33:23","date_gmt":"2021-10-05T10:33:23","guid":{"rendered":"https:\/\/www.konferenztechnik.de\/?page_id=18584"},"modified":"2023-09-01T11:51:05","modified_gmt":"2023-09-01T09:51:05","slug":"konferans-teknoloji%cc%87si%cc%87-ve-etki%cc%87nli%cc%87kleri%cc%87-alaninda-proje-planlayicisi-f-d-m","status":"publish","type":"page","link":"https:\/\/konferenztechnik.de\/tr\/konferans-teknoloji%cc%87si%cc%87-ve-etki%cc%87nli%cc%87kleri%cc%87-alaninda-proje-planlayicisi-f-d-m\/","title":{"rendered":"Konferans teknolojisi ve etkinlikleri alan\u0131nda proje planlay\u0131c\u0131s\u0131 (f\/m)"},"content":{"rendered":"<p>[column size=\"3-4\u2033 last=\"0\u2033]<br \/>\n[note color=\"#FFCC00\u2033]<br \/>\n[spacer size=\"20\u2033]<br \/>\nPozisyon \u015fu anda doldurulmu\u015ftur. Ba\u015fvurular\u0131n\u0131z i\u00e7in te\u015fekk\u00fcr ederiz!<br \/>\n[spacer size=\"20\u2033]<br \/>\n[\/note]<\/p>\n<h1><strong>Konferans teknolojisi ve etkinlikleri alan\u0131nda proje planlay\u0131c\u0131lar\u0131 (f\/m) ar\u0131yoruz<\/strong><\/h1>\n<p>Konferans, sim\u00fcltane teknoloji ve etkinlikler alan\u0131nda t\u00fcm lokasyonlar i\u00e7in derhal ge\u00e7erli olmak \u00fczere bir proje planlay\u0131c\u0131s\u0131 (f \/ m) ar\u0131yoruz.<\/p>\n<h2><strong>G\u00f6revleriniz<\/strong><\/h2>\n<ul>\n<li>Projelerimiz i\u00e7in uzman planlama g\u00f6revlerini \u00fcstleneceksiniz.<\/li>\n<li>Projeler \u00f6ncesinde, s\u0131ras\u0131nda ve sonras\u0131nda s\u00fcre\u00e7leri organize ve kontrol edersiniz: Teknik planlama, personel planlamas\u0131, ara\u00e7 lojisti\u011fi, mal iadeleri ve brifingler.<\/li>\n<li>EasyJob proje yaz\u0131l\u0131m\u0131nda projelerimiz i\u00e7in malzeme ve kaynak (teknisyenler, ara\u00e7lar) planlamas\u0131 yap\u0131yorsunuz.<\/li>\n<li>\u015eubelerimiz aras\u0131nda sorunsuz mal al\u0131\u015fveri\u015fini organize eder ve izler, mevcut ve gelecekteki t\u00fcm projeler i\u00e7in kaynaklar\u0131n ve malzemelerin kullan\u0131labilirli\u011fini sa\u011flars\u0131n\u0131z.<\/li>\n<li>M\u00fc\u015fterilerimiz ve ortaklar\u0131m\u0131z\u0131n yan\u0131 s\u0131ra teknisyenlerimiz, proje planlay\u0131c\u0131lar\u0131m\u0131z ve depo lojisti\u011fi uzmanlar\u0131m\u0131z i\u00e7in dahili olarak ileti\u015fim noktas\u0131s\u0131n\u0131z.<\/li>\n<\/ul>\n<p>[\/column]<br \/>\n[column size=\"1-4\u2033 last=\"1\u2033]<\/p>\n<div class=\"box1-4\" style=\"margin-bottom: 0!important; margin-top:50px\">\n<b><span class=\"pcs-color\">Ba\u015fvurular ve sorgular<\/span><\/b><br \/>\n<img fetchpriority=\"high\" decoding=\"async\" width=\"800\" height=\"533\" src=\"https:\/\/konferenztechnik.de\/wp-content\/uploads\/2013\/09\/thorsten_geissler_pcs-gmbh.jpg\" alt=\"Thorsten Gei\u00dfler\" class=\"alignleft size-full wp-image-2317\" title=\"\" srcset=\"https:\/\/konferenztechnik.de\/wp-content\/uploads\/2013\/09\/thorsten_geissler_pcs-gmbh.jpg 800w, https:\/\/konferenztechnik.de\/wp-content\/uploads\/2013\/09\/thorsten_geissler_pcs-gmbh-300x200.jpg 300w, https:\/\/konferenztechnik.de\/wp-content\/uploads\/2013\/09\/thorsten_geissler_pcs-gmbh-768x512.jpg 768w\" sizes=\"(max-width: 800px) 100vw, 800px\" \/><\/p>\n<p>Thorsten Gei\u00dfler<br \/>\n<a href=\"tel:+4921173779816\"><b>+49 211 737798 16<\/b><\/a><br \/>\n<span class=\"volleansicht\"><a href=\"mailto:geissler@konferenztechnik.de\" onclick=\"ga('send', 'event', 'Email-Klick', 'Kontakt bewerben');\">geissler@konferenztechnik.de<\/a><br \/>\n<\/span><br \/>\n<span class=\"mobileansicht\"><a href=\"mailto:geissler@konferenztechnik.de\" onclick=\"ga('send', 'event', 'Email-Klick', 'Kontakt bewerben');\">yaz<\/a><br \/>\n<\/span><\/p>\n<\/div>\n<p>[\/column]<\/p>\n<p>[spacer size=\"20\u2033]<\/p>\n<h2><strong>Deneyiminiz ve bilginiz<\/strong><\/h2>\n<ul>\n<li>Etkinlik sekt\u00f6r\u00fcnde programlama veya proje planlama deneyimi<\/li>\n<li>Tercihen Protonic EasyJob ile proje yaz\u0131l\u0131m\u0131 ve \u00fcr\u00fcn y\u00f6netim sistemleri bilgisi<\/li>\n<li>AV medya teknolojisinin yan\u0131 s\u0131ra konferans ve simultane teknolojisi hakk\u0131nda \u00e7ok iyi bilgi<\/li>\n<li>Son derece m\u00fc\u015fteri ve hizmet odakl\u0131 bir \u015fekilde \u00e7al\u0131\u015f\u0131yorsunuz<\/li>\n<li>Bir ekip i\u00e7inde \u00e7al\u0131\u015fmaktan ve i\u015f arkada\u015flar\u0131n\u0131zla etkile\u015fimde bulunmaktan ho\u015flan\u0131yorsunuz<\/li>\n<li>Olaylar\u0131 \u00e7abuk kavr\u0131yor ve h\u0131zl\u0131 bir \u015fekilde \u00e7\u00f6z\u00fcm geli\u015ftiriyorsunuz<\/li>\n<li>\u00c7ok planl\u0131 bir \u015fekilde \u00e7al\u0131\u015f\u0131yorsunuz ve her zaman genel bir bak\u0131\u015f a\u00e7\u0131s\u0131na sahipsiniz<\/li>\n<li>\u00c7ok iyi bilgisayar becerileri (PC, Windows, Microsoft Office)<\/li>\n<li>\u00c7ok iyi yaz\u0131l\u0131 ve s\u00f6zl\u00fc Almanca<\/li>\n<li>\u0130yi derecede yaz\u0131l\u0131 ve s\u00f6zl\u00fc \u0130ngilizce becerileri<\/li>\n<\/ul>\n<p>[spacer size=\"20\u2033]<\/p>\n<h2><strong>Ne sunuyoruz<\/strong><\/h2>\n<ul>\n<li>Kal\u0131c\u0131 bir pozisyon (esnek \u00e7al\u0131\u015fma modelleri: tam zamanl\u0131, yar\u0131 zamanl\u0131, mini-job, midi-job veya \u00e7al\u0131\u015fan \u00f6\u011frenci m\u00fcmk\u00fcn)<\/li>\n<li>Mobil \u00e7al\u0131\u015fma imkan\u0131<\/li>\n<li>\u015eirket emeklilik plan\u0131<\/li>\n<li>\u015eirket sa\u011fl\u0131k sigortas\u0131 (di\u015f takviyesi, g\u00f6zl\u00fck)<\/li>\n<li>\u0130\u015f bisikleti<\/li>\n<li>\u0130lgin\u00e7 ve \u00e7e\u015fitli projeler<\/li>\n<li>E\u011flenen ve yapt\u0131\u011f\u0131 i\u015ften keyif alan motive bir ekip<\/li>\n<li>Esnek \u00e7al\u0131\u015fma saatleri<\/li>\n<li>D\u00fcz hiyerar\u015filer<\/li>\n<\/ul>","protected":false},"excerpt":{"rendered":"<p>[column size=&#8220;3-4&#8243; last=&#8220;0&#8243;] [note color=&#8220;#FFCC00&#8243;] [spacer size=&#8220;20&#8243;] Die Stelle ist mittlerweile besetzt. Vielen Dank f\u00fcr Ihre Bewerbungen! [spacer size=&#8220;20&#8243;] [\/note] Wir suchen Projektplaner:in (w\/d\/m) im Bereich Konferenztechnik und Event F\u00fcr alle Standorte suchen wir ab sofort eine:n Projektplaner:in (w\/d\/m) im Bereich Konferenz-, Simultantechnik und Event. Ihre Aufgaben Sie \u00fcbernehmen fachplanerische Aufgaben f\u00fcr unsere Projekte. Sie [&hellip;]<\/p>","protected":false},"author":1,"featured_media":45482,"parent":0,"menu_order":0,"comment_status":"closed","ping_status":"closed","template":"","meta":{"_acf_changed":false,"footnotes":""},"class_list":["post-18584","page","type-page","status-publish","has-post-thumbnail","hentry"],"acf":[],"_links":{"self":[{"href":"https:\/\/konferenztechnik.de\/tr\/wp-json\/wp\/v2\/pages\/18584","targetHints":{"allow":["GET"]}}],"collection":[{"href":"https:\/\/konferenztechnik.de\/tr\/wp-json\/wp\/v2\/pages"}],"about":[{"href":"https:\/\/konferenztechnik.de\/tr\/wp-json\/wp\/v2\/types\/page"}],"author":[{"embeddable":true,"href":"https:\/\/konferenztechnik.de\/tr\/wp-json\/wp\/v2\/users\/1"}],"replies":[{"embeddable":true,"href":"https:\/\/konferenztechnik.de\/tr\/wp-json\/wp\/v2\/comments?post=18584"}],"version-history":[{"count":0,"href":"https:\/\/konferenztechnik.de\/tr\/wp-json\/wp\/v2\/pages\/18584\/revisions"}],"wp:featuredmedia":[{"embeddable":true,"href":"https:\/\/konferenztechnik.de\/tr\/wp-json\/wp\/v2\/media\/45482"}],"wp:attachment":[{"href":"https:\/\/konferenztechnik.de\/tr\/wp-json\/wp\/v2\/media?parent=18584"}],"curies":[{"name":"wp","href":"https:\/\/api.w.org\/{rel}","templated":true}]}}