{"id":1862,"date":"2013-09-06T10:18:15","date_gmt":"2013-09-06T08:18:15","guid":{"rendered":"https:\/\/konferenztechnik.de\/?page_id=1862"},"modified":"2013-09-06T10:18:15","modified_gmt":"2013-09-06T08:18:15","slug":"beyerdynamic-yoenlendi%cc%87rme-si%cc%87stemleri%cc%87","status":"publish","type":"page","link":"https:\/\/konferenztechnik.de\/tr\/konferans-ve-av-medya-teknoloji%cc%87si%cc%87ni%cc%87n-dagitimi\/beyerdynamic-yoenlendi%cc%87rme-si%cc%87stemleri%cc%87\/","title":{"rendered":"Beyerdynamic y\u00f6nlendirme sistemleri"},"content":{"rendered":"<h1>Beyerdynamic'ten rehber sistemleri ve tur rehberi sistemleri<\/h1>\n<p>Etkili ileti\u015fim g\u00fcn\u00fcm\u00fcz d\u00fcnyas\u0131nda giderek daha \u00f6nemli hale gelmektedir. G\u00fcvenilir teknoloji, siyaset, end\u00fcstri ve kamu kurumlar\u0131ndaki t\u00fcm ses uygulamalar\u0131n\u0131n temelini olu\u015fturmaktad\u0131r. Beyerdynamic'in Synexis kablosuz terc\u00fcme ve y\u00f6nlendirme sistemi, en zorlu gereksinimler i\u00e7in bile size \u00e7ok y\u00f6nl\u00fc ve uygun maliyetli bir \u00e7\u00f6z\u00fcm sunar. \u0130ster \u00e7ok dilli konferanslarda terc\u00fcmanl\u0131k i\u00e7in ister fabrika salonlar\u0131nda, m\u00fczelerde veya a\u00e7\u0131k havada rehberli turlar i\u00e7in olsun, 18 adede kadar ses sinyali ayn\u0131 anda iletilebilir. Synexis, her yerde herkes taraf\u0131ndan anla\u015f\u0131lan net bir sunum sa\u011flar.<\/p>\n<h2>Uygulama \u00f6rnekleri:<\/h2>\n<ul>\n<li>Y\u00fcksek g\u00fcr\u00fclt\u00fc seviyelerinde bile operasyonel y\u00f6netim<\/li>\n<li>Makineler ve \u00fcr\u00fcn sunumlar\u0131<\/li>\n<li>G\u00fcvenlik e\u011fitimi (araba, bisiklet, paten vb.)<\/li>\n<li>M\u00fczeler, kaleler, galeriler, sergiler ve ticaret fuarlar\u0131na rehberli turlar<\/li>\n<li>SIS sim\u00fcltane terc\u00fcme sistemi ile ba\u011flant\u0131l\u0131 olarak e\u011fitim kurslar\u0131, konferanslar ve toplant\u0131lar\u0131n sim\u00fcltane terc\u00fcmesi<\/li>\n<\/ul>\n<p>[spacer size=\"20\u2033]<\/p>\n<p>[tabs style=\"1\u2033]<br \/>\n[tab title=\"Makale\"]<\/p>\n<h2>Radyo cep al\u0131c\u0131s\u0131 \u2013 Synexis RP8<\/h2>\n<p>[column size=\"2-5\u2033 last=\"0\u2033]<\/p>\n<p><a href=\"https:\/\/konferenztechnik.de\/wp-content\/uploads\/2013\/09\/Empfaenger_Beyerdynamic_Synexis_rp8.jpg\"><img fetchpriority=\"high\" decoding=\"async\" width=\"530\" height=\"491\" src=\"https:\/\/konferenztechnik.de\/wp-content\/uploads\/2013\/09\/Empfaenger_Beyerdynamic_Synexis_rp8.jpg\" alt=\"Al\u0131c\u0131 Beyerdynamic Synexis RP8\" class=\"alignnone size-full wp-image-1874\" title=\"\" srcset=\"https:\/\/konferenztechnik.de\/wp-content\/uploads\/2013\/09\/Empfaenger_Beyerdynamic_Synexis_rp8.jpg 530w, https:\/\/konferenztechnik.de\/wp-content\/uploads\/2013\/09\/Empfaenger_Beyerdynamic_Synexis_rp8-300x278.jpg 300w\" sizes=\"(max-width: 530px) 100vw, 530px\" \/><\/a><\/p>\n<p>[\/column]<br \/>\n[column size=\"3-5\u2033 last=\"1\u2033]<\/p>\n<p>RP8 cep al\u0131c\u0131s\u0131, tur rehberi sistemi olarak veya \u00e7ok dilli simultane \u00e7eviri i\u00e7eren konferanslar i\u00e7in kullan\u0131l\u0131r. Kulakl\u0131klar veya i\u015fitme cihaz\u0131 kullanan ki\u015filer i\u00e7in bir ind\u00fcksiyon d\u00f6ng\u00fcs\u00fc mini jak ba\u011flant\u0131s\u0131na ba\u011flanabilir, bu da cihaz\u0131n eri\u015filebilirli\u011fi desteklemek i\u00e7in de kullan\u0131labilece\u011fi anlam\u0131na gelir.<\/p>\n<p>[\/column]<br \/>\n[\/tab]<br \/>\n[tab title=\"Teknik detaylar\"]<\/p>\n<h2>Radyo cep al\u0131c\u0131s\u0131 \u2013 Synexis RP8<\/h2>\n<p>OLED ekran kanal, pil durumu ve frekans\u0131 g\u00f6sterir. Al\u0131c\u0131, \u00e7\u0131kar\u0131labilir kemer klipsi veya boyun ask\u0131s\u0131 ile tak\u0131labilir. RP8, iki adet NiMH \u015farj edilebilir pil veya standart 1,5 V AA pil ile \u00e7al\u0131\u015f\u0131r. \u015earj edilebilir pillerin \u015farj i\u00e7in cihazdan \u00e7\u0131kar\u0131lmas\u0131 gerekmez ve ak\u0131ll\u0131 \u015farj teknolojisi ile a\u015f\u0131r\u0131 \u015farja kar\u015f\u0131 korunur. \u015earj elektroni\u011fi ayr\u0131ca \u015farj edilebilir pillerin mi yoksa pillerin mi tak\u0131l\u0131 oldu\u011funu alg\u0131lar, b\u00f6ylece yanl\u0131\u015f \u00e7al\u0131\u015fma \u00f6nlenebilir.<\/p>\n<ul>\n<li>Kanal se\u00e7ici ile 18 ayarlanabilir frekans<\/li>\n<li>\u00c7al\u0131\u015fma g\u00f6stergesi ve \u015farj durumu i\u00e7in LED<\/li>\n<li>Kanal, pil durumu, frekans ve kanal se\u00e7im kilidi i\u015flevini g\u00f6steren OLED ekran<\/li>\n<li>Kulakl\u0131klar veya i\u015fitme cihazlar\u0131 i\u00e7in jak ba\u011flant\u0131s\u0131 (3,5 mm) (\u00f6rn. ind\u00fcksiyon d\u00f6ng\u00fcs\u00fc)<\/li>\n<li>\u0130ki adet AA NiMH \u015farj edilebilir pil veya 1,5 V AA pil ile \u00e7al\u0131\u015fma<\/li>\n<li>Otomatik kapanma fonksiyonlu ak\u0131ll\u0131 \u015farj teknolojisi<\/li>\n<li>Boyun kordonu veya kemer klipsi ile tak\u0131labilir<\/li>\n<\/ul>\n<p>[\/tab]<br \/>\n[\/tabs]<\/p>\n<p>[spacer size=\"20\u2033]<\/p>\n<p>[tabs style=\"1\u2033]<br \/>\n[tab title=\"Makale\"]<\/p>\n<h2>El tipi verici \u2013 Synexis TH8<\/h2>\n<p>[column size=\"2-5\u2033 last=\"0\u2033]<\/p>\n<p><a href=\"https:\/\/konferenztechnik.de\/wp-content\/uploads\/2013\/09\/Handsender_Beyerdynamic_Synexis_th8.jpg\"><img decoding=\"async\" width=\"600\" height=\"233\" src=\"https:\/\/konferenztechnik.de\/wp-content\/uploads\/2013\/09\/Handsender_Beyerdynamic_Synexis_th8.jpg\" alt=\"Beyerdynamic Synexis TH8 el vericisi\" class=\"alignnone size-full wp-image-1880\" title=\"\" srcset=\"https:\/\/konferenztechnik.de\/wp-content\/uploads\/2013\/09\/Handsender_Beyerdynamic_Synexis_th8.jpg 600w, https:\/\/konferenztechnik.de\/wp-content\/uploads\/2013\/09\/Handsender_Beyerdynamic_Synexis_th8-300x117.jpg 300w\" sizes=\"(max-width: 600px) 100vw, 600px\" \/><\/a><\/p>\n<p>[\/column]<br \/>\n[column size=\"3-5\u2033 last=\"1\u2033]<\/p>\n<p>TH8 bir mikrofon ve radyo vericisidir. RP8 radyo al\u0131c\u0131s\u0131 ile birlikte, bir tur rehberi sistemi olarak, k\u00fc\u00e7\u00fck toplant\u0131larda f\u0131s\u0131lt\u0131yla \u00e7eviri sistemi olarak veya i\u015fitme engelli kat\u0131l\u0131mc\u0131lar\u0131n bulundu\u011fu toplant\u0131larda i\u015fitme amplifikasyonu olarak kullan\u0131m i\u00e7in uygundur.<\/p>\n<p>[\/column]<br \/>\n[\/tab]<br \/>\n[tab title=\"Teknik detaylar\"]<\/p>\n<h2>El tipi verici \u2013 Synexis TH8<\/h2>\n<p>Verici, g\u00f6z temas\u0131 kuruldu\u011funda 100 metreye kadar bir menzil \u00fczerinden iletim yapar. Kardioid polar model, arka plan g\u00fcr\u00fclt\u00fcs\u00fcn\u00fc etkili bir \u015fekilde engeller. OLED ekran kanal, pil durumu ve frekans\u0131 g\u00f6sterir. Mikrofon iki adet AA NiMH \u015farj edilebilir pil veya geleneksel 1,5V AA pil ile \u00e7al\u0131\u015f\u0131r. Verici, iste\u011fe ba\u011fl\u0131 bir boyun ask\u0131s\u0131 ile boyuna tak\u0131labilir.<\/p>\n<ul>\n<li>18 Frekanslar<\/li>\n<li>D\u00fc\u015f\u00fck geri beslemeli kardioid karakteristikli g\u00fcr\u00fclt\u00fc dengelemeli mikrofon<\/li>\n<li>Kanal, pil durumu ve frekans\u0131 g\u00f6stermek i\u00e7in OLED ekran<\/li>\n<li>Sessiz i\u015flevi i\u00e7in programlanabilir \u00e7al\u0131\u015ft\u0131rma d\u00fc\u011fmesi (susturma)<\/li>\n<li>2 kademeli anahtar ile ayarlanabilir hassasiyet (Y\u00fcksek\/D\u00fc\u015f\u00fck)<\/li>\n<li>Entegre anten<\/li>\n<li>\u0130ki adet AA NiMH \u015farj edilebilir pil veya 1,5 V AA pil ile \u00e7al\u0131\u015fma<\/li>\n<\/ul>\n<p>[\/tab]<br \/>\n[\/tabs]<\/p>\n<p>[spacer size=\"20\u2033]<\/p>\n<p>[tabs style=\"1\u2033]<br \/>\n[tab title=\"Makale\"]<\/p>\n<h2>\u2013 Synexis TP8 bel tipi verici<\/h2>\n<p>[column size=\"2-5\u2033 last=\"0\u2033]<\/p>\n<p><a href=\"https:\/\/konferenztechnik.de\/wp-content\/uploads\/2013\/09\/Taschensender_Beyerdynamic_Synexis_tp8.jpg\"><img decoding=\"async\" width=\"245\" height=\"423\" src=\"https:\/\/konferenztechnik.de\/wp-content\/uploads\/2013\/09\/Taschensender_Beyerdynamic_Synexis_tp8.jpg\" alt=\"Beyerdynamic Synexis TP8 bodypack verici\" class=\"alignnone size-full wp-image-1890\" title=\"\" srcset=\"https:\/\/konferenztechnik.de\/wp-content\/uploads\/2013\/09\/Taschensender_Beyerdynamic_Synexis_tp8.jpg 245w, https:\/\/konferenztechnik.de\/wp-content\/uploads\/2013\/09\/Taschensender_Beyerdynamic_Synexis_tp8-174x300.jpg 174w\" sizes=\"(max-width: 245px) 100vw, 245px\" \/><\/a><\/p>\n<p>[\/column]<br \/>\n[column size=\"3-5\u2033 last=\"1\u2033]<\/p>\n<p>Synexis TP8 bel tipi verici, rehberli turlar, konferanslar veya i\u015fitme amplifikasyonu i\u00e7in Synexis RP8 bel tipi al\u0131c\u0131 ile birlikte kullan\u0131l\u0131r. Klipsli veya boyun band\u0131 mikrofon 4 pimli mini XLR ba\u011flant\u0131s\u0131na ba\u011flanabilir.<\/p>\n<p>[\/column]<br \/>\n[\/tab]<br \/>\n[tab title=\"Teknik detaylar\"]<\/p>\n<h2>\u2013 Synexis TP8 bel tipi verici <\/h2>\n<p>Mikrofonun hassasiyeti, 3 konumlu bir anahtar kullan\u0131larak yak\u0131n veya uzak mesafeli ileti\u015fim i\u00e7in ayarlanabilir. M\u00fczik veya ses kay\u0131tlar\u0131n\u0131 kaydetmek i\u00e7in aux-in ba\u011flant\u0131s\u0131na harici bir ses kayna\u011f\u0131 da ba\u011flanabilir. Kanal, pil durumu ve frekans OLED ekranda okunabilir. Verici iki adet NiMH \u015farj edilebilir pil veya standart 1,5 V AA pil ile \u00e7al\u0131\u015f\u0131r.<\/p>\n<ul>\n<li>18 Frekanslar<\/li>\n<li>Kanal, pil durumu ve frekans\u0131 g\u00f6stermek i\u00e7in OLED ekran<\/li>\n<li>Sessiz fonksiyonu Mikrofon (sessiz fonksiyonu)<\/li>\n<li>MP3 \u00e7alar gibi bir ses sinyali kayna\u011f\u0131 i\u00e7in Aux-in ba\u011flant\u0131s\u0131<\/li>\n<li>Mikrofon ba\u011flant\u0131s\u0131, ayarlanabilir hassasiyetli 4 pimli mini XLR<\/li>\n<li>\u0130ki adet AA NiMH \u015farj edilebilir pil veya 1,5 V AA pil ile \u00e7al\u0131\u015fma<\/li>\n<li>Otomatik kapanma fonksiyonlu ak\u0131ll\u0131 \u015farj teknolojisi<\/li>\n<li>Giysilere takmak i\u00e7in \u00e7\u0131kar\u0131labilir kemer klipsi<\/li>\n<li>Bir kordon ile boyuna tak\u0131labilir<\/li>\n<\/ul>\n<p>[\/tab]<br \/>\n[\/tabs]<\/p>\n<p>[spacer size=\"20\u2033]<\/p>\n<p>[tabs style=\"1\u2033]<br \/>\n[tab title=\"Makale\"]<\/p>\n<h2> \u015earj ve ta\u015f\u0131ma \u00e7antas\u0131 \u2013 Synexis C20<\/h2>\n<p>[column size=\"2-5\u2033 last=\"0\u2033]<\/p>\n<p><a href=\"https:\/\/konferenztechnik.de\/wp-content\/uploads\/2013\/09\/Ladekoffer_Beyerdynamic_Synexis_c20.jpg\"><img loading=\"lazy\" decoding=\"async\" width=\"600\" height=\"506\" src=\"https:\/\/konferenztechnik.de\/wp-content\/uploads\/2013\/09\/Ladekoffer_Beyerdynamic_Synexis_c20.jpg\" alt=\"\u015earj kutusu Beyerdynamic Synexis C20\" class=\"alignnone size-full wp-image-1893\" title=\"\" srcset=\"https:\/\/konferenztechnik.de\/wp-content\/uploads\/2013\/09\/Ladekoffer_Beyerdynamic_Synexis_c20.jpg 600w, https:\/\/konferenztechnik.de\/wp-content\/uploads\/2013\/09\/Ladekoffer_Beyerdynamic_Synexis_c20-300x253.jpg 300w\" sizes=\"(max-width: 600px) 100vw, 600px\" \/><\/a><\/p>\n<p>[\/column]<br \/>\n[column size=\"3-5\u2033 last=\"1\u2033]<\/p>\n<p>Synexis C8 \u015farj cihaz\u0131 sekiz adede kadar Synexis bel tipi vericiyi veya bel tipi al\u0131c\u0131y\u0131 ve bir el tipi vericiyi \u015farj etmek i\u00e7in kullan\u0131labilir.<\/p>\n<p>[\/column]<br \/>\n[\/tab]<br \/>\n[tab title=\"Teknik detaylar\"]<\/p>\n<p>Synexis C20 \u015farj cihaz\u0131 20 adede kadar bel tipi vericiyi veya bel tipi al\u0131c\u0131y\u0131 ve bir el tipi vericiyi \u015farj etmek i\u00e7in kullan\u0131labilir. \u015earj cihaz\u0131, ta\u015f\u0131ma i\u00e7in sapl\u0131 bir arabaya yerle\u015ftirilmi\u015ftir.<\/p>\n<p>K\u0131l\u0131f ayn\u0131 zamanda t\u00fcm Synexis sistemi i\u00e7in bir saklama yeri olarak da i\u015flev g\u00f6r\u00fcr. \u00c7antan\u0131n kapa\u011f\u0131nda kulakl\u0131klar\u0131n, mikrofonlar\u0131n veya di\u011fer aksesuarlar\u0131n saklanabilece\u011fi bir b\u00f6lme bulunmaktad\u0131r.<\/p>\n<ul>\n<li>\u015earj cihaz\u0131 ve ta\u015f\u0131ma \u00e7antas\u0131 bir arada<\/li>\n<li>Yuvarlanma fonksiyonu ve ta\u015f\u0131ma kolu<\/li>\n<li>Cep al\u0131c\u0131lar\u0131\/vericileri i\u00e7in yirmi \u015farj yuvas\u0131<\/li>\n<li>El tipi vericiler i\u00e7in bir \u015farj yuvas\u0131<\/li>\n<li>Aksesuar b\u00f6lmesi<\/li>\n<\/ul>\n<p>[\/tab]<br \/>\n[\/tabs]<\/p>\n<p>[spacer size=\"20\u2033]<\/p>\n<p>[tabs style=\"1\u2033]<br \/>\n[tab title=\"Makale\"]<\/p>\n<h2>\u015earj Cihaz\u0131 \u2013 Synexis C8<\/h2>\n<p>[column size=\"2-5\u2033 last=\"0\u2033]<\/p>\n<p><a href=\"https:\/\/konferenztechnik.de\/wp-content\/uploads\/2013\/09\/Ladegeraet_Beyerdynamic_Synexis_c8.jpg\"><img loading=\"lazy\" decoding=\"async\" width=\"600\" height=\"233\" src=\"https:\/\/konferenztechnik.de\/wp-content\/uploads\/2013\/09\/Ladegeraet_Beyerdynamic_Synexis_c8.jpg\" alt=\"\u015earj Cihaz\u0131 Beyerdynamic Synexis C8\" class=\"alignnone size-full wp-image-1891\" title=\"\" srcset=\"https:\/\/konferenztechnik.de\/wp-content\/uploads\/2013\/09\/Ladegeraet_Beyerdynamic_Synexis_c8.jpg 600w, https:\/\/konferenztechnik.de\/wp-content\/uploads\/2013\/09\/Ladegeraet_Beyerdynamic_Synexis_c8-300x117.jpg 300w\" sizes=\"(max-width: 600px) 100vw, 600px\" \/><\/a><\/p>\n<p>[\/column]<br \/>\n[column size=\"3-5\u2033 last=\"1\u2033]<\/p>\n<p>Synexis C8 \u015farj cihaz\u0131 sekiz adede kadar Synexis bel tipi vericiyi veya bel tipi al\u0131c\u0131y\u0131 ve bir el tipi vericiyi \u015farj etmek i\u00e7in kullan\u0131labilir.<\/p>\n<p>[\/column]<br \/>\n[\/tab]<br \/>\n[tab title=\"Teknik detaylar\"]<\/p>\n<h2>\u015earj Cihaz\u0131 \u2013 Synexis C8<\/h2>\n<ul>\n<li>Cep al\u0131c\u0131lar\u0131\/vericileri i\u00e7in sekiz \u015farj yuvas\u0131<\/li>\n<li>El tipi vericiler i\u00e7in bir \u015farj yuvas\u0131<\/li>\n<li>\u015eebeke ba\u011flant\u0131s\u0131, kademelendirilebilir<\/li>\n<li>\u00c7al\u0131\u015fma g\u00f6stergesi i\u00e7in LED<\/li>\n<li>Sa\u011flam metal g\u00f6vde, 19\", 3 U<\/li>\n<\/ul>\n<p>\u015earj cihaz\u0131n\u0131n 10 adet bel tipi al\u0131c\u0131\/verici i\u00e7in \u015farj yuvas\u0131 bulunan ve el tipi verici \u015farj yuvas\u0131 bulunmayan C10 versiyonu da mevcuttur.<\/p>\n<p>[\/tab]<br \/>\n[\/tabs]<\/p>\n<p>[spacer size=\"20\u2033]<\/p>\n<p>[tabs style=\"1\u2033]<br \/>\n[tab title=\"Makale\"]<\/p>\n<h2>Tek kulakl\u0131k \u2013 DT 1S<\/h2>\n<p>[column size=\"2-5\u2033 last=\"0\u2033]<\/p>\n<p><a href=\"https:\/\/konferenztechnik.de\/wp-content\/uploads\/2013\/09\/Einohrhoerer_Beyerdynamic_dt1s.jpg\"><img loading=\"lazy\" decoding=\"async\" width=\"298\" height=\"449\" src=\"https:\/\/konferenztechnik.de\/wp-content\/uploads\/2013\/09\/Einohrhoerer_Beyerdynamic_dt1s.jpg\" alt=\"Beyerdynamic DT1S tekli kulakl\u0131k\" class=\"alignnone size-full wp-image-1892\" title=\"\" srcset=\"https:\/\/konferenztechnik.de\/wp-content\/uploads\/2013\/09\/Einohrhoerer_Beyerdynamic_dt1s.jpg 298w, https:\/\/konferenztechnik.de\/wp-content\/uploads\/2013\/09\/Einohrhoerer_Beyerdynamic_dt1s-199x300.jpg 199w\" sizes=\"(max-width: 298px) 100vw, 298px\" \/><\/a><\/p>\n<p>[\/column]<br \/>\n[column size=\"3-5\u2033 last=\"1\u2033]<\/p>\n<p>Kulakl\u0131klar ki\u015fisel y\u00f6nlendirme sistemleri veya kal\u0131c\u0131 olarak kurulan konferans sistemleri i\u00e7in kullan\u0131labilir.<\/p>\n<p>[\/column]<br \/>\n[\/tab]<br \/>\n[tab title=\"Teknik detaylar\"]<\/p>\n<h2>Tek kulakl\u0131k \u2013 DT 1S<\/h2>\n<p>Tek kulakl\u0131 kulakl\u0131klar 0,8 veya 1,6 metre kablo uzunlu\u011fu ve mono jak ba\u011flant\u0131s\u0131 ile mevcuttur. Hafif tasar\u0131m\u0131 y\u00fcksek kullan\u0131m konforu sa\u011flar. Kulakl\u0131klar\u0131n temizlenmesi de kolayd\u0131r.<\/p>\n<ul>\n<li>Sa\u011flam yap\u0131<\/li>\n<li>Kolay temizlik<\/li>\n<\/ul>\n<p>[\/tab]<br \/>\n[\/tabs]<\/p>\n<p>[spacer size=\"20\u2033]<\/p>\n<p>[tabs style=\"1\u2033]<br \/>\n[tab title=\"Makale\"]<\/p>\n<h2>Boyun bantl\u0131 kulakl\u0131k \u2013 DT3<\/h2>\n<p>[column size=\"2-5\u2033 last=\"0\u2033]<\/p>\n<p><a href=\"https:\/\/konferenztechnik.de\/wp-content\/uploads\/2013\/09\/Nackenbuegelkopfhoerer_Beyerdynamic_DT3.jpg\"><img loading=\"lazy\" decoding=\"async\" width=\"332\" height=\"230\" src=\"https:\/\/konferenztechnik.de\/wp-content\/uploads\/2013\/09\/Nackenbuegelkopfhoerer_Beyerdynamic_DT3.jpg\" alt=\"Boyun bantl\u0131 kulakl\u0131k Beyerdynamic DT3\" class=\"alignnone size-full wp-image-1894\" title=\"\" srcset=\"https:\/\/konferenztechnik.de\/wp-content\/uploads\/2013\/09\/Nackenbuegelkopfhoerer_Beyerdynamic_DT3.jpg 332w, https:\/\/konferenztechnik.de\/wp-content\/uploads\/2013\/09\/Nackenbuegelkopfhoerer_Beyerdynamic_DT3-300x208.jpg 300w\" sizes=\"(max-width: 332px) 100vw, 332px\" \/><\/a><\/p>\n<p>[\/column]<br \/>\n[column size=\"3-5\u2033 last=\"1\u2033]<\/p>\n<p>Y\u00f6nlendirme sistemleri veya konferans ve terc\u00fcme sistemleri ile kullan\u0131m i\u00e7in stereo boyun band\u0131 kulakl\u0131klar.<\/p>\n<p>[\/column]<br \/>\n[\/tab]<br \/>\n[tab title=\"Teknik detaylar\"]<\/p>\n<h2>Boyun bantl\u0131 kulakl\u0131k \u2013 DT3<\/h2>\n<p>Boyun band\u0131 sayesinde \u00e7ok rahat tak\u0131l\u0131r. Kulakl\u0131klar sa\u011flamd\u0131r ve konferanstan sonra temizlenmesi kolayd\u0131r.<\/p>\n<ul>\n<li>Sa\u011flam yap\u0131<\/li>\n<li>Kolay temizlik<\/li>\n<li>Ergonomik \u015fekil<\/li>\n<\/ul>\n<p>[\/tab]<br \/>\n[\/tabs]<\/p>\n<p>[spacer size=\"20\u2033]<\/p>\n<p>[tabs style=\"1\u2033]<br \/>\n[tab title=\"Makale\"]<\/p>\n<h2>\u0130nd\u00fcksiyon d\u00f6ng\u00fcs\u00fc \u2013 Synexis IL100<\/h2>\n<p>[column size=\"2-5\u2033 last=\"0\u2033]<\/p>\n<p><a href=\"https:\/\/konferenztechnik.de\/wp-content\/uploads\/2013\/09\/Induktionsschleife_Beyerdynamic_Synexis_il80.jpg\"><img loading=\"lazy\" decoding=\"async\" width=\"207\" height=\"380\" src=\"https:\/\/konferenztechnik.de\/wp-content\/uploads\/2013\/09\/Induktionsschleife_Beyerdynamic_Synexis_il80.jpg\" alt=\"\u0130nd\u00fcksiyon d\u00f6ng\u00fcs\u00fc Beyerdynamic Synexis IL80\" class=\"alignnone size-full wp-image-1895\" title=\"\" srcset=\"https:\/\/konferenztechnik.de\/wp-content\/uploads\/2013\/09\/Induktionsschleife_Beyerdynamic_Synexis_il80.jpg 207w, https:\/\/konferenztechnik.de\/wp-content\/uploads\/2013\/09\/Induktionsschleife_Beyerdynamic_Synexis_il80-163x300.jpg 163w\" sizes=\"(max-width: 207px) 100vw, 207px\" \/><\/a><\/p>\n<p>[\/column]<br \/>\n[column size=\"3-5\u2033 last=\"1\u2033]<\/p>\n<p>\u0130nd\u00fcksiyon d\u00f6ng\u00fcs\u00fc Synexis cep al\u0131c\u0131s\u0131 ile kullan\u0131lmak \u00fczere tasarlanm\u0131\u015ft\u0131r. Kulakl\u0131k yerine al\u0131c\u0131ya ba\u011flanarak sinyalin do\u011frudan standart bir i\u015fitme cihaz\u0131na iletilmesini sa\u011flar ve b\u00f6ylece engelsiz ses iletimi sa\u011flar.<\/p>\n<p>[\/column]<br \/>\n[\/tab]<br \/>\n[\/tabs]<\/p>\n<p>[spacer size=\"20\u2033]<\/p>\n<p>[tabs style=\"1\u2033]<br \/>\n[tab title=\"Makale\"]<\/p>\n<h2> \u00dcretimi durdurulan TTS300 k\u0131lavuz sistemi hakk\u0131nda bilgiler<\/h2>\n<p>[column size=\"2-5\u2033 last=\"0\u2033]<\/p>\n<p><a href=\"https:\/\/konferenztechnik.de\/wp-content\/uploads\/2013\/09\/Funkempfaenger_FE316_ohne_KPF_gross.jpg\"><img loading=\"lazy\" decoding=\"async\" width=\"800\" height=\"404\" src=\"https:\/\/konferenztechnik.de\/wp-content\/uploads\/2013\/09\/Funkempfaenger_FE316_ohne_KPF_gross.jpg\" alt=\"Beyerdynamic FE316 kablosuz al\u0131c\u0131\" class=\"alignnone size-full wp-image-1896\" title=\"\" srcset=\"https:\/\/konferenztechnik.de\/wp-content\/uploads\/2013\/09\/Funkempfaenger_FE316_ohne_KPF_gross.jpg 800w, https:\/\/konferenztechnik.de\/wp-content\/uploads\/2013\/09\/Funkempfaenger_FE316_ohne_KPF_gross-300x152.jpg 300w, https:\/\/konferenztechnik.de\/wp-content\/uploads\/2013\/09\/Funkempfaenger_FE316_ohne_KPF_gross-768x388.jpg 768w\" sizes=\"(max-width: 800px) 100vw, 800px\" \/><\/a><\/p>\n<p>[\/column]<br \/>\n[column size=\"3-5\u2033 last=\"1\u2033]<\/p>\n<h2> \u00dcretimi durdurulan TTS300 k\u0131lavuz sistemi hakk\u0131nda bilgiler<\/h2>\n<p>Yukar\u0131da sunulan yeni Synexis sistemi, art\u0131k Beyerdynamic'ten temin edilemeyen kan\u0131tlanm\u0131\u015f Beyerdynamic TTS 300 y\u00f6nlendirme sisteminin yerini almaktad\u0131r. Ancak PCS, sistem i\u00e7in eksiksiz bir hizmet sunmaya devam etmektedir. Buna bak\u0131m ve onar\u0131m \u00e7al\u0131\u015fmalar\u0131 veya yedek par\u00e7a ve yedek cihaz sipari\u015fi (stoklar t\u00fckenene kadar) dahildir.<\/p>\n<p>[\/column]<br \/>\n[\/tab]<br \/>\n[tab title=\"Teknik detaylar\"]<\/p>\n<h2> \u00dcretimi durdurulan TTS300 k\u0131lavuz sistemi hakk\u0131nda bilgiler<\/h2>\n<p>TTS 300 sistemi a\u015fa\u011f\u0131daki bile\u015fenleri i\u00e7erir:<\/p>\n<ul>\n<li>Al\u0131c\u0131 FE316<\/li>\n<li>Verici mikrofon SEM316<\/li>\n<li>TS316 cep vericisi<\/li>\n<li>Sabit verici CT316<\/li>\n<li>\u015earj Cihaz\u0131 LG30<\/li>\n<\/ul>\n<p>Bak\u0131m ve onar\u0131m \u00e7al\u0131\u015fmalar\u0131 hakk\u0131ndaki sorular\u0131n\u0131z i\u00e7in veya bu TTS-300 sistemi i\u00e7in yedek par\u00e7a ve yedek cihaz (stoklar t\u00fckenene kadar) sipari\u015f etmek i\u00e7in l\u00fctfen servis departman\u0131m\u0131zla ileti\u015fime ge\u00e7in.<\/p>\n<p>[\/tab]<br \/>\n[\/tabs]<\/p>\n<p>[spacer size=\"20\u2033]<\/p>","protected":false},"excerpt":{"rendered":"<p>F\u00fchrungsanlagen und Tourguide Systeme der Firma Beyerdynamic In heutiger Zeit wird effektives Kommunizieren immer wichtiger. Eine zuverl\u00e4ssige Technik bildet dabei die Basis f\u00fcr alle Audioanwendungen in Politik, Industrie und \u00f6ffentlichen Einrichtungen. Mit dem drahtlosen Dolmetscher- und F\u00fchrungssystem Synexis von Beyerdynamic steht Ihnen selbst f\u00fcr h\u00f6chste Anspr\u00fcche eine vielseitig einsetzbare und kosteng\u00fcnstige L\u00f6sung zur Verf\u00fcgung. Bis [&hellip;]<\/p>","protected":false},"author":1,"featured_media":45482,"parent":3614,"menu_order":154,"comment_status":"closed","ping_status":"open","template":"page-right-sidebar.php","meta":{"_acf_changed":false,"footnotes":""},"class_list":["post-1862","page","type-page","status-publish","has-post-thumbnail","hentry"],"acf":[],"_links":{"self":[{"href":"https:\/\/konferenztechnik.de\/tr\/wp-json\/wp\/v2\/pages\/1862","targetHints":{"allow":["GET"]}}],"collection":[{"href":"https:\/\/konferenztechnik.de\/tr\/wp-json\/wp\/v2\/pages"}],"about":[{"href":"https:\/\/konferenztechnik.de\/tr\/wp-json\/wp\/v2\/types\/page"}],"author":[{"embeddable":true,"href":"https:\/\/konferenztechnik.de\/tr\/wp-json\/wp\/v2\/users\/1"}],"replies":[{"embeddable":true,"href":"https:\/\/konferenztechnik.de\/tr\/wp-json\/wp\/v2\/comments?post=1862"}],"version-history":[{"count":0,"href":"https:\/\/konferenztechnik.de\/tr\/wp-json\/wp\/v2\/pages\/1862\/revisions"}],"up":[{"embeddable":true,"href":"https:\/\/konferenztechnik.de\/tr\/wp-json\/wp\/v2\/pages\/3614"}],"wp:featuredmedia":[{"embeddable":true,"href":"https:\/\/konferenztechnik.de\/tr\/wp-json\/wp\/v2\/media\/45482"}],"wp:attachment":[{"href":"https:\/\/konferenztechnik.de\/tr\/wp-json\/wp\/v2\/media?parent=1862"}],"curies":[{"name":"wp","href":"https:\/\/api.w.org\/{rel}","templated":true}]}}