{"id":1899,"date":"2013-09-06T11:43:05","date_gmt":"2013-09-06T09:43:05","guid":{"rendered":"https:\/\/konferenztechnik.de\/?page_id=1899"},"modified":"2013-09-06T11:43:05","modified_gmt":"2013-09-06T09:43:05","slug":"sennheiser-yoenlendi%cc%87rme-si%cc%87stemleri%cc%87","status":"publish","type":"page","link":"https:\/\/konferenztechnik.de\/tr\/konferans-ve-av-medya-teknoloji%cc%87si%cc%87ni%cc%87n-dagitimi\/sennheiser-yoenlendi%cc%87rme-si%cc%87stemleri%cc%87\/","title":{"rendered":"Sennheiser y\u00f6nlendirme sistemleri"},"content":{"rendered":"<h1>Sennheiser'dan rehber sistemleri ve tur rehberi sistemleri<\/h1>\n<p>Sennheiser TourGuide sistemi, rehberlik edilecek grup belirli bir say\u0131y\u0131 a\u015ft\u0131\u011f\u0131nda ve \u00fcretim tesislerinde oldu\u011fu gibi ortam g\u00fcr\u00fclt\u00fcs\u00fc \u2013 o kadar y\u00fcksek oldu\u011funda, b\u00f6yle bir yard\u0131m olmadan ileti\u015fim kurmak art\u0131k m\u00fcmk\u00fcn olmad\u0131\u011f\u0131nda fabrika turlar\u0131 ve \u015fehir turlar\u0131 i\u00e7in ideal bir ara\u00e7t\u0131r.<\/p>\n<p>\u0130\u015fte bu TourGuide sisteminin \u00f6zellikleri ayr\u0131nt\u0131l\u0131 olarak:<\/p>\n<ul>\n<li>Lisanss\u0131z Avrupa frekans aral\u0131\u011f\u0131nda 6 kanal: 863-865 MHz<\/li>\n<li>Dijital radyo iletim teknolojisi<\/li>\n<li>\u00c7ok kolay kullan\u0131m ve \u00e7al\u0131\u015ft\u0131rma<\/li>\n<li>Sa\u011flam, kendini kan\u0131tlam\u0131\u015f el tipi verici muhafazas\u0131<\/li>\n<li>G\u00fcr\u00fclt\u00fcl\u00fc ortamlar i\u00e7in ideal<\/li>\n<li>G\u00f6stergeli arkadan ayd\u0131nlatmal\u0131 ekran<\/li>\n<li>Basit kanal ayar\u0131<\/li>\n<li>Ak\u00fc durumunun g\u00f6sterilmesi<\/li>\n<\/ul>\n<p>[spacer size=\"20\u2033]<br \/>\n[tabs style=\"1\u2033]<br \/>\n[tab title=\"Makale\"]<\/p>\n<h2>HDE 2020-D \u00e7enelik al\u0131c\u0131s\u0131<\/h2>\n<p>[column size=\"2-5\u2033 last=\"0\u2033]<\/p>\n<p><a href=\"https:\/\/konferenztechnik.de\/wp-content\/uploads\/2013\/09\/TourGuide_Empfaenger_HDE2020-D_gross.jpg\"><img fetchpriority=\"high\" decoding=\"async\" width=\"410\" height=\"497\" src=\"https:\/\/konferenztechnik.de\/wp-content\/uploads\/2013\/09\/TourGuide_Empfaenger_HDE2020-D_gross.jpg\" alt=\"Sennheiser TourGuide al\u0131c\u0131 HDE2020-D\" class=\"alignnone size-full wp-image-1905\" title=\"\" srcset=\"https:\/\/konferenztechnik.de\/wp-content\/uploads\/2013\/09\/TourGuide_Empfaenger_HDE2020-D_gross.jpg 410w, https:\/\/konferenztechnik.de\/wp-content\/uploads\/2013\/09\/TourGuide_Empfaenger_HDE2020-D_gross-247x300.jpg 247w\" sizes=\"(max-width: 410px) 100vw, 410px\" \/><\/a><\/p>\n<p>[\/column]<br \/>\n[column size=\"3-5\u2033 last=\"1\u2033]<br \/>\nHDE 2020-D, Sennheiser'\u0131n TourGuide System 2020-D modelinin rahat tak\u0131labilen bir kulakl\u0131\u011f\u0131d\u0131r. Rahats\u0131z edici kablolar olmadan \u2013 i\u00e7inde bir al\u0131c\u0131 ve kulakl\u0131kt\u0131r. Kulakl\u0131\u011f\u0131n \u015farj edilebilir pili, tipik fabrika turlar\u0131 ve \u015fehir turlar\u0131 i\u00e7in 8 saate kadar \u00e7al\u0131\u015fma sa\u011flar. Dahili LCD ekran ses seviyesi, al\u0131m kalitesi, pil durumu ve se\u00e7ilen al\u0131m kanal\u0131 hakk\u0131nda bilgi verir.<br \/>\n[\/column]<br \/>\n[\/tab]<br \/>\n[\/tabs]<\/p>\n<p>[spacer size=\"20\u2033]<br \/>\n[tabs style=\"1\u2033]<br \/>\n[tab title=\"Makale\"]<\/p>\n<h2>Cep al\u0131c\u0131s\u0131 EK 2020-D<\/h2>\n<p>[column size=\"2-5\u2033 last=\"0\u2033]<\/p>\n<p><a href=\"https:\/\/konferenztechnik.de\/wp-content\/uploads\/2013\/09\/sennheiser-tourguide-EK_2020-D_gross.jpg\"><img decoding=\"async\" width=\"275\" height=\"413\" src=\"https:\/\/konferenztechnik.de\/wp-content\/uploads\/2013\/09\/sennheiser-tourguide-EK_2020-D_gross.jpg\" alt=\"Sennheiser Tourguide EK2020-D\" class=\"alignnone size-full wp-image-1907\" title=\"\" srcset=\"https:\/\/konferenztechnik.de\/wp-content\/uploads\/2013\/09\/sennheiser-tourguide-EK_2020-D_gross.jpg 275w, https:\/\/konferenztechnik.de\/wp-content\/uploads\/2013\/09\/sennheiser-tourguide-EK_2020-D_gross-200x300.jpg 200w\" sizes=\"(max-width: 275px) 100vw, 275px\" \/><\/a><br \/>\n[\/column]<br \/>\n[column size=\"3-5\u2033 last=\"1\u2033]<br \/>\nEK 2020-D, bireysel kulakl\u0131klar veya ind\u00fcksiyon d\u00f6ng\u00fcs\u00fc ile \u00e7al\u0131\u015ft\u0131r\u0131labilen bir cep al\u0131c\u0131s\u0131d\u0131r. \u0130\u015fitme yard\u0131m\u0131, ki\u015fisel rehberlik veya konferanslarda kullan\u0131m i\u00e7in idealdir. Al\u0131c\u0131, T bobinli i\u015fitme cihazlar\u0131 ile birlikte kullan\u0131labilir.<br \/>\n[\/column]<br \/>\n[\/tab]<br \/>\n[tab title=\"Teknik detaylar\"]<\/p>\n<h2>Cep al\u0131c\u0131s\u0131 EK 2020-D<\/h2>\n<p>EK 2020-D'nin \u00e7ekim mesafesi d\u0131\u015f mekanlarda yakla\u015f\u0131k 50 metre, i\u00e7 mekanlarda ise yakla\u015f\u0131k 100 metredir. Ses seviyesi, al\u0131m kalitesi, pil durumu ve al\u0131m kanal\u0131 bir LCD ekrandan okunabilir. Ayr\u0131ca HDE 2020-D \u00e7enelik al\u0131c\u0131lar\u0131 ile kar\u0131\u015f\u0131k olarak sorunsuz bir \u015fekilde kullan\u0131labilir.<\/p>\n<ul>\n<li>\u00dccretsiz kulakl\u0131k se\u00e7imi veya ind\u00fcksiyon d\u00f6ng\u00fcs\u00fc kullan\u0131m\u0131<\/li>\n<li>16 saat pil \u00f6mr\u00fc<\/li>\n<li>Dijital HF sinyal iletimi<\/li>\n<li>Arkadan ayd\u0131nlatmal\u0131 LCD ekran<\/li>\n<li>HDE 2020-D \u00e7enelik al\u0131c\u0131s\u0131 ile kar\u0131\u015f\u0131k \u00e7al\u0131\u015fma m\u00fcmk\u00fcnd\u00fcr<\/li>\n<\/ul>\n<p>[\/tab]<br \/>\n[\/tabs]<br \/>\n[spacer size=\"20\u2033]<br \/>\n[tabs style=\"1\u2033]<br \/>\n[tab title=\"Makale\"]<\/p>\n<h2>SKM 2020-D el tipi verici<\/h2>\n<p>[column size=\"2-5\u2033 last=\"0\u2033]<\/p>\n<p><a href=\"https:\/\/konferenztechnik.de\/wp-content\/uploads\/2013\/09\/TourGuide_Handsender_SKM2020-D_gross.jpg\"><img decoding=\"async\" width=\"527\" height=\"198\" src=\"https:\/\/konferenztechnik.de\/wp-content\/uploads\/2013\/09\/TourGuide_Handsender_SKM2020-D_gross.jpg\" alt=\"TourGuide el vericisi SKM2020-D\" class=\"alignnone size-full wp-image-1909\" title=\"\" srcset=\"https:\/\/konferenztechnik.de\/wp-content\/uploads\/2013\/09\/TourGuide_Handsender_SKM2020-D_gross.jpg 527w, https:\/\/konferenztechnik.de\/wp-content\/uploads\/2013\/09\/TourGuide_Handsender_SKM2020-D_gross-300x113.jpg 300w\" sizes=\"(max-width: 527px) 100vw, 527px\" \/><\/a><br \/>\n[\/column]<br \/>\n[column size=\"3-5\u2033 last=\"1\u2033]<\/p>\n<p>TourGuide sistemi i\u00e7in SKM 2020-D el tipi verici, d\u0131\u015f mekanlarda 100 metreye kadar ve i\u00e7 mekanlarda yakla\u015f\u0131k 50 metre menzil sunar.<\/p>\n<p>Vericinin kullan\u0131m\u0131 kolay ve rahatt\u0131r. Arkadan ayd\u0131nlatmal\u0131 ekran iletim kanal\u0131n\u0131 ve pil durumunu g\u00f6sterir. \u015earj edilebilir pil, 8 saate kadar s\u00fcren turlara olanak tan\u0131r. Her turun sonunda, EZL 2020-20L \u015farj kutusunda h\u0131zl\u0131 bir \u015fekilde \u015farj edilebilir. <\/p>\n<p>[\/column]<br \/>\n[\/tab]<br \/>\n[\/tabs]<br \/>\n[spacer size=\"20\u2033]<br \/>\n[tabs style=\"1\u2033]<br \/>\n[tab title=\"Makale\"]<\/p>\n<h2>SK 2020-D cep vericisi<\/h2>\n<p>[column size=\"2-5\u2033 last=\"0\u2033]<\/p>\n<p><a href=\"https:\/\/konferenztechnik.de\/wp-content\/uploads\/2013\/09\/TourGuide_Taschensender_SK2020-D_gross.jpg\"><img loading=\"lazy\" decoding=\"async\" width=\"280\" height=\"420\" src=\"https:\/\/konferenztechnik.de\/wp-content\/uploads\/2013\/09\/TourGuide_Taschensender_SK2020-D_gross.jpg\" alt=\"Sennheiser TourGuide SK2020-D bel tipi verici\" class=\"alignnone size-full wp-image-1911\" title=\"\" srcset=\"https:\/\/konferenztechnik.de\/wp-content\/uploads\/2013\/09\/TourGuide_Taschensender_SK2020-D_gross.jpg 280w, https:\/\/konferenztechnik.de\/wp-content\/uploads\/2013\/09\/TourGuide_Taschensender_SK2020-D_gross-200x300.jpg 200w\" sizes=\"(max-width: 280px) 100vw, 280px\" \/><\/a><br \/>\n[\/column]<br \/>\n[column size=\"3-5\u2033 last=\"1\u2033]<\/p>\n<p>TourGuide SK 2020-D bel tipi verici, kulakl\u0131kl\u0131 mikrofon veya klipsli mikrofon ile birlikte tur s\u0131ras\u0131nda size maksimum hareket \u00f6zg\u00fcrl\u00fc\u011f\u00fc sa\u011flar. Bo\u015f zamanlar\u0131n\u0131zda bir nesneyi a\u00e7\u0131klayabilir veya bir nesneyi iki elinizle g\u00f6sterebilirsiniz.<\/p>\n<p>Konu\u015fmaya devam ederken veya mikrofonun sesini kapat\u0131rken harici ses kaynaklar\u0131n\u0131 kaydetmek i\u00e7in vericinin hat giri\u015fini de kullanabilirsiniz. Vericinin kullan\u0131m\u0131 olduk\u00e7a sezgiseldir ve arkadan ayd\u0131nlatmal\u0131 ekran kanal ayar\u0131, pil durumu ve mikrofon giri\u015fi ve hat giri\u015fi i\u00e7in ses seviyesi hakk\u0131nda sizi bilgilendirir. Metal g\u00f6vdesi ile verici ayn\u0131 zamanda \u00e7ok sa\u011flamd\u0131r.<\/p>\n<p>[\/column]<br \/>\n[\/tab]<br \/>\n[\/tabs]<br \/>\n[spacer size=\"20\u2033]<\/p>\n<p>[tabs style=\"1\u2033]<br \/>\n[tab title=\"Makale\"]<\/p>\n<h2> HS 2 kulakl\u0131k mikrofonu<\/h2>\n<p>[column size=\"2-5\u2033 last=\"0\u2033]<\/p>\n<p><a href=\"https:\/\/konferenztechnik.de\/wp-content\/uploads\/2013\/09\/Kopfbuegelmikrofon_HS2_gross.jpg\"><img loading=\"lazy\" decoding=\"async\" width=\"544\" height=\"413\" src=\"https:\/\/konferenztechnik.de\/wp-content\/uploads\/2013\/09\/Kopfbuegelmikrofon_HS2_gross.jpg\" alt=\"Sennheiser kulakl\u0131k mikrofonu HS2\" class=\"alignnone size-full wp-image-1913\" title=\"\" srcset=\"https:\/\/konferenztechnik.de\/wp-content\/uploads\/2013\/09\/Kopfbuegelmikrofon_HS2_gross.jpg 544w, https:\/\/konferenztechnik.de\/wp-content\/uploads\/2013\/09\/Kopfbuegelmikrofon_HS2_gross-300x228.jpg 300w\" sizes=\"(max-width: 544px) 100vw, 544px\" \/><\/a><br \/>\n[\/column]<br \/>\n[column size=\"3-5\u2033 last=\"1\u2033]<\/p>\n<p>HS 2, \u00e7elik \u015farj kablosu ve \u00f6zel fi\u015fi olan bir kulakl\u0131kl\u0131 mikrofondur. \u00c7ok y\u00f6nl\u00fc kondansat\u00f6rl\u00fc mikrofon, ses kalitesi ve sa\u011flaml\u0131k a\u00e7\u0131s\u0131ndan en y\u00fcksek talepleri kar\u015f\u0131lar. \u0130letim teknolojisinin t\u00fcm alanlar\u0131nda vokal ve konu\u015fma iletimi i\u00e7in uygundur ve yukar\u0131da bahsedilen SK 2020-D bel tipi vericinin ideal bir tamamlay\u0131c\u0131s\u0131d\u0131r.<\/p>\n<p>[\/column]<br \/>\n[\/tab]<br \/>\n[\/tabs]<br \/>\n[spacer size=\"20\u2033]<br \/>\n[tabs style=\"1\u2033]<br \/>\n[tab title=\"Makale\"]<\/p>\n<h2>Ta\u015f\u0131ma ve \u015farj \u00e7antas\u0131 EZL 2020-D<\/h2>\n<p>[column size=\"2-5\u2033 last=\"0\u2033]<\/p>\n<p><a href=\"https:\/\/konferenztechnik.de\/wp-content\/uploads\/2013\/09\/TourGuide_Ladekoffer_EZL2020-20L_gross.jpg\"><img loading=\"lazy\" decoding=\"async\" width=\"410\" height=\"454\" src=\"https:\/\/konferenztechnik.de\/wp-content\/uploads\/2013\/09\/TourGuide_Ladekoffer_EZL2020-20L_gross.jpg\" alt=\"Sennheiser TourGuide \u015farj kutusu_EZL2020-20L\" class=\"alignnone size-full wp-image-1915\" title=\"\" srcset=\"https:\/\/konferenztechnik.de\/wp-content\/uploads\/2013\/09\/TourGuide_Ladekoffer_EZL2020-20L_gross.jpg 410w, https:\/\/konferenztechnik.de\/wp-content\/uploads\/2013\/09\/TourGuide_Ladekoffer_EZL2020-20L_gross-271x300.jpg 271w\" sizes=\"(max-width: 410px) 100vw, 410px\" \/><\/a><br \/>\n[\/column]<br \/>\n[column size=\"3-5\u2033 last=\"1\u2033]<\/p>\n<p>Pratik EZL 2020-20L \u015farj \u00e7antas\u0131 hem t\u00fcm ekipman i\u00e7in bir saklama yeri hem de ahize ve verici i\u00e7in bir \u015farj istasyonu olarak hizmet vermektedir. \u00c7enelikli ahizeler i\u00e7in 20 \u015farj yuvas\u0131 ve verici ve pili i\u00e7in iki \u015farj yuvas\u0131 vard\u0131r. Ye\u015fil \"Kopyala\" d\u00fc\u011fmesi \u00e7ok fazla i\u015f tasarrufu sa\u011flar: sadece bir al\u0131c\u0131y\u0131 istenen al\u0131m kanal\u0131na ayarlay\u0131n, d\u00fc\u011fmeye bas\u0131n ve kullan\u0131lan t\u00fcm al\u0131c\u0131lar otomatik olarak ayn\u0131 frekansa ve orta ses seviyesine ayarlan\u0131r. <\/p>\n<p>[\/column]<br \/>\n[\/tab]<br \/>\n[\/tabs]<br \/>\n[spacer size=\"20\u2033]<\/p>","protected":false},"excerpt":{"rendered":"<p>F\u00fchrungsanlagen und Tourguide Systeme der Firma Sennheiser Eine Sennheiser-TourGuide-Anlage ist das ideale Medium f\u00fcr Werksf\u00fchrungen und Stadtbesichtigungen, sobald die zu f\u00fchrende Gruppe eine bestimmte Personenzahl \u00fcberschritten hat und sobald die Umgebungsger\u00e4usche &#8211; wie in Produktionsst\u00e4tten &#8211; so hoch sind, dass man sich ohne ein solches Hilfmittel nicht mehr verst\u00e4ndigen kann. Hier die Merkmale dieser TourGuide-Anlage [&hellip;]<\/p>","protected":false},"author":1,"featured_media":45482,"parent":3614,"menu_order":153,"comment_status":"closed","ping_status":"open","template":"page-right-sidebar.php","meta":{"_acf_changed":false,"footnotes":""},"class_list":["post-1899","page","type-page","status-publish","has-post-thumbnail","hentry"],"acf":[],"_links":{"self":[{"href":"https:\/\/konferenztechnik.de\/tr\/wp-json\/wp\/v2\/pages\/1899","targetHints":{"allow":["GET"]}}],"collection":[{"href":"https:\/\/konferenztechnik.de\/tr\/wp-json\/wp\/v2\/pages"}],"about":[{"href":"https:\/\/konferenztechnik.de\/tr\/wp-json\/wp\/v2\/types\/page"}],"author":[{"embeddable":true,"href":"https:\/\/konferenztechnik.de\/tr\/wp-json\/wp\/v2\/users\/1"}],"replies":[{"embeddable":true,"href":"https:\/\/konferenztechnik.de\/tr\/wp-json\/wp\/v2\/comments?post=1899"}],"version-history":[{"count":0,"href":"https:\/\/konferenztechnik.de\/tr\/wp-json\/wp\/v2\/pages\/1899\/revisions"}],"up":[{"embeddable":true,"href":"https:\/\/konferenztechnik.de\/tr\/wp-json\/wp\/v2\/pages\/3614"}],"wp:featuredmedia":[{"embeddable":true,"href":"https:\/\/konferenztechnik.de\/tr\/wp-json\/wp\/v2\/media\/45482"}],"wp:attachment":[{"href":"https:\/\/konferenztechnik.de\/tr\/wp-json\/wp\/v2\/media?parent=1899"}],"curies":[{"name":"wp","href":"https:\/\/api.w.org\/{rel}","templated":true}]}}