{"id":19439,"date":"2022-06-09T09:54:33","date_gmt":"2022-06-09T08:54:33","guid":{"rendered":"https:\/\/www.konferenztechnik.de\/?page_id=19439"},"modified":"2023-12-05T15:51:28","modified_gmt":"2023-12-05T14:51:28","slug":"suerdueruelebi%cc%87li%cc%87rli%cc%87k","status":"publish","type":"page","link":"https:\/\/konferenztechnik.de\/tr\/suerdueruelebi%cc%87li%cc%87rli%cc%87k\/","title":{"rendered":"S\u00fcrd\u00fcr\u00fclebilirlik"},"content":{"rendered":"<div data-elementor-type=\"wp-page\" data-elementor-id=\"19439\" class=\"elementor elementor-19439\" data-elementor-post-type=\"page\">\n\t\t\t\t<div data-particle_enable=\"false\" data-particle-mobile-disabled=\"false\" class=\"elementor-element elementor-element-eeb9d57 e-flex e-con-boxed e-con e-parent\" data-id=\"eeb9d57\" data-element_type=\"container\">\n\t\t\t\t\t<div class=\"e-con-inner\">\n\t\t<div data-particle_enable=\"false\" data-particle-mobile-disabled=\"false\" class=\"elementor-element elementor-element-3b6def5 e-flex e-con-boxed e-con e-child\" data-id=\"3b6def5\" data-element_type=\"container\">\n\t\t\t\t\t<div class=\"e-con-inner\">\n\t\t\t\t<div class=\"elementor-element elementor-element-4ec1e57 elementor-widget elementor-widget-heading\" data-id=\"4ec1e57\" data-element_type=\"widget\" data-widget_type=\"heading.default\">\n\t\t\t\t<div class=\"elementor-widget-container\">\n\t\t\t\t\t<h1 class=\"elementor-heading-title elementor-size-default\">S\u00fcrd\u00fcr\u00fclebilirlik ve sorumluluk<\/h1>\t\t\t\t<\/div>\n\t\t\t\t<\/div>\n\t\t<div data-particle_enable=\"false\" data-particle-mobile-disabled=\"false\" class=\"elementor-element elementor-element-d1db775 e-flex e-con-boxed e-con e-child\" data-id=\"d1db775\" data-element_type=\"container\">\n\t\t\t\t\t<div class=\"e-con-inner\">\n\t\t<div data-particle_enable=\"false\" data-particle-mobile-disabled=\"false\" class=\"elementor-element elementor-element-1594635 e-con-full e-flex e-con e-child\" data-id=\"1594635\" data-element_type=\"container\">\n\t\t\t\t<div class=\"elementor-element elementor-element-e4e001b elementor-widget__width-auto elementor-widget elementor-widget-image\" data-id=\"e4e001b\" data-element_type=\"widget\" data-widget_type=\"image.default\">\n\t\t\t\t<div class=\"elementor-widget-container\">\n\t\t\t\t\t\t\t\t\t\t\t\t\t\t\t<img decoding=\"async\" width=\"300\" height=\"108\" src=\"https:\/\/konferenztechnik.de\/wp-content\/uploads\/2023\/02\/SUSTAINABLE_MEETINGS_BERLIN_Logo_RGB_High_Performer-scaled-1-300x108.jpg\" class=\"attachment-medium size-medium wp-image-20390\" alt=\"PCS S\u00dcRD\u00dcR\u00dcLEB\u0130L\u0130R TOPLANTILAR_BERL\u0130N Y\u00fcksek Performans G\u00f6stericisidir\" srcset=\"https:\/\/konferenztechnik.de\/wp-content\/uploads\/2023\/02\/SUSTAINABLE_MEETINGS_BERLIN_Logo_RGB_High_Performer-scaled-1-300x108.jpg 300w, https:\/\/konferenztechnik.de\/wp-content\/uploads\/2023\/02\/SUSTAINABLE_MEETINGS_BERLIN_Logo_RGB_High_Performer-scaled-1-1024x368.jpg 1024w, https:\/\/konferenztechnik.de\/wp-content\/uploads\/2023\/02\/SUSTAINABLE_MEETINGS_BERLIN_Logo_RGB_High_Performer-scaled-1-768x276.jpg 768w, https:\/\/konferenztechnik.de\/wp-content\/uploads\/2023\/02\/SUSTAINABLE_MEETINGS_BERLIN_Logo_RGB_High_Performer-scaled-1-1536x553.jpg 1536w, https:\/\/konferenztechnik.de\/wp-content\/uploads\/2023\/02\/SUSTAINABLE_MEETINGS_BERLIN_Logo_RGB_High_Performer-scaled-1-2048x737.jpg 2048w\" sizes=\"(max-width: 300px) 100vw, 300px\" title=\"\">\t\t\t\t\t\t\t\t\t\t\t\t\t\t\t<\/div>\n\t\t\t\t<\/div>\n\t\t\t\t<\/div>\n\t\t<div data-particle_enable=\"false\" data-particle-mobile-disabled=\"false\" class=\"elementor-element elementor-element-4bf82f3 e-con-full e-flex e-con e-child\" data-id=\"4bf82f3\" data-element_type=\"container\">\n\t\t\t\t<div class=\"elementor-element elementor-element-a99328f elementor-widget__width-auto elementor-widget elementor-widget-image\" data-id=\"a99328f\" data-element_type=\"widget\" data-widget_type=\"image.default\">\n\t\t\t\t<div class=\"elementor-widget-container\">\n\t\t\t\t\t\t\t\t\t\t\t\t\t\t\t<img decoding=\"async\" width=\"300\" height=\"139\" src=\"https:\/\/konferenztechnik.de\/wp-content\/uploads\/2023\/03\/stiftung-allianz-entwicklung-klima-300x139.png\" class=\"attachment-medium size-medium wp-image-21095\" alt=\"\u0130klim Kalk\u0131nma \u0130ttifak\u0131 Vakf\u0131\" srcset=\"https:\/\/konferenztechnik.de\/wp-content\/uploads\/2023\/03\/stiftung-allianz-entwicklung-klima-300x139.png 300w, https:\/\/konferenztechnik.de\/wp-content\/uploads\/2023\/03\/stiftung-allianz-entwicklung-klima-18x8.png 18w, https:\/\/konferenztechnik.de\/wp-content\/uploads\/2023\/03\/stiftung-allianz-entwicklung-klima.png 768w\" sizes=\"(max-width: 300px) 100vw, 300px\" title=\"\">\t\t\t\t\t\t\t\t\t\t\t\t\t\t\t<\/div>\n\t\t\t\t<\/div>\n\t\t\t\t<\/div>\n\t\t\t\t\t<\/div>\n\t\t\t\t<\/div>\n\t\t\t\t<div class=\"elementor-element elementor-element-04e60ed elementor-widget elementor-widget-heading\" data-id=\"04e60ed\" data-element_type=\"widget\" data-widget_type=\"heading.default\">\n\t\t\t\t<div class=\"elementor-widget-container\">\n\t\t\t\t\t<h2 class=\"elementor-heading-title elementor-size-default\">S\u00fcrd\u00fcr\u00fclebilir bir \u015firket ve S\u00fcrd\u00fcr\u00fclebilir Toplant\u0131 Orta\u011f\u0131 olarak sertifikaland\u0131r\u0131ld\u0131k.<\/h2>\t\t\t\t<\/div>\n\t\t\t\t<\/div>\n\t\t\t\t<div class=\"elementor-element elementor-element-7b85612 elementor-widget elementor-widget-text-editor\" data-id=\"7b85612\" data-element_type=\"widget\" data-widget_type=\"text-editor.default\">\n\t\t\t\t<div class=\"elementor-widget-container\">\n\t\t\t\t\t\t\t\t\t<p>S\u00fcrd\u00fcr\u00fclebilir davran\u0131\u015f ve y\u00f6netim sadece \u00e7evreyi de\u011fil, farkl\u0131 alanlardaki konular\u0131 da ilgilendirmektedir.<\/p><p>\u00a0<\/p><p>PCS'de s\u00fcrd\u00fcr\u00fclebilir kalk\u0131nman\u0131n d\u00f6rt ayakl\u0131 modeline g\u00fcveniyoruz. S\u00fcrd\u00fcr\u00fclebilir kalk\u0131nman\u0131n d\u00f6rt ayakl\u0131 modeli, bu kalk\u0131nman\u0131n ancak \u00e7evresel, ekonomik, kurumsal-politik ve sosyal hedeflerin e\u015fzamanl\u0131 ve e\u015fit bir \u015fekilde ger\u00e7ekle\u015ftirilmesiyle sa\u011flanabilece\u011fi fikrine dayanmaktad\u0131r.<\/p>\t\t\t\t\t\t\t\t<\/div>\n\t\t\t\t<\/div>\n\t\t\t\t<div class=\"elementor-element elementor-element-341c18f elementor-widget elementor-widget-heading\" data-id=\"341c18f\" data-element_type=\"widget\" data-widget_type=\"heading.default\">\n\t\t\t\t<div class=\"elementor-widget-container\">\n\t\t\t\t\t<h2 class=\"elementor-heading-title elementor-size-default\">S\u00fcrd\u00fcr\u00fclebilirlik stratejimiz ve vizyonumuz\n<\/h2>\t\t\t\t<\/div>\n\t\t\t\t<\/div>\n\t\t\t\t<div class=\"elementor-element elementor-element-1e4119d elementor-widget elementor-widget-text-editor\" data-id=\"1e4119d\" data-element_type=\"widget\" data-widget_type=\"text-editor.default\">\n\t\t\t\t<div class=\"elementor-widget-container\">\n\t\t\t\t\t\t\t\t\t<p>Amac\u0131m\u0131z, etkinlik ve konferanslarda engelsiz, \u00e7ok dilli ve s\u00fcrd\u00fcr\u00fclebilir ileti\u015fim ve a\u011f olu\u015fturmay\u0131 sa\u011flamakt\u0131r.<\/p><p>\u00a0<\/p><p>S\u00fcrekli geli\u015fen bir pazarda PCS GmbH, konferans ve etkinliklerin yenilik\u00e7i, s\u00fcrd\u00fcr\u00fclebilir, ekolojik ve kaynak tasarrufu sa\u011flayan bir \u015fekilde ger\u00e7ekle\u015ftirilmesi i\u00e7in g\u00fcvenilir bir ortakt\u0131r.<\/p><p>\u00a0<\/p><p>En \u00f6nemli \u00f6nceli\u011fimiz her zaman m\u00fc\u015fterilerimizin ve payda\u015flar\u0131m\u0131z\u0131n ihtiya\u00e7lar\u0131 ve birbirimizle sorumlu, ortakl\u0131\u011fa dayal\u0131 etkile\u015fimdir.<\/p><p>\u00a0<\/p><p>PCS GmbH, Birle\u015fmi\u015f Milletler'in 2030 G\u00fcndemi'nin S\u00fcrd\u00fcr\u00fclebilir Kalk\u0131nma Hedefleri taraf\u0131ndan y\u00f6nlendirilmekte ve bunlara dayal\u0131 olarak kendi s\u00fcrd\u00fcr\u00fclebilirlik hedeflerini ve stratejilerini geli\u015ftirmektedir.<\/p>\t\t\t\t\t\t\t\t<\/div>\n\t\t\t\t<\/div>\n\t\t\t\t<div class=\"elementor-element elementor-element-9ef848f elementor-widget elementor-widget-image\" data-id=\"9ef848f\" data-element_type=\"widget\" data-widget_type=\"image.default\">\n\t\t\t\t<div class=\"elementor-widget-container\">\n\t\t\t\t\t\t\t\t\t\t\t\t\t\t\t<img fetchpriority=\"high\" decoding=\"async\" width=\"1023\" height=\"575\" src=\"https:\/\/konferenztechnik.de\/wp-content\/uploads\/2022\/06\/Goals-2030.jpg\" class=\"attachment-full size-full wp-image-19441\" alt=\"Birle\u015fmi\u015f Milletler G\u00fcndemi 2030&#039;un 17 S\u00fcrd\u00fcr\u00fclebilir Kalk\u0131nma Hedefi (SKH) ile birlikte logosu\" srcset=\"https:\/\/konferenztechnik.de\/wp-content\/uploads\/2022\/06\/Goals-2030.jpg 1023w, https:\/\/konferenztechnik.de\/wp-content\/uploads\/2022\/06\/Goals-2030-300x169.jpg 300w, https:\/\/konferenztechnik.de\/wp-content\/uploads\/2022\/06\/Goals-2030-768x432.jpg 768w\" sizes=\"(max-width: 1023px) 100vw, 1023px\" title=\"\">\t\t\t\t\t\t\t\t\t\t\t\t\t\t\t<\/div>\n\t\t\t\t<\/div>\n\t\t\t\t<div class=\"elementor-element elementor-element-f7087e8 elementor-widget elementor-widget-heading\" data-id=\"f7087e8\" data-element_type=\"widget\" data-widget_type=\"heading.default\">\n\t\t\t\t<div class=\"elementor-widget-container\">\n\t\t\t\t\t<h2 class=\"elementor-heading-title elementor-size-default\">D\u00f6rt temel hedefimiz<\/h2>\t\t\t\t<\/div>\n\t\t\t\t<\/div>\n\t\t\t\t<div class=\"elementor-element elementor-element-74d1ddb elementor-widget elementor-widget-heading\" data-id=\"74d1ddb\" data-element_type=\"widget\" data-widget_type=\"heading.default\">\n\t\t\t\t<div class=\"elementor-widget-container\">\n\t\t\t\t\t<h3 class=\"elementor-heading-title elementor-size-default\">Hareketlilik ve ula\u015f\u0131m\n<\/h3>\t\t\t\t<\/div>\n\t\t\t\t<\/div>\n\t\t\t\t<div class=\"elementor-element elementor-element-42c54a9 elementor-widget elementor-widget-text-editor\" data-id=\"42c54a9\" data-element_type=\"widget\" data-widget_type=\"text-editor.default\">\n\t\t\t\t<div class=\"elementor-widget-container\">\n\t\t\t\t\t\t\t\t\tUzun vadede, CO<sub>2<\/sub>-\u00dcr\u00fcnlerimizin ta\u015f\u0131nmas\u0131nda ve \u00e7al\u0131\u015fanlar\u0131m\u0131z\u0131n hareketlili\u011finde tarafs\u0131zl\u0131k.\nPCS GmbH'de yeni sat\u0131n al\u0131nan otomobiller yaln\u0131zca hibrit veya elektrikli tahrik sistemleriyle donat\u0131labilir. T\u00fcketimi azaltmak ve sorumlu, kaynaklar\u0131 koruyan s\u00fcr\u00fc\u015f\u00fc te\u015fvik etmek amac\u0131yla t\u00fcm kamyonlar\u0131n maksimum h\u0131z\u0131 130 km\/saate d\u00fc\u015f\u00fcr\u00fclm\u00fc\u015ft\u00fcr.\n\nYolculuk s\u00fcrelerini ve mesafeleri azaltmak i\u00e7in t\u00fcm nakliye, teslimat ve tahsilat rotalar\u0131n\u0131 aktif olarak planl\u0131yoruz. Ayr\u0131ca kendi ara\u00e7 filomuzu k\u00fc\u00e7\u00fck tutmak ve mevcut kaynaklar\u0131 kullanmak i\u00e7in kurye hizmetlerine giderek daha fazla g\u00fcveniyoruz. \u015eehir i\u00e7inde, ta\u015f\u0131malar i\u00e7in bisikletli kuryeler (bisikletler ve kargo bisikletleri) i\u00e7in rezervasyon yapmaya \u00f6ncelik veriyoruz.\n\nY\u00fcz y\u00fcze g\u00f6r\u00fc\u015fmeleri azaltmak amac\u0131yla toplant\u0131lar i\u00e7in standart video konferans sistemlerine \u00f6ncelik veriyoruz. Ka\u00e7\u0131n\u0131lmaz yolculuklar m\u00fcmk\u00fcn oldu\u011funca trenle yap\u0131lmaktad\u0131r. T\u00fcm \u00e7al\u0131\u015fanlar i\u00e7in tren kartlar\u0131n\u0131 te\u015fvik ediyoruz.\n\n\u015eirket lokasyonlar\u0131m\u0131z bilin\u00e7li olarak merkezi konumdad\u0131r ve toplu ta\u015f\u0131ma a\u011f\u0131na \u00e7ok iyi ba\u011flanm\u0131\u015ft\u0131r. \u00c7al\u0131\u015fanlar\u0131m\u0131z i\u00e7in y\u0131ll\u0131k toplu ta\u015f\u0131ma kartlar\u0131n\u0131\/Almanya biletlerini s\u00fcbvanse ediyoruz.\n\n\u015eubelerimizde bisiklet park yerleri mevcuttur. Bir\u00e7ok \u00e7al\u0131\u015fan\u0131m\u0131z i\u015fe bisikletle gitmektedir. Ayr\u0131ca i\u015f bisikleti s\u00fcbvansiyonu yard\u0131m\u0131yla bisiklet al\u0131m\u0131n\u0131 da destekliyoruz. \u0130\u015fe elektrikli ara\u00e7la gelenler i\u00e7in her \u00fc\u00e7 \u015fubemizde de \u015farj noktalar\u0131 mevcuttur.\n\nKa\u00e7\u0131n\u0131lmaz hava seyahatleri i\u00e7in, \u00e7al\u0131\u015fanlar\u0131n ek CO<sub>2<\/sub>-Tazminat da rezerve edilmelidir.\t\t\t\t\t\t\t\t<\/div>\n\t\t\t\t<\/div>\n\t\t\t\t<div class=\"elementor-element elementor-element-fbe4e68 elementor-widget elementor-widget-heading\" data-id=\"fbe4e68\" data-element_type=\"widget\" data-widget_type=\"heading.default\">\n\t\t\t\t<div class=\"elementor-widget-container\">\n\t\t\t\t\t<h3 class=\"elementor-heading-title elementor-size-default\">Hammaddeler ve \u00fcr\u00fcnler<\/h3>\t\t\t\t<\/div>\n\t\t\t\t<\/div>\n\t\t\t\t<div class=\"elementor-element elementor-element-11788f4 elementor-widget elementor-widget-text-editor\" data-id=\"11788f4\" data-element_type=\"widget\" data-widget_type=\"text-editor.default\">\n\t\t\t\t<div class=\"elementor-widget-container\">\n\t\t\t\t\t\t\t\t\t<p>Bir\u00e7ok hizmetimiz i\u00e7in dijital ve uzaktan alternatifler sunuyoruz. Bu, etkinlik planlama a\u015famas\u0131nda hangi etkinlik bi\u00e7iminin daha s\u00fcrd\u00fcr\u00fclebilir ve kaynak verimli oldu\u011funa karar vermenize olanak tan\u0131r: yerinde bir etkinlik (geleneksel yerinde etkinlik), hibrit bir etkinlik veya tamamen \u00e7evrimi\u00e7i bir format.<br \/>Teknoloji kiralama ve leasing hizmeti sunuyoruz. \u00c7o\u011fu durumda, kiralama kaynak ve hammadde tasarrufu sa\u011flar ve ayr\u0131ca israf\u0131 \u00f6nlemeye yard\u0131mc\u0131 olur.<\/p><p>\u00a0<\/p><p>Etkinliklerde ve konferanslarda engelsiz ileti\u015fimi daha da te\u015fvik eden ek teknolojiler sunuyoruz. Bunlar aras\u0131nda i\u015fitme engelliler i\u00e7in teknoloji (ind\u00fcksiyon teknolojisi), i\u015faret dili terc\u00fcmanl\u0131\u011f\u0131, g\u00f6rme engelliler i\u00e7in sesli betimleme, yaz\u0131l\u0131 terc\u00fcme veya kolay dile terc\u00fcme yer almaktad\u0131r. Dil engelleri ise sunulan simultane terc\u00fcme hizmetleriyle a\u015f\u0131lmaktad\u0131r.<\/p><p>\u00a0<\/p><p>Kulakl\u0131k pedlerimiz ve mikrofon eklentilerimiz i\u00e7in tek kullan\u0131ml\u0131k \u00fcr\u00fcnler yerine y\u0131kanabilir malzemeler kullan\u0131yor ve bunlar\u0131 engellilere y\u00f6nelik at\u00f6lyelerde hijyenik olarak i\u015fletiyoruz.<\/p><p>\u00a0<\/p><p>M\u00fcmk\u00fcn olan her yerde \u2013 \u015farj edilebilir piller kullan\u0131yoruz. Pilleri uygun \u015fekilde imha ediyor ve geri d\u00f6n\u00fc\u015ft\u00fcr\u00fclmelerini sa\u011fl\u0131yoruz ve bu ama\u00e7la profesyonel bir geri d\u00f6n\u00fc\u015f\u00fcm sistemine ba\u011fl\u0131y\u0131z.<\/p><p>\u00a0<\/p><p>Ofislerimiz ve operasyonlar\u0131m\u0131z i\u00e7in temizlik maddeleri ve sarf malzemelerini \u00f6ncelikle s\u00fcrd\u00fcr\u00fclebilir, sertifikal\u0131 tedarik\u00e7ilerden temin ediyoruz.<\/p><p>\u00a0<\/p><p>Sertifikal\u0131 ka\u011f\u0131ttan \u00fcretilen bas\u0131l\u0131 \u00fcr\u00fcnlerimiz var ve\/veya \u00fcretim i\u00e7in CO<sub>2<\/sub> telafisi sunuyoruz. Dijital, ka\u011f\u0131ts\u0131z s\u00fcre\u00e7lere g\u00fcveniyoruz.<\/p>\t\t\t\t\t\t\t\t<\/div>\n\t\t\t\t<\/div>\n\t\t\t\t<div class=\"elementor-element elementor-element-7961e7b elementor-widget elementor-widget-heading\" data-id=\"7961e7b\" data-element_type=\"widget\" data-widget_type=\"heading.default\">\n\t\t\t\t<div class=\"elementor-widget-container\">\n\t\t\t\t\t<h3 class=\"elementor-heading-title elementor-size-default\">Hayat, i\u015f, birliktelik<\/h3>\t\t\t\t<\/div>\n\t\t\t\t<\/div>\n\t\t\t\t<div class=\"elementor-element elementor-element-f121ca3 elementor-widget elementor-widget-text-editor\" data-id=\"f121ca3\" data-element_type=\"widget\" data-widget_type=\"text-editor.default\">\n\t\t\t\t<div class=\"elementor-widget-container\">\n\t\t\t\t\t\t\t\t\t<p>\u00c7al\u0131\u015fanlar\u0131m\u0131z\u0131n cinsiyeti, k\u00f6keni veya dini ne olursa olsun e\u015fit haklara sahip olmas\u0131 ve e\u015fit muamele g\u00f6rmesi en \u00f6nemli \u00f6nceli\u011fimizdir.<\/p><p>\u00a0<\/p><p>\u00d6nleme, sa\u011fl\u0131k alan\u0131nda \u00f6nemli bir rol oynamaktad\u0131r. T\u00fcm \u00e7al\u0131\u015fanlar\u0131m\u0131za ergonomik olarak tasarlanm\u0131\u015f i\u015f istasyonlar\u0131 sa\u011fl\u0131yoruz. T\u00fcm \u015fubelerde \u00fccretsiz i\u00e7ecekler mevcuttur.<\/p><p>\u00a0<\/p><p>\u0130\u015f g\u00fcvenli\u011fi bizim i\u00e7in en \u00f6nemli \u00f6nceliktir. T\u00fcm \u00e7al\u0131\u015fanlara, \u00e7al\u0131\u015fma alanlar\u0131na ba\u011fl\u0131 olarak ki\u015fisel koruyucu ekipman verilir. T\u00fcm \u00e7al\u0131\u015fanlar kaza \u00f6nleme, ara\u00e7 kullanma ve i\u015f g\u00fcvenli\u011fi alanlar\u0131nda g\u00fcvenlik e\u011fitimi al\u0131r. Bu e\u011fitimler her y\u0131l yenilenmektedir.<\/p><p>\u00a0<\/p><p>Aile ve kariyeri uyumla\u015ft\u0131rmak ve seyahat s\u00fcrelerini azaltmak i\u00e7in esnek bir \u015fekilde \u00e7al\u0131\u015f\u0131yor ve m\u00fcmk\u00fcn olan her yerde mobil \u00e7al\u0131\u015fmaya olanak tan\u0131yoruz.<\/p><p>\u00a0<\/p><p>T\u00fcm \u00e7al\u0131\u015fanlar\u0131m\u0131za ek \u015firket sa\u011fl\u0131k sigortas\u0131 ve \u015firket emeklilik plan\u0131 gibi ek avantajlar sunuyoruz. Ayr\u0131ca toplu ta\u015f\u0131ma masraflar\u0131na katk\u0131da bulunuyor ve \u015firket bisikleti kullanma f\u0131rsat\u0131 sunuyoruz.<\/p><p>\u00a0<\/p><p>Ortak etkinlikler ve \u00f6\u011fle yemekleri d\u00fczenleyerek \u015firket i\u00e7inde birlikteli\u011fi te\u015fvik ediyoruz. \u015eirketin ba\u015far\u0131s\u0131 i\u00e7in birlikte \u00e7al\u0131\u015f\u0131yoruz. Haftal\u0131k toplant\u0131larda, \u00e7al\u0131\u015fma gruplar\u0131nda ve her bir departmandaki \u00f6zel ekiplerde t\u00fcm \u00e7al\u0131\u015fanlara \u015firket s\u00fcre\u00e7lerine dahil olma, deneyimlerini payla\u015fma ve bilgi al\u0131\u015fveri\u015finde bulunma f\u0131rsat\u0131 verilir. D\u00fcz bir hiyerar\u015fiye sahibiz ve tart\u0131\u015fmalar ve \u00f6neriler i\u00e7in her zaman haz\u0131r\u0131z.<\/p>\t\t\t\t\t\t\t\t<\/div>\n\t\t\t\t<\/div>\n\t\t\t\t<div class=\"elementor-element elementor-element-4528784 elementor-widget elementor-widget-heading\" data-id=\"4528784\" data-element_type=\"widget\" data-widget_type=\"heading.default\">\n\t\t\t\t<div class=\"elementor-widget-container\">\n\t\t\t\t\t<h3 class=\"elementor-heading-title elementor-size-default\">E\u011fitim ve ileri e\u011fitim\n<\/h3>\t\t\t\t<\/div>\n\t\t\t\t<\/div>\n\t\t\t\t<div class=\"elementor-element elementor-element-baed398 elementor-widget elementor-widget-text-editor\" data-id=\"baed398\" data-element_type=\"widget\" data-widget_type=\"text-editor.default\">\n\t\t\t\t<div class=\"elementor-widget-container\">\n\t\t\t\t\t\t\t\t\t<p>T\u00fcm \u00e7al\u0131\u015fanlar\u0131m\u0131z\u0131 e\u011fitim ve ileri e\u011fitim f\u0131rsatlar\u0131 ile destekliyoruz. Sorumluluk alan\u0131na ba\u011fl\u0131 olarak, \u00f6rne\u011fin usta zanaatkar olarak bir yeterlilik, bir e\u011fitim lisans\u0131, bir kamyon ehliyeti, daha ileri BT e\u011fitimi, \u00e7e\u015fitli sertifikalar ve \u00e7ok daha fazlas\u0131n\u0131 i\u00e7erir. Ayr\u0131ca her y\u0131l a\u015fa\u011f\u0131daki meslekler i\u00e7in \u00e7\u0131rakl\u0131k e\u011fitimleri sunuyoruz:<\/p><p>\u00a0<\/p><ul><li>Etkinlik teknolojisi uzman\u0131 (e\/k\/d)<\/li><li>Etkinlik y\u00f6netimi asistan\u0131 (e\/k\/d)<\/li><li>Depo lojistik uzman\u0131 (e\/k\/d)<\/li><\/ul>\t\t\t\t\t\t\t\t<\/div>\n\t\t\t\t<\/div>\n\t\t\t\t<div class=\"elementor-element elementor-element-17b60af elementor-widget elementor-widget-heading\" data-id=\"17b60af\" data-element_type=\"widget\" data-widget_type=\"heading.default\">\n\t\t\t\t<div class=\"elementor-widget-container\">\n\t\t\t\t\t<h2 class=\"elementor-heading-title elementor-size-default\">PCS GmbH'nin s\u00fcrd\u00fcr\u00fclebilirlik hedeflerini indirin<\/h2>\t\t\t\t<\/div>\n\t\t\t\t<\/div>\n\t\t\t\t<div class=\"elementor-element elementor-element-ed58116 elementor-widget elementor-widget-text-editor\" data-id=\"ed58116\" data-element_type=\"widget\" data-widget_type=\"text-editor.default\">\n\t\t\t\t<div class=\"elementor-widget-container\">\n\t\t\t\t\t\t\t\t\t<p>S\u00fcrd\u00fcr\u00fclebilirlik hedeflerimizi buradan indirebilirsiniz:<\/p>\t\t\t\t\t\t\t\t<\/div>\n\t\t\t\t<\/div>\n\t\t\t\t<div class=\"elementor-element elementor-element-5e63271 elementor-widget elementor-widget-button\" data-id=\"5e63271\" data-element_type=\"widget\" data-widget_type=\"button.default\">\n\t\t\t\t<div class=\"elementor-widget-container\">\n\t\t\t\t\t\t\t\t\t<div class=\"elementor-button-wrapper\">\n\t\t\t\t\t<a class=\"elementor-button elementor-button-link elementor-size-sm elementor-animation-grow\" href=\"https:\/\/konferenztechnik.de\/wp-content\/uploads\/2023\/12\/Nachhaltigkeitsziele_der_PCS_GmbH.pdf\" target=\"_blank\">\n\t\t\t\t\t\t<span class=\"elementor-button-content-wrapper\">\n\t\t\t\t\t\t\t\t\t<span class=\"elementor-button-text\">\u015eimdi indirin<\/span>\n\t\t\t\t\t<\/span>\n\t\t\t\t\t<\/a>\n\t\t\t\t<\/div>\n\t\t\t\t\t\t\t\t<\/div>\n\t\t\t\t<\/div>\n\t\t\t\t<div class=\"elementor-element elementor-element-200eb36 elementor-widget elementor-widget-heading\" data-id=\"200eb36\" data-element_type=\"widget\" data-widget_type=\"heading.default\">\n\t\t\t\t<div class=\"elementor-widget-container\">\n\t\t\t\t\t<h2 class=\"elementor-heading-title elementor-size-default\">S\u00fcrd\u00fcr\u00fclebilirlik irtibat ki\u015fisi<\/h2>\t\t\t\t<\/div>\n\t\t\t\t<\/div>\n\t\t\t\t<div class=\"elementor-element elementor-element-1810040 elementor-widget elementor-widget-text-editor\" data-id=\"1810040\" data-element_type=\"widget\" data-widget_type=\"text-editor.default\">\n\t\t\t\t<div class=\"elementor-widget-container\">\n\t\t\t\t\t\t\t\t\t<p>S\u00fcrd\u00fcr\u00fclebilirlik konusunda herhangi bir sorunuz varsa, l\u00fctfen benimle ileti\u015fime ge\u00e7mekten \u00e7ekinmeyin.<\/p><p><span class=\"medium-size-txt\">J\u00f6rg Peschka<br \/><a href=\"tel:+493069596900\"><b>030 6959690 0<\/b><\/a><br \/><span class=\"volleansicht\"><a href=\"mailto:peschka@konferenztechnik.de\">peschka@konferenztechnik.de<\/a><\/span><\/span><\/p>\t\t\t\t\t\t\t\t<\/div>\n\t\t\t\t<\/div>\n\t\t\t\t\t<\/div>\n\t\t\t\t<\/div>\n\t\t\t\t\t<\/div>\n\t\t\t\t<\/div>\n\t\t\t\t<\/div>","protected":false},"excerpt":{"rendered":"<p>Nachhaltigkeit und Verantwortung Wir sind als nachhaltiges Unternehmen und Sustainable Meeting Partner zertifiziert. Nachhaltiges Handeln und Wirtschaften betrifft nicht nur die Umwelt, sondern Themen aus unterschiedlichen Bereichen. \u00a0 Wir setzen bei PCS auf das Vier-S\u00e4ulen-Modell der nachhaltigen Entwicklung. Das Vier-S\u00e4ulen-Modell der nachhaltigen Entwicklung geht von der Vorstellung aus, dass diese Entwicklung nur durch das gleichzeitige [&hellip;]<\/p>","protected":false},"author":1,"featured_media":45482,"parent":0,"menu_order":0,"comment_status":"closed","ping_status":"closed","template":"","meta":{"_acf_changed":false,"footnotes":""},"class_list":["post-19439","page","type-page","status-publish","has-post-thumbnail","hentry"],"acf":[],"_links":{"self":[{"href":"https:\/\/konferenztechnik.de\/tr\/wp-json\/wp\/v2\/pages\/19439","targetHints":{"allow":["GET"]}}],"collection":[{"href":"https:\/\/konferenztechnik.de\/tr\/wp-json\/wp\/v2\/pages"}],"about":[{"href":"https:\/\/konferenztechnik.de\/tr\/wp-json\/wp\/v2\/types\/page"}],"author":[{"embeddable":true,"href":"https:\/\/konferenztechnik.de\/tr\/wp-json\/wp\/v2\/users\/1"}],"replies":[{"embeddable":true,"href":"https:\/\/konferenztechnik.de\/tr\/wp-json\/wp\/v2\/comments?post=19439"}],"version-history":[{"count":0,"href":"https:\/\/konferenztechnik.de\/tr\/wp-json\/wp\/v2\/pages\/19439\/revisions"}],"wp:featuredmedia":[{"embeddable":true,"href":"https:\/\/konferenztechnik.de\/tr\/wp-json\/wp\/v2\/media\/45482"}],"wp:attachment":[{"href":"https:\/\/konferenztechnik.de\/tr\/wp-json\/wp\/v2\/media?parent=19439"}],"curies":[{"name":"wp","href":"https:\/\/api.w.org\/{rel}","templated":true}]}}