{"id":20181,"date":"2022-11-16T10:08:18","date_gmt":"2022-11-16T09:08:18","guid":{"rendered":"https:\/\/www.konferenztechnik.de\/?page_id=20181"},"modified":"2023-08-28T15:41:32","modified_gmt":"2023-08-28T13:41:32","slug":"ofis-hizmet-calisani-m-f-d-araniyor","status":"publish","type":"page","link":"https:\/\/konferenztechnik.de\/tr\/kariyer\/ofis-hizmet-calisani-m-f-d-araniyor\/","title":{"rendered":"Ofis hizmetleri \u00e7al\u0131\u015fan\u0131 (e\/k\/d) aran\u0131yor"},"content":{"rendered":"<div class=\"center-box-medium\">\n<h1><strong>Ofis hizmetleri \u00e7al\u0131\u015fan\u0131 (e\/k\/d) aran\u0131yor (Berlin)<\/strong><\/h1>\n<p>Toplant\u0131 ve konferanslardan \u00f6nce ve sonra ofisimizi ve terc\u00fcme st\u00fcdyolar\u0131m\u0131z\u0131 d\u00fczenlemek i\u00e7in bir ofis hizmeti \u00e7al\u0131\u015fan\u0131 (d \/ w \/ m) ar\u0131yoruz. Esnek \u00e7al\u0131\u015fma saatleri ile haftada 3 g\u00fcn 2 \u2013 istihdam ar\u0131yoruz.<\/p>\n<p>[spacer size=\"20\u2033]<\/p>\n<h2><strong>G\u00f6revlerden bir se\u00e7ki<\/strong><\/h2>\n<ul>\n<li>Toplant\u0131 ve konferans salonlar\u0131n\u0131n haz\u0131rlanmas\u0131 ve takibi<\/li>\n<li>B\u00fcfe ve ikram haz\u0131rl\u0131\u011f\u0131na yard\u0131m<\/li>\n<li>Sarf malzemelerinin doldurulmas\u0131<\/li>\n<li>Mutfak, tuvaletler ve ortak alanlar gibi yo\u011fun trafi\u011fe sahip m\u00fcnferit alanlar\u0131n ek temizli\u011fi (temel temizlik bir temizlik hizmeti taraf\u0131ndan haftal\u0131k olarak ger\u00e7ekle\u015ftirilir)<\/li>\n<\/ul>\n<p>[spacer size=\"20\u2033]<\/p>\n<h2><strong>Profiliniz<\/strong><\/h2>\n<ul>\n<li>G\u00fcler y\u00fczl\u00fc ve yard\u0131msever \u00e7al\u0131\u015fma \u015fekli<\/li>\n<li>\u0130yi organizasyon becerilerine ve eldeki g\u00f6revler i\u00e7in iyi bir g\u00f6ze sahipsiniz<\/li>\n<li>Almanca dil becerileri<\/li>\n<\/ul>\n<p>[spacer size=\"20\u2033]<\/p>\n<h2><strong>Ne sunuyoruz<\/strong><\/h2>\n<ul>\n<li>510\u20ac baz\u0131nda adil bir \u00fccretle kal\u0131c\u0131 bir pozisyon<\/li>\n<li>Harika ve arkada\u015f canl\u0131s\u0131 bir ekip<\/li>\n<li>D\u00fcz hiyerar\u015filer ve k\u0131sa karar alma s\u00fcre\u00e7leri<\/li>\n<li>Merkezi konumda, modern bir i\u015fyeri<\/li>\n<li>\u00c7al\u0131\u015fma saatlerinin serbest\u00e7e d\u00fczenlenmesi<\/li>\n<\/ul>\n<p>[spacer size=\"20\u2033]<\/p>\n<h2>\u015eimdi ba\u015fvurun<\/h2>\n<p>Ba\u015fvurunuzu almak i\u00e7in sab\u0131rs\u0131zlan\u0131yoruz! Bize bir e-posta g\u00f6ndermeniz yeterlidir:<\/p>\n<p>Gunnar Hermenau<br \/>\n<a href=\"mailto:hermenau@konferenztechnik.de\">hermenau@konferenztechnik.de<\/a><\/p>\n<p>\u00d6zel bir \u00f6n yaz\u0131 talep etmiyoruz, CV ve referanslar iste\u011fe ba\u011fl\u0131d\u0131r.<\/p>\n<p>Ba\u015fka sorular\u0131n\u0131z varsa, l\u00fctfen Gunnar Hermenau ile ileti\u015fime ge\u00e7in: <a href=\"tel:+4930695969014\">030 6959690 14<\/a> ya da e-posta yoluyla.<\/p>\n<\/div>","protected":false},"excerpt":{"rendered":"<p>B\u00fcro Servicekraft (m\/w\/d) gesucht (Berlin) Wir suchen eine B\u00fcro Servicekraft (d\/w\/m) f\u00fcr die Organisation unseres B\u00fcros und unserer Dolmetschstudios vor und nach Meetings und Konferenzen. Wir gehen von einer Besch\u00e4ftigung von 2 &#8211; 3 Tagen die Woche mit flexiblen Arbeitszeiten aus. [spacer size=&#8220;20&#8243;] Eine Auswahl an Aufgaben Vor- und Nachbereitung von Meeting- und Konferenzr\u00e4umen Hilfe [&hellip;]<\/p>","protected":false},"author":1,"featured_media":45482,"parent":5827,"menu_order":0,"comment_status":"closed","ping_status":"closed","template":"","meta":{"_acf_changed":false,"footnotes":""},"class_list":["post-20181","page","type-page","status-publish","has-post-thumbnail","hentry"],"acf":[],"_links":{"self":[{"href":"https:\/\/konferenztechnik.de\/tr\/wp-json\/wp\/v2\/pages\/20181","targetHints":{"allow":["GET"]}}],"collection":[{"href":"https:\/\/konferenztechnik.de\/tr\/wp-json\/wp\/v2\/pages"}],"about":[{"href":"https:\/\/konferenztechnik.de\/tr\/wp-json\/wp\/v2\/types\/page"}],"author":[{"embeddable":true,"href":"https:\/\/konferenztechnik.de\/tr\/wp-json\/wp\/v2\/users\/1"}],"replies":[{"embeddable":true,"href":"https:\/\/konferenztechnik.de\/tr\/wp-json\/wp\/v2\/comments?post=20181"}],"version-history":[{"count":0,"href":"https:\/\/konferenztechnik.de\/tr\/wp-json\/wp\/v2\/pages\/20181\/revisions"}],"up":[{"embeddable":true,"href":"https:\/\/konferenztechnik.de\/tr\/wp-json\/wp\/v2\/pages\/5827"}],"wp:featuredmedia":[{"embeddable":true,"href":"https:\/\/konferenztechnik.de\/tr\/wp-json\/wp\/v2\/media\/45482"}],"wp:attachment":[{"href":"https:\/\/konferenztechnik.de\/tr\/wp-json\/wp\/v2\/media?parent=20181"}],"curies":[{"name":"wp","href":"https:\/\/api.w.org\/{rel}","templated":true}]}}